{"id":7210,"date":"2024-07-10T21:21:20","date_gmt":"2024-07-10T19:21:20","guid":{"rendered":"https:\/\/vacation-morocco.com\/?page_id=7210"},"modified":"2026-03-20T04:17:53","modified_gmt":"2026-03-20T03:17:53","slug":"condizioni-generali","status":"publish","type":"page","link":"https:\/\/vacation-morocco.com\/it\/condizioni-generali\/","title":{"rendered":"Condizioni generali"},"content":{"rendered":"<div class=\"brz-root__container brz-reset-all brz brz-root__container-page\">\n<section id=\"_tiJa6dYOekvS\" class=\"brz-section brz-css-1dvnuti\">\n<div class=\"brz-section__content brz-section--boxed brz-css-1mbfblj brz-css-5u3hzt\" data-brz-custom-id=\"oAPKbRS9ueUg\">\n<div class=\"brz-bg\">\n<div class=\"brz-bg-image\"><\/div>\n<\/div>\n<div class=\"brz-container brz-css-1w7bmhf\">\n<div class=\"brz-row__container brz-css-46cyqx\" data-brz-custom-id=\"oHmxhGIW3NPt\">\n<div class=\"brz-bg\"><\/div>\n<div class=\"brz-row brz-css-1mzilhf brz-css-d21kv3\">\n<div class=\"brz-columns brz-css-1200vll brz-css-eo08z8\" data-brz-custom-id=\"uZBaNVzg5pmR\">\n<div class=\"brz-bg\"><\/div>\n<div class=\"brz-column__items brz-css-1j93lxq\">\n<div id=\"\" class=\"brz-css-15xsv9c brz-wrapper\">\n<div class=\"brz-rich-text brz-rich-text__custom brz-css-42oq96\" data-brz-custom-id=\"kPNCbnoJzbq1\">\n<div data-brz-translate-text=\"1\">\n<h1 class=\"brz-tp-lg-heading1 brz-text-xs-center brz-ff-roboto brz-ft-google brz-fs-lg-66 brz-fss-lg-px brz-fw-lg-900 brz-ls-lg-0 brz-lh-lg-1_3 brz-text-lg-center brz-css-vysZV\" data-uniq-id=\"tNsz9\" data-generated-css=\"brz-css-hvsdg\"><span class=\"brz-cp-color3\">Termini e condizioni generali <\/span><\/h1>\n<\/div>\n<\/div>\n<\/div>\n<div id=\"\" class=\"brz-css-15xsv9c brz-wrapper\">\n<div class=\"brz-rich-text brz-rich-text__custom brz-css-42oq96\" data-brz-custom-id=\"u7SB1Yn9wUcr\">\n<div data-brz-translate-text=\"1\">\n<h2 class=\"brz-tp-lg-heading2 brz-text-xs-center brz-text-lg-center brz-ff-roboto brz-ft-google brz-fs-lg-20 brz-fss-lg-px brz-fw-lg-400 brz-ls-lg-0 brz-lh-lg-1_6 brz-css-wg867\" data-uniq-id=\"ig5yo\" data-generated-css=\"brz-css-imkIn\"><span style=\"opacity: 1\" class=\"brz-cp-color8\">Qui potete trovare tutto ci\u00f2 che \u00e8 importante.<\/span><\/h2>\n<\/div>\n<\/div>\n<\/div>\n<\/div>\n<\/div>\n<\/div>\n<\/div>\n<div id=\"\" class=\"brz-css-15xsv9c brz-css-of0en1 brz-css-1l1offk brz-wrapper\">\n<div class=\"brz-spacer brz-css-1joad3k brz-css-1ehihs0\"><\/div>\n<\/div>\n<\/div>\n<\/div>\n<\/section>\n<section id=\"_uzwts6P6hawx\" class=\"brz-section brz-css-1dvnuti\">\n<div class=\"brz-section__content brz-section--boxed brz-css-1mbfblj brz-css-7pz0jf\" data-brz-custom-id=\"rIjZNhHAos0P\">\n<div class=\"brz-container brz-css-1w7bmhf\">\n<div id=\"\" class=\"brz-css-15xsv9c brz-wrapper\">\n<div class=\"brz-rich-text brz-rich-text__custom brz-css-42oq96\" data-brz-custom-id=\"nikxLJZarK0E\">\n<div data-brz-translate-text=\"1\">\n<p class=\"brz-tp-lg-paragraph brz-css-upQsD\" data-generated-css=\"brz-css-nJU4v\" data-uniq-id=\"buTGu\">Atar Travel&amp;Transport<\/p>\n<p class=\"brz-tp-lg-paragraph brz-css-dm4j4\" data-generated-css=\"brz-css-sgmot\" data-uniq-id=\"dCkVE\">Heuwinkelstrasse 15<\/p>\n<p class=\"brz-tp-lg-paragraph brz-css-bMuhh\" data-generated-css=\"brz-css-bCNDa\" data-uniq-id=\"uyQz7\">4123 Allschwil<\/p>\n<p class=\"brz-tp-lg-paragraph brz-css-wH8Ij\" data-generated-css=\"brz-css-b1_k4\" data-uniq-id=\"rDk4H\">Schweiz<\/p>\n<p class=\"brz-tp-lg-paragraph brz-css-gsnpJ\" data-generated-css=\"brz-css-n9tog\" data-uniq-id=\"t2HtB\"><strong>E-Mail<\/strong>: info@vacation-morocco.com<\/p>\n<p class=\"brz-tp-lg-paragraph brz-css-qI8xB\" data-generated-css=\"brz-css-oWDM0\" data-uniq-id=\"fmDJ4\"><strong> <\/strong><\/p>\n<h3 class=\"brz-tp-lg-heading3 brz-css-yLYn5\" data-generated-css=\"brz-css-aHooR\" data-uniq-id=\"ryMOs\"><strong>Condizioni generali di Atar Travel&amp;Transport<\/strong><\/h3>\n<p class=\"brz-tp-lg-paragraph brz-css-c2n0W\" data-generated-css=\"brz-css-wBkYD\" data-uniq-id=\"w0AeW\"><\/p>\n<p class=\"brz-tp-lg-paragraph brz-css-wX9tG\" data-generated-css=\"brz-css-uY_RT\" data-uniq-id=\"k8olK\"><strong>1. Ambito di applicazione<\/strong><\/p>\n<p class=\"brz-tp-lg-paragraph brz-css-mnwiB\" data-generated-css=\"brz-css-tiApj\" data-uniq-id=\"cauPY\">Le presenti Condizioni generali di contratto (&#8220;CG&#8221;) si applicano all&#8217;intero settore di attivit\u00e0 di Atar Travel&amp;Transport (di seguito &#8220;Azienda&#8221;).<\/p>\n<p class=\"brz-tp-lg-paragraph brz-css-xsr4Z\" data-generated-css=\"brz-css-l889B\" data-uniq-id=\"yoUSF\"><\/p>\n<p class=\"brz-tp-lg-paragraph brz-css-doQj5\" data-generated-css=\"brz-css-chHfJ\" data-uniq-id=\"zFfHr\"><strong>2. Conclusione del contratto<\/strong><\/p>\n<p class=\"brz-tp-lg-paragraph brz-css-l1c3V\" data-generated-css=\"brz-css-mEpke\" data-uniq-id=\"uRJV0\">Il contratto si conclude quando il cliente accetta l&#8217;offerta di acquisto di servizi da parte dell&#8217;azienda. Il contratto si conclude in ogni caso quando il cliente usufruisce dei servizi offerti dall&#8217;azienda.<\/p>\n<p class=\"brz-tp-lg-paragraph brz-css-gqhoF\" data-generated-css=\"brz-css-jjI0A\" data-uniq-id=\"zjoUr\"><\/p>\n<p class=\"brz-tp-lg-paragraph brz-css-n8ejl\" data-generated-css=\"brz-css-wWdpn\" data-uniq-id=\"agGDk\"><strong>3. Prezzi<\/strong><\/p>\n<p class=\"brz-tp-lg-paragraph brz-css-wlB5f\" data-generated-css=\"brz-css-nFC0u\" data-uniq-id=\"ubCdk\">Se non diversamente indicato, tutti i prezzi sono espressi in franchi svizzeri (CHF). Tutti i prezzi sono comprensivi dell&#8217;imposta sul valore aggiunto (IVA) applicabile. I prezzi sono al netto di qualsiasi altra imposta applicabile. La societ\u00e0 si riserva il diritto di modificare i prezzi in qualsiasi momento. Si applicano i prezzi validi al momento della stipula del contratto. Se \u00e8 stata concordata una commissione, questa \u00e8 dovuta all&#8217;adempimento degli obblighi da parte dell&#8217;azienda. Il fatto che il cliente finale paghi o meno il cliente non ha alcuna influenza sulla maturazione e sulla scadenza della commissione; il fattore decisivo \u00e8 l&#8217;adempimento degli obblighi da parte dell&#8217;azienda.<\/p>\n<p class=\"brz-tp-lg-paragraph brz-css-aH_ZQ\" data-generated-css=\"brz-css-i5R59\" data-uniq-id=\"dwylz\"><\/p>\n<p class=\"brz-tp-lg-paragraph brz-css-nKSY3\" data-generated-css=\"brz-css-lZVia\" data-uniq-id=\"i8AhO\"><strong>4. Pagamento<\/strong><\/p>\n<p class=\"brz-tp-lg-paragraph brz-css-tJki_\" data-generated-css=\"brz-css-xifsf\" data-uniq-id=\"dg_fu\">L&#8217;azienda offre al cliente le seguenti opzioni di pagamento: Fattura, carta di credito, PayPal, acconto. Il cliente \u00e8 tenuto a pagare l&#8217;importo fatturato entro 30 (trenta) giorni dalla data della fattura. Se la fattura non viene pagata entro il suddetto termine di pagamento, il cliente sar\u00e0 automaticamente in mora. A partire dal momento della mora, il cliente dovr\u00e0 corrispondere interessi di mora pari al 5% (cinque per cento).<\/p>\n<p class=\"brz-tp-lg-paragraph brz-css-fVl2i\" data-generated-css=\"brz-css-ggj5Z\" data-uniq-id=\"u8FeT\">L&#8217;azienda si riserva il diritto di richiedere il pagamento anticipato in qualsiasi momento senza fornire motivazioni. L&#8217;importo della fattura non pu\u00f2 essere compensato con eventuali crediti del cliente nei confronti dell&#8217;azienda. Se l&#8217;importo dell&#8217;ordine \u00e8 elevato, l&#8217;azienda pu\u00f2 richiedere al cliente un acconto. La Societ\u00e0 ha il diritto di rifiutare la consegna o la fornitura di servizi in caso di ritardo nel pagamento.<\/p>\n<p class=\"brz-tp-lg-paragraph brz-css-zljZk\" data-generated-css=\"brz-css-hSyFL\" data-uniq-id=\"bFzsW\"><\/p>\n<p class=\"brz-tp-lg-paragraph brz-css-pb2Kc\" data-generated-css=\"brz-css-lZmPB\" data-uniq-id=\"bp1tj\"><strong>5. Limiti di et\u00e0<\/strong><\/p>\n<p class=\"brz-tp-lg-paragraph brz-css-uA5Wa\" data-generated-css=\"brz-css-aWqdG\" data-uniq-id=\"oFbga\">Accettando le presenti CGV, il cliente conferma di soddisfare il limite di et\u00e0 richiesto per ricevere i servizi offerti dalla societ\u00e0.<\/p>\n<p class=\"brz-tp-lg-paragraph brz-css-wKING\" data-generated-css=\"brz-css-jOanb\" data-uniq-id=\"nz9Ie\"><\/p>\n<p class=\"ql-align-justify brz-tp-lg-paragraph brz-css-qdDvs\" data-generated-css=\"brz-css-zyfWT\" data-uniq-id=\"lCkte\"><strong>6. Obligations of the company<\/strong><\/p>\n<p class=\"ql-align-justify brz-tp-lg-paragraph brz-css-mOA7C\" data-generated-css=\"brz-css-jbZyx\" data-uniq-id=\"p3OKv\">6.1 Provision of services<\/p>\n<p class=\"ql-align-justify brz-tp-lg-paragraph brz-css-cZb9i\" data-generated-css=\"brz-css-p2mnQ\" data-uniq-id=\"ti1Ci\">Unless otherwise agreed, the Company shall fulfill its obligation by providing the agreed service. If no other provisions are agreed, the place of performance shall be the registered office of the company.<\/p>\n<p class=\"ql-align-justify brz-tp-lg-paragraph brz-css-cwJat\" data-generated-css=\"brz-css-bA7QI\" data-uniq-id=\"jCGuN\">\n<p class=\"ql-align-justify brz-tp-lg-paragraph brz-css-a6ARU\" data-generated-css=\"brz-css-qtcau\" data-uniq-id=\"oEugJ\">6.2 Auxiliary persons<\/p>\n<p class=\"ql-align-justify brz-tp-lg-paragraph brz-css-py1OY\" data-generated-css=\"brz-css-wBRL1\" data-uniq-id=\"sKw2U\">The parties have the express right to engage auxiliary persons to perform their contractual duties. They must ensure that the auxiliary person is engaged in compliance with all mandatory statutory provisions and any collective labor agreements.<\/p>\n<p class=\"brz-tp-lg-paragraph ql-align-justify brz-css-kzIW7\" data-generated-css=\"brz-css-cAPkN\" data-uniq-id=\"yLgce\">\n<p class=\"brz-tp-lg-paragraph ql-align-justify brz-css-lrrt3\" data-generated-css=\"brz-css-vjhqq\" data-uniq-id=\"ytN5Z\"><strong>7. Obblighi del cliente<\/strong><\/p>\n<p class=\"brz-tp-lg-paragraph ql-align-justify brz-css-s8wP5\" data-generated-css=\"brz-css-ic9AY\" data-uniq-id=\"wqGBZ\">Il cliente \u00e8 tenuto a prendere immediatamente tutte le disposizioni necessarie per la fornitura del servizio da parte della societ\u00e0. Il cliente deve prendere le disposizioni nel luogo concordato, al momento concordato e nella misura concordata. A seconda delle circostanze, ci\u00f2 pu\u00f2 includere la fornitura di informazioni adeguate e la consegna di documenti alla Societ\u00e0.<\/p>\n<p class=\"brz-tp-lg-paragraph ql-align-justify brz-css-vZcsb\" data-generated-css=\"brz-css-ksAv_\" data-uniq-id=\"zmTcG\">Il cliente \u00e8 responsabile nei confronti della Societ\u00e0 della correttezza delle informazioni richieste su di s\u00e9 e su eventuali terzi e deve farsi carico di tutte le conseguenze di eventuali errori. Il cliente \u00e8 consapevole che nei casi in cui la Societ\u00e0 agisce solo come intermediario, egli stipula il contratto con il terzo (compagnia aerea, tour operator, ecc.) e si applicano i suoi termini e condizioni. Per i servizi forniti da altri tour operator o fornitori di servizi, la societ\u00e0 agisce solo come agente, ma non come partner contrattuale; si applicano le loro condizioni contrattuali e di viaggio. Se il cliente non \u00e8 in grado di iniziare il viaggio o di usufruire di un servizio per motivi non imputabili alla compagnia, deve informare immediatamente la compagnia per iscritto, indicandone il motivo. In questi casi verranno addebitati i costi di cancellazione. Per il calcolo dei costi di annullamento \u00e8 determinante la data di ricezione della lettera da parte dell&#8217;azienda. Inoltre, si applicano i costi di annullamento del rispettivo organizzatore e dell&#8217;azienda di trasporto prenotata. <\/p>\n<p class=\"ql-align-justify brz-tp-lg-paragraph brz-css-bk1_j\" data-generated-css=\"brz-css-n2OiO\" data-uniq-id=\"nF5jg\">\n<p class=\"ql-align-justify brz-tp-lg-paragraph brz-css-iBSNd\" data-generated-css=\"brz-css-axQ2u\" data-uniq-id=\"oO44R\">In linea di massima \u00e8 possibile modificare le prestazioni prenotate senza incorrere in spese se il parere del DFAE e\/o dell&#8217;UFSP sconsiglia il viaggio nella regione in questione. Tuttavia, se il DFAE e\/o l&#8217;UFSP non sconsigliano espressamente il viaggio nella regione prenotata, i costi ai sensi dei paragrafi seguenti sono immediatamente esigibili.<\/p>\n<p class=\"ql-align-justify brz-tp-lg-paragraph brz-css-t6Tn7\" data-generated-css=\"brz-css-asuu_\" data-uniq-id=\"huhTZ\">\n<p class=\"ql-align-justify brz-tp-lg-paragraph brz-css-cvcM0\" data-generated-css=\"brz-css-ysZBi\" data-uniq-id=\"uYbwy\">L&#8217;azienda ha il diritto di recedere dal contratto senza preavviso se l&#8217;esecuzione del viaggio viene interrotta in modo permanente nonostante un corrispondente avvertimento da parte del cliente. Lo stesso vale se si sospetta che il cliente abbia commesso un reato penale punibile con la reclusione secondo il diritto penale svizzero nel luogo di vacanza o durante il viaggio, o se il cliente ha agito in violazione del contratto in misura tale da giustificare l&#8217;immediata risoluzione del contratto. Tuttavia, la societ\u00e0 conserva il diritto al prezzo del viaggio. Eventuali costi aggiuntivi per il trasporto di ritorno come il perturbatore stesso. Tuttavia, al cliente saranno accreditate le spese risparmiate di conseguenza e i benefici ottenuti dai servizi non utilizzati, compresi i rimborsi da parte di altri fornitori di servizi. L&#8217;azienda esclude qualsiasi responsabilit\u00e0 per i servizi di terzi nella misura consentita dalla legge. <\/p>\n<p class=\"brz-tp-lg-paragraph brz-css-d7Ska\" data-generated-css=\"brz-css-p_Rf5\" data-uniq-id=\"xoM_D\"><\/p>\n<p class=\"brz-tp-lg-paragraph brz-css-dCzAJ\" data-generated-css=\"brz-css-pE8qM\" data-uniq-id=\"hcLkC\"><strong>8. Cancellazione degli appuntamenti<\/strong><\/p>\n<p class=\"brz-tp-lg-paragraph brz-css-bLxju\" data-generated-css=\"brz-css-wDSi6\" data-uniq-id=\"m8mEI\">In caso di appuntamenti concordati per la fornitura del servizio contrattuale, la cancellazione fino a 30 (trenta) giorni lavorativi prima dell&#8217;appuntamento \u00e8 gratuita. In caso di mancata o tardiva cancellazione sono dovuti i seguenti costi:<\/p>\n<p class=\"brz-tp-lg-paragraph brz-css-acug3\" data-generated-css=\"brz-css-rXp9I\" data-uniq-id=\"vqvE3\"><\/p>\n<p class=\"brz-tp-lg-paragraph brz-css-qZWjh\" data-generated-css=\"brz-css-mHWuA\" data-uniq-id=\"coxj6\"><strong>fino a 15 (quindici) giorni lavorativi prima dell&#8217;appuntamento 30% (trenta per cento) del prezzo concordato<\/strong><\/p>\n<p class=\"brz-tp-lg-paragraph brz-css-vXsdv\" data-generated-css=\"brz-css-n_kaP\" data-uniq-id=\"ji27M\"><strong>Fino a 14 (quattordici) giorni lavorativi prima dell&#8217;appuntamento 50% (cinquanta per cento) del prezzo concordato<\/strong><\/p>\n<p class=\"brz-tp-lg-paragraph brz-css-yFmdX\" data-generated-css=\"brz-css-du7Q_\" data-uniq-id=\"e7_uf\"><strong>Fino a 7 (sette) giorni lavorativi prima dell&#8217;appuntamento 100% (cento per cento) del prezzo pattuito.<\/strong><\/p>\n<p class=\"brz-tp-lg-paragraph brz-css-qNuOV\" data-generated-css=\"brz-css-hWZhX\" data-uniq-id=\"yZbAN\"><\/p>\n<p class=\"brz-tp-lg-paragraph brz-css-u204_\" data-generated-css=\"brz-css-rI_7J\" data-uniq-id=\"nGPCz\"><strong>9. Garanzia<\/strong><\/p>\n<p class=\"brz-tp-lg-paragraph brz-css-itnYm\" data-generated-css=\"brz-css-y7_Jl\" data-uniq-id=\"fx_sq\">L&#8217;azienda garantisce l&#8217;esecuzione dei servizi concordati con la qualit\u00e0 usuale nel settore.<\/p>\n<p class=\"brz-tp-lg-paragraph brz-css-yqHO6\" data-generated-css=\"brz-css-xlB4v\" data-uniq-id=\"anL5J\"><\/p>\n<p class=\"brz-tp-lg-paragraph brz-css-cWXwn\" data-generated-css=\"brz-css-qDEBe\" data-uniq-id=\"gc4cY\"><strong>10. Responsabilit\u00e0<\/strong><\/p>\n<p class=\"brz-tp-lg-paragraph brz-css-dOUKP\" data-generated-css=\"brz-css-o_jhK\" data-uniq-id=\"oUrni\">La responsabilit\u00e0 per eventuali danni indiretti e conseguenti \u00e8 completamente esclusa. La responsabilit\u00e0 per i danni diretti \u00e8 limitata al prezzo di vendita del prodotto\/servizio. Questa limitazione di responsabilit\u00e0 non si applica ai danni diretti causati da grave negligenza o dolo. Il cliente \u00e8 tenuto a segnalare immediatamente qualsiasi danno all&#8217;azienda. \u00c8 esclusa in toto qualsiasi responsabilit\u00e0 per le persone ausiliarie.<\/p>\n<p class=\"brz-tp-lg-paragraph brz-css-o_6nn\" data-generated-css=\"brz-css-uOmic\" data-uniq-id=\"mXEaY\">\n<p class=\"brz-tp-lg-paragraph brz-css-rFYfm\" data-generated-css=\"brz-css-pW8NV\" data-uniq-id=\"ywX8h\"><strong>11. Diritti di propriet\u00e0 intellettuale<\/strong><\/p>\n<p class=\"brz-tp-lg-paragraph brz-css-nZTNo\" data-generated-css=\"brz-css-ulcDe\" data-uniq-id=\"cTw0g\">L&#8217;azienda \u00e8 titolare di tutti i diritti sui prodotti, sui servizi e su eventuali marchi o \u00e8 autorizzata a utilizzarli dal proprietario.<\/p>\n<p class=\"brz-tp-lg-paragraph brz-css-sq4Jg\" data-generated-css=\"brz-css-hhlGC\" data-uniq-id=\"gJ4Ir\">N\u00e9 le presenti CGV n\u00e9 i singoli accordi associati prevedono il trasferimento di diritti di propriet\u00e0 intellettuale, a meno che ci\u00f2 non sia esplicitamente indicato. Inoltre, \u00e8 vietato qualsiasi ulteriore utilizzo, pubblicazione e messa a disposizione di informazioni, immagini, testi o altro che il cliente riceve in relazione alle presenti disposizioni, a meno che non sia esplicitamente autorizzato dall&#8217;azienda.<\/p>\n<p class=\"brz-tp-lg-paragraph brz-css-cZ_7v\" data-generated-css=\"brz-css-m9Pa7\" data-uniq-id=\"hceIK\">Se il cliente utilizza in relazione all&#8217;azienda contenuti, testi o materiale visivo su cui terzi hanno un diritto di propriet\u00e0, deve assicurarsi che non vengano violati i diritti di propriet\u00e0 di terzi. <\/p>\n<p class=\"brz-tp-lg-paragraph brz-css-l6UGV\" data-generated-css=\"brz-css-go3y4\" data-uniq-id=\"jxIPl\">\n<p class=\"brz-tp-lg-paragraph brz-css-edehz\" data-generated-css=\"brz-css-k0NDK\" data-uniq-id=\"jK8jx\"><strong>12. Protezione dei dati<\/strong><\/p>\n<p class=\"brz-tp-lg-paragraph brz-css-dGmlz\" data-generated-css=\"brz-css-x54IP\" data-uniq-id=\"l09DH\">La Societ\u00e0 pu\u00f2 elaborare e utilizzare i dati raccolti durante la conclusione del contratto per adempiere agli obblighi derivanti dal contratto stesso. La Societ\u00e0 adotter\u00e0 le misure necessarie per la protezione dei dati in conformit\u00e0 alle disposizioni di legge. Il cliente dichiara il suo pieno consenso alla memorizzazione e all&#8217;utilizzo contrattuale dei suoi dati da parte dell&#8217;azienda ed \u00e8 consapevole del fatto che l&#8217;azienda \u00e8 obbligata e autorizzata a divulgare le informazioni del cliente a questi o a terzi, qualora gli venga ordinato di farlo da tribunali o autorit\u00e0. Se il cliente non lo ha espressamente vietato, l&#8217;azienda pu\u00f2 utilizzare i dati per scopi di marketing. I dati necessari per l&#8217;adempimento dei servizi possono essere trasmessi anche a partner di servizio convenzionati o ad altri terzi.<\/p>\n<p class=\"brz-tp-lg-paragraph brz-css-xMDYP\" data-generated-css=\"brz-css-tI4kU\" data-uniq-id=\"scCg9\">\n<p class=\"brz-tp-lg-paragraph brz-css-dOASF\" data-generated-css=\"brz-css-odZ4G\" data-uniq-id=\"kKjxn\"><strong>13. Modifiche<\/strong><\/p>\n<p class=\"brz-tp-lg-paragraph brz-css-aPTEw\" data-generated-css=\"brz-css-qpVzy\" data-uniq-id=\"wYlH5\">Le presenti Condizioni Generali possono essere modificate dall&#8217;azienda in qualsiasi momento. La nuova versione entrer\u00e0 in vigore 30 (trenta) giorni dopo la sua pubblicazione sul sito web (www.vacation-morocco.com) da parte della Societ\u00e0. Ai clienti si applica la versione delle CGC in vigore al momento della conclusione del contratto. A meno che il cliente non abbia accettato una versione pi\u00f9 recente delle CGC.<\/p>\n<p class=\"brz-tp-lg-paragraph brz-css-xd4H2\" data-generated-css=\"brz-css-m7UHI\" data-uniq-id=\"i952S\">\n<p class=\"brz-tp-lg-paragraph brz-css-zSl4E\" data-generated-css=\"brz-css-um0mW\" data-uniq-id=\"rBiPY\"><strong>14. Priorit\u00e0<\/strong><\/p>\n<p class=\"brz-tp-lg-paragraph brz-css-uFIN6\" data-generated-css=\"brz-css-vG4zb\" data-uniq-id=\"nymtJ\">Le presenti CGV hanno la precedenza su tutte le disposizioni e i contratti precedenti. Solo le disposizioni dei singoli contratti che specificano le disposizioni delle presenti CGV hanno la precedenza sulle presenti CGV.<\/p>\n<p class=\"brz-tp-lg-paragraph brz-css-o5zIC\" data-generated-css=\"brz-css-dsLO1\" data-uniq-id=\"o4yUQ\">\n<p class=\"brz-tp-lg-paragraph brz-css-bZxff\" data-generated-css=\"brz-css-g1vrT\" data-uniq-id=\"oLqvj\"><strong>15. Clausola di esclusione della responsabilit\u00e0<\/strong><\/p>\n<p class=\"brz-tp-lg-paragraph brz-css-vXGH9\" data-generated-css=\"brz-css-tiyPN\" data-uniq-id=\"mArb9\">L&#8217;eventuale invalidit\u00e0 di una disposizione del presente contratto o di un suo supplemento non pregiudica la validit\u00e0 del resto del contratto. Le parti contraenti sostituiranno la disposizione non valida con una disposizione valida che si avvicini il pi\u00f9 possibile allo scopo economico previsto dalla disposizione non valida. Lo stesso vale per eventuali lacune del contratto.<\/p>\n<p class=\"brz-tp-lg-paragraph brz-css-ihAxN\" data-generated-css=\"brz-css-tKoiw\" data-uniq-id=\"wAqNa\">\n<p class=\"brz-tp-lg-paragraph brz-css-bGiRK\" data-generated-css=\"brz-css-peI8J\" data-uniq-id=\"oRk80\"><strong>16. Riservatezza<\/strong><\/p>\n<p class=\"brz-tp-lg-paragraph brz-css-sT2JM\" data-generated-css=\"brz-css-mfj8u\" data-uniq-id=\"hZLSx\">Entrambe le parti, nonch\u00e9 le loro persone ausiliarie, si impegnano a trattare come riservate tutte le informazioni fornite o acquisite in relazione ai servizi. Tale obbligo rimarr\u00e0 in vigore anche dopo la risoluzione del contratto.<\/p>\n<p class=\"brz-tp-lg-paragraph brz-css-fZvua\" data-generated-css=\"brz-css-eCtJY\" data-uniq-id=\"gZHzK\">\n<p class=\"brz-tp-lg-paragraph brz-css-xLPRQ\" data-generated-css=\"brz-css-xLUkf\" data-uniq-id=\"a3UOF\"><strong>17. Forza maggiore<\/strong><\/p>\n<p class=\"brz-tp-lg-paragraph brz-css-tPKIb\" data-generated-css=\"brz-css-pwdKC\" data-uniq-id=\"i3uNd\">Se l&#8217;adempimento tempestivo da parte della Societ\u00e0, dei suoi fornitori o di terzi coinvolti diventa impossibile a causa di cause di forza maggiore quali catastrofi naturali, terremoti, eruzioni vulcaniche, valanghe, tempeste, guerre, sommosse, guerre civili, rivoluzioni e insurrezioni, terrorismo, sabotaggio, scioperi, incidenti nucleari o danni ai reattori, la Societ\u00e0 sar\u00e0 esonerata dall&#8217;adempimento degli obblighi interessati per la durata della forza maggiore e per un ragionevole periodo di avviamento dopo la sua fine. Se la causa di forza maggiore dura pi\u00f9 di 30 (trenta) giorni, la Societ\u00e0 pu\u00f2 recedere dal contratto. La Societ\u00e0 rimborser\u00e0 integralmente al Cliente i pagamenti gi\u00e0 effettuati.<\/p>\n<p class=\"brz-tp-lg-paragraph brz-css-ca3zY\" data-generated-css=\"brz-css-nhk4T\" data-uniq-id=\"aebNW\">Sono escluse ulteriori rivendicazioni, in particolare richieste di risarcimento danni a seguito di vis major. <\/p>\n<p class=\"brz-tp-lg-paragraph brz-css-o4Q1e\" data-generated-css=\"brz-css-cdwPu\" data-uniq-id=\"uVWKJ\">\n<p class=\"brz-tp-lg-paragraph brz-css-ptTL6\" data-generated-css=\"brz-css-sr0Dl\" data-uniq-id=\"hdu5H\"><strong>18. Legge applicabile \/ foro competente<\/strong><\/p>\n<p class=\"brz-tp-lg-paragraph brz-css-eszgU\" data-generated-css=\"brz-css-vMJcP\" data-uniq-id=\"kxmSp\">Le presenti CG sono soggette al diritto svizzero. Nella misura in cui non prevalgono disposizioni di legge imperative, \u00e8 competente il tribunale della sede legale della societ\u00e0. La societ\u00e0 \u00e8 libera di intentare un&#8217;azione presso il domicilio del convenuto. \u00c8 esplicitamente esclusa la Convenzione delle Nazioni Unite sui contratti di compravendita internazionale di merci (RS 0.221.211.1). <\/p>\n<p class=\"brz-tp-lg-paragraph brz-css-dJwwT\" data-generated-css=\"brz-css-lEaCV\" data-uniq-id=\"iMy7A\"><\/p>\n<\/div>\n<\/div>\n<\/div>\n<\/div>\n<\/div>\n<\/section>\n<\/div>\n<p>    <!-- version:1737506271 --><\/p>\n","protected":false},"excerpt":{"rendered":"<p>Termini e condizioni generali Qui potete trovare tutto ci\u00f2 che \u00e8 importante. Atar Travel&amp;Transport Heuwinkelstrasse 15 4123 Allschwil Schweiz E-Mail: info@vacation-morocco.com Condizioni generali di Atar Travel&amp;Transport 1. Ambito di applicazione Le presenti Condizioni generali di contratto (&#8220;CG&#8221;) si applicano all&#8217;intero settore di attivit\u00e0 di Atar Travel&amp;Transport (di seguito &#8220;Azienda&#8221;). 2. Conclusione del contratto Il contratto [&hellip;]<\/p>\n","protected":false},"author":2,"featured_media":0,"parent":0,"menu_order":0,"comment_status":"closed","ping_status":"closed","template":"","meta":{"_seopress_robots_primary_cat":"","_seopress_titles_title":"Condizioni Generali - Esplora il Marocco","_seopress_titles_desc":"Consulta le condizioni generali dettagliate dei nostri tour e servizi in Marocco. Scopri i tuoi diritti e doveri per garantire un'esperienza di viaggio senza preoccupazioni. Leggi ora!","_seopress_robots_index":"","footnotes":""},"class_list":["post-7210","page","type-page","status-publish","hentry"],"blocksy_meta":[],"brizy_media":[],"_links":{"self":[{"href":"https:\/\/vacation-morocco.com\/it\/wp-json\/wp\/v2\/pages\/7210","targetHints":{"allow":["GET"]}}],"collection":[{"href":"https:\/\/vacation-morocco.com\/it\/wp-json\/wp\/v2\/pages"}],"about":[{"href":"https:\/\/vacation-morocco.com\/it\/wp-json\/wp\/v2\/types\/page"}],"author":[{"embeddable":true,"href":"https:\/\/vacation-morocco.com\/it\/wp-json\/wp\/v2\/users\/2"}],"replies":[{"embeddable":true,"href":"https:\/\/vacation-morocco.com\/it\/wp-json\/wp\/v2\/comments?post=7210"}],"version-history":[{"count":10,"href":"https:\/\/vacation-morocco.com\/it\/wp-json\/wp\/v2\/pages\/7210\/revisions"}],"predecessor-version":[{"id":7243,"href":"https:\/\/vacation-morocco.com\/it\/wp-json\/wp\/v2\/pages\/7210\/revisions\/7243"}],"wp:attachment":[{"href":"https:\/\/vacation-morocco.com\/it\/wp-json\/wp\/v2\/media?parent=7210"}],"curies":[{"name":"wp","href":"https:\/\/api.w.org\/{rel}","templated":true}]}}