{"id":2666,"date":"2023-11-27T11:24:02","date_gmt":"2023-11-27T10:24:02","guid":{"rendered":"https:\/\/vacation-morocco.nextron.org\/vier-koenigsstaedte\/"},"modified":"2026-03-23T18:02:03","modified_gmt":"2026-03-23T17:02:03","slug":"quattro-citta-reali","status":"publish","type":"page","link":"https:\/\/vacation-morocco.com\/it\/quattro-citta-reali\/","title":{"rendered":"Quattro citt\u00e0 reali"},"content":{"rendered":"<div class=\"brz-root__container brz-reset-all brz brz-root__container-page\">\n<section id=\"_dFF2mSmia901\" class=\"brz-section brz-css-1dsdm0o\">\n<div class=\"brz-section__content brz-section--boxed brz-css-3wrfb7 brz-css-1gvfyv1\" data-brz-custom-id=\"yW6Lnbesj4rF\">\n<div class=\"brz-bg\">\n<div class=\"brz-bg-image\"><\/div>\n<\/div>\n<div class=\"brz-container brz-css-1wcff18\">\n<div class=\"brz-row__container brz-css-f649ow\" data-brz-custom-id=\"lFQiegg5tedM\">\n<div class=\"brz-bg\"><\/div>\n<div class=\"brz-row brz-css-142hw2v brz-css-1guprl4\">\n<div class=\"brz-columns brz-css-mh499f brz-css-cno5z8\" data-brz-custom-id=\"pk_F89lzg0TW\">\n<div class=\"brz-bg\"><\/div>\n<div class=\"brz-column__items brz-css-ifuv17\">\n<div id=\"\" class=\"brz-css-4p1a7v brz-wrapper\">\n<div class=\"brz-rich-text brz-rich-text__custom brz-css-mwijvd\" data-brz-custom-id=\"aMkdkZt1IWkM\">\n<div data-brz-translate-text=\"1\">\n<h1 class=\"brz-text-xs-center brz-ff-roboto brz-ft-google brz-fs-lg-66 brz-fss-lg-px brz-fw-lg-900 brz-ls-lg-0 brz-lh-lg-1_3 brz-text-lg-center brz-tp-lg-heading1 brz-css-ozXwc\" data-uniq-id=\"gOUgv\" data-generated-css=\"brz-css-z_swT\"><span style=\"opacity: 1\" class=\"brz-cp-color8\"> <\/span><\/h1>\n<h1 class=\"brz-text-xs-center brz-ff-roboto brz-ft-google brz-fs-lg-66 brz-fss-lg-px brz-fw-lg-900 brz-ls-lg-0 brz-lh-lg-1_3 brz-text-lg-center brz-tp-lg-heading1 brz-css-eJl4S\" data-uniq-id=\"i_Pwi,yOYxJ\" data-generated-css=\"brz-css-syqsO,brz-css-s8_js\"><span style=\"opacity: 1\" class=\"brz-cp-color8\">Marocco-<\/span><\/h1>\n<h1 class=\"brz-text-xs-center brz-ff-roboto brz-ft-google brz-fs-lg-66 brz-fss-lg-px brz-fw-lg-900 brz-ls-lg-0 brz-lh-lg-1_3 brz-text-lg-center brz-tp-lg-heading1 brz-css-rhAgt\" data-uniq-id=\"yOYxJ\" data-generated-css=\"brz-css-s8_js\"><span style=\"opacity: 1\" class=\"brz-cp-color8\">Quattro citt\u00e0 reali<\/span><\/h1>\n<\/div>\n<\/div>\n<\/div>\n<div id=\"\" class=\"brz-css-4p1a7v brz-wrapper\">\n<div class=\"brz-rich-text brz-rich-text__custom brz-css-mwijvd\" data-brz-custom-id=\"tSOwEQYQabXZ\">\n<div data-brz-translate-text=\"1\">\n<h4 class=\"brz-lh-lg-1_6 brz-ls-lg-0 brz-fw-lg-400 brz-fss-lg-px brz-fs-lg-20 brz-ft-google brz-ff-roboto brz-text-lg-center brz-text-xs-center brz-tp-lg-heading4 brz-css-fZ61Z\" data-generated-css=\"brz-css-mf2Cf\" data-uniq-id=\"kZUXZ\"><span style=\"opacity: 1\" class=\"brz-cp-color8\">Vi invitiamo a scoprire con noi questo paese cos\u00ec vario. Dalle citt\u00e0 al deserto, dalla spiaggia al mare, il Marocco ha tutto da offrire.<\/span><\/h4>\n<\/div>\n<\/div>\n<\/div>\n<\/div>\n<\/div>\n<\/div>\n<\/div>\n<div id=\"\" class=\"brz-css-4p1a7v brz-css-1j9agor brz-css-1a0ld9t brz-wrapper\">\n<div class=\"brz-spacer brz-css-1di7b2j brz-css-1ufxdx3\"><\/div>\n<\/div>\n<div class=\"brz-row__container brz-css-f649ow\" data-brz-custom-id=\"t_80abaGaNC8\">\n<div class=\"brz-bg\"><\/div>\n<div class=\"brz-row brz-css-142hw2v brz-css-1guprl4\">\n<div class=\"brz-columns brz-css-mh499f brz-css-1th5m30\" data-brz-custom-id=\"jaNU5K7_no9Q\">\n<div class=\"brz-bg\"><\/div>\n<div class=\"brz-column__items brz-css-ifuv17 brz-css-1m2gy7n\">\n<div id=\"\" class=\"brz-css-4p1a7v brz-css-1q7e8qf brz-wrapper\">\n<div class=\"brz-rich-text brz-rich-text__custom brz-css-mwijvd\" data-brz-custom-id=\"kP_VDL1DuZi3\">\n<div data-brz-translate-text=\"1\">\n<p class=\"brz-tp-heading2 brz-css-uHBbr\"><span class=\"brz-cp-color8\">01<\/span><\/p>\n<\/div>\n<\/div>\n<\/div>\n<div id=\"\" class=\"brz-css-4p1a7v brz-css-18bsccm brz-wrapper\">\n<div class=\"brz-rich-text brz-rich-text__custom brz-css-mwijvd\" data-brz-custom-id=\"cfEvhjLw3wWS\">\n<div data-brz-translate-text=\"1\">\n<p class=\"brz-fs-sm-18 brz-tp-lg-heading4 brz-css-xix5A\" data-uniq-id=\"yPFPL\" data-generated-css=\"brz-css-qVIiK\"><span style=\"opacity: 1\" class=\"brz-cp-color8\">Su misura<\/span><\/p>\n<\/div>\n<\/div>\n<\/div>\n<div id=\"\" class=\"brz-css-4p1a7v brz-wrapper\">\n<div class=\"brz-rich-text brz-rich-text__custom brz-css-mwijvd\" data-brz-custom-id=\"wuLwVcxLnvoI\">\n<div data-brz-translate-text=\"1\">\n<p class=\"brz-tp-lg-paragraph brz-css-mrll6\" data-uniq-id=\"iC_6I\" data-generated-css=\"brz-css-pgkX5\"><span style=\"opacity: 1\" class=\"brz-cp-color8\">Organizzeremo il vostro viaggio in base ai vostri desideri.<\/span><\/p>\n<\/div>\n<\/div>\n<\/div>\n<\/div>\n<p><a class=\"brz-a brz-container-link\" href=\"\" target=\"_self\" rel=\"noopener\" data-brz-link-type=\"page\"><\/a><\/div>\n<div class=\"brz-columns brz-css-mh499f brz-css-1t7hy7j\" data-brz-custom-id=\"iPSfFMjwV8Go\">\n<div class=\"brz-bg\"><\/div>\n<div class=\"brz-column__items brz-css-ifuv17 brz-css-jdvpiq\">\n<div id=\"\" class=\"brz-css-4p1a7v brz-css-15xsgv2 brz-wrapper\">\n<div class=\"brz-rich-text brz-rich-text__custom brz-css-mwijvd\" data-brz-custom-id=\"vd2C2KGCHTuN\">\n<div data-brz-translate-text=\"1\">\n<p class=\"brz-tp-heading2 brz-css-yWydL\"><span class=\"brz-cp-color8\">02<\/span><\/p>\n<\/div>\n<\/div>\n<\/div>\n<div id=\"\" class=\"brz-css-4p1a7v brz-css-1kldrn9 brz-wrapper\">\n<div class=\"brz-rich-text brz-rich-text__custom brz-css-mwijvd\" data-brz-custom-id=\"lM1YD820L6t9\">\n<div data-brz-translate-text=\"1\">\n<p class=\"brz-fs-sm-18 brz-tp-lg-heading4 brz-css-p9BCT\" data-uniq-id=\"ogcqi\" data-generated-css=\"brz-css-vGdAZ\"><span style=\"opacity: 1\" class=\"brz-cp-color8\">Autentico<\/span><\/p>\n<\/div>\n<\/div>\n<\/div>\n<div id=\"\" class=\"brz-css-4p1a7v brz-wrapper\">\n<div class=\"brz-rich-text brz-rich-text__custom brz-css-mwijvd\" data-brz-custom-id=\"bU3o2RIO66AX\">\n<div data-brz-translate-text=\"1\">\n<p class=\"brz-tp-lg-paragraph brz-css-fU6TH\" data-generated-css=\"brz-css-awuvx\" data-uniq-id=\"tGDCp\"><span style=\"opacity: 1\" class=\"brz-cp-color8\">Conoscere il Paese e la sua gente in modo autentico.<\/span><\/p>\n<\/div>\n<\/div>\n<\/div>\n<\/div>\n<p><a class=\"brz-a brz-container-link\" href=\"\" target=\"_self\" rel=\"noopener\" data-brz-link-type=\"page\"><\/a><\/div>\n<div class=\"brz-columns brz-css-mh499f brz-css-3uty3g\" data-brz-custom-id=\"lQugtdZjumyl\">\n<div class=\"brz-bg\"><\/div>\n<div class=\"brz-column__items brz-css-ifuv17 brz-css-g3stco\">\n<div id=\"\" class=\"brz-css-4p1a7v brz-css-t3d7r6 brz-wrapper\">\n<div class=\"brz-rich-text brz-rich-text__custom brz-css-mwijvd\" data-brz-custom-id=\"xvkibXC3Bfug\">\n<div data-brz-translate-text=\"1\">\n<p class=\"brz-tp-heading2 brz-css-mW1WU\"><span class=\"brz-cp-color8\">03<\/span><\/p>\n<\/div>\n<\/div>\n<\/div>\n<div id=\"\" class=\"brz-css-4p1a7v brz-css-frpxnf brz-wrapper\">\n<div class=\"brz-rich-text brz-rich-text__custom brz-css-mwijvd\" data-brz-custom-id=\"qkK6xSyxLgM4\">\n<div data-brz-translate-text=\"1\">\n<p class=\"brz-fs-sm-18 brz-tp-lg-heading4 brz-css-iW7uX\" data-uniq-id=\"aEDEx\" data-generated-css=\"brz-css-n1JLj\"><span style=\"opacity: 1\" class=\"brz-cp-color8\">Personale<\/span><\/p>\n<\/div>\n<\/div>\n<\/div>\n<div id=\"\" class=\"brz-css-4p1a7v brz-wrapper\">\n<div class=\"brz-rich-text brz-rich-text__custom brz-css-mwijvd\" data-brz-custom-id=\"yIiVCt1Pb_f3\">\n<div data-brz-translate-text=\"1\">\n<p class=\"brz-tp-lg-paragraph brz-css-b8LRt\" data-uniq-id=\"cTVlF\" data-generated-css=\"brz-css-lCPhd\"><span style=\"opacity: 1\" class=\"brz-cp-color8\">Siamo una piccola azienda a conduzione familiare e saremo lieti di consigliarvi personalmente.<\/span><\/p>\n<\/div>\n<\/div>\n<\/div>\n<\/div>\n<p><a class=\"brz-a brz-container-link\" href=\"\" target=\"_self\" rel=\"noopener\" data-brz-link-type=\"page\"><\/a><\/div>\n<\/div>\n<\/div>\n<\/div>\n<\/div>\n<\/section>\n<section id=\"_gSBIqXuoYw3j\" class=\"brz-section brz-css-1dsdm0o\">\n<div class=\"brz-section__content brz-section--boxed brz-css-3wrfb7 brz-css-qg5hbx\" data-brz-custom-id=\"e6lfawgMdRa9\">\n<div class=\"brz-container brz-css-1wcff18\">\n<div id=\"\" class=\"brz-css-4p1a7v brz-css-u0jyea brz-wrapper\">\n<div class=\"brz-rich-text brz-rich-text__custom brz-css-mwijvd\" data-brz-custom-id=\"x7o3t_4d8wKk\">\n<div data-brz-translate-text=\"1\">\n<p class=\"brz-tp-lg-paragraph brz-css-ucEIw\" data-generated-css=\"brz-css-pwzMg\" data-uniq-id=\"wTEUi\"><strong>Dovete assolutamente visitarli<\/strong><\/p>\n<\/div>\n<\/div>\n<\/div>\n<div id=\"\" class=\"brz-css-4p1a7v brz-css-1qkgbvu brz-wrapper\">\n<div class=\"brz-rich-text brz-rich-text__custom brz-css-mwijvd\" data-brz-custom-id=\"lkthQviG_2C6\">\n<div data-brz-translate-text=\"1\">\n<p class=\"brz-tp-lg-heading2 brz-css-l4JCL\" data-uniq-id=\"zPTA8\" data-generated-css=\"brz-css-xr0Pk\"><a class=\"is-empty brz-cp-color2\" style=\"opacity: 1\" href=\"\" data-brz-link-type=\"page\">Le quattro citt\u00e0 reali<\/a><\/p>\n<\/div>\n<\/div>\n<\/div>\n<div id=\"\" class=\"brz-css-4p1a7v brz-css-1j9agor brz-wrapper\">\n<div class=\"brz-spacer brz-css-1di7b2j brz-css-152avei\"><\/div>\n<\/div>\n<div class=\"brz-row__container brz-css-f649ow\" data-brz-custom-id=\"gYjasZ_gGJtt\">\n<div class=\"brz-bg\"><\/div>\n<div class=\"brz-row brz-css-142hw2v brz-css-1guprl4\">\n<div class=\"brz-columns brz-css-mh499f brz-css-jfk4lo\" data-brz-custom-id=\"oy48irGuIa8g\">\n<div class=\"brz-bg\">\n<div class=\"brz-bg-image\"><\/div>\n<\/div>\n<div class=\"brz-column__items brz-css-ifuv17 brz-css-1jv111t\">\n<div id=\"\" class=\"brz-css-4p1a7v brz-css-1j9agor brz-wrapper\">\n<div class=\"brz-spacer brz-css-1di7b2j brz-css-1u5iwbv\"><\/div>\n<\/div>\n<div id=\"\" class=\"brz-css-4p1a7v brz-css-1vhzwdd brz-wrapper\">\n<div class=\"brz-rich-text brz-rich-text__custom brz-css-mwijvd\" data-brz-custom-id=\"vaNQshpVAt_O\">\n<div data-brz-translate-text=\"1\">\n<p class=\"brz-text-xs-left brz-text-lg-center brz-tp-lg-heading3 brz-text-sm-left brz-css-wM2i2\" data-uniq-id=\"w3Tam\" data-generated-css=\"brz-css-ozXjG\"><span style=\"opacity: 1\" class=\"brz-cp-color8\">M\u00e8knes<\/span><\/p>\n<\/div>\n<\/div>\n<\/div>\n<div id=\"\" class=\"brz-css-4p1a7v brz-css-1y9ug0y brz-wrapper\">\n<div class=\"brz-icon-text brz-css-1rc539z brz-css-qyioe8\" data-brz-custom-id=\"iGp8Dc45YfAO\">\n<div class=\"brz-icon__container\" data-brz-custom-id=\"gRKAnXr3VorN\"><span class=\"brz-icon brz-span brz-css-16ld0qc brz-css-1mp954b\"><\/span><\/div>\n<div class=\"brz-text-btn\">\n<div class=\"brz-rich-text brz-rich-text__custom brz-css-mwijvd\" data-brz-custom-id=\"pYStYYb7r_eq\">\n<div data-brz-translate-text=\"1\">\n<p class=\"brz-tp-lg-paragraph brz-css-oT0C4\" data-uniq-id=\"lw7gi\" data-generated-css=\"brz-css-t8DB8\"><span style=\"opacity: 1\" class=\"brz-cp-color8\">L&#8217;ovest del Marocco<\/span><\/p>\n<\/div>\n<\/div>\n<\/div>\n<\/div>\n<\/div>\n<\/div>\n<p><a class=\"brz-a brz-container-link\" href=\"\" target=\"_self\" rel=\"noopener\" data-brz-link-type=\"page\"><\/a><\/div>\n<div class=\"brz-columns brz-css-mh499f brz-css-1wk158m\" data-brz-custom-id=\"ccerk2oz36r7\">\n<div class=\"brz-bg\">\n<div class=\"brz-bg-image\"><\/div>\n<\/div>\n<div class=\"brz-column__items brz-css-ifuv17 brz-css-u2yb14\">\n<div id=\"\" class=\"brz-css-4p1a7v brz-css-1j9agor brz-wrapper\">\n<div class=\"brz-spacer brz-css-1di7b2j brz-css-ubnw1m\"><\/div>\n<\/div>\n<div id=\"\" class=\"brz-css-4p1a7v brz-css-wqmz5l brz-wrapper\">\n<div class=\"brz-rich-text brz-rich-text__custom brz-css-mwijvd\" data-brz-custom-id=\"bkwTiH6z6YN0\">\n<div data-brz-translate-text=\"1\">\n<p class=\"brz-tp-lg-heading3 brz-text-lg-center brz-text-xs-left brz-text-sm-justify brz-css-uFCFD\" data-generated-css=\"brz-css-si42I\" data-uniq-id=\"qyDCY\"><span style=\"opacity: 1\" class=\"brz-cp-color8\">Marrakech<\/span><\/p>\n<\/div>\n<\/div>\n<\/div>\n<div id=\"\" class=\"brz-css-4p1a7v brz-css-x09vd5 brz-wrapper\">\n<div class=\"brz-icon-text brz-css-1rc539z brz-css-1ln6ibu\" data-brz-custom-id=\"xUFM8EVGMKwD\">\n<div class=\"brz-icon__container\" data-brz-custom-id=\"eWsyZBF9_7hb\"><span class=\"brz-icon brz-span brz-css-16ld0qc brz-css-1teqbz4\"><\/span><\/div>\n<div class=\"brz-text-btn\">\n<div class=\"brz-rich-text brz-rich-text__custom brz-css-mwijvd\" data-brz-custom-id=\"vuS4LZcN7mUh\">\n<div data-brz-translate-text=\"1\">\n<p class=\"brz-tp-lg-paragraph brz-css-uv1oL\" data-generated-css=\"brz-css-qLZR3\" data-uniq-id=\"dK4uw\"><span style=\"opacity: 1\" class=\"brz-cp-color8\">Sud del Marocco<\/span><\/p>\n<\/div>\n<\/div>\n<\/div>\n<\/div>\n<\/div>\n<\/div>\n<p><a class=\"brz-a brz-container-link\" href=\"\" target=\"_self\" rel=\"noopener\" data-brz-link-type=\"page\"><\/a><\/div>\n<div class=\"brz-columns brz-css-mh499f brz-css-10ma030\" data-brz-custom-id=\"b2U0cSkkpkGi\">\n<div class=\"brz-bg\">\n<div class=\"brz-bg-image\"><\/div>\n<\/div>\n<div class=\"brz-column__items brz-css-ifuv17 brz-css-rgthc5\">\n<div id=\"\" class=\"brz-css-4p1a7v brz-css-1j9agor brz-wrapper\">\n<div class=\"brz-spacer brz-css-1di7b2j brz-css-12uxniw\"><\/div>\n<\/div>\n<div id=\"\" class=\"brz-css-4p1a7v brz-css-48mhp7 brz-wrapper\">\n<div class=\"brz-rich-text brz-rich-text__custom brz-css-mwijvd\" data-brz-custom-id=\"wwl5NPHQNGbD\">\n<div data-brz-translate-text=\"1\">\n<p class=\"brz-text-xs-left brz-text-lg-center brz-tp-lg-heading3 brz-text-sm-left brz-css-u9P4I\" data-uniq-id=\"bcb80\" data-generated-css=\"brz-css-kgde1\"><span style=\"opacity: 1\" class=\"brz-cp-color8\">Rabat<\/span><\/p>\n<\/div>\n<\/div>\n<\/div>\n<div id=\"\" class=\"brz-css-4p1a7v brz-css-1oa1gw6 brz-wrapper\">\n<div class=\"brz-icon-text brz-css-1rc539z brz-css-1mqudnw\" data-brz-custom-id=\"oGimYxB_fuWr\">\n<div class=\"brz-icon__container\" data-brz-custom-id=\"rJojBXqvlN0E\"><span class=\"brz-icon brz-span brz-css-16ld0qc brz-css-1fotc0w\"><\/span><\/div>\n<div class=\"brz-text-btn\">\n<div class=\"brz-rich-text brz-rich-text__custom brz-css-mwijvd\" data-brz-custom-id=\"myH9b41tTq4m\">\n<div data-brz-translate-text=\"1\">\n<p class=\"brz-tp-lg-paragraph brz-css-aFwMK\" data-uniq-id=\"ncbYQ\" data-generated-css=\"brz-css-oSA4G\"><span class=\"brz-cp-color8\">Nord del Marocco<\/span><\/p>\n<\/div>\n<\/div>\n<\/div>\n<\/div>\n<\/div>\n<\/div>\n<p><a class=\"brz-a brz-container-link\" href=\"\" target=\"_self\" rel=\"noopener\" data-brz-link-type=\"page\"><\/a><\/div>\n<div class=\"brz-columns brz-css-mh499f brz-css-1dashws\" data-brz-custom-id=\"x_UqkbbUG0NZ\">\n<div class=\"brz-bg\">\n<div class=\"brz-bg-image\"><\/div>\n<\/div>\n<div class=\"brz-column__items brz-css-ifuv17 brz-css-1dk5t62\">\n<div id=\"\" class=\"brz-css-4p1a7v brz-css-1j9agor brz-wrapper\">\n<div class=\"brz-spacer brz-css-1di7b2j brz-css-7rktrw\"><\/div>\n<\/div>\n<div id=\"\" class=\"brz-css-4p1a7v brz-css-r4m42z brz-wrapper\">\n<div class=\"brz-rich-text brz-rich-text__custom brz-css-mwijvd\" data-brz-custom-id=\"mOfaz5_WJtT6\">\n<div data-brz-translate-text=\"1\">\n<p class=\"brz-text-xs-left brz-text-lg-center brz-tp-lg-heading3 brz-text-sm-left brz-css-n28m9\" data-uniq-id=\"snP2C\" data-generated-css=\"brz-css-vUmvn\"><span class=\"brz-cp-color8\">F\u00e8s <\/span><\/p>\n<\/div>\n<\/div>\n<\/div>\n<div id=\"\" class=\"brz-css-4p1a7v brz-css-1cpqmzm brz-wrapper\">\n<div class=\"brz-icon-text brz-css-1rc539z brz-css-1e28pqm\" data-brz-custom-id=\"buJaqWsTzx4f\">\n<div class=\"brz-icon__container\" data-brz-custom-id=\"hh4PMn9He0hK\"><span class=\"brz-icon brz-span brz-css-16ld0qc brz-css-1b37n6y\"><\/span><\/div>\n<div class=\"brz-text-btn\">\n<div class=\"brz-rich-text brz-rich-text__custom brz-css-mwijvd\" data-brz-custom-id=\"q_5y1h6glM3_\">\n<div data-brz-translate-text=\"1\">\n<p class=\"brz-tp-lg-paragraph brz-css-qn35s\" data-uniq-id=\"oTZ7P\" data-generated-css=\"brz-css-cnbZ0\"><span class=\"brz-cp-color8\">L&#8217;ovest del Marocco<\/span><\/p>\n<\/div>\n<\/div>\n<\/div>\n<\/div>\n<\/div>\n<\/div>\n<p><a class=\"brz-a brz-container-link\" href=\"\" target=\"_self\" rel=\"noopener\" data-brz-link-type=\"page\"><\/a><\/div>\n<\/div>\n<\/div>\n<div class=\"brz-row__container brz-css-f649ow\" data-brz-custom-id=\"q1k8fr9QuuvQ\">\n<div class=\"brz-bg\"><\/div>\n<div class=\"brz-row brz-css-142hw2v\">\n<div class=\"brz-columns brz-css-mh499f brz-css-1iw9pe5\" data-brz-custom-id=\"iPibqOurOZXi\">\n<div class=\"brz-bg\"><\/div>\n<div class=\"brz-column__items brz-css-ifuv17\">\n<div id=\"\" class=\"brz-css-4p1a7v brz-wrapper\">\n<div class=\"brz-rich-text brz-rich-text__custom brz-css-mwijvd\" data-brz-custom-id=\"jT0vaKuWbbdH\">\n<div data-brz-translate-text=\"1\">\n<p class=\"brz-tp-lg-paragraph brz-css-fSoOR\" data-uniq-id=\"yHsoX\" data-generated-css=\"brz-css-tY0Yi\"><a class=\"is-empty brz-cp-color7\" style=\"opacity: 1\" href=\"\" data-brz-link-type=\"page\">Le famose citt\u00e0 reali di Marrakech, F\u00e8s, M\u00e8knes e Rabat attendono la vostra visita. Sono tra le maggiori attrazioni del Paese. Ognuna di esse \u00e8 stata la capitale dei sultani nel corso del tempo ed \u00e8 stata magnificamente ampliata durante le loro dinastie. Ancora oggi colpiscono per il loro fascino tradizionale e regale, i loro mercati orientali e i magnifici centri cittadini.<\/a><\/p>\n<\/div>\n<\/div>\n<\/div>\n<\/div>\n<\/div>\n<\/div>\n<\/div>\n<div class=\"brz-wrapper-clone brz-css-1ga9ep1\">\n<div class=\"brz-d-xs-flex brz-flex-xs-wrap brz-css-n4dqxj\" data-brz-custom-id=\"\">\n<div class=\"brz-wrapper-clone__item\" id=\"fz3iSVsUwGlP\"><a class=\"brz-a brz-btn brz-css-tjdjpa brz-css-giitjd brz-css-1qi4c59 brz-css-13npdnx\" href=\"\" target=\"_self\" rel=\"noopener\" data-brz-link-type=\"page\" data-brz-custom-id=\"fz3iSVsUwGlP\"><span data-brz-translate-text=\"1\" class=\"brz-span brz-text__editor\">Contattare<\/span><\/a><\/div>\n<\/div>\n<\/div>\n<\/div>\n<\/div>\n<\/section>\n<\/div>\n<p>    <!-- version:1737505233 --><\/p>\n","protected":false},"excerpt":{"rendered":"<p>Marocco- Quattro citt\u00e0 reali Vi invitiamo a scoprire con noi questo paese cos\u00ec vario. Dalle citt\u00e0 al deserto, dalla spiaggia al mare, il Marocco ha tutto da offrire. 01 Su misura Organizzeremo il vostro viaggio in base ai vostri desideri. 02 Autentico Conoscere il Paese e la sua gente in modo autentico. 03 Personale Siamo [&hellip;]<\/p>\n","protected":false},"author":2,"featured_media":0,"parent":0,"menu_order":0,"comment_status":"closed","ping_status":"closed","template":"","meta":{"_seopress_robots_primary_cat":"","_seopress_titles_title":"Esplora la Storia e la Bellezza delle Quattro Citt\u00e0 Imperiali del Marocco!","_seopress_titles_desc":"Scoprite le meraviglie storiche e culturali delle quattro citt\u00e0 reali del Marocco. Da Marrakech a Fez, da Rabat a Meknes, immergetevi nel magico passato di queste citt\u00e0 reali. Con il nostro programma di viaggio su misura, vivrete un viaggio indimenticabile attraverso secoli di storia, architettura mozzafiato e autentica tradizione marocchina. Prenotate ora per un&#039;avventura che vi far\u00e0 scoprire lo straordinario patrimonio delle citt\u00e0 reali.","_seopress_robots_index":"","footnotes":""},"class_list":["post-2666","page","type-page","status-publish","hentry"],"blocksy_meta":[],"brizy_media":[],"_links":{"self":[{"href":"https:\/\/vacation-morocco.com\/it\/wp-json\/wp\/v2\/pages\/2666","targetHints":{"allow":["GET"]}}],"collection":[{"href":"https:\/\/vacation-morocco.com\/it\/wp-json\/wp\/v2\/pages"}],"about":[{"href":"https:\/\/vacation-morocco.com\/it\/wp-json\/wp\/v2\/types\/page"}],"author":[{"embeddable":true,"href":"https:\/\/vacation-morocco.com\/it\/wp-json\/wp\/v2\/users\/2"}],"replies":[{"embeddable":true,"href":"https:\/\/vacation-morocco.com\/it\/wp-json\/wp\/v2\/comments?post=2666"}],"version-history":[{"count":17,"href":"https:\/\/vacation-morocco.com\/it\/wp-json\/wp\/v2\/pages\/2666\/revisions"}],"predecessor-version":[{"id":6832,"href":"https:\/\/vacation-morocco.com\/it\/wp-json\/wp\/v2\/pages\/2666\/revisions\/6832"}],"wp:attachment":[{"href":"https:\/\/vacation-morocco.com\/it\/wp-json\/wp\/v2\/media?parent=2666"}],"curies":[{"name":"wp","href":"https:\/\/api.w.org\/{rel}","templated":true}]}}