{"id":2662,"date":"2023-11-27T11:24:36","date_gmt":"2023-11-27T10:24:36","guid":{"rendered":"https:\/\/vacation-morocco.nextron.org\/staedtereise-agadir\/"},"modified":"2026-03-22T06:43:40","modified_gmt":"2026-03-22T05:43:40","slug":"viaggio-in-citta-ad-agadir","status":"publish","type":"page","link":"https:\/\/vacation-morocco.com\/it\/viaggio-in-citta-ad-agadir\/","title":{"rendered":"Viaggio in citt\u00e0 ad Agadir"},"content":{"rendered":"<div class=\"brz-root__container brz-reset-all brz brz-root__container-page\">\n<section id=\"_pGgF17pqANS1\" class=\"brz-section brz-css-11frxu2\">\n<div class=\"brz-section__content brz-section--boxed brz-css-1ld45dq brz-css-1rt5px8\" data-brz-custom-id=\"omw3exUDHIhy\">\n<div class=\"brz-bg\">\n<div class=\"brz-bg-image\"><\/div>\n<\/div>\n<div class=\"brz-container brz-css-165a5nm\">\n<div class=\"brz-row__container brz-css-tpaahb\" data-brz-custom-id=\"z8LV_CJx7gUP\">\n<div class=\"brz-bg\"><\/div>\n<div class=\"brz-row brz-css-2uz82v brz-css-9x28ne\">\n<div class=\"brz-columns brz-css-vvvmzg brz-css-68434t\" data-brz-custom-id=\"mOf9W8WZajPc\">\n<div class=\"brz-bg\"><\/div>\n<div class=\"brz-column__items brz-css-ektl3z\">\n<div id=\"\" class=\"brz-css-66vva0 brz-wrapper\">\n<div class=\"brz-rich-text brz-rich-text__custom brz-css-uj5yxc\" data-brz-custom-id=\"fyzERkZIp6xA\">\n<div data-brz-translate-text=\"1\">\n<h1 class=\"brz-tp-lg-heading1 brz-text-lg-center brz-lh-lg-1_3 brz-ls-lg-0 brz-fw-lg-900 brz-fss-lg-px brz-fs-lg-66 brz-ft-google brz-ff-roboto brz-text-xs-center brz-css-x46QE\" data-generated-css=\"brz-css-bw4AR\" data-uniq-id=\"tcPle\"><a class=\"is-empty brz-cp-color2\" style=\"opacity: 1\" href=\"\" data-brz-link-type=\"page\"> <\/a><\/h1>\n<h1 class=\"brz-tp-lg-heading1 brz-text-lg-center brz-lh-lg-1_3 brz-ls-lg-0 brz-fw-lg-900 brz-fss-lg-px brz-fs-lg-66 brz-ft-google brz-ff-roboto brz-text-xs-center brz-mt-lg-3 brz-css-qsGPm\" data-generated-css=\"brz-css-u9dff\" data-uniq-id=\"eJ9Ss\"><span style=\"opacity: 1\" class=\"brz-cp-color2\">Marocco-<\/span><\/h1>\n<h1 class=\"brz-tp-lg-heading1 brz-text-lg-center brz-lh-lg-1_3 brz-ls-lg-0 brz-fw-lg-900 brz-fss-lg-px brz-fs-lg-66 brz-ft-google brz-ff-roboto brz-text-xs-center brz-mt-lg-3 brz-css-mkLA6\" data-generated-css=\"brz-css-lb09e\" data-uniq-id=\"ikCK1\"><span style=\"opacity: 1\" class=\"brz-cp-color2\">Viaggio in citt\u00e0 Agadir<\/span><\/h1>\n<\/div>\n<\/div>\n<\/div>\n<div id=\"\" class=\"brz-css-66vva0 brz-wrapper\">\n<div class=\"brz-rich-text brz-rich-text__custom brz-css-uj5yxc\" data-brz-custom-id=\"oVA67BXTUVL6\">\n<div data-brz-translate-text=\"1\">\n<h4 class=\"brz-mt-lg-0 brz-mb-lg-0 brz-tp-lg-heading4 brz-text-xs-center brz-text-lg-center brz-ff-roboto brz-ft-google brz-fs-lg-20 brz-fss-lg-px brz-fw-lg-400 brz-ls-lg-0 brz-lh-lg-1_6 brz-css-hrY7u\" data-uniq-id=\"hHAuh\" data-generated-css=\"brz-css-d_ENJ\"><span style=\"opacity: 1\" class=\"brz-cp-color2\">Vi invitiamo a scoprire con noi questo paese cos\u00ec vario. Dalle citt\u00e0 al deserto, dalla spiaggia al mare, il Marocco ha tutto da offrire.<\/span><\/h4>\n<\/div>\n<\/div>\n<\/div>\n<\/div>\n<\/div>\n<\/div>\n<\/div>\n<div id=\"\" class=\"brz-css-66vva0 brz-css-1s91r8b brz-css-14vm9gg brz-wrapper\">\n<div class=\"brz-spacer brz-css-1cd4qmy brz-css-vgw9x4\"><\/div>\n<\/div>\n<div class=\"brz-row__container brz-css-tpaahb\" data-brz-custom-id=\"jqAhg8oOGrzp\">\n<div class=\"brz-bg\"><\/div>\n<div class=\"brz-row brz-css-2uz82v brz-css-9x28ne\">\n<div class=\"brz-columns brz-css-vvvmzg brz-css-zrds37\" data-brz-custom-id=\"psR5_6LHAth9\">\n<div class=\"brz-bg\"><\/div>\n<div class=\"brz-column__items brz-css-ektl3z brz-css-gg84bb\">\n<div id=\"\" class=\"brz-css-66vva0 brz-css-1okzj4c brz-wrapper\">\n<div class=\"brz-rich-text brz-rich-text__custom brz-css-uj5yxc\" data-brz-custom-id=\"yO3ZsQHc05a7\">\n<div data-brz-translate-text=\"1\">\n<p class=\"brz-tp-heading2 brz-css-sYf9A\"><span class=\"brz-cp-color8\">01<\/span><\/p>\n<\/div>\n<\/div>\n<\/div>\n<div id=\"\" class=\"brz-css-66vva0 brz-css-f9c773 brz-wrapper\">\n<div class=\"brz-rich-text brz-rich-text__custom brz-css-uj5yxc\" data-brz-custom-id=\"i0Q9n1GPIx7X\">\n<div data-brz-translate-text=\"1\">\n<p class=\"brz-fs-sm-18 brz-tp-lg-heading4 brz-css-rM77K\" data-uniq-id=\"sMSig\" data-generated-css=\"brz-css-eBDit\"><span style=\"opacity: 1\" class=\"brz-cp-color8\">Su misura<\/span><\/p>\n<\/div>\n<\/div>\n<\/div>\n<div id=\"\" class=\"brz-css-66vva0 brz-wrapper\">\n<div class=\"brz-rich-text brz-rich-text__custom brz-css-uj5yxc\" data-brz-custom-id=\"amAxIldze8uZ\">\n<div data-brz-translate-text=\"1\">\n<p class=\"brz-tp-lg-paragraph brz-css-eJaBQ\" data-uniq-id=\"gjNGy\" data-generated-css=\"brz-css-ew16X\"><span style=\"opacity: 1\" class=\"brz-cp-color8\">Organizzeremo il vostro viaggio in base ai vostri desideri.<\/span><\/p>\n<\/div>\n<\/div>\n<\/div>\n<\/div>\n<p><a class=\"brz-a brz-container-link\" href=\"\" target=\"_self\" rel=\"noopener\" data-brz-link-type=\"page\"><\/a><\/div>\n<div class=\"brz-columns brz-css-vvvmzg brz-css-r9yqlr\" data-brz-custom-id=\"jDLMrCvQ93cE\">\n<div class=\"brz-bg\"><\/div>\n<div class=\"brz-column__items brz-css-ektl3z brz-css-1gkgl48\">\n<div id=\"\" class=\"brz-css-66vva0 brz-css-880p71 brz-wrapper\">\n<div class=\"brz-rich-text brz-rich-text__custom brz-css-uj5yxc\" data-brz-custom-id=\"ayc_CSCKDWyB\">\n<div data-brz-translate-text=\"1\">\n<p class=\"brz-tp-heading2 brz-css-vSKQv\"><span class=\"brz-cp-color8\">02<\/span><\/p>\n<\/div>\n<\/div>\n<\/div>\n<div id=\"\" class=\"brz-css-66vva0 brz-css-7jus2l brz-wrapper\">\n<div class=\"brz-rich-text brz-rich-text__custom brz-css-uj5yxc\" data-brz-custom-id=\"feZPDzVi7W6m\">\n<div data-brz-translate-text=\"1\">\n<p class=\"brz-fs-sm-18 brz-tp-lg-heading4 brz-css-lGlyc\" data-uniq-id=\"aKGBZ\" data-generated-css=\"brz-css-jHoNn\"><span style=\"opacity: 1\" class=\"brz-cp-color8\">Autentico<\/span><\/p>\n<\/div>\n<\/div>\n<\/div>\n<div id=\"\" class=\"brz-css-66vva0 brz-wrapper\">\n<div class=\"brz-rich-text brz-rich-text__custom brz-css-uj5yxc\" data-brz-custom-id=\"wtH1V7TJ580s\">\n<div data-brz-translate-text=\"1\">\n<p class=\"brz-tp-lg-paragraph brz-css-dLC3d\" data-generated-css=\"brz-css-cCzf4\" data-uniq-id=\"rMa7S\"><span style=\"opacity: 1\" class=\"brz-cp-color8\">Conoscere il Paese e la sua gente in modo autentico.<\/span><\/p>\n<\/div>\n<\/div>\n<\/div>\n<\/div>\n<p><a class=\"brz-a brz-container-link\" href=\"\" target=\"_self\" rel=\"noopener\" data-brz-link-type=\"page\"><\/a><\/div>\n<div class=\"brz-columns brz-css-vvvmzg brz-css-qzsxhp\" data-brz-custom-id=\"r5WvMN4oHrM1\">\n<div class=\"brz-bg\"><\/div>\n<div class=\"brz-column__items brz-css-ektl3z brz-css-3tohmu\">\n<div id=\"\" class=\"brz-css-66vva0 brz-css-1mux3gt brz-wrapper\">\n<div class=\"brz-rich-text brz-rich-text__custom brz-css-uj5yxc\" data-brz-custom-id=\"dqOoC73Gmlzg\">\n<div data-brz-translate-text=\"1\">\n<p class=\"brz-tp-heading2 brz-css-r3hem\"><span class=\"brz-cp-color8\">03<\/span><\/p>\n<\/div>\n<\/div>\n<\/div>\n<div id=\"\" class=\"brz-css-66vva0 brz-css-1x8j4u7 brz-wrapper\">\n<div class=\"brz-rich-text brz-rich-text__custom brz-css-uj5yxc\" data-brz-custom-id=\"gjDCLt_y90mG\">\n<div data-brz-translate-text=\"1\">\n<p class=\"brz-fs-sm-18 brz-tp-lg-heading4 brz-css-laOg4\" data-uniq-id=\"guVwK\" data-generated-css=\"brz-css-kb8EU\"><span style=\"opacity: 1\" class=\"brz-cp-color8\">Personale<\/span><\/p>\n<\/div>\n<\/div>\n<\/div>\n<div id=\"\" class=\"brz-css-66vva0 brz-wrapper\">\n<div class=\"brz-rich-text brz-rich-text__custom brz-css-uj5yxc\" data-brz-custom-id=\"s5yJ4qRoACAb\">\n<div data-brz-translate-text=\"1\">\n<p class=\"brz-tp-lg-paragraph brz-css-vrz0A\" data-uniq-id=\"pCQBk\" data-generated-css=\"brz-css-unVCQ\"><span style=\"opacity: 1\" class=\"brz-cp-color8\">Siamo una piccola azienda a conduzione familiare e saremo lieti di consigliarvi personalmente.<\/span><\/p>\n<\/div>\n<\/div>\n<\/div>\n<\/div>\n<p><a class=\"brz-a brz-container-link\" href=\"\" target=\"_self\" rel=\"noopener\" data-brz-link-type=\"page\"><\/a><\/div>\n<\/div>\n<\/div>\n<\/div>\n<\/div>\n<\/section>\n<section id=\"_e_jTw6Zy16S4\" class=\"brz-section brz-css-11frxu2\">\n<div class=\"brz-section__content brz-section--boxed brz-css-1ld45dq brz-css-6qcfc8\" data-brz-custom-id=\"n1VgsKHNPx4W\">\n<div class=\"brz-container brz-css-165a5nm\">\n<div class=\"brz-row__container brz-css-tpaahb\" data-brz-custom-id=\"rt8onpc3CsDK\">\n<div class=\"brz-bg\"><\/div>\n<div class=\"brz-row brz-css-2uz82v\">\n<div class=\"brz-columns brz-css-vvvmzg\" data-brz-custom-id=\"ulYXvxvht4gi\">\n<div class=\"brz-bg\"><\/div>\n<div class=\"brz-column__items brz-css-ektl3z\">\n<div id=\"\" class=\"brz-css-66vva0 brz-wrapper\">\n<div class=\"brz-rich-text brz-rich-text__custom brz-css-uj5yxc\" data-brz-custom-id=\"ymH_jUNTmXXZ\">\n<div data-brz-translate-text=\"1\">\n<p class=\"brz-text-lg-left brz-text-xs-center brz-fss-lg-px brz-fw-lg-700 brz-ls-lg-1 brz-lh-lg-1_3 brz-ff-roboto brz-ft-google brz-fs-lg-16 brz-tp-lg-paragraph brz-css-raekG\" data-generated-css=\"brz-css-wpfR_\" data-uniq-id=\"hGvzu\"><strong>Agadir \u00e8 nota per il suo oro liquido. L&#8217;albero di argan, con i suoi lunghi aculei, cresce solo in questa regione. Il prezioso olio di argan viene utilizzato per la cosmesi e come olio di noci per cucinare e cuocere.<\/strong><\/p>\n<p class=\"brz-text-lg-left brz-text-xs-center brz-fss-lg-px brz-fw-lg-700 brz-ls-lg-1 brz-lh-lg-1_3 brz-ff-roboto brz-ft-google brz-fs-lg-16 brz-tp-lg-paragraph brz-css-gIiyH\" data-generated-css=\"brz-css-x4GNm\" data-uniq-id=\"mUCMx\"><\/p>\n<p class=\"brz-text-lg-left brz-text-xs-center brz-fss-lg-px brz-fw-lg-700 brz-ls-lg-1 brz-lh-lg-1_3 brz-ff-roboto brz-ft-google brz-fs-lg-16 brz-tp-lg-paragraph brz-css-yDzJi\" data-generated-css=\"brz-css-gOa8f\" data-uniq-id=\"j4eQB\"><strong>Anche il noto Amlou, la Nutella dei Berberi, contiene olio di argan. Non mancate di assaggiare questa prelibatezza quando vi recate ad Agadir.<\/strong><\/p>\n<\/div>\n<\/div>\n<\/div>\n<div id=\"\" class=\"brz-css-66vva0 brz-wrapper\">\n<div class=\"brz-image brz-css-tzqyca\" data-brz-custom-id=\"qjaZQTD0kFDG\"><img decoding=\"async\" class=\"brz-img\" src=\"https:\/\/vacation-morocco.com\/it?brizy_media=wp-4b26625d0e497330038000594976c4a8.jpg&amp;brizy_crop=iW%3D605%26iH%3D403%26oX%3D33%26oY%3D0%26cW%3D540%26cH%3D403\" alt=\"\" loading=\"lazy\"><\/div>\n<\/div>\n<\/div>\n<p><a class=\"brz-a brz-container-link\" href=\"\" target=\"_self\" rel=\"noopener\" data-brz-link-type=\"page\"><\/a><\/div>\n<div class=\"brz-columns brz-css-vvvmzg\" data-brz-custom-id=\"gL_IPnie_8XC\">\n<div class=\"brz-bg\"><\/div>\n<div class=\"brz-column__items brz-css-ektl3z\">\n<div id=\"\" class=\"brz-css-66vva0 brz-wrapper\">\n<div class=\"brz-map brz-map_styles brz-css-19t4gv5 brz-css-60c1zu\" data-brz-custom-id=\"vI8hyOXwIyZE\">\n<div class=\"brz-ui-ed-map-content\"><\/div>\n<\/div>\n<\/div>\n<div class=\"brz-wrapper-clone brz-css-24ix2j\">\n<div class=\"brz-d-xs-flex brz-flex-xs-wrap brz-css-1e8dhm4\" data-brz-custom-id=\"\">\n<div class=\"brz-wrapper-clone__item\" id=\"raIkc0lBHP1I\"><a class=\"brz-a brz-btn brz-css-j2i2jo brz-css-777u1j brz-css-edzb3v brz-css-x4nmcq\" href=\"\" target=\"_self\" rel=\"noopener\" data-brz-link-type=\"external\" data-brz-custom-id=\"raIkc0lBHP1I\"><span data-brz-translate-text=\"1\" class=\"brz-span brz-text__editor\">Contattare<\/span><\/a><\/div>\n<\/div>\n<\/div>\n<\/div>\n<\/div>\n<\/div>\n<\/div>\n<\/div>\n<\/div>\n<\/section>\n<\/div>\n<p>    <!-- version:1737504729 --><\/p>\n","protected":false},"excerpt":{"rendered":"<p>Marocco- Viaggio in citt\u00e0 Agadir Vi invitiamo a scoprire con noi questo paese cos\u00ec vario. Dalle citt\u00e0 al deserto, dalla spiaggia al mare, il Marocco ha tutto da offrire. 01 Su misura Organizzeremo il vostro viaggio in base ai vostri desideri. 02 Autentico Conoscere il Paese e la sua gente in modo autentico. 03 Personale [&hellip;]<\/p>\n","protected":false},"author":2,"featured_media":0,"parent":0,"menu_order":0,"comment_status":"closed","ping_status":"closed","template":"","meta":{"_seopress_robots_primary_cat":"","_seopress_titles_title":"","_seopress_titles_desc":"","_seopress_robots_index":"","footnotes":""},"class_list":["post-2662","page","type-page","status-publish","hentry"],"blocksy_meta":[],"brizy_media":[],"_links":{"self":[{"href":"https:\/\/vacation-morocco.com\/it\/wp-json\/wp\/v2\/pages\/2662","targetHints":{"allow":["GET"]}}],"collection":[{"href":"https:\/\/vacation-morocco.com\/it\/wp-json\/wp\/v2\/pages"}],"about":[{"href":"https:\/\/vacation-morocco.com\/it\/wp-json\/wp\/v2\/types\/page"}],"author":[{"embeddable":true,"href":"https:\/\/vacation-morocco.com\/it\/wp-json\/wp\/v2\/users\/2"}],"replies":[{"embeddable":true,"href":"https:\/\/vacation-morocco.com\/it\/wp-json\/wp\/v2\/comments?post=2662"}],"version-history":[{"count":16,"href":"https:\/\/vacation-morocco.com\/it\/wp-json\/wp\/v2\/pages\/2662\/revisions"}],"predecessor-version":[{"id":6413,"href":"https:\/\/vacation-morocco.com\/it\/wp-json\/wp\/v2\/pages\/2662\/revisions\/6413"}],"wp:attachment":[{"href":"https:\/\/vacation-morocco.com\/it\/wp-json\/wp\/v2\/media?parent=2662"}],"curies":[{"name":"wp","href":"https:\/\/api.w.org\/{rel}","templated":true}]}}