{"id":2658,"date":"2023-11-27T11:24:57","date_gmt":"2023-11-27T10:24:57","guid":{"rendered":"https:\/\/vacation-morocco.nextron.org\/staedtereise-essaouira\/"},"modified":"2026-03-25T23:26:06","modified_gmt":"2026-03-25T22:26:06","slug":"viaggio-in-citta-a-essaouira","status":"publish","type":"page","link":"https:\/\/vacation-morocco.com\/it\/viaggio-in-citta-a-essaouira\/","title":{"rendered":"Viaggio in citt\u00e0 a Essaouira"},"content":{"rendered":"<div class=\"brz-root__container brz-reset-all brz brz-root__container-page\">\n<section id=\"_fvf9ziizW0Zm\" class=\"brz-section brz-css-kswqz2\">\n<div class=\"brz-section__content brz-section--boxed brz-css-14k92yu brz-css-11g9lut\" data-brz-custom-id=\"vdLRDhBSgMO1\">\n<div class=\"brz-bg\">\n<div class=\"brz-bg-image\"><\/div>\n<\/div>\n<div class=\"brz-container brz-css-19phdyp\">\n<div class=\"brz-row__container brz-css-1yse962\" data-brz-custom-id=\"x50Vp1lLASt2\">\n<div class=\"brz-bg\"><\/div>\n<div class=\"brz-row brz-css-h503i0 brz-css-1lyuiu6\">\n<div class=\"brz-columns brz-css-14k77eh brz-css-1uqlsi5\" data-brz-custom-id=\"fURw_y9VjBaE\">\n<div class=\"brz-bg\"><\/div>\n<div class=\"brz-column__items brz-css-vh5egn\">\n<div id=\"\" class=\"brz-css-6f0f1u brz-wrapper\">\n<div class=\"brz-rich-text brz-rich-text__custom brz-css-1sm5nne\" data-brz-custom-id=\"y16xL4Tgwb8T\">\n<div data-brz-translate-text=\"1\">\n<h1 class=\"brz-text-xs-center brz-ff-roboto brz-ft-google brz-fs-lg-66 brz-fss-lg-px brz-fw-lg-900 brz-ls-lg-0 brz-lh-lg-1_3 brz-text-lg-center brz-tp-lg-heading1 brz-css-zgpbD\" data-uniq-id=\"zxTXT\" data-generated-css=\"brz-css-rX9Oh\"><span style=\"opacity: 1\" class=\"brz-cp-color2\"> <\/span><\/h1>\n<h1 class=\"brz-text-xs-center brz-ff-roboto brz-ft-google brz-fs-lg-66 brz-fss-lg-px brz-fw-lg-900 brz-ls-lg-0 brz-lh-lg-1_3 brz-text-lg-center brz-tp-lg-heading1 brz-css-dnTOA\" data-uniq-id=\"zxTXT\" data-generated-css=\"brz-css-rX9Oh\"><span style=\"opacity: 1\" class=\"brz-cp-color2\">Marocco-<\/span><\/h1>\n<h1 class=\"brz-text-xs-center brz-ff-roboto brz-ft-google brz-fs-lg-66 brz-fss-lg-px brz-fw-lg-900 brz-ls-lg-0 brz-lh-lg-1_3 brz-text-lg-center brz-tp-lg-heading1 brz-css-nxjIc\" data-uniq-id=\"dlhAg\" data-generated-css=\"brz-css-kJMf9\"><span style=\"opacity: 1\" class=\"brz-cp-color2\">Viaggio in citt\u00e0 Essaouira<\/span><\/h1>\n<\/div>\n<\/div>\n<\/div>\n<div id=\"\" class=\"brz-css-6f0f1u brz-wrapper\">\n<div class=\"brz-rich-text brz-rich-text__custom brz-css-1sm5nne\" data-brz-custom-id=\"oR4nlIktFBjA\">\n<div data-brz-translate-text=\"1\">\n<h4 class=\"brz-mb-lg-100 brz-lh-lg-1_6 brz-ls-lg-0 brz-fw-lg-400 brz-fss-lg-px brz-fs-lg-20 brz-ft-google brz-ff-roboto brz-text-lg-center brz-text-xs-center brz-tp-lg-heading4 brz-css-evHnC\" data-generated-css=\"brz-css-rUx04\" data-uniq-id=\"i34jT\"><span style=\"opacity: 1\" class=\"brz-cp-color2\">Vi invitiamo a scoprire con noi questo paese cos\u00ec vario. Dalle citt\u00e0 al deserto, dalla spiaggia al mare, il Marocco ha tutto da offrire.<\/span><\/h4>\n<\/div>\n<\/div>\n<\/div>\n<\/div>\n<\/div>\n<\/div>\n<\/div>\n<div id=\"\" class=\"brz-css-6f0f1u brz-css-6tk9l0 brz-css-1okiewd brz-wrapper\">\n<div class=\"brz-spacer brz-css-10sdu7n brz-css-1xit7ml\"><\/div>\n<\/div>\n<div class=\"brz-row__container brz-css-1yse962\" data-brz-custom-id=\"t2LUCJB4h_uC\">\n<div class=\"brz-bg\"><\/div>\n<div class=\"brz-row brz-css-h503i0 brz-css-1lyuiu6\">\n<div class=\"brz-columns brz-css-14k77eh brz-css-yz4nmv\" data-brz-custom-id=\"xhbvXVUeMkXG\">\n<div class=\"brz-bg\"><\/div>\n<div class=\"brz-column__items brz-css-vh5egn brz-css-1ldwuf8\">\n<div id=\"\" class=\"brz-css-6f0f1u brz-css-1nl776v brz-wrapper\">\n<div class=\"brz-rich-text brz-rich-text__custom brz-css-1sm5nne\" data-brz-custom-id=\"jLMHrdCd4fy5\">\n<div data-brz-translate-text=\"1\">\n<p class=\"brz-tp-heading2 brz-css-fUjVe\"><span class=\"brz-cp-color8\">01<\/span><\/p>\n<\/div>\n<\/div>\n<\/div>\n<div id=\"\" class=\"brz-css-6f0f1u brz-css-d2ie2l brz-wrapper\">\n<div class=\"brz-rich-text brz-rich-text__custom brz-css-1sm5nne\" data-brz-custom-id=\"tv42ZxrtQe0D\">\n<div data-brz-translate-text=\"1\">\n<p class=\"brz-fs-sm-18 brz-tp-lg-heading4 brz-css-gvQOz\" data-uniq-id=\"oDDuZ\" data-generated-css=\"brz-css-btrKR\"><span style=\"opacity: 1\" class=\"brz-cp-color8\">Su misura<\/span><\/p>\n<\/div>\n<\/div>\n<\/div>\n<div id=\"\" class=\"brz-css-6f0f1u brz-wrapper\">\n<div class=\"brz-rich-text brz-rich-text__custom brz-css-1sm5nne\" data-brz-custom-id=\"x0e1Zbp9luGK\">\n<div data-brz-translate-text=\"1\">\n<p class=\"brz-tp-lg-paragraph brz-css-nKqYT\" data-uniq-id=\"oriKV\" data-generated-css=\"brz-css-wxXd3\"><span style=\"opacity: 1\" class=\"brz-cp-color8\">Organizzeremo il vostro viaggio in base ai vostri desideri.<\/span><\/p>\n<\/div>\n<\/div>\n<\/div>\n<\/div>\n<\/div>\n<div class=\"brz-columns brz-css-14k77eh brz-css-wwzhiz\" data-brz-custom-id=\"eJB2CGUgQtpg\">\n<div class=\"brz-bg\"><\/div>\n<div class=\"brz-column__items brz-css-vh5egn brz-css-147xmen\">\n<div id=\"\" class=\"brz-css-6f0f1u brz-css-5366k0 brz-wrapper\">\n<div class=\"brz-rich-text brz-rich-text__custom brz-css-1sm5nne\" data-brz-custom-id=\"ae7dGLgHJrjD\">\n<div data-brz-translate-text=\"1\">\n<p class=\"brz-tp-heading2 brz-css-hiXXp\"><span class=\"brz-cp-color8\">02<\/span><\/p>\n<\/div>\n<\/div>\n<\/div>\n<div id=\"\" class=\"brz-css-6f0f1u brz-css-17h63j1 brz-wrapper\">\n<div class=\"brz-rich-text brz-rich-text__custom brz-css-1sm5nne\" data-brz-custom-id=\"kgy2bq3yMXL5\">\n<div data-brz-translate-text=\"1\">\n<p class=\"brz-fs-sm-18 brz-tp-lg-heading4 brz-css-giiNQ\" data-uniq-id=\"k5Hpd\" data-generated-css=\"brz-css-g_XRp\"><span style=\"opacity: 1\" class=\"brz-cp-color8\">Autentico<\/span><\/p>\n<\/div>\n<\/div>\n<\/div>\n<div id=\"\" class=\"brz-css-6f0f1u brz-wrapper\">\n<div class=\"brz-rich-text brz-rich-text__custom brz-css-1sm5nne\" data-brz-custom-id=\"yupzDMI0P3fw\">\n<div data-brz-translate-text=\"1\">\n<p class=\"brz-tp-lg-paragraph brz-css-udOkX\" data-generated-css=\"brz-css-lZL6G\" data-uniq-id=\"lN3rP\"><span style=\"opacity: 1\" class=\"brz-cp-color8\">Conoscere il Paese e la sua gente in modo autentico.<\/span><\/p>\n<\/div>\n<\/div>\n<\/div>\n<\/div>\n<\/div>\n<div class=\"brz-columns brz-css-14k77eh brz-css-2g58o0\" data-brz-custom-id=\"uixA5lfrkET2\">\n<div class=\"brz-bg\"><\/div>\n<div class=\"brz-column__items brz-css-vh5egn brz-css-17zvxvn\">\n<div id=\"\" class=\"brz-css-6f0f1u brz-css-nv2pyv brz-wrapper\">\n<div class=\"brz-rich-text brz-rich-text__custom brz-css-1sm5nne\" data-brz-custom-id=\"nP7Hm6jbN04D\">\n<div data-brz-translate-text=\"1\">\n<p class=\"brz-tp-heading2 brz-css-cqCa3\"><span class=\"brz-cp-color8\">03<\/span><\/p>\n<\/div>\n<\/div>\n<\/div>\n<div id=\"\" class=\"brz-css-6f0f1u brz-css-1ftdzfd brz-wrapper\">\n<div class=\"brz-rich-text brz-rich-text__custom brz-css-1sm5nne\" data-brz-custom-id=\"lXIoiEG35PXa\">\n<div data-brz-translate-text=\"1\">\n<p class=\"brz-fs-sm-18 brz-tp-lg-heading4 brz-css-abXif\" data-uniq-id=\"hh4rf\" data-generated-css=\"brz-css-jtGNz\"><span style=\"opacity: 1\" class=\"brz-cp-color8\">Personale<\/span><\/p>\n<\/div>\n<\/div>\n<\/div>\n<div id=\"\" class=\"brz-css-6f0f1u brz-wrapper\">\n<div class=\"brz-rich-text brz-rich-text__custom brz-css-1sm5nne\" data-brz-custom-id=\"jApU3SIZkVHn\">\n<div data-brz-translate-text=\"1\">\n<p class=\"brz-tp-lg-paragraph brz-css-dA5Kz\" data-uniq-id=\"xcFmd\" data-generated-css=\"brz-css-tAA8F\"><span style=\"opacity: 1\" class=\"brz-cp-color8\">Siamo una piccola azienda a conduzione familiare e saremo lieti di consigliarvi personalmente.<\/span><\/p>\n<\/div>\n<\/div>\n<\/div>\n<\/div>\n<\/div>\n<\/div>\n<\/div>\n<\/div>\n<\/div>\n<\/section>\n<section id=\"_iyPbJW6vMuZ1\" class=\"brz-section brz-css-kswqz2\">\n<div class=\"brz-section__content brz-section--boxed brz-css-14k92yu brz-css-ppnwgi\" data-brz-custom-id=\"vw2GUxc0fIZm\">\n<div class=\"brz-container brz-css-19phdyp\">\n<div class=\"brz-row__container brz-css-1yse962\" data-brz-custom-id=\"k_ci3ZLXJek5\">\n<div class=\"brz-bg\"><\/div>\n<div class=\"brz-row brz-css-h503i0\">\n<div class=\"brz-columns brz-css-14k77eh\" data-brz-custom-id=\"iEKj9Vr6xWdw\">\n<div class=\"brz-bg\"><\/div>\n<div class=\"brz-column__items brz-css-vh5egn\">\n<div id=\"\" class=\"brz-css-6f0f1u brz-wrapper\">\n<div class=\"brz-rich-text brz-rich-text__custom brz-css-1sm5nne\" data-brz-custom-id=\"xVzLaoJHyXxc\">\n<div data-brz-translate-text=\"1\">\n<p class=\"brz-fs-lg-16 brz-ft-google brz-ff-roboto brz-lh-lg-1_3 brz-ls-lg-1 brz-fw-lg-700 brz-fss-lg-px brz-text-xs-center brz-text-lg-left brz-tp-lg-paragraph brz-css-wKWnO\" data-uniq-id=\"zaQwq\" data-generated-css=\"brz-css-bz76r\"><strong>Essaouira si trova nella parte occidentale della costa atlantica del Marocco. L&#8217;affascinante cittadina \u00e8 stata dichiarata Patrimonio dell&#8217;Umanit\u00e0 dall&#8217;UNESCO nel 2001. Ogni giugno si svolge un festival musicale con la tipica musica Gnawa. Essaouira \u00e8 ideale per una gita di un giorno da Marrakech.<\/strong><\/p>\n<\/div>\n<\/div>\n<\/div>\n<div id=\"\" class=\"brz-css-6f0f1u brz-wrapper\">\n<div class=\"brz-image brz-css-13khy5l\" data-brz-custom-id=\"dZlW2_vVkbcp\"><img decoding=\"async\" class=\"brz-img\" src=\"https:\/\/vacation-morocco.com\/it?brizy_media=wp-89552b4ae881fc2e325721c1d9fff04a.jpg&amp;brizy_crop=iW%3D545%26iH%3D409%26oX%3D0%26oY%3D0%26cW%3D545%26cH%3D409\" alt=\"\" loading=\"lazy\"><\/div>\n<\/div>\n<div class=\"brz-wrapper-clone brz-css-cmpfod\">\n<div class=\"brz-d-xs-flex brz-flex-xs-wrap brz-css-1y627ey\" data-brz-custom-id=\"\">\n<div class=\"brz-wrapper-clone__item\" id=\"hWbSWotWEs1S\"><a class=\"brz-a brz-btn brz-css-1d02ovk brz-css-14yejym brz-css-mpzr89 brz-css-bbdsrt\" href=\"\" target=\"_self\" rel=\"noopener\" data-brz-link-type=\"external\" data-brz-custom-id=\"hWbSWotWEs1S\"><span data-brz-translate-text=\"1\" class=\"brz-span brz-text__editor\">Contattare<\/span><\/a><\/div>\n<\/div>\n<\/div>\n<\/div>\n<p><a class=\"brz-a brz-container-link\" href=\"\" target=\"_self\" rel=\"noopener\" data-brz-link-type=\"page\"><\/a><\/div>\n<div class=\"brz-columns brz-css-14k77eh\" data-brz-custom-id=\"bKH9cINFlmte\">\n<div class=\"brz-bg\"><\/div>\n<div class=\"brz-column__items brz-css-vh5egn\">\n<div id=\"\" class=\"brz-css-6f0f1u brz-wrapper\">\n<div class=\"brz-map brz-map_styles brz-css-1gofv3y brz-css-7nvtnk\" data-brz-custom-id=\"jg9siEv2gZWv\">\n<div class=\"brz-ui-ed-map-content\"><\/div>\n<\/div>\n<\/div>\n<\/div>\n<\/div>\n<\/div>\n<\/div>\n<\/div>\n<\/div>\n<\/section>\n<\/div>\n<p>    <!-- version:1737527072 --><\/p>\n","protected":false},"excerpt":{"rendered":"<p>Marocco- Viaggio in citt\u00e0 Essaouira Vi invitiamo a scoprire con noi questo paese cos\u00ec vario. Dalle citt\u00e0 al deserto, dalla spiaggia al mare, il Marocco ha tutto da offrire. 01 Su misura Organizzeremo il vostro viaggio in base ai vostri desideri. 02 Autentico Conoscere il Paese e la sua gente in modo autentico. 03 Personale [&hellip;]<\/p>\n","protected":false},"author":2,"featured_media":0,"parent":0,"menu_order":0,"comment_status":"closed","ping_status":"closed","template":"","meta":{"_seopress_robots_primary_cat":"","_seopress_titles_title":"Essaouira: una citt\u00e0 incantevole nel cuore del Marocco!","_seopress_titles_desc":"Scoprite la magia di Essaouira con la nostra offerta per un&#039;indimenticabile vacanza in citt\u00e0. Perdetevi negli affascinanti vicoli di questa antica citt\u00e0 marocchina, ammirate le maestose mura e immergetevi nella vivace scena culturale. Dai mercati colorati alle spiagge mozzafiato, vi garantiamo un&#039;esperienza autentica e affascinante. Prenotate subito la vostra vacanza a Essaouira e immergetevi nel cuore della storia e della bellezza del Marocco.","_seopress_robots_index":"","footnotes":""},"class_list":["post-2658","page","type-page","status-publish","hentry"],"blocksy_meta":[],"brizy_media":[],"_links":{"self":[{"href":"https:\/\/vacation-morocco.com\/it\/wp-json\/wp\/v2\/pages\/2658","targetHints":{"allow":["GET"]}}],"collection":[{"href":"https:\/\/vacation-morocco.com\/it\/wp-json\/wp\/v2\/pages"}],"about":[{"href":"https:\/\/vacation-morocco.com\/it\/wp-json\/wp\/v2\/types\/page"}],"author":[{"embeddable":true,"href":"https:\/\/vacation-morocco.com\/it\/wp-json\/wp\/v2\/users\/2"}],"replies":[{"embeddable":true,"href":"https:\/\/vacation-morocco.com\/it\/wp-json\/wp\/v2\/comments?post=2658"}],"version-history":[{"count":15,"href":"https:\/\/vacation-morocco.com\/it\/wp-json\/wp\/v2\/pages\/2658\/revisions"}],"predecessor-version":[{"id":6837,"href":"https:\/\/vacation-morocco.com\/it\/wp-json\/wp\/v2\/pages\/2658\/revisions\/6837"}],"wp:attachment":[{"href":"https:\/\/vacation-morocco.com\/it\/wp-json\/wp\/v2\/media?parent=2658"}],"curies":[{"name":"wp","href":"https:\/\/api.w.org\/{rel}","templated":true}]}}