{"id":2654,"date":"2023-11-27T11:25:14","date_gmt":"2023-11-27T10:25:14","guid":{"rendered":"https:\/\/vacation-morocco.nextron.org\/staedtereise-marrakesch\/"},"modified":"2026-03-20T02:04:32","modified_gmt":"2026-03-20T01:04:32","slug":"viaggio-nella-citta-marrakech","status":"publish","type":"page","link":"https:\/\/vacation-morocco.com\/it\/viaggio-nella-citta-marrakech\/","title":{"rendered":"Viaggio in citt\u00e0 Marrakech"},"content":{"rendered":"<div class=\"brz-root__container brz-reset-all brz brz-root__container-page\">\n<section id=\"_rBqKBG050cdt\" class=\"brz-section brz-css-hyjykj\">\n<div class=\"brz-section__content brz-section--boxed brz-css-1rjdxej brz-css-ek2iho\" data-brz-custom-id=\"cWtlgyD10tzu\">\n<div class=\"brz-bg\">\n<div class=\"brz-bg-image\"><\/div>\n<\/div>\n<div class=\"brz-container brz-css-3b3hrl\">\n<div class=\"brz-row__container brz-css-104mbpf\" data-brz-custom-id=\"n_rYPHZPEEqX\">\n<div class=\"brz-bg\"><\/div>\n<div class=\"brz-row brz-css-5a4g38 brz-css-1q0c1ld\">\n<div class=\"brz-columns brz-css-nfu0tw brz-css-1imnjxf\" data-brz-custom-id=\"qj9x8U3mnr0m\">\n<div class=\"brz-bg\"><\/div>\n<div class=\"brz-column__items brz-css-2a1vs3\">\n<div id=\"\" class=\"brz-css-16626ah brz-wrapper\">\n<div class=\"brz-rich-text brz-rich-text__custom brz-css-1djt58t\" data-brz-custom-id=\"l8BFkKyQgyT6\">\n<div data-brz-translate-text=\"1\">\n<h1 class=\"brz-text-xs-center brz-ff-roboto brz-ft-google brz-fs-lg-66 brz-fss-lg-px brz-fw-lg-900 brz-ls-lg-0 brz-lh-lg-1_3 brz-text-lg-center brz-tp-lg-heading1 brz-css-xbYa5\" data-uniq-id=\"xznKy\" data-generated-css=\"brz-css-wPSSY\"><span style=\"opacity: 1\" class=\"brz-cp-color2\"> <\/span><\/h1>\n<h1 class=\"brz-text-xs-center brz-ff-roboto brz-ft-google brz-fs-lg-66 brz-fss-lg-px brz-fw-lg-900 brz-ls-lg-0 brz-lh-lg-1_3 brz-text-lg-center brz-tp-lg-heading1 brz-css-jD7FW\" data-uniq-id=\"hCtfQ,nzJQ9\" data-generated-css=\"brz-css-wmLOi,brz-css-t8XmN\"><span style=\"opacity: 1\" class=\"brz-cp-color2\">Marocco-<\/span><\/h1>\n<h1 class=\"brz-text-xs-center brz-ff-roboto brz-ft-google brz-fs-lg-66 brz-fss-lg-px brz-fw-lg-900 brz-ls-lg-0 brz-lh-lg-1_3 brz-text-lg-center brz-tp-lg-heading1 brz-css-l9394\" data-uniq-id=\"nzJQ9\" data-generated-css=\"brz-css-t8XmN\"><span style=\"opacity: 1\" class=\"brz-cp-color2\">Viaggio in citt\u00e0 Marrakech<\/span><\/h1>\n<\/div>\n<\/div>\n<\/div>\n<div id=\"\" class=\"brz-css-16626ah brz-wrapper\">\n<div class=\"brz-rich-text brz-rich-text__custom brz-css-1djt58t\" data-brz-custom-id=\"jeltiVTIlWSu\">\n<div data-brz-translate-text=\"1\">\n<h4 class=\"brz-lh-lg-1_6 brz-ls-lg-0 brz-fw-lg-400 brz-fss-lg-px brz-fs-lg-20 brz-ft-google brz-ff-roboto brz-text-lg-center brz-text-xs-center brz-tp-lg-heading4 brz-css-yC3ZQ\" data-generated-css=\"brz-css-pGD1X\" data-uniq-id=\"eaxBF\"><span style=\"opacity: 1\" class=\"brz-cp-color2\">Vi invitiamo a scoprire con noi questo paese cos\u00ec vario. Dalle citt\u00e0 al deserto, dalla spiaggia al mare, il Marocco ha tutto da offrire.<\/span><\/h4>\n<h4 class=\"brz-lh-lg-1_6 brz-ls-lg-0 brz-fw-lg-400 brz-fss-lg-px brz-fs-lg-20 brz-ft-google brz-ff-roboto brz-text-lg-center brz-text-xs-center brz-tp-lg-heading4 brz-css-hivVF\" data-generated-css=\"brz-css-pGD1X\" data-uniq-id=\"eaxBF\"><span style=\"opacity: 1\" class=\"brz-cp-color2\"> <\/span><\/h4>\n<\/div>\n<\/div>\n<\/div>\n<\/div>\n<\/div>\n<\/div>\n<\/div>\n<div id=\"\" class=\"brz-css-16626ah brz-css-16efmt6 brz-css-t6h5qh brz-wrapper\">\n<div class=\"brz-spacer brz-css-mcnfhh brz-css-1lb78io\"><\/div>\n<\/div>\n<div class=\"brz-row__container brz-css-104mbpf\" data-brz-custom-id=\"b8hDMdUg4YWE\">\n<div class=\"brz-bg\"><\/div>\n<div class=\"brz-row brz-css-5a4g38 brz-css-1q0c1ld\">\n<div class=\"brz-columns brz-css-nfu0tw brz-css-4jueup\" data-brz-custom-id=\"wCPfNa5UgdLj\">\n<div class=\"brz-bg\"><\/div>\n<div class=\"brz-column__items brz-css-2a1vs3 brz-css-43j4vt\">\n<div id=\"\" class=\"brz-css-16626ah brz-css-17ns3u2 brz-wrapper\">\n<div class=\"brz-rich-text brz-rich-text__custom brz-css-1djt58t\" data-brz-custom-id=\"wBJlDstm9R5P\">\n<div data-brz-translate-text=\"1\">\n<p class=\"brz-tp-heading2 brz-css-aRptY\"><span class=\"brz-cp-color8\">01<\/span><\/p>\n<\/div>\n<\/div>\n<\/div>\n<div id=\"\" class=\"brz-css-16626ah brz-css-in7wka brz-wrapper\">\n<div class=\"brz-rich-text brz-rich-text__custom brz-css-1djt58t\" data-brz-custom-id=\"yUTb9C3F89Ku\">\n<div data-brz-translate-text=\"1\">\n<p class=\"brz-fs-sm-18 brz-tp-lg-heading4 brz-css-jMjQ5\" data-uniq-id=\"bTOaz\" data-generated-css=\"brz-css-cUp1O\"><span style=\"opacity: 1\" class=\"brz-cp-color8\">Su misura<\/span><\/p>\n<\/div>\n<\/div>\n<\/div>\n<div id=\"\" class=\"brz-css-16626ah brz-wrapper\">\n<div class=\"brz-rich-text brz-rich-text__custom brz-css-1djt58t\" data-brz-custom-id=\"wpyT9by3XMom\">\n<div data-brz-translate-text=\"1\">\n<p class=\"brz-tp-lg-paragraph brz-css-aFSKx\" data-uniq-id=\"nmmyr\" data-generated-css=\"brz-css-y8wy8\"><span style=\"opacity: 1\" class=\"brz-cp-color8\">Organizzeremo il vostro viaggio in base ai vostri desideri.<\/span><\/p>\n<\/div>\n<\/div>\n<\/div>\n<\/div>\n<p><a class=\"brz-a brz-container-link\" href=\"\" target=\"_self\" rel=\"noopener\" data-brz-link-type=\"page\"><\/a><\/div>\n<div class=\"brz-columns brz-css-nfu0tw brz-css-1fq8c44\" data-brz-custom-id=\"yr0e3RuTqhEX\">\n<div class=\"brz-bg\"><\/div>\n<div class=\"brz-column__items brz-css-2a1vs3 brz-css-52btvo\">\n<div id=\"\" class=\"brz-css-16626ah brz-css-157gtb6 brz-wrapper\">\n<div class=\"brz-rich-text brz-rich-text__custom brz-css-1djt58t\" data-brz-custom-id=\"jvjirFaTiHM0\">\n<div data-brz-translate-text=\"1\">\n<p class=\"brz-tp-heading2 brz-css-cLzr0\"><span class=\"brz-cp-color8\">02<\/span><\/p>\n<\/div>\n<\/div>\n<\/div>\n<div id=\"\" class=\"brz-css-16626ah brz-css-qrs6wq brz-wrapper\">\n<div class=\"brz-rich-text brz-rich-text__custom brz-css-1djt58t\" data-brz-custom-id=\"gnuLr0yTuYlq\">\n<div data-brz-translate-text=\"1\">\n<p class=\"brz-fs-sm-18 brz-tp-lg-heading4 brz-css-yAwoe\" data-uniq-id=\"omA5A\" data-generated-css=\"brz-css-nzEtL\"><span style=\"opacity: 1\" class=\"brz-cp-color8\">Autentico<\/span><\/p>\n<\/div>\n<\/div>\n<\/div>\n<div id=\"\" class=\"brz-css-16626ah brz-wrapper\">\n<div class=\"brz-rich-text brz-rich-text__custom brz-css-1djt58t\" data-brz-custom-id=\"fIsKtk8N8PWR\">\n<div data-brz-translate-text=\"1\">\n<p class=\"brz-tp-lg-paragraph brz-css-rzm9U\" data-generated-css=\"brz-css-sOIHE\" data-uniq-id=\"jkqbi\"><span style=\"opacity: 1\" class=\"brz-cp-color8\">Conoscere il Paese e la sua gente in modo autentico.<\/span><\/p>\n<\/div>\n<\/div>\n<\/div>\n<\/div>\n<p><a class=\"brz-a brz-container-link\" href=\"\" target=\"_self\" rel=\"noopener\" data-brz-link-type=\"page\"><\/a><\/div>\n<div class=\"brz-columns brz-css-nfu0tw brz-css-v0vncp\" data-brz-custom-id=\"aWbEnOFxTgcC\">\n<div class=\"brz-bg\"><\/div>\n<div class=\"brz-column__items brz-css-2a1vs3 brz-css-1xe46nj\">\n<div id=\"\" class=\"brz-css-16626ah brz-css-57k6rv brz-wrapper\">\n<div class=\"brz-rich-text brz-rich-text__custom brz-css-1djt58t\" data-brz-custom-id=\"cnm0_WVWoDgP\">\n<div data-brz-translate-text=\"1\">\n<p class=\"brz-tp-heading2 brz-css-k7JxU\"><span class=\"brz-cp-color8\">03<\/span><\/p>\n<\/div>\n<\/div>\n<\/div>\n<div id=\"\" class=\"brz-css-16626ah brz-css-4503d1 brz-wrapper\">\n<div class=\"brz-rich-text brz-rich-text__custom brz-css-1djt58t\" data-brz-custom-id=\"tnSGNEGOCE8e\">\n<div data-brz-translate-text=\"1\">\n<p class=\"brz-fs-sm-18 brz-tp-lg-heading4 brz-css-bAjhj\" data-uniq-id=\"rEtdx\" data-generated-css=\"brz-css-nkqvw\"><span style=\"opacity: 1\" class=\"brz-cp-color8\">Personale<\/span><\/p>\n<\/div>\n<\/div>\n<\/div>\n<div id=\"\" class=\"brz-css-16626ah brz-wrapper\">\n<div class=\"brz-rich-text brz-rich-text__custom brz-css-1djt58t\" data-brz-custom-id=\"ln08WJZzif0g\">\n<div data-brz-translate-text=\"1\">\n<p class=\"brz-tp-lg-paragraph brz-css-sJQEd\" data-uniq-id=\"svrpH\" data-generated-css=\"brz-css-a0L1s\"><span style=\"opacity: 1\" class=\"brz-cp-color8\">Siamo una piccola azienda a conduzione familiare e saremo lieti di consigliarvi personalmente.<\/span><\/p>\n<\/div>\n<\/div>\n<\/div>\n<\/div>\n<p><a class=\"brz-a brz-container-link\" href=\"\" target=\"_self\" rel=\"noopener\" data-brz-link-type=\"page\"><\/a><\/div>\n<\/div>\n<\/div>\n<\/div>\n<\/div>\n<\/section>\n<section id=\"_mGJzMJXkOUKn\" class=\"brz-section brz-css-hyjykj\">\n<div class=\"brz-section__content brz-section--boxed brz-css-1rjdxej brz-css-eqc5bu\" data-brz-custom-id=\"oheNEbfu1kG3\">\n<div class=\"brz-container brz-css-3b3hrl\">\n<div class=\"brz-row__container brz-css-104mbpf\" data-brz-custom-id=\"rBM0iGteCT0i\">\n<div class=\"brz-bg\"><\/div>\n<div class=\"brz-row brz-css-5a4g38\">\n<div class=\"brz-columns brz-css-nfu0tw\" data-brz-custom-id=\"tObFhTFqWg0O\">\n<div class=\"brz-bg\"><\/div>\n<div class=\"brz-column__items brz-css-2a1vs3\">\n<div id=\"\" class=\"brz-css-16626ah brz-wrapper\">\n<div class=\"brz-rich-text brz-rich-text__custom brz-css-1djt58t\" data-brz-custom-id=\"kRK_LSLiFSRZ\">\n<div data-brz-translate-text=\"1\">\n<p class=\"brz-tp-lg-paragraph brz-text-lg-left brz-text-xs-center brz-fss-lg-px brz-fw-lg-700 brz-ls-lg-1 brz-lh-lg-1_3 brz-ff-roboto brz-ft-google brz-fs-lg-16 brz-css-bQTCO\" data-generated-css=\"brz-css-sy1AV\" data-uniq-id=\"qBwHH\"><strong>Marrakech \u00e8 conosciuta come la citt\u00e0 rossa. Lasciatevi incantare da essa. Fate una deviazione verso il Museo Yves Saint Laurent o il Jardin Majorel. Potrete ammirare la splendida architettura del Palais Bahia e, se avete voglia di acqua, vi consigliamo i Giardini della Menara.<\/strong><\/p>\n<\/div>\n<\/div>\n<\/div>\n<div id=\"\" class=\"brz-css-16626ah brz-wrapper\">\n<div class=\"brz-image brz-css-n9yiz5\" data-brz-custom-id=\"b3GZlXAx4NRM\"><img decoding=\"async\" class=\"brz-img\" src=\"https:\/\/vacation-morocco.com\/it?brizy_media=wp-e8049e7dd2773002803cb4fe49bcc34f.jpg&amp;brizy_crop=iW%3D942%26iH%3D403%26oX%3D201%26oY%3D0%26cW%3D540%26cH%3D403\" alt=\"\" loading=\"lazy\"><\/div>\n<\/div>\n<\/div>\n<p><a class=\"brz-a brz-container-link\" href=\"\" target=\"_self\" rel=\"noopener\" data-brz-link-type=\"page\"><\/a><\/div>\n<div class=\"brz-columns brz-css-nfu0tw\" data-brz-custom-id=\"d6TjkPU8Gnf0\">\n<div class=\"brz-bg\"><\/div>\n<div class=\"brz-column__items brz-css-2a1vs3\">\n<div id=\"\" class=\"brz-css-16626ah brz-wrapper\">\n<div class=\"brz-map brz-map_styles brz-css-158ym9 brz-css-1781u6q\" data-brz-custom-id=\"fBO1R60TzT_G\">\n<div class=\"brz-ui-ed-map-content\"><\/div>\n<\/div>\n<\/div>\n<div class=\"brz-wrapper-clone brz-css-dvw1f4\">\n<div class=\"brz-d-xs-flex brz-flex-xs-wrap brz-css-nevoai\" data-brz-custom-id=\"\">\n<div class=\"brz-wrapper-clone__item\" id=\"ciMHlq3Bbg9h\"><a class=\"brz-a brz-btn brz-css-gw1trm brz-css-19t48b9 brz-css-m8n7ob brz-css-qwumbz\" href=\"\" target=\"_self\" rel=\"noopener\" data-brz-link-type=\"external\" data-brz-custom-id=\"ciMHlq3Bbg9h\"><span data-brz-translate-text=\"1\" class=\"brz-span brz-text__editor\">Contattare<\/span><\/a><\/div>\n<\/div>\n<\/div>\n<\/div>\n<p><a class=\"brz-a brz-container-link\" href=\"\" target=\"_self\" rel=\"noopener\" data-brz-link-type=\"page\"><\/a><\/div>\n<\/div>\n<\/div>\n<\/div>\n<\/div>\n<\/section>\n<\/div>\n<p>    <!-- version:1737383152 --><\/p>\n","protected":false},"excerpt":{"rendered":"<p>Marocco- Viaggio in citt\u00e0 Marrakech Vi invitiamo a scoprire con noi questo paese cos\u00ec vario. Dalle citt\u00e0 al deserto, dalla spiaggia al mare, il Marocco ha tutto da offrire. 01 Su misura Organizzeremo il vostro viaggio in base ai vostri desideri. 02 Autentico Conoscere il Paese e la sua gente in modo autentico. 03 Personale [&hellip;]<\/p>\n","protected":false},"author":2,"featured_media":0,"parent":0,"menu_order":0,"comment_status":"closed","ping_status":"closed","template":"","meta":{"_seopress_robots_primary_cat":"","_seopress_titles_title":"Marrakech: Un Viaggio da Sogno nel Cuore del Marocco!","_seopress_titles_desc":"Scoprite la magia di Marrakech con la nostra offerta per un&#039;indimenticabile vacanza in citt\u00e0. Ammirate i maestosi palazzi e i giardini ornati di questa citt\u00e0 millenaria, immergetevi nei colorati souk e assaporate le delizie della cucina marocchina. Con alloggi di charme e visite guidate, vi garantiamo un&#039;esperienza autentica e affascinante. Prenotate subito la vostra vacanza a Marrakech e partite per un viaggio tra i vicoli del passato e il vibrante presente del Marocco.","_seopress_robots_index":"","footnotes":""},"class_list":["post-2654","page","type-page","status-publish","hentry"],"blocksy_meta":[],"brizy_media":[],"_links":{"self":[{"href":"https:\/\/vacation-morocco.com\/it\/wp-json\/wp\/v2\/pages\/2654","targetHints":{"allow":["GET"]}}],"collection":[{"href":"https:\/\/vacation-morocco.com\/it\/wp-json\/wp\/v2\/pages"}],"about":[{"href":"https:\/\/vacation-morocco.com\/it\/wp-json\/wp\/v2\/types\/page"}],"author":[{"embeddable":true,"href":"https:\/\/vacation-morocco.com\/it\/wp-json\/wp\/v2\/users\/2"}],"replies":[{"embeddable":true,"href":"https:\/\/vacation-morocco.com\/it\/wp-json\/wp\/v2\/comments?post=2654"}],"version-history":[{"count":18,"href":"https:\/\/vacation-morocco.com\/it\/wp-json\/wp\/v2\/pages\/2654\/revisions"}],"predecessor-version":[{"id":6839,"href":"https:\/\/vacation-morocco.com\/it\/wp-json\/wp\/v2\/pages\/2654\/revisions\/6839"}],"wp:attachment":[{"href":"https:\/\/vacation-morocco.com\/it\/wp-json\/wp\/v2\/media?parent=2654"}],"curies":[{"name":"wp","href":"https:\/\/api.w.org\/{rel}","templated":true}]}}