{"id":2650,"date":"2023-11-27T11:25:34","date_gmt":"2023-11-27T10:25:34","guid":{"rendered":"https:\/\/vacation-morocco.nextron.org\/staedtereise-nach-wunsch\/"},"modified":"2026-03-21T07:54:56","modified_gmt":"2026-03-21T06:54:56","slug":"viaggio-di-ritorno-in-citta-a-piacere","status":"publish","type":"page","link":"https:\/\/vacation-morocco.com\/it\/viaggio-di-ritorno-in-citta-a-piacere\/","title":{"rendered":"Viaggio in citt\u00e0 a piacere"},"content":{"rendered":"<div class=\"brz-root__container brz-reset-all brz brz-root__container-page\">\n<section id=\"_m8E7pziXurF4\" class=\"brz-section brz-css-5xfbbd\">\n<div class=\"brz-section__content brz-section--boxed brz-css-17jz26k brz-css-1vyu9lr\" data-brz-custom-id=\"lCEt6FKktCnn\">\n<div class=\"brz-bg\">\n<div class=\"brz-bg-image\"><\/div>\n<\/div>\n<div class=\"brz-container brz-css-11yfotd\">\n<div class=\"brz-row__container brz-css-1x4s44h\" data-brz-custom-id=\"uUyw1wdYEUqD\">\n<div class=\"brz-bg\"><\/div>\n<div class=\"brz-row brz-css-1mfkx84 brz-css-cx20jl\">\n<div class=\"brz-columns brz-css-18316f4 brz-css-4t5sfj\" data-brz-custom-id=\"qAIEw00bsi1G\">\n<div class=\"brz-bg\"><\/div>\n<div class=\"brz-column__items brz-css-1cjiy38\">\n<div id=\"\" class=\"brz-css-i0u33n brz-wrapper\">\n<div class=\"brz-rich-text brz-rich-text__custom brz-css-10g7wm6\" data-brz-custom-id=\"e9Gl0XXobbe8\">\n<div data-brz-translate-text=\"1\">\n<h1 class=\"brz-text-lg-center brz-lh-lg-1_3 brz-ls-lg-0 brz-fw-lg-900 brz-fss-lg-px brz-fs-lg-66 brz-ft-google brz-ff-roboto brz-text-xs-center brz-tp-lg-heading1 brz-css-xYZCe\" data-generated-css=\"brz-css-w_XTB\" data-uniq-id=\"aEyfg\"><span style=\"opacity: 1\" class=\"brz-cp-color8\"> <\/span><\/h1>\n<h1 class=\"brz-text-lg-center brz-lh-lg-1_3 brz-ls-lg-0 brz-fw-lg-900 brz-fss-lg-px brz-fs-lg-66 brz-ft-google brz-ff-roboto brz-text-xs-center brz-tp-lg-heading1 brz-css-npUFB\" data-generated-css=\"brz-css-aSe5O\" data-uniq-id=\"tvXqP\"><span style=\"opacity: 1\" class=\"brz-cp-color8\">Marocco-<\/span><\/h1>\n<h1 class=\"brz-text-lg-center brz-lh-lg-1_3 brz-ls-lg-0 brz-fw-lg-900 brz-fss-lg-px brz-fs-lg-66 brz-ft-google brz-ff-roboto brz-text-xs-center brz-tp-lg-heading1 brz-css-nT_1F\" data-generated-css=\"brz-css-wmwM6\" data-uniq-id=\"nYzpM\"><span style=\"opacity: 1\" class=\"brz-cp-color8\">Viaggio di ritorno\/in citt\u00e0 a piacere<\/span><\/h1>\n<\/div>\n<\/div>\n<\/div>\n<div id=\"\" class=\"brz-css-i0u33n brz-wrapper\">\n<div class=\"brz-rich-text brz-rich-text__custom brz-css-10g7wm6\" data-brz-custom-id=\"mgO4rnFbJ8vZ\">\n<div data-brz-translate-text=\"1\">\n<h4 class=\"brz-lh-lg-1_6 brz-ls-lg-0 brz-fw-lg-400 brz-fss-lg-px brz-fs-lg-20 brz-ft-google brz-ff-roboto brz-text-lg-center brz-text-xs-center brz-tp-lg-heading4 brz-css-cqpVW\" data-generated-css=\"brz-css-koBoa\" data-uniq-id=\"wzdQj\"><span style=\"opacity: 1\" class=\"brz-cp-color8\">Vi invitiamo a scoprire con noi questo paese cos\u00ec vario. Dalle citt\u00e0 al deserto, dalla spiaggia al mare, il Marocco ha tutto da offrire.<\/span><\/h4>\n<\/div>\n<\/div>\n<\/div>\n<\/div>\n<\/div>\n<\/div>\n<\/div>\n<div id=\"\" class=\"brz-css-i0u33n brz-css-13x8ihb brz-css-i1l71h brz-wrapper\">\n<div class=\"brz-spacer brz-css-nwly57 brz-css-7hf428\"><\/div>\n<\/div>\n<div class=\"brz-row__container brz-css-1x4s44h\" data-brz-custom-id=\"obgN6c0RbUMT\">\n<div class=\"brz-bg\"><\/div>\n<div class=\"brz-row brz-css-1mfkx84 brz-css-cx20jl\">\n<div class=\"brz-columns brz-css-18316f4 brz-css-r3zhvo\" data-brz-custom-id=\"pvG4BvAdJ3Go\">\n<div class=\"brz-bg\"><\/div>\n<div class=\"brz-column__items brz-css-1cjiy38 brz-css-x2yxr1\">\n<div id=\"\" class=\"brz-css-i0u33n brz-css-mltw1h brz-wrapper\">\n<div class=\"brz-rich-text brz-rich-text__custom brz-css-10g7wm6\" data-brz-custom-id=\"wmvZCQVkwnlg\">\n<div data-brz-translate-text=\"1\">\n<p class=\"brz-tp-heading2 brz-css-rcGaM\"><span class=\"brz-cp-color8\">01<\/span><\/p>\n<\/div>\n<\/div>\n<\/div>\n<div id=\"\" class=\"brz-css-i0u33n brz-css-3bpuoy brz-wrapper\">\n<div class=\"brz-rich-text brz-rich-text__custom brz-css-10g7wm6\" data-brz-custom-id=\"kdmtdBE9IrA6\">\n<div data-brz-translate-text=\"1\">\n<p class=\"brz-fs-sm-18 brz-tp-lg-heading4 brz-css-nsY1e\" data-uniq-id=\"zG5Hd\" data-generated-css=\"brz-css-y62pm\"><span style=\"opacity: 1\" class=\"brz-cp-color8\">Su misura<\/span><\/p>\n<\/div>\n<\/div>\n<\/div>\n<div id=\"\" class=\"brz-css-i0u33n brz-wrapper\">\n<div class=\"brz-rich-text brz-rich-text__custom brz-css-10g7wm6\" data-brz-custom-id=\"doYTeJJBFK6b\">\n<div data-brz-translate-text=\"1\">\n<p class=\"brz-tp-lg-paragraph brz-css-gs8hb\" data-uniq-id=\"ejz1s\" data-generated-css=\"brz-css-oK7K7\"><span style=\"opacity: 1\" class=\"brz-cp-color8\">Organizzeremo il vostro viaggio in base ai vostri desideri.<\/span><\/p>\n<\/div>\n<\/div>\n<\/div>\n<\/div>\n<p><a class=\"brz-a brz-container-link\" href=\"\" target=\"_self\" rel=\"noopener\" data-brz-link-type=\"page\"><\/a><\/div>\n<div class=\"brz-columns brz-css-18316f4 brz-css-1n7qr8m\" data-brz-custom-id=\"rg0jBGjkk6XT\">\n<div class=\"brz-bg\"><\/div>\n<div class=\"brz-column__items brz-css-1cjiy38 brz-css-txs9gy\">\n<div id=\"\" class=\"brz-css-i0u33n brz-css-mkskj0 brz-wrapper\">\n<div class=\"brz-rich-text brz-rich-text__custom brz-css-10g7wm6\" data-brz-custom-id=\"zl9EbSVaeOCP\">\n<div data-brz-translate-text=\"1\">\n<p class=\"brz-tp-heading2 brz-css-kRE6o\"><span class=\"brz-cp-color8\">02<\/span><\/p>\n<\/div>\n<\/div>\n<\/div>\n<div id=\"\" class=\"brz-css-i0u33n brz-css-1mzyuv2 brz-wrapper\">\n<div class=\"brz-rich-text brz-rich-text__custom brz-css-10g7wm6\" data-brz-custom-id=\"noxMngNoFYql\">\n<div data-brz-translate-text=\"1\">\n<p class=\"brz-fs-sm-18 brz-tp-lg-heading4 brz-css-gGsJQ\" data-uniq-id=\"qlDN4\" data-generated-css=\"brz-css-nNTV_\"><span style=\"opacity: 1\" class=\"brz-cp-color8\">Autentico<\/span><\/p>\n<\/div>\n<\/div>\n<\/div>\n<div id=\"\" class=\"brz-css-i0u33n brz-wrapper\">\n<div class=\"brz-rich-text brz-rich-text__custom brz-css-10g7wm6\" data-brz-custom-id=\"vUOVhR7dQahQ\">\n<div data-brz-translate-text=\"1\">\n<p class=\"brz-tp-lg-paragraph brz-css-kOhsf\" data-generated-css=\"brz-css-aEZre\" data-uniq-id=\"xbjFh\"><span style=\"opacity: 1\" class=\"brz-cp-color8\">Conoscere il Paese e la sua gente in modo autentico.<\/span><\/p>\n<\/div>\n<\/div>\n<\/div>\n<\/div>\n<p><a class=\"brz-a brz-container-link\" href=\"\" target=\"_self\" rel=\"noopener\" data-brz-link-type=\"page\"><\/a><\/div>\n<div class=\"brz-columns brz-css-18316f4 brz-css-1557pup\" data-brz-custom-id=\"g3ICnuGq63HL\">\n<div class=\"brz-bg\"><\/div>\n<div class=\"brz-column__items brz-css-1cjiy38 brz-css-48jbxr\">\n<div id=\"\" class=\"brz-css-i0u33n brz-css-u2d40d brz-wrapper\">\n<div class=\"brz-rich-text brz-rich-text__custom brz-css-10g7wm6\" data-brz-custom-id=\"bH2JbKZKST2b\">\n<div data-brz-translate-text=\"1\">\n<p class=\"brz-tp-heading2 brz-css-bz2VQ\"><span class=\"brz-cp-color8\">03<\/span><\/p>\n<\/div>\n<\/div>\n<\/div>\n<div id=\"\" class=\"brz-css-i0u33n brz-css-1rej3up brz-wrapper\">\n<div class=\"brz-rich-text brz-rich-text__custom brz-css-10g7wm6\" data-brz-custom-id=\"iJ0S_dFvLW_L\">\n<div data-brz-translate-text=\"1\">\n<p class=\"brz-fs-sm-18 brz-tp-lg-heading4 brz-css-w4Wao\" data-uniq-id=\"nDq_y\" data-generated-css=\"brz-css-e2IQM\"><span style=\"opacity: 1\" class=\"brz-cp-color8\">Personale<\/span><\/p>\n<\/div>\n<\/div>\n<\/div>\n<div id=\"\" class=\"brz-css-i0u33n brz-wrapper\">\n<div class=\"brz-rich-text brz-rich-text__custom brz-css-10g7wm6\" data-brz-custom-id=\"tXnSCEH8woGW\">\n<div data-brz-translate-text=\"1\">\n<p class=\"brz-tp-lg-paragraph brz-css-nNw_m\" data-uniq-id=\"dWm0Y\" data-generated-css=\"brz-css-y97VH\"><span style=\"opacity: 1\" class=\"brz-cp-color8\">Siamo una piccola azienda a conduzione familiare e saremo lieti di consigliarvi personalmente.<\/span><\/p>\n<\/div>\n<\/div>\n<\/div>\n<\/div>\n<p><a class=\"brz-a brz-container-link\" href=\"\" target=\"_self\" rel=\"noopener\" data-brz-link-type=\"page\"><\/a><\/div>\n<\/div>\n<\/div>\n<\/div>\n<\/div>\n<\/section>\n<section id=\"_gFIoTwupWm4u\" class=\"brz-section brz-css-5xfbbd brz-css-xbqy1d\">\n<div class=\"brz-slick-slider brz-slick-slider__section\" data-slides-to-show=\"1\" data-slides-to-scroll=\"1\" data-arrows=\"true\" data-dots=\"true\" data-dots-class=\"brz-slick-slider__dots brz-slick-slider__dots--square\" data-fade=\"false\" data-vertical=\"false\" data-auto-play=\"false\" data-auto-play-speed=\"3000\" data-animation-speed=\"500\" data-swipe=\"true\" data-responsive=\"%5B%7B%22breakpoint%22%3A767%2C%22settings%22%3A%7B%22slidesToShow%22%3A1%2C%22slidesToScroll%22%3A1%7D%7D%5D\">\n<div>\n<div class=\"brz-section__content brz-section--boxed brz-css-17jz26k brz-css-1d95rra\" data-brz-custom-id=\"iGdxtTlDzX1E\">\n<div class=\"brz-bg\">\n<div class=\"brz-bg-color\"><\/div>\n<\/div>\n<div class=\"brz-container brz-css-11yfotd\">\n<div class=\"brz-row__container brz-css-1x4s44h\" data-brz-custom-id=\"lWYNYGzTkI95\">\n<div class=\"brz-bg\"><\/div>\n<div class=\"brz-row brz-css-1mfkx84 brz-css-cx20jl\">\n<div class=\"brz-columns brz-css-18316f4 brz-css-1rwxe17\" data-brz-custom-id=\"jpNH0xJJzYCy\">\n<div class=\"brz-bg\">\n<div class=\"brz-bg-image\"><\/div>\n<\/div>\n<div class=\"brz-column__items brz-css-1cjiy38 brz-css-18fibfz\">\n<div id=\"\" class=\"brz-css-i0u33n brz-css-13x8ihb brz-wrapper\">\n<div class=\"brz-spacer brz-css-nwly57 brz-css-lzj5oi\"><\/div>\n<\/div>\n<\/div>\n<p><a class=\"brz-a brz-container-link\" href=\"\" target=\"_self\" rel=\"noopener\" data-brz-link-type=\"page\"><\/a><\/div>\n<div class=\"brz-columns brz-css-18316f4 brz-css-f5lq4q\" data-brz-custom-id=\"ztnqQBGZiOQZ\">\n<div class=\"brz-bg\">\n<div class=\"brz-bg-color\"><\/div>\n<\/div>\n<div class=\"brz-column__items brz-css-1cjiy38 brz-css-34lj6j\">\n<div id=\"\" class=\"brz-css-i0u33n brz-css-1pqp8vm brz-wrapper\">\n<div class=\"brz-rich-text brz-rich-text__custom brz-css-10g7wm6\" data-brz-custom-id=\"iNiK9jLHupAK\">\n<div data-brz-translate-text=\"1\">\n<h2 class=\"brz-text-xs-center brz-tp-lg-heading2 brz-text-lg-left brz-css-agWmj\" data-uniq-id=\"qgJkI\" data-generated-css=\"brz-css-mNhm3\">Dove vuoi&#8230;<\/h2>\n<\/div>\n<\/div>\n<\/div>\n<div id=\"\" class=\"brz-css-i0u33n brz-wrapper\">\n<div class=\"brz-rich-text brz-rich-text__custom brz-css-10g7wm6\" data-brz-custom-id=\"lRGNSXBf_b7N\">\n<div data-brz-translate-text=\"1\">\n<p class=\"brz-mb-lg-20 brz-text-xs-center brz-tp-lg-paragraph brz-mb-xs-15 brz-mb-sm-0 brz-css-b7jij\" data-uniq-id=\"qniOo\" data-generated-css=\"brz-css-awgNu\">Saremo lieti di aiutarvi a organizzare il vostro viaggio personalizzato. Che vogliate andare in montagna, vivere le quattro citt\u00e0 reali o fare una deviazione verso la spiaggia, ci occuperemo personalmente di soddisfare i vostri desideri e il vostro budget. Non esitate a contattarci tramite il modulo di contatto o via e-mail.<\/p>\n<\/div>\n<\/div>\n<\/div>\n<div class=\"brz-wrapper-clone brz-css-1f4mzj4\">\n<div class=\"brz-d-xs-flex brz-flex-xs-wrap brz-css-ejko1z\" data-brz-custom-id=\"\">\n<div class=\"brz-wrapper-clone__item\" id=\"gxIqlXGR1pUR\"><a class=\"brz-a brz-btn brz-css-misp6t brz-css-11gcr23 brz-css-kqwmna brz-css-1v281y6\" href=\"\" target=\"_self\" rel=\"noopener\" data-brz-link-type=\"external\" data-brz-custom-id=\"gxIqlXGR1pUR\"><span data-brz-translate-text=\"1\" class=\"brz-span brz-text__editor\">Contattare<\/span><\/a><\/div>\n<\/div>\n<\/div>\n<\/div>\n<p><a class=\"brz-a brz-container-link\" href=\"\" target=\"_self\" rel=\"noopener\" data-brz-link-type=\"page\"><\/a><\/div>\n<\/div>\n<\/div>\n<\/div>\n<\/div>\n<\/div>\n<\/div>\n<\/section>\n<\/div>\n<p>    <!-- version:1737507734 --><\/p>\n","protected":false},"excerpt":{"rendered":"<p>Marocco- Viaggio di ritorno\/in citt\u00e0 a piacere Vi invitiamo a scoprire con noi questo paese cos\u00ec vario. Dalle citt\u00e0 al deserto, dalla spiaggia al mare, il Marocco ha tutto da offrire. 01 Su misura Organizzeremo il vostro viaggio in base ai vostri desideri. 02 Autentico Conoscere il Paese e la sua gente in modo autentico. [&hellip;]<\/p>\n","protected":false},"author":2,"featured_media":0,"parent":0,"menu_order":0,"comment_status":"closed","ping_status":"closed","template":"","meta":{"_seopress_robots_primary_cat":"","_seopress_titles_title":"Esplorate il Marocco a vostro piacimento: Pacchetti di citt\u00e0 e tour su misura per un&#039;avventura indimenticabile!","_seopress_titles_desc":"Vivete un&#039;esperienza su misura con i nostri soggiorni in citt\u00e0 e tour personalizzati in Marocco. Scoprite citt\u00e0 affascinanti come Marrakech, Fes ed Essaouira o create la vostra avventura sulle strade meno battute. Grazie a guide turistiche esperte, alloggi di charme e un servizio personalizzato, creiamo viaggi indimenticabili in base alle vostre esigenze. Prenotate subito un&#039;esperienza unica nel cuore del Marocco, dove bellezza e cultura si fondono in un viaggio su misura.","_seopress_robots_index":"","footnotes":""},"class_list":["post-2650","page","type-page","status-publish","hentry"],"blocksy_meta":[],"brizy_media":[{"id":4932,"url":"https:\/\/vacation-morocco.com\/wp-content\/uploads\/2023\/12\/Architektur--scaled.jpg","name":"Architektur-.jpg","meta":{"brizy_attachment_uid":"wp-f1b7a0fe8c69f15f437a892aaeb1358d.jpg","brizy_post_uid":["54a22bf81bf040f4973c65da42c8573b"]}}],"_links":{"self":[{"href":"https:\/\/vacation-morocco.com\/it\/wp-json\/wp\/v2\/pages\/2650","targetHints":{"allow":["GET"]}}],"collection":[{"href":"https:\/\/vacation-morocco.com\/it\/wp-json\/wp\/v2\/pages"}],"about":[{"href":"https:\/\/vacation-morocco.com\/it\/wp-json\/wp\/v2\/types\/page"}],"author":[{"embeddable":true,"href":"https:\/\/vacation-morocco.com\/it\/wp-json\/wp\/v2\/users\/2"}],"replies":[{"embeddable":true,"href":"https:\/\/vacation-morocco.com\/it\/wp-json\/wp\/v2\/comments?post=2650"}],"version-history":[{"count":22,"href":"https:\/\/vacation-morocco.com\/it\/wp-json\/wp\/v2\/pages\/2650\/revisions"}],"predecessor-version":[{"id":6838,"href":"https:\/\/vacation-morocco.com\/it\/wp-json\/wp\/v2\/pages\/2650\/revisions\/6838"}],"wp:attachment":[{"href":"https:\/\/vacation-morocco.com\/it\/wp-json\/wp\/v2\/media?parent=2650"}],"curies":[{"name":"wp","href":"https:\/\/api.w.org\/{rel}","templated":true}]}}