{"id":2646,"date":"2023-11-27T11:25:54","date_gmt":"2023-11-27T10:25:54","guid":{"rendered":"https:\/\/vacation-morocco.nextron.org\/kochkurs\/"},"modified":"2026-03-25T20:27:01","modified_gmt":"2026-03-25T19:27:01","slug":"corso-di-cucina-a-marrakech","status":"publish","type":"page","link":"https:\/\/vacation-morocco.com\/it\/corso-di-cucina-a-marrakech\/","title":{"rendered":"Corso di cucina a Marrakech"},"content":{"rendered":"<div class=\"brz-root__container brz-reset-all brz brz-root__container-page\">\n<section id=\"_hZRCdTQm3aLD\" class=\"brz-section brz-css-iekv3e\">\n<div class=\"brz-section__content brz-section--boxed brz-css-3eshvl brz-css-1l3zhvw\" data-brz-custom-id=\"gatWssVe9Cbe\">\n<div class=\"brz-bg\">\n<div class=\"brz-bg-image\"><\/div>\n<\/div>\n<div class=\"brz-container brz-css-1uohlau\">\n<div class=\"brz-row__container brz-css-1lw1p2x\" data-brz-custom-id=\"qhVlh9kuxuai\">\n<div class=\"brz-bg\"><\/div>\n<div class=\"brz-row brz-css-2uem2i brz-css-q7f02e\">\n<div class=\"brz-columns brz-css-h1o1al brz-css-1kbkr0x\" data-brz-custom-id=\"j5c_UFBK4ghM\">\n<div class=\"brz-bg\"><\/div>\n<div class=\"brz-column__items brz-css-1rvx9i2\">\n<div id=\"\" class=\"brz-css-1etz0fl brz-wrapper\">\n<div class=\"brz-rich-text brz-rich-text__custom brz-css-3l1sko\" data-brz-custom-id=\"ejPQjmGG5RHC\">\n<div data-brz-translate-text=\"1\">\n<h1 class=\"brz-tp-lg-heading1 brz-text-xs-center brz-ff-roboto brz-ft-google brz-fs-lg-66 brz-fss-lg-px brz-fw-lg-900 brz-ls-lg-0 brz-lh-lg-1_3 brz-text-lg-center brz-css-opDCf\" data-uniq-id=\"e04rO\" data-generated-css=\"brz-css-lBS99\"><span style=\"opacity: 1\" class=\"brz-cp-color2\"> <\/span><\/h1>\n<h1 class=\"brz-text-lg-center brz-tp-lg-heading1 brz-text-xs-center brz-ff-roboto brz-ft-google brz-fs-lg-66 brz-fss-lg-px brz-fw-lg-900 brz-ls-lg-0 brz-lh-lg-1_3 brz-css-jGUQL\" data-uniq-id=\"wtYQh\" data-generated-css=\"brz-css-fzABu\"><span style=\"opacity: 1\" class=\"brz-cp-color2\">Corso di cucina a Marrakech<\/span><\/h1>\n<\/div>\n<\/div>\n<\/div>\n<div id=\"\" class=\"brz-css-1etz0fl brz-wrapper\">\n<div class=\"brz-rich-text brz-rich-text__custom brz-css-3l1sko\" data-brz-custom-id=\"e0ANeA5znhov\">\n<div data-brz-translate-text=\"1\">\n<h4 class=\"brz-tp-lg-heading4 brz-text-xs-center brz-text-lg-center brz-ff-roboto brz-ft-google brz-fs-lg-20 brz-fss-lg-px brz-fw-lg-400 brz-ls-lg-0 brz-lh-lg-1_6 brz-css-lXKsZ\" data-uniq-id=\"aIB9j\" data-generated-css=\"brz-css-zjoT7\">Imparate a preparare il tradizionale tajine.<\/h4>\n<\/div>\n<\/div>\n<\/div>\n<\/div>\n<\/div>\n<\/div>\n<\/div>\n<div id=\"\" class=\"brz-css-1etz0fl brz-css-1r8yo1y brz-css-1wzbk4h brz-wrapper\">\n<div class=\"brz-spacer brz-css-fq55oq brz-css-uyw2g3\"><\/div>\n<\/div>\n<div class=\"brz-row__container brz-css-1lw1p2x\" data-brz-custom-id=\"yxsZQ_cvbmLM\">\n<div class=\"brz-bg\"><\/div>\n<div class=\"brz-row brz-css-2uem2i brz-css-q7f02e\">\n<div class=\"brz-columns brz-css-h1o1al brz-css-1tjzt9q\" data-brz-custom-id=\"doPYSCqsdHN4\">\n<div class=\"brz-bg\"><\/div>\n<div class=\"brz-column__items brz-css-1rvx9i2 brz-css-13yl4pq\"><\/div>\n<\/div>\n<div class=\"brz-columns brz-css-h1o1al brz-css-gupusa\" data-brz-custom-id=\"qYLJcyZFIwAN\">\n<div class=\"brz-bg\"><\/div>\n<div class=\"brz-column__items brz-css-1rvx9i2 brz-css-fyyr06\"><\/div>\n<\/div>\n<div class=\"brz-columns brz-css-h1o1al brz-css-17llbrh\" data-brz-custom-id=\"vzfLcRBWrwEH\">\n<div class=\"brz-bg\"><\/div>\n<div class=\"brz-column__items brz-css-1rvx9i2 brz-css-1qxqqwe\"><\/div>\n<\/div>\n<\/div>\n<\/div>\n<\/div>\n<\/div>\n<\/section>\n<section id=\"_o38wzlo25ozO\" class=\"brz-section brz-css-iekv3e\">\n<div class=\"brz-section__content brz-section--boxed brz-css-3eshvl brz-css-jyagl5\" data-brz-custom-id=\"pybstJVuTuTt\">\n<div class=\"brz-container brz-css-1uohlau\">\n<div class=\"brz-row__container brz-css-1lw1p2x\" data-brz-custom-id=\"mhCzaY2M3G4B\">\n<div class=\"brz-bg\"><\/div>\n<div class=\"brz-row brz-css-2uem2i\">\n<div class=\"brz-columns brz-css-h1o1al\" data-brz-custom-id=\"lG1NHKIG82al\">\n<div class=\"brz-bg\"><\/div>\n<div class=\"brz-column__items brz-css-1rvx9i2\">\n<div id=\"\" class=\"brz-css-1etz0fl brz-wrapper\">\n<div class=\"brz-rich-text brz-rich-text__custom brz-css-3l1sko\" data-brz-custom-id=\"zC7XPkPYF8LT\">\n<div data-brz-translate-text=\"1\">\n<p class=\"brz-text-xs-center brz-text-lg-left brz-ff-roboto brz-ft-google brz-fs-lg-16 brz-fss-lg-px brz-fw-lg-700 brz-ls-lg-1 brz-lh-lg-1_3 brz-tp-lg-paragraph brz-css-fHonL\" data-uniq-id=\"drVrO\" data-generated-css=\"brz-css-diYy_\"><strong>Godetevi un tajine fatto in casa a Marrakech o imparate a fare il vero couscous senza prodotti gi\u00e0 pronti. Khadija ha perfezionato il suo mestiere presso la scuola internazionale di gestione di ristoranti e alberghi. Ha molti anni di esperienza e ha imparato molte nozioni di base da Mama Touda. Unitevi a noi e immergetevi nella deliziosa cucina orientale del Marocco.<\/strong><\/p>\n<\/div>\n<\/div>\n<\/div>\n<div class=\"brz-wrapper-clone brz-css-nvklv4\">\n<div class=\"brz-d-xs-flex brz-flex-xs-wrap brz-css-j1883z\" data-brz-custom-id=\"\">\n<div class=\"brz-wrapper-clone__item\" id=\"mGCJ7R_OLZ7q\"><a class=\"brz-a brz-btn brz-css-u6mf50 brz-css-gb9d6z brz-css-k3b9y2 brz-css-t7zl62\" href=\"\" target=\"_self\" rel=\"noopener\" data-brz-link-type=\"page\" data-brz-custom-id=\"mGCJ7R_OLZ7q\"><span data-brz-translate-text=\"1\" class=\"brz-span brz-text__editor\">Contatto<\/span><\/a><\/div>\n<\/div>\n<\/div>\n<\/div>\n<p><a class=\"brz-a brz-container-link\" href=\"\" target=\"_self\" rel=\"noopener\" data-brz-link-type=\"page\"><\/a><\/div>\n<div class=\"brz-columns brz-css-h1o1al\" data-brz-custom-id=\"kpV53y0125du\">\n<div class=\"brz-bg\"><\/div>\n<div class=\"brz-column__items brz-css-1rvx9i2\">\n<div id=\"\" class=\"brz-css-1etz0fl brz-wrapper\">\n<div class=\"brz-map brz-map_styles brz-css-190nm6q brz-css-11wggf6\" data-brz-custom-id=\"w5yA7I0mYAtV\">\n<div class=\"brz-ui-ed-map-content\"><\/div>\n<\/div>\n<\/div>\n<\/div>\n<\/div>\n<\/div>\n<\/div>\n<\/div>\n<\/div>\n<\/section>\n<\/div>\n<p>    <!-- version:1737374427 --><\/p>\n","protected":false},"excerpt":{"rendered":"<p>Corso di cucina a Marrakech Imparate a preparare il tradizionale tajine. Godetevi un tajine fatto in casa a Marrakech o imparate a fare il vero couscous senza prodotti gi\u00e0 pronti. Khadija ha perfezionato il suo mestiere presso la scuola internazionale di gestione di ristoranti e alberghi. Ha molti anni di esperienza e ha imparato molte [&hellip;]<\/p>\n","protected":false},"author":2,"featured_media":0,"parent":0,"menu_order":0,"comment_status":"closed","ping_status":"closed","template":"","meta":{"_seopress_robots_primary_cat":"","_seopress_titles_title":"Lezioni di Cucina a Marrakech: Scopri i Segreti della Cucina Marocchina in un&#039;Esperienza Culiaria Unica!","_seopress_titles_desc":"Partecipa ai nostri corsi di cucina a Marrakech e immergiti nei sapori avvolgenti della gastronomia marocchina. Impara i segreti delle spezie, la preparazione di piatti tradizionali e assapora l&#039;autenticit\u00e0 di questa cucina ricca di tradizione. Lezioni interattive, mercati vibranti e l&#039;opportunit\u00e0 di creare i tuoi piatti deliziosi ti attendono. Prenota ora per un&#039;esperienza culinaria unica che ti far\u00e0 scoprire il cuore gastronomico di Marrakech.","_seopress_robots_index":"","footnotes":""},"class_list":["post-2646","page","type-page","status-publish","hentry"],"blocksy_meta":[],"brizy_media":[],"_links":{"self":[{"href":"https:\/\/vacation-morocco.com\/it\/wp-json\/wp\/v2\/pages\/2646","targetHints":{"allow":["GET"]}}],"collection":[{"href":"https:\/\/vacation-morocco.com\/it\/wp-json\/wp\/v2\/pages"}],"about":[{"href":"https:\/\/vacation-morocco.com\/it\/wp-json\/wp\/v2\/types\/page"}],"author":[{"embeddable":true,"href":"https:\/\/vacation-morocco.com\/it\/wp-json\/wp\/v2\/users\/2"}],"replies":[{"embeddable":true,"href":"https:\/\/vacation-morocco.com\/it\/wp-json\/wp\/v2\/comments?post=2646"}],"version-history":[{"count":15,"href":"https:\/\/vacation-morocco.com\/it\/wp-json\/wp\/v2\/pages\/2646\/revisions"}],"predecessor-version":[{"id":6825,"href":"https:\/\/vacation-morocco.com\/it\/wp-json\/wp\/v2\/pages\/2646\/revisions\/6825"}],"wp:attachment":[{"href":"https:\/\/vacation-morocco.com\/it\/wp-json\/wp\/v2\/media?parent=2646"}],"curies":[{"name":"wp","href":"https:\/\/api.w.org\/{rel}","templated":true}]}}