{"id":2642,"date":"2023-11-27T11:26:19","date_gmt":"2023-11-27T10:26:19","guid":{"rendered":"https:\/\/vacation-morocco.nextron.org\/wandern-bergsteigen\/"},"modified":"2026-03-25T16:59:49","modified_gmt":"2026-03-25T15:59:49","slug":"escursionismo-alpinismo","status":"publish","type":"page","link":"https:\/\/vacation-morocco.com\/it\/escursionismo-alpinismo\/","title":{"rendered":"Escursione\/alpinismo"},"content":{"rendered":"<div class=\"brz-root__container brz-reset-all brz brz-root__container-page\">\n<section id=\"_pGwGppbIZ2R7\" class=\"brz-section brz-css-1x8g058\">\n<div class=\"brz-section__content brz-section--boxed brz-css-1kea8xr brz-css-121ubpz\" data-brz-custom-id=\"tUpsVoI5kxep\">\n<div class=\"brz-bg\">\n<div class=\"brz-bg-image\"><\/div>\n<\/div>\n<div class=\"brz-container brz-css-1p2k6j7\">\n<div class=\"brz-row__container brz-css-nuxov1\" data-brz-custom-id=\"ctHxDJoJjmK7\">\n<div class=\"brz-bg\"><\/div>\n<div class=\"brz-row brz-css-atgia9 brz-css-1h3omp4\">\n<div class=\"brz-columns brz-css-1347io5 brz-css-63k6sn\" data-brz-custom-id=\"uR8V2NlTWOL6\">\n<div class=\"brz-bg\"><\/div>\n<div class=\"brz-column__items brz-css-10w7eua\">\n<div id=\"\" class=\"brz-css-u37r53 brz-wrapper\">\n<div class=\"brz-rich-text brz-rich-text__custom brz-css-1ag19bp\" data-brz-custom-id=\"oo3zexzSSJnN\">\n<div data-brz-translate-text=\"1\">\n<h1 class=\"brz-text-xs-center brz-ff-roboto brz-ft-google brz-fs-lg-66 brz-fss-lg-px brz-fw-lg-900 brz-ls-lg-0 brz-lh-lg-1_3 brz-text-lg-center brz-tp-lg-heading1 brz-css-plEUQ\" data-uniq-id=\"ppqWu\" data-generated-css=\"brz-css-l2CDL\">Marocco-<\/h1>\n<h1 class=\"brz-text-xs-center brz-ff-roboto brz-ft-google brz-fs-lg-66 brz-fss-lg-px brz-fw-lg-900 brz-ls-lg-0 brz-lh-lg-1_3 brz-text-lg-center brz-tp-lg-heading1 brz-css-yXaRr\" data-uniq-id=\"sy7Ax\" data-generated-css=\"brz-css-eYE3g\">Atlante<\/h1>\n<\/div>\n<\/div>\n<\/div>\n<div id=\"\" class=\"brz-css-u37r53 brz-wrapper\">\n<div class=\"brz-rich-text brz-rich-text__custom brz-css-1ag19bp\" data-brz-custom-id=\"jIr53FNcRsHS\">\n<div data-brz-translate-text=\"1\">\n<h4 class=\"brz-tp-lg-heading4 brz-lh-lg-1_6 brz-ls-lg-0 brz-fw-lg-400 brz-fss-lg-px brz-fs-lg-20 brz-ft-google brz-ff-roboto brz-text-lg-center brz-text-xs-center brz-css-zJ8Zs\" data-generated-css=\"brz-css-xt3vn\" data-uniq-id=\"aVIzI\">Scoprite con noi le montagne dell&#8217;Atlante.<\/h4>\n<\/div>\n<\/div>\n<\/div>\n<\/div>\n<p><a class=\"brz-a brz-container-link\" href=\"\" target=\"_self\" rel=\"noopener\" data-brz-link-type=\"page\"><\/a><\/div>\n<\/div>\n<\/div>\n<div id=\"\" class=\"brz-css-u37r53 brz-css-1ji4uq0 brz-css-d8no7y brz-wrapper\">\n<div class=\"brz-spacer brz-css-o69ynz brz-css-8umckw\"><\/div>\n<\/div>\n<\/div>\n<\/div>\n<\/section>\n<section id=\"_ciISS8H1zlnR\" class=\"brz-section brz-css-1x8g058 brz-css-2vgdhm\">\n<div class=\"brz-slick-slider brz-slick-slider__section\" data-slides-to-show=\"1\" data-slides-to-scroll=\"1\" data-arrows=\"true\" data-dots=\"true\" data-dots-class=\"brz-slick-slider__dots brz-slick-slider__dots--square\" data-fade=\"false\" data-vertical=\"false\" data-auto-play=\"false\" data-auto-play-speed=\"3000\" data-animation-speed=\"500\" data-swipe=\"true\" data-responsive=\"%5B%7B%22breakpoint%22%3A767%2C%22settings%22%3A%7B%22slidesToShow%22%3A1%2C%22slidesToScroll%22%3A1%7D%7D%5D\">\n<div>\n<div class=\"brz-section__content brz-section--boxed brz-css-1kea8xr brz-css-1r2uk37\" data-brz-custom-id=\"kKZkvUeDuXKB\">\n<div class=\"brz-bg\">\n<div class=\"brz-bg-color\"><\/div>\n<\/div>\n<div class=\"brz-container brz-css-1p2k6j7\">\n<div class=\"brz-row__container brz-css-nuxov1\" data-brz-custom-id=\"yE10qO4qSoRR\">\n<div class=\"brz-bg\"><\/div>\n<div class=\"brz-row brz-css-atgia9 brz-css-1h3omp4\">\n<div class=\"brz-columns brz-css-1347io5 brz-css-t2agwy\" data-brz-custom-id=\"sukRgr8gunMR\">\n<div class=\"brz-bg\">\n<div class=\"brz-bg-image\"><\/div>\n<\/div>\n<div class=\"brz-column__items brz-css-10w7eua brz-css-17uj07x\">\n<div id=\"\" class=\"brz-css-u37r53 brz-css-1ji4uq0 brz-wrapper\">\n<div class=\"brz-spacer brz-css-o69ynz brz-css-1hsahsa\"><\/div>\n<\/div>\n<\/div>\n<p><a class=\"brz-a brz-container-link\" href=\"\" target=\"_self\" rel=\"noopener\" data-brz-link-type=\"page\"><\/a><\/div>\n<div class=\"brz-columns brz-css-1347io5 brz-css-182cvak\" data-brz-custom-id=\"aS2vHzIT_rKC\">\n<div class=\"brz-bg\">\n<div class=\"brz-bg-color\"><\/div>\n<\/div>\n<div class=\"brz-column__items brz-css-10w7eua brz-css-ciei5x\">\n<div id=\"\" class=\"brz-css-u37r53 brz-css-1rteq32 brz-wrapper\">\n<div class=\"brz-rich-text brz-rich-text__custom brz-css-1ag19bp\" data-brz-custom-id=\"c8uv3EGgJbTK\">\n<div data-brz-translate-text=\"1\">\n<h2 class=\"brz-text-lg-left brz-tp-lg-heading2 brz-text-xs-center brz-css-wE8gh\" data-generated-css=\"brz-css-obf35\" data-uniq-id=\"pCgMa\">Sopra il Marocco<\/h2>\n<\/div>\n<\/div>\n<\/div>\n<div id=\"\" class=\"brz-css-u37r53 brz-wrapper\">\n<div class=\"brz-rich-text brz-rich-text__custom brz-css-1ag19bp\" data-brz-custom-id=\"fss0mKehCNok\">\n<div data-brz-translate-text=\"1\">\n<p class=\"brz-mb-sm-0 brz-mb-xs-15 brz-tp-lg-paragraph brz-text-xs-center brz-mb-lg-20 brz-css-iuda6\" data-generated-css=\"brz-css-nfXvn\" data-uniq-id=\"zvpVo\"><strong>Il Toubkal \u00e8 il punto pi\u00f9 alto della catena montuosa dell&#8217;Atlante. Si trova a oltre 4000 metri sul livello del mare e al centro del Paese. Il Marocco non \u00e8 solo adatto per le vacanze in citt\u00e0 e per un tuffo nel selvaggio Oceano Atlantico, ma \u00e8 anche un luogo meraviglioso per le escursioni. Salite una cima dopo l&#8217;altra e lasciatevi impressionare dai meravigliosi panorami. L&#8217;Atlante costituisce un&#8217;impressionante linea di demarcazione tra il clima relativamente umido dell&#8217;estremo nord del Maghreb e il Sahara estremamente secco. Fa parte del sistema montuoso alpino.<\/strong><\/p>\n<\/div>\n<\/div>\n<\/div>\n<div class=\"brz-wrapper-clone brz-css-1595kci\">\n<div class=\"brz-d-xs-flex brz-flex-xs-wrap brz-css-q0ukrp\" data-brz-custom-id=\"\">\n<div class=\"brz-wrapper-clone__item\" id=\"vZTasASsCJRZ\"><a class=\"brz-a brz-btn brz-css-1uabsq8 brz-css-1mn3k3g brz-css-17c1bug brz-css-1ihzh4s\" href=\"\" target=\"_self\" rel=\"noopener\" data-brz-link-type=\"external\" data-brz-custom-id=\"vZTasASsCJRZ\"><span data-brz-translate-text=\"1\" class=\"brz-span brz-text__editor\">Contattare<\/span><\/a><\/div>\n<\/div>\n<\/div>\n<\/div>\n<p><a class=\"brz-a brz-container-link\" href=\"\" target=\"_self\" rel=\"noopener\" data-brz-link-type=\"page\"><\/a><\/div>\n<\/div>\n<\/div>\n<\/div>\n<\/div>\n<\/div>\n<\/div>\n<\/section>\n<\/div>\n<p>    <!-- version:1737375279 --><\/p>\n","protected":false},"excerpt":{"rendered":"<p>Marocco- Atlante Scoprite con noi le montagne dell&#8217;Atlante. Sopra il Marocco Il Toubkal \u00e8 il punto pi\u00f9 alto della catena montuosa dell&#8217;Atlante. Si trova a oltre 4000 metri sul livello del mare e al centro del Paese. Il Marocco non \u00e8 solo adatto per le vacanze in citt\u00e0 e per un tuffo nel selvaggio Oceano [&hellip;]<\/p>\n","protected":false},"author":2,"featured_media":0,"parent":0,"menu_order":0,"comment_status":"closed","ping_status":"closed","template":"","meta":{"_seopress_robots_primary_cat":"","_seopress_titles_title":"Esplora le Vette dell&#039;Atlas: Escursioni e Trekking Indimenticabili nel Cuore del Marocco!","_seopress_titles_desc":"Scopri la bellezza selvaggia delle montagne dell&#039;Atlante con le nostre escursioni e trekking personalizzati in Marocco. Attraversa paesaggi mozzafiato, vivi l&#039;avventura tra valli remote e cime maestose, e immergiti nella cultura locale lungo il percorso. Le nostre esperienze di trekking nell&#039;Atlante offrono un mix unico di sfide e scoperte, garantendo un&#039;immersione totale nella natura incontaminata del Marocco. Prenota ora per un&#039;esperienza indimenticabile di escursionismo nell&#039;Atlante marocchino.","_seopress_robots_index":"","footnotes":""},"class_list":["post-2642","page","type-page","status-publish","hentry"],"blocksy_meta":[],"brizy_media":[{"id":4977,"url":"https:\/\/vacation-morocco.com\/wp-content\/uploads\/2023\/12\/Atlas-3-Kopie-scaled.jpg","name":"Atlas-3-Kopie.jpg","meta":{"brizy_attachment_uid":"wp-77b5aeb3f2ef02df04f57c9766739a92.jpg","brizy_post_uid":["c2daf2b4ae875b6c5332404d3380f705"]}}],"_links":{"self":[{"href":"https:\/\/vacation-morocco.com\/it\/wp-json\/wp\/v2\/pages\/2642","targetHints":{"allow":["GET"]}}],"collection":[{"href":"https:\/\/vacation-morocco.com\/it\/wp-json\/wp\/v2\/pages"}],"about":[{"href":"https:\/\/vacation-morocco.com\/it\/wp-json\/wp\/v2\/types\/page"}],"author":[{"embeddable":true,"href":"https:\/\/vacation-morocco.com\/it\/wp-json\/wp\/v2\/users\/2"}],"replies":[{"embeddable":true,"href":"https:\/\/vacation-morocco.com\/it\/wp-json\/wp\/v2\/comments?post=2642"}],"version-history":[{"count":12,"href":"https:\/\/vacation-morocco.com\/it\/wp-json\/wp\/v2\/pages\/2642\/revisions"}],"predecessor-version":[{"id":6826,"href":"https:\/\/vacation-morocco.com\/it\/wp-json\/wp\/v2\/pages\/2642\/revisions\/6826"}],"wp:attachment":[{"href":"https:\/\/vacation-morocco.com\/it\/wp-json\/wp\/v2\/media?parent=2642"}],"curies":[{"name":"wp","href":"https:\/\/api.w.org\/{rel}","templated":true}]}}