{"id":2638,"date":"2023-11-27T11:26:55","date_gmt":"2023-11-27T10:26:55","guid":{"rendered":"https:\/\/vacation-morocco.nextron.org\/marktbesuch\/"},"modified":"2026-03-25T06:01:44","modified_gmt":"2026-03-25T05:01:44","slug":"visita-al-mercato","status":"publish","type":"page","link":"https:\/\/vacation-morocco.com\/it\/visita-al-mercato\/","title":{"rendered":"Visita al mercato"},"content":{"rendered":"<div class=\"brz-root__container brz-reset-all brz brz-root__container-page\">\n<section id=\"_eiXNll7e_zUZ\" class=\"brz-section brz-css-en6yfz\">\n<div class=\"brz-section__content brz-section--boxed brz-css-e81h0p brz-css-17prtuc\" data-brz-custom-id=\"lzM9eEh79s36\">\n<div class=\"brz-bg\">\n<div class=\"brz-bg-image\"><\/div>\n<\/div>\n<div class=\"brz-container brz-css-1kg9ueh\">\n<div class=\"brz-row__container brz-css-jpi6fw\" data-brz-custom-id=\"zBv1vMHsgUGz\">\n<div class=\"brz-bg\"><\/div>\n<div class=\"brz-row brz-css-kp7t3w brz-css-81zxcx\">\n<div class=\"brz-columns brz-css-1f6b2h6 brz-css-1cap8bh\" data-brz-custom-id=\"fmye9vnwdaz5\">\n<div class=\"brz-bg\"><\/div>\n<div class=\"brz-column__items brz-css-1qwbo7j\">\n<div id=\"\" class=\"brz-css-zbsqey brz-wrapper\">\n<div class=\"brz-rich-text brz-rich-text__custom brz-css-1ft60q4\" data-brz-custom-id=\"laMORwxbNbCU\">\n<div data-brz-translate-text=\"1\">\n<h1 class=\"brz-tp-lg-heading1 brz-text-xs-center brz-ff-roboto brz-ft-google brz-fs-lg-66 brz-fss-lg-px brz-fw-lg-900 brz-ls-lg-0 brz-lh-lg-1_3 brz-text-lg-center brz-css-tGQpr\" data-uniq-id=\"bh6nA\" data-generated-css=\"brz-css-prqto\"><span style=\"opacity: 1\" class=\"brz-cp-color8\">Visita del mercato<\/span><\/h1>\n<\/div>\n<\/div>\n<\/div>\n<div id=\"\" class=\"brz-css-zbsqey brz-wrapper\">\n<div class=\"brz-rich-text brz-rich-text__custom brz-css-1ft60q4\" data-brz-custom-id=\"tbTCrCCl5886\">\n<div data-brz-translate-text=\"1\">\n<h4 class=\"brz-tp-lg-heading4 brz-lh-lg-1_6 brz-ls-lg-0 brz-fw-lg-400 brz-fss-lg-px brz-fs-lg-20 brz-ft-google brz-ff-roboto brz-text-lg-center brz-text-xs-center brz-css-yDq0I\" data-generated-css=\"brz-css-zDScR\" data-uniq-id=\"bi9Qu\"><span style=\"opacity: 1\" class=\"brz-cp-color8\">Visita dei souk di Marrakech.<\/span><\/h4>\n<\/div>\n<\/div>\n<\/div>\n<\/div>\n<\/div>\n<\/div>\n<\/div>\n<div id=\"\" class=\"brz-css-zbsqey brz-css-107z2nq brz-css-knyc97 brz-wrapper\">\n<div class=\"brz-spacer brz-css-1i6qkih brz-css-125k8t1\"><\/div>\n<\/div>\n<div class=\"brz-row__container brz-css-jpi6fw\" data-brz-custom-id=\"iIYMvWTbqhJy\">\n<div class=\"brz-bg\"><\/div>\n<div class=\"brz-row brz-css-kp7t3w brz-css-81zxcx\">\n<div class=\"brz-columns brz-css-1f6b2h6 brz-css-1ol916r\" data-brz-custom-id=\"kVKnM5tAlYqx\">\n<div class=\"brz-bg\"><\/div>\n<div class=\"brz-column__items brz-css-1qwbo7j brz-css-1114a6\"><\/div>\n<\/div>\n<div class=\"brz-columns brz-css-1f6b2h6 brz-css-1yu2clw\" data-brz-custom-id=\"gzL6_0Zfir5a\">\n<div class=\"brz-bg\"><\/div>\n<div class=\"brz-column__items brz-css-1qwbo7j brz-css-qc53o1\"><\/div>\n<\/div>\n<div class=\"brz-columns brz-css-1f6b2h6 brz-css-18i9urp\" data-brz-custom-id=\"vl9ZJtciJSfr\">\n<div class=\"brz-bg\"><\/div>\n<div class=\"brz-column__items brz-css-1qwbo7j brz-css-4m3aac\"><\/div>\n<\/div>\n<\/div>\n<\/div>\n<\/div>\n<\/div>\n<\/section>\n<section id=\"_ji5t9OsP7_1O\" class=\"brz-section brz-css-en6yfz brz-css-1mclc48\">\n<div class=\"brz-slick-slider brz-slick-slider__section\" data-slides-to-show=\"1\" data-slides-to-scroll=\"1\" data-arrows=\"true\" data-dots=\"true\" data-dots-class=\"brz-slick-slider__dots brz-slick-slider__dots--square\" data-fade=\"false\" data-vertical=\"false\" data-auto-play=\"false\" data-auto-play-speed=\"3000\" data-animation-speed=\"500\" data-swipe=\"true\" data-responsive=\"%5B%7B%22breakpoint%22%3A767%2C%22settings%22%3A%7B%22slidesToShow%22%3A1%2C%22slidesToScroll%22%3A1%7D%7D%5D\">\n<div>\n<div class=\"brz-section__content brz-section--boxed brz-css-e81h0p brz-css-j4xfqk\" data-brz-custom-id=\"glH76iITbdgY\">\n<div class=\"brz-bg\">\n<div class=\"brz-bg-color\"><\/div>\n<\/div>\n<div class=\"brz-container brz-css-1kg9ueh\">\n<div class=\"brz-row__container brz-css-jpi6fw\" data-brz-custom-id=\"mckql9mDZC3p\">\n<div class=\"brz-bg\"><\/div>\n<div class=\"brz-row brz-css-kp7t3w brz-css-81zxcx\">\n<div class=\"brz-columns brz-css-1f6b2h6 brz-css-11lppcv\" data-brz-custom-id=\"sP6fDPJ30V5f\">\n<div class=\"brz-bg\">\n<div class=\"brz-bg-image\"><\/div>\n<\/div>\n<div class=\"brz-column__items brz-css-1qwbo7j brz-css-f490uc\">\n<div id=\"\" class=\"brz-css-zbsqey brz-css-107z2nq brz-wrapper\">\n<div class=\"brz-spacer brz-css-1i6qkih brz-css-1dptpxc\"><\/div>\n<\/div>\n<\/div>\n<p><a class=\"brz-a brz-container-link\" href=\"\" target=\"_self\" rel=\"noopener\" data-brz-link-type=\"page\"><\/a><\/div>\n<div class=\"brz-columns brz-css-1f6b2h6 brz-css-bjvh3n\" data-brz-custom-id=\"cTWtQJG2w0YE\">\n<div class=\"brz-bg\">\n<div class=\"brz-bg-color\"><\/div>\n<\/div>\n<div class=\"brz-column__items brz-css-1qwbo7j brz-css-1tqeqlo\">\n<div id=\"\" class=\"brz-css-zbsqey brz-css-ucz8d0 brz-wrapper\">\n<div class=\"brz-rich-text brz-rich-text__custom brz-css-1ft60q4\" data-brz-custom-id=\"nfyR0d7HSqts\">\n<div data-brz-translate-text=\"1\">\n<h2 class=\"brz-text-xs-center brz-tp-lg-heading2 brz-text-lg-left brz-css-xS3Oa\" data-uniq-id=\"oenbP\" data-generated-css=\"brz-css-oFu5q\">Visita del mercato di Marrakech<\/h2>\n<\/div>\n<\/div>\n<\/div>\n<div id=\"\" class=\"brz-css-zbsqey brz-wrapper\">\n<div class=\"brz-rich-text brz-rich-text__custom brz-css-1ft60q4\" data-brz-custom-id=\"kx1LisxZxCAQ\">\n<div data-brz-translate-text=\"1\">\n<p class=\"brz-mb-sm-0 brz-mb-xs-15 brz-tp-lg-paragraph brz-text-xs-center brz-mb-lg-20 brz-css-qyGBS\" data-generated-css=\"brz-css-hUw0C\" data-uniq-id=\"mkJTZ\"><strong>Ci piacerebbe mostrarvi l&#8217;impressionante Djemaa el Fna. C&#8217;\u00e8 qualcosa da vedere ovunque. I delicati aromi delle cucine di strada vi riempiranno il naso. Lo spettacolo dei vari commercianti vi stupir\u00e0. Se volete addentrarvi di pi\u00f9 nei souk, vi consigliamo vivamente di passeggiare con noi tra i tortuosi vicoli. \u00c8 difficile orientarsi da soli.<\/strong><\/p>\n<\/div>\n<\/div>\n<\/div>\n<div class=\"brz-wrapper-clone brz-css-x8777h\">\n<div class=\"brz-d-xs-flex brz-flex-xs-wrap brz-css-vw99yy\" data-brz-custom-id=\"\">\n<div class=\"brz-wrapper-clone__item\" id=\"mq9FyHGzPVFP\"><a class=\"brz-a brz-btn brz-css-1nkz267 brz-css-1dfpb1t brz-css-ta8z8x brz-css-1z0kkub\" href=\"\" target=\"_self\" rel=\"noopener\" data-brz-link-type=\"page\" data-brz-custom-id=\"mq9FyHGzPVFP\"><span data-brz-translate-text=\"1\" class=\"brz-span brz-text__editor\">Contattare<\/span><\/a><\/div>\n<\/div>\n<\/div>\n<\/div>\n<p><a class=\"brz-a brz-container-link\" href=\"\" target=\"_self\" rel=\"noopener\" data-brz-link-type=\"page\"><\/a><\/div>\n<\/div>\n<\/div>\n<\/div>\n<\/div>\n<\/div>\n<\/div>\n<\/section>\n<\/div>\n<p>    <!-- version:1737517245 --><\/p>\n","protected":false},"excerpt":{"rendered":"<p>Visita del mercato Visita dei souk di Marrakech. Visita del mercato di Marrakech Ci piacerebbe mostrarvi l&#8217;impressionante Djemaa el Fna. C&#8217;\u00e8 qualcosa da vedere ovunque. I delicati aromi delle cucine di strada vi riempiranno il naso. Lo spettacolo dei vari commercianti vi stupir\u00e0. Se volete addentrarvi di pi\u00f9 nei souk, vi consigliamo vivamente di passeggiare [&hellip;]<\/p>\n","protected":false},"author":2,"featured_media":0,"parent":0,"menu_order":0,"comment_status":"closed","ping_status":"closed","template":"","meta":{"_seopress_robots_primary_cat":"","_seopress_titles_title":"Esplora i Colori e i Sapori del Marocco: Il Nostro Tour Guidato nei Mercati Locali!","_seopress_titles_desc":"Immergiti nell&#039;atmosfera vivace dei mercati locali del Marocco con il nostro tour guidato. Esplora bancarelle cariche di spezie, tessuti colorati e oggetti artigianali unici. Assapora le prelibatezze culinarie locali e vivi un&#039;esperienza autentica immersa nei colori, odori e tradizioni dei mercati marocchini. Prenota ora il tuo viaggio nei mercati per un&#039;avventura multisensoriale nel cuore del Marocco.","_seopress_robots_index":"","footnotes":""},"class_list":["post-2638","page","type-page","status-publish","hentry"],"blocksy_meta":[],"brizy_media":[{"id":4858,"url":"https:\/\/vacation-morocco.com\/wp-content\/uploads\/2023\/12\/Marktstand-1-scaled.jpg","name":"Marktstand-1.jpg","meta":{"brizy_attachment_uid":"wp-4d595e0578fb7609b3133ffd4f3cf851.jpg","brizy_post_uid":["1de7e11575c0150e279aa0571f8f4bc4"]}}],"_links":{"self":[{"href":"https:\/\/vacation-morocco.com\/it\/wp-json\/wp\/v2\/pages\/2638","targetHints":{"allow":["GET"]}}],"collection":[{"href":"https:\/\/vacation-morocco.com\/it\/wp-json\/wp\/v2\/pages"}],"about":[{"href":"https:\/\/vacation-morocco.com\/it\/wp-json\/wp\/v2\/types\/page"}],"author":[{"embeddable":true,"href":"https:\/\/vacation-morocco.com\/it\/wp-json\/wp\/v2\/users\/2"}],"replies":[{"embeddable":true,"href":"https:\/\/vacation-morocco.com\/it\/wp-json\/wp\/v2\/comments?post=2638"}],"version-history":[{"count":16,"href":"https:\/\/vacation-morocco.com\/it\/wp-json\/wp\/v2\/pages\/2638\/revisions"}],"predecessor-version":[{"id":6840,"href":"https:\/\/vacation-morocco.com\/it\/wp-json\/wp\/v2\/pages\/2638\/revisions\/6840"}],"wp:attachment":[{"href":"https:\/\/vacation-morocco.com\/it\/wp-json\/wp\/v2\/media?parent=2638"}],"curies":[{"name":"wp","href":"https:\/\/api.w.org\/{rel}","templated":true}]}}