{"id":2630,"date":"2023-11-27T11:27:27","date_gmt":"2023-11-27T10:27:27","guid":{"rendered":"https:\/\/vacation-morocco.nextron.org\/transfer\/"},"modified":"2026-03-21T10:58:05","modified_gmt":"2026-03-21T09:58:05","slug":"trasferimento","status":"publish","type":"page","link":"https:\/\/vacation-morocco.com\/it\/trasferimento\/","title":{"rendered":"trasferimento"},"content":{"rendered":"<div class=\"brz-root__container brz-reset-all brz brz-root__container-page\">\n<section id=\"_h2vrkvmheJih\" class=\"brz-section brz-css-16qv2k1\">\n<div class=\"brz-section__content brz-section--boxed brz-css-fd92ge brz-css-19sdav\" data-brz-custom-id=\"qrVphSeso_nV\">\n<div class=\"brz-bg\">\n<div class=\"brz-bg-image\"><\/div>\n<\/div>\n<div class=\"brz-container brz-css-1v01ne7\">\n<div class=\"brz-row__container brz-css-ap7y5i\" data-brz-custom-id=\"k6z49fyhrnDu\">\n<div class=\"brz-bg\"><\/div>\n<div class=\"brz-row brz-css-ipan5t brz-css-1llrz0a\">\n<div class=\"brz-columns brz-css-m2918c brz-css-1w5m9gy\" data-brz-custom-id=\"u6A_rX3dQ9LE\">\n<div class=\"brz-bg\"><\/div>\n<div class=\"brz-column__items brz-css-1fcnypm\">\n<div id=\"\" class=\"brz-css-1va2k46 brz-wrapper\">\n<div class=\"brz-rich-text brz-rich-text__custom brz-css-1qfin31\" data-brz-custom-id=\"ezT4m2kK93Of\">\n<div data-brz-translate-text=\"1\">\n<h1 class=\"brz-tp-lg-heading1 brz-text-xs-center brz-ff-roboto brz-ft-google brz-fs-lg-66 brz-fss-lg-px brz-fw-lg-900 brz-ls-lg-0 brz-lh-lg-1_3 brz-text-lg-center brz-css-cE4wy\" data-uniq-id=\"ozKFg\" data-generated-css=\"brz-css-vKTec\"><span style=\"opacity: 1\" class=\"brz-cp-color8\"> <\/span><\/h1>\n<h1 class=\"brz-tp-lg-heading1 brz-text-xs-center brz-ff-roboto brz-ft-google brz-fs-lg-66 brz-fss-lg-px brz-fw-lg-900 brz-ls-lg-0 brz-lh-lg-1_3 brz-text-lg-center brz-css-cZdYP\" data-uniq-id=\"ybM6C\" data-generated-css=\"brz-css-ms2f8\"><span style=\"opacity: 1\" class=\"brz-cp-color8\">Marocco-<\/span><\/h1>\n<h1 class=\"brz-tp-lg-heading1 brz-text-xs-center brz-ff-roboto brz-ft-google brz-fs-lg-66 brz-fss-lg-px brz-fw-lg-900 brz-ls-lg-0 brz-lh-lg-1_3 brz-text-lg-center brz-css-xo0iy\" data-uniq-id=\"lYinT\" data-generated-css=\"brz-css-jRWsr\"><span style=\"opacity: 1\" class=\"brz-cp-color8\">Trasferimento<\/span><\/h1>\n<\/div>\n<\/div>\n<\/div>\n<div id=\"\" class=\"brz-css-1va2k46 brz-wrapper\">\n<div class=\"brz-rich-text brz-rich-text__custom brz-css-1qfin31\" data-brz-custom-id=\"uf8240sriHZh\">\n<div data-brz-translate-text=\"1\">\n<h4 class=\"brz-lh-lg-1_6 brz-ls-lg-0 brz-fw-lg-400 brz-fss-lg-px brz-fs-lg-20 brz-ft-google brz-ff-roboto brz-text-lg-center brz-text-xs-center brz-tp-lg-heading4 brz-css-xbjdV\" data-generated-css=\"brz-css-qsQcr\" data-uniq-id=\"gKeeD\"><span style=\"opacity: 1\" class=\"brz-cp-color8\">Vi invitiamo a scoprire con noi questo paese cos\u00ec vario. Dalle citt\u00e0 al deserto, dalla spiaggia al mare, il Marocco ha tutto da offrire.<\/span><\/h4>\n<\/div>\n<\/div>\n<\/div>\n<\/div>\n<\/div>\n<\/div>\n<\/div>\n<div id=\"\" class=\"brz-css-1va2k46 brz-css-178e5tp brz-css-19u6quy brz-wrapper\">\n<div class=\"brz-spacer brz-css-615ub7 brz-css-4wamcl\"><\/div>\n<\/div>\n<div class=\"brz-row__container brz-css-ap7y5i\" data-brz-custom-id=\"qNObTYlvWxxX\">\n<div class=\"brz-bg\"><\/div>\n<div class=\"brz-row brz-css-ipan5t brz-css-1llrz0a\">\n<div class=\"brz-columns brz-css-m2918c brz-css-lx457i\" data-brz-custom-id=\"kRw_F3lxHp_a\">\n<div class=\"brz-bg\"><\/div>\n<div class=\"brz-column__items brz-css-1fcnypm brz-css-en54r7\">\n<div id=\"\" class=\"brz-css-1va2k46 brz-css-1acdwxk brz-wrapper\">\n<div class=\"brz-rich-text brz-rich-text__custom brz-css-1qfin31\" data-brz-custom-id=\"v9uOCzZ3xyHA\">\n<div data-brz-translate-text=\"1\">\n<p class=\"brz-tp-heading2 brz-css-fkNhR\"><span class=\"brz-cp-color8\">01<\/span><\/p>\n<\/div>\n<\/div>\n<\/div>\n<div id=\"\" class=\"brz-css-1va2k46 brz-css-1cnlw26 brz-wrapper\">\n<div class=\"brz-rich-text brz-rich-text__custom brz-css-1qfin31\" data-brz-custom-id=\"qweJM_Pzuuzg\">\n<div data-brz-translate-text=\"1\">\n<p class=\"brz-fs-sm-18 brz-tp-lg-heading4 brz-css-p0d0o\" data-uniq-id=\"vYJ7t\" data-generated-css=\"brz-css-gq_b0\"><span style=\"opacity: 1\" class=\"brz-cp-color8\">Su misura<\/span><\/p>\n<\/div>\n<\/div>\n<\/div>\n<div id=\"\" class=\"brz-css-1va2k46 brz-wrapper\">\n<div class=\"brz-rich-text brz-rich-text__custom brz-css-1qfin31\" data-brz-custom-id=\"l2JVN4OtA842\">\n<div data-brz-translate-text=\"1\">\n<p class=\"brz-tp-lg-paragraph brz-css-dt8ry\" data-uniq-id=\"ygKBq\" data-generated-css=\"brz-css-fRldq\"><span style=\"opacity: 1\" class=\"brz-cp-color8\">Organizzeremo il vostro viaggio in base ai vostri desideri.<\/span><\/p>\n<\/div>\n<\/div>\n<\/div>\n<\/div>\n<p><a class=\"brz-a brz-container-link\" href=\"\" target=\"_self\" rel=\"noopener\" data-brz-link-type=\"page\"><\/a><\/div>\n<div class=\"brz-columns brz-css-m2918c brz-css-jmim0y\" data-brz-custom-id=\"s9CmQsZi_sKu\">\n<div class=\"brz-bg\"><\/div>\n<div class=\"brz-column__items brz-css-1fcnypm brz-css-fwppx1\">\n<div id=\"\" class=\"brz-css-1va2k46 brz-css-aau1pb brz-wrapper\">\n<div class=\"brz-rich-text brz-rich-text__custom brz-css-1qfin31\" data-brz-custom-id=\"v677mJoQ2SjI\">\n<div data-brz-translate-text=\"1\">\n<p class=\"brz-tp-heading2 brz-css-wUlzr\"><span class=\"brz-cp-color8\">02<\/span><\/p>\n<\/div>\n<\/div>\n<\/div>\n<div id=\"\" class=\"brz-css-1va2k46 brz-css-1iwnpz0 brz-wrapper\">\n<div class=\"brz-rich-text brz-rich-text__custom brz-css-1qfin31\" data-brz-custom-id=\"f6KLgPXbg1qe\">\n<div data-brz-translate-text=\"1\">\n<p class=\"brz-fs-sm-18 brz-tp-lg-heading4 brz-css-uSB3y\" data-uniq-id=\"oMIeg\" data-generated-css=\"brz-css-qyUzs\"><span style=\"opacity: 1\" class=\"brz-cp-color8\">Autentico<\/span><\/p>\n<\/div>\n<\/div>\n<\/div>\n<div id=\"\" class=\"brz-css-1va2k46 brz-wrapper\">\n<div class=\"brz-rich-text brz-rich-text__custom brz-css-1qfin31\" data-brz-custom-id=\"whsu8qSERDtC\">\n<div data-brz-translate-text=\"1\">\n<p class=\"brz-tp-lg-paragraph brz-css-pFHXk\" data-generated-css=\"brz-css-vi2L0\" data-uniq-id=\"fuQBV\"><span style=\"opacity: 1\" class=\"brz-cp-color8\">Conoscere il Paese e la sua gente in modo autentico.<\/span><\/p>\n<\/div>\n<\/div>\n<\/div>\n<\/div>\n<p><a class=\"brz-a brz-container-link\" href=\"\" target=\"_self\" rel=\"noopener\" data-brz-link-type=\"page\"><\/a><\/div>\n<div class=\"brz-columns brz-css-m2918c brz-css-1tgzr28\" data-brz-custom-id=\"xGycbEbkqXRv\">\n<div class=\"brz-bg\"><\/div>\n<div class=\"brz-column__items brz-css-1fcnypm brz-css-mw0jj7\">\n<div id=\"\" class=\"brz-css-1va2k46 brz-css-1lmhtig brz-wrapper\">\n<div class=\"brz-rich-text brz-rich-text__custom brz-css-1qfin31\" data-brz-custom-id=\"v6dlBnL_CvMz\">\n<div data-brz-translate-text=\"1\">\n<p class=\"brz-tp-heading2 brz-css-cFplQ\"><span class=\"brz-cp-color8\">03<\/span><\/p>\n<\/div>\n<\/div>\n<\/div>\n<div id=\"\" class=\"brz-css-1va2k46 brz-css-1w18vvg brz-wrapper\">\n<div class=\"brz-rich-text brz-rich-text__custom brz-css-1qfin31\" data-brz-custom-id=\"vvCDxQLoNQLj\">\n<div data-brz-translate-text=\"1\">\n<p class=\"brz-fs-sm-18 brz-tp-lg-heading4 brz-css-phVHO\" data-uniq-id=\"gOzET\" data-generated-css=\"brz-css-bIEtS\"><span style=\"opacity: 1\" class=\"brz-cp-color8\">Personale<\/span><\/p>\n<\/div>\n<\/div>\n<\/div>\n<div id=\"\" class=\"brz-css-1va2k46 brz-wrapper\">\n<div class=\"brz-rich-text brz-rich-text__custom brz-css-1qfin31\" data-brz-custom-id=\"uv8Rm3BKCGB6\">\n<div data-brz-translate-text=\"1\">\n<p class=\"brz-tp-lg-paragraph brz-css-poNIG\" data-uniq-id=\"blJRR\" data-generated-css=\"brz-css-pbwgz\"><span style=\"opacity: 1\" class=\"brz-cp-color8\">Siamo una piccola azienda a conduzione familiare e saremo lieti di consigliarvi personalmente.<\/span><\/p>\n<\/div>\n<\/div>\n<\/div>\n<\/div>\n<p><a class=\"brz-a brz-container-link\" href=\"\" target=\"_self\" rel=\"noopener\" data-brz-link-type=\"page\"><\/a><\/div>\n<\/div>\n<\/div>\n<\/div>\n<\/div>\n<\/section>\n<section id=\"_oqgm5ERs2eSn\" class=\"brz-section brz-css-16qv2k1 brz-css-oim5in\">\n<div class=\"brz-slick-slider brz-slick-slider__section\" data-slides-to-show=\"1\" data-slides-to-scroll=\"1\" data-arrows=\"true\" data-dots=\"true\" data-dots-class=\"brz-slick-slider__dots brz-slick-slider__dots--square\" data-fade=\"false\" data-vertical=\"false\" data-auto-play=\"false\" data-auto-play-speed=\"3000\" data-animation-speed=\"500\" data-swipe=\"true\" data-responsive=\"%5B%7B%22breakpoint%22%3A767%2C%22settings%22%3A%7B%22slidesToShow%22%3A1%2C%22slidesToScroll%22%3A1%7D%7D%5D\">\n<div>\n<div class=\"brz-section__content brz-section--boxed brz-css-fd92ge brz-css-1ld0b12\" data-brz-custom-id=\"w4m067_zMmD1\">\n<div class=\"brz-bg\">\n<div class=\"brz-bg-color\"><\/div>\n<\/div>\n<div class=\"brz-container brz-css-1v01ne7\">\n<div class=\"brz-row__container brz-css-ap7y5i\" data-brz-custom-id=\"lBLPRUOW5Sn5\">\n<div class=\"brz-bg\"><\/div>\n<div class=\"brz-row brz-css-ipan5t brz-css-1llrz0a\">\n<div class=\"brz-columns brz-css-m2918c brz-css-7gnnp3\" data-brz-custom-id=\"eopRFHaI4OQA\">\n<div class=\"brz-bg\">\n<div class=\"brz-bg-image\"><\/div>\n<\/div>\n<div class=\"brz-column__items brz-css-1fcnypm brz-css-15h1ysg\">\n<div id=\"\" class=\"brz-css-1va2k46 brz-css-178e5tp brz-wrapper\">\n<div class=\"brz-spacer brz-css-615ub7 brz-css-1m8yepl\"><\/div>\n<\/div>\n<\/div>\n<p><a class=\"brz-a brz-container-link\" href=\"\" target=\"_self\" rel=\"noopener\" data-brz-link-type=\"page\"><\/a><\/div>\n<div class=\"brz-columns brz-css-m2918c brz-css-kcqrix\" data-brz-custom-id=\"jaDLTgWebDQG\">\n<div class=\"brz-bg\">\n<div class=\"brz-bg-color\"><\/div>\n<\/div>\n<div class=\"brz-column__items brz-css-1fcnypm brz-css-1uddbqa\">\n<div id=\"\" class=\"brz-css-1va2k46 brz-css-duj9nq brz-wrapper\">\n<div class=\"brz-rich-text brz-rich-text__custom brz-css-1qfin31\" data-brz-custom-id=\"phIY1EdkbnFH\">\n<div data-brz-translate-text=\"1\">\n<h2 class=\"brz-text-lg-left brz-tp-lg-heading2 brz-text-xs-center brz-css-jMwgL\" data-generated-css=\"brz-css-jj3j0\" data-uniq-id=\"wrM5H\">Trasferimenti (quasi) ovunque&#8230;<\/h2>\n<\/div>\n<\/div>\n<\/div>\n<div id=\"\" class=\"brz-css-1va2k46 brz-wrapper\">\n<div class=\"brz-rich-text brz-rich-text__custom brz-css-1qfin31\" data-brz-custom-id=\"rJBN27dWDHce\">\n<div data-brz-translate-text=\"1\">\n<p class=\"brz-mb-sm-0 brz-mb-xs-15 brz-tp-lg-paragraph brz-text-xs-center brz-mb-lg-20 brz-css-v0XFH\" data-generated-css=\"brz-css-zrYLg\" data-uniq-id=\"sRV9h\"><strong>Avete bisogno di un trasferimento? Arrivate a Tangeri o in un&#8217;altra citt\u00e0 e volete iniziare il vostro viaggio in Marocco da l\u00ec? Saremo lieti di occuparci del trasferimento verso l&#8217;aeroporto, verso un&#8217;altra citt\u00e0 o di venirvi a prendere al punto di raccolta desiderato. Quando viaggiate con noi, il trasferimento \u00e8 sempre incluso nel costo del viaggio.<\/strong><\/p>\n<\/div>\n<\/div>\n<\/div>\n<div class=\"brz-wrapper-clone brz-css-3e1mk1\">\n<div class=\"brz-d-xs-flex brz-flex-xs-wrap brz-css-yrc8b9\" data-brz-custom-id=\"\">\n<div class=\"brz-wrapper-clone__item\" id=\"fKgR5HodUSxZ\"><a class=\"brz-a brz-btn brz-css-9052qd brz-css-1r469i0 brz-css-1e3op2s brz-css-1iorab\" href=\"\" target=\"_self\" rel=\"noopener\" data-brz-link-type=\"external\" data-brz-custom-id=\"fKgR5HodUSxZ\"><span data-brz-translate-text=\"1\" class=\"brz-span brz-text__editor\">Contattare<\/span><\/a><\/div>\n<\/div>\n<\/div>\n<\/div>\n<p><a class=\"brz-a brz-container-link\" href=\"\" target=\"_self\" rel=\"noopener\" data-brz-link-type=\"page\"><\/a><\/div>\n<\/div>\n<\/div>\n<\/div>\n<\/div>\n<\/div>\n<\/div>\n<\/section>\n<\/div>\n<p>    <!-- version:1737565894 --><\/p>\n","protected":false},"excerpt":{"rendered":"<p>Marocco- Trasferimento Vi invitiamo a scoprire con noi questo paese cos\u00ec vario. Dalle citt\u00e0 al deserto, dalla spiaggia al mare, il Marocco ha tutto da offrire. 01 Su misura Organizzeremo il vostro viaggio in base ai vostri desideri. 02 Autentico Conoscere il Paese e la sua gente in modo autentico. 03 Personale Siamo una piccola [&hellip;]<\/p>\n","protected":false},"author":2,"featured_media":0,"parent":0,"menu_order":0,"comment_status":"closed","ping_status":"closed","template":"","meta":{"_seopress_robots_primary_cat":"","_seopress_titles_title":"Trasferimenti in Marocco: Vivi un Viaggio Senza Preoccupazioni con i Nostri Servizi di Trasporto Personalizzati!","_seopress_titles_desc":"Sposta con facilit\u00e0 e stile attraverso il Marocco con i nostri servizi di trasferimento personalizzati. Dalle citt\u00e0 alle destinazioni turistiche, garantiamo viaggi comodi e sicuri. I nostri autisti esperti ti accompagneranno attraverso paesaggi mozzafiato e ti offriranno un&#039;esperienza di viaggio senza stress. Prenota ora per vivere un trasferimento affidabile e confortevole nel cuore dell&#039;affascinante Marocco.","_seopress_robots_index":"","footnotes":""},"class_list":["post-2630","page","type-page","status-publish","hentry"],"blocksy_meta":[],"brizy_media":[{"id":4948,"url":"https:\/\/vacation-morocco.com\/wp-content\/uploads\/2023\/12\/Taxi-2-scaled.jpg","name":"Taxi-2.jpg","meta":{"brizy_attachment_uid":"wp-bbb09091dcec6ee5addf61bbca3bad28.jpg","brizy_post_uid":["70aaf7e3608babe897e97b19d3327938"]}}],"_links":{"self":[{"href":"https:\/\/vacation-morocco.com\/it\/wp-json\/wp\/v2\/pages\/2630","targetHints":{"allow":["GET"]}}],"collection":[{"href":"https:\/\/vacation-morocco.com\/it\/wp-json\/wp\/v2\/pages"}],"about":[{"href":"https:\/\/vacation-morocco.com\/it\/wp-json\/wp\/v2\/types\/page"}],"author":[{"embeddable":true,"href":"https:\/\/vacation-morocco.com\/it\/wp-json\/wp\/v2\/users\/2"}],"replies":[{"embeddable":true,"href":"https:\/\/vacation-morocco.com\/it\/wp-json\/wp\/v2\/comments?post=2630"}],"version-history":[{"count":18,"href":"https:\/\/vacation-morocco.com\/it\/wp-json\/wp\/v2\/pages\/2630\/revisions"}],"predecessor-version":[{"id":6834,"href":"https:\/\/vacation-morocco.com\/it\/wp-json\/wp\/v2\/pages\/2630\/revisions\/6834"}],"wp:attachment":[{"href":"https:\/\/vacation-morocco.com\/it\/wp-json\/wp\/v2\/media?parent=2630"}],"curies":[{"name":"wp","href":"https:\/\/api.w.org\/{rel}","templated":true}]}}