{"id":2622,"date":"2023-11-27T11:28:50","date_gmt":"2023-11-27T10:28:50","guid":{"rendered":"https:\/\/vacation-morocco.nextron.org\/impressum\/"},"modified":"2026-03-20T06:03:20","modified_gmt":"2026-03-20T05:03:20","slug":"impronta","status":"publish","type":"page","link":"https:\/\/vacation-morocco.com\/it\/impronta\/","title":{"rendered":"Impronta"},"content":{"rendered":"<div class=\"brz-root__container brz-reset-all brz brz-root__container-page\">\n<section id=\"_rtDajEVf5Yr6\" class=\"brz-section brz-css-uokjob\">\n<div class=\"brz-section__content brz-section--boxed brz-css-ipdbyy brz-css-1l3m54w\" data-brz-custom-id=\"g88xpbC7j5bj\">\n<div class=\"brz-bg\">\n<div class=\"brz-bg-image\"><\/div>\n<\/div>\n<div class=\"brz-container brz-css-19qxlef\">\n<div class=\"brz-row__container brz-css-1w3yeg1\" data-brz-custom-id=\"ic5Zf8N9geJa\">\n<div class=\"brz-bg\"><\/div>\n<div class=\"brz-row brz-css-13jbxoe brz-css-f3cewl\">\n<div class=\"brz-columns brz-css-ekffas brz-css-1ytds3i\" data-brz-custom-id=\"dHElwhKZKZx4\">\n<div class=\"brz-bg\"><\/div>\n<div class=\"brz-column__items brz-css-1yv0gbc\">\n<div id=\"\" class=\"brz-css-1lih4t6 brz-wrapper\">\n<div class=\"brz-rich-text brz-rich-text__custom brz-css-1jnys10\" data-brz-custom-id=\"wcGESb_Jm47z\">\n<div data-brz-translate-text=\"1\">\n<h1 class=\"brz-text-lg-center brz-lh-lg-1_3 brz-ls-lg-0 brz-fw-lg-900 brz-fss-lg-px brz-fs-lg-66 brz-ft-google brz-ff-roboto brz-text-xs-center brz-tp-lg-heading1 brz-css-ldnja\" data-generated-css=\"brz-css-h3rPu\" data-uniq-id=\"rN5YJ\"><span style=\"opacity: 1\" class=\"brz-cp-color8\"> Impronta <\/span><\/h1>\n<\/div>\n<\/div>\n<\/div>\n<div id=\"\" class=\"brz-css-1lih4t6 brz-wrapper\">\n<div class=\"brz-rich-text brz-rich-text__custom brz-css-1jnys10\" data-brz-custom-id=\"nDiUf6LXTbkr\">\n<div data-brz-translate-text=\"1\">\n<h4 class=\"brz-tp-lg-heading4 brz-text-xs-center brz-text-lg-center brz-ff-roboto brz-ft-google brz-fs-lg-20 brz-fss-lg-px brz-fw-lg-400 brz-ls-lg-0 brz-lh-lg-1_6 brz-css-cbFIf\" data-uniq-id=\"mkKd0\" data-generated-css=\"brz-css-sBnOs\"><span style=\"opacity: 1\" class=\"brz-cp-color8\">Qui trovate tutto ci\u00f2 che \u00e8 importante.<\/span><\/h4>\n<\/div>\n<\/div>\n<\/div>\n<\/div>\n<\/div>\n<\/div>\n<\/div>\n<div id=\"\" class=\"brz-css-1lih4t6 brz-css-1wtvfad brz-css-n5u16x brz-wrapper\">\n<div class=\"brz-spacer brz-css-kelv1s brz-css-l6brgb\"><\/div>\n<\/div>\n<div class=\"brz-row__container brz-css-1w3yeg1\" data-brz-custom-id=\"tAT3TzNu_oGC\">\n<div class=\"brz-bg\"><\/div>\n<div class=\"brz-row brz-css-13jbxoe brz-css-f3cewl\">\n<div class=\"brz-columns brz-css-ekffas brz-css-w8cgym\" data-brz-custom-id=\"qSIJxjoq1kY8\">\n<div class=\"brz-bg\"><\/div>\n<div class=\"brz-column__items brz-css-1yv0gbc brz-css-672o8f\"><\/div>\n<\/div>\n<div class=\"brz-columns brz-css-ekffas brz-css-15n1v4l\" data-brz-custom-id=\"cIk8eHc8xzRN\">\n<div class=\"brz-bg\"><\/div>\n<div class=\"brz-column__items brz-css-1yv0gbc brz-css-343f6z\"><\/div>\n<\/div>\n<div class=\"brz-columns brz-css-ekffas brz-css-1a2dh5g\" data-brz-custom-id=\"cxzJYhmKi0qO\">\n<div class=\"brz-bg\"><\/div>\n<div class=\"brz-column__items brz-css-1yv0gbc brz-css-ook4eq\"><\/div>\n<\/div>\n<\/div>\n<\/div>\n<\/div>\n<\/div>\n<\/section>\n<section id=\"_x0ZFyuVTKpyw\" class=\"brz-section brz-css-uokjob\">\n<div class=\"brz-section__content brz-section--boxed brz-css-ipdbyy brz-css-vnhpzf\" data-brz-custom-id=\"dxsmwPaG_zxI\">\n<div class=\"brz-container brz-css-19qxlef\">\n<div id=\"\" class=\"brz-css-1lih4t6 brz-wrapper\">\n<div class=\"brz-rich-text brz-rich-text__custom brz-css-1jnys10\" data-brz-custom-id=\"iLfFi1R3z8iY\">\n<div data-brz-translate-text=\"1\">\n<p class=\"brz-tp-lg-paragraph brz-css-f64gi\" data-uniq-id=\"d653U\" data-generated-css=\"brz-css-ewJ2G\"><strong>Autorit\u00e0 responsabile:<\/strong><\/p>\n<p class=\"brz-tp-lg-paragraph brz-css-et_Xh\" data-uniq-id=\"a7cB0\" data-generated-css=\"brz-css-nhnSb\">Atar Travel&amp;Transport<\/p>\n<p class=\"brz-tp-lg-paragraph brz-css-pqMbk\" data-uniq-id=\"m9M2I\" data-generated-css=\"brz-css-pV4_b\">Heuwinkelstrasse 15<\/p>\n<p class=\"brz-tp-lg-paragraph brz-css-zWRKi\" data-uniq-id=\"d5PYD\" data-generated-css=\"brz-css-xcqSd\">4123 Allschwil<\/p>\n<p class=\"brz-tp-lg-paragraph brz-css-wJsli\" data-uniq-id=\"qSQuK\" data-generated-css=\"brz-css-k5kjk\">Svizzera<\/p>\n<p class=\"brz-tp-lg-paragraph brz-css-qIIPM\" data-uniq-id=\"x0_DS\" data-generated-css=\"brz-css-e5IpV\"><strong>E-Mail<\/strong>: info@vacation-morocco.com<\/p>\n<p class=\"brz-tp-lg-paragraph brz-css-pKI1A\" data-uniq-id=\"woaJw\" data-generated-css=\"brz-css-jCtuo\"><strong> <\/strong><\/p>\n<p class=\"brz-tp-lg-paragraph brz-css-o6uMp\" data-uniq-id=\"z8Srx\" data-generated-css=\"brz-css-as1VX\"><strong>Dichiarazione di non responsabilit\u00e0<\/strong><\/p>\n<p class=\"brz-tp-lg-paragraph brz-css-wWVI0\" data-uniq-id=\"nrwTT\" data-generated-css=\"brz-css-xzqIi\">L&#8217;autore non si assume alcuna responsabilit\u00e0 per la correttezza, l&#8217;accuratezza, l&#8217;attualit\u00e0, l&#8217;affidabilit\u00e0 e la completezza delle informazioni.<\/p>\n<p class=\"brz-tp-lg-paragraph brz-css-jOW82\" data-uniq-id=\"nWQ87\" data-generated-css=\"brz-css-dtGZU\">Sono escluse richieste di responsabilit\u00e0 nei confronti dell&#8217;autore per danni di natura materiale o immateriale derivanti dall&#8217;accesso, dall&#8217;uso o dal mancato uso delle informazioni pubblicate, dall&#8217;uso improprio della connessione o da guasti tecnici.<\/p>\n<p class=\"brz-tp-lg-paragraph brz-css-si3V3\" data-uniq-id=\"qxL5K\" data-generated-css=\"brz-css-h6wfa\">Tutte le offerte sono soggette a modifiche. L&#8217;autore si riserva espressamente il diritto di modificare, integrare o cancellare parti delle pagine o l&#8217;intera offerta senza preavviso o di interrompere temporaneamente o definitivamente la pubblicazione.<\/p>\n<p class=\"brz-tp-lg-paragraph brz-css-ccvD5\" data-uniq-id=\"osj_p\" data-generated-css=\"brz-css-hIW_o\"><strong> <\/strong><\/p>\n<p class=\"brz-tp-lg-paragraph brz-css-hRFxj\" data-uniq-id=\"krVYL\" data-generated-css=\"brz-css-v8uIk\"><strong>Esclusione di responsabilit\u00e0 per i contenuti e i link<\/strong><\/p>\n<p class=\"brz-tp-lg-paragraph brz-css-jmou6\" data-uniq-id=\"a6tkv\" data-generated-css=\"brz-css-gA4vq\">I riferimenti e i link a siti web di terzi non rientrano nella nostra sfera di responsabilit\u00e0. Si declina ogni responsabilit\u00e0 per tali siti web. L&#8217;accesso e l&#8217;utilizzo di tali siti web \u00e8 a rischio e pericolo dell&#8217;utente.<\/p>\n<p class=\"brz-tp-lg-paragraph brz-css-kQG82\" data-uniq-id=\"ldnMZ\" data-generated-css=\"brz-css-wvUcd\"><strong> <\/strong><\/p>\n<p class=\"brz-tp-lg-paragraph brz-css-r0o7A\" data-uniq-id=\"dBhEu\" data-generated-css=\"brz-css-c87be\"><strong>Dichiarazione di copyright<\/strong><\/p>\n<p class=\"brz-tp-lg-paragraph brz-css-lRuaB\" data-uniq-id=\"bHCPP\" data-generated-css=\"brz-css-ntw64\">I diritti d&#8217;autore e tutti gli altri diritti su contenuti, immagini, foto (fornite da unsplash.com) o altri file di questo sito web appartengono esclusivamente a El Hassane Atar o ai titolari dei diritti specificamente indicati. Per la riproduzione di qualsiasi elemento \u00e8 necessario ottenere preventivamente il consenso scritto del titolare del copyright.<\/p>\n<\/div>\n<\/div>\n<\/div>\n<\/div>\n<\/div>\n<\/section>\n<\/div>\n<p>    <!-- version:1737211213 --><\/p>\n","protected":false},"excerpt":{"rendered":"<p>Impronta Qui trovate tutto ci\u00f2 che \u00e8 importante. Autorit\u00e0 responsabile: Atar Travel&amp;Transport Heuwinkelstrasse 15 4123 Allschwil Svizzera E-Mail: info@vacation-morocco.com Dichiarazione di non responsabilit\u00e0 L&#8217;autore non si assume alcuna responsabilit\u00e0 per la correttezza, l&#8217;accuratezza, l&#8217;attualit\u00e0, l&#8217;affidabilit\u00e0 e la completezza delle informazioni. Sono escluse richieste di responsabilit\u00e0 nei confronti dell&#8217;autore per danni di natura materiale o immateriale [&hellip;]<\/p>\n","protected":false},"author":2,"featured_media":0,"parent":0,"menu_order":0,"comment_status":"closed","ping_status":"closed","template":"","meta":{"_seopress_robots_primary_cat":"","_seopress_titles_title":"Impressum: Scopri chi Siamo e Inizia la Tua Avventura di Viaggio in Marocco con Noi!","_seopress_titles_desc":"Siamo un team appassionato che offre esperienze di viaggio su misura in Marocco. Con un impegno verso la qualit\u00e0, l&#039;autenticit\u00e0 e il servizio clienti, ci dedichiamo a rendere il tuo viaggio un&#039;esperienza straordinaria. Contattaci per maggiori informazioni sulla nostra azienda e per pianificare un&#039;avventura indimenticabile nel cuore del Marocco.","_seopress_robots_index":"","footnotes":""},"class_list":["post-2622","page","type-page","status-publish","hentry"],"blocksy_meta":[],"brizy_media":[],"_links":{"self":[{"href":"https:\/\/vacation-morocco.com\/it\/wp-json\/wp\/v2\/pages\/2622","targetHints":{"allow":["GET"]}}],"collection":[{"href":"https:\/\/vacation-morocco.com\/it\/wp-json\/wp\/v2\/pages"}],"about":[{"href":"https:\/\/vacation-morocco.com\/it\/wp-json\/wp\/v2\/types\/page"}],"author":[{"embeddable":true,"href":"https:\/\/vacation-morocco.com\/it\/wp-json\/wp\/v2\/users\/2"}],"replies":[{"embeddable":true,"href":"https:\/\/vacation-morocco.com\/it\/wp-json\/wp\/v2\/comments?post=2622"}],"version-history":[{"count":14,"href":"https:\/\/vacation-morocco.com\/it\/wp-json\/wp\/v2\/pages\/2622\/revisions"}],"predecessor-version":[{"id":6972,"href":"https:\/\/vacation-morocco.com\/it\/wp-json\/wp\/v2\/pages\/2622\/revisions\/6972"}],"wp:attachment":[{"href":"https:\/\/vacation-morocco.com\/it\/wp-json\/wp\/v2\/media?parent=2622"}],"curies":[{"name":"wp","href":"https:\/\/api.w.org\/{rel}","templated":true}]}}