{"id":7183,"date":"2024-07-10T20:36:28","date_gmt":"2024-07-10T18:36:28","guid":{"rendered":"https:\/\/vacation-morocco.com\/?page_id=7183"},"modified":"2026-03-22T09:46:37","modified_gmt":"2026-03-22T08:46:37","slug":"conditions-generals","status":"publish","type":"page","link":"https:\/\/vacation-morocco.com\/fr\/conditions-generals\/","title":{"rendered":"Conditions g\u00e9n\u00e9rals"},"content":{"rendered":"<div class=\"brz-root__container brz-reset-all brz brz-root__container-page\">\n<section id=\"_wgM8wJcae0lC\" class=\"brz-section brz-css-1on3wki\">\n<div class=\"brz-section__content brz-section--boxed brz-css-1uryg1h brz-css-1vgmlww\" data-brz-custom-id=\"upgkuLbtqRre\">\n<div class=\"brz-bg\">\n<div class=\"brz-bg-image\"><\/div>\n<\/div>\n<div class=\"brz-container brz-css-4w7dwi\">\n<div class=\"brz-row__container brz-css-1whj5qo\" data-brz-custom-id=\"oYSCSUP3271L\">\n<div class=\"brz-bg\"><\/div>\n<div class=\"brz-row brz-css-hk3d65 brz-css-k6591c\">\n<div class=\"brz-columns brz-css-9rmpw0 brz-css-1uyf4a0\" data-brz-custom-id=\"jgdoGOWUb_Ku\">\n<div class=\"brz-bg\"><\/div>\n<div class=\"brz-column__items brz-css-vcjytq\">\n<div id=\"\" class=\"brz-css-1xh7u2b brz-wrapper\">\n<div class=\"brz-rich-text brz-rich-text__custom brz-css-1j7u4tq\" data-brz-custom-id=\"jvx0nali28jN\">\n<div data-brz-translate-text=\"1\">\n<h1 class=\"brz-tp-lg-heading1 brz-text-xs-center brz-ff-roboto brz-ft-google brz-fs-lg-66 brz-fss-lg-px brz-fw-lg-900 brz-ls-lg-0 brz-lh-lg-1_3 brz-text-lg-center brz-css-hT8i2\" data-uniq-id=\"mbclz\" data-generated-css=\"brz-css-yOb7f\"><strong style=\"opacity: 1\" class=\"brz-cp-color8\">Conditions g\u00e9n\u00e9rales<\/strong><\/h1>\n<\/div>\n<\/div>\n<\/div>\n<div id=\"\" class=\"brz-css-1xh7u2b brz-wrapper\">\n<div class=\"brz-rich-text brz-rich-text__custom brz-css-1j7u4tq\" data-brz-custom-id=\"lU9w0poJUrzD\">\n<div data-brz-translate-text=\"1\">\n<h2 class=\"brz-tp-lg-heading2 brz-text-xs-center brz-text-lg-center brz-ff-roboto brz-ft-google brz-fs-lg-20 brz-fss-lg-px brz-fw-lg-400 brz-ls-lg-0 brz-lh-lg-1_6 brz-css-xnrtg\" data-uniq-id=\"apEtW\" data-generated-css=\"brz-css-tc6EL\"><span style=\"opacity: 1\" class=\"brz-cp-color8\">Vous trouverez toutes les informations importantes ici.<\/span><\/h2>\n<\/div>\n<\/div>\n<\/div>\n<\/div>\n<\/div>\n<\/div>\n<\/div>\n<div id=\"\" class=\"brz-css-1xh7u2b brz-css-1aeljaa brz-css-ufujkg brz-wrapper\">\n<div class=\"brz-spacer brz-css-y7zwr1 brz-css-109xt8y\"><\/div>\n<\/div>\n<\/div>\n<\/div>\n<\/section>\n<section id=\"_xhwvPPL_5M2t\" class=\"brz-section brz-css-1on3wki\">\n<div class=\"brz-section__content brz-section--boxed brz-css-1uryg1h brz-css-uxfckf\" data-brz-custom-id=\"edljGG2uycfb\">\n<div class=\"brz-container brz-css-4w7dwi\">\n<div id=\"\" class=\"brz-css-1xh7u2b brz-wrapper\">\n<div class=\"brz-rich-text brz-rich-text__custom brz-css-1j7u4tq\" data-brz-custom-id=\"erePoMtnrwRf\">\n<div data-brz-translate-text=\"1\">\n<p class=\"brz-tp-lg-paragraph brz-css-sxiRU\" data-uniq-id=\"eLn6w\" data-generated-css=\"brz-css-ztief\">Atar Travel&amp;Transport<\/p>\n<p class=\"brz-tp-lg-paragraph brz-css-nov0O\" data-uniq-id=\"uLDoo\" data-generated-css=\"brz-css-yOFvG\">Heuwinkelstrasse 15<\/p>\n<p class=\"brz-tp-lg-paragraph brz-css-oOPlA\" data-uniq-id=\"juANx\" data-generated-css=\"brz-css-f4WVa\">4123 Allschwil<\/p>\n<p class=\"brz-tp-lg-paragraph brz-css-wZrfi\" data-uniq-id=\"nrdF3\" data-generated-css=\"brz-css-cZDHP\">Schweiz<\/p>\n<p class=\"brz-tp-lg-paragraph brz-css-xKF12\" data-uniq-id=\"t_cTt\" data-generated-css=\"brz-css-gdAmL\"><strong>E-Mail<\/strong>: info@vacation-morocco.com<\/p>\n<p class=\"brz-tp-lg-paragraph brz-css-ttkZD\" data-uniq-id=\"dO9eT\" data-generated-css=\"brz-css-li9f0\"><\/p>\n<h3 class=\"brz-tp-lg-heading3 brz-css-rGykh\" data-uniq-id=\"fL2DS\" data-generated-css=\"brz-css-lNQo1\"><strong>Conditions g\u00e9n\u00e9rales d&rsquo;Atar Travel&amp;Transport<\/strong><\/h3>\n<h3 class=\"brz-tp-lg-heading3 brz-css-ufvt8\" data-uniq-id=\"j0MUj\" data-generated-css=\"brz-css-nAsTe\"><strong> <\/strong><\/h3>\n<p class=\"brz-tp-lg-paragraph brz-css-gYBk4\" data-uniq-id=\"iilxx\" data-generated-css=\"brz-css-uy6rD\"><strong>1. Champ d&rsquo;application<\/strong><\/p>\n<p class=\"brz-tp-lg-paragraph brz-css-kEF9D\" data-uniq-id=\"h5bvO\" data-generated-css=\"brz-css-x8Ifh\">Les pr\u00e9sentes conditions g\u00e9n\u00e9rales s&rsquo;appliquent \u00e0 l&rsquo;ensemble du domaine d&rsquo;activit\u00e9 d&rsquo;Atar Travel&amp;Transport (ci-apr\u00e8s d\u00e9nomm\u00e9e \u00ab\u00a0l&rsquo;entreprise\u00a0\u00bb).<\/p>\n<p class=\"brz-tp-lg-paragraph brz-css-ffrmR\" data-uniq-id=\"b7a5J\" data-generated-css=\"brz-css-zEUXy\"><\/p>\n<p class=\"brz-tp-lg-paragraph brz-css-z_Dh9\" data-uniq-id=\"kDgar\" data-generated-css=\"brz-css-fyZFb\"><strong>2. Conclusion du contrat<\/strong><\/p>\n<p class=\"brz-tp-lg-paragraph brz-css-t1s6R\" data-uniq-id=\"raWQb\" data-generated-css=\"brz-css-gx3S7\">Le contrat est conclu lorsque le client accepte l&rsquo;offre d&rsquo;achat de services de la soci\u00e9t\u00e9. Le contrat est conclu en tout \u00e9tat de cause lorsque le client fait usage des services offerts par la soci\u00e9t\u00e9.<\/p>\n<p class=\"brz-tp-lg-paragraph brz-css-eImlE\" data-uniq-id=\"yDJTv\" data-generated-css=\"brz-css-y1scv\"><\/p>\n<p class=\"brz-tp-lg-paragraph brz-css-tTJnU\" data-uniq-id=\"yqqhZ\" data-generated-css=\"brz-css-vxQly\"><strong>3. Les prix<\/strong><\/p>\n<p class=\"brz-tp-lg-paragraph brz-css-sVu3D\" data-uniq-id=\"mtWly\" data-generated-css=\"brz-css-uxydy\">Sauf indication contraire, tous les prix sont exprim\u00e9s en francs suisses (CHF). Tous les prix incluent la taxe sur la valeur ajout\u00e9e (TVA) applicable.<\/p>\n<p class=\"brz-tp-lg-paragraph brz-css-no3d9\" data-uniq-id=\"kgekt\" data-generated-css=\"brz-css-mxPdA\">Les prix s&rsquo;entendent hors taxes. L&rsquo;entreprise se r\u00e9serve le droit de modifier les prix \u00e0 tout moment. Les prix applicables sont ceux en vigueur au moment de la conclusion du contrat. Si une commission a \u00e9t\u00e9 convenue, elle est due lorsque l&rsquo;entreprise remplit ses obligations. Le fait que le client final paie le client n&rsquo;a aucune influence sur l&rsquo;accumulation et l&rsquo;\u00e9ch\u00e9ance de la commission ; le facteur d\u00e9cisif est l&rsquo;ex\u00e9cution des obligations par l&rsquo;entreprise.<\/p>\n<p class=\"brz-tp-lg-paragraph brz-css-sDgOv\" data-uniq-id=\"oOKFN\" data-generated-css=\"brz-css-agPM6\"><\/p>\n<p class=\"brz-tp-lg-paragraph brz-css-zQ3LM\" data-uniq-id=\"hrNJb\" data-generated-css=\"brz-css-d92kd\"><strong>4. Paiement<\/strong><\/p>\n<p class=\"brz-tp-lg-paragraph brz-css-ylLJJ\" data-uniq-id=\"u6Uu7\" data-generated-css=\"brz-css-uCMEB\">L&rsquo;entreprise propose au client les options de paiement suivantes : Facture, carte de cr\u00e9dit, PayPal, acompte. Le client est tenu de payer le montant factur\u00e9 dans les 30 (trente) jours suivant la date de facturation. Si la facture n&rsquo;est pas r\u00e9gl\u00e9e dans le d\u00e9lai de paiement susmentionn\u00e9, le client est automatiquement en d\u00e9faut. \u00c0 partir du moment o\u00f9 il est en d\u00e9faut, le client est redevable d&rsquo;int\u00e9r\u00eats de retard d&rsquo;un montant de 5 % (cinq pour cent). L&rsquo;entreprise se r\u00e9serve le droit d&rsquo;exiger \u00e0 tout moment un paiement anticip\u00e9 sans en donner les raisons. Le montant factur\u00e9 ne peut \u00eatre compens\u00e9 par d&rsquo;\u00e9ventuelles cr\u00e9ances du client \u00e0 l&rsquo;\u00e9gard de l&rsquo;entreprise. Si le montant de la commande est \u00e9lev\u00e9, la soci\u00e9t\u00e9 peut demander un acompte au client. La soci\u00e9t\u00e9 est en droit de refuser la livraison ou la prestation de services en cas de retard de paiement.<\/p>\n<p class=\"brz-tp-lg-paragraph brz-css-sjSpp\" data-uniq-id=\"zi3zP\" data-generated-css=\"brz-css-t4hOE\"><\/p>\n<p class=\"brz-tp-lg-paragraph brz-css-e0WYc\" data-uniq-id=\"o59Ir\" data-generated-css=\"brz-css-ftz3l\"><strong>5. Limite d&rsquo;\u00e2ge<\/strong><\/p>\n<p class=\"brz-tp-lg-paragraph brz-css-jefa0\" data-uniq-id=\"eqzq0\" data-generated-css=\"brz-css-k0vod\">En acceptant les pr\u00e9sentes CGV, le client confirme qu&rsquo;il a l&rsquo;\u00e2ge requis pour b\u00e9n\u00e9ficier des services propos\u00e9s par la soci\u00e9t\u00e9.<\/p>\n<p class=\"brz-tp-lg-paragraph brz-css-v6wiE\" data-uniq-id=\"qVFJn\" data-generated-css=\"brz-css-aqVTd\"><\/p>\n<p class=\"brz-tp-lg-paragraph brz-css-dLLf7\" data-uniq-id=\"zsSuQ\" data-generated-css=\"brz-css-aSZVo\"><strong>6. Obligations de la soci\u00e9t\u00e9<\/strong><\/p>\n<p class=\"brz-tp-lg-paragraph brz-css-gNL6y\" data-uniq-id=\"tbViZ\" data-generated-css=\"brz-css-zrFnH\">6.1 Prestation de services<\/p>\n<p class=\"brz-tp-lg-paragraph brz-css-sj8tv\" data-uniq-id=\"xZgdd\" data-generated-css=\"brz-css-qfa87\">Sauf convention contraire, la soci\u00e9t\u00e9 s&rsquo;acquitte de son obligation en fournissant le service convenu. Si aucune autre disposition n&rsquo;est convenue, le lieu d&rsquo;ex\u00e9cution est le si\u00e8ge social de la soci\u00e9t\u00e9.<\/p>\n<p class=\"brz-tp-lg-paragraph brz-css-gZ4GJ\" data-uniq-id=\"jdBFy\" data-generated-css=\"brz-css-eHpqn\">6.2 Personnes auxiliaires<\/p>\n<p class=\"brz-tp-lg-paragraph brz-css-fjjSH\" data-uniq-id=\"q9TVm\" data-generated-css=\"brz-css-xd6xk\">Les parties ont le droit expr\u00e8s d&rsquo;engager des auxiliaires pour l&rsquo;ex\u00e9cution de leurs obligations contractuelles. Elles doivent veiller \u00e0 ce que la personne auxiliaire soit engag\u00e9e dans le respect de toutes les dispositions l\u00e9gales obligatoires et d&rsquo;une \u00e9ventuelle convention collective de travail.<\/p>\n<p class=\"brz-tp-lg-paragraph brz-css-d2qPg\" data-uniq-id=\"pNucU\" data-generated-css=\"brz-css-jhcOE\"><\/p>\n<p class=\"brz-tp-lg-paragraph brz-css-yitlv\" data-uniq-id=\"tapiz\" data-generated-css=\"brz-css-pDBY3\"><strong>7. Obligations du client<\/strong><\/p>\n<p class=\"brz-tp-lg-paragraph brz-css-c3fnf\" data-uniq-id=\"eU4fh\" data-generated-css=\"brz-css-u33qt\">Le client est tenu de prendre sans d\u00e9lai toutes les dispositions n\u00e9cessaires \u00e0 la fourniture du service par l&rsquo;entreprise. Le client doit prendre ces dispositions au lieu, au moment et dans la mesure convenus. Selon les circonstances, cela peut inclure la fourniture d&rsquo;informations appropri\u00e9es et la remise de documents \u00e0 la soci\u00e9t\u00e9.<\/p>\n<p class=\"brz-tp-lg-paragraph brz-css-sHB17\" data-uniq-id=\"qGcxw\" data-generated-css=\"brz-css-sFY2U\">Le client est responsable vis-\u00e0-vis de la soci\u00e9t\u00e9 de l&rsquo;exactitude des informations requises sur lui-m\u00eame et sur les tiers et doit supporter toutes les cons\u00e9quences d&rsquo;\u00e9ventuelles erreurs.<\/p>\n<p class=\"brz-tp-lg-paragraph brz-css-hDAa1\" data-uniq-id=\"hcdqp\" data-generated-css=\"brz-css-vuogy\">Le client est conscient que, dans les cas o\u00f9 la soci\u00e9t\u00e9 n&rsquo;agit qu&rsquo;en tant qu&rsquo;interm\u00e9diaire, il conclut le contrat avec le tiers (compagnie a\u00e9rienne, voyagiste, etc.) et que les conditions de ce dernier s&rsquo;appliquent.<\/p>\n<p class=\"brz-tp-lg-paragraph brz-css-sKszi\" data-uniq-id=\"iejpW\" data-generated-css=\"brz-css-mKFEc\">\n<p class=\"brz-tp-lg-paragraph brz-css-av2QR\" data-uniq-id=\"vr25D\" data-generated-css=\"brz-css-qLnpJ\">Pour les services fournis par d&rsquo;autres voyagistes ou prestataires de services, l&rsquo;entreprise n&rsquo;agit qu&rsquo;en tant qu&rsquo;agent, mais pas en tant que partenaire contractuel ; leurs propres conditions contractuelles et de voyage s&rsquo;appliquent.<\/p>\n<p class=\"brz-tp-lg-paragraph brz-css-rt18q\" data-uniq-id=\"aM3PL\" data-generated-css=\"brz-css-xgI2n\">Si le client n&rsquo;est pas en mesure de commencer le voyage ou d&rsquo;utiliser un service pour des raisons qui ne sont pas imputables \u00e0 l&rsquo;entreprise, il doit en informer imm\u00e9diatement l&rsquo;entreprise par \u00e9crit en indiquant la raison. Dans ce cas, des frais d&rsquo;annulation seront factur\u00e9s. La date de r\u00e9ception de la lettre par l&rsquo;entreprise est d\u00e9terminante pour le calcul des frais d&rsquo;annulation. En outre, les frais d&rsquo;annulation de l&rsquo;organisateur respectif et de l&rsquo;entreprise de transport r\u00e9serv\u00e9e s&rsquo;appliquent. Une modification des prestations r\u00e9serv\u00e9es est g\u00e9n\u00e9ralement possible sans frais si l&rsquo;avis du DFAE et\/ou de l&rsquo;OFSP d\u00e9conseille le voyage dans la r\u00e9gion concern\u00e9e. Toutefois, si le DFAE et\/ou l&rsquo;OFSP ne d\u00e9conseillent pas express\u00e9ment le voyage dans la r\u00e9gion r\u00e9serv\u00e9e, les frais vis\u00e9s aux paragraphes suivants sont imm\u00e9diatement exigibles.<\/p>\n<p class=\"brz-tp-lg-paragraph brz-css-m5zce\" data-uniq-id=\"kOOIZ\" data-generated-css=\"brz-css-n8t4F\">\n<p class=\"brz-tp-lg-paragraph brz-css-q84Sc\" data-uniq-id=\"pr5XH\" data-generated-css=\"brz-css-jHMrz\">L&rsquo;entreprise est en droit de r\u00e9silier le contrat sans pr\u00e9avis si l&rsquo;ex\u00e9cution du voyage est durablement perturb\u00e9e en d\u00e9pit d&rsquo;un avertissement correspondant du client. Il en va de m\u00eame si l&rsquo;on soup\u00e7onne le client d&rsquo;avoir commis un d\u00e9lit passible d&rsquo;une peine privative de libert\u00e9 en vertu du droit p\u00e9nal suisse sur le lieu de vacances ou pendant le voyage, ou si le client a commis une violation du contrat telle qu&rsquo;une r\u00e9siliation imm\u00e9diate du contrat est justifi\u00e9e. L&rsquo;entreprise conserve toutefois le droit au prix du voyage. Les \u00e9ventuels frais suppl\u00e9mentaires pour le transport de retour sont \u00e0 la charge du perturbateur lui-m\u00eame. Toutefois, le client est cr\u00e9dit\u00e9 de toutes les d\u00e9penses \u00e9conomis\u00e9es de ce fait et de tous les avantages obtenus gr\u00e2ce aux services non utilis\u00e9s, y compris les remboursements d&rsquo;autres prestataires de services.<\/p>\n<p class=\"brz-tp-lg-paragraph brz-css-jLjrN\" data-uniq-id=\"j9K8w\" data-generated-css=\"brz-css-pycNt\">L&rsquo;entreprise exclut toute responsabilit\u00e9 pour les services de tiers dans la mesure o\u00f9 la loi le permet.<\/p>\n<p class=\"brz-tp-lg-paragraph brz-css-kMsxh\" data-uniq-id=\"p0gm2\" data-generated-css=\"brz-css-jBnqc\">\n<p class=\"brz-tp-lg-paragraph brz-css-h06vP\" data-uniq-id=\"tF4MF\" data-generated-css=\"brz-css-b8X5I\"><strong>8. Annulation de rendez-vous<\/strong><\/p>\n<p class=\"brz-tp-lg-paragraph brz-css-hi2mq\" data-uniq-id=\"sII7i\" data-generated-css=\"brz-css-hod4u\">Dans le cas de rendez-vous convenus pour la prestation du service contractuel, l&rsquo;annulation jusqu&rsquo;\u00e0 30 (trente) jours ouvrables avant le rendez-vous est gratuite. En cas d&rsquo;absence ou d&rsquo;annulation tardive, les frais suivants sont dus :<\/p>\n<p class=\"brz-tp-lg-paragraph brz-css-joDeh\" data-uniq-id=\"ef9Ns\" data-generated-css=\"brz-css-kuo5j\"><\/p>\n<p class=\"brz-tp-lg-paragraph brz-css-qWcwg\" data-uniq-id=\"a5Tda\" data-generated-css=\"brz-css-rMbYo\"><strong>Jusqu&rsquo;\u00e0 15 (quinze) jours ouvrables avant le rendez-vous 30% (trente pour cent) du prix convenu<\/strong><\/p>\n<p class=\"brz-tp-lg-paragraph brz-css-gxahI\" data-uniq-id=\"vmI5q\" data-generated-css=\"brz-css-yL5GE\"><strong>Jusqu&rsquo;\u00e0 14 (quatorze) jours ouvrables avant le rendez-vous 50% (cinquante pour cent) du prix convenu<\/strong><\/p>\n<p class=\"brz-tp-lg-paragraph brz-css-n9tfd\" data-uniq-id=\"u2SYo\" data-generated-css=\"brz-css-iNiLz\"><strong>Jusqu&rsquo;\u00e0 7 (sept) jours ouvrables avant le rendez-vous 100% (cent pour cent) du prix convenu<\/strong><\/p>\n<p class=\"brz-tp-lg-paragraph brz-css-lObpS\" data-uniq-id=\"oGeEe\" data-generated-css=\"brz-css-dzx1B\"><strong> <\/strong><\/p>\n<p class=\"brz-tp-lg-paragraph brz-css-cyajJ\" data-uniq-id=\"sij8M\" data-generated-css=\"brz-css-dTIRW\"><strong>9. Garantie<\/strong><\/p>\n<p class=\"brz-tp-lg-paragraph brz-css-hkGUl\" data-uniq-id=\"fHUVU\" data-generated-css=\"brz-css-nZgVF\">L&rsquo;entreprise garantit que les services convenus seront ex\u00e9cut\u00e9s avec la qualit\u00e9 habituelle dans le secteur.<\/p>\n<p class=\"brz-tp-lg-paragraph brz-css-pIwRT\" data-uniq-id=\"gLtMa\" data-generated-css=\"brz-css-v3DKo\">\n<p class=\"brz-tp-lg-paragraph brz-css-vyALD\" data-uniq-id=\"dvUqy\" data-generated-css=\"brz-css-pMLXm\"><strong>10. Responsabilit\u00e9<\/strong><\/p>\n<p class=\"brz-tp-lg-paragraph brz-css-xjgeh\" data-uniq-id=\"ak148\" data-generated-css=\"brz-css-lJowl\">La responsabilit\u00e9 pour les dommages indirects et les dommages cons\u00e9cutifs est enti\u00e8rement exclue.<\/p>\n<p class=\"brz-tp-lg-paragraph brz-css-l93ML\" data-uniq-id=\"uBV0f\" data-generated-css=\"brz-css-ai2gp\">La responsabilit\u00e9 pour les dommages directs est limit\u00e9e au prix de vente du produit\/service. Cette limitation de responsabilit\u00e9 ne s&rsquo;applique pas aux dommages directs caus\u00e9s par une n\u00e9gligence grave ou intentionnelle. Le client est tenu de signaler imm\u00e9diatement tout dommage \u00e0 l&rsquo;entreprise. Toute responsabilit\u00e9 \u00e0 l&rsquo;\u00e9gard des auxiliaires est enti\u00e8rement exclue.<\/p>\n<p class=\"brz-tp-lg-paragraph brz-css-eVBmY\" data-uniq-id=\"xcASo\" data-generated-css=\"brz-css-o00F7\">\n<p class=\"brz-tp-lg-paragraph brz-css-gaGt9\" data-uniq-id=\"onQZg\" data-generated-css=\"brz-css-f_EYA\"><strong>11. Droits de propri\u00e9t\u00e9 intellectuelle<\/strong><\/p>\n<p class=\"brz-tp-lg-paragraph brz-css-pxGv3\" data-uniq-id=\"qeCf6\" data-generated-css=\"brz-css-iG15t\">L&rsquo;entreprise d\u00e9tient tous les droits sur les produits, les services et les marques ou est autoris\u00e9e \u00e0 les utiliser par le propri\u00e9taire.<\/p>\n<p class=\"brz-tp-lg-paragraph brz-css-p0AE8\" data-uniq-id=\"hLSo4\" data-generated-css=\"brz-css-n1NXF\">Ni les pr\u00e9sentes CGV ni les accords individuels associ\u00e9s ne contiennent de transfert de droits de propri\u00e9t\u00e9 intellectuelle, \u00e0 moins que cela ne soit explicitement mentionn\u00e9. En outre, toute autre utilisation, publication et mise \u00e0 disposition d&rsquo;informations, d&rsquo;images, de textes ou de toute autre chose que le client re\u00e7oit dans le cadre de ces dispositions est interdite, sauf autorisation expresse de l&rsquo;entreprise. Si le client utilise des contenus, des textes ou du mat\u00e9riel visuel en rapport avec l&rsquo;entreprise sur lesquels des tiers ont un droit de propri\u00e9t\u00e9, il doit s&rsquo;assurer qu&rsquo;aucun droit de propri\u00e9t\u00e9 de tiers n&rsquo;est enfreint.<\/p>\n<p class=\"brz-tp-lg-paragraph brz-css-dska1\" data-uniq-id=\"dOCzt\" data-generated-css=\"brz-css-e4n2y\">\n<p class=\"brz-tp-lg-paragraph brz-css-gudmm\" data-uniq-id=\"lnXEK\" data-generated-css=\"brz-css-qQsPy\"><strong>12. Protection des donn\u00e9es<\/strong><\/p>\n<p class=\"brz-tp-lg-paragraph brz-css-w8BhE\" data-uniq-id=\"kVIr7\" data-generated-css=\"brz-css-kgAw0\">La soci\u00e9t\u00e9 peut traiter et utiliser les donn\u00e9es collect\u00e9es lors de la conclusion du contrat pour remplir les obligations d\u00e9coulant du contrat. La soci\u00e9t\u00e9 prend les mesures n\u00e9cessaires pour s\u00e9curiser les donn\u00e9es conform\u00e9ment aux dispositions l\u00e9gales. Le client d\u00e9clare consentir pleinement \u00e0 l&rsquo;enregistrement et \u00e0 l&rsquo;utilisation contractuelle de ses donn\u00e9es par la soci\u00e9t\u00e9 et est conscient que la soci\u00e9t\u00e9 est oblig\u00e9e et autoris\u00e9e \u00e0 divulguer des informations du client \u00e0 ces derniers ou \u00e0 des tiers si les tribunaux ou les autorit\u00e9s l&rsquo;ordonnent. Si le client ne l&rsquo;a pas express\u00e9ment interdit, l&rsquo;entreprise peut utiliser les donn\u00e9es \u00e0 des fins de marketing.  <\/p>\n<p class=\"brz-tp-lg-paragraph brz-css-gE65F\" data-uniq-id=\"a4dAo\" data-generated-css=\"brz-css-jcnYq\">\n<p class=\"brz-tp-lg-paragraph brz-css-rD3q6\" data-uniq-id=\"d2RYI\" data-generated-css=\"brz-css-mHgey\"><strong>13. Modifications<\/strong><\/p>\n<p class=\"brz-tp-lg-paragraph brz-css-j0dmp\" data-uniq-id=\"lEq_3\" data-generated-css=\"brz-css-aGRhr\">Les pr\u00e9sentes conditions g\u00e9n\u00e9rales peuvent \u00eatre modifi\u00e9es par la soci\u00e9t\u00e9 \u00e0 tout moment. La nouvelle version entre en vigueur 30 (trente) jours apr\u00e8s sa mise en ligne sur le site web (www.vacation-morocco.com) par la soci\u00e9t\u00e9. La version des CGV en vigueur au moment de la conclusion du contrat s&rsquo;applique aux clients. Sauf si le client a accept\u00e9 une version plus r\u00e9cente des CGV.<\/p>\n<p class=\"brz-tp-lg-paragraph brz-css-g2pYM\" data-uniq-id=\"r0NXU\" data-generated-css=\"brz-css-pgQEF\">\n<p class=\"brz-tp-lg-paragraph brz-css-yk5_0\" data-uniq-id=\"xGzVb\" data-generated-css=\"brz-css-uEYc0\"><strong>14. Priorit\u00e9<\/strong><\/p>\n<p class=\"brz-tp-lg-paragraph brz-css-uTBSj\" data-uniq-id=\"mqiMF\" data-generated-css=\"brz-css-aKP6m\">Les pr\u00e9sentes CGV priment sur toutes les dispositions et tous les contrats ant\u00e9rieurs. Seules les dispositions des contrats individuels qui pr\u00e9cisent les dispositions des pr\u00e9sentes CGV pr\u00e9valent sur les pr\u00e9sentes CGV.<\/p>\n<p class=\"brz-tp-lg-paragraph brz-css-hjCBG\" data-uniq-id=\"dEqh7\" data-generated-css=\"brz-css-h0pqZ\">\n<p class=\"brz-tp-lg-paragraph brz-css-sa8yS\" data-uniq-id=\"wFoLR\" data-generated-css=\"brz-css-sFKzG\"><strong>15. Clause de divisibilit\u00e9<\/strong><\/p>\n<p class=\"brz-tp-lg-paragraph brz-css-owiZm\" data-uniq-id=\"ochTX\" data-generated-css=\"brz-css-pj5dr\">La nullit\u00e9 d&rsquo;une disposition du pr\u00e9sent contrat ou d&rsquo;un avenant au pr\u00e9sent contrat n&rsquo;affecte pas la validit\u00e9 du reste du contrat. Les parties contractantes remplacent la disposition invalide par une disposition valide qui se rapproche le plus possible de l&rsquo;objectif \u00e9conomique vis\u00e9 par la disposition invalide. Il en va de m\u00eame pour les lacunes \u00e9ventuelles du contrat.<\/p>\n<p class=\"brz-tp-lg-paragraph brz-css-eFzEF\" data-uniq-id=\"zGkkU\" data-generated-css=\"brz-css-pHqoa\">\n<p class=\"brz-tp-lg-paragraph brz-css-vK36f\" data-uniq-id=\"hFy6T\" data-generated-css=\"brz-css-nxvZK\"><strong>16. Confidentialit\u00e9<\/strong><\/p>\n<p class=\"brz-tp-lg-paragraph brz-css-uRzEp\" data-uniq-id=\"b5zbA\" data-generated-css=\"brz-css-a3O87\">Les deux parties, ainsi que leurs auxiliaires, s&rsquo;engagent \u00e0 traiter de mani\u00e8re confidentielle toutes les informations fournies ou acquises dans le cadre des services. Cette obligation reste valable m\u00eame apr\u00e8s la fin du contrat.<\/p>\n<p class=\"brz-tp-lg-paragraph brz-css-cBqmA\" data-uniq-id=\"vMyFP\" data-generated-css=\"brz-css-wCOPA\"><\/p>\n<p class=\"brz-tp-lg-paragraph brz-css-f8oBQ\" data-uniq-id=\"dG_VE\" data-generated-css=\"brz-css-gMeca\"><strong>17. Force majeure<\/strong><\/p>\n<p class=\"brz-tp-lg-paragraph brz-css-ifWMp\" data-uniq-id=\"foznf\" data-generated-css=\"brz-css-d1Qs_\">Si l&rsquo;ex\u00e9cution en temps voulu par la Soci\u00e9t\u00e9, ses fournisseurs ou les tiers concern\u00e9s devient impossible en raison d&rsquo;un cas de force majeure tel que catastrophes naturelles, tremblements de terre, \u00e9ruptions volcaniques, avalanches, temp\u00eates, orages, guerres, \u00e9meutes, guerres civiles, r\u00e9volutions et soul\u00e8vements, terrorisme, sabotage, gr\u00e8ves, accidents nucl\u00e9aires ou dommages aux r\u00e9acteurs, la Soci\u00e9t\u00e9 est lib\u00e9r\u00e9e de l&rsquo;ex\u00e9cution des obligations concern\u00e9es pendant la dur\u00e9e du cas de force majeure et pendant une p\u00e9riode de d\u00e9marrage raisonnable apr\u00e8s la fin de celui-ci. Si la force majeure dure plus de 30 (trente) jours, la soci\u00e9t\u00e9 peut r\u00e9silier le contrat. La soci\u00e9t\u00e9 remboursera au client l&rsquo;int\u00e9gralit\u00e9 des paiements d\u00e9j\u00e0 effectu\u00e9s. Toute autre pr\u00e9tention, en particulier toute pr\u00e9tention \u00e0 des dommages-int\u00e9r\u00eats pour cause de force majeure, est exclue.<\/p>\n<p class=\"brz-tp-lg-paragraph brz-css-tnYbX\" data-uniq-id=\"mXWLS\" data-generated-css=\"brz-css-sKiIY\">\n<p class=\"brz-tp-lg-paragraph brz-css-uNPGD\" data-uniq-id=\"t47Qd\" data-generated-css=\"brz-css-jIzfm\"><strong>18. Droit applicable \/ for juridique<\/strong><\/p>\n<p class=\"brz-tp-lg-paragraph brz-css-nUnyp\" data-uniq-id=\"aMd6X\" data-generated-css=\"brz-css-kiW8H\">Les pr\u00e9sentes CGV sont soumises au droit suisse. Dans la mesure o\u00f9 aucune disposition l\u00e9gale imp\u00e9rative ne pr\u00e9vaut, le tribunal du si\u00e8ge de l&rsquo;entreprise est comp\u00e9tent. La soci\u00e9t\u00e9 est libre d&rsquo;intenter une action au domicile du d\u00e9fendeur. La Convention des Nations Unies sur les contrats de vente internationale de marchandises (RS 0.221.211.1) est express\u00e9ment exclue.<\/p>\n<p class=\"brz-tp-lg-paragraph brz-css-hlSaD\" data-uniq-id=\"t4Je5\" data-generated-css=\"brz-css-bfCNP\">\n<\/div>\n<\/div>\n<\/div>\n<\/div>\n<\/div>\n<\/section>\n<\/div>\n<p>    <!-- version:1737573212 --><\/p>\n","protected":false},"excerpt":{"rendered":"<p>Conditions g\u00e9n\u00e9rales Vous trouverez toutes les informations importantes ici. Atar Travel&amp;Transport Heuwinkelstrasse 15 4123 Allschwil Schweiz E-Mail: info@vacation-morocco.com Conditions g\u00e9n\u00e9rales d&rsquo;Atar Travel&amp;Transport 1. Champ d&rsquo;application Les pr\u00e9sentes conditions g\u00e9n\u00e9rales s&rsquo;appliquent \u00e0 l&rsquo;ensemble du domaine d&rsquo;activit\u00e9 d&rsquo;Atar Travel&amp;Transport (ci-apr\u00e8s d\u00e9nomm\u00e9e \u00ab\u00a0l&rsquo;entreprise\u00a0\u00bb). 2. Conclusion du contrat Le contrat est conclu lorsque le client accepte l&rsquo;offre d&rsquo;achat de [&hellip;]<\/p>\n","protected":false},"author":2,"featured_media":0,"parent":0,"menu_order":0,"comment_status":"closed","ping_status":"closed","template":"","meta":{"_seopress_robots_primary_cat":"","_seopress_titles_title":"Conditions G\u00e9n\u00e9rales - D\u00e9couvrez le Maroc","_seopress_titles_desc":"Consultez les conditions g\u00e9n\u00e9rales d\u00e9taill\u00e9es de nos circuits et services au Maroc. Comprenez vos droits et obligations pour assurer une exp\u00e9rience de voyage sans souci. Lisez maintenant!","_seopress_robots_index":"","footnotes":""},"class_list":["post-7183","page","type-page","status-publish","hentry"],"blocksy_meta":[],"brizy_media":[],"_links":{"self":[{"href":"https:\/\/vacation-morocco.com\/fr\/wp-json\/wp\/v2\/pages\/7183","targetHints":{"allow":["GET"]}}],"collection":[{"href":"https:\/\/vacation-morocco.com\/fr\/wp-json\/wp\/v2\/pages"}],"about":[{"href":"https:\/\/vacation-morocco.com\/fr\/wp-json\/wp\/v2\/types\/page"}],"author":[{"embeddable":true,"href":"https:\/\/vacation-morocco.com\/fr\/wp-json\/wp\/v2\/users\/2"}],"replies":[{"embeddable":true,"href":"https:\/\/vacation-morocco.com\/fr\/wp-json\/wp\/v2\/comments?post=7183"}],"version-history":[{"count":8,"href":"https:\/\/vacation-morocco.com\/fr\/wp-json\/wp\/v2\/pages\/7183\/revisions"}],"predecessor-version":[{"id":7208,"href":"https:\/\/vacation-morocco.com\/fr\/wp-json\/wp\/v2\/pages\/7183\/revisions\/7208"}],"wp:attachment":[{"href":"https:\/\/vacation-morocco.com\/fr\/wp-json\/wp\/v2\/media?parent=7183"}],"curies":[{"name":"wp","href":"https:\/\/api.w.org\/{rel}","templated":true}]}}