{"id":2673,"date":"2023-11-27T11:19:38","date_gmt":"2023-11-27T10:19:38","guid":{"rendered":"https:\/\/vacation-morocco.nextron.org\/grosse-rundreise\/"},"modified":"2026-03-20T08:47:26","modified_gmt":"2026-03-20T07:47:26","slug":"grand-circuit","status":"publish","type":"page","link":"https:\/\/vacation-morocco.com\/fr\/grand-circuit\/","title":{"rendered":"Grand circuit"},"content":{"rendered":"<div class=\"brz-root__container brz-reset-all brz brz-root__container-page\">\n<section id=\"_zwoEnChIdcYc\" class=\"brz-section brz-css-btpmps\">\n<div class=\"brz-section__content brz-section--boxed brz-css-1wt8msn brz-css-1v1nrii\" data-brz-custom-id=\"oVMaT1xy_FAW\">\n<div class=\"brz-bg\">\n<div class=\"brz-bg-image\"><\/div>\n<\/div>\n<div class=\"brz-container brz-css-1fsqinl\">\n<div class=\"brz-row__container brz-css-1fj0upi\" data-brz-custom-id=\"ryCu8Uh2maka\">\n<div class=\"brz-bg\"><\/div>\n<div class=\"brz-row brz-css-12oruco brz-css-7wzu48\">\n<div class=\"brz-columns brz-css-totrba brz-css-eo5vq\" data-brz-custom-id=\"qmHM7nCwj5iS\">\n<div class=\"brz-bg\"><\/div>\n<div class=\"brz-column__items brz-css-p385wk\">\n<div id=\"\" class=\"brz-css-r0cerw brz-wrapper\">\n<div class=\"brz-rich-text brz-rich-text__custom brz-css-1i7pdie\" data-brz-custom-id=\"si8h5AOypnSJ\">\n<div data-brz-translate-text=\"1\">\n<h1 class=\"brz-tp-lg-heading1 brz-text-lg-center brz-lh-lg-1_3 brz-ls-lg-0 brz-fw-lg-900 brz-fss-lg-px brz-fs-lg-66 brz-ft-google brz-ff-roboto brz-text-xs-center brz-css-zEX1Z\" data-generated-css=\"brz-css-wisl9\" data-uniq-id=\"jatp0\"><span style=\"opacity: 1\" class=\"brz-cp-color2\">Maroc-<\/span><\/h1>\n<h1 class=\"brz-tp-lg-heading1 brz-text-lg-center brz-lh-lg-1_3 brz-ls-lg-0 brz-fw-lg-900 brz-fss-lg-px brz-fs-lg-66 brz-ft-google brz-ff-roboto brz-text-xs-center brz-css-m9QDf\" data-generated-css=\"brz-css-mTgTS\" data-uniq-id=\"dXsx6\"><span style=\"opacity: 1\" class=\"brz-cp-color2\">Grand circuit <\/span><\/h1>\n<\/div>\n<\/div>\n<\/div>\n<div id=\"\" class=\"brz-css-r0cerw brz-wrapper\">\n<div class=\"brz-rich-text brz-rich-text__custom brz-css-1i7pdie\" data-brz-custom-id=\"keiV7iAU1xzg\">\n<div data-brz-translate-text=\"1\">\n<h4 class=\"brz-ff-roboto brz-lh-lg-1_3 brz-ls-lg-0 brz-fw-lg-900 brz-fss-lg-px brz-fs-lg-18 brz-ft-google brz-text-xs-center brz-text-lg-center brz-tp-lg-heading4 brz-css-iBUrw\" data-uniq-id=\"aCtyT\" data-generated-css=\"brz-css-kJBU8\"><span style=\"opacity: 1\" class=\"brz-cp-color2\"> <\/span><\/h4>\n<h4 class=\"brz-ff-roboto brz-lh-lg-1_3 brz-ls-lg-0 brz-fw-lg-900 brz-fss-lg-px brz-fs-lg-18 brz-ft-google brz-text-xs-center brz-text-lg-center brz-tp-lg-heading4 brz-css-w9XT6\" data-uniq-id=\"yo0KA\" data-generated-css=\"brz-css-lehQh\"><span style=\"opacity: 1\" class=\"brz-cp-color2\">Nous t&rsquo;invitons \u00e0 d\u00e9couvrir avec nous ce pays tr\u00e8s vari\u00e9. Des villes au d\u00e9sert, en passant par la plage et la mer, le Maroc a tout \u00e0 offrir. <\/span><\/h4>\n<h4 class=\"brz-ff-roboto brz-lh-lg-1_3 brz-ls-lg-0 brz-fw-lg-900 brz-fss-lg-px brz-fs-lg-18 brz-ft-google brz-text-xs-center brz-text-lg-center brz-tp-lg-heading4 brz-css-qhA9v\" data-uniq-id=\"yo0KA\" data-generated-css=\"brz-css-lehQh\"><span style=\"opacity: 1\" class=\"brz-cp-color2\"> <\/span><\/h4>\n<\/div>\n<\/div>\n<\/div>\n<\/div>\n<\/div>\n<\/div>\n<\/div>\n<div id=\"\" class=\"brz-css-r0cerw brz-css-dg6rkw brz-css-bd6es9 brz-wrapper\">\n<div class=\"brz-spacer brz-css-1aek3ly brz-css-xbftwt\"><\/div>\n<\/div>\n<div class=\"brz-row__container brz-css-1fj0upi\" data-brz-custom-id=\"gQTgkPn_2glN\">\n<div class=\"brz-bg\"><\/div>\n<div class=\"brz-row brz-css-12oruco brz-css-7wzu48\">\n<div class=\"brz-columns brz-css-totrba brz-css-nk3oe9\" data-brz-custom-id=\"lXUqy9gq_dgX\">\n<div class=\"brz-bg\"><\/div>\n<div class=\"brz-column__items brz-css-p385wk brz-css-dsgbf2\">\n<div id=\"\" class=\"brz-css-r0cerw brz-css-1i98owa brz-wrapper\">\n<div class=\"brz-rich-text brz-rich-text__custom brz-css-1i7pdie\" data-brz-custom-id=\"sbREAgec7NSP\">\n<div data-brz-translate-text=\"1\">\n<p class=\"brz-tp-heading2 brz-css-zuAkJ\"><span class=\"brz-cp-color8\">01<\/span><\/p>\n<\/div>\n<\/div>\n<\/div>\n<div id=\"\" class=\"brz-css-r0cerw brz-css-1h0gq4y brz-wrapper\">\n<div class=\"brz-rich-text brz-rich-text__custom brz-css-1i7pdie\" data-brz-custom-id=\"soyArnalrkXP\">\n<div data-brz-translate-text=\"1\">\n<p class=\"brz-fs-sm-18 brz-tp-lg-heading4 brz-css-zkL33\" data-uniq-id=\"yMyGS\" data-generated-css=\"brz-css-tuLJN\"><span style=\"opacity: 1\" class=\"brz-cp-color8\">Individuel<\/span><\/p>\n<\/div>\n<\/div>\n<\/div>\n<div id=\"\" class=\"brz-css-r0cerw brz-wrapper\">\n<div class=\"brz-rich-text brz-rich-text__custom brz-css-1i7pdie\" data-brz-custom-id=\"nkT4_6sFy8EF\">\n<div data-brz-translate-text=\"1\">\n<p class=\"brz-tp-lg-paragraph brz-css-j5yro\" data-uniq-id=\"aEwGs\" data-generated-css=\"brz-css-bI7Fz\"><span style=\"opacity: 1\" class=\"brz-cp-color8\">Nous organisons ton voyage selon tes souhaits.<\/span><\/p>\n<\/div>\n<\/div>\n<\/div>\n<\/div>\n<p><a class=\"brz-a brz-container-link\" href=\"\" target=\"_self\" rel=\"noopener\" data-brz-link-type=\"page\"><\/a><\/div>\n<div class=\"brz-columns brz-css-totrba brz-css-6ah6o5\" data-brz-custom-id=\"rvThxTqxuZgC\">\n<div class=\"brz-bg\"><\/div>\n<div class=\"brz-column__items brz-css-p385wk brz-css-1ro6voh\">\n<div id=\"\" class=\"brz-css-r0cerw brz-css-1opi6vf brz-wrapper\">\n<div class=\"brz-rich-text brz-rich-text__custom brz-css-1i7pdie\" data-brz-custom-id=\"vP0bj8eaQpZW\">\n<div data-brz-translate-text=\"1\">\n<p class=\"brz-tp-heading2 brz-css-g0KtK\"><span class=\"brz-cp-color8\">02<\/span><\/p>\n<\/div>\n<\/div>\n<\/div>\n<div id=\"\" class=\"brz-css-r0cerw brz-css-f9wkvf brz-wrapper\">\n<div class=\"brz-rich-text brz-rich-text__custom brz-css-1i7pdie\" data-brz-custom-id=\"kbP7GUMQySRR\">\n<div data-brz-translate-text=\"1\">\n<p class=\"brz-fs-sm-18 brz-tp-lg-heading4 brz-css-tvvlf\" data-uniq-id=\"olHQw\" data-generated-css=\"brz-css-et23d\"><span style=\"opacity: 1\" class=\"brz-cp-color8\">Authentique<\/span><\/p>\n<\/div>\n<\/div>\n<\/div>\n<div id=\"\" class=\"brz-css-r0cerw brz-wrapper\">\n<div class=\"brz-rich-text brz-rich-text__custom brz-css-1i7pdie\" data-brz-custom-id=\"ztmuXDDUtnKT\">\n<div data-brz-translate-text=\"1\">\n<p class=\"brz-tp-lg-paragraph brz-css-y8iO5\" data-generated-css=\"brz-css-vh2o7\" data-uniq-id=\"dXORN\"><span style=\"opacity: 1\" class=\"brz-cp-color8\">D\u00e9couvre le pays et ses habitants de mani\u00e8re authentique.<\/span><\/p>\n<\/div>\n<\/div>\n<\/div>\n<\/div>\n<p><a class=\"brz-a brz-container-link\" href=\"\" target=\"_self\" rel=\"noopener\" data-brz-link-type=\"page\"><\/a><\/div>\n<div class=\"brz-columns brz-css-totrba brz-css-mwdx7d\" data-brz-custom-id=\"zx1mf_XZI6Vo\">\n<div class=\"brz-bg\"><\/div>\n<div class=\"brz-column__items brz-css-p385wk brz-css-btxr5x\">\n<div id=\"\" class=\"brz-css-r0cerw brz-css-1dijp6f brz-wrapper\">\n<div class=\"brz-rich-text brz-rich-text__custom brz-css-1i7pdie\" data-brz-custom-id=\"sNSGLfxEDBcA\">\n<div data-brz-translate-text=\"1\">\n<p class=\"brz-tp-heading2 brz-css-nnE0L\"><span class=\"brz-cp-color8\">03<\/span><\/p>\n<\/div>\n<\/div>\n<\/div>\n<div id=\"\" class=\"brz-css-r0cerw brz-css-1ko1iq3 brz-wrapper\">\n<div class=\"brz-rich-text brz-rich-text__custom brz-css-1i7pdie\" data-brz-custom-id=\"x9mwkPvbxztL\">\n<div data-brz-translate-text=\"1\">\n<p class=\"brz-fs-sm-18 brz-tp-lg-heading4 brz-css-fVhsX\" data-uniq-id=\"c5blx\" data-generated-css=\"brz-css-pHbgA\"><span style=\"opacity: 1\" class=\"brz-cp-color8\">Personnel<\/span><\/p>\n<\/div>\n<\/div>\n<\/div>\n<div id=\"\" class=\"brz-css-r0cerw brz-wrapper\">\n<div class=\"brz-rich-text brz-rich-text__custom brz-css-1i7pdie\" data-brz-custom-id=\"x5tX7JgPxZDQ\">\n<div data-brz-translate-text=\"1\">\n<p class=\"brz-tp-lg-paragraph brz-css-yrEhZ\" data-uniq-id=\"b_SDz\" data-generated-css=\"brz-css-yINC6\"><span style=\"opacity: 1\" class=\"brz-cp-color8\">Nous sommes une petite entreprise familiale et nous te conseillons volontiers personnellement.<\/span><\/p>\n<\/div>\n<\/div>\n<\/div>\n<\/div>\n<p><a class=\"brz-a brz-container-link\" href=\"\" target=\"_self\" rel=\"noopener\" data-brz-link-type=\"page\"><\/a><\/div>\n<\/div>\n<\/div>\n<\/div>\n<\/div>\n<\/section>\n<section id=\"_eXrEOyEhY33F\" class=\"brz-section brz-css-btpmps\">\n<div class=\"brz-section__content brz-section--boxed brz-css-1wt8msn brz-css-1buk3rn\" data-brz-custom-id=\"dtHWvPRWFkCz\">\n<div class=\"brz-bg\">\n<div class=\"brz-bg-image\"><\/div>\n<\/div>\n<div class=\"brz-container brz-css-1fsqinl\">\n<div id=\"\" class=\"brz-css-r0cerw brz-wrapper\">\n<div class=\"brz-rich-text brz-rich-text__custom brz-css-1i7pdie\" data-brz-custom-id=\"ffCEQ3oaKnWw\">\n<div data-brz-translate-text=\"1\">\n<h1 class=\"brz-text-xs-center brz-text-lg-center brz-ff-roboto brz-ft-google brz-fs-lg-62 brz-fss-lg-px brz-fw-lg-900 brz-ls-lg-0 brz-lh-lg-1_3 brz-tp-lg-heading1 brz-css-nALEO\" data-uniq-id=\"c9O5C,aB71v\" data-generated-css=\"brz-css-cdMgy,brz-css-lx4w4\"><span style=\"opacity: 1\" class=\"brz-cp-color8\">Maroc-<\/span><\/h1>\n<h1 class=\"brz-text-xs-center brz-text-lg-center brz-ff-roboto brz-ft-google brz-fs-lg-62 brz-fss-lg-px brz-fw-lg-900 brz-ls-lg-0 brz-lh-lg-1_3 brz-tp-lg-heading1 brz-css-xUPM2\" data-uniq-id=\"aB71v\" data-generated-css=\"brz-css-lx4w4\"><span style=\"opacity: 1\" class=\"brz-cp-color8\">Grand circuit<\/span><\/h1>\n<\/div>\n<\/div>\n<\/div>\n<div id=\"\" class=\"brz-css-r0cerw brz-css-1dbv23v brz-wrapper\">\n<div class=\"brz-rich-text brz-rich-text__custom brz-css-1i7pdie\" data-brz-custom-id=\"xwJiu5AEckfK\">\n<div data-brz-translate-text=\"1\">\n<p class=\"brz-text-lg-center brz-tp-lg-subtitle brz-css-pz9SY\" data-uniq-id=\"nqhvv\" data-generated-css=\"brz-css-wlpxr\"><\/p>\n<\/div>\n<\/div>\n<\/div>\n<div id=\"\" class=\"brz-css-r0cerw brz-wrapper\">\n<div class=\"brz-rich-text brz-rich-text__custom brz-css-1i7pdie\" data-brz-custom-id=\"eSWyeZ2qWLOk\">\n<div data-brz-translate-text=\"1\">\n<h3 class=\"brz-text-lg-center brz-lh-lg-1_3 brz-ls-lg-0 brz-fw-lg-900 brz-fss-lg-px brz-fs-lg-66 brz-ft-google brz-ff-roboto brz-tp-lg-heading3 brz-text-xs-center brz-css-rOrDE\" data-generated-css=\"brz-css-yMHnF\" data-uniq-id=\"iLKrs\"><span style=\"opacity: 1\" class=\"brz-cp-color8\">Voyage dans tous les endroits importants du pays. Tu d\u00e9couvriras ainsi le pays sous tous ses angles. Selon le lieu de prise en charge, le voyage d\u00e9bute \u00e0 un autre endroit.<\/span><\/h3>\n<\/div>\n<\/div>\n<\/div>\n<div id=\"\" class=\"brz-css-r0cerw brz-css-dg6rkw brz-wrapper\">\n<div class=\"brz-spacer brz-css-1aek3ly brz-css-yidue5\"><\/div>\n<\/div>\n<div id=\"\" class=\"brz-css-r0cerw brz-css-dg6rkw brz-css-1cr7ug8 brz-wrapper\">\n<div class=\"brz-spacer brz-css-1aek3ly brz-css-fufwd6\"><\/div>\n<\/div>\n<div class=\"brz-wrapper-clone brz-css-ve60fl brz-css-1gq35wc\">\n<div class=\"brz-d-xs-flex brz-flex-xs-wrap brz-css-15oum8l\" data-brz-custom-id=\"\">\n<div class=\"brz-wrapper-clone__item\" id=\"lIeRMlrTQ_KG\"><a class=\"brz-a brz-btn brz-css-2aqr61 brz-css-1rr8v5o brz-css-3mzk9z brz-css-n7c9bl\" href=\"\" target=\"_self\" rel=\"noopener\" data-brz-link-type=\"external\" data-brz-custom-id=\"lIeRMlrTQ_KG\"><span data-brz-translate-text=\"1\" class=\"brz-span brz-text__editor\"><\/span><\/a><\/div>\n<\/div>\n<\/div>\n<\/div>\n<\/div>\n<\/section>\n<section id=\"_qZiUhVIskWM1\" class=\"brz-section brz-css-btpmps\">\n<div class=\"brz-section__content brz-section--boxed brz-css-1wt8msn brz-css-1b9wpiy\" data-brz-custom-id=\"rdpiVsjIJjFp\">\n<div class=\"brz-container brz-css-1fsqinl\">\n<div class=\"brz-row__container brz-css-1fj0upi\" data-brz-custom-id=\"d19211hn5qwn\">\n<div class=\"brz-bg\"><\/div>\n<div class=\"brz-row brz-css-12oruco\">\n<div class=\"brz-columns brz-css-totrba\" data-brz-custom-id=\"c6LIhp3BOBSb\">\n<div class=\"brz-bg\"><\/div>\n<div class=\"brz-column__items brz-css-p385wk\">\n<div id=\"\" class=\"brz-css-r0cerw brz-wrapper\">\n<div class=\"brz-rich-text brz-rich-text__custom brz-css-1i7pdie\" data-brz-custom-id=\"qXWR6G6NKxca\">\n<div data-brz-translate-text=\"1\">\n<p class=\"brz-text-lg-left brz-text-xs-center brz-fss-lg-px brz-fw-lg-700 brz-ls-lg-1 brz-lh-lg-1_3 brz-ff-roboto brz-ft-google brz-fs-lg-16 brz-tp-lg-paragraph brz-css-peWvt\" data-generated-css=\"brz-css-yckIg\" data-uniq-id=\"b3pkF\"><strong>Jour 1 Arriv\u00e9e \u00e0 Casablanca<\/strong><\/p>\n<p class=\"brz-text-lg-left brz-text-xs-center brz-fss-lg-px brz-fw-lg-700 brz-ls-lg-1 brz-lh-lg-1_3 brz-ff-roboto brz-ft-google brz-fs-lg-16 brz-tp-lg-paragraph brz-css-l6zCw\" data-generated-css=\"brz-css-pdF33\" data-uniq-id=\"iHR9n\"><strong>Jour 2 D\u00e9couverte de Casablanca et Rabat (nuit \u00e0 Rabat)<\/strong><\/p>\n<p class=\"brz-text-lg-left brz-text-xs-center brz-fss-lg-px brz-fw-lg-700 brz-ls-lg-1 brz-lh-lg-1_3 brz-ff-roboto brz-ft-google brz-fs-lg-16 brz-tp-lg-paragraph brz-css-neZNn\" data-generated-css=\"brz-css-jvl0w\" data-uniq-id=\"lpRoy\"><strong>Jour 3 Continuation de Rabat vers Chefchouen, la ville du bleu.<\/strong><\/p>\n<p class=\"brz-text-lg-left brz-text-xs-center brz-fss-lg-px brz-fw-lg-700 brz-ls-lg-1 brz-lh-lg-1_3 brz-ff-roboto brz-ft-google brz-fs-lg-16 brz-tp-lg-paragraph brz-css-g5IxN\" data-generated-css=\"brz-css-lcOMY\" data-uniq-id=\"gdSec\"><strong>Jour 4 De Chefchouen \u00e0 F\u00e8s en passant par Volubilis.<\/strong><\/p>\n<p class=\"brz-text-lg-left brz-text-xs-center brz-fss-lg-px brz-fw-lg-700 brz-ls-lg-1 brz-lh-lg-1_3 brz-ff-roboto brz-ft-google brz-fs-lg-16 brz-tp-lg-paragraph brz-css-hTIMN\" data-generated-css=\"brz-css-er66O\" data-uniq-id=\"eHkSi\"><strong>Jour 5 D\u00e9couverte de F\u00e8s<\/strong><\/p>\n<p class=\"brz-text-lg-left brz-text-xs-center brz-fss-lg-px brz-fw-lg-700 brz-ls-lg-1 brz-lh-lg-1_3 brz-ff-roboto brz-ft-google brz-fs-lg-16 brz-tp-lg-paragraph brz-css-pisfo\" data-generated-css=\"brz-css-axPNk\" data-uniq-id=\"kh_Zk\"><strong>Jour 6 Continuation de F\u00e8s vers Merzouga<\/strong><\/p>\n<p class=\"brz-text-lg-left brz-text-xs-center brz-fss-lg-px brz-fw-lg-700 brz-ls-lg-1 brz-lh-lg-1_3 brz-ff-roboto brz-ft-google brz-fs-lg-16 brz-tp-lg-paragraph brz-css-yy7uB\" data-generated-css=\"brz-css-rURqI\" data-uniq-id=\"j_aK2\"><strong>Jour 7 Profite du merveilleux silence du d\u00e9sert.<\/strong><\/p>\n<p class=\"brz-text-lg-left brz-text-xs-center brz-fss-lg-px brz-fw-lg-700 brz-ls-lg-1 brz-lh-lg-1_3 brz-ff-roboto brz-ft-google brz-fs-lg-16 brz-tp-lg-paragraph brz-css-hBfPR\" data-generated-css=\"brz-css-m2DP6\" data-uniq-id=\"kDNda\"><strong>Jour 8 Apr\u00e8s la journ\u00e9e dans le d\u00e9sert, nous continuons vers la petite ville authentique de Skoura, pr\u00e8s de Ouarzazate.<\/strong><\/p>\n<p class=\"brz-text-lg-left brz-text-xs-center brz-fss-lg-px brz-fw-lg-700 brz-ls-lg-1 brz-lh-lg-1_3 brz-ff-roboto brz-ft-google brz-fs-lg-16 brz-tp-lg-paragraph brz-css-o39K9\" data-generated-css=\"brz-css-zkioT\" data-uniq-id=\"oRYcc\"><strong>Jour 9 Apr\u00e8s Skoura, nous continuons notre voyage vers la ville rouge, Marrakech.<\/strong><\/p>\n<p class=\"brz-text-lg-left brz-text-xs-center brz-fss-lg-px brz-fw-lg-700 brz-ls-lg-1 brz-lh-lg-1_3 brz-ff-roboto brz-ft-google brz-fs-lg-16 brz-tp-lg-paragraph brz-css-zkhOs\" data-generated-css=\"brz-css-ovmZL\" data-uniq-id=\"kC2sy\"><strong>Jour 10 Aujourd&rsquo;hui, tu as le temps de d\u00e9couvrir Marrakech.<\/strong><\/p>\n<p class=\"brz-text-lg-left brz-text-xs-center brz-fss-lg-px brz-fw-lg-700 brz-ls-lg-1 brz-lh-lg-1_3 brz-ff-roboto brz-ft-google brz-fs-lg-16 brz-tp-lg-paragraph brz-css-jglvs\" data-generated-css=\"brz-css-n8MgV\" data-uniq-id=\"tA7N7\"><strong>Jour 11 Journ\u00e9e libre \u00e0 disposition. Nous t&rsquo;aidons volontiers \u00e0 organiser un programme. (Cours de cuisine\/p\u00e2tisserie, visite du march\u00e9, Jardine Majorel, etc.)<\/strong><\/p>\n<p class=\"brz-text-lg-left brz-text-xs-center brz-fss-lg-px brz-fw-lg-700 brz-ls-lg-1 brz-lh-lg-1_3 brz-ff-roboto brz-ft-google brz-fs-lg-16 brz-tp-lg-paragraph brz-css-b2OnV\" data-generated-css=\"brz-css-mGksx\" data-uniq-id=\"tDAXd\"><strong>Jour 12 Nous continuons notre voyage vers la jolie ville c\u00f4ti\u00e8re d&rsquo;Essaouira.<\/strong><\/p>\n<p class=\"brz-text-lg-left brz-text-xs-center brz-fss-lg-px brz-fw-lg-700 brz-ls-lg-1 brz-lh-lg-1_3 brz-ff-roboto brz-ft-google brz-fs-lg-16 brz-tp-lg-paragraph brz-css-zn3KH\" data-generated-css=\"brz-css-x3guZ\" data-uniq-id=\"m6EgB\"><strong>Jour 13 Aujourd&rsquo;hui, tu peux d\u00e9couvrir Essaouira par toi-m\u00eame.<\/strong><\/p>\n<p class=\"brz-text-lg-left brz-text-xs-center brz-fss-lg-px brz-fw-lg-700 brz-ls-lg-1 brz-lh-lg-1_3 brz-ff-roboto brz-ft-google brz-fs-lg-16 brz-tp-lg-paragraph brz-css-h0Vuj\" data-generated-css=\"brz-css-rGb11\" data-uniq-id=\"vkwc8\"><strong>Jour 14 Le voyage est d\u00e9j\u00e0 termin\u00e9. Aujourd&rsquo;hui, nous quittons Essaouira pour Casablanca.<\/strong><\/p>\n<p class=\"brz-text-lg-left brz-text-xs-center brz-fss-lg-px brz-fw-lg-700 brz-ls-lg-1 brz-lh-lg-1_3 brz-ff-roboto brz-ft-google brz-fs-lg-16 brz-tp-lg-paragraph brz-css-fWtpQ\" data-generated-css=\"brz-css-s9DH7\" data-uniq-id=\"jA9ju\"><strong>Jour 15 D\u00e9part de Casablanca<\/strong><\/p>\n<\/div>\n<\/div>\n<\/div>\n<div class=\"brz-wrapper-clone brz-css-ve60fl\">\n<div class=\"brz-d-xs-flex brz-flex-xs-wrap brz-css-15oum8l\" data-brz-custom-id=\"\">\n<div class=\"brz-wrapper-clone__item\" id=\"qucUplSuMnkh\"><a class=\"brz-a brz-btn brz-css-2aqr61 brz-css-1fk3els brz-css-3mzk9z brz-css-1f8cnab\" href=\"\" target=\"_self\" rel=\"noopener\" data-brz-link-type=\"page\" data-brz-custom-id=\"qucUplSuMnkh\"><span data-brz-translate-text=\"1\" class=\"brz-span brz-text__editor\">Contact<\/span><\/a><\/div>\n<\/div>\n<\/div>\n<\/div>\n<p><a class=\"brz-a brz-container-link\" href=\"\" target=\"_self\" rel=\"noopener\" data-brz-link-type=\"page\"><\/a><\/div>\n<div class=\"brz-columns brz-css-totrba\" data-brz-custom-id=\"foXhHhDjgCeO\">\n<div class=\"brz-bg\"><\/div>\n<div class=\"brz-column__items brz-css-p385wk\">\n<div id=\"\" class=\"brz-css-r0cerw brz-wrapper\">\n<div class=\"brz-map brz-map_styles brz-css-1y2k1fa brz-css-9awqna\" data-brz-custom-id=\"oJRAODUIN_2j\">\n<div class=\"brz-ui-ed-map-content\"><\/div>\n<\/div>\n<\/div>\n<\/div>\n<\/div>\n<\/div>\n<\/div>\n<\/div>\n<\/div>\n<\/section>\n<\/div>\n<p>    <!-- version:1737436888 --><\/p>\n","protected":false},"excerpt":{"rendered":"<p>Maroc- Grand circuit Nous t&rsquo;invitons \u00e0 d\u00e9couvrir avec nous ce pays tr\u00e8s vari\u00e9. Des villes au d\u00e9sert, en passant par la plage et la mer, le Maroc a tout \u00e0 offrir. 01 Individuel Nous organisons ton voyage selon tes souhaits. 02 Authentique D\u00e9couvre le pays et ses habitants de mani\u00e8re authentique. 03 Personnel Nous sommes [&hellip;]<\/p>\n","protected":false},"author":2,"featured_media":0,"parent":0,"menu_order":0,"comment_status":"closed","ping_status":"closed","template":"","meta":{"_seopress_robots_primary_cat":"","_seopress_titles_title":"Explorez le Maroc : Grand Tour \u00e0 la D\u00e9couverte des Tr\u00e9sors du Royaume!","_seopress_titles_desc":"Embarquez pour une aventure grandiose avec notre circuit complet \u00e0 travers le Maroc. Explorez des paysages vari\u00e9s, des merveilles historiques et une culture vibrante dans ce royaume envo\u00fbtant. Des souks anim\u00e9s de Marrakech aux paisibles paysages de l&#039;Atlas, notre circuit exhaustif promet une exp\u00e9rience immersive des tr\u00e9sors du Maroc. R\u00e9servez d\u00e8s maintenant pour un voyage inoubliable au c\u0153ur de cette destination captivante!","_seopress_robots_index":"","footnotes":""},"class_list":["post-2673","page","type-page","status-publish","hentry"],"blocksy_meta":[],"brizy_media":[],"_links":{"self":[{"href":"https:\/\/vacation-morocco.com\/fr\/wp-json\/wp\/v2\/pages\/2673","targetHints":{"allow":["GET"]}}],"collection":[{"href":"https:\/\/vacation-morocco.com\/fr\/wp-json\/wp\/v2\/pages"}],"about":[{"href":"https:\/\/vacation-morocco.com\/fr\/wp-json\/wp\/v2\/types\/page"}],"author":[{"embeddable":true,"href":"https:\/\/vacation-morocco.com\/fr\/wp-json\/wp\/v2\/users\/2"}],"replies":[{"embeddable":true,"href":"https:\/\/vacation-morocco.com\/fr\/wp-json\/wp\/v2\/comments?post=2673"}],"version-history":[{"count":21,"href":"https:\/\/vacation-morocco.com\/fr\/wp-json\/wp\/v2\/pages\/2673\/revisions"}],"predecessor-version":[{"id":6809,"href":"https:\/\/vacation-morocco.com\/fr\/wp-json\/wp\/v2\/pages\/2673\/revisions\/6809"}],"wp:attachment":[{"href":"https:\/\/vacation-morocco.com\/fr\/wp-json\/wp\/v2\/media?parent=2673"}],"curies":[{"name":"wp","href":"https:\/\/api.w.org\/{rel}","templated":true}]}}