{"id":2669,"date":"2023-11-27T11:21:17","date_gmt":"2023-11-27T10:21:17","guid":{"rendered":"https:\/\/vacation-morocco.nextron.org\/kleine-rundreise\/"},"modified":"2026-03-20T05:04:32","modified_gmt":"2026-03-20T04:04:32","slug":"petit-circuit","status":"publish","type":"page","link":"https:\/\/vacation-morocco.com\/fr\/petit-circuit\/","title":{"rendered":"Petit circuit"},"content":{"rendered":"<div class=\"brz-root__container brz-reset-all brz brz-root__container-page\">\n<section id=\"_zJjLSPEtPVzD\" class=\"brz-section brz-css-4rafg6\">\n<div class=\"brz-section__content brz-section--boxed brz-css-1nphcn6 brz-css-qphn1m\" data-brz-custom-id=\"aqyjQ7w1XvSX\">\n<div class=\"brz-bg\">\n<div class=\"brz-bg-image\"><\/div>\n<\/div>\n<div class=\"brz-container brz-css-pg9ue5\">\n<div class=\"brz-row__container brz-css-1obdfvm\" data-brz-custom-id=\"wVAbqxTyqTR5\">\n<div class=\"brz-bg\"><\/div>\n<div class=\"brz-row brz-css-2wpua2 brz-css-1d61kgm\">\n<div class=\"brz-columns brz-css-196vfai brz-css-7fmd6k\" data-brz-custom-id=\"jsjni8HuO5PX\">\n<div class=\"brz-bg\"><\/div>\n<div class=\"brz-column__items brz-css-1mksksz\">\n<div id=\"\" class=\"brz-css-zp0n7o brz-wrapper\">\n<div class=\"brz-rich-text brz-rich-text__custom brz-css-5252q5\" data-brz-custom-id=\"pjqhjwNx98Qx\">\n<div data-brz-translate-text=\"1\">\n<h1 class=\"brz-tp-lg-heading1 brz-text-xs-center brz-ff-roboto brz-ft-google brz-fs-lg-66 brz-fss-lg-px brz-fw-lg-900 brz-ls-lg-0 brz-lh-lg-1_3 brz-text-lg-center brz-css-aaRud\" data-uniq-id=\"vMAtj\" data-generated-css=\"brz-css-k0vPr\"><span style=\"opacity: 1\" class=\"brz-cp-color8\"> <\/span><\/h1>\n<h1 class=\"brz-tp-lg-heading1 brz-text-xs-center brz-ff-roboto brz-ft-google brz-fs-lg-66 brz-fss-lg-px brz-fw-lg-900 brz-ls-lg-0 brz-lh-lg-1_3 brz-text-lg-center brz-css-sOqVL\" data-uniq-id=\"mQFTG\" data-generated-css=\"brz-css-zpZ7g\"><span style=\"opacity: 1\" class=\"brz-cp-color2\">Maroc-<\/span><\/h1>\n<h1 class=\"brz-tp-lg-heading1 brz-text-xs-center brz-ff-roboto brz-ft-google brz-fs-lg-66 brz-fss-lg-px brz-fw-lg-900 brz-ls-lg-0 brz-lh-lg-1_3 brz-text-lg-center brz-css-s9vZB\" data-uniq-id=\"opk9q\" data-generated-css=\"brz-css-omIKt\"><span style=\"opacity: 1\" class=\"brz-cp-color2\">Petit circuit<\/span><\/h1>\n<\/div>\n<\/div>\n<\/div>\n<div id=\"\" class=\"brz-css-zp0n7o brz-wrapper\">\n<div class=\"brz-rich-text brz-rich-text__custom brz-css-5252q5\" data-brz-custom-id=\"qAdyqAIhUtwL\">\n<div data-brz-translate-text=\"1\">\n<h4 class=\"brz-lh-lg-1_6 brz-ls-lg-0 brz-fw-lg-400 brz-fss-lg-px brz-fs-lg-20 brz-ft-google brz-ff-roboto brz-text-lg-center brz-text-xs-center brz-tp-lg-heading4 brz-css-e_Bwr\" data-generated-css=\"brz-css-y8R0R\" data-uniq-id=\"bGMgj\"><span style=\"opacity: 1\" class=\"brz-cp-color2\">Nous t&rsquo;invitons \u00e0 d\u00e9couvrir avec nous ce pays tr\u00e8s vari\u00e9. Des villes au d\u00e9sert, en passant par la plage et la mer, le Maroc a tout \u00e0 offrir. <\/span><\/h4>\n<h4 class=\"brz-lh-lg-1_6 brz-ls-lg-0 brz-fw-lg-400 brz-fss-lg-px brz-fs-lg-20 brz-ft-google brz-ff-roboto brz-text-lg-center brz-text-xs-center brz-tp-lg-heading4 brz-css-gbVYP\" data-generated-css=\"brz-css-y8R0R\" data-uniq-id=\"bGMgj\"><span style=\"opacity: 1\" class=\"brz-cp-color2\"> <\/span><\/h4>\n<\/div>\n<\/div>\n<\/div>\n<\/div>\n<\/div>\n<\/div>\n<\/div>\n<div id=\"\" class=\"brz-css-zp0n7o brz-css-4fzdcz brz-css-1ezv9rf brz-wrapper\">\n<div class=\"brz-spacer brz-css-1i4wli3 brz-css-irqkct\"><\/div>\n<\/div>\n<div class=\"brz-row__container brz-css-1obdfvm\" data-brz-custom-id=\"rKLm6vqA6r_q\">\n<div class=\"brz-bg\"><\/div>\n<div class=\"brz-row brz-css-2wpua2 brz-css-1d61kgm\">\n<div class=\"brz-columns brz-css-196vfai brz-css-gy5cqp\" data-brz-custom-id=\"a5PXUIW7o1tB\">\n<div class=\"brz-bg\"><\/div>\n<div class=\"brz-column__items brz-css-1mksksz brz-css-13izfr8\">\n<div id=\"\" class=\"brz-css-zp0n7o brz-css-afvwn7 brz-wrapper\">\n<div class=\"brz-rich-text brz-rich-text__custom brz-css-5252q5\" data-brz-custom-id=\"zRsjZSOuRy0f\">\n<div data-brz-translate-text=\"1\">\n<p class=\"brz-tp-lg-heading2 brz-css-wIGmd\" data-uniq-id=\"aPzVw\" data-generated-css=\"brz-css-ufVyx\"><span style=\"opacity: 1\" class=\"brz-cp-color8\">01<\/span><\/p>\n<\/div>\n<\/div>\n<\/div>\n<div id=\"\" class=\"brz-css-zp0n7o brz-css-1fns6k2 brz-wrapper\">\n<div class=\"brz-rich-text brz-rich-text__custom brz-css-5252q5\" data-brz-custom-id=\"nNBODCQzWqQx\">\n<div data-brz-translate-text=\"1\">\n<p class=\"brz-fs-sm-18 brz-tp-lg-heading4 brz-css-u4GN1\" data-uniq-id=\"sG_Pm\" data-generated-css=\"brz-css-zJx3V\"><span style=\"opacity: 1\" class=\"brz-cp-color8\">Individuel<\/span><\/p>\n<\/div>\n<\/div>\n<\/div>\n<div id=\"\" class=\"brz-css-zp0n7o brz-wrapper\">\n<div class=\"brz-rich-text brz-rich-text__custom brz-css-5252q5\" data-brz-custom-id=\"oyTT8cdRFirR\">\n<div data-brz-translate-text=\"1\">\n<h6 class=\"brz-tp-lg-heading6 brz-css-zKndt\" data-uniq-id=\"eti6V\" data-generated-css=\"brz-css-tyKCK\"><span style=\"opacity: 1\" class=\"brz-cp-color8\">Nous organisons ton voyage selon tes souhaits.<\/span><\/h6>\n<\/div>\n<\/div>\n<\/div>\n<\/div>\n<p><a class=\"brz-a brz-container-link\" href=\"\" target=\"_self\" rel=\"noopener\" data-brz-link-type=\"page\"><\/a><\/div>\n<div class=\"brz-columns brz-css-196vfai brz-css-kckuj8\" data-brz-custom-id=\"z49CLya0QDGB\">\n<div class=\"brz-bg\"><\/div>\n<div class=\"brz-column__items brz-css-1mksksz brz-css-f28tp6\">\n<div id=\"\" class=\"brz-css-zp0n7o brz-css-1ad3c9t brz-wrapper\">\n<div class=\"brz-rich-text brz-rich-text__custom brz-css-5252q5\" data-brz-custom-id=\"xaDjHX8v2hQX\">\n<div data-brz-translate-text=\"1\">\n<p class=\"brz-tp-heading2 brz-css-jreP8\"><span class=\"brz-cp-color8\">02<\/span><\/p>\n<\/div>\n<\/div>\n<\/div>\n<div id=\"\" class=\"brz-css-zp0n7o brz-css-14kgc1a brz-wrapper\">\n<div class=\"brz-rich-text brz-rich-text__custom brz-css-5252q5\" data-brz-custom-id=\"spjozx00b34S\">\n<div data-brz-translate-text=\"1\">\n<p class=\"brz-fs-sm-18 brz-tp-lg-heading4 brz-css-ke5uW\" data-uniq-id=\"hwX51\" data-generated-css=\"brz-css-j4OpK\"><span style=\"opacity: 1\" class=\"brz-cp-color8\">Authentique<\/span><\/p>\n<\/div>\n<\/div>\n<\/div>\n<div id=\"\" class=\"brz-css-zp0n7o brz-wrapper\">\n<div class=\"brz-rich-text brz-rich-text__custom brz-css-5252q5\" data-brz-custom-id=\"ifEQzGDRClLC\">\n<div data-brz-translate-text=\"1\">\n<h6 class=\"brz-tp-lg-heading6 brz-css-tmPGX\" data-uniq-id=\"rnEzI\" data-generated-css=\"brz-css-w1UC2\"><span style=\"opacity: 1\" class=\"brz-cp-color8\">D\u00e9couvre le pays et ses habitants de mani\u00e8re authentique.<\/span><\/h6>\n<\/div>\n<\/div>\n<\/div>\n<\/div>\n<p><a class=\"brz-a brz-container-link\" href=\"\" target=\"_self\" rel=\"noopener\" data-brz-link-type=\"page\"><\/a><\/div>\n<div class=\"brz-columns brz-css-196vfai brz-css-n0dhi\" data-brz-custom-id=\"gCO3B8vXCoVC\">\n<div class=\"brz-bg\"><\/div>\n<div class=\"brz-column__items brz-css-1mksksz brz-css-a2qc44\">\n<div id=\"\" class=\"brz-css-zp0n7o brz-css-5nqvlt brz-wrapper\">\n<div class=\"brz-rich-text brz-rich-text__custom brz-css-5252q5\" data-brz-custom-id=\"v1YyQ5h63cRD\">\n<div data-brz-translate-text=\"1\">\n<p class=\"brz-tp-heading2 brz-css-hAJnE\"><span class=\"brz-cp-color8\">03<\/span><\/p>\n<\/div>\n<\/div>\n<\/div>\n<div id=\"\" class=\"brz-css-zp0n7o brz-css-1ry574d brz-wrapper\">\n<div class=\"brz-rich-text brz-rich-text__custom brz-css-5252q5\" data-brz-custom-id=\"waImLd29ZXGP\">\n<div data-brz-translate-text=\"1\">\n<p class=\"brz-fs-sm-18 brz-tp-lg-heading4 brz-css-rH3NI\" data-uniq-id=\"zDNgq\" data-generated-css=\"brz-css-bRgBn\"><span style=\"opacity: 1\" class=\"brz-cp-color8\">Personnel<\/span><\/p>\n<\/div>\n<\/div>\n<\/div>\n<div id=\"\" class=\"brz-css-zp0n7o brz-wrapper\">\n<div class=\"brz-rich-text brz-rich-text__custom brz-css-5252q5\" data-brz-custom-id=\"zQOmD6Lj9rDA\">\n<div data-brz-translate-text=\"1\">\n<h6 class=\"brz-tp-lg-heading6 brz-css-jKbyP\" data-generated-css=\"brz-css-wkYVj\" data-uniq-id=\"iRuD6\"><span style=\"opacity: 1\" class=\"brz-cp-color8\">Nous sommes une petite entreprise familiale et nous te conseillons volontiers personnellement.<\/span><\/h6>\n<\/div>\n<\/div>\n<\/div>\n<\/div>\n<p><a class=\"brz-a brz-container-link\" href=\"\" target=\"_self\" rel=\"noopener\" data-brz-link-type=\"page\"><\/a><\/div>\n<\/div>\n<\/div>\n<\/div>\n<\/div>\n<\/section>\n<section id=\"_fZHqgl1xigdF\" class=\"brz-section brz-css-4rafg6\">\n<div class=\"brz-section__content brz-section--boxed brz-css-1nphcn6 brz-css-fmhorz\" data-brz-custom-id=\"vKKwSIUOBnAf\">\n<div class=\"brz-bg\">\n<div class=\"brz-bg-image\"><\/div>\n<\/div>\n<div class=\"brz-container brz-css-pg9ue5\">\n<div id=\"\" class=\"brz-css-zp0n7o brz-wrapper\">\n<div class=\"brz-rich-text brz-rich-text__custom brz-css-5252q5\" data-brz-custom-id=\"s6Nrk079PcSj\">\n<div data-brz-translate-text=\"1\">\n<h1 class=\"brz-tp-lg-heading1 brz-lh-lg-1_3 brz-ls-lg-0 brz-fw-lg-900 brz-fss-lg-px brz-fs-lg-62 brz-ft-google brz-ff-roboto brz-text-lg-center brz-text-xs-center brz-css-rv_D9\" data-generated-css=\"brz-css-tjXAk\" data-uniq-id=\"m01IS\"><span style=\"opacity: 1\" class=\"brz-cp-color2\"> <\/span><\/h1>\n<h1 class=\"brz-tp-lg-heading1 brz-lh-lg-1_3 brz-ls-lg-0 brz-fw-lg-900 brz-fss-lg-px brz-fs-lg-62 brz-ft-google brz-ff-roboto brz-text-lg-center brz-text-xs-center brz-css-rekcQ\" data-generated-css=\"brz-css-tTw6g\" data-uniq-id=\"hZv4s\"><span style=\"opacity: 1\" class=\"brz-cp-color2\"> <\/span><\/h1>\n<h1 class=\"brz-tp-lg-heading1 brz-lh-lg-1_3 brz-ls-lg-0 brz-fw-lg-900 brz-fss-lg-px brz-fs-lg-62 brz-ft-google brz-ff-roboto brz-text-lg-center brz-text-xs-center brz-css-kRtox\" data-generated-css=\"brz-css-fO1mv\" data-uniq-id=\"urX0r\"><span style=\"opacity: 1\" class=\"brz-cp-color2\"> <\/span><\/h1>\n<h1 class=\"brz-tp-lg-heading1 brz-lh-lg-1_3 brz-ls-lg-0 brz-fw-lg-900 brz-fss-lg-px brz-fs-lg-62 brz-ft-google brz-ff-roboto brz-text-lg-center brz-text-xs-center brz-css-iJeXN\" data-generated-css=\"brz-css-q40Lt,brz-css-cH68l\" data-uniq-id=\"gvp7j,m3_Wu\">Maroc-<\/h1>\n<h1 class=\"brz-tp-lg-heading1 brz-lh-lg-1_3 brz-ls-lg-0 brz-fw-lg-900 brz-fss-lg-px brz-fs-lg-62 brz-ft-google brz-ff-roboto brz-text-lg-center brz-text-xs-center brz-css-l2kPu\" data-generated-css=\"brz-css-cH68l\" data-uniq-id=\"m3_Wu\">Petit circuit<\/h1>\n<\/div>\n<\/div>\n<\/div>\n<div id=\"\" class=\"brz-css-zp0n7o brz-css-18mmlkg brz-wrapper\">\n<div class=\"brz-rich-text brz-rich-text__custom brz-css-5252q5\" data-brz-custom-id=\"rkBY0avug5L_\">\n<div data-brz-translate-text=\"1\">\n<p class=\"brz-text-lg-center brz-tp-lg-subtitle brz-css-vqQmr\" data-uniq-id=\"nqhvv\" data-generated-css=\"brz-css-wlpxr\"><\/p>\n<\/div>\n<\/div>\n<\/div>\n<div id=\"\" class=\"brz-css-zp0n7o brz-wrapper\">\n<div class=\"brz-rich-text brz-rich-text__custom brz-css-5252q5\" data-brz-custom-id=\"lp88Nlv3MYuw\">\n<div data-brz-translate-text=\"1\">\n<h3 class=\"brz-text-xs-center brz-tp-lg-heading3 brz-ff-roboto brz-ft-google brz-fs-lg-66 brz-fss-lg-px brz-fw-lg-900 brz-ls-lg-0 brz-lh-lg-1_3 brz-text-lg-center brz-css-e21zx\" data-uniq-id=\"dKjMB\" data-generated-css=\"brz-css-oHFiC\">En quelques jours seulement, tu peux d\u00e9couvrir le Maroc sous son meilleur jour. Nous te montrons ici \u00e0 quoi pourrait ressembler un itin\u00e9raire de voyage. Selon tes souhaits, \u00e0 partir d&rsquo;un autre point de d\u00e9part.<\/h3>\n<h3 class=\"brz-text-xs-center brz-tp-lg-heading3 brz-ff-roboto brz-ft-google brz-fs-lg-66 brz-fss-lg-px brz-fw-lg-900 brz-ls-lg-0 brz-lh-lg-1_3 brz-text-lg-center brz-css-jwjj4\" data-uniq-id=\"byd5c\" data-generated-css=\"brz-css-iEBiM\"><\/h3>\n<\/div>\n<\/div>\n<\/div>\n<div id=\"\" class=\"brz-css-zp0n7o brz-css-4fzdcz brz-css-13046y8 brz-wrapper\">\n<div class=\"brz-spacer brz-css-1i4wli3 brz-css-9khfob\"><\/div>\n<\/div>\n<div class=\"brz-wrapper-clone brz-css-1vhiklu brz-css-tn3kfk\">\n<div class=\"brz-d-xs-flex brz-flex-xs-wrap brz-css-1a5ntrg\" data-brz-custom-id=\"\">\n<div class=\"brz-wrapper-clone__item\" id=\"wKDpcePatXCY\"><a class=\"brz-a brz-btn brz-css-1b8iv0c brz-css-1xlhphq brz-css-16kw1w8 brz-css-1c8y5q6\" href=\"\" target=\"_self\" rel=\"noopener\" data-brz-link-type=\"external\" data-brz-custom-id=\"wKDpcePatXCY\"><span data-brz-translate-text=\"1\" class=\"brz-span brz-text__editor\"><\/span><\/a><\/div>\n<\/div>\n<\/div>\n<\/div>\n<\/div>\n<\/section>\n<section id=\"_pquTySJ4Xk4N\" class=\"brz-section brz-css-4rafg6\">\n<div class=\"brz-section__content brz-section--boxed brz-css-1nphcn6 brz-css-18jpbde\" data-brz-custom-id=\"i7pGJXD0l_y_\">\n<div class=\"brz-container brz-css-pg9ue5\">\n<div class=\"brz-row__container brz-css-1obdfvm\" data-brz-custom-id=\"yfSy_dsPLYUZ\">\n<div class=\"brz-bg\"><\/div>\n<div class=\"brz-row brz-css-2wpua2\">\n<div class=\"brz-columns brz-css-196vfai\" data-brz-custom-id=\"csJJtmW5Sdx3\">\n<div class=\"brz-bg\"><\/div>\n<div class=\"brz-column__items brz-css-1mksksz\">\n<div id=\"\" class=\"brz-css-zp0n7o brz-wrapper\">\n<div class=\"brz-rich-text brz-rich-text__custom brz-css-5252q5\" data-brz-custom-id=\"ep9vSA5J7OPK\">\n<div data-brz-translate-text=\"1\">\n<h6 class=\"brz-tp-lg-heading6 brz-lh-lg-1_3 brz-ls-lg-0 brz-fw-lg-400 brz-fss-lg-px brz-fs-lg-16 brz-ft-google brz-ff-roboto brz-text-lg-left brz-text-xs-center brz-css-dkHUl\" data-generated-css=\"brz-css-btjZj\" data-uniq-id=\"e7xtU\">Jour 1 Nous partons de Marrakech pour les gorges du Dad\u00e8s.<\/h6>\n<h6 class=\"brz-tp-lg-heading6 brz-lh-lg-1_3 brz-ls-lg-0 brz-fw-lg-400 brz-fss-lg-px brz-fs-lg-16 brz-ft-google brz-ff-roboto brz-text-lg-left brz-text-xs-center brz-css-aobr8\" data-generated-css=\"brz-css-cvYC9\" data-uniq-id=\"q3Lop\">Jour 2 Nous partons de l&rsquo;Oued Dad\u00e8s pour Merzouga dans le d\u00e9sert du Sahara, o\u00f9 nous passons la nuit dans des tentes b\u00e9douines et profitons du magnifique ciel \u00e9toil\u00e9.<\/h6>\n<h6 class=\"brz-tp-lg-heading6 brz-lh-lg-1_3 brz-ls-lg-0 brz-fw-lg-400 brz-fss-lg-px brz-fs-lg-16 brz-ft-google brz-ff-roboto brz-text-lg-left brz-text-xs-center brz-css-eeZMQ\" data-generated-css=\"brz-css-u1kQT\" data-uniq-id=\"h3dfc\">Jour 3 Le voyage se poursuit vers Ouarzazate, la ville du cin\u00e9ma.<\/h6>\n<h6 data-uniq-id=\"inG6h\" data-generated-css=\"brz-css-vv8XQ\" class=\"brz-tp-lg-heading6 brz-lh-lg-1_3 brz-ls-lg-0 brz-fw-lg-400 brz-fss-lg-px brz-fs-lg-16 brz-ft-google brz-ff-roboto brz-text-lg-left brz-text-xs-center brz-css-vMfUe\">Jour 4 Aujourd&rsquo;hui, nous retournons d\u00e9j\u00e0 \u00e0 Marrakech.<\/h6>\n<p data-generated-css=\"brz-css-wQ56r\" data-uniq-id=\"lmF9C\" class=\"brz-css-gv3e9\"><\/p>\n<p class=\"brz-text-lg-left brz-text-xs-center brz-fss-lg-px brz-fw-lg-700 brz-ls-lg-1 brz-lh-lg-1_3 brz-tp-lg-empty brz-ff-roboto brz-ft-google brz-fs-lg-16 brz-css-whPGH\" data-generated-css=\"brz-css-i7z6R\" data-uniq-id=\"kaxTG\"><\/p>\n<\/div>\n<\/div>\n<\/div>\n<div class=\"brz-row__container brz-css-1obdfvm\" data-brz-custom-id=\"zJwnFAKZ5hwy\">\n<div class=\"brz-bg\"><\/div>\n<div class=\"brz-row brz-row--inner brz-css-2wpua2 brz-css-1d61kgm\">\n<div class=\"brz-columns brz-css-196vfai brz-css-3u9864\" data-brz-custom-id=\"sdt32fpCbsOg\">\n<div class=\"brz-bg\"><\/div>\n<div class=\"brz-column__items brz-css-1mksksz\">\n<div class=\"brz-wrapper-clone brz-css-1vhiklu\">\n<div class=\"brz-d-xs-flex brz-flex-xs-wrap brz-css-1a5ntrg\" data-brz-custom-id=\"\">\n<div class=\"brz-wrapper-clone__item\" id=\"iljKx7WRcGVN\"><a class=\"brz-a brz-btn brz-css-1b8iv0c brz-css-7jqrz5 brz-css-16kw1w8 brz-css-1i0ig0c\" href=\"\" target=\"_self\" rel=\"noopener\" data-brz-link-type=\"page\" data-brz-custom-id=\"iljKx7WRcGVN\"><span data-brz-translate-text=\"1\" class=\"brz-span brz-text__editor\">Contact<\/span><\/a><\/div>\n<\/div>\n<\/div>\n<\/div>\n<\/div>\n<\/div>\n<\/div>\n<\/div>\n<p><a class=\"brz-a brz-container-link\" href=\"\" target=\"_self\" rel=\"noopener\" data-brz-link-type=\"page\"><\/a><\/div>\n<div class=\"brz-columns brz-css-196vfai\" data-brz-custom-id=\"pign4dZHh7MQ\">\n<div class=\"brz-bg\"><\/div>\n<div class=\"brz-column__items brz-css-1mksksz\">\n<div id=\"\" class=\"brz-css-zp0n7o brz-wrapper\">\n<div class=\"brz-map brz-map_styles brz-css-vtsr0q brz-css-1pdf56\" data-brz-custom-id=\"w1TAO9Y9Dm7W\">\n<div class=\"brz-ui-ed-map-content\"><\/div>\n<\/div>\n<\/div>\n<\/div>\n<\/div>\n<\/div>\n<\/div>\n<\/div>\n<\/div>\n<\/section>\n<\/div>\n<p>    <!-- version:1737573961 --><\/p>\n","protected":false},"excerpt":{"rendered":"<p>Maroc- Petit circuit Nous t&rsquo;invitons \u00e0 d\u00e9couvrir avec nous ce pays tr\u00e8s vari\u00e9. Des villes au d\u00e9sert, en passant par la plage et la mer, le Maroc a tout \u00e0 offrir. 01 Individuel Nous organisons ton voyage selon tes souhaits. 02 Authentique D\u00e9couvre le pays et ses habitants de mani\u00e8re authentique. 03 Personnel Nous sommes [&hellip;]<\/p>\n","protected":false},"author":2,"featured_media":0,"parent":0,"menu_order":0,"comment_status":"closed","ping_status":"closed","template":"","meta":{"_seopress_robots_primary_cat":"","_seopress_titles_title":"","_seopress_titles_desc":"","_seopress_robots_index":"","footnotes":""},"class_list":["post-2669","page","type-page","status-publish","hentry"],"blocksy_meta":[],"brizy_media":[],"_links":{"self":[{"href":"https:\/\/vacation-morocco.com\/fr\/wp-json\/wp\/v2\/pages\/2669","targetHints":{"allow":["GET"]}}],"collection":[{"href":"https:\/\/vacation-morocco.com\/fr\/wp-json\/wp\/v2\/pages"}],"about":[{"href":"https:\/\/vacation-morocco.com\/fr\/wp-json\/wp\/v2\/types\/page"}],"author":[{"embeddable":true,"href":"https:\/\/vacation-morocco.com\/fr\/wp-json\/wp\/v2\/users\/2"}],"replies":[{"embeddable":true,"href":"https:\/\/vacation-morocco.com\/fr\/wp-json\/wp\/v2\/comments?post=2669"}],"version-history":[{"count":18,"href":"https:\/\/vacation-morocco.com\/fr\/wp-json\/wp\/v2\/pages\/2669\/revisions"}],"predecessor-version":[{"id":6743,"href":"https:\/\/vacation-morocco.com\/fr\/wp-json\/wp\/v2\/pages\/2669\/revisions\/6743"}],"wp:attachment":[{"href":"https:\/\/vacation-morocco.com\/fr\/wp-json\/wp\/v2\/media?parent=2669"}],"curies":[{"name":"wp","href":"https:\/\/api.w.org\/{rel}","templated":true}]}}