{"id":2665,"date":"2023-11-27T11:24:02","date_gmt":"2023-11-27T10:24:02","guid":{"rendered":"https:\/\/vacation-morocco.nextron.org\/vier-koenigsstaedte\/"},"modified":"2026-03-22T05:13:16","modified_gmt":"2026-03-22T04:13:16","slug":"quatre-villes-royales","status":"publish","type":"page","link":"https:\/\/vacation-morocco.com\/fr\/quatre-villes-royales\/","title":{"rendered":"Quatre villes royales"},"content":{"rendered":"<div class=\"brz-root__container brz-reset-all brz brz-root__container-page\">\n<section id=\"_zOZS0suRhmf5\" class=\"brz-section brz-css-1sxbzr7\">\n<div class=\"brz-section__content brz-section--boxed brz-css-7cutwy brz-css-1ivke1z\" data-brz-custom-id=\"zhoRHXiEQZvr\">\n<div class=\"brz-bg\">\n<div class=\"brz-bg-image\"><\/div>\n<\/div>\n<div class=\"brz-container brz-css-ilyp93\">\n<div class=\"brz-row__container brz-css-67yfqx\" data-brz-custom-id=\"xf4hvjQYTqNC\">\n<div class=\"brz-bg\"><\/div>\n<div class=\"brz-row brz-css-ic92oe brz-css-fggvt1\">\n<div class=\"brz-columns brz-css-1o8uqms brz-css-160pvak\" data-brz-custom-id=\"kltlNQllbY6_\">\n<div class=\"brz-bg\"><\/div>\n<div class=\"brz-column__items brz-css-19910ek\">\n<div id=\"\" class=\"brz-css-zxg4zy brz-wrapper\">\n<div class=\"brz-rich-text brz-rich-text__custom brz-css-rilu07\" data-brz-custom-id=\"uTnXrNaifqPs\">\n<div data-brz-translate-text=\"1\">\n<h1 class=\"brz-text-xs-center brz-ff-roboto brz-ft-google brz-fs-lg-66 brz-fss-lg-px brz-fw-lg-900 brz-ls-lg-0 brz-lh-lg-1_3 brz-text-lg-center brz-tp-lg-heading1 brz-css-cAPor\" data-uniq-id=\"jXBuZ\" data-generated-css=\"brz-css-diQVS\"><span style=\"opacity: 1\" class=\"brz-cp-color8\"> <\/span><\/h1>\n<h1 class=\"brz-text-xs-center brz-ff-roboto brz-ft-google brz-fs-lg-66 brz-fss-lg-px brz-fw-lg-900 brz-ls-lg-0 brz-lh-lg-1_3 brz-text-lg-center brz-tp-lg-heading1 brz-css-uRelM\" data-uniq-id=\"e0qRK,sY3SI\" data-generated-css=\"brz-css-htTKx,brz-css-mWBWc\"><span style=\"opacity: 1\" class=\"brz-cp-color8\">Maroc-<\/span><\/h1>\n<h1 class=\"brz-text-xs-center brz-ff-roboto brz-ft-google brz-fs-lg-66 brz-fss-lg-px brz-fw-lg-900 brz-ls-lg-0 brz-lh-lg-1_3 brz-text-lg-center brz-tp-lg-heading1 brz-css-hMee1\" data-uniq-id=\"sY3SI\" data-generated-css=\"brz-css-mWBWc\"><span style=\"opacity: 1\" class=\"brz-cp-color8\">Quatre villes imp\u00e9riales<\/span><\/h1>\n<\/div>\n<\/div>\n<\/div>\n<div id=\"\" class=\"brz-css-zxg4zy brz-css-173o35o brz-wrapper\">\n<div class=\"brz-rich-text brz-rich-text__custom brz-css-rilu07\" data-brz-custom-id=\"tKj2ENOhNvQq\">\n<div data-brz-translate-text=\"1\">\n<h4 class=\"brz-lh-lg-1_6 brz-ls-lg-0 brz-fw-lg-400 brz-fss-lg-px brz-fs-lg-20 brz-ft-google brz-ff-roboto brz-text-lg-center brz-text-xs-center brz-tp-lg-heading4 brz-css-jfF0h\" data-generated-css=\"brz-css-ppox7\" data-uniq-id=\"uhikF\"><span style=\"opacity: 1\" class=\"brz-cp-color8\">Nous t&rsquo;invitons \u00e0 d\u00e9couvrir avec nous ce pays tr\u00e8s vari\u00e9. Des villes au d\u00e9sert, en passant par la plage et la mer, le Maroc a tout \u00e0 offrir. <\/span><\/h4>\n<\/div>\n<\/div>\n<\/div>\n<\/div>\n<\/div>\n<\/div>\n<\/div>\n<div id=\"\" class=\"brz-css-zxg4zy brz-css-1t0kksr brz-css-fldx7j brz-wrapper\">\n<div class=\"brz-spacer brz-css-1y2s5si brz-css-5so0ud\"><\/div>\n<\/div>\n<div class=\"brz-row__container brz-css-67yfqx\" data-brz-custom-id=\"yy8LNNcD0XoB\">\n<div class=\"brz-bg\"><\/div>\n<div class=\"brz-row brz-css-ic92oe brz-css-fggvt1\">\n<div class=\"brz-columns brz-css-1o8uqms brz-css-yaayul\" data-brz-custom-id=\"oPhU7CFVhTRw\">\n<div class=\"brz-bg\"><\/div>\n<div class=\"brz-column__items brz-css-19910ek brz-css-gdho73\">\n<div id=\"\" class=\"brz-css-zxg4zy brz-css-1e9h5an brz-wrapper\">\n<div class=\"brz-rich-text brz-rich-text__custom brz-css-rilu07\" data-brz-custom-id=\"fxuahzRKK25Q\">\n<div data-brz-translate-text=\"1\">\n<p class=\"brz-tp-heading2 brz-css-qCsLL\"><span class=\"brz-cp-color8\">01<\/span><\/p>\n<\/div>\n<\/div>\n<\/div>\n<div id=\"\" class=\"brz-css-zxg4zy brz-css-5r4q9b brz-wrapper\">\n<div class=\"brz-rich-text brz-rich-text__custom brz-css-rilu07\" data-brz-custom-id=\"nJJtYCUpv1rU\">\n<div data-brz-translate-text=\"1\">\n<p class=\"brz-fs-sm-18 brz-tp-lg-heading4 brz-css-v83lD\" data-uniq-id=\"mbwu9\" data-generated-css=\"brz-css-eRI9G\"><span style=\"opacity: 1\" class=\"brz-cp-color8\">Individuel<\/span><\/p>\n<\/div>\n<\/div>\n<\/div>\n<div id=\"\" class=\"brz-css-zxg4zy brz-wrapper\">\n<div class=\"brz-rich-text brz-rich-text__custom brz-css-rilu07\" data-brz-custom-id=\"fwZIGjku_Z04\">\n<div data-brz-translate-text=\"1\">\n<p class=\"brz-tp-lg-paragraph brz-css-gcPPQ\" data-uniq-id=\"o_v9K\" data-generated-css=\"brz-css-xTO3h\"><span style=\"opacity: 1\" class=\"brz-cp-color8\">Nous organisons ton voyage selon tes souhaits.<\/span><\/p>\n<\/div>\n<\/div>\n<\/div>\n<\/div>\n<p><a class=\"brz-a brz-container-link\" href=\"\" target=\"_self\" rel=\"noopener\" data-brz-link-type=\"page\"><\/a><\/div>\n<div class=\"brz-columns brz-css-1o8uqms brz-css-1r0ickk\" data-brz-custom-id=\"w8rKkl5emXAm\">\n<div class=\"brz-bg\"><\/div>\n<div class=\"brz-column__items brz-css-19910ek brz-css-edb7zl\">\n<div id=\"\" class=\"brz-css-zxg4zy brz-css-1ra4xqc brz-wrapper\">\n<div class=\"brz-rich-text brz-rich-text__custom brz-css-rilu07\" data-brz-custom-id=\"cDGZL6qsacmC\">\n<div data-brz-translate-text=\"1\">\n<p class=\"brz-tp-heading2 brz-css-rR99r\"><span class=\"brz-cp-color8\">02<\/span><\/p>\n<\/div>\n<\/div>\n<\/div>\n<div id=\"\" class=\"brz-css-zxg4zy brz-css-16ry4z5 brz-wrapper\">\n<div class=\"brz-rich-text brz-rich-text__custom brz-css-rilu07\" data-brz-custom-id=\"dZZeNkAQG9wO\">\n<div data-brz-translate-text=\"1\">\n<p class=\"brz-fs-sm-18 brz-tp-lg-heading4 brz-css-iyVpY\" data-uniq-id=\"j52P1\" data-generated-css=\"brz-css-fp7LO\"><span style=\"opacity: 1\" class=\"brz-cp-color8\">Authentique<\/span><\/p>\n<\/div>\n<\/div>\n<\/div>\n<div id=\"\" class=\"brz-css-zxg4zy brz-wrapper\">\n<div class=\"brz-rich-text brz-rich-text__custom brz-css-rilu07\" data-brz-custom-id=\"kQ9QZcNxKKuR\">\n<div data-brz-translate-text=\"1\">\n<p class=\"brz-tp-lg-paragraph brz-css-pSD1t\" data-generated-css=\"brz-css-ufzZw\" data-uniq-id=\"kNtjY\"><span style=\"opacity: 1\" class=\"brz-cp-color8\">D\u00e9couvre le pays et ses habitants de mani\u00e8re authentique.<\/span><\/p>\n<\/div>\n<\/div>\n<\/div>\n<\/div>\n<p><a class=\"brz-a brz-container-link\" href=\"\" target=\"_self\" rel=\"noopener\" data-brz-link-type=\"page\"><\/a><\/div>\n<div class=\"brz-columns brz-css-1o8uqms brz-css-9bzdi1\" data-brz-custom-id=\"cnrsP4SRUhNV\">\n<div class=\"brz-bg\"><\/div>\n<div class=\"brz-column__items brz-css-19910ek brz-css-1pvhd0e\">\n<div id=\"\" class=\"brz-css-zxg4zy brz-css-j5vr1i brz-wrapper\">\n<div class=\"brz-rich-text brz-rich-text__custom brz-css-rilu07\" data-brz-custom-id=\"j68QacosEbBK\">\n<div data-brz-translate-text=\"1\">\n<p class=\"brz-tp-heading2 brz-css-w3465\"><span class=\"brz-cp-color8\">03<\/span><\/p>\n<\/div>\n<\/div>\n<\/div>\n<div id=\"\" class=\"brz-css-zxg4zy brz-css-ep9cq3 brz-wrapper\">\n<div class=\"brz-rich-text brz-rich-text__custom brz-css-rilu07\" data-brz-custom-id=\"ufulQA8_W1_D\">\n<div data-brz-translate-text=\"1\">\n<p class=\"brz-fs-sm-18 brz-tp-lg-heading4 brz-css-pRgWc\" data-uniq-id=\"ynoIh\" data-generated-css=\"brz-css-tMqpH\"><span style=\"opacity: 1\" class=\"brz-cp-color8\">Personnel<\/span><\/p>\n<\/div>\n<\/div>\n<\/div>\n<div id=\"\" class=\"brz-css-zxg4zy brz-wrapper\">\n<div class=\"brz-rich-text brz-rich-text__custom brz-css-rilu07\" data-brz-custom-id=\"h9T2JHvZ6g45\">\n<div data-brz-translate-text=\"1\">\n<p class=\"brz-tp-lg-paragraph brz-css-dnu8I\" data-uniq-id=\"ic7Li\" data-generated-css=\"brz-css-g4jqr\"><span style=\"opacity: 1\" class=\"brz-cp-color8\">Nous sommes une petite entreprise familiale et nous te conseillons volontiers personnellement.<\/span><\/p>\n<\/div>\n<\/div>\n<\/div>\n<\/div>\n<p><a class=\"brz-a brz-container-link\" href=\"\" target=\"_self\" rel=\"noopener\" data-brz-link-type=\"page\"><\/a><\/div>\n<\/div>\n<\/div>\n<\/div>\n<\/div>\n<\/section>\n<section id=\"_rXZkWD39x8XD\" class=\"brz-section brz-css-1sxbzr7\">\n<div class=\"brz-section__content brz-section--boxed brz-css-7cutwy brz-css-14b7tqr\" data-brz-custom-id=\"zLN5S6NE_3va\">\n<div class=\"brz-container brz-css-ilyp93\">\n<div id=\"\" class=\"brz-css-zxg4zy brz-css-1shew6c brz-wrapper\">\n<div class=\"brz-rich-text brz-rich-text__custom brz-css-rilu07\" data-brz-custom-id=\"lMAKwK_skB98\">\n<div data-brz-translate-text=\"1\">\n<p class=\"brz-tp-lg-paragraph brz-css-gui03\" data-generated-css=\"brz-css-dUVcE\" data-uniq-id=\"edKo4\"><strong>Tu dois absolument les visiter<\/strong><\/p>\n<\/div>\n<\/div>\n<\/div>\n<div id=\"\" class=\"brz-css-zxg4zy brz-css-1x45bvj brz-wrapper\">\n<div class=\"brz-rich-text brz-rich-text__custom brz-css-rilu07\" data-brz-custom-id=\"sKRwHcIoCzDS\">\n<div data-brz-translate-text=\"1\">\n<p class=\"brz-tp-lg-heading2 brz-css-q_sC7\" data-uniq-id=\"qtJLh\" data-generated-css=\"brz-css-xloCY\"><a class=\"is-empty brz-cp-color2\" style=\"opacity: 1\" href=\"\" data-brz-link-type=\"page\">Les quatre villes imp\u00e9riales<\/a><\/p>\n<\/div>\n<\/div>\n<\/div>\n<div id=\"\" class=\"brz-css-zxg4zy brz-css-1t0kksr brz-wrapper\">\n<div class=\"brz-spacer brz-css-1y2s5si brz-css-4f8eti\"><\/div>\n<\/div>\n<div class=\"brz-row__container brz-css-67yfqx\" data-brz-custom-id=\"gCysPoAAx4Px\">\n<div class=\"brz-bg\"><\/div>\n<div class=\"brz-row brz-css-ic92oe brz-css-fggvt1\">\n<div class=\"brz-columns brz-css-1o8uqms brz-css-1vqxmin\" data-brz-custom-id=\"tKjA02rT6bnE\">\n<div class=\"brz-bg\">\n<div class=\"brz-bg-image\"><\/div>\n<\/div>\n<div class=\"brz-column__items brz-css-19910ek brz-css-1u5xobu\">\n<div id=\"\" class=\"brz-css-zxg4zy brz-css-1t0kksr brz-wrapper\">\n<div class=\"brz-spacer brz-css-1y2s5si brz-css-1cw1vhu\"><\/div>\n<\/div>\n<div id=\"\" class=\"brz-css-zxg4zy brz-css-8a6ldv brz-wrapper\">\n<div class=\"brz-rich-text brz-rich-text__custom brz-css-rilu07\" data-brz-custom-id=\"sshdmb4rRW_N\">\n<div data-brz-translate-text=\"1\">\n<p class=\"brz-text-xs-left brz-text-lg-center brz-tp-lg-heading3 brz-text-sm-left brz-css-zftOJ\" data-uniq-id=\"w3Tam\" data-generated-css=\"brz-css-ozXjG\"><span style=\"opacity: 1\" class=\"brz-cp-color8\">M\u00e8knes<\/span><\/p>\n<\/div>\n<\/div>\n<\/div>\n<div id=\"\" class=\"brz-css-zxg4zy brz-css-1siyo9g brz-wrapper\">\n<div class=\"brz-icon-text brz-css-1dtt7vh brz-css-qhgyn1\" data-brz-custom-id=\"dH9dONRQ9AKp\">\n<div class=\"brz-icon__container\" data-brz-custom-id=\"cI_yR3zGANhE\"><span class=\"brz-icon brz-span brz-css-168sc8u brz-css-sn0ujw\"><\/span><\/div>\n<div class=\"brz-text-btn\">\n<div class=\"brz-rich-text brz-rich-text__custom brz-css-rilu07\" data-brz-custom-id=\"uCOKHKUoT4A0\">\n<div data-brz-translate-text=\"1\">\n<p class=\"brz-tp-lg-paragraph brz-css-qBs4L\" data-uniq-id=\"c0w74\" data-generated-css=\"brz-css-hdf8B\"><span style=\"opacity: 1\" class=\"brz-cp-color8\">L&rsquo;ouest du Maroc<\/span><\/p>\n<\/div>\n<\/div>\n<\/div>\n<\/div>\n<\/div>\n<\/div>\n<p><a class=\"brz-a brz-container-link\" href=\"\" target=\"_self\" rel=\"noopener\" data-brz-link-type=\"page\"><\/a><\/div>\n<div class=\"brz-columns brz-css-1o8uqms brz-css-1ramlez\" data-brz-custom-id=\"vWwlUJ8u8vg3\">\n<div class=\"brz-bg\">\n<div class=\"brz-bg-image\"><\/div>\n<\/div>\n<div class=\"brz-column__items brz-css-19910ek brz-css-dxbm5\">\n<div id=\"\" class=\"brz-css-zxg4zy brz-css-1t0kksr brz-wrapper\">\n<div class=\"brz-spacer brz-css-1y2s5si brz-css-1lq16ea\"><\/div>\n<\/div>\n<div id=\"\" class=\"brz-css-zxg4zy brz-css-1xdux5y brz-wrapper\">\n<div class=\"brz-rich-text brz-rich-text__custom brz-css-rilu07\" data-brz-custom-id=\"bCszFdj6icH9\">\n<div data-brz-translate-text=\"1\">\n<p class=\"brz-tp-lg-heading3 brz-text-lg-center brz-text-xs-left brz-text-sm-justify brz-css-nMFZU\" data-generated-css=\"brz-css-v6mnM\" data-uniq-id=\"oqQxh\"><span style=\"opacity: 1\" class=\"brz-cp-color8\">Marrakech<\/span><\/p>\n<\/div>\n<\/div>\n<\/div>\n<div id=\"\" class=\"brz-css-zxg4zy brz-css-g6rh2x brz-wrapper\">\n<div class=\"brz-icon-text brz-css-1dtt7vh brz-css-1ebjxf5\" data-brz-custom-id=\"ntfcxVFkgWRl\">\n<div class=\"brz-icon__container\" data-brz-custom-id=\"wrfPaUU_HhQP\"><span class=\"brz-icon brz-span brz-css-168sc8u brz-css-1pdtczd\"><\/span><\/div>\n<div class=\"brz-text-btn\">\n<div class=\"brz-rich-text brz-rich-text__custom brz-css-rilu07\" data-brz-custom-id=\"sLtc10CwcsKG\">\n<div data-brz-translate-text=\"1\">\n<p class=\"brz-tp-lg-paragraph brz-css-hq2Z8\" data-generated-css=\"brz-css-zpE2J\" data-uniq-id=\"gU5az\"><span style=\"opacity: 1\" class=\"brz-cp-color8\">Le sud du Maroc<\/span><\/p>\n<\/div>\n<\/div>\n<\/div>\n<\/div>\n<\/div>\n<\/div>\n<p><a class=\"brz-a brz-container-link\" href=\"\" target=\"_self\" rel=\"noopener\" data-brz-link-type=\"page\"><\/a><\/div>\n<div class=\"brz-columns brz-css-1o8uqms brz-css-1w1p54g\" data-brz-custom-id=\"iTpO1zEV573q\">\n<div class=\"brz-bg\">\n<div class=\"brz-bg-image\"><\/div>\n<\/div>\n<div class=\"brz-column__items brz-css-19910ek brz-css-8sdaks\">\n<div id=\"\" class=\"brz-css-zxg4zy brz-css-1t0kksr brz-wrapper\">\n<div class=\"brz-spacer brz-css-1y2s5si brz-css-14w6qyc\"><\/div>\n<\/div>\n<div id=\"\" class=\"brz-css-zxg4zy brz-css-gl9ius brz-wrapper\">\n<div class=\"brz-rich-text brz-rich-text__custom brz-css-rilu07\" data-brz-custom-id=\"sn8qKMNTsrw7\">\n<div data-brz-translate-text=\"1\">\n<p class=\"brz-text-xs-left brz-text-lg-center brz-tp-lg-heading3 brz-text-sm-left brz-css-ay6ka\" data-uniq-id=\"bcb80\" data-generated-css=\"brz-css-kgde1\"><span style=\"opacity: 1\" class=\"brz-cp-color8\">Rabat<\/span><\/p>\n<\/div>\n<\/div>\n<\/div>\n<div id=\"\" class=\"brz-css-zxg4zy brz-css-hqdgsn brz-wrapper\">\n<div class=\"brz-icon-text brz-css-1dtt7vh brz-css-qo8kb7\" data-brz-custom-id=\"eB3KVSxKpPUC\">\n<div class=\"brz-icon__container\" data-brz-custom-id=\"nAEyWnjb_YwI\"><span class=\"brz-icon brz-span brz-css-168sc8u brz-css-1v6lyes\"><\/span><\/div>\n<div class=\"brz-text-btn\">\n<div class=\"brz-rich-text brz-rich-text__custom brz-css-rilu07\" data-brz-custom-id=\"nTktIdFVGgLp\">\n<div data-brz-translate-text=\"1\">\n<p class=\"brz-tp-lg-paragraph brz-css-qStKY\" data-uniq-id=\"oxyM3\" data-generated-css=\"brz-css-tXUWs\"><span class=\"brz-cp-color8\">Le nord du Maroc<\/span><\/p>\n<\/div>\n<\/div>\n<\/div>\n<\/div>\n<\/div>\n<\/div>\n<p><a class=\"brz-a brz-container-link\" href=\"\" target=\"_self\" rel=\"noopener\" data-brz-link-type=\"page\"><\/a><\/div>\n<div class=\"brz-columns brz-css-1o8uqms brz-css-nykdua\" data-brz-custom-id=\"lpkwiKBzqGc2\">\n<div class=\"brz-bg\">\n<div class=\"brz-bg-image\"><\/div>\n<\/div>\n<div class=\"brz-column__items brz-css-19910ek brz-css-11zil6\">\n<div id=\"\" class=\"brz-css-zxg4zy brz-css-1t0kksr brz-wrapper\">\n<div class=\"brz-spacer brz-css-1y2s5si brz-css-1hcxuco\"><\/div>\n<\/div>\n<div id=\"\" class=\"brz-css-zxg4zy brz-css-1vgkvwn brz-wrapper\">\n<div class=\"brz-rich-text brz-rich-text__custom brz-css-rilu07\" data-brz-custom-id=\"e4aEKyvnkPVk\">\n<div data-brz-translate-text=\"1\">\n<p class=\"brz-text-xs-left brz-text-lg-center brz-tp-lg-heading3 brz-text-sm-left brz-css-d5EtM\" data-uniq-id=\"snP2C\" data-generated-css=\"brz-css-vUmvn\"><span class=\"brz-cp-color8\">F\u00e8s <\/span><\/p>\n<\/div>\n<\/div>\n<\/div>\n<div id=\"\" class=\"brz-css-zxg4zy brz-css-gbuaof brz-wrapper\">\n<div class=\"brz-icon-text brz-css-1dtt7vh brz-css-p5v6ee\" data-brz-custom-id=\"xQPp7nvghjDm\">\n<div class=\"brz-icon__container\" data-brz-custom-id=\"eMvdGsXDBKvY\"><span class=\"brz-icon brz-span brz-css-168sc8u brz-css-uqmyhg\"><\/span><\/div>\n<div class=\"brz-text-btn\">\n<div class=\"brz-rich-text brz-rich-text__custom brz-css-rilu07\" data-brz-custom-id=\"sliEbt5hQD9V\">\n<div data-brz-translate-text=\"1\">\n<p class=\"brz-tp-lg-paragraph brz-css-bzf7H\" data-uniq-id=\"uQ6d_\" data-generated-css=\"brz-css-b_Gqv\"><span class=\"brz-cp-color8\">L&rsquo;ouest du Maroc<\/span><\/p>\n<\/div>\n<\/div>\n<\/div>\n<\/div>\n<\/div>\n<\/div>\n<p><a class=\"brz-a brz-container-link\" href=\"\" target=\"_self\" rel=\"noopener\" data-brz-link-type=\"page\"><\/a><\/div>\n<\/div>\n<\/div>\n<div class=\"brz-row__container brz-css-67yfqx\" data-brz-custom-id=\"kIM1pqFRZHJB\">\n<div class=\"brz-bg\"><\/div>\n<div class=\"brz-row brz-css-ic92oe\">\n<div class=\"brz-columns brz-css-1o8uqms brz-css-1thsaer\" data-brz-custom-id=\"ne7DPkH54WXe\">\n<div class=\"brz-bg\"><\/div>\n<div class=\"brz-column__items brz-css-19910ek\">\n<div id=\"\" class=\"brz-css-zxg4zy brz-wrapper\">\n<div class=\"brz-rich-text brz-rich-text__custom brz-css-rilu07\" data-brz-custom-id=\"cUy8wabPDChw\">\n<div data-brz-translate-text=\"1\">\n<p class=\"brz-tp-lg-paragraph brz-css-pO8v7\" data-uniq-id=\"iYilb\" data-generated-css=\"brz-css-odcJC\"><a class=\"is-empty brz-cp-color7\" style=\"opacity: 1\" href=\"\" data-brz-link-type=\"page\">Les c\u00e9l\u00e8bres villes royales de Marrakech, F\u00e8s, M\u00e8kn\u00e8s et Rabat n&rsquo;attendent que ta visite. Elles comptent parmi les plus grandes attractions du pays. Chacune d&rsquo;entre elles a \u00e9t\u00e9 la capitale des sultans au fil du temps et a \u00e9t\u00e9 somptueusement am\u00e9nag\u00e9e sous leurs dynasties. Aujourd&rsquo;hui encore, elles s\u00e9duisent par leur charme traditionnel et royal, leurs march\u00e9s orientaux et leurs somptueux centres-villes.<\/a><\/p>\n<\/div>\n<\/div>\n<\/div>\n<\/div>\n<\/div>\n<\/div>\n<\/div>\n<div class=\"brz-wrapper-clone brz-css-1jpl9bk\">\n<div class=\"brz-d-xs-flex brz-flex-xs-wrap brz-css-1vxo9z1\" data-brz-custom-id=\"\">\n<div class=\"brz-wrapper-clone__item\" id=\"fELls803K00j\"><a class=\"brz-a brz-btn brz-css-b2ejkg brz-css-1aimxge brz-css-1dwrxrq brz-css-zcc6si\" href=\"\" target=\"_self\" rel=\"noopener\" data-brz-link-type=\"page\" data-brz-custom-id=\"fELls803K00j\"><span data-brz-translate-text=\"1\" class=\"brz-span brz-text__editor\">Contact<\/span><\/a><\/div>\n<\/div>\n<\/div>\n<\/div>\n<\/div>\n<\/section>\n<\/div>\n<p>    <!-- version:1737554278 --><\/p>\n","protected":false},"excerpt":{"rendered":"<p>Maroc- Quatre villes imp\u00e9riales Nous t&rsquo;invitons \u00e0 d\u00e9couvrir avec nous ce pays tr\u00e8s vari\u00e9. Des villes au d\u00e9sert, en passant par la plage et la mer, le Maroc a tout \u00e0 offrir. 01 Individuel Nous organisons ton voyage selon tes souhaits. 02 Authentique D\u00e9couvre le pays et ses habitants de mani\u00e8re authentique. 03 Personnel Nous [&hellip;]<\/p>\n","protected":false},"author":2,"featured_media":0,"parent":0,"menu_order":0,"comment_status":"closed","ping_status":"closed","template":"","meta":{"_seopress_robots_primary_cat":"","_seopress_titles_title":"\u00c9clat Royal : Explorez les Quatre Cit\u00e9s Imp\u00e9riales du Maroc, un Voyage au C\u0153ur de l&#039;Histoire et de la Richesse Culturelle!","_seopress_titles_desc":"Embarquez pour un voyage majestueux \u00e0 travers les quatre cit\u00e9s imp\u00e9riales du Maroc - Rabat, F\u00e8s, Marrakech et Mekn\u00e8s. Immergez-vous dans la riche culture, les merveilles architecturales et les traditions vibrantes qui d\u00e9finissent ces destinations enchanteresses. Nos circuits soigneusement con\u00e7us promettent une exploration inoubliable du pass\u00e9 royal du Maroc. R\u00e9servez maintenant et vivez la grandeur et l&#039;authenticit\u00e9 des Quatre Cit\u00e9s Imp\u00e9riales!","_seopress_robots_index":"","footnotes":""},"class_list":["post-2665","page","type-page","status-publish","hentry"],"blocksy_meta":[],"brizy_media":[],"_links":{"self":[{"href":"https:\/\/vacation-morocco.com\/fr\/wp-json\/wp\/v2\/pages\/2665","targetHints":{"allow":["GET"]}}],"collection":[{"href":"https:\/\/vacation-morocco.com\/fr\/wp-json\/wp\/v2\/pages"}],"about":[{"href":"https:\/\/vacation-morocco.com\/fr\/wp-json\/wp\/v2\/types\/page"}],"author":[{"embeddable":true,"href":"https:\/\/vacation-morocco.com\/fr\/wp-json\/wp\/v2\/users\/2"}],"replies":[{"embeddable":true,"href":"https:\/\/vacation-morocco.com\/fr\/wp-json\/wp\/v2\/comments?post=2665"}],"version-history":[{"count":18,"href":"https:\/\/vacation-morocco.com\/fr\/wp-json\/wp\/v2\/pages\/2665\/revisions"}],"predecessor-version":[{"id":6812,"href":"https:\/\/vacation-morocco.com\/fr\/wp-json\/wp\/v2\/pages\/2665\/revisions\/6812"}],"wp:attachment":[{"href":"https:\/\/vacation-morocco.com\/fr\/wp-json\/wp\/v2\/media?parent=2665"}],"curies":[{"name":"wp","href":"https:\/\/api.w.org\/{rel}","templated":true}]}}