{"id":2661,"date":"2023-11-27T11:24:36","date_gmt":"2023-11-27T10:24:36","guid":{"rendered":"https:\/\/vacation-morocco.nextron.org\/staedtereise-agadir\/"},"modified":"2026-03-22T17:18:36","modified_gmt":"2026-03-22T16:18:36","slug":"sejour-a-agadir","status":"publish","type":"page","link":"https:\/\/vacation-morocco.com\/fr\/sejour-a-agadir\/","title":{"rendered":"S\u00e9jour \u00e0 Agadir"},"content":{"rendered":"<div class=\"brz-root__container brz-reset-all brz brz-root__container-page\">\n<section id=\"_s1Lx2YHpF4qe\" class=\"brz-section brz-css-1fhgxmx\">\n<div class=\"brz-section__content brz-section--boxed brz-css-1rwlivl brz-css-4udylf\" data-brz-custom-id=\"bjPWJLx_bBJY\">\n<div class=\"brz-bg\">\n<div class=\"brz-bg-image\"><\/div>\n<\/div>\n<div class=\"brz-container brz-css-1ayhtm4\">\n<div class=\"brz-row__container brz-css-1o19ind\" data-brz-custom-id=\"zbtY3i9IwOBd\">\n<div class=\"brz-bg\"><\/div>\n<div class=\"brz-row brz-css-2a01f9 brz-css-huijzk\">\n<div class=\"brz-columns brz-css-5igfx4 brz-css-1lrp5rk\" data-brz-custom-id=\"ysYAgEYulSOK\">\n<div class=\"brz-bg\"><\/div>\n<div class=\"brz-column__items brz-css-1fjhiwk\">\n<div id=\"\" class=\"brz-css-431j1b brz-wrapper\">\n<div class=\"brz-rich-text brz-rich-text__custom brz-css-103xxj2\" data-brz-custom-id=\"j8t068iW5O5_\">\n<div data-brz-translate-text=\"1\">\n<h1 class=\"brz-text-xs-center brz-ff-roboto brz-ft-google brz-fs-lg-66 brz-fss-lg-px brz-fw-lg-900 brz-ls-lg-0 brz-lh-lg-1_3 brz-text-lg-center brz-tp-lg-heading1 brz-css-d0ej9\" data-uniq-id=\"frwpL\" data-generated-css=\"brz-css-xkptj\"><a class=\"is-empty brz-cp-color2\" style=\"opacity: 1\" href=\"\" data-brz-link-type=\"page\"> <\/a><\/h1>\n<h1 class=\"brz-mt-lg-3 brz-text-xs-center brz-ff-roboto brz-ft-google brz-fs-lg-66 brz-fss-lg-px brz-fw-lg-900 brz-ls-lg-0 brz-lh-lg-1_3 brz-text-lg-center brz-tp-lg-heading1 brz-css-pYsNH\" data-uniq-id=\"i9bkq,b9WII\" data-generated-css=\"brz-css-no3J2,brz-css-zWPX6\"><span style=\"opacity: 1\" class=\"brz-cp-color2\">Maroc-<\/span><\/h1>\n<h1 class=\"brz-mt-lg-3 brz-text-xs-center brz-ff-roboto brz-ft-google brz-fs-lg-66 brz-fss-lg-px brz-fw-lg-900 brz-ls-lg-0 brz-lh-lg-1_3 brz-text-lg-center brz-tp-lg-heading1 brz-css-cIc5G\" data-uniq-id=\"b9WII\" data-generated-css=\"brz-css-zWPX6\"><span style=\"opacity: 1\" class=\"brz-cp-color2\">S\u00e9jour \u00e0 Agadir<\/span><\/h1>\n<\/div>\n<\/div>\n<\/div>\n<div id=\"\" class=\"brz-css-431j1b brz-wrapper\">\n<div class=\"brz-rich-text brz-rich-text__custom brz-css-103xxj2\" data-brz-custom-id=\"cCkcduuU2tUI\">\n<div data-brz-translate-text=\"1\">\n<h4 class=\"brz-mt-lg-0 brz-mb-lg-0 brz-tp-lg-heading4 brz-text-xs-center brz-text-lg-center brz-ff-roboto brz-ft-google brz-fs-lg-20 brz-fss-lg-px brz-fw-lg-400 brz-ls-lg-0 brz-lh-lg-1_6 brz-css-oU7xH\" data-uniq-id=\"cIT51\" data-generated-css=\"brz-css-eVp81\"><span style=\"opacity: 1\" class=\"brz-cp-color2\"> Nous t&rsquo;invitons \u00e0 d\u00e9couvrir avec nous ce pays tr\u00e8s vari\u00e9. Des villes au d\u00e9sert, en passant par la plage et la mer, le Maroc a tout \u00e0 offrir. <\/span><\/h4>\n<h4 class=\"brz-mt-lg-0 brz-mb-lg-0 brz-tp-lg-heading4 brz-text-xs-center brz-text-lg-center brz-ff-roboto brz-ft-google brz-fs-lg-20 brz-fss-lg-px brz-fw-lg-400 brz-ls-lg-0 brz-lh-lg-1_6 brz-css-rdfVd\" data-uniq-id=\"cIT51\" data-generated-css=\"brz-css-eVp81\"><span style=\"opacity: 1\" class=\"brz-cp-color2\"> <\/span><\/h4>\n<\/div>\n<\/div>\n<\/div>\n<\/div>\n<\/div>\n<\/div>\n<\/div>\n<div id=\"\" class=\"brz-css-431j1b brz-css-pzugib brz-css-qi6mfb brz-wrapper\">\n<div class=\"brz-spacer brz-css-17e6nbg brz-css-1y7qoht\"><\/div>\n<\/div>\n<div class=\"brz-row__container brz-css-1o19ind\" data-brz-custom-id=\"orU95BE1NKl5\">\n<div class=\"brz-bg\"><\/div>\n<div class=\"brz-row brz-css-2a01f9 brz-css-huijzk\">\n<div class=\"brz-columns brz-css-5igfx4 brz-css-1gbz01u\" data-brz-custom-id=\"aV_CgZ46nQMy\">\n<div class=\"brz-bg\"><\/div>\n<div class=\"brz-column__items brz-css-1fjhiwk brz-css-5j02k6\">\n<div id=\"\" class=\"brz-css-431j1b brz-css-1fbw6ye brz-wrapper\">\n<div class=\"brz-rich-text brz-rich-text__custom brz-css-103xxj2\" data-brz-custom-id=\"eSPMStWcIM1w\">\n<div data-brz-translate-text=\"1\">\n<p class=\"brz-tp-heading2 brz-css-dH1Xg\"><span class=\"brz-cp-color8\">01<\/span><\/p>\n<\/div>\n<\/div>\n<\/div>\n<div id=\"\" class=\"brz-css-431j1b brz-css-vzrtbl brz-wrapper\">\n<div class=\"brz-rich-text brz-rich-text__custom brz-css-103xxj2\" data-brz-custom-id=\"iupdkxaTUR8W\">\n<div data-brz-translate-text=\"1\">\n<p class=\"brz-fs-sm-18 brz-tp-lg-heading4 brz-css-q6eFC\" data-uniq-id=\"yPBJz\" data-generated-css=\"brz-css-qcsZ7\"><span style=\"opacity: 1\" class=\"brz-cp-color8\">Individuel<\/span><\/p>\n<\/div>\n<\/div>\n<\/div>\n<div id=\"\" class=\"brz-css-431j1b brz-wrapper\">\n<div class=\"brz-rich-text brz-rich-text__custom brz-css-103xxj2\" data-brz-custom-id=\"fvf4iUUej6Wi\">\n<div data-brz-translate-text=\"1\">\n<p class=\"brz-tp-lg-paragraph brz-css-r8i6m\" data-uniq-id=\"odgcW\" data-generated-css=\"brz-css-tFzXv\"><span style=\"opacity: 1\" class=\"brz-cp-color8\">Nous organisons ton voyage selon tes souhaits.<\/span><\/p>\n<\/div>\n<\/div>\n<\/div>\n<\/div>\n<p><a class=\"brz-a brz-container-link\" href=\"\" target=\"_self\" rel=\"noopener\" data-brz-link-type=\"page\"><\/a><\/div>\n<div class=\"brz-columns brz-css-5igfx4 brz-css-1hpdev4\" data-brz-custom-id=\"pANh3nfZJWrP\">\n<div class=\"brz-bg\"><\/div>\n<div class=\"brz-column__items brz-css-1fjhiwk brz-css-h3vvdf\">\n<div id=\"\" class=\"brz-css-431j1b brz-css-12yrvj2 brz-wrapper\">\n<div class=\"brz-rich-text brz-rich-text__custom brz-css-103xxj2\" data-brz-custom-id=\"sQNSJx7Qgd9N\">\n<div data-brz-translate-text=\"1\">\n<p class=\"brz-tp-heading2 brz-css-r99aG\"><span class=\"brz-cp-color8\">02<\/span><\/p>\n<\/div>\n<\/div>\n<\/div>\n<div id=\"\" class=\"brz-css-431j1b brz-css-1xp352l brz-wrapper\">\n<div class=\"brz-rich-text brz-rich-text__custom brz-css-103xxj2\" data-brz-custom-id=\"lnHqNK3uXtTK\">\n<div data-brz-translate-text=\"1\">\n<p class=\"brz-fs-sm-18 brz-tp-lg-heading4 brz-css-ewA5O\" data-uniq-id=\"dr5Z2\" data-generated-css=\"brz-css-oOihn\"><span style=\"opacity: 1\" class=\"brz-cp-color8\">Authentique<\/span><\/p>\n<\/div>\n<\/div>\n<\/div>\n<div id=\"\" class=\"brz-css-431j1b brz-wrapper\">\n<div class=\"brz-rich-text brz-rich-text__custom brz-css-103xxj2\" data-brz-custom-id=\"btgG2GoLcjTG\">\n<div data-brz-translate-text=\"1\">\n<p class=\"brz-tp-lg-paragraph brz-css-uqSRW\" data-generated-css=\"brz-css-zgl7T\" data-uniq-id=\"u401O\"><span style=\"opacity: 1\" class=\"brz-cp-color8\">D\u00e9couvre le pays et ses habitants de mani\u00e8re authentique.<\/span><\/p>\n<\/div>\n<\/div>\n<\/div>\n<\/div>\n<p><a class=\"brz-a brz-container-link\" href=\"\" target=\"_self\" rel=\"noopener\" data-brz-link-type=\"page\"><\/a><\/div>\n<div class=\"brz-columns brz-css-5igfx4 brz-css-14u31vl\" data-brz-custom-id=\"tsBdiTZWPdak\">\n<div class=\"brz-bg\"><\/div>\n<div class=\"brz-column__items brz-css-1fjhiwk brz-css-5j9zzv\">\n<div id=\"\" class=\"brz-css-431j1b brz-css-mrlqnl brz-wrapper\">\n<div class=\"brz-rich-text brz-rich-text__custom brz-css-103xxj2\" data-brz-custom-id=\"eKtTLwfu9Xma\">\n<div data-brz-translate-text=\"1\">\n<p class=\"brz-tp-heading2 brz-css-thwUZ\"><span class=\"brz-cp-color8\">03<\/span><\/p>\n<\/div>\n<\/div>\n<\/div>\n<div id=\"\" class=\"brz-css-431j1b brz-css-1gqpwua brz-wrapper\">\n<div class=\"brz-rich-text brz-rich-text__custom brz-css-103xxj2\" data-brz-custom-id=\"xvXuuj8z3GPt\">\n<div data-brz-translate-text=\"1\">\n<p class=\"brz-fs-sm-18 brz-tp-lg-heading4 brz-css-mbqWg\" data-uniq-id=\"o78zm\" data-generated-css=\"brz-css-zAlXs\"><span style=\"opacity: 1\" class=\"brz-cp-color8\">Personnel<\/span><\/p>\n<\/div>\n<\/div>\n<\/div>\n<div id=\"\" class=\"brz-css-431j1b brz-wrapper\">\n<div class=\"brz-rich-text brz-rich-text__custom brz-css-103xxj2\" data-brz-custom-id=\"gxKSXITECPLY\">\n<div data-brz-translate-text=\"1\">\n<p class=\"brz-tp-lg-paragraph brz-css-iTkV4\" data-generated-css=\"brz-css-cdsNt\" data-uniq-id=\"n5Tga\"><span style=\"opacity: 1\" class=\"brz-cp-color8\">Wir sind ein kleines Familienunternehmen und beraten dich gerne pers\u00f6nlich.<\/span><\/p>\n<\/div>\n<\/div>\n<\/div>\n<\/div>\n<p><a class=\"brz-a brz-container-link\" href=\"\" target=\"_self\" rel=\"noopener\" data-brz-link-type=\"page\"><\/a><\/div>\n<\/div>\n<\/div>\n<\/div>\n<\/div>\n<\/section>\n<section id=\"_vPQpRrNbYtBB\" class=\"brz-section brz-css-1fhgxmx\">\n<div class=\"brz-section__content brz-section--boxed brz-css-1rwlivl brz-css-fp20br\" data-brz-custom-id=\"h6iaSCMX5kA1\">\n<div class=\"brz-container brz-css-1ayhtm4\">\n<div class=\"brz-row__container brz-css-1o19ind\" data-brz-custom-id=\"nuzyRyEzb4r_\">\n<div class=\"brz-bg\"><\/div>\n<div class=\"brz-row brz-css-2a01f9\">\n<div class=\"brz-columns brz-css-5igfx4\" data-brz-custom-id=\"mRqrISFzlPeY\">\n<div class=\"brz-bg\"><\/div>\n<div class=\"brz-column__items brz-css-1fjhiwk\">\n<div id=\"\" class=\"brz-css-431j1b brz-wrapper\">\n<div class=\"brz-rich-text brz-rich-text__custom brz-css-103xxj2\" data-brz-custom-id=\"bAPAFQgjdtEr\">\n<div data-brz-translate-text=\"1\">\n<p class=\"brz-text-lg-left brz-text-xs-center brz-fss-lg-px brz-fw-lg-700 brz-ls-lg-1 brz-lh-lg-1_3 brz-ff-roboto brz-ft-google brz-fs-lg-16 brz-tp-lg-paragraph brz-css-naS7L\" data-generated-css=\"brz-css-c9ZWD\" data-uniq-id=\"gSXAC\"><strong>Agadir est connue pour son or liquide. C&rsquo;est seulement dans cette r\u00e9gion que pousse l&rsquo;arganier avec ses longues \u00e9pines. La pr\u00e9cieuse huile d&rsquo;argan est utilis\u00e9e pour les cosm\u00e9tiques, mais aussi comme huile de noix fine pour la cuisine et la p\u00e2tisserie.<\/strong><\/p>\n<p class=\"brz-text-lg-left brz-text-xs-center brz-fss-lg-px brz-fw-lg-700 brz-ls-lg-1 brz-lh-lg-1_3 brz-ff-roboto brz-ft-google brz-fs-lg-16 brz-tp-lg-paragraph brz-css-nbMwX\" data-generated-css=\"brz-css-kloZV\" data-uniq-id=\"rSfRp\"><\/p>\n<p class=\"brz-text-lg-left brz-text-xs-center brz-fss-lg-px brz-fw-lg-700 brz-ls-lg-1 brz-lh-lg-1_3 brz-ff-roboto brz-ft-google brz-fs-lg-16 brz-tp-lg-paragraph brz-css-wAe2c\" data-generated-css=\"brz-css-eXmFj\" data-uniq-id=\"d_8BF\"><strong>Le c\u00e9l\u00e8bre Amlou, le Nutella des Berb\u00e8res, contient \u00e9galement de l&rsquo;huile d&rsquo;argan. N&rsquo;h\u00e9site pas \u00e0 go\u00fbter \u00e0 cette friandise si tu te rends \u00e0 Agadir.<\/strong><\/p>\n<\/div>\n<\/div>\n<\/div>\n<div id=\"\" class=\"brz-css-431j1b brz-wrapper\">\n<div class=\"brz-image brz-css-p6h880\" data-brz-custom-id=\"y9DXLaqJBJA_\"><img decoding=\"async\" class=\"brz-img\" src=\"https:\/\/vacation-morocco.com\/fr?brizy_media=wp-4b26625d0e497330038000594976c4a8.jpg&amp;brizy_crop=iW%3D605%26iH%3D403%26oX%3D33%26oY%3D0%26cW%3D540%26cH%3D403\" alt=\"\" loading=\"lazy\"><\/div>\n<\/div>\n<\/div>\n<p><a class=\"brz-a brz-container-link\" href=\"\" target=\"_self\" rel=\"noopener\" data-brz-link-type=\"page\"><\/a><\/div>\n<div class=\"brz-columns brz-css-5igfx4\" data-brz-custom-id=\"zPhmFXxIujCM\">\n<div class=\"brz-bg\"><\/div>\n<div class=\"brz-column__items brz-css-1fjhiwk\">\n<div id=\"\" class=\"brz-css-431j1b brz-wrapper\">\n<div class=\"brz-map brz-map_styles brz-css-oo2aaf brz-css-qnaznn\" data-brz-custom-id=\"jPDwi2vRyA1M\">\n<div class=\"brz-ui-ed-map-content\"><\/div>\n<\/div>\n<\/div>\n<div class=\"brz-wrapper-clone brz-css-14ls5om\">\n<div class=\"brz-d-xs-flex brz-flex-xs-wrap brz-css-xtw7w\" data-brz-custom-id=\"\">\n<div class=\"brz-wrapper-clone__item\" id=\"wMuXFRXlD6eC\"><a class=\"brz-a brz-btn brz-css-yynwk3 brz-css-zgot48 brz-css-n9j4b0 brz-css-1myrdwt\" href=\"\" target=\"_self\" rel=\"noopener\" data-brz-link-type=\"external\" data-brz-custom-id=\"wMuXFRXlD6eC\"><span data-brz-translate-text=\"1\" class=\"brz-span brz-text__editor\">Contact<\/span><\/a><\/div>\n<\/div>\n<\/div>\n<\/div>\n<\/div>\n<\/div>\n<\/div>\n<\/div>\n<\/div>\n<\/section>\n<\/div>\n<p>    <!-- version:1737573316 --><\/p>\n","protected":false},"excerpt":{"rendered":"<p>Maroc- S\u00e9jour \u00e0 Agadir Nous t&rsquo;invitons \u00e0 d\u00e9couvrir avec nous ce pays tr\u00e8s vari\u00e9. Des villes au d\u00e9sert, en passant par la plage et la mer, le Maroc a tout \u00e0 offrir. 01 Individuel Nous organisons ton voyage selon tes souhaits. 02 Authentique D\u00e9couvre le pays et ses habitants de mani\u00e8re authentique. 03 Personnel Wir [&hellip;]<\/p>\n","protected":false},"author":2,"featured_media":0,"parent":0,"menu_order":0,"comment_status":"closed","ping_status":"closed","template":"","meta":{"_seopress_robots_primary_cat":"","_seopress_titles_title":"\u00c9vasion Urbaine \u00e0 Agadir : D\u00e9couvrez le Charme C\u00f4tier du Maroc lors d&#039;une Escapade Citadine Inoubliable!","_seopress_titles_desc":"D\u00e9couvrez la magie d&#039;Agadir avec nos escapades citadines au Maroc. Plongez-vous dans le charme c\u00f4tier, explorez les plages dor\u00e9es, d\u00e9gustez une cuisine d\u00e9licieuse et d\u00e9couvrez l&#039;atmosph\u00e8re anim\u00e9e de cette ville baln\u00e9aire. Nos voyages citadins \u00e0 Agadir promettent une exp\u00e9rience \u00e9quilibr\u00e9e entre d\u00e9tente et d\u00e9couverte. R\u00e9servez maintenant pour une escapade urbaine inoubliable dans cette perle du Maroc.","_seopress_robots_index":"","footnotes":""},"class_list":["post-2661","page","type-page","status-publish","hentry"],"blocksy_meta":[],"brizy_media":[],"_links":{"self":[{"href":"https:\/\/vacation-morocco.com\/fr\/wp-json\/wp\/v2\/pages\/2661","targetHints":{"allow":["GET"]}}],"collection":[{"href":"https:\/\/vacation-morocco.com\/fr\/wp-json\/wp\/v2\/pages"}],"about":[{"href":"https:\/\/vacation-morocco.com\/fr\/wp-json\/wp\/v2\/types\/page"}],"author":[{"embeddable":true,"href":"https:\/\/vacation-morocco.com\/fr\/wp-json\/wp\/v2\/users\/2"}],"replies":[{"embeddable":true,"href":"https:\/\/vacation-morocco.com\/fr\/wp-json\/wp\/v2\/comments?post=2661"}],"version-history":[{"count":20,"href":"https:\/\/vacation-morocco.com\/fr\/wp-json\/wp\/v2\/pages\/2661\/revisions"}],"predecessor-version":[{"id":6815,"href":"https:\/\/vacation-morocco.com\/fr\/wp-json\/wp\/v2\/pages\/2661\/revisions\/6815"}],"wp:attachment":[{"href":"https:\/\/vacation-morocco.com\/fr\/wp-json\/wp\/v2\/media?parent=2661"}],"curies":[{"name":"wp","href":"https:\/\/api.w.org\/{rel}","templated":true}]}}