{"id":2657,"date":"2023-11-27T11:24:57","date_gmt":"2023-11-27T10:24:57","guid":{"rendered":"https:\/\/vacation-morocco.nextron.org\/staedtereise-essaouira\/"},"modified":"2026-03-21T08:27:59","modified_gmt":"2026-03-21T07:27:59","slug":"citytrip-a-essaouira","status":"publish","type":"page","link":"https:\/\/vacation-morocco.com\/fr\/citytrip-a-essaouira\/","title":{"rendered":"S\u00e9jour \u00e0 Essaouira"},"content":{"rendered":"<div class=\"brz-root__container brz-reset-all brz brz-root__container-page\">\n<section id=\"_y2y80b_meuzu\" class=\"brz-section brz-css-1yhjlhb\">\n<div class=\"brz-section__content brz-section--boxed brz-css-jnwovz brz-css-133iag9\" data-brz-custom-id=\"tnp0ol98c67U\">\n<div class=\"brz-bg\">\n<div class=\"brz-bg-image\"><\/div>\n<\/div>\n<div class=\"brz-container brz-css-t4vz3n\">\n<div class=\"brz-row__container brz-css-ve8336\" data-brz-custom-id=\"t3uOkR1FRWov\">\n<div class=\"brz-bg\"><\/div>\n<div class=\"brz-row brz-css-vb6h7y brz-css-1ykfldx\">\n<div class=\"brz-columns brz-css-18tkbhu brz-css-127nmrs\" data-brz-custom-id=\"tVAZCi8MN0n9\">\n<div class=\"brz-bg\"><\/div>\n<div class=\"brz-column__items brz-css-15qcaki\">\n<div id=\"\" class=\"brz-css-9hbmpw brz-wrapper\">\n<div class=\"brz-rich-text brz-rich-text__custom brz-css-1xj5n7i\" data-brz-custom-id=\"dbvixzLQgqQ3\">\n<div data-brz-translate-text=\"1\">\n<h1 class=\"brz-tp-lg-heading1 brz-text-lg-center brz-lh-lg-1_3 brz-ls-lg-0 brz-fw-lg-900 brz-fss-lg-px brz-fs-lg-66 brz-ft-google brz-ff-roboto brz-text-xs-center brz-css-hFfAh\" data-generated-css=\"brz-css-oHelL\" data-uniq-id=\"bA2JX\"><span style=\"opacity: 1\" class=\"brz-cp-color2\"> <\/span><\/h1>\n<h1 class=\"brz-tp-lg-heading1 brz-text-lg-center brz-lh-lg-1_3 brz-ls-lg-0 brz-fw-lg-900 brz-fss-lg-px brz-fs-lg-66 brz-ft-google brz-ff-roboto brz-text-xs-center brz-css-fqRlI\" data-generated-css=\"brz-css-oHelL\" data-uniq-id=\"bA2JX\"><span style=\"opacity: 1\" class=\"brz-cp-color2\">Maroc-<\/span><\/h1>\n<h1 class=\"brz-tp-lg-heading1 brz-text-lg-center brz-lh-lg-1_3 brz-ls-lg-0 brz-fw-lg-900 brz-fss-lg-px brz-fs-lg-66 brz-ft-google brz-ff-roboto brz-text-xs-center brz-css-dLm7q\" data-generated-css=\"brz-css-wPzqe\" data-uniq-id=\"aTJe0\"><span style=\"opacity: 1\" class=\"brz-cp-color2\">S\u00e9jour \u00e0 Essaouira<\/span><\/h1>\n<\/div>\n<\/div>\n<\/div>\n<div id=\"\" class=\"brz-css-9hbmpw brz-wrapper\">\n<div class=\"brz-rich-text brz-rich-text__custom brz-css-1xj5n7i\" data-brz-custom-id=\"fMJfmvN0ymBW\">\n<div data-brz-translate-text=\"1\">\n<h4 class=\"brz-mb-lg-100 brz-lh-lg-1_6 brz-ls-lg-0 brz-fw-lg-400 brz-fss-lg-px brz-fs-lg-20 brz-ft-google brz-ff-roboto brz-text-lg-center brz-text-xs-center brz-tp-lg-heading4 brz-css-hPobO\" data-generated-css=\"brz-css-ree_f\" data-uniq-id=\"ltElX\"><span style=\"opacity: 1\" class=\"brz-cp-color2\">Nous t&rsquo;invitons \u00e0 d\u00e9couvrir avec nous ce pays tr\u00e8s vari\u00e9. Des villes au d\u00e9sert, en passant par la plage et la mer, le Maroc a tout \u00e0 offrir. <\/span><\/h4>\n<\/div>\n<\/div>\n<\/div>\n<\/div>\n<\/div>\n<\/div>\n<\/div>\n<div id=\"\" class=\"brz-css-9hbmpw brz-css-1jkj24 brz-css-ru6n34 brz-wrapper\">\n<div class=\"brz-spacer brz-css-lg7svs brz-css-1h62lx9\"><\/div>\n<\/div>\n<div class=\"brz-row__container brz-css-ve8336\" data-brz-custom-id=\"ki4md_G3W5Ca\">\n<div class=\"brz-bg\"><\/div>\n<div class=\"brz-row brz-css-vb6h7y brz-css-1ykfldx\">\n<div class=\"brz-columns brz-css-18tkbhu brz-css-1jm7pva\" data-brz-custom-id=\"mQQ4IUbbbNQw\">\n<div class=\"brz-bg\"><\/div>\n<div class=\"brz-column__items brz-css-15qcaki brz-css-1plck6\">\n<div id=\"\" class=\"brz-css-9hbmpw brz-css-1uth5i5 brz-wrapper\">\n<div class=\"brz-rich-text brz-rich-text__custom brz-css-1xj5n7i\" data-brz-custom-id=\"dyCW9HdAmA11\">\n<div data-brz-translate-text=\"1\">\n<p class=\"brz-tp-heading2 brz-css-sIRl8\"><span class=\"brz-cp-color8\">01<\/span><\/p>\n<\/div>\n<\/div>\n<\/div>\n<div id=\"\" class=\"brz-css-9hbmpw brz-css-wcwnpe brz-wrapper\">\n<div class=\"brz-rich-text brz-rich-text__custom brz-css-1xj5n7i\" data-brz-custom-id=\"krZ2FNV8mTpK\">\n<div data-brz-translate-text=\"1\">\n<p class=\"brz-fs-sm-18 brz-tp-lg-heading4 brz-css-rMt4r\" data-uniq-id=\"syrdw\" data-generated-css=\"brz-css-q6ucc\"><span style=\"opacity: 1\" class=\"brz-cp-color8\">Individuel<\/span><\/p>\n<\/div>\n<\/div>\n<\/div>\n<div id=\"\" class=\"brz-css-9hbmpw brz-wrapper\">\n<div class=\"brz-rich-text brz-rich-text__custom brz-css-1xj5n7i\" data-brz-custom-id=\"mSeGeI0GWHgr\">\n<div data-brz-translate-text=\"1\">\n<p class=\"brz-tp-lg-paragraph brz-css-r_TWd\" data-uniq-id=\"hkTiO\" data-generated-css=\"brz-css-ci8Bu\"><span style=\"opacity: 1\" class=\"brz-cp-color8\">Nous organisons ton voyage selon tes souhaits.<\/span><\/p>\n<\/div>\n<\/div>\n<\/div>\n<\/div>\n<\/div>\n<div class=\"brz-columns brz-css-18tkbhu brz-css-1vd81bb\" data-brz-custom-id=\"u8WqFo9GCzXU\">\n<div class=\"brz-bg\"><\/div>\n<div class=\"brz-column__items brz-css-15qcaki brz-css-z55ek9\">\n<div id=\"\" class=\"brz-css-9hbmpw brz-css-1wdb1fw brz-wrapper\">\n<div class=\"brz-rich-text brz-rich-text__custom brz-css-1xj5n7i\" data-brz-custom-id=\"vwHpUbnEfODC\">\n<div data-brz-translate-text=\"1\">\n<p class=\"brz-tp-heading2 brz-css-s39m1\"><span class=\"brz-cp-color8\">02<\/span><\/p>\n<\/div>\n<\/div>\n<\/div>\n<div id=\"\" class=\"brz-css-9hbmpw brz-css-9mqlfy brz-wrapper\">\n<div class=\"brz-rich-text brz-rich-text__custom brz-css-1xj5n7i\" data-brz-custom-id=\"wWFkmb2Kibgh\">\n<div data-brz-translate-text=\"1\">\n<p class=\"brz-tp-lg-heading4 brz-fs-sm-18 brz-css-zeJOs\" data-generated-css=\"brz-css-b2MDZ\" data-uniq-id=\"qUsXJ\"><span style=\"opacity: 1\" class=\"brz-cp-color8\">Authentique<\/span><\/p>\n<\/div>\n<\/div>\n<\/div>\n<div id=\"\" class=\"brz-css-9hbmpw brz-wrapper\">\n<div class=\"brz-rich-text brz-rich-text__custom brz-css-1xj5n7i\" data-brz-custom-id=\"wr8zWrKVo5F5\">\n<div data-brz-translate-text=\"1\">\n<p class=\"brz-tp-lg-paragraph brz-css-pGb1K\" data-generated-css=\"brz-css-lb4Gt\" data-uniq-id=\"fWmOL\"><span style=\"opacity: 1\" class=\"brz-cp-color8\">D\u00e9couvre le pays et ses habitants de mani\u00e8re authentique.<\/span><\/p>\n<\/div>\n<\/div>\n<\/div>\n<\/div>\n<\/div>\n<div class=\"brz-columns brz-css-18tkbhu brz-css-6jlt20\" data-brz-custom-id=\"jwnMbXUVe_ve\">\n<div class=\"brz-bg\"><\/div>\n<div class=\"brz-column__items brz-css-15qcaki brz-css-fopf4h\">\n<div id=\"\" class=\"brz-css-9hbmpw brz-css-1wpnd4t brz-wrapper\">\n<div class=\"brz-rich-text brz-rich-text__custom brz-css-1xj5n7i\" data-brz-custom-id=\"dhCnqQzPLXmu\">\n<div data-brz-translate-text=\"1\">\n<p class=\"brz-tp-heading2 brz-css-azEUQ\"><span class=\"brz-cp-color8\">03<\/span><\/p>\n<\/div>\n<\/div>\n<\/div>\n<div id=\"\" class=\"brz-css-9hbmpw brz-css-gro3ww brz-wrapper\">\n<div class=\"brz-rich-text brz-rich-text__custom brz-css-1xj5n7i\" data-brz-custom-id=\"exjzGIgTxQvu\">\n<div data-brz-translate-text=\"1\">\n<p class=\"brz-fs-sm-18 brz-tp-lg-heading4 brz-css-g4rP9\" data-uniq-id=\"iMsL4\" data-generated-css=\"brz-css-vMUhY\"><span style=\"opacity: 1\" class=\"brz-cp-color8\">Personnel<\/span><\/p>\n<\/div>\n<\/div>\n<\/div>\n<div id=\"\" class=\"brz-css-9hbmpw brz-wrapper\">\n<div class=\"brz-rich-text brz-rich-text__custom brz-css-1xj5n7i\" data-brz-custom-id=\"rLfop6zRvdn_\">\n<div data-brz-translate-text=\"1\">\n<p class=\"brz-tp-lg-paragraph brz-css-jL9vW\" data-uniq-id=\"tWKTn\" data-generated-css=\"brz-css-lgKEQ\"><span style=\"opacity: 1\" class=\"brz-cp-color8\">Nous sommes une petite entreprise familiale et nous te conseillons volontiers personnellement.<\/span><\/p>\n<\/div>\n<\/div>\n<\/div>\n<\/div>\n<\/div>\n<\/div>\n<\/div>\n<\/div>\n<\/div>\n<\/section>\n<section id=\"_nwrDhAwfTBJz\" class=\"brz-section brz-css-1yhjlhb\">\n<div class=\"brz-section__content brz-section--boxed brz-css-jnwovz brz-css-1dhzf5u\" data-brz-custom-id=\"veFFa0sUDRSx\">\n<div class=\"brz-container brz-css-t4vz3n\">\n<div class=\"brz-row__container brz-css-ve8336\" data-brz-custom-id=\"y5F2LnU7itAk\">\n<div class=\"brz-bg\"><\/div>\n<div class=\"brz-row brz-css-vb6h7y\">\n<div class=\"brz-columns brz-css-18tkbhu\" data-brz-custom-id=\"gP8YUj7wMjSb\">\n<div class=\"brz-bg\"><\/div>\n<div class=\"brz-column__items brz-css-15qcaki\">\n<div id=\"\" class=\"brz-css-9hbmpw brz-wrapper\">\n<div class=\"brz-rich-text brz-rich-text__custom brz-css-1xj5n7i\" data-brz-custom-id=\"qyxCSGYcjyY4\">\n<div data-brz-translate-text=\"1\">\n<p class=\"brz-fs-lg-16 brz-ft-google brz-ff-roboto brz-lh-lg-1_3 brz-ls-lg-1 brz-fw-lg-700 brz-fss-lg-px brz-text-xs-center brz-text-lg-left brz-tp-lg-paragraph brz-css-rxj6a\" data-uniq-id=\"wozuv\" data-generated-css=\"brz-css-daaBu\"><strong>Essaouira se trouve \u00e0 l&rsquo;ouest, sur la c\u00f4te atlantique du Maroc. Cette charmante petite ville a \u00e9t\u00e9 inscrite au patrimoine mondial de l&rsquo;UNESCO en 2001. Un festival de musique typiquement gnawa y est organis\u00e9 chaque ann\u00e9e en juin. Essaouira est id\u00e9ale pour une excursion d&rsquo;une journ\u00e9e au d\u00e9part de Marrakech.<\/strong><\/p>\n<\/div>\n<\/div>\n<\/div>\n<div id=\"\" class=\"brz-css-9hbmpw brz-wrapper\">\n<div class=\"brz-image brz-css-1xn2x5i\" data-brz-custom-id=\"eVv_PYt9rKuS\"><img decoding=\"async\" class=\"brz-img\" src=\"https:\/\/vacation-morocco.com\/fr?brizy_media=wp-89552b4ae881fc2e325721c1d9fff04a.jpg&amp;brizy_crop=iW%3D545%26iH%3D409%26oX%3D0%26oY%3D0%26cW%3D545%26cH%3D409\" alt=\"\" loading=\"lazy\"><\/div>\n<\/div>\n<div class=\"brz-wrapper-clone brz-css-lv6lwe\">\n<div class=\"brz-d-xs-flex brz-flex-xs-wrap brz-css-1m3szhp\" data-brz-custom-id=\"\">\n<div class=\"brz-wrapper-clone__item\" id=\"l19HOLJuN_2K\"><a class=\"brz-a brz-btn brz-css-i9wr5b brz-css-75b82s brz-css-aaj4ky brz-css-giqmd5\" href=\"\" target=\"_self\" rel=\"noopener\" data-brz-link-type=\"external\" data-brz-custom-id=\"l19HOLJuN_2K\"><span data-brz-translate-text=\"1\" class=\"brz-span brz-text__editor\">Contact<\/span><\/a><\/div>\n<\/div>\n<\/div>\n<\/div>\n<p><a class=\"brz-a brz-container-link\" href=\"\" target=\"_self\" rel=\"noopener\" data-brz-link-type=\"page\"><\/a><\/div>\n<div class=\"brz-columns brz-css-18tkbhu\" data-brz-custom-id=\"nerIHkyE6YRW\">\n<div class=\"brz-bg\"><\/div>\n<div class=\"brz-column__items brz-css-15qcaki\">\n<div id=\"\" class=\"brz-css-9hbmpw brz-wrapper\">\n<div class=\"brz-map brz-map_styles brz-css-6xkdlc brz-css-4mro7w\" data-brz-custom-id=\"fsv7xgdNmh8i\">\n<div class=\"brz-ui-ed-map-content\"><\/div>\n<\/div>\n<\/div>\n<\/div>\n<\/div>\n<\/div>\n<\/div>\n<\/div>\n<\/div>\n<\/section>\n<\/div>\n<p>    <!-- version:1737254012 --><\/p>\n","protected":false},"excerpt":{"rendered":"<p>Maroc- S\u00e9jour \u00e0 Essaouira Nous t&rsquo;invitons \u00e0 d\u00e9couvrir avec nous ce pays tr\u00e8s vari\u00e9. Des villes au d\u00e9sert, en passant par la plage et la mer, le Maroc a tout \u00e0 offrir. 01 Individuel Nous organisons ton voyage selon tes souhaits. 02 Authentique D\u00e9couvre le pays et ses habitants de mani\u00e8re authentique. 03 Personnel Nous [&hellip;]<\/p>\n","protected":false},"author":2,"featured_media":0,"parent":0,"menu_order":0,"comment_status":"closed","ping_status":"closed","template":"","meta":{"_seopress_robots_primary_cat":"","_seopress_titles_title":"Essaouira, la Perle Atlantique : Explorez une Ville C\u00f4ti\u00e8re Magique lors d&#039;une Excursion Urbaine au Maroc!","_seopress_titles_desc":"Plongez-vous dans l&#039;atmosph\u00e8re enchanteresse d&#039;Essaouira avec nos escapades citadines au Maroc. Explorez les ruelles pittoresques de cette ville c\u00f4ti\u00e8re, impr\u00e9gnez-vous de la magie de l&#039;Atlantique, et d\u00e9couvrez l&#039;histoire riche et la culture vibrante qui font d&#039;Essaouira une destination incontournable. Nos voyages citadins \u00e0 Essaouira promettent une exp\u00e9rience m\u00e9morable entre d\u00e9tente baln\u00e9aire et exploration culturelle. R\u00e9servez maintenant pour une escapade urbaine unique dans cette perle du Maroc.","_seopress_robots_index":"","footnotes":""},"class_list":["post-2657","page","type-page","status-publish","hentry"],"blocksy_meta":[],"brizy_media":[],"_links":{"self":[{"href":"https:\/\/vacation-morocco.com\/fr\/wp-json\/wp\/v2\/pages\/2657","targetHints":{"allow":["GET"]}}],"collection":[{"href":"https:\/\/vacation-morocco.com\/fr\/wp-json\/wp\/v2\/pages"}],"about":[{"href":"https:\/\/vacation-morocco.com\/fr\/wp-json\/wp\/v2\/types\/page"}],"author":[{"embeddable":true,"href":"https:\/\/vacation-morocco.com\/fr\/wp-json\/wp\/v2\/users\/2"}],"replies":[{"embeddable":true,"href":"https:\/\/vacation-morocco.com\/fr\/wp-json\/wp\/v2\/comments?post=2657"}],"version-history":[{"count":19,"href":"https:\/\/vacation-morocco.com\/fr\/wp-json\/wp\/v2\/pages\/2657\/revisions"}],"predecessor-version":[{"id":6816,"href":"https:\/\/vacation-morocco.com\/fr\/wp-json\/wp\/v2\/pages\/2657\/revisions\/6816"}],"wp:attachment":[{"href":"https:\/\/vacation-morocco.com\/fr\/wp-json\/wp\/v2\/media?parent=2657"}],"curies":[{"name":"wp","href":"https:\/\/api.w.org\/{rel}","templated":true}]}}