{"id":2653,"date":"2023-11-27T11:25:14","date_gmt":"2023-11-27T10:25:14","guid":{"rendered":"https:\/\/vacation-morocco.nextron.org\/staedtereise-marrakesch\/"},"modified":"2026-03-25T08:51:50","modified_gmt":"2026-03-25T07:51:50","slug":"sejour-a-marrakech","status":"publish","type":"page","link":"https:\/\/vacation-morocco.com\/fr\/sejour-a-marrakech\/","title":{"rendered":"S\u00e9jour \u00e0 Marrakech"},"content":{"rendered":"<div class=\"brz-root__container brz-reset-all brz brz-root__container-page\">\n<section id=\"_iJo2ZNS1ozpi\" class=\"brz-section brz-css-1hb9muy\">\n<div class=\"brz-section__content brz-section--boxed brz-css-16iwetg brz-css-rchjj3\" data-brz-custom-id=\"p4lydmiJ3mlw\">\n<div class=\"brz-bg\">\n<div class=\"brz-bg-image\"><\/div>\n<\/div>\n<div class=\"brz-container brz-css-rxx9fp\">\n<div class=\"brz-row__container brz-css-59s16y\" data-brz-custom-id=\"mOUaQ0H8a7qq\">\n<div class=\"brz-bg\"><\/div>\n<div class=\"brz-row brz-css-q4hbwo brz-css-mcro2s\">\n<div class=\"brz-columns brz-css-113sn01 brz-css-1af5gze\" data-brz-custom-id=\"jdayKIvvXjjE\">\n<div class=\"brz-bg\"><\/div>\n<div class=\"brz-column__items brz-css-1pkkx0k\">\n<div id=\"\" class=\"brz-css-6i3ayq brz-wrapper\">\n<div class=\"brz-rich-text brz-rich-text__custom brz-css-188iyr7\" data-brz-custom-id=\"q9mTXK5ljzx5\">\n<div data-brz-translate-text=\"1\">\n<h1 class=\"brz-text-xs-center brz-ff-roboto brz-ft-google brz-fs-lg-66 brz-fss-lg-px brz-fw-lg-900 brz-ls-lg-0 brz-lh-lg-1_3 brz-text-lg-center brz-tp-lg-heading1 brz-css-t7dCU\" data-uniq-id=\"simBn\" data-generated-css=\"brz-css-rLpXL\"><span style=\"opacity: 1\" class=\"brz-cp-color2\"> <\/span><\/h1>\n<h1 class=\"brz-text-xs-center brz-ff-roboto brz-ft-google brz-fs-lg-66 brz-fss-lg-px brz-fw-lg-900 brz-ls-lg-0 brz-lh-lg-1_3 brz-text-lg-center brz-tp-lg-heading1 brz-css-xN964\" data-uniq-id=\"wFmY9,imK1b\" data-generated-css=\"brz-css-ySyju,brz-css-rvXD8\"><span style=\"opacity: 1\" class=\"brz-cp-color2\">Maroc-<\/span><\/h1>\n<h1 class=\"brz-text-xs-center brz-ff-roboto brz-ft-google brz-fs-lg-66 brz-fss-lg-px brz-fw-lg-900 brz-ls-lg-0 brz-lh-lg-1_3 brz-text-lg-center brz-tp-lg-heading1 brz-css-b1YhX\" data-uniq-id=\"imK1b\" data-generated-css=\"brz-css-rvXD8\"><span style=\"opacity: 1\" class=\"brz-cp-color2\">S\u00e9jour \u00e0 Marrakech<\/span><\/h1>\n<\/div>\n<\/div>\n<\/div>\n<div id=\"\" class=\"brz-css-6i3ayq brz-wrapper\">\n<div class=\"brz-rich-text brz-rich-text__custom brz-css-188iyr7\" data-brz-custom-id=\"yKwuwzjcQxyw\">\n<div data-brz-translate-text=\"1\">\n<h4 class=\"brz-lh-lg-1_6 brz-ls-lg-0 brz-fw-lg-400 brz-fss-lg-px brz-fs-lg-20 brz-ft-google brz-ff-roboto brz-text-lg-center brz-text-xs-center brz-tp-lg-heading4 brz-css-teVGj\" data-generated-css=\"brz-css-hHq0o\" data-uniq-id=\"on4HR\"><span style=\"opacity: 1\" class=\"brz-cp-color2\">Nous t&rsquo;invitons \u00e0 d\u00e9couvrir avec nous ce pays tr\u00e8s vari\u00e9. Des villes au d\u00e9sert, en passant par la plage et la mer, le Maroc a tout \u00e0 offrir. <\/span><\/h4>\n<h4 class=\"brz-lh-lg-1_6 brz-ls-lg-0 brz-fw-lg-400 brz-fss-lg-px brz-fs-lg-20 brz-ft-google brz-ff-roboto brz-text-lg-center brz-text-xs-center brz-tp-lg-heading4 brz-css-oN_d1\" data-generated-css=\"brz-css-hHq0o\" data-uniq-id=\"on4HR\"><span style=\"opacity: 1\" class=\"brz-cp-color2\"> <\/span><\/h4>\n<\/div>\n<\/div>\n<\/div>\n<\/div>\n<\/div>\n<\/div>\n<\/div>\n<div id=\"\" class=\"brz-css-6i3ayq brz-css-n3ha94 brz-css-9lu3wq brz-wrapper\">\n<div class=\"brz-spacer brz-css-au3ef9 brz-css-5ixc12\"><\/div>\n<\/div>\n<div class=\"brz-row__container brz-css-59s16y\" data-brz-custom-id=\"sqSm0qXAcTQy\">\n<div class=\"brz-bg\"><\/div>\n<div class=\"brz-row brz-css-q4hbwo brz-css-mcro2s\">\n<div class=\"brz-columns brz-css-113sn01 brz-css-1qzcjtr\" data-brz-custom-id=\"tzUKTAxtGC_L\">\n<div class=\"brz-bg\"><\/div>\n<div class=\"brz-column__items brz-css-1pkkx0k brz-css-5xr87\">\n<div id=\"\" class=\"brz-css-6i3ayq brz-css-105l7fh brz-wrapper\">\n<div class=\"brz-rich-text brz-rich-text__custom brz-css-188iyr7\" data-brz-custom-id=\"bSsGqEHxl8td\">\n<div data-brz-translate-text=\"1\">\n<p class=\"brz-tp-heading2 brz-css-dD7uo\"><span class=\"brz-cp-color8\">01<\/span><\/p>\n<\/div>\n<\/div>\n<\/div>\n<div id=\"\" class=\"brz-css-6i3ayq brz-css-qo5o31 brz-wrapper\">\n<div class=\"brz-rich-text brz-rich-text__custom brz-css-188iyr7\" data-brz-custom-id=\"oRD8NQ2GDvEH\">\n<div data-brz-translate-text=\"1\">\n<p class=\"brz-fs-sm-18 brz-tp-lg-heading4 brz-css-fSgqc\" data-uniq-id=\"ydfwd\" data-generated-css=\"brz-css-bUfrC\"><span style=\"opacity: 1\" class=\"brz-cp-color8\">Individuel<\/span><\/p>\n<\/div>\n<\/div>\n<\/div>\n<div id=\"\" class=\"brz-css-6i3ayq brz-wrapper\">\n<div class=\"brz-rich-text brz-rich-text__custom brz-css-188iyr7\" data-brz-custom-id=\"dtRMVnOWTAeX\">\n<div data-brz-translate-text=\"1\">\n<p class=\"brz-tp-lg-paragraph brz-css-xKEqR\" data-uniq-id=\"bXeEB\" data-generated-css=\"brz-css-srFgI\"><span style=\"opacity: 1\" class=\"brz-cp-color8\">Nous organisons ton voyage selon tes souhaits.<\/span><\/p>\n<\/div>\n<\/div>\n<\/div>\n<\/div>\n<p><a class=\"brz-a brz-container-link\" href=\"\" target=\"_self\" rel=\"noopener\" data-brz-link-type=\"page\"><\/a><\/div>\n<div class=\"brz-columns brz-css-113sn01 brz-css-n7dfgc\" data-brz-custom-id=\"xKIkz23CptWV\">\n<div class=\"brz-bg\"><\/div>\n<div class=\"brz-column__items brz-css-1pkkx0k brz-css-1lk86e3\">\n<div id=\"\" class=\"brz-css-6i3ayq brz-css-vk9g4y brz-wrapper\">\n<div class=\"brz-rich-text brz-rich-text__custom brz-css-188iyr7\" data-brz-custom-id=\"sIGMHDsT3X2Z\">\n<div data-brz-translate-text=\"1\">\n<p class=\"brz-tp-heading2 brz-css-eK6EF\"><span class=\"brz-cp-color8\">02<\/span><\/p>\n<\/div>\n<\/div>\n<\/div>\n<div id=\"\" class=\"brz-css-6i3ayq brz-css-ejom9t brz-wrapper\">\n<div class=\"brz-rich-text brz-rich-text__custom brz-css-188iyr7\" data-brz-custom-id=\"hAmItbGNJAz0\">\n<div data-brz-translate-text=\"1\">\n<p class=\"brz-fs-sm-18 brz-tp-lg-heading4 brz-css-neo51\" data-uniq-id=\"rBfsF\" data-generated-css=\"brz-css-uDLi6\"><span style=\"opacity: 1\" class=\"brz-cp-color8\">Authentique<\/span><\/p>\n<\/div>\n<\/div>\n<\/div>\n<div id=\"\" class=\"brz-css-6i3ayq brz-wrapper\">\n<div class=\"brz-rich-text brz-rich-text__custom brz-css-188iyr7\" data-brz-custom-id=\"fewGsrNn5X1l\">\n<div data-brz-translate-text=\"1\">\n<p class=\"brz-tp-lg-paragraph brz-css-tXypO\" data-generated-css=\"brz-css-tVVhu\" data-uniq-id=\"zr3wF\"><span style=\"opacity: 1\" class=\"brz-cp-color8\">D\u00e9couvre le pays et ses habitants de mani\u00e8re authentique.<\/span><\/p>\n<\/div>\n<\/div>\n<\/div>\n<\/div>\n<p><a class=\"brz-a brz-container-link\" href=\"\" target=\"_self\" rel=\"noopener\" data-brz-link-type=\"page\"><\/a><\/div>\n<div class=\"brz-columns brz-css-113sn01 brz-css-13a7ee9\" data-brz-custom-id=\"bwNBw2VodJb_\">\n<div class=\"brz-bg\"><\/div>\n<div class=\"brz-column__items brz-css-1pkkx0k brz-css-8cv1i\">\n<div id=\"\" class=\"brz-css-6i3ayq brz-css-1tbe6yv brz-wrapper\">\n<div class=\"brz-rich-text brz-rich-text__custom brz-css-188iyr7\" data-brz-custom-id=\"sM4szSYRMToc\">\n<div data-brz-translate-text=\"1\">\n<p class=\"brz-tp-heading2 brz-css-snhHB\"><span class=\"brz-cp-color8\">03<\/span><\/p>\n<\/div>\n<\/div>\n<\/div>\n<div id=\"\" class=\"brz-css-6i3ayq brz-css-1x9kcc4 brz-wrapper\">\n<div class=\"brz-rich-text brz-rich-text__custom brz-css-188iyr7\" data-brz-custom-id=\"g5jfI4SgDNrD\">\n<div data-brz-translate-text=\"1\">\n<p class=\"brz-fs-sm-18 brz-tp-lg-heading4 brz-css-mwsiN\" data-uniq-id=\"jket1\" data-generated-css=\"brz-css-s1Use\"><span style=\"opacity: 1\" class=\"brz-cp-color8\">Personnel<\/span><\/p>\n<\/div>\n<\/div>\n<\/div>\n<div id=\"\" class=\"brz-css-6i3ayq brz-wrapper\">\n<div class=\"brz-rich-text brz-rich-text__custom brz-css-188iyr7\" data-brz-custom-id=\"hhc50Y5MLAtS\">\n<div data-brz-translate-text=\"1\">\n<p class=\"brz-tp-lg-paragraph brz-css-fsjQq\" data-uniq-id=\"z6ALU\" data-generated-css=\"brz-css-mGv8O\"><span style=\"opacity: 1\" class=\"brz-cp-color8\">Nous sommes une petite entreprise familiale et nous te conseillons volontiers personnellement.<\/span><\/p>\n<\/div>\n<\/div>\n<\/div>\n<\/div>\n<p><a class=\"brz-a brz-container-link\" href=\"\" target=\"_self\" rel=\"noopener\" data-brz-link-type=\"page\"><\/a><\/div>\n<\/div>\n<\/div>\n<\/div>\n<\/div>\n<\/section>\n<section id=\"_kbahwWWyNzDh\" class=\"brz-section brz-css-1hb9muy\">\n<div class=\"brz-section__content brz-section--boxed brz-css-16iwetg brz-css-mljal1\" data-brz-custom-id=\"bDIklhaibuQK\">\n<div class=\"brz-container brz-css-rxx9fp\">\n<div class=\"brz-row__container brz-css-59s16y\" data-brz-custom-id=\"sJbMbvyJiqNP\">\n<div class=\"brz-bg\"><\/div>\n<div class=\"brz-row brz-css-q4hbwo\">\n<div class=\"brz-columns brz-css-113sn01\" data-brz-custom-id=\"p851KrVEeHaO\">\n<div class=\"brz-bg\"><\/div>\n<div class=\"brz-column__items brz-css-1pkkx0k\">\n<div id=\"\" class=\"brz-css-6i3ayq brz-wrapper\">\n<div class=\"brz-rich-text brz-rich-text__custom brz-css-188iyr7\" data-brz-custom-id=\"tG84BxWho52s\">\n<div data-brz-translate-text=\"1\">\n<p class=\"brz-tp-lg-paragraph brz-text-lg-left brz-text-xs-center brz-fss-lg-px brz-fw-lg-700 brz-ls-lg-1 brz-lh-lg-1_3 brz-ff-roboto brz-ft-google brz-fs-lg-16 brz-css-la6cS\" data-generated-css=\"brz-css-yegQ3\" data-uniq-id=\"hvgnD\"><strong>Marrakech est appel\u00e9e la ville rouge. Laisse-toi envo\u00fbter par elle. Fais un d\u00e9tour par le mus\u00e9e Yves Saint Laurent ou par le Jardin Majorel. Au Palais Bahia, tu pourras admirer une magnifique architecture et si tu as envie d&rsquo;un peu d&rsquo;eau, nous te recommandons les jardins de la M\u00e9nara.<\/strong><\/p>\n<\/div>\n<\/div>\n<\/div>\n<div id=\"\" class=\"brz-css-6i3ayq brz-wrapper\">\n<div class=\"brz-image brz-css-gogcki\" data-brz-custom-id=\"kK6DydiR0ZOh\"><img decoding=\"async\" class=\"brz-img\" src=\"https:\/\/vacation-morocco.com\/fr?brizy_media=wp-e8049e7dd2773002803cb4fe49bcc34f.jpg&amp;brizy_crop=iW%3D942%26iH%3D403%26oX%3D201%26oY%3D0%26cW%3D540%26cH%3D403\" alt=\"\" loading=\"lazy\"><\/div>\n<\/div>\n<\/div>\n<p><a class=\"brz-a brz-container-link\" href=\"\" target=\"_self\" rel=\"noopener\" data-brz-link-type=\"page\"><\/a><\/div>\n<div class=\"brz-columns brz-css-113sn01\" data-brz-custom-id=\"aIefJl2chiFI\">\n<div class=\"brz-bg\"><\/div>\n<div class=\"brz-column__items brz-css-1pkkx0k\">\n<div id=\"\" class=\"brz-css-6i3ayq brz-wrapper\">\n<div class=\"brz-map brz-map_styles brz-css-7jdmtr brz-css-1shph08\" data-brz-custom-id=\"iaGCcNQhgtMf\">\n<div class=\"brz-ui-ed-map-content\"><\/div>\n<\/div>\n<\/div>\n<div class=\"brz-wrapper-clone brz-css-1cudpih\">\n<div class=\"brz-d-xs-flex brz-flex-xs-wrap brz-css-1wppz2q\" data-brz-custom-id=\"\">\n<div class=\"brz-wrapper-clone__item\" id=\"cku1RKCh5wNn\"><a class=\"brz-a brz-btn brz-css-1o053c0 brz-css-1iq62nj brz-css-1p8y2vp brz-css-q9w8c9\" href=\"\" target=\"_self\" rel=\"noopener\" data-brz-link-type=\"external\" data-brz-custom-id=\"cku1RKCh5wNn\"><span data-brz-translate-text=\"1\" class=\"brz-span brz-text__editor\">Contact<\/span><\/a><\/div>\n<\/div>\n<\/div>\n<\/div>\n<p><a class=\"brz-a brz-container-link\" href=\"\" target=\"_self\" rel=\"noopener\" data-brz-link-type=\"page\"><\/a><\/div>\n<\/div>\n<\/div>\n<\/div>\n<\/div>\n<\/section>\n<\/div>\n<p>    <!-- version:1737286960 --><\/p>\n","protected":false},"excerpt":{"rendered":"<p>Maroc- S\u00e9jour \u00e0 Marrakech Nous t&rsquo;invitons \u00e0 d\u00e9couvrir avec nous ce pays tr\u00e8s vari\u00e9. Des villes au d\u00e9sert, en passant par la plage et la mer, le Maroc a tout \u00e0 offrir. 01 Individuel Nous organisons ton voyage selon tes souhaits. 02 Authentique D\u00e9couvre le pays et ses habitants de mani\u00e8re authentique. 03 Personnel Nous [&hellip;]<\/p>\n","protected":false},"author":2,"featured_media":0,"parent":0,"menu_order":0,"comment_status":"closed","ping_status":"closed","template":"","meta":{"_seopress_robots_primary_cat":"","_seopress_titles_title":"Marrakech \u00c9ternelle : Plongez dans l&#039;Exotisme de la Ville Rouge lors d&#039;une St\u00e4dtereise Inoubliable au Maroc!","_seopress_titles_desc":"D\u00e9couvrez l&#039;essence de Marrakech avec nos St\u00e4dtereisen au Maroc. Plongez-vous dans les ruelles anim\u00e9es des souks, \u00e9merveillez-vous devant l&#039;architecture exquise des palais, et savourez l&#039;atmosph\u00e8re vibrante de la Ville Rouge. Nos escapades citadines \u00e0 Marrakech promettent une immersion inoubliable dans la culture, la cuisine et le charme envo\u00fbtant de cette cit\u00e9 marocaine embl\u00e9matique. R\u00e9servez maintenant pour une aventure citadine inoubliable \u00e0 Marrakech!","_seopress_robots_index":"","footnotes":""},"class_list":["post-2653","page","type-page","status-publish","hentry"],"blocksy_meta":[],"brizy_media":[],"_links":{"self":[{"href":"https:\/\/vacation-morocco.com\/fr\/wp-json\/wp\/v2\/pages\/2653","targetHints":{"allow":["GET"]}}],"collection":[{"href":"https:\/\/vacation-morocco.com\/fr\/wp-json\/wp\/v2\/pages"}],"about":[{"href":"https:\/\/vacation-morocco.com\/fr\/wp-json\/wp\/v2\/types\/page"}],"author":[{"embeddable":true,"href":"https:\/\/vacation-morocco.com\/fr\/wp-json\/wp\/v2\/users\/2"}],"replies":[{"embeddable":true,"href":"https:\/\/vacation-morocco.com\/fr\/wp-json\/wp\/v2\/comments?post=2653"}],"version-history":[{"count":16,"href":"https:\/\/vacation-morocco.com\/fr\/wp-json\/wp\/v2\/pages\/2653\/revisions"}],"predecessor-version":[{"id":6817,"href":"https:\/\/vacation-morocco.com\/fr\/wp-json\/wp\/v2\/pages\/2653\/revisions\/6817"}],"wp:attachment":[{"href":"https:\/\/vacation-morocco.com\/fr\/wp-json\/wp\/v2\/media?parent=2653"}],"curies":[{"name":"wp","href":"https:\/\/api.w.org\/{rel}","templated":true}]}}