{"id":2649,"date":"2023-11-27T11:25:34","date_gmt":"2023-11-27T10:25:34","guid":{"rendered":"https:\/\/vacation-morocco.nextron.org\/staedtereise-nach-wunsch\/"},"modified":"2026-03-25T07:18:08","modified_gmt":"2026-03-25T06:18:08","slug":"city-trip-au-choix","status":"publish","type":"page","link":"https:\/\/vacation-morocco.com\/fr\/city-trip-au-choix\/","title":{"rendered":"S\u00e9jour au choix"},"content":{"rendered":"<div class=\"brz-root__container brz-reset-all brz brz-root__container-page\">\n<section id=\"_o8rZ6uiBL1iA\" class=\"brz-section brz-css-7dpn4x\">\n<div class=\"brz-section__content brz-section--boxed brz-css-1g48xm7 brz-css-eit7j4\" data-brz-custom-id=\"oCZtWJLXQ78o\">\n<div class=\"brz-bg\">\n<div class=\"brz-bg-image\"><\/div>\n<\/div>\n<div class=\"brz-container brz-css-189gf9c\">\n<div class=\"brz-row__container brz-css-qu5zc9\" data-brz-custom-id=\"zKUZjTpBuYPG\">\n<div class=\"brz-bg\"><\/div>\n<div class=\"brz-row brz-css-1it5jdp brz-css-8mbqqi\">\n<div class=\"brz-columns brz-css-c93vds brz-css-lwwxk\" data-brz-custom-id=\"vT25oY4pZOKv\">\n<div class=\"brz-bg\"><\/div>\n<div class=\"brz-column__items brz-css-18bv5y1\">\n<div id=\"\" class=\"brz-css-1br27qj brz-wrapper\">\n<div class=\"brz-rich-text brz-rich-text__custom brz-css-1jgbbf3\" data-brz-custom-id=\"srooad3oozqH\">\n<div data-brz-translate-text=\"1\">\n<h1 class=\"brz-tp-lg-heading1 brz-text-xs-center brz-ff-roboto brz-ft-google brz-fs-lg-66 brz-fss-lg-px brz-fw-lg-900 brz-ls-lg-0 brz-lh-lg-1_3 brz-text-lg-center brz-css-mSkjs\" data-uniq-id=\"lwPUZ\" data-generated-css=\"brz-css-oFUyx\"><span style=\"opacity: 1\" class=\"brz-cp-color8\"> <\/span><\/h1>\n<h1 class=\"brz-tp-lg-heading1 brz-text-xs-center brz-ff-roboto brz-ft-google brz-fs-lg-66 brz-fss-lg-px brz-fw-lg-900 brz-ls-lg-0 brz-lh-lg-1_3 brz-text-lg-center brz-css-vO9K4\" data-uniq-id=\"lwPUZ\" data-generated-css=\"brz-css-oFUyx\"><span style=\"opacity: 1\" class=\"brz-cp-color8\">Maroc-<\/span><\/h1>\n<h1 class=\"brz-tp-lg-heading1 brz-text-xs-center brz-ff-roboto brz-ft-google brz-fs-lg-66 brz-fss-lg-px brz-fw-lg-900 brz-ls-lg-0 brz-lh-lg-1_3 brz-text-lg-center brz-css-fa87D\" data-uniq-id=\"vea50\" data-generated-css=\"brz-css-l9LGR\"><span style=\"opacity: 1\" class=\"brz-cp-color8\">Circuit\/S\u00e9jour ville \u00e0 la carte<\/span><\/h1>\n<\/div>\n<\/div>\n<\/div>\n<div id=\"\" class=\"brz-css-1br27qj brz-wrapper\">\n<div class=\"brz-rich-text brz-rich-text__custom brz-css-1jgbbf3\" data-brz-custom-id=\"ivo3mBK7fs_l\">\n<div data-brz-translate-text=\"1\">\n<h4 class=\"brz-lh-lg-1_6 brz-ls-lg-0 brz-fw-lg-400 brz-fss-lg-px brz-fs-lg-20 brz-ft-google brz-ff-roboto brz-text-lg-center brz-text-xs-center brz-tp-lg-heading4 brz-css-k1ydb\" data-generated-css=\"brz-css-nv2st\" data-uniq-id=\"pVBfL\"><span style=\"opacity: 1\" class=\"brz-cp-color8\">Nous t&rsquo;invitons \u00e0 d\u00e9couvrir avec nous ce pays tr\u00e8s vari\u00e9. Des villes au d\u00e9sert, en passant par la plage et la mer, le Maroc a tout \u00e0 offrir. <\/span><\/h4>\n<\/div>\n<\/div>\n<\/div>\n<\/div>\n<\/div>\n<\/div>\n<\/div>\n<div id=\"\" class=\"brz-css-1br27qj brz-css-1tpuv0s brz-css-temgep brz-wrapper\">\n<div class=\"brz-spacer brz-css-eqk3wo brz-css-i6uyoe\"><\/div>\n<\/div>\n<div class=\"brz-row__container brz-css-qu5zc9\" data-brz-custom-id=\"lNt6u5t0RaEK\">\n<div class=\"brz-bg\"><\/div>\n<div class=\"brz-row brz-css-1it5jdp brz-css-8mbqqi\">\n<div class=\"brz-columns brz-css-c93vds brz-css-1152ydf\" data-brz-custom-id=\"uXSOxGFSe8FB\">\n<div class=\"brz-bg\"><\/div>\n<div class=\"brz-column__items brz-css-18bv5y1 brz-css-15wc6ye\">\n<div id=\"\" class=\"brz-css-1br27qj brz-css-9avlhu brz-wrapper\">\n<div class=\"brz-rich-text brz-rich-text__custom brz-css-1jgbbf3\" data-brz-custom-id=\"zKW595FEAeFc\">\n<div data-brz-translate-text=\"1\">\n<p class=\"brz-tp-heading2 brz-css-zTfo8\"><span class=\"brz-cp-color8\">01<\/span><\/p>\n<\/div>\n<\/div>\n<\/div>\n<div id=\"\" class=\"brz-css-1br27qj brz-css-1aluaal brz-wrapper\">\n<div class=\"brz-rich-text brz-rich-text__custom brz-css-1jgbbf3\" data-brz-custom-id=\"iEE0jH6zlK9Y\">\n<div data-brz-translate-text=\"1\">\n<p class=\"brz-fs-sm-18 brz-tp-lg-heading4 brz-css-rdG15\" data-uniq-id=\"ftVya\" data-generated-css=\"brz-css-bIKWx\"><span style=\"opacity: 1\" class=\"brz-cp-color8\">Individuel<\/span><\/p>\n<\/div>\n<\/div>\n<\/div>\n<div id=\"\" class=\"brz-css-1br27qj brz-wrapper\">\n<div class=\"brz-rich-text brz-rich-text__custom brz-css-1jgbbf3\" data-brz-custom-id=\"zg6W0p55SZxT\">\n<div data-brz-translate-text=\"1\">\n<p class=\"brz-tp-lg-paragraph brz-css-c57dB\" data-uniq-id=\"zgyTE\" data-generated-css=\"brz-css-xduTz\"><span style=\"opacity: 1\" class=\"brz-cp-color8\">Nous organisons ton voyage selon tes souhaits.<\/span><\/p>\n<\/div>\n<\/div>\n<\/div>\n<\/div>\n<p><a class=\"brz-a brz-container-link\" href=\"\" target=\"_self\" rel=\"noopener\" data-brz-link-type=\"page\"><\/a><\/div>\n<div class=\"brz-columns brz-css-c93vds brz-css-wjljpn\" data-brz-custom-id=\"aYsSgrJk1QEi\">\n<div class=\"brz-bg\"><\/div>\n<div class=\"brz-column__items brz-css-18bv5y1 brz-css-1pv9ws1\">\n<div id=\"\" class=\"brz-css-1br27qj brz-css-1jo3cnd brz-wrapper\">\n<div class=\"brz-rich-text brz-rich-text__custom brz-css-1jgbbf3\" data-brz-custom-id=\"qfoBIVmmWtho\">\n<div data-brz-translate-text=\"1\">\n<p class=\"brz-tp-heading2 brz-css-q6Hs6\"><span class=\"brz-cp-color8\">02<\/span><\/p>\n<\/div>\n<\/div>\n<\/div>\n<div id=\"\" class=\"brz-css-1br27qj brz-css-10muj6w brz-wrapper\">\n<div class=\"brz-rich-text brz-rich-text__custom brz-css-1jgbbf3\" data-brz-custom-id=\"nGcrvD45FaQ1\">\n<div data-brz-translate-text=\"1\">\n<p class=\"brz-fs-sm-18 brz-tp-lg-heading4 brz-css-gDztt\" data-uniq-id=\"iaFvK\" data-generated-css=\"brz-css-iYIJo\"><span style=\"opacity: 1\" class=\"brz-cp-color8\">Authentique<\/span><\/p>\n<\/div>\n<\/div>\n<\/div>\n<div id=\"\" class=\"brz-css-1br27qj brz-wrapper\">\n<div class=\"brz-rich-text brz-rich-text__custom brz-css-1jgbbf3\" data-brz-custom-id=\"fxag81oqCl03\">\n<div data-brz-translate-text=\"1\">\n<p class=\"brz-tp-lg-paragraph brz-css-yir_g\" data-generated-css=\"brz-css-ihPrG\" data-uniq-id=\"lsVCI\"><span style=\"opacity: 1\" class=\"brz-cp-color8\">D\u00e9couvre le pays et ses habitants de mani\u00e8re authentique.<\/span><\/p>\n<\/div>\n<\/div>\n<\/div>\n<\/div>\n<p><a class=\"brz-a brz-container-link\" href=\"\" target=\"_self\" rel=\"noopener\" data-brz-link-type=\"page\"><\/a><\/div>\n<div class=\"brz-columns brz-css-c93vds brz-css-xpabak\" data-brz-custom-id=\"d9YBnp02tDFe\">\n<div class=\"brz-bg\"><\/div>\n<div class=\"brz-column__items brz-css-18bv5y1 brz-css-9atcxb\">\n<div id=\"\" class=\"brz-css-1br27qj brz-css-1sdgd3d brz-wrapper\">\n<div class=\"brz-rich-text brz-rich-text__custom brz-css-1jgbbf3\" data-brz-custom-id=\"w1nCft8ODThp\">\n<div data-brz-translate-text=\"1\">\n<p class=\"brz-tp-heading2 brz-css-ooOny\"><span class=\"brz-cp-color8\">03<\/span><\/p>\n<\/div>\n<\/div>\n<\/div>\n<div id=\"\" class=\"brz-css-1br27qj brz-css-1s9clqc brz-wrapper\">\n<div class=\"brz-rich-text brz-rich-text__custom brz-css-1jgbbf3\" data-brz-custom-id=\"noZYZIocvusb\">\n<div data-brz-translate-text=\"1\">\n<p class=\"brz-fs-sm-18 brz-tp-lg-heading4 brz-css-eLVGG\" data-uniq-id=\"wBIsa\" data-generated-css=\"brz-css-mXPH9\"><span style=\"opacity: 1\" class=\"brz-cp-color8\">Personnel<\/span><\/p>\n<\/div>\n<\/div>\n<\/div>\n<div id=\"\" class=\"brz-css-1br27qj brz-wrapper\">\n<div class=\"brz-rich-text brz-rich-text__custom brz-css-1jgbbf3\" data-brz-custom-id=\"x_tnnfVTTM1e\">\n<div data-brz-translate-text=\"1\">\n<p class=\"brz-tp-lg-paragraph brz-css-wLtX2\" data-uniq-id=\"lxM87\" data-generated-css=\"brz-css-yl5l0\"><span style=\"opacity: 1\" class=\"brz-cp-color8\">Nous sommes une petite entreprise familiale et nous te conseillons volontiers personnellement.<\/span><\/p>\n<\/div>\n<\/div>\n<\/div>\n<\/div>\n<p><a class=\"brz-a brz-container-link\" href=\"\" target=\"_self\" rel=\"noopener\" data-brz-link-type=\"page\"><\/a><\/div>\n<\/div>\n<\/div>\n<\/div>\n<\/div>\n<\/section>\n<section id=\"_heB89JZHs_D7\" class=\"brz-section brz-css-7dpn4x brz-css-1jj19wy\">\n<div class=\"brz-slick-slider brz-slick-slider__section\" data-slides-to-show=\"1\" data-slides-to-scroll=\"1\" data-arrows=\"true\" data-dots=\"true\" data-dots-class=\"brz-slick-slider__dots brz-slick-slider__dots--square\" data-fade=\"false\" data-vertical=\"false\" data-auto-play=\"false\" data-auto-play-speed=\"3000\" data-animation-speed=\"500\" data-swipe=\"true\" data-responsive=\"%5B%7B%22breakpoint%22%3A767%2C%22settings%22%3A%7B%22slidesToShow%22%3A1%2C%22slidesToScroll%22%3A1%7D%7D%5D\">\n<div>\n<div class=\"brz-section__content brz-section--boxed brz-css-1g48xm7 brz-css-s99gkt\" data-brz-custom-id=\"x11QGdzvlB1C\">\n<div class=\"brz-bg\">\n<div class=\"brz-bg-color\"><\/div>\n<\/div>\n<div class=\"brz-container brz-css-189gf9c\">\n<div class=\"brz-row__container brz-css-qu5zc9\" data-brz-custom-id=\"fFcrVSqzjmMr\">\n<div class=\"brz-bg\"><\/div>\n<div class=\"brz-row brz-css-1it5jdp brz-css-8mbqqi\">\n<div class=\"brz-columns brz-css-c93vds brz-css-1ae1dd\" data-brz-custom-id=\"bj8QrdARXdVC\">\n<div class=\"brz-bg\">\n<div class=\"brz-bg-image\"><\/div>\n<\/div>\n<div class=\"brz-column__items brz-css-18bv5y1 brz-css-2sq596\">\n<div id=\"\" class=\"brz-css-1br27qj brz-css-1tpuv0s brz-wrapper\">\n<div class=\"brz-spacer brz-css-eqk3wo brz-css-z7n6ex\"><\/div>\n<\/div>\n<\/div>\n<p><a class=\"brz-a brz-container-link\" href=\"\" target=\"_self\" rel=\"noopener\" data-brz-link-type=\"page\"><\/a><\/div>\n<div class=\"brz-columns brz-css-c93vds brz-css-m0ytve\" data-brz-custom-id=\"xBT7_uG8Ifr3\">\n<div class=\"brz-bg\">\n<div class=\"brz-bg-color\"><\/div>\n<\/div>\n<div class=\"brz-column__items brz-css-18bv5y1 brz-css-3tjlv4\">\n<div id=\"\" class=\"brz-css-1br27qj brz-css-1420qmi brz-wrapper\">\n<div class=\"brz-rich-text brz-rich-text__custom brz-css-1jgbbf3\" data-brz-custom-id=\"oBu2KBstwW5c\">\n<div data-brz-translate-text=\"1\">\n<h2 class=\"brz-text-xs-center brz-tp-lg-heading2 brz-text-lg-left brz-css-tTFGI\" data-uniq-id=\"yFhqj\" data-generated-css=\"brz-css-ljtPn\">O\u00f9 tu veux&#8230;<\/h2>\n<\/div>\n<\/div>\n<\/div>\n<div id=\"\" class=\"brz-css-1br27qj brz-wrapper\">\n<div class=\"brz-rich-text brz-rich-text__custom brz-css-1jgbbf3\" data-brz-custom-id=\"zRzvKc8V5Nks\">\n<div data-brz-translate-text=\"1\">\n<p class=\"brz-mb-lg-20 brz-text-xs-center brz-tp-lg-paragraph brz-mb-xs-15 brz-mb-sm-0 brz-css-xHp_e\" data-uniq-id=\"d1JNv\" data-generated-css=\"brz-css-v30uv\">C&rsquo;est avec plaisir que nous t&rsquo;aiderons \u00e0 composer ton voyage individuel. Que tu souhaites partir \u00e0 la montagne, d\u00e9couvrir les quatre villes royales ou faire un d\u00e9tour par la plage, nous r\u00e9pondrons personnellement \u00e0 tes souhaits et \u00e0 ton budget. N&rsquo;h\u00e9site pas \u00e0 nous contacter via le formulaire de contact ou par e-mail.<\/p>\n<\/div>\n<\/div>\n<\/div>\n<div class=\"brz-wrapper-clone brz-css-1xvpyxq\">\n<div class=\"brz-d-xs-flex brz-flex-xs-wrap brz-css-x5e57e\" data-brz-custom-id=\"\">\n<div class=\"brz-wrapper-clone__item\" id=\"cNnJZVGSeB8p\"><a class=\"brz-a brz-btn brz-css-7eql5h brz-css-1oezp6f brz-css-1wjq0tu brz-css-vcvmln\" href=\"\" target=\"_self\" rel=\"noopener\" data-brz-link-type=\"external\" data-brz-custom-id=\"cNnJZVGSeB8p\"><span data-brz-translate-text=\"1\" class=\"brz-span brz-text__editor\">Contact<\/span><\/a><\/div>\n<\/div>\n<\/div>\n<\/div>\n<p><a class=\"brz-a brz-container-link\" href=\"\" target=\"_self\" rel=\"noopener\" data-brz-link-type=\"page\"><\/a><\/div>\n<\/div>\n<\/div>\n<\/div>\n<\/div>\n<\/div>\n<\/div>\n<\/section>\n<\/div>\n<p>    <!-- version:1737573706 --><\/p>\n","protected":false},"excerpt":{"rendered":"<p>Maroc- Circuit\/S\u00e9jour ville \u00e0 la carte Nous t&rsquo;invitons \u00e0 d\u00e9couvrir avec nous ce pays tr\u00e8s vari\u00e9. Des villes au d\u00e9sert, en passant par la plage et la mer, le Maroc a tout \u00e0 offrir. 01 Individuel Nous organisons ton voyage selon tes souhaits. 02 Authentique D\u00e9couvre le pays et ses habitants de mani\u00e8re authentique. 03 [&hellip;]<\/p>\n","protected":false},"author":2,"featured_media":0,"parent":0,"menu_order":0,"comment_status":"closed","ping_status":"closed","template":"","meta":{"_seopress_robots_primary_cat":"","_seopress_titles_title":"Maroc sur Mesure : Cr\u00e9ez votre aventure personnelle avec nos city trips et allers-retours \u00e0 la carte!","_seopress_titles_desc":"Vivez le Maroc \u00e0 votre propre rythme gr\u00e2ce \u00e0 nos city-trips et circuits sur mesure. Composez une aventure personnalis\u00e9e selon vos envies, explorez des villes embl\u00e9matiques, d\u00e9couvrez des paysages vari\u00e9s et immergez-vous dans la riche culture marocaine. Nos voyages flexibles offrent une exp\u00e9rience unique, adapt\u00e9e \u00e0 vos pr\u00e9f\u00e9rences. R\u00e9servez d\u00e8s maintenant pour un voyage inoubliable, adapt\u00e9 \u00e0 vos attentes et qui vous offrira une immersion authentique dans le charme du Maroc.","_seopress_robots_index":"","footnotes":""},"class_list":["post-2649","page","type-page","status-publish","hentry"],"blocksy_meta":[],"brizy_media":[{"id":1682,"url":"https:\/\/vacation-morocco.com\/wp-content\/uploads\/2023\/11\/Architektur--scaled.jpg","name":"Architektur-.jpg","meta":{"brizy_attachment_uid":"wp-665ae7c57f0f9fd404194c0f1f59ffa9.jpg","brizy_post_uid":["dd2a5461898b50808f6dc0fd0e184269"]}}],"_links":{"self":[{"href":"https:\/\/vacation-morocco.com\/fr\/wp-json\/wp\/v2\/pages\/2649","targetHints":{"allow":["GET"]}}],"collection":[{"href":"https:\/\/vacation-morocco.com\/fr\/wp-json\/wp\/v2\/pages"}],"about":[{"href":"https:\/\/vacation-morocco.com\/fr\/wp-json\/wp\/v2\/types\/page"}],"author":[{"embeddable":true,"href":"https:\/\/vacation-morocco.com\/fr\/wp-json\/wp\/v2\/users\/2"}],"replies":[{"embeddable":true,"href":"https:\/\/vacation-morocco.com\/fr\/wp-json\/wp\/v2\/comments?post=2649"}],"version-history":[{"count":20,"href":"https:\/\/vacation-morocco.com\/fr\/wp-json\/wp\/v2\/pages\/2649\/revisions"}],"predecessor-version":[{"id":6818,"href":"https:\/\/vacation-morocco.com\/fr\/wp-json\/wp\/v2\/pages\/2649\/revisions\/6818"}],"wp:attachment":[{"href":"https:\/\/vacation-morocco.com\/fr\/wp-json\/wp\/v2\/media?parent=2649"}],"curies":[{"name":"wp","href":"https:\/\/api.w.org\/{rel}","templated":true}]}}