{"id":2645,"date":"2023-11-27T11:25:54","date_gmt":"2023-11-27T10:25:54","guid":{"rendered":"https:\/\/vacation-morocco.nextron.org\/kochkurs\/"},"modified":"2026-03-25T02:53:15","modified_gmt":"2026-03-25T01:53:15","slug":"cours-de-cuisine","status":"publish","type":"page","link":"https:\/\/vacation-morocco.com\/fr\/cours-de-cuisine\/","title":{"rendered":"Cours de cuisine"},"content":{"rendered":"<div class=\"brz-root__container brz-reset-all brz brz-root__container-page\">\n<section id=\"_eiZDq2J1AH3A\" class=\"brz-section brz-css-xb55ae\">\n<div class=\"brz-section__content brz-section--boxed brz-css-151alho brz-css-ewlmeo\" data-brz-custom-id=\"rNSRBvsSqdWf\">\n<div class=\"brz-bg\">\n<div class=\"brz-bg-image\"><\/div>\n<\/div>\n<div class=\"brz-container brz-css-1s66adx\">\n<div class=\"brz-row__container brz-css-1olx5ke\" data-brz-custom-id=\"eTuA_pcrKCWb\">\n<div class=\"brz-bg\"><\/div>\n<div class=\"brz-row brz-css-1ar5whz brz-css-1ua2gw3\">\n<div class=\"brz-columns brz-css-xkl4h3 brz-css-95izti\" data-brz-custom-id=\"tfpN1Hn_RNEk\">\n<div class=\"brz-bg\"><\/div>\n<div class=\"brz-column__items brz-css-6aglxn\">\n<div id=\"\" class=\"brz-css-1a5142w brz-wrapper\">\n<div class=\"brz-rich-text brz-rich-text__custom brz-css-8fgwi1\" data-brz-custom-id=\"rFIsbcJGDAYl\">\n<div data-brz-translate-text=\"1\">\n<h1 class=\"brz-tp-lg-heading1 brz-text-xs-center brz-ff-roboto brz-ft-google brz-fs-lg-66 brz-fss-lg-px brz-fw-lg-900 brz-ls-lg-0 brz-lh-lg-1_3 brz-text-lg-center brz-css-v_yte\" data-uniq-id=\"zBe9K\" data-generated-css=\"brz-css-mDHCc\"><span style=\"opacity: 1\" class=\"brz-cp-color2\"> <\/span><\/h1>\n<h1 class=\"brz-text-lg-center brz-tp-lg-heading1 brz-text-xs-center brz-ff-roboto brz-ft-google brz-fs-lg-66 brz-fss-lg-px brz-fw-lg-900 brz-ls-lg-0 brz-lh-lg-1_3 brz-css-lATqs\" data-uniq-id=\"n3fpv\" data-generated-css=\"brz-css-fa2OB\"><span style=\"opacity: 1\" class=\"brz-cp-color2\">Cours de cuisine \u00e0 Marrakech<\/span><\/h1>\n<\/div>\n<\/div>\n<\/div>\n<div id=\"\" class=\"brz-css-1a5142w brz-wrapper\">\n<div class=\"brz-rich-text brz-rich-text__custom brz-css-8fgwi1\" data-brz-custom-id=\"cVB9HVuo7tIq\">\n<div data-brz-translate-text=\"1\">\n<h4 class=\"brz-tp-lg-heading4 brz-text-xs-center brz-text-lg-center brz-ff-roboto brz-ft-google brz-fs-lg-20 brz-fss-lg-px brz-fw-lg-400 brz-ls-lg-0 brz-lh-lg-1_6 brz-css-p0ugp\" data-uniq-id=\"hwTLd\" data-generated-css=\"brz-css-xapFg\">Apprends \u00e0 pr\u00e9parer le tajine traditionnel.<\/h4>\n<\/div>\n<\/div>\n<\/div>\n<\/div>\n<\/div>\n<\/div>\n<\/div>\n<div id=\"\" class=\"brz-css-1a5142w brz-css-x6zj0l brz-css-1cc3xwn brz-wrapper\">\n<div class=\"brz-spacer brz-css-u2clfw brz-css-1gg6c0f\"><\/div>\n<\/div>\n<div class=\"brz-row__container brz-css-1olx5ke\" data-brz-custom-id=\"kPpCQswA43w4\">\n<div class=\"brz-bg\"><\/div>\n<div class=\"brz-row brz-css-1ar5whz brz-css-1ua2gw3\">\n<div class=\"brz-columns brz-css-xkl4h3 brz-css-1djzra\" data-brz-custom-id=\"sE5bj5AeUfeB\">\n<div class=\"brz-bg\"><\/div>\n<div class=\"brz-column__items brz-css-6aglxn brz-css-1n61193\"><\/div>\n<\/div>\n<div class=\"brz-columns brz-css-xkl4h3 brz-css-1kojb86\" data-brz-custom-id=\"cx1NTp5MMvPr\">\n<div class=\"brz-bg\"><\/div>\n<div class=\"brz-column__items brz-css-6aglxn brz-css-1maqj7u\"><\/div>\n<\/div>\n<div class=\"brz-columns brz-css-xkl4h3 brz-css-fqxf6x\" data-brz-custom-id=\"i5t_MfBPe_Cf\">\n<div class=\"brz-bg\"><\/div>\n<div class=\"brz-column__items brz-css-6aglxn brz-css-13g797b\"><\/div>\n<\/div>\n<\/div>\n<\/div>\n<\/div>\n<\/div>\n<\/section>\n<section id=\"_lgz9YQ7legbj\" class=\"brz-section brz-css-xb55ae\">\n<div class=\"brz-section__content brz-section--boxed brz-css-151alho brz-css-1mxq4j6\" data-brz-custom-id=\"rl0a63VpH8qf\">\n<div class=\"brz-container brz-css-1s66adx\">\n<div class=\"brz-row__container brz-css-1olx5ke\" data-brz-custom-id=\"cGt5LqndepPK\">\n<div class=\"brz-bg\"><\/div>\n<div class=\"brz-row brz-css-1ar5whz\">\n<div class=\"brz-columns brz-css-xkl4h3\" data-brz-custom-id=\"sSd8OTop3wX9\">\n<div class=\"brz-bg\"><\/div>\n<div class=\"brz-column__items brz-css-6aglxn\">\n<div id=\"\" class=\"brz-css-1a5142w brz-wrapper\">\n<div class=\"brz-rich-text brz-rich-text__custom brz-css-8fgwi1\" data-brz-custom-id=\"mPf9Nb6YsTtc\">\n<div data-brz-translate-text=\"1\">\n<p class=\"brz-text-xs-center brz-text-lg-left brz-ff-roboto brz-ft-google brz-fs-lg-16 brz-fss-lg-px brz-fw-lg-700 brz-ls-lg-1 brz-lh-lg-1_3 brz-tp-lg-paragraph brz-css-kYNfB\" data-uniq-id=\"rb867\" data-generated-css=\"brz-css-cNH8d\"><strong>Savoure \u00e0 Marrakech un tajine cuisin\u00e9 par tes soins ou apprends \u00e0 faire un vrai couscous sans produits tout pr\u00eats. Khadija a perfectionn\u00e9 son m\u00e9tier \u00e0 l&rsquo;\u00e9cole internationale de restauration\/h\u00f4tellerie. Elle a de nombreuses ann\u00e9es d&rsquo;exp\u00e9rience et a appris de nombreux basiques chez Mama Touda. Sois toi aussi de la partie et plonge-toi dans la d\u00e9licieuse cuisine orientale du Maroc.<\/strong><\/p>\n<\/div>\n<\/div>\n<\/div>\n<div class=\"brz-wrapper-clone brz-css-2vc7w5\">\n<div class=\"brz-d-xs-flex brz-flex-xs-wrap brz-css-91vxr8\" data-brz-custom-id=\"\">\n<div class=\"brz-wrapper-clone__item\" id=\"jVMz4GS3HBNw\"><a class=\"brz-a brz-btn brz-css-1fzvfl0 brz-css-xq736t brz-css-1yrjbsp brz-css-1yj4ho2\" href=\"\" target=\"_self\" rel=\"noopener\" data-brz-link-type=\"page\" data-brz-custom-id=\"jVMz4GS3HBNw\"><span data-brz-translate-text=\"1\" class=\"brz-span brz-text__editor\">Contact<\/span><\/a><\/div>\n<\/div>\n<\/div>\n<\/div>\n<p><a class=\"brz-a brz-container-link\" href=\"\" target=\"_self\" rel=\"noopener\" data-brz-link-type=\"page\"><\/a><\/div>\n<div class=\"brz-columns brz-css-xkl4h3\" data-brz-custom-id=\"sFYmthxrbgRp\">\n<div class=\"brz-bg\"><\/div>\n<div class=\"brz-column__items brz-css-6aglxn\">\n<div id=\"\" class=\"brz-css-1a5142w brz-wrapper\">\n<div class=\"brz-map brz-map_styles brz-css-ftqea2 brz-css-cb1rsd\" data-brz-custom-id=\"atKdN1_tXM93\">\n<div class=\"brz-ui-ed-map-content\"><\/div>\n<\/div>\n<\/div>\n<\/div>\n<\/div>\n<\/div>\n<\/div>\n<\/div>\n<\/div>\n<\/section>\n<\/div>\n<p>    <!-- version:1737389802 --><\/p>\n","protected":false},"excerpt":{"rendered":"<p>Cours de cuisine \u00e0 Marrakech Apprends \u00e0 pr\u00e9parer le tajine traditionnel. Savoure \u00e0 Marrakech un tajine cuisin\u00e9 par tes soins ou apprends \u00e0 faire un vrai couscous sans produits tout pr\u00eats. Khadija a perfectionn\u00e9 son m\u00e9tier \u00e0 l&rsquo;\u00e9cole internationale de restauration\/h\u00f4tellerie. Elle a de nombreuses ann\u00e9es d&rsquo;exp\u00e9rience et a appris de nombreux basiques chez Mama [&hellip;]<\/p>\n","protected":false},"author":2,"featured_media":0,"parent":0,"menu_order":0,"comment_status":"closed","ping_status":"closed","template":"","meta":{"_seopress_robots_primary_cat":"","_seopress_titles_title":"Cours de Cuisine \u00e0 Marrakech : Plongez dans les Saveurs Authentiques du Maroc!","_seopress_titles_desc":"Vivez une exp\u00e9rience culinaire unique avec nos cours de cuisine \u00e0 Marrakech. D\u00e9couvrez les secrets de la cuisine marocaine en cr\u00e9ant des plats authentiques avec des \u00e9pices aromatiques et des ingr\u00e9dients locaux. Rejoignez nos chefs exp\u00e9riment\u00e9s pour une exp\u00e9rience pratique qui marie exploration culturelle et joie de cuisiner. R\u00e9servez d\u00e8s maintenant et savourez les saveurs du Maroc \u00e0 chaque bouch\u00e9e!","_seopress_robots_index":"","footnotes":""},"class_list":["post-2645","page","type-page","status-publish","hentry"],"blocksy_meta":[],"brizy_media":[],"_links":{"self":[{"href":"https:\/\/vacation-morocco.com\/fr\/wp-json\/wp\/v2\/pages\/2645","targetHints":{"allow":["GET"]}}],"collection":[{"href":"https:\/\/vacation-morocco.com\/fr\/wp-json\/wp\/v2\/pages"}],"about":[{"href":"https:\/\/vacation-morocco.com\/fr\/wp-json\/wp\/v2\/types\/page"}],"author":[{"embeddable":true,"href":"https:\/\/vacation-morocco.com\/fr\/wp-json\/wp\/v2\/users\/2"}],"replies":[{"embeddable":true,"href":"https:\/\/vacation-morocco.com\/fr\/wp-json\/wp\/v2\/comments?post=2645"}],"version-history":[{"count":18,"href":"https:\/\/vacation-morocco.com\/fr\/wp-json\/wp\/v2\/pages\/2645\/revisions"}],"predecessor-version":[{"id":6808,"href":"https:\/\/vacation-morocco.com\/fr\/wp-json\/wp\/v2\/pages\/2645\/revisions\/6808"}],"wp:attachment":[{"href":"https:\/\/vacation-morocco.com\/fr\/wp-json\/wp\/v2\/media?parent=2645"}],"curies":[{"name":"wp","href":"https:\/\/api.w.org\/{rel}","templated":true}]}}