{"id":2641,"date":"2023-11-27T11:26:19","date_gmt":"2023-11-27T10:26:19","guid":{"rendered":"https:\/\/vacation-morocco.nextron.org\/wandern-bergsteigen\/"},"modified":"2026-03-22T06:41:27","modified_gmt":"2026-03-22T05:41:27","slug":"randonnee-alpinisme","status":"publish","type":"page","link":"https:\/\/vacation-morocco.com\/fr\/randonnee-alpinisme\/","title":{"rendered":"Randonn\u00e9e\/alpinisme"},"content":{"rendered":"<div class=\"brz-root__container brz-reset-all brz brz-root__container-page\">\n<section id=\"_vVEfC6NDCpMB\" class=\"brz-section brz-css-14ktkrn\">\n<div class=\"brz-section__content brz-section--boxed brz-css-2tunfu brz-css-1plu6lq\" data-brz-custom-id=\"nFTf2SxTgTGp\">\n<div class=\"brz-bg\">\n<div class=\"brz-bg-image\"><\/div>\n<\/div>\n<div class=\"brz-container brz-css-1v8wzz8\">\n<div class=\"brz-row__container brz-css-1bbw56y\" data-brz-custom-id=\"lVrzsMiXpmqM\">\n<div class=\"brz-bg\"><\/div>\n<div class=\"brz-row brz-css-kb4tc8 brz-css-56nioy\">\n<div class=\"brz-columns brz-css-1ieefru brz-css-ui4dy6\" data-brz-custom-id=\"oHWVvpKykgK8\">\n<div class=\"brz-bg\"><\/div>\n<div class=\"brz-column__items brz-css-7tz72c\">\n<div id=\"\" class=\"brz-css-cr3mna brz-wrapper\">\n<div class=\"brz-rich-text brz-rich-text__custom brz-css-x5yy84\" data-brz-custom-id=\"b7UG7Uy79saq\">\n<div data-brz-translate-text=\"1\">\n<h1 class=\"brz-tp-lg-heading1 brz-text-lg-center brz-lh-lg-1_3 brz-ls-lg-0 brz-fw-lg-900 brz-fss-lg-px brz-fs-lg-66 brz-ft-google brz-ff-roboto brz-text-xs-center brz-css-hqJZm\" data-generated-css=\"brz-css-kOEBu,brz-css-q5CTF\" data-uniq-id=\"nBm7D,em40d\">Maroc-<\/h1>\n<h1 class=\"brz-tp-lg-heading1 brz-text-lg-center brz-lh-lg-1_3 brz-ls-lg-0 brz-fw-lg-900 brz-fss-lg-px brz-fs-lg-66 brz-ft-google brz-ff-roboto brz-text-xs-center brz-css-va7gY\" data-generated-css=\"brz-css-q5CTF\" data-uniq-id=\"em40d\">Atlas<\/h1>\n<\/div>\n<\/div>\n<\/div>\n<div id=\"\" class=\"brz-css-cr3mna brz-wrapper\">\n<div class=\"brz-rich-text brz-rich-text__custom brz-css-x5yy84\" data-brz-custom-id=\"qpvI3OORg8v4\">\n<div data-brz-translate-text=\"1\">\n<h4 class=\"brz-tp-lg-heading4 brz-lh-lg-1_6 brz-ls-lg-0 brz-fw-lg-400 brz-fss-lg-px brz-fs-lg-20 brz-ft-google brz-ff-roboto brz-text-lg-center brz-text-xs-center brz-css-jUftz\" data-generated-css=\"brz-css-jASlz\" data-uniq-id=\"cogpA\">D\u00e9couvre avec nous les montagnes de l&rsquo;Atlas.<\/h4>\n<\/div>\n<\/div>\n<\/div>\n<\/div>\n<p><a class=\"brz-a brz-container-link\" href=\"\" target=\"_self\" rel=\"noopener\" data-brz-link-type=\"page\"><\/a><\/div>\n<\/div>\n<\/div>\n<div id=\"\" class=\"brz-css-cr3mna brz-css-8pcplb brz-css-3nds01 brz-wrapper\">\n<div class=\"brz-spacer brz-css-16u9yt4 brz-css-10uwxg2\"><\/div>\n<\/div>\n<\/div>\n<\/div>\n<\/section>\n<section id=\"_mEbHpnpJt4y5\" class=\"brz-section brz-css-14ktkrn brz-css-pb9d5t\">\n<div class=\"brz-slick-slider brz-slick-slider__section\" data-slides-to-show=\"1\" data-slides-to-scroll=\"1\" data-arrows=\"true\" data-dots=\"true\" data-dots-class=\"brz-slick-slider__dots brz-slick-slider__dots--square\" data-fade=\"false\" data-vertical=\"false\" data-auto-play=\"false\" data-auto-play-speed=\"3000\" data-animation-speed=\"500\" data-swipe=\"true\" data-responsive=\"%5B%7B%22breakpoint%22%3A767%2C%22settings%22%3A%7B%22slidesToShow%22%3A1%2C%22slidesToScroll%22%3A1%7D%7D%5D\">\n<div>\n<div class=\"brz-section__content brz-section--boxed brz-css-2tunfu brz-css-e3kdy6\" data-brz-custom-id=\"jRr_ySTUp6ad\">\n<div class=\"brz-bg\">\n<div class=\"brz-bg-color\"><\/div>\n<\/div>\n<div class=\"brz-container brz-css-1v8wzz8\">\n<div class=\"brz-row__container brz-css-1bbw56y\" data-brz-custom-id=\"h3_enmFNKU3w\">\n<div class=\"brz-bg\"><\/div>\n<div class=\"brz-row brz-css-kb4tc8 brz-css-56nioy\">\n<div class=\"brz-columns brz-css-1ieefru brz-css-47dseq\" data-brz-custom-id=\"niCy3ooPCals\">\n<div class=\"brz-bg\">\n<div class=\"brz-bg-image\"><\/div>\n<\/div>\n<div class=\"brz-column__items brz-css-7tz72c brz-css-1d62yuj\">\n<div id=\"\" class=\"brz-css-cr3mna brz-css-8pcplb brz-wrapper\">\n<div class=\"brz-spacer brz-css-16u9yt4 brz-css-166gtt8\"><\/div>\n<\/div>\n<\/div>\n<p><a class=\"brz-a brz-container-link\" href=\"\" target=\"_self\" rel=\"noopener\" data-brz-link-type=\"page\"><\/a><\/div>\n<div class=\"brz-columns brz-css-1ieefru brz-css-1pzg3t3\" data-brz-custom-id=\"j8r0uURMVOyU\">\n<div class=\"brz-bg\">\n<div class=\"brz-bg-color\"><\/div>\n<\/div>\n<div class=\"brz-column__items brz-css-7tz72c brz-css-sfjiec\">\n<div id=\"\" class=\"brz-css-cr3mna brz-css-mwrncw brz-wrapper\">\n<div class=\"brz-rich-text brz-rich-text__custom brz-css-x5yy84\" data-brz-custom-id=\"ddd9s2ZOFGp_\">\n<div data-brz-translate-text=\"1\">\n<h2 class=\"brz-text-lg-left brz-tp-lg-heading2 brz-text-xs-center brz-css-o794U\" data-generated-css=\"brz-css-yM4tn\" data-uniq-id=\"lS9tz\">Haut au-dessus du Maroc<\/h2>\n<\/div>\n<\/div>\n<\/div>\n<div id=\"\" class=\"brz-css-cr3mna brz-wrapper\">\n<div class=\"brz-rich-text brz-rich-text__custom brz-css-x5yy84\" data-brz-custom-id=\"fsgQwGccSs5j\">\n<div data-brz-translate-text=\"1\">\n<p class=\"brz-mb-sm-0 brz-mb-xs-15 brz-tp-lg-paragraph brz-text-xs-center brz-mb-lg-20 brz-css-v1NFN\" data-generated-css=\"brz-css-mQWhK\" data-uniq-id=\"f7zwE\"><strong>Le Toubkal est le point culminant des montagnes de l&rsquo;Atlas. Il se situe \u00e0 plus de 4000 m\u00e8tres d&rsquo;altitude, au centre du pays. Le Maroc ne se pr\u00eate pas seulement aux voyages urbains et aux baignades dans l&rsquo;Atlantique sauvage, mais aussi \u00e0 la randonn\u00e9e. Gravissez les sommets les uns apr\u00e8s les autres et laissez-vous impressionner par la vue magnifique. L&rsquo;Atlas constitue une ligne de d\u00e9marcation marqu\u00e9e entre le climat relativement humide de l&rsquo;extr\u00eame nord du Maghreb et le Sahara extr\u00eamement sec. Il fait partie du syst\u00e8me montagneux des Alpes.<\/strong><\/p>\n<\/div>\n<\/div>\n<\/div>\n<div class=\"brz-wrapper-clone brz-css-6nl1ev\">\n<div class=\"brz-d-xs-flex brz-flex-xs-wrap brz-css-jej4uu\" data-brz-custom-id=\"\">\n<div class=\"brz-wrapper-clone__item\" id=\"iZYqt6qmDPHv\"><a class=\"brz-a brz-btn brz-css-upksgj brz-css-1q5s6md brz-css-c6i8u9 brz-css-yipgy9\" href=\"\" target=\"_self\" rel=\"noopener\" data-brz-link-type=\"external\" data-brz-custom-id=\"iZYqt6qmDPHv\"><span data-brz-translate-text=\"1\" class=\"brz-span brz-text__editor\">Contact<\/span><\/a><\/div>\n<\/div>\n<\/div>\n<\/div>\n<p><a class=\"brz-a brz-container-link\" href=\"\" target=\"_self\" rel=\"noopener\" data-brz-link-type=\"page\"><\/a><\/div>\n<\/div>\n<\/div>\n<\/div>\n<\/div>\n<\/div>\n<\/div>\n<\/section>\n<\/div>\n<p>    <!-- version:1737293149 --><\/p>\n","protected":false},"excerpt":{"rendered":"<p>Maroc- Atlas D\u00e9couvre avec nous les montagnes de l&rsquo;Atlas. Haut au-dessus du Maroc Le Toubkal est le point culminant des montagnes de l&rsquo;Atlas. Il se situe \u00e0 plus de 4000 m\u00e8tres d&rsquo;altitude, au centre du pays. Le Maroc ne se pr\u00eate pas seulement aux voyages urbains et aux baignades dans l&rsquo;Atlantique sauvage, mais aussi \u00e0 [&hellip;]<\/p>\n","protected":false},"author":2,"featured_media":0,"parent":0,"menu_order":0,"comment_status":"closed","ping_status":"closed","template":"","meta":{"_seopress_robots_primary_cat":"","_seopress_titles_title":"Randonn\u00e9es dans l&#039;Atlas au Maroc : Explorez les Paysages \u00c9poustouflants de la Cha\u00eene de Montagnes!","_seopress_titles_desc":"Partez \u00e0 la d\u00e9couverte des paysages grandioses de l&#039;Atlas au Maroc avec nos randonn\u00e9es. Parcourez des sentiers pittoresques, impr\u00e9gnez-vous de la nature majestueuse et explorez des villages berb\u00e8res authentiques. Nos exp\u00e9riences de randonn\u00e9e guid\u00e9e promettent un voyage inoubliable \u00e0 travers ce joyau montagneux du Maroc. R\u00e9servez maintenant pour une aventure enrichissante au c\u0153ur de l&#039;Atlas!","_seopress_robots_index":"","footnotes":""},"class_list":["post-2641","page","type-page","status-publish","hentry"],"blocksy_meta":[],"brizy_media":[{"id":1454,"url":"https:\/\/vacation-morocco.com\/wp-content\/uploads\/2023\/11\/Atlas-3-Kopie-scaled.jpg","name":"Atlas-3-Kopie.jpg","meta":{"brizy_attachment_uid":"wp-0e46f0860b05ed93bbf8f57004be803b.jpg","brizy_post_uid":["cd1fa63dfde43c86ea231ad1d0dc21db"]}}],"_links":{"self":[{"href":"https:\/\/vacation-morocco.com\/fr\/wp-json\/wp\/v2\/pages\/2641","targetHints":{"allow":["GET"]}}],"collection":[{"href":"https:\/\/vacation-morocco.com\/fr\/wp-json\/wp\/v2\/pages"}],"about":[{"href":"https:\/\/vacation-morocco.com\/fr\/wp-json\/wp\/v2\/types\/page"}],"author":[{"embeddable":true,"href":"https:\/\/vacation-morocco.com\/fr\/wp-json\/wp\/v2\/users\/2"}],"replies":[{"embeddable":true,"href":"https:\/\/vacation-morocco.com\/fr\/wp-json\/wp\/v2\/comments?post=2641"}],"version-history":[{"count":16,"href":"https:\/\/vacation-morocco.com\/fr\/wp-json\/wp\/v2\/pages\/2641\/revisions"}],"predecessor-version":[{"id":6813,"href":"https:\/\/vacation-morocco.com\/fr\/wp-json\/wp\/v2\/pages\/2641\/revisions\/6813"}],"wp:attachment":[{"href":"https:\/\/vacation-morocco.com\/fr\/wp-json\/wp\/v2\/media?parent=2641"}],"curies":[{"name":"wp","href":"https:\/\/api.w.org\/{rel}","templated":true}]}}