{"id":2637,"date":"2023-11-27T11:26:55","date_gmt":"2023-11-27T10:26:55","guid":{"rendered":"https:\/\/vacation-morocco.nextron.org\/marktbesuch\/"},"modified":"2026-03-20T05:04:27","modified_gmt":"2026-03-20T04:04:27","slug":"visite-du-marche","status":"publish","type":"page","link":"https:\/\/vacation-morocco.com\/fr\/visite-du-marche\/","title":{"rendered":"Visite du march\u00e9"},"content":{"rendered":"<div class=\"brz-root__container brz-reset-all brz brz-root__container-page\">\n<section id=\"_qQxfCvPdP2bH\" class=\"brz-section brz-css-153ztue\">\n<div class=\"brz-section__content brz-section--boxed brz-css-fn21ur brz-css-q4ypoo\" data-brz-custom-id=\"uj2SDNLuHXca\">\n<div class=\"brz-bg\">\n<div class=\"brz-bg-image\"><\/div>\n<\/div>\n<div class=\"brz-container brz-css-e4lgye\">\n<div class=\"brz-row__container brz-css-1u3nri\" data-brz-custom-id=\"zogzB7mWW9C4\">\n<div class=\"brz-bg\"><\/div>\n<div class=\"brz-row brz-css-1w5zyoc brz-css-3g3dwc\">\n<div class=\"brz-columns brz-css-1mu081a brz-css-1suz7vy\" data-brz-custom-id=\"e8jPlBMQt8Ba\">\n<div class=\"brz-bg\"><\/div>\n<div class=\"brz-column__items brz-css-t04in2\">\n<div id=\"\" class=\"brz-css-pyyulv brz-wrapper\">\n<div class=\"brz-rich-text brz-rich-text__custom brz-css-2ku7e0\" data-brz-custom-id=\"zQaDPDKJr88y\">\n<div data-brz-translate-text=\"1\">\n<h1 class=\"brz-tp-lg-heading1 brz-text-xs-center brz-ff-roboto brz-ft-google brz-fs-lg-66 brz-fss-lg-px brz-fw-lg-900 brz-ls-lg-0 brz-lh-lg-1_3 brz-text-lg-center brz-css-wY8YF\" data-uniq-id=\"t3IS_\" data-generated-css=\"brz-css-zuEBx\"><span style=\"opacity: 1\" class=\"brz-cp-color8\">Visite du march\u00e9<\/span><\/h1>\n<\/div>\n<\/div>\n<\/div>\n<div id=\"\" class=\"brz-css-pyyulv brz-wrapper\">\n<div class=\"brz-rich-text brz-rich-text__custom brz-css-2ku7e0\" data-brz-custom-id=\"hPgRDMFmQdt2\">\n<div data-brz-translate-text=\"1\">\n<h4 class=\"brz-tp-lg-heading4 brz-lh-lg-1_6 brz-ls-lg-0 brz-fw-lg-400 brz-fss-lg-px brz-fs-lg-20 brz-ft-google brz-ff-roboto brz-text-lg-center brz-text-xs-center brz-css-raUR2\" data-generated-css=\"brz-css-hSuJC\" data-uniq-id=\"m0cZH\"><span style=\"opacity: 1\" class=\"brz-cp-color8\">Visite les souks de Marrakech.<\/span><\/h4>\n<\/div>\n<\/div>\n<\/div>\n<\/div>\n<\/div>\n<\/div>\n<\/div>\n<div id=\"\" class=\"brz-css-pyyulv brz-css-qf4xw2 brz-css-1be3p8u brz-wrapper\">\n<div class=\"brz-spacer brz-css-1kymyk1 brz-css-w79xkn\"><\/div>\n<\/div>\n<div class=\"brz-row__container brz-css-1u3nri\" data-brz-custom-id=\"vtDbXMTyklxc\">\n<div class=\"brz-bg\"><\/div>\n<div class=\"brz-row brz-css-1w5zyoc brz-css-3g3dwc\">\n<div class=\"brz-columns brz-css-1mu081a brz-css-12mo862\" data-brz-custom-id=\"wIQilZi7h4IG\">\n<div class=\"brz-bg\"><\/div>\n<div class=\"brz-column__items brz-css-t04in2 brz-css-14n1q10\"><\/div>\n<\/div>\n<div class=\"brz-columns brz-css-1mu081a brz-css-18zq8iw\" data-brz-custom-id=\"jX3Wgb4QG672\">\n<div class=\"brz-bg\"><\/div>\n<div class=\"brz-column__items brz-css-t04in2 brz-css-4zm93o\"><\/div>\n<\/div>\n<div class=\"brz-columns brz-css-1mu081a brz-css-2hbvzk\" data-brz-custom-id=\"a89pTjaqidBH\">\n<div class=\"brz-bg\"><\/div>\n<div class=\"brz-column__items brz-css-t04in2 brz-css-1mikbvj\"><\/div>\n<\/div>\n<\/div>\n<\/div>\n<\/div>\n<\/div>\n<\/section>\n<section id=\"_iu6FklYL09QY\" class=\"brz-section brz-css-153ztue brz-css-pqe311\">\n<div class=\"brz-slick-slider brz-slick-slider__section\" data-slides-to-show=\"1\" data-slides-to-scroll=\"1\" data-arrows=\"true\" data-dots=\"true\" data-dots-class=\"brz-slick-slider__dots brz-slick-slider__dots--square\" data-fade=\"false\" data-vertical=\"false\" data-auto-play=\"false\" data-auto-play-speed=\"3000\" data-animation-speed=\"500\" data-swipe=\"true\" data-responsive=\"%5B%7B%22breakpoint%22%3A767%2C%22settings%22%3A%7B%22slidesToShow%22%3A1%2C%22slidesToScroll%22%3A1%7D%7D%5D\">\n<div>\n<div class=\"brz-section__content brz-section--boxed brz-css-fn21ur brz-css-1wgcyhc\" data-brz-custom-id=\"qZiiLfJUmX8d\">\n<div class=\"brz-bg\">\n<div class=\"brz-bg-color\"><\/div>\n<\/div>\n<div class=\"brz-container brz-css-e4lgye\">\n<div class=\"brz-row__container brz-css-1u3nri\" data-brz-custom-id=\"sWXfC97qoA5V\">\n<div class=\"brz-bg\"><\/div>\n<div class=\"brz-row brz-css-1w5zyoc brz-css-3g3dwc\">\n<div class=\"brz-columns brz-css-1mu081a brz-css-q38xwr\" data-brz-custom-id=\"mCuwv8XOrAkX\">\n<div class=\"brz-bg\">\n<div class=\"brz-bg-image\"><\/div>\n<\/div>\n<div class=\"brz-column__items brz-css-t04in2 brz-css-x02y1k\">\n<div id=\"\" class=\"brz-css-pyyulv brz-css-qf4xw2 brz-wrapper\">\n<div class=\"brz-spacer brz-css-1kymyk1 brz-css-dxk3tc\"><\/div>\n<\/div>\n<\/div>\n<p><a class=\"brz-a brz-container-link\" href=\"\" target=\"_self\" rel=\"noopener\" data-brz-link-type=\"page\"><\/a><\/div>\n<div class=\"brz-columns brz-css-1mu081a brz-css-lc125m\" data-brz-custom-id=\"i5gT9OGWoXF9\">\n<div class=\"brz-bg\">\n<div class=\"brz-bg-color\"><\/div>\n<\/div>\n<div class=\"brz-column__items brz-css-t04in2 brz-css-1dbbboi\">\n<div id=\"\" class=\"brz-css-pyyulv brz-css-ayka8j brz-wrapper\">\n<div class=\"brz-rich-text brz-rich-text__custom brz-css-2ku7e0\" data-brz-custom-id=\"awJlvvD04mhG\">\n<div data-brz-translate-text=\"1\">\n<h2 class=\"brz-text-xs-center brz-tp-lg-heading2 brz-text-lg-left brz-css-hvInO\" data-uniq-id=\"xrP4G\" data-generated-css=\"brz-css-fxVkx\">Visite du march\u00e9 de Marrakech<\/h2>\n<\/div>\n<\/div>\n<\/div>\n<div id=\"\" class=\"brz-css-pyyulv brz-wrapper\">\n<div class=\"brz-rich-text brz-rich-text__custom brz-css-2ku7e0\" data-brz-custom-id=\"woAFdm_HMHG1\">\n<div data-brz-translate-text=\"1\">\n<p class=\"brz-mb-sm-0 brz-mb-xs-15 brz-tp-lg-paragraph brz-text-xs-center brz-mb-lg-20 brz-css-i4ROd\" data-generated-css=\"brz-css-i0i8g\" data-uniq-id=\"uYi9P\"><strong>Nous te montrerons volontiers l&rsquo;impressionnante Djemaa el Fna. Partout, il y a quelque chose \u00e0 voir. Des odeurs d\u00e9licates nous parviennent des cuisines de rue. Le spectacle des diff\u00e9rents marchands te laisse bouche b\u00e9e. Si tu veux aller plus loin dans les souks, nous te conseillons vivement de te promener avec nous dans les ruelles sinueuses. Il est difficile de s&rsquo;en sortir seul.<\/strong><\/p>\n<\/div>\n<\/div>\n<\/div>\n<div class=\"brz-wrapper-clone brz-css-d7p7\">\n<div class=\"brz-d-xs-flex brz-flex-xs-wrap brz-css-9qpgfj\" data-brz-custom-id=\"\">\n<div class=\"brz-wrapper-clone__item\" id=\"mYiSxwA5PRLV\"><a class=\"brz-a brz-btn brz-css-1oilgri brz-css-1k6pj9y brz-css-2vukpe brz-css-81vqlj\" href=\"\" target=\"_self\" rel=\"noopener\" data-brz-link-type=\"page\" data-brz-custom-id=\"mYiSxwA5PRLV\"><span data-brz-translate-text=\"1\" class=\"brz-span brz-text__editor\">Contact<\/span><\/a><\/div>\n<\/div>\n<\/div>\n<\/div>\n<p><a class=\"brz-a brz-container-link\" href=\"\" target=\"_self\" rel=\"noopener\" data-brz-link-type=\"page\"><\/a><\/div>\n<\/div>\n<\/div>\n<\/div>\n<\/div>\n<\/div>\n<\/div>\n<\/section>\n<\/div>\n<p>    <!-- version:1737227535 --><\/p>\n","protected":false},"excerpt":{"rendered":"<p>Visite du march\u00e9 Visite les souks de Marrakech. Visite du march\u00e9 de Marrakech Nous te montrerons volontiers l&rsquo;impressionnante Djemaa el Fna. Partout, il y a quelque chose \u00e0 voir. Des odeurs d\u00e9licates nous parviennent des cuisines de rue. Le spectacle des diff\u00e9rents marchands te laisse bouche b\u00e9e. Si tu veux aller plus loin dans les [&hellip;]<\/p>\n","protected":false},"author":2,"featured_media":0,"parent":0,"menu_order":0,"comment_status":"closed","ping_status":"closed","template":"","meta":{"_seopress_robots_primary_cat":"","_seopress_titles_title":"Exploration des March\u00e9s Marocains : Plongez dans l&#039;Effervescence Color\u00e9e des Souks!","_seopress_titles_desc":"D\u00e9couvrez l&#039;authenticit\u00e9 des march\u00e9s marocains avec nos visites guid\u00e9es. Plongez-vous dans l&#039;effervescence color\u00e9e des souks, explorez des \u00e9tals d\u00e9bordants de tr\u00e9sors artisanaux, d&#039;\u00e9pices enivrantes et de souvenirs uniques. Nos exp\u00e9riences de march\u00e9 au Maroc vous offrent une immersion captivante dans la vie locale, entre rencontres authentiques et d\u00e9couvertes sensorielles. R\u00e9servez d\u00e8s maintenant pour une aventure immersive au c\u0153ur des march\u00e9s anim\u00e9s du Maroc.","_seopress_robots_index":"","footnotes":""},"class_list":["post-2637","page","type-page","status-publish","hentry"],"blocksy_meta":[],"brizy_media":[{"id":1612,"url":"https:\/\/vacation-morocco.com\/wp-content\/uploads\/2023\/11\/Marktstand-1-scaled.jpg","name":"Marktstand-1.jpg","meta":{"brizy_attachment_uid":"wp-203b17946890ad699a0a0fda33a1d702.jpg","brizy_post_uid":["5b3d3c1400b43912d699e459aa5058fd"]}}],"_links":{"self":[{"href":"https:\/\/vacation-morocco.com\/fr\/wp-json\/wp\/v2\/pages\/2637","targetHints":{"allow":["GET"]}}],"collection":[{"href":"https:\/\/vacation-morocco.com\/fr\/wp-json\/wp\/v2\/pages"}],"about":[{"href":"https:\/\/vacation-morocco.com\/fr\/wp-json\/wp\/v2\/types\/page"}],"author":[{"embeddable":true,"href":"https:\/\/vacation-morocco.com\/fr\/wp-json\/wp\/v2\/users\/2"}],"replies":[{"embeddable":true,"href":"https:\/\/vacation-morocco.com\/fr\/wp-json\/wp\/v2\/comments?post=2637"}],"version-history":[{"count":14,"href":"https:\/\/vacation-morocco.com\/fr\/wp-json\/wp\/v2\/pages\/2637\/revisions"}],"predecessor-version":[{"id":6822,"href":"https:\/\/vacation-morocco.com\/fr\/wp-json\/wp\/v2\/pages\/2637\/revisions\/6822"}],"wp:attachment":[{"href":"https:\/\/vacation-morocco.com\/fr\/wp-json\/wp\/v2\/media?parent=2637"}],"curies":[{"name":"wp","href":"https:\/\/api.w.org\/{rel}","templated":true}]}}