{"id":2633,"date":"2023-11-27T11:27:09","date_gmt":"2023-11-27T10:27:09","guid":{"rendered":"https:\/\/vacation-morocco.nextron.org\/riad-hotel\/"},"modified":"2026-03-22T09:45:58","modified_gmt":"2026-03-22T08:45:58","slug":"riad-hotel","status":"publish","type":"page","link":"https:\/\/vacation-morocco.com\/fr\/riad-hotel\/","title":{"rendered":"Riad\/H\u00f4tel"},"content":{"rendered":"<div class=\"brz-root__container brz-reset-all brz brz-root__container-page\">\n<section id=\"_lW4JabjfZuGn\" class=\"brz-section brz-css-17441et\">\n<div class=\"brz-section__content brz-section--boxed brz-css-4o1ds4 brz-css-1oy3qis\" data-brz-custom-id=\"gXPVLy5Hy4SY\">\n<div class=\"brz-bg\">\n<div class=\"brz-bg-image\"><\/div>\n<\/div>\n<div class=\"brz-container brz-css-9gj31\">\n<div class=\"brz-row__container brz-css-1ugdh47\" data-brz-custom-id=\"l0MjwctRiraA\">\n<div class=\"brz-bg\"><\/div>\n<div class=\"brz-row brz-css-1wf369h brz-css-y2xxh\">\n<div class=\"brz-columns brz-css-1z0osod brz-css-1sln92g\" data-brz-custom-id=\"zQxmGAqyUUA_\">\n<div class=\"brz-bg\"><\/div>\n<div class=\"brz-column__items brz-css-2i4u8q\">\n<div id=\"\" class=\"brz-css-1praupm brz-wrapper\">\n<div class=\"brz-rich-text brz-rich-text__custom brz-css-g0gp2i\" data-brz-custom-id=\"tU1mrrwsdGW7\">\n<div data-brz-translate-text=\"1\">\n<h1 class=\"brz-tp-lg-heading1 brz-text-xs-center brz-ff-roboto brz-ft-google brz-fs-lg-66 brz-fss-lg-px brz-fw-lg-900 brz-ls-lg-0 brz-lh-lg-1_3 brz-text-lg-center brz-css-k45wX\" data-uniq-id=\"vAuOS\" data-generated-css=\"brz-css-g_xG7\"><span style=\"opacity: 1\" class=\"brz-cp-color8\">Riad et h\u00f4tel<\/span><\/h1>\n<\/div>\n<\/div>\n<\/div>\n<div id=\"\" class=\"brz-css-1praupm brz-wrapper\">\n<div class=\"brz-rich-text brz-rich-text__custom brz-css-g0gp2i\" data-brz-custom-id=\"d7RcIfyjXjzv\">\n<div data-brz-translate-text=\"1\">\n<h4 class=\"brz-tp-lg-heading4 brz-text-xs-center brz-text-lg-center brz-ff-roboto brz-ft-google brz-fs-lg-20 brz-fss-lg-px brz-fw-lg-400 brz-ls-lg-0 brz-lh-lg-1_6 brz-css-eDjmE\" data-uniq-id=\"mdd14\" data-generated-css=\"brz-css-mLdQM\"><span style=\"opacity: 1\" class=\"brz-cp-color8\">Nous proposons des h\u00e9bergements s\u00e9lectionn\u00e9s \u00e0 la main.<\/span><\/h4>\n<\/div>\n<\/div>\n<\/div>\n<\/div>\n<\/div>\n<\/div>\n<\/div>\n<div id=\"\" class=\"brz-css-1praupm brz-css-w9nu4c brz-css-bwo1hd brz-wrapper\">\n<div class=\"brz-spacer brz-css-edmljp brz-css-1kpdmpd\"><\/div>\n<\/div>\n<div class=\"brz-row__container brz-css-1ugdh47\" data-brz-custom-id=\"axHYDAgmiv8_\">\n<div class=\"brz-bg\"><\/div>\n<div class=\"brz-row brz-css-1wf369h brz-css-y2xxh\">\n<div class=\"brz-columns brz-css-1z0osod brz-css-1u5d9vx\" data-brz-custom-id=\"lFB4Tlfla4_V\">\n<div class=\"brz-bg\"><\/div>\n<div class=\"brz-column__items brz-css-2i4u8q brz-css-1rsffe5\"><\/div>\n<\/div>\n<div class=\"brz-columns brz-css-1z0osod brz-css-ezhzo\" data-brz-custom-id=\"az3J4ZWEDymf\">\n<div class=\"brz-bg\"><\/div>\n<div class=\"brz-column__items brz-css-2i4u8q brz-css-1yas0kf\"><\/div>\n<\/div>\n<div class=\"brz-columns brz-css-1z0osod brz-css-1lfu76u\" data-brz-custom-id=\"c8i8nD624pKD\">\n<div class=\"brz-bg\"><\/div>\n<div class=\"brz-column__items brz-css-2i4u8q brz-css-91hi6m\"><\/div>\n<\/div>\n<\/div>\n<\/div>\n<\/div>\n<\/div>\n<\/section>\n<section id=\"_bA78lBjHCwC6\" class=\"brz-section brz-css-17441et brz-css-t290pi\">\n<div class=\"brz-slick-slider brz-slick-slider__section\" data-slides-to-show=\"1\" data-slides-to-scroll=\"1\" data-arrows=\"true\" data-dots=\"true\" data-dots-class=\"brz-slick-slider__dots brz-slick-slider__dots--square\" data-fade=\"false\" data-vertical=\"false\" data-auto-play=\"false\" data-auto-play-speed=\"3000\" data-animation-speed=\"500\" data-swipe=\"true\" data-responsive=\"%5B%7B%22breakpoint%22%3A767%2C%22settings%22%3A%7B%22slidesToShow%22%3A1%2C%22slidesToScroll%22%3A1%7D%7D%5D\">\n<div>\n<div class=\"brz-section__content brz-section--boxed brz-css-4o1ds4 brz-css-1px898r\" data-brz-custom-id=\"oNS_czJNtuWy\">\n<div class=\"brz-bg\">\n<div class=\"brz-bg-color\"><\/div>\n<\/div>\n<div class=\"brz-container brz-css-9gj31\">\n<div class=\"brz-row__container brz-css-1ugdh47\" data-brz-custom-id=\"h5igMmN81ojd\">\n<div class=\"brz-bg\"><\/div>\n<div class=\"brz-row brz-css-1wf369h brz-css-y2xxh\">\n<div class=\"brz-columns brz-css-1z0osod brz-css-13y1kq8\" data-brz-custom-id=\"cFXcK_bAWCvg\">\n<div class=\"brz-bg\">\n<div class=\"brz-bg-image\"><\/div>\n<\/div>\n<div class=\"brz-column__items brz-css-2i4u8q brz-css-1wbszn5\">\n<div id=\"\" class=\"brz-css-1praupm brz-css-w9nu4c brz-wrapper\">\n<div class=\"brz-spacer brz-css-edmljp brz-css-9s4y2l\"><\/div>\n<\/div>\n<\/div>\n<p><a class=\"brz-a brz-container-link\" href=\"\" target=\"_self\" rel=\"noopener\" data-brz-link-type=\"page\"><\/a><\/div>\n<div class=\"brz-columns brz-css-1z0osod brz-css-78wcqm\" data-brz-custom-id=\"veNYoHOFZ2IF\">\n<div class=\"brz-bg\">\n<div class=\"brz-bg-color\"><\/div>\n<\/div>\n<div class=\"brz-column__items brz-css-2i4u8q brz-css-1evr0k0\">\n<div id=\"\" class=\"brz-css-1praupm brz-css-sjgmc6 brz-wrapper\">\n<div class=\"brz-rich-text brz-rich-text__custom brz-css-g0gp2i\" data-brz-custom-id=\"hG4zqJT6fcWU\">\n<div data-brz-translate-text=\"1\">\n<h2 class=\"brz-text-xs-center brz-tp-lg-heading2 brz-text-lg-left brz-css-yblNM\" data-uniq-id=\"dHyrD\" data-generated-css=\"brz-css-gs6zC\">Passer la nuit&#8230;<\/h2>\n<\/div>\n<\/div>\n<\/div>\n<div id=\"\" class=\"brz-css-1praupm brz-wrapper\">\n<div class=\"brz-rich-text brz-rich-text__custom brz-css-g0gp2i\" data-brz-custom-id=\"tL8JrHnNvckh\">\n<div data-brz-translate-text=\"1\">\n<p class=\"brz-mb-lg-20 brz-text-xs-center brz-tp-lg-paragraph brz-mb-xs-15 brz-mb-sm-0 brz-css-uveBx\" data-uniq-id=\"hw4jy\" data-generated-css=\"brz-css-tOOff\"><strong>Les riads sont des maisons de ville typiquement am\u00e9nag\u00e9es dans le style oriental. Que tu optes pour un riad avec un patio verdoyant et son atmosph\u00e8re paisible ou pour un h\u00f4tel 5*, tu profiteras dans tous les h\u00e9bergements de l&rsquo;hospitalit\u00e9 marocaine. Savoure le d\u00e9licieux amlou (Nutella des Berb\u00e8res) au petit-d\u00e9jeuner ou le d\u00e9licieux tajine au d\u00eener.<\/strong><\/p>\n<\/div>\n<\/div>\n<\/div>\n<div class=\"brz-wrapper-clone brz-css-1r5s3s1\">\n<div class=\"brz-d-xs-flex brz-flex-xs-wrap brz-css-q7h8vf\" data-brz-custom-id=\"\">\n<div class=\"brz-wrapper-clone__item\" id=\"kC4h95Ztvgyn\"><a class=\"brz-a brz-btn brz-css-1phdgbz brz-css-42nv7g brz-css-mevozg brz-css-1sk74bq\" href=\"\" target=\"_self\" rel=\"noopener\" data-brz-link-type=\"external\" data-brz-custom-id=\"kC4h95Ztvgyn\"><span data-brz-translate-text=\"1\" class=\"brz-span brz-text__editor\">Contact<\/span><\/a><\/div>\n<\/div>\n<\/div>\n<\/div>\n<p><a class=\"brz-a brz-container-link\" href=\"\" target=\"_self\" rel=\"noopener\" data-brz-link-type=\"page\"><\/a><\/div>\n<\/div>\n<\/div>\n<\/div>\n<\/div>\n<\/div>\n<\/div>\n<\/section>\n<\/div>\n<p>    <!-- version:1737384778 --><\/p>\n","protected":false},"excerpt":{"rendered":"<p>Riad et h\u00f4tel Nous proposons des h\u00e9bergements s\u00e9lectionn\u00e9s \u00e0 la main. Passer la nuit&#8230; Les riads sont des maisons de ville typiquement am\u00e9nag\u00e9es dans le style oriental. Que tu optes pour un riad avec un patio verdoyant et son atmosph\u00e8re paisible ou pour un h\u00f4tel 5*, tu profiteras dans tous les h\u00e9bergements de l&rsquo;hospitalit\u00e9 marocaine. [&hellip;]<\/p>\n","protected":false},"author":2,"featured_media":0,"parent":0,"menu_order":0,"comment_status":"closed","ping_status":"closed","template":"","meta":{"_seopress_robots_primary_cat":"","_seopress_titles_title":"\u00c9l\u00e9gance et Authenticit\u00e9 : D\u00e9couvrez nos Riads et H\u00f4tels d&#039;Exception pour un S\u00e9jour Inoubliable au Maroc!","_seopress_titles_desc":"D\u00e9couvrez le charme et le confort de nos riads et h\u00f4tels au Maroc. Plongez-vous dans l&#039;authenticit\u00e9 de nos h\u00e9bergements, alliant \u00e9l\u00e9gance et atmosph\u00e8re locale. Profitez d&#039;une exp\u00e9rience inoubliable, o\u00f9 chaque s\u00e9jour est une immersion dans la culture et l&#039;hospitalit\u00e9 marocaines. R\u00e9servez d\u00e8s maintenant pour une escapade qui marie modernit\u00e9 et tradition, offrant une parenth\u00e8se de luxe dans le cadre envo\u00fbtant du Maroc.","_seopress_robots_index":"","footnotes":""},"class_list":["post-2633","page","type-page","status-publish","hentry"],"blocksy_meta":[],"brizy_media":[{"id":1627,"url":"https:\/\/vacation-morocco.com\/wp-content\/uploads\/2023\/11\/Riad-Innenhof-scaled.jpg","name":"Riad-Innenhof.jpg","meta":{"brizy_attachment_uid":"wp-7410605cdec82d6f0ceaedb4b9971b63.jpg","brizy_post_uid":["9f40d51f77e0ecf47c3d9cb4f9cbb131"]}}],"_links":{"self":[{"href":"https:\/\/vacation-morocco.com\/fr\/wp-json\/wp\/v2\/pages\/2633","targetHints":{"allow":["GET"]}}],"collection":[{"href":"https:\/\/vacation-morocco.com\/fr\/wp-json\/wp\/v2\/pages"}],"about":[{"href":"https:\/\/vacation-morocco.com\/fr\/wp-json\/wp\/v2\/types\/page"}],"author":[{"embeddable":true,"href":"https:\/\/vacation-morocco.com\/fr\/wp-json\/wp\/v2\/users\/2"}],"replies":[{"embeddable":true,"href":"https:\/\/vacation-morocco.com\/fr\/wp-json\/wp\/v2\/comments?post=2633"}],"version-history":[{"count":16,"href":"https:\/\/vacation-morocco.com\/fr\/wp-json\/wp\/v2\/pages\/2633\/revisions"}],"predecessor-version":[{"id":6814,"href":"https:\/\/vacation-morocco.com\/fr\/wp-json\/wp\/v2\/pages\/2633\/revisions\/6814"}],"wp:attachment":[{"href":"https:\/\/vacation-morocco.com\/fr\/wp-json\/wp\/v2\/media?parent=2633"}],"curies":[{"name":"wp","href":"https:\/\/api.w.org\/{rel}","templated":true}]}}