{"id":2629,"date":"2023-11-27T11:27:27","date_gmt":"2023-11-27T10:27:27","guid":{"rendered":"https:\/\/vacation-morocco.nextron.org\/transfer\/"},"modified":"2026-03-24T17:20:44","modified_gmt":"2026-03-24T16:20:44","slug":"transfert","status":"publish","type":"page","link":"https:\/\/vacation-morocco.com\/fr\/transfert\/","title":{"rendered":"transfert"},"content":{"rendered":"<div class=\"brz-root__container brz-reset-all brz brz-root__container-page\">\n<section id=\"_pLGbRPp88wDL\" class=\"brz-section brz-css-fffgmb\">\n<div class=\"brz-section__content brz-section--boxed brz-css-z877xl brz-css-157jdol\" data-brz-custom-id=\"bnXWiIsW5wBf\">\n<div class=\"brz-bg\">\n<div class=\"brz-bg-image\"><\/div>\n<\/div>\n<div class=\"brz-container brz-css-1a5exzy\">\n<div class=\"brz-row__container brz-css-1uzpu3x\" data-brz-custom-id=\"iXpEiPnCQw74\">\n<div class=\"brz-bg\"><\/div>\n<div class=\"brz-row brz-css-189g27j brz-css-1v44s4z\">\n<div class=\"brz-columns brz-css-113jj6f brz-css-1mf10tw\" data-brz-custom-id=\"tM7zBOwwsinf\">\n<div class=\"brz-bg\"><\/div>\n<div class=\"brz-column__items brz-css-1ypefdm\">\n<div id=\"\" class=\"brz-css-ndzp87 brz-wrapper\">\n<div class=\"brz-rich-text brz-rich-text__custom brz-css-12nk0eb\" data-brz-custom-id=\"jTlvmwiqg4pT\">\n<div data-brz-translate-text=\"1\">\n<h1 class=\"brz-tp-lg-heading1 brz-text-xs-center brz-ff-roboto brz-ft-google brz-fs-lg-66 brz-fss-lg-px brz-fw-lg-900 brz-ls-lg-0 brz-lh-lg-1_3 brz-text-lg-center brz-css-aneNW\" data-uniq-id=\"ccTn9\" data-generated-css=\"brz-css-aFi8n\"><span style=\"opacity: 1\" class=\"brz-cp-color8\"> Maroc-<\/span><\/h1>\n<h1 class=\"brz-tp-lg-heading1 brz-text-xs-center brz-ff-roboto brz-ft-google brz-fs-lg-66 brz-fss-lg-px brz-fw-lg-900 brz-ls-lg-0 brz-lh-lg-1_3 brz-text-lg-center brz-css-lGsfy\" data-uniq-id=\"tEiWz\" data-generated-css=\"brz-css-jOTAF\"><span style=\"opacity: 1\" class=\"brz-cp-color8\">Transfert<\/span><\/h1>\n<\/div>\n<\/div>\n<\/div>\n<div id=\"\" class=\"brz-css-ndzp87 brz-wrapper\">\n<div class=\"brz-rich-text brz-rich-text__custom brz-css-12nk0eb\" data-brz-custom-id=\"jPqbUtuuuWuM\">\n<div data-brz-translate-text=\"1\">\n<h4 class=\"brz-lh-lg-1_6 brz-ls-lg-0 brz-fw-lg-400 brz-fss-lg-px brz-fs-lg-20 brz-ft-google brz-ff-roboto brz-text-lg-center brz-text-xs-center brz-tp-lg-heading4 brz-css-e1fdT\" data-generated-css=\"brz-css-aZzhO\" data-uniq-id=\"j7w6O\"><span style=\"opacity: 1\" class=\"brz-cp-color8\">Nous t&rsquo;invitons \u00e0 d\u00e9couvrir avec nous ce pays tr\u00e8s vari\u00e9. Des villes au d\u00e9sert, en passant par la plage et la mer, le Maroc a tout \u00e0 offrir. <\/span><\/h4>\n<\/div>\n<\/div>\n<\/div>\n<\/div>\n<\/div>\n<\/div>\n<\/div>\n<div id=\"\" class=\"brz-css-ndzp87 brz-css-1u04gu6 brz-css-j0hkhf brz-wrapper\">\n<div class=\"brz-spacer brz-css-1dcrpr9 brz-css-18xhajo\"><\/div>\n<\/div>\n<div class=\"brz-row__container brz-css-1uzpu3x\" data-brz-custom-id=\"fNedv6XTscfL\">\n<div class=\"brz-bg\"><\/div>\n<div class=\"brz-row brz-css-189g27j brz-css-1v44s4z\">\n<div class=\"brz-columns brz-css-113jj6f brz-css-1wd6mjd\" data-brz-custom-id=\"do6qLExTHrmI\">\n<div class=\"brz-bg\"><\/div>\n<div class=\"brz-column__items brz-css-1ypefdm brz-css-6dxmvi\">\n<div id=\"\" class=\"brz-css-ndzp87 brz-css-pp47xk brz-wrapper\">\n<div class=\"brz-rich-text brz-rich-text__custom brz-css-12nk0eb\" data-brz-custom-id=\"yvWfQg4Oak5L\">\n<div data-brz-translate-text=\"1\">\n<p class=\"brz-tp-heading2 brz-css-yVOUn\"><span class=\"brz-cp-color8\">01<\/span><\/p>\n<\/div>\n<\/div>\n<\/div>\n<div id=\"\" class=\"brz-css-ndzp87 brz-css-2j801u brz-wrapper\">\n<div class=\"brz-rich-text brz-rich-text__custom brz-css-12nk0eb\" data-brz-custom-id=\"ihEcLgXjUlDU\">\n<div data-brz-translate-text=\"1\">\n<p class=\"brz-fs-sm-18 brz-tp-lg-heading4 brz-css-bYibI\" data-uniq-id=\"flumH\" data-generated-css=\"brz-css-o0NRP\"><span style=\"opacity: 1\" class=\"brz-cp-color8\">Individuel<\/span><\/p>\n<\/div>\n<\/div>\n<\/div>\n<div id=\"\" class=\"brz-css-ndzp87 brz-wrapper\">\n<div class=\"brz-rich-text brz-rich-text__custom brz-css-12nk0eb\" data-brz-custom-id=\"bORk7HRMhiZF\">\n<div data-brz-translate-text=\"1\">\n<p class=\"brz-tp-lg-paragraph brz-css-oNT5Y\" data-uniq-id=\"kIhC9\" data-generated-css=\"brz-css-eSGgy\"><span style=\"opacity: 1\" class=\"brz-cp-color8\">Nous organisons ton voyage selon tes souhaits.<\/span><\/p>\n<\/div>\n<\/div>\n<\/div>\n<\/div>\n<p><a class=\"brz-a brz-container-link\" href=\"\" target=\"_self\" rel=\"noopener\" data-brz-link-type=\"page\"><\/a><\/div>\n<div class=\"brz-columns brz-css-113jj6f brz-css-1e1tn1c\" data-brz-custom-id=\"qdwsj2uPSY7c\">\n<div class=\"brz-bg\"><\/div>\n<div class=\"brz-column__items brz-css-1ypefdm brz-css-recfg7\">\n<div id=\"\" class=\"brz-css-ndzp87 brz-css-1i6ew61 brz-wrapper\">\n<div class=\"brz-rich-text brz-rich-text__custom brz-css-12nk0eb\" data-brz-custom-id=\"fx3wSoiHiJpt\">\n<div data-brz-translate-text=\"1\">\n<p class=\"brz-tp-heading2 brz-css-ncppG\"><span class=\"brz-cp-color8\">02<\/span><\/p>\n<\/div>\n<\/div>\n<\/div>\n<div id=\"\" class=\"brz-css-ndzp87 brz-css-zcfq8i brz-wrapper\">\n<div class=\"brz-rich-text brz-rich-text__custom brz-css-12nk0eb\" data-brz-custom-id=\"lUskxo_XtX5x\">\n<div data-brz-translate-text=\"1\">\n<p class=\"brz-fs-sm-18 brz-tp-lg-heading4 brz-css-djcBa\" data-uniq-id=\"mgIju\" data-generated-css=\"brz-css-urU6a\"><span style=\"opacity: 1\" class=\"brz-cp-color8\">Authentique<\/span><\/p>\n<\/div>\n<\/div>\n<\/div>\n<div id=\"\" class=\"brz-css-ndzp87 brz-wrapper\">\n<div class=\"brz-rich-text brz-rich-text__custom brz-css-12nk0eb\" data-brz-custom-id=\"mjdF_w6eEe_g\">\n<div data-brz-translate-text=\"1\">\n<p class=\"brz-tp-lg-paragraph brz-css-gPNSF\" data-generated-css=\"brz-css-uf7BB\" data-uniq-id=\"ctayC\"><span style=\"opacity: 1\" class=\"brz-cp-color8\">D\u00e9couvre le pays et ses habitants de mani\u00e8re authentique.<\/span><\/p>\n<\/div>\n<\/div>\n<\/div>\n<\/div>\n<p><a class=\"brz-a brz-container-link\" href=\"\" target=\"_self\" rel=\"noopener\" data-brz-link-type=\"page\"><\/a><\/div>\n<div class=\"brz-columns brz-css-113jj6f brz-css-10d26yk\" data-brz-custom-id=\"s8cSB73jaGyO\">\n<div class=\"brz-bg\"><\/div>\n<div class=\"brz-column__items brz-css-1ypefdm brz-css-1h3wn4r\">\n<div id=\"\" class=\"brz-css-ndzp87 brz-css-1y81fqp brz-wrapper\">\n<div class=\"brz-rich-text brz-rich-text__custom brz-css-12nk0eb\" data-brz-custom-id=\"hxgKJmIUSLge\">\n<div data-brz-translate-text=\"1\">\n<p class=\"brz-tp-heading2 brz-css-a6SN0\"><span class=\"brz-cp-color8\">03<\/span><\/p>\n<\/div>\n<\/div>\n<\/div>\n<div id=\"\" class=\"brz-css-ndzp87 brz-css-1w16iwv brz-wrapper\">\n<div class=\"brz-rich-text brz-rich-text__custom brz-css-12nk0eb\" data-brz-custom-id=\"v5XppMz6VQ3C\">\n<div data-brz-translate-text=\"1\">\n<p class=\"brz-fs-sm-18 brz-tp-lg-heading4 brz-css-h_UUz\" data-uniq-id=\"nl7s0\" data-generated-css=\"brz-css-aD0YF\"><span style=\"opacity: 1\" class=\"brz-cp-color8\">Personnel<\/span><\/p>\n<\/div>\n<\/div>\n<\/div>\n<div id=\"\" class=\"brz-css-ndzp87 brz-wrapper\">\n<div class=\"brz-rich-text brz-rich-text__custom brz-css-12nk0eb\" data-brz-custom-id=\"kIX3KjY221qp\">\n<div data-brz-translate-text=\"1\">\n<p class=\"brz-tp-lg-paragraph brz-css-yCGhC\" data-uniq-id=\"uJnO6\" data-generated-css=\"brz-css-gFoxJ\"><span style=\"opacity: 1\" class=\"brz-cp-color8\">Nous sommes une petite entreprise familiale et nous te conseillons volontiers personnellement.<\/span><\/p>\n<\/div>\n<\/div>\n<\/div>\n<\/div>\n<p><a class=\"brz-a brz-container-link\" href=\"\" target=\"_self\" rel=\"noopener\" data-brz-link-type=\"page\"><\/a><\/div>\n<\/div>\n<\/div>\n<\/div>\n<\/div>\n<\/section>\n<section id=\"_eyPltYLrJNfQ\" class=\"brz-section brz-css-fffgmb brz-css-1jr6m7w\">\n<div class=\"brz-slick-slider brz-slick-slider__section\" data-slides-to-show=\"1\" data-slides-to-scroll=\"1\" data-arrows=\"true\" data-dots=\"true\" data-dots-class=\"brz-slick-slider__dots brz-slick-slider__dots--square\" data-fade=\"false\" data-vertical=\"false\" data-auto-play=\"false\" data-auto-play-speed=\"3000\" data-animation-speed=\"500\" data-swipe=\"true\" data-responsive=\"%5B%7B%22breakpoint%22%3A767%2C%22settings%22%3A%7B%22slidesToShow%22%3A1%2C%22slidesToScroll%22%3A1%7D%7D%5D\">\n<div>\n<div class=\"brz-section__content brz-section--boxed brz-css-z877xl brz-css-1ju136r\" data-brz-custom-id=\"n2p_Cn4Clurd\">\n<div class=\"brz-bg\">\n<div class=\"brz-bg-color\"><\/div>\n<\/div>\n<div class=\"brz-container brz-css-1a5exzy\">\n<div class=\"brz-row__container brz-css-1uzpu3x\" data-brz-custom-id=\"jBZkRrq87jJp\">\n<div class=\"brz-bg\"><\/div>\n<div class=\"brz-row brz-css-189g27j brz-css-1v44s4z\">\n<div class=\"brz-columns brz-css-113jj6f brz-css-iza5jz\" data-brz-custom-id=\"y_OYl8hrcQG0\">\n<div class=\"brz-bg\">\n<div class=\"brz-bg-image\"><\/div>\n<\/div>\n<div class=\"brz-column__items brz-css-1ypefdm brz-css-1kli9hv\">\n<div id=\"\" class=\"brz-css-ndzp87 brz-css-1u04gu6 brz-wrapper\">\n<div class=\"brz-spacer brz-css-1dcrpr9 brz-css-13w51sl\"><\/div>\n<\/div>\n<\/div>\n<p><a class=\"brz-a brz-container-link\" href=\"\" target=\"_self\" rel=\"noopener\" data-brz-link-type=\"page\"><\/a><\/div>\n<div class=\"brz-columns brz-css-113jj6f brz-css-nw5tm0\" data-brz-custom-id=\"vI6v8VjMuVIw\">\n<div class=\"brz-bg\">\n<div class=\"brz-bg-color\"><\/div>\n<\/div>\n<div class=\"brz-column__items brz-css-1ypefdm brz-css-cjkzcs\">\n<div id=\"\" class=\"brz-css-ndzp87 brz-css-1xsxrdk brz-wrapper\">\n<div class=\"brz-rich-text brz-rich-text__custom brz-css-12nk0eb\" data-brz-custom-id=\"nAgZSkGbPcbC\">\n<div data-brz-translate-text=\"1\">\n<h2 class=\"brz-text-lg-left brz-tp-lg-heading2 brz-text-xs-center brz-css-aB5gD\" data-generated-css=\"brz-css-heSC2\" data-uniq-id=\"wPO2m\">Transferts (presque) partout&#8230;<\/h2>\n<\/div>\n<\/div>\n<\/div>\n<div id=\"\" class=\"brz-css-ndzp87 brz-wrapper\">\n<div class=\"brz-rich-text brz-rich-text__custom brz-css-12nk0eb\" data-brz-custom-id=\"lv71fG9jxPIH\">\n<div data-brz-translate-text=\"1\">\n<p class=\"brz-mb-sm-0 brz-mb-xs-15 brz-tp-lg-paragraph brz-text-xs-center brz-mb-lg-20 brz-css-gKMSq\" data-generated-css=\"brz-css-wHzZP\" data-uniq-id=\"iQLkt\"><strong>Tu as besoin d&rsquo;un transfert ? Tu arrives \u00e0 Tanger ou dans une autre ville et tu souhaites commencer ton voyage au Maroc \u00e0 partir de l\u00e0 ? Nous nous chargeons volontiers du transfert vers l&rsquo;a\u00e9roport, vers une autre ville ou venons te chercher au lieu de rendez-vous souhait\u00e9. Si tu voyages par notre interm\u00e9diaire, le transfert est toujours inclus dans le prix du voyage.<\/strong><\/p>\n<\/div>\n<\/div>\n<\/div>\n<div class=\"brz-wrapper-clone brz-css-11tipvd\">\n<div class=\"brz-d-xs-flex brz-flex-xs-wrap brz-css-jkwzqu\" data-brz-custom-id=\"\">\n<div class=\"brz-wrapper-clone__item\" id=\"yFJGii1fXGQ4\"><a class=\"brz-a brz-btn brz-css-ozsrp5 brz-css-8vu5yf brz-css-paqc3k brz-css-1497jc5\" href=\"\" target=\"_self\" rel=\"noopener\" data-brz-link-type=\"external\" data-brz-custom-id=\"yFJGii1fXGQ4\"><span data-brz-translate-text=\"1\" class=\"brz-span brz-text__editor\">Contact<\/span><\/a><\/div>\n<\/div>\n<\/div>\n<\/div>\n<p><a class=\"brz-a brz-container-link\" href=\"\" target=\"_self\" rel=\"noopener\" data-brz-link-type=\"page\"><\/a><\/div>\n<\/div>\n<\/div>\n<\/div>\n<\/div>\n<\/div>\n<\/div>\n<\/section>\n<\/div>\n<p>    <!-- version:1737493578 --><\/p>\n","protected":false},"excerpt":{"rendered":"<p>Maroc- Transfert Nous t&rsquo;invitons \u00e0 d\u00e9couvrir avec nous ce pays tr\u00e8s vari\u00e9. Des villes au d\u00e9sert, en passant par la plage et la mer, le Maroc a tout \u00e0 offrir. 01 Individuel Nous organisons ton voyage selon tes souhaits. 02 Authentique D\u00e9couvre le pays et ses habitants de mani\u00e8re authentique. 03 Personnel Nous sommes une [&hellip;]<\/p>\n","protected":false},"author":2,"featured_media":0,"parent":0,"menu_order":0,"comment_status":"closed","ping_status":"closed","template":"","meta":{"_seopress_robots_primary_cat":"","_seopress_titles_title":"Transferts de Qualit\u00e9 au Maroc : Voyagez en Toute S\u00e9r\u00e9nit\u00e9 avec Nos Services de Transfert Exceptionnels!","_seopress_titles_desc":"Assurez-vous un voyage en toute s\u00e9r\u00e9nit\u00e9 avec nos services de transfert de qualit\u00e9 au Maroc. D\u00e9couvrez le confort et la fiabilit\u00e9 de nos transferts, que ce soit de l&#039;a\u00e9roport \u00e0 l&#039;h\u00f4tel, entre les villes ou pour des excursions sp\u00e9ciales. Nos chauffeurs exp\u00e9riment\u00e9s vous garantissent un trajet s\u00fbr et agr\u00e9able, vous permettant de profiter pleinement de votre s\u00e9jour au Maroc. R\u00e9servez maintenant pour une exp\u00e9rience de transfert sans souci et explorez le pays en toute tranquillit\u00e9.","_seopress_robots_index":"","footnotes":""},"class_list":["post-2629","page","type-page","status-publish","hentry"],"blocksy_meta":[],"brizy_media":[{"id":1700,"url":"https:\/\/vacation-morocco.com\/wp-content\/uploads\/2023\/11\/Taxi-2-scaled.jpg","name":"Taxi-2.jpg","meta":{"brizy_attachment_uid":"wp-b6c16c8cb622d3f8629280e8eeb7ed48.jpg","brizy_post_uid":["af5f7901f5e1ec92eab7885c58775e2d"]}}],"_links":{"self":[{"href":"https:\/\/vacation-morocco.com\/fr\/wp-json\/wp\/v2\/pages\/2629","targetHints":{"allow":["GET"]}}],"collection":[{"href":"https:\/\/vacation-morocco.com\/fr\/wp-json\/wp\/v2\/pages"}],"about":[{"href":"https:\/\/vacation-morocco.com\/fr\/wp-json\/wp\/v2\/types\/page"}],"author":[{"embeddable":true,"href":"https:\/\/vacation-morocco.com\/fr\/wp-json\/wp\/v2\/users\/2"}],"replies":[{"embeddable":true,"href":"https:\/\/vacation-morocco.com\/fr\/wp-json\/wp\/v2\/comments?post=2629"}],"version-history":[{"count":19,"href":"https:\/\/vacation-morocco.com\/fr\/wp-json\/wp\/v2\/pages\/2629\/revisions"}],"predecessor-version":[{"id":6819,"href":"https:\/\/vacation-morocco.com\/fr\/wp-json\/wp\/v2\/pages\/2629\/revisions\/6819"}],"wp:attachment":[{"href":"https:\/\/vacation-morocco.com\/fr\/wp-json\/wp\/v2\/media?parent=2629"}],"curies":[{"name":"wp","href":"https:\/\/api.w.org\/{rel}","templated":true}]}}