{"id":2621,"date":"2023-11-27T11:28:50","date_gmt":"2023-11-27T10:28:50","guid":{"rendered":"https:\/\/vacation-morocco.nextron.org\/impressum\/"},"modified":"2026-03-24T15:04:43","modified_gmt":"2026-03-24T14:04:43","slug":"imprimer","status":"publish","type":"page","link":"https:\/\/vacation-morocco.com\/fr\/imprimer\/","title":{"rendered":"Imprimer"},"content":{"rendered":"<div class=\"brz-root__container brz-reset-all brz brz-root__container-page\">\n<section id=\"_ztf94anPGrec\" class=\"brz-section brz-css-1j1lm8c\">\n<div class=\"brz-section__content brz-section--boxed brz-css-13cudr6 brz-css-fj2f2h\" data-brz-custom-id=\"aqZkmJaLUoEA\">\n<div class=\"brz-bg\">\n<div class=\"brz-bg-image\"><\/div>\n<\/div>\n<div class=\"brz-container brz-css-1owx15m\">\n<div class=\"brz-row__container brz-css-1qwoboz\" data-brz-custom-id=\"xQWDUKFoaEx_\">\n<div class=\"brz-bg\"><\/div>\n<div class=\"brz-row brz-css-1ak9801 brz-css-1fe6wni\">\n<div class=\"brz-columns brz-css-1ok0nkg brz-css-1bxcnd4\" data-brz-custom-id=\"lrfC47aMTn25\">\n<div class=\"brz-bg\"><\/div>\n<div class=\"brz-column__items brz-css-1ybsi6s\">\n<div id=\"\" class=\"brz-css-100ympv brz-wrapper\">\n<div class=\"brz-rich-text brz-rich-text__custom brz-css-1lylkpg\" data-brz-custom-id=\"cqep6Kv1VLoB\">\n<div data-brz-translate-text=\"1\">\n<h1 class=\"brz-tp-lg-heading1 brz-text-xs-center brz-ff-roboto brz-ft-google brz-fs-lg-66 brz-fss-lg-px brz-fw-lg-900 brz-ls-lg-0 brz-lh-lg-1_3 brz-text-lg-center brz-css-s_od5\" data-uniq-id=\"dVZ5j\" data-generated-css=\"brz-css-cNa7e\"><span style=\"opacity: 1\" class=\"brz-cp-color8\">Mentions l\u00e9gales<\/span><\/h1>\n<\/div>\n<\/div>\n<\/div>\n<div id=\"\" class=\"brz-css-100ympv brz-wrapper\">\n<div class=\"brz-rich-text brz-rich-text__custom brz-css-1lylkpg\" data-brz-custom-id=\"z4fRa5JhaUmb\">\n<div data-brz-translate-text=\"1\">\n<h4 class=\"brz-tp-lg-heading4 brz-text-xs-center brz-text-lg-center brz-ff-roboto brz-ft-google brz-fs-lg-20 brz-fss-lg-px brz-fw-lg-400 brz-ls-lg-0 brz-lh-lg-1_6 brz-css-bRRMx\" data-uniq-id=\"aQlwF\" data-generated-css=\"brz-css-xmwQR\"><span style=\"opacity: 1\" class=\"brz-cp-color8\">Tu trouveras tout ce qui est important ici.<\/span><\/h4>\n<\/div>\n<\/div>\n<\/div>\n<\/div>\n<\/div>\n<\/div>\n<\/div>\n<div id=\"\" class=\"brz-css-100ympv brz-css-43olyb brz-css-gzvw24 brz-wrapper\">\n<div class=\"brz-spacer brz-css-p3hq0n brz-css-td38ir\"><\/div>\n<\/div>\n<div class=\"brz-row__container brz-css-1qwoboz\" data-brz-custom-id=\"uNzr6QRcbFrn\">\n<div class=\"brz-bg\"><\/div>\n<div class=\"brz-row brz-css-1ak9801 brz-css-1fe6wni\">\n<div class=\"brz-columns brz-css-1ok0nkg brz-css-1erzv4q\" data-brz-custom-id=\"hRApxQISVQLf\">\n<div class=\"brz-bg\"><\/div>\n<div class=\"brz-column__items brz-css-1ybsi6s brz-css-j3kw1e\"><\/div>\n<\/div>\n<div class=\"brz-columns brz-css-1ok0nkg brz-css-16og4l4\" data-brz-custom-id=\"gp9oCVnrYpbu\">\n<div class=\"brz-bg\"><\/div>\n<div class=\"brz-column__items brz-css-1ybsi6s brz-css-1oytn1x\"><\/div>\n<\/div>\n<div class=\"brz-columns brz-css-1ok0nkg brz-css-1rcq6n0\" data-brz-custom-id=\"qov1MNtZx5hg\">\n<div class=\"brz-bg\"><\/div>\n<div class=\"brz-column__items brz-css-1ybsi6s brz-css-18bgene\"><\/div>\n<\/div>\n<\/div>\n<\/div>\n<\/div>\n<\/div>\n<\/section>\n<section id=\"_p4jtNJd9p6ns\" class=\"brz-section brz-css-1j1lm8c\">\n<div class=\"brz-section__content brz-section--boxed brz-css-13cudr6 brz-css-ggn2ng\" data-brz-custom-id=\"kozA4pfbztOR\">\n<div class=\"brz-container brz-css-1owx15m\">\n<div id=\"\" class=\"brz-css-100ympv brz-wrapper\">\n<div class=\"brz-rich-text brz-rich-text__custom brz-css-1lylkpg\" data-brz-custom-id=\"pZx9KmafIznY\">\n<div data-brz-translate-text=\"1\">\n<p class=\"brz-tp-lg-paragraph brz-css-bV5C7\" data-generated-css=\"brz-css-hhR4e\" data-uniq-id=\"sYbXV\"><strong>Instance responsable :<\/strong><\/p>\n<p class=\"brz-tp-lg-paragraph brz-css-qDj2U\" data-generated-css=\"brz-css-zxqGs\" data-uniq-id=\"yskGw\">Atar Travel&amp;Transport<\/p>\n<p class=\"brz-tp-lg-paragraph brz-css-vH8RY\" data-generated-css=\"brz-css-zVEcX\" data-uniq-id=\"uBfWi\">Heuwinkelstrasse 15<\/p>\n<p class=\"brz-tp-lg-paragraph brz-css-u0P92\" data-generated-css=\"brz-css-iMtTU\" data-uniq-id=\"spA9k\">4123 Allschwil<\/p>\n<p class=\"brz-tp-lg-paragraph brz-css-b1KLe\" data-generated-css=\"brz-css-fxglO\" data-uniq-id=\"i9RmE\">Schweiz<\/p>\n<p class=\"brz-tp-lg-paragraph brz-css-g12fF\" data-generated-css=\"brz-css-zIpVm\" data-uniq-id=\"ojoBg\"><strong>E-Mail<\/strong>: info@vacation-morocco.com<\/p>\n<p class=\"brz-tp-lg-paragraph brz-css-uR6yP\" data-generated-css=\"brz-css-kAxmZ\" data-uniq-id=\"sDFax\"><strong> <\/strong><\/p>\n<p class=\"brz-tp-lg-paragraph brz-css-criDO\" data-generated-css=\"brz-css-omwd3\" data-uniq-id=\"oHOOU\"><strong>Clause de non-responsabilit\u00e9<\/strong><\/p>\n<p class=\"brz-tp-lg-paragraph brz-css-zPIZ9\" data-generated-css=\"brz-css-vk78G\" data-uniq-id=\"quxm8\">L&rsquo;auteur ne garantit pas l&rsquo;exactitude, la pr\u00e9cision, l&rsquo;actualit\u00e9, la fiabilit\u00e9 et l&rsquo;exhaustivit\u00e9 des informations.<\/p>\n<p class=\"brz-tp-lg-paragraph brz-css-x25fa\" data-generated-css=\"brz-css-w4DLT\" data-uniq-id=\"enrhF\">L&rsquo;auteur ne saurait \u00eatre tenu pour responsable des dommages mat\u00e9riels ou immat\u00e9riels qui pourraient \u00eatre caus\u00e9s par l&rsquo;acc\u00e8s aux informations diffus\u00e9es ou par leur utilisation ou non-utilisation, par le mauvais usage de la connexion ou par des probl\u00e8mes techniques.<\/p>\n<p class=\"brz-tp-lg-paragraph brz-css-zs4n3\" data-generated-css=\"brz-css-wOlgi\" data-uniq-id=\"iFD2b\">Toutes les offres sont sans engagement. L&rsquo;auteur se r\u00e9serve express\u00e9ment le droit de modifier, de compl\u00e9ter ou de supprimer des parties de pages ou l&rsquo;ensemble de l&rsquo;offre sans avis pr\u00e9alable, ou d&rsquo;en suspendre temporairement ou d\u00e9finitivement la publication.<\/p>\n<p class=\"brz-tp-lg-paragraph brz-css-t6vQI\" data-generated-css=\"brz-css-oS3h9\" data-uniq-id=\"w9wly\"><\/p>\n<p class=\"brz-tp-lg-paragraph brz-css-iMjf8\" data-generated-css=\"brz-css-sSfvE\" data-uniq-id=\"dU9hN\"><strong>Exclusion de responsabilit\u00e9 pour les contenus et les liens<\/strong><\/p>\n<p class=\"brz-tp-lg-paragraph brz-css-rndbM\" data-generated-css=\"brz-css-zOwsR\" data-uniq-id=\"i206i\">Les renvois et liens vers des sites web de tiers ne rel\u00e8vent pas de notre responsabilit\u00e9. Nous d\u00e9clinons toute responsabilit\u00e9 pour de tels sites web. L&rsquo;acc\u00e8s \u00e0 de tels sites et leur utilisation se font aux risques et p\u00e9rils de l&rsquo;utilisateur.<\/p>\n<p class=\"brz-tp-lg-paragraph brz-css-rFG0h\" data-generated-css=\"brz-css-j052j\" data-uniq-id=\"vX73D\"><strong> <\/strong><\/p>\n<p class=\"brz-tp-lg-paragraph brz-css-aMbar\" data-generated-css=\"brz-css-b1eEm\" data-uniq-id=\"gdQ82\"><strong>D\u00e9claration de droits d&rsquo;auteur<\/strong><\/p>\n<p class=\"brz-tp-lg-paragraph brz-css-xUAae\" data-generated-css=\"brz-css-uqs55\" data-uniq-id=\"i1QSP\">Les droits d&rsquo;auteur et tous les autres droits li\u00e9s aux contenus, images, photos (mis \u00e0 disposition par unsplash.com) ou autres fichiers pr\u00e9sents sur ce site web, appartiennent exclusivement \u00e0 El Hassane Atar ou aux titulaires de droits sp\u00e9cialement cit\u00e9s. Pour la reproduction de tout \u00e9l\u00e9ment, l&rsquo;autorisation \u00e9crite du d\u00e9tenteur des droits d&rsquo;auteur doit \u00eatre obtenue au pr\u00e9alable.<\/p>\n<\/div>\n<\/div>\n<\/div>\n<\/div>\n<\/div>\n<\/section>\n<\/div>\n<p>    <!-- version:1737211183 --><\/p>\n","protected":false},"excerpt":{"rendered":"<p>Mentions l\u00e9gales Tu trouveras tout ce qui est important ici. Instance responsable : Atar Travel&amp;Transport Heuwinkelstrasse 15 4123 Allschwil Schweiz E-Mail: info@vacation-morocco.com Clause de non-responsabilit\u00e9 L&rsquo;auteur ne garantit pas l&rsquo;exactitude, la pr\u00e9cision, l&rsquo;actualit\u00e9, la fiabilit\u00e9 et l&rsquo;exhaustivit\u00e9 des informations. L&rsquo;auteur ne saurait \u00eatre tenu pour responsable des dommages mat\u00e9riels ou immat\u00e9riels qui pourraient \u00eatre caus\u00e9s [&hellip;]<\/p>\n","protected":false},"author":2,"featured_media":0,"parent":0,"menu_order":0,"comment_status":"closed","ping_status":"closed","template":"","meta":{"_seopress_robots_primary_cat":"","_seopress_titles_title":"\u00c0 Propos de Nous : Transparence et Confiance pour des Exp\u00e9riences de Voyage Inoubliables au Maroc","_seopress_titles_desc":"D\u00e9couvrez notre engagement en mati\u00e8re de confidentialit\u00e9 et de s\u00e9curit\u00e9 avec notre politique de confidentialit\u00e9 d\u00e9taill\u00e9e pour les exp\u00e9riences de voyage au Maroc. Apprenez comment nous prot\u00e9geons vos informations, assurant un voyage s\u00fbr et fiable. Nos pratiques de confidentialit\u00e9 refl\u00e8tent notre d\u00e9vouement \u00e0 la transparence et \u00e0 la protection de vos donn\u00e9es. R\u00e9servez en toute confiance, sachant que votre confidentialit\u00e9 est une priorit\u00e9. Explorez les d\u00e9tails de notre politique de confidentialit\u00e9 et embarquez pour une aventure sans souci au Maroc.","_seopress_robots_index":"","footnotes":""},"class_list":["post-2621","page","type-page","status-publish","hentry"],"blocksy_meta":[],"brizy_media":[],"_links":{"self":[{"href":"https:\/\/vacation-morocco.com\/fr\/wp-json\/wp\/v2\/pages\/2621","targetHints":{"allow":["GET"]}}],"collection":[{"href":"https:\/\/vacation-morocco.com\/fr\/wp-json\/wp\/v2\/pages"}],"about":[{"href":"https:\/\/vacation-morocco.com\/fr\/wp-json\/wp\/v2\/types\/page"}],"author":[{"embeddable":true,"href":"https:\/\/vacation-morocco.com\/fr\/wp-json\/wp\/v2\/users\/2"}],"replies":[{"embeddable":true,"href":"https:\/\/vacation-morocco.com\/fr\/wp-json\/wp\/v2\/comments?post=2621"}],"version-history":[{"count":14,"href":"https:\/\/vacation-morocco.com\/fr\/wp-json\/wp\/v2\/pages\/2621\/revisions"}],"predecessor-version":[{"id":6944,"href":"https:\/\/vacation-morocco.com\/fr\/wp-json\/wp\/v2\/pages\/2621\/revisions\/6944"}],"wp:attachment":[{"href":"https:\/\/vacation-morocco.com\/fr\/wp-json\/wp\/v2\/media?parent=2621"}],"curies":[{"name":"wp","href":"https:\/\/api.w.org\/{rel}","templated":true}]}}