{"id":2617,"date":"2023-11-27T11:38:18","date_gmt":"2023-11-27T10:38:18","guid":{"rendered":"https:\/\/vacation-morocco.nextron.org\/kontakt\/"},"modified":"2026-03-20T14:40:12","modified_gmt":"2026-03-20T13:40:12","slug":"contact","status":"publish","type":"page","link":"https:\/\/vacation-morocco.com\/fr\/contact\/","title":{"rendered":"Contact"},"content":{"rendered":"<div class=\"brz-root__container brz-reset-all brz brz-root__container-page\">\n<section id=\"_mOTT8Z8xBD3d\" class=\"brz-section brz-css-1legaze\">\n<div class=\"brz-section__content brz-section--boxed brz-css-1llzy6l brz-css-s19p66\" data-brz-custom-id=\"nGgexx2a2cq5\">\n<div class=\"brz-bg\">\n<div class=\"brz-bg-image\"><\/div>\n<\/div>\n<div class=\"brz-container brz-css-1nne98s\">\n<div class=\"brz-row__container brz-css-ul3ous\" data-brz-custom-id=\"dpRCzdrD9l0D\">\n<div class=\"brz-bg\"><\/div>\n<div class=\"brz-row brz-css-13nflaf brz-css-jmugzb\">\n<div class=\"brz-columns brz-css-2sg9r6 brz-css-10jfba5\" data-brz-custom-id=\"ghezeg40hNZw\">\n<div class=\"brz-bg\"><\/div>\n<div class=\"brz-column__items brz-css-1lmweb0\">\n<div id=\"\" class=\"brz-css-lk9ca7 brz-wrapper\">\n<div class=\"brz-rich-text brz-rich-text__custom brz-css-1pv17d4\" data-brz-custom-id=\"gGjqLqaRS_1w\">\n<div data-brz-translate-text=\"1\">\n<h1 class=\"brz-text-lg-center brz-lh-lg-1_3 brz-ls-lg-0 brz-fw-lg-900 brz-fss-lg-px brz-fs-lg-66 brz-ft-google brz-ff-roboto brz-text-xs-center brz-tp-lg-heading1 brz-css-lOWXJ\" data-generated-css=\"brz-css-oYJU8\" data-uniq-id=\"wBaRc\">Contact<\/h1>\n<\/div>\n<\/div>\n<\/div>\n<div id=\"\" class=\"brz-css-lk9ca7 brz-wrapper\">\n<div class=\"brz-rich-text brz-rich-text__custom brz-css-1pv17d4\" data-brz-custom-id=\"gQL_0soqmmbP\">\n<div data-brz-translate-text=\"1\">\n<h4 class=\"brz-tp-lg-heading4 brz-lh-lg-1_6 brz-ls-lg-0 brz-fw-lg-400 brz-fss-lg-px brz-fs-lg-20 brz-ft-google brz-ff-roboto brz-text-lg-center brz-text-xs-center brz-css-lakF1\" data-generated-css=\"brz-css-y1fvF\" data-uniq-id=\"yYlB1\">Nous nous r\u00e9jouissons d&rsquo;avoir de tes nouvelles.<\/h4>\n<\/div>\n<\/div>\n<\/div>\n<\/div>\n<\/div>\n<\/div>\n<\/div>\n<div id=\"\" class=\"brz-css-lk9ca7 brz-css-z1avua brz-css-1boo19l brz-wrapper\">\n<div class=\"brz-spacer brz-css-rf8cty brz-css-cw29rm\"><\/div>\n<\/div>\n<div class=\"brz-row__container brz-css-ul3ous\" data-brz-custom-id=\"wrkRNniIgsV3\">\n<div class=\"brz-bg\"><\/div>\n<div class=\"brz-row brz-css-13nflaf brz-css-jmugzb\">\n<div class=\"brz-columns brz-css-2sg9r6 brz-css-11utgf4\" data-brz-custom-id=\"zaoi22yv2orp\">\n<div class=\"brz-bg\"><\/div>\n<div class=\"brz-column__items brz-css-1lmweb0 brz-css-657rwz\">\n<div id=\"\" class=\"brz-css-lk9ca7 brz-css-1p4dezq brz-wrapper\">\n<div class=\"brz-rich-text brz-rich-text__custom brz-css-1pv17d4\" data-brz-custom-id=\"x1HtdtdUk4do\">\n<div data-brz-translate-text=\"1\">\n<p class=\"brz-tp-heading2 brz-css-siITu\"><span class=\"brz-cp-color8\">01<\/span><\/p>\n<\/div>\n<\/div>\n<\/div>\n<div id=\"\" class=\"brz-css-lk9ca7 brz-css-k3uhv3 brz-wrapper\">\n<div class=\"brz-rich-text brz-rich-text__custom brz-css-1pv17d4\" data-brz-custom-id=\"lpHzsRGzpCwQ\">\n<div data-brz-translate-text=\"1\">\n<p class=\"brz-tp-lg-heading4 brz-fs-sm-18 brz-css-mvyoQ\" data-generated-css=\"brz-css-sEVJF\" data-uniq-id=\"auqqn\">Individuel<\/p>\n<\/div>\n<\/div>\n<\/div>\n<div id=\"\" class=\"brz-css-lk9ca7 brz-wrapper\">\n<div class=\"brz-rich-text brz-rich-text__custom brz-css-1pv17d4\" data-brz-custom-id=\"ppiOSnPu1y5g\">\n<div data-brz-translate-text=\"1\">\n<p class=\"brz-tp-lg-paragraph brz-css-jG5SX\" data-generated-css=\"brz-css-vcs8C\" data-uniq-id=\"gz329\">Nous organisons ton voyage selon tes souhaits.<\/p>\n<\/div>\n<\/div>\n<\/div>\n<\/div>\n<p><a class=\"brz-a brz-container-link\" href=\"\" target=\"_self\" rel=\"noopener\" data-brz-link-type=\"page\"><\/a><\/div>\n<div class=\"brz-columns brz-css-2sg9r6 brz-css-2u5tsj\" data-brz-custom-id=\"nMOGhI6RXFLK\">\n<div class=\"brz-bg\"><\/div>\n<div class=\"brz-column__items brz-css-1lmweb0 brz-css-iivag4\">\n<div id=\"\" class=\"brz-css-lk9ca7 brz-css-1nwdhrm brz-wrapper\">\n<div class=\"brz-rich-text brz-rich-text__custom brz-css-1pv17d4\" data-brz-custom-id=\"laQAi0uZuxmF\">\n<div data-brz-translate-text=\"1\">\n<p class=\"brz-tp-heading2 brz-css-xErsP\"><span class=\"brz-cp-color8\">02<\/span><\/p>\n<\/div>\n<\/div>\n<\/div>\n<div id=\"\" class=\"brz-css-lk9ca7 brz-css-16g7gw7 brz-wrapper\">\n<div class=\"brz-rich-text brz-rich-text__custom brz-css-1pv17d4\" data-brz-custom-id=\"hQF1RXYQxhES\">\n<div data-brz-translate-text=\"1\">\n<p class=\"brz-tp-lg-heading4 brz-fs-sm-18 brz-css-j1pl6\" data-generated-css=\"brz-css-kRik7\" data-uniq-id=\"nAg1m\">Authentique<\/p>\n<\/div>\n<\/div>\n<\/div>\n<div id=\"\" class=\"brz-css-lk9ca7 brz-wrapper\">\n<div class=\"brz-rich-text brz-rich-text__custom brz-css-1pv17d4\" data-brz-custom-id=\"pyOvXilCYJjD\">\n<div data-brz-translate-text=\"1\">\n<p class=\"brz-tp-lg-paragraph brz-css-kdLJX\" data-uniq-id=\"cA7EO\" data-generated-css=\"brz-css-s_EoP\">D\u00e9couvre le pays et ses habitants de mani\u00e8re authentique.<\/p>\n<\/div>\n<\/div>\n<\/div>\n<\/div>\n<p><a class=\"brz-a brz-container-link\" href=\"\" target=\"_self\" rel=\"noopener\" data-brz-link-type=\"page\"><\/a><\/div>\n<div class=\"brz-columns brz-css-2sg9r6 brz-css-1c9tmd7\" data-brz-custom-id=\"lHyTwdG6QJQi\">\n<div class=\"brz-bg\"><\/div>\n<div class=\"brz-column__items brz-css-1lmweb0 brz-css-7vjatg\">\n<div id=\"\" class=\"brz-css-lk9ca7 brz-css-usqghw brz-wrapper\">\n<div class=\"brz-rich-text brz-rich-text__custom brz-css-1pv17d4\" data-brz-custom-id=\"kZXoUPx64Gga\">\n<div data-brz-translate-text=\"1\">\n<p class=\"brz-tp-heading2 brz-css-gmquf\"><span class=\"brz-cp-color8\">03<\/span><\/p>\n<\/div>\n<\/div>\n<\/div>\n<div id=\"\" class=\"brz-css-lk9ca7 brz-css-zyl29v brz-wrapper\">\n<div class=\"brz-rich-text brz-rich-text__custom brz-css-1pv17d4\" data-brz-custom-id=\"llHRl_4NQ5A6\">\n<div data-brz-translate-text=\"1\">\n<p class=\"brz-tp-lg-heading4 brz-fs-sm-18 brz-css-mRMcu\" data-generated-css=\"brz-css-kpzIz\" data-uniq-id=\"a7UpA\">Personnel<\/p>\n<\/div>\n<\/div>\n<\/div>\n<div id=\"\" class=\"brz-css-lk9ca7 brz-wrapper\">\n<div class=\"brz-rich-text brz-rich-text__custom brz-css-1pv17d4\" data-brz-custom-id=\"y5UJjIOHnT2K\">\n<div data-brz-translate-text=\"1\">\n<p class=\"brz-tp-lg-paragraph brz-css-cogf_\" data-generated-css=\"brz-css-dxcDg\" data-uniq-id=\"hQSTH\">Nous sommes une petite entreprise familiale et nous te conseillons volontiers personnellement.<\/p>\n<\/div>\n<\/div>\n<\/div>\n<\/div>\n<p><a class=\"brz-a brz-container-link\" href=\"\" target=\"_self\" rel=\"noopener\" data-brz-link-type=\"page\"><\/a><\/div>\n<\/div>\n<\/div>\n<\/div>\n<\/div>\n<\/section>\n<section id=\"_eFp6g46i1YRq\" class=\"brz-section brz-css-1legaze\">\n<div class=\"brz-section__content brz-section--boxed brz-css-1llzy6l brz-css-mwrvo3\" data-brz-custom-id=\"yL1PXL37_Kyd\">\n<div class=\"brz-container brz-css-1nne98s\">\n<div id=\"\" class=\"brz-css-lk9ca7 brz-wrapper\">\n<div class=\"brz-rich-text brz-rich-text__custom brz-css-1pv17d4\" data-brz-custom-id=\"byEzTLfX_DZr\">\n<div data-brz-translate-text=\"1\">\n<h3 class=\"brz-text-lg-center brz-tp-lg-heading3 brz-css-svm5V\" data-generated-css=\"brz-css-v4czf,brz-css-pHPh6,brz-css-pE3wj\" data-uniq-id=\"lycgr,djnzI,xR9jS\">Nous nous r\u00e9jouissons de ton message.<\/h3>\n<h3 class=\"brz-text-lg-center brz-tp-lg-heading3 brz-css-elKf6\" data-generated-css=\"brz-css-v4czf,brz-css-pHPh6,brz-css-pE3wj\" data-uniq-id=\"lycgr,djnzI,xR9jS\">Tu peux utiliser le formulaire ci-dessous ou nous envoyer un message sur<\/h3>\n<h3 class=\"brz-text-lg-center brz-tp-lg-heading3 brz-css-x9PDf\" data-generated-css=\"brz-css-pE3wj\" data-uniq-id=\"xR9jS\">info@vacation-morocco.com pour laisser un message. <span class=\"brz-pre-population-visible\"> <\/span><\/h3>\n<\/div>\n<\/div>\n<\/div>\n<\/div>\n<\/div>\n<\/section>\n<section id=\"_lJBwO4s0Dh2W\" class=\"brz-section brz-css-1legaze\">\n<div class=\"brz-section__content brz-section--boxed brz-css-1llzy6l brz-css-ilekcz\" data-brz-custom-id=\"ywQBXqxZs2PF\">\n<div class=\"brz-bg\">\n<div class=\"brz-bg-image\"><\/div>\n<\/div>\n<div class=\"brz-container brz-css-1nne98s\">\n<div id=\"\" class=\"brz-css-lk9ca7 brz-wrapper\">\n<div class=\"brz-wp-shortcode brz-css-19mewd9\" data-brz-custom-id=\"j5L3PmS56MwW\">\n<div><div class=\"wpforms-container wpforms-render-modern\" id=\"wpforms-1506\"><form id=\"wpforms-form-1506\" class=\"wpforms-validate wpforms-form wpforms-ajax-form\" data-formid=\"1506\" method=\"post\" enctype=\"multipart\/form-data\" action=\"\/fr\/wp-json\/wp\/v2\/pages\/2617\" data-token=\"5fe7f3fa7b71d2124f00b6b5b1c2b551\" data-token-time=\"1776959357\"><noscript class=\"wpforms-error-noscript\">Veuillez activer JavaScript dans votre navigateur pour remplir ce formulaire.<\/noscript><div id=\"wpforms-error-noscript\" style=\"display: none;\">Veuillez activer JavaScript dans votre navigateur pour remplir ce formulaire.<\/div><div class=\"wpforms-field-container\"><div id=\"wpforms-1506-field_4-container\" class=\"wpforms-field wpforms-field-name\" data-field-id=\"4\"><label class=\"wpforms-field-label\" for=\"wpforms-1506-field_4\">Name \/ Nome \/ Nom \/ Nombre <span class=\"wpforms-required-label\" aria-hidden=\"true\">*<\/span><\/label><input type=\"text\" id=\"wpforms-1506-field_4\" class=\"wpforms-field-medium wpforms-field-required\" name=\"wpforms[fields][4]\" aria-errormessage=\"wpforms-1506-field_4-error\" required><\/div><div id=\"wpforms-1506-field_13-container\" class=\"wpforms-field wpforms-field-name\" data-field-id=\"13\"><label class=\"wpforms-field-label\" for=\"wpforms-1506-field_13\">Vorname \/ First name \/ Nome di battesimo \/ Pr\u00e9nom \/ Nombre de pila <span class=\"wpforms-required-label\" aria-hidden=\"true\">*<\/span><\/label><input type=\"text\" id=\"wpforms-1506-field_13\" class=\"wpforms-field-medium wpforms-field-required\" name=\"wpforms[fields][13]\" aria-errormessage=\"wpforms-1506-field_13-error\" required><\/div><div id=\"wpforms-1506-field_5-container\" class=\"wpforms-field wpforms-field-email\" data-field-id=\"5\"><label class=\"wpforms-field-label\" for=\"wpforms-1506-field_5\">E-Mail <span class=\"wpforms-required-label\" aria-hidden=\"true\">*<\/span><\/label><input type=\"email\" id=\"wpforms-1506-field_5\" class=\"wpforms-field-medium wpforms-field-required\" name=\"wpforms[fields][5]\" spellcheck=\"false\" aria-errormessage=\"wpforms-1506-field_5-error\" required><\/div><div id=\"wpforms-1506-field_6-container\" class=\"wpforms-field wpforms-field-number\" data-field-id=\"6\"><label class=\"wpforms-field-label\" for=\"wpforms-1506-field_6\">Personenanzahl \/ Number of people \/ Numero di persone \/ Nombre de personnes \/ N\u00famero de personas <span class=\"wpforms-required-label\" aria-hidden=\"true\">*<\/span><\/label><input type=\"number\" id=\"wpforms-1506-field_6\" class=\"wpforms-field-medium wpforms-field-required\" name=\"wpforms[fields][6]\" step=\"any\" aria-errormessage=\"wpforms-1506-field_6-error\" required><\/div><div id=\"wpforms-1506-field_8-container\" class=\"wpforms-field wpforms-field-checkbox\" data-field-id=\"8\"><fieldset><legend class=\"wpforms-field-label\">Auswahlm\u00f6glichkeiten \/ choices \/ scelte \/ choix \/ opciones -&gt; Pickup location <span class=\"wpforms-required-label\" aria-hidden=\"true\">*<\/span><\/legend><ul id=\"wpforms-1506-field_8\" class=\"wpforms-field-required\"><li class=\"choice-1 depth-1\"><input type=\"checkbox\" id=\"wpforms-1506-field_8_1\" name=\"wpforms[fields][8][]\" value=\"Abholort Agadir\" aria-errormessage=\"wpforms-1506-field_8_1-error\" required ><label class=\"wpforms-field-label-inline\" for=\"wpforms-1506-field_8_1\">Abholort Agadir<\/label><\/li><li class=\"choice-3 depth-1\"><input type=\"checkbox\" id=\"wpforms-1506-field_8_3\" name=\"wpforms[fields][8][]\" value=\"Abholort Casablanca\" aria-errormessage=\"wpforms-1506-field_8_3-error\" required ><label class=\"wpforms-field-label-inline\" for=\"wpforms-1506-field_8_3\">Abholort Casablanca<\/label><\/li><li class=\"choice-2 depth-1\"><input type=\"checkbox\" id=\"wpforms-1506-field_8_2\" name=\"wpforms[fields][8][]\" value=\"Abholort Essaouira\" aria-errormessage=\"wpforms-1506-field_8_2-error\" required ><label class=\"wpforms-field-label-inline\" for=\"wpforms-1506-field_8_2\">Abholort Essaouira<\/label><\/li><li class=\"choice-4 depth-1\"><input type=\"checkbox\" id=\"wpforms-1506-field_8_4\" name=\"wpforms[fields][8][]\" value=\"Abholort F\u00e8s\" aria-errormessage=\"wpforms-1506-field_8_4-error\" required ><label class=\"wpforms-field-label-inline\" for=\"wpforms-1506-field_8_4\">Abholort F\u00e8s<\/label><\/li><li class=\"choice-5 depth-1\"><input type=\"checkbox\" id=\"wpforms-1506-field_8_5\" name=\"wpforms[fields][8][]\" value=\"Abholort Meknes\" aria-errormessage=\"wpforms-1506-field_8_5-error\" required ><label class=\"wpforms-field-label-inline\" for=\"wpforms-1506-field_8_5\">Abholort Meknes<\/label><\/li><li class=\"choice-6 depth-1\"><input type=\"checkbox\" id=\"wpforms-1506-field_8_6\" name=\"wpforms[fields][8][]\" value=\"Abholort Rabat\" aria-errormessage=\"wpforms-1506-field_8_6-error\" required ><label class=\"wpforms-field-label-inline\" for=\"wpforms-1506-field_8_6\">Abholort Rabat<\/label><\/li><li class=\"choice-7 depth-1\"><input type=\"checkbox\" id=\"wpforms-1506-field_8_7\" name=\"wpforms[fields][8][]\" value=\"Abholort Tanger\" aria-errormessage=\"wpforms-1506-field_8_7-error\" required ><label class=\"wpforms-field-label-inline\" for=\"wpforms-1506-field_8_7\">Abholort Tanger<\/label><\/li><li class=\"choice-8 depth-1\"><input type=\"checkbox\" id=\"wpforms-1506-field_8_8\" name=\"wpforms[fields][8][]\" value=\"Abholort Marrakesch\" aria-errormessage=\"wpforms-1506-field_8_8-error\" required ><label class=\"wpforms-field-label-inline\" for=\"wpforms-1506-field_8_8\">Abholort Marrakesch<\/label><\/li><li class=\"choice-9 depth-1\"><input type=\"checkbox\" id=\"wpforms-1506-field_8_9\" name=\"wpforms[fields][8][]\" value=\"Wir wissen es noch nicht \/ We do not know yet\" aria-errormessage=\"wpforms-1506-field_8_9-error\" required ><label class=\"wpforms-field-label-inline\" for=\"wpforms-1506-field_8_9\">Wir wissen es noch nicht \/ We do not know yet<\/label><\/li><li class=\"choice-10 depth-1\"><input type=\"checkbox\" id=\"wpforms-1506-field_8_10\" name=\"wpforms[fields][8][]\" value=\"Wir ben\u00f6tigen nur einen Transfer \/ We only need one transfer\" aria-errormessage=\"wpforms-1506-field_8_10-error\" required ><label class=\"wpforms-field-label-inline\" for=\"wpforms-1506-field_8_10\">Wir ben\u00f6tigen nur einen Transfer \/ We only need one transfer<\/label><\/li><\/ul><\/fieldset><\/div><div id=\"wpforms-1506-field_10-container\" class=\"wpforms-field wpforms-field-textarea\" data-field-id=\"10\"><label class=\"wpforms-field-label\" for=\"wpforms-1506-field_10\">Deine Nachricht \/ your message \/ tuo messaggio \/ ton message \/ tu mensaje <span class=\"wpforms-required-label\" aria-hidden=\"true\">*<\/span><\/label><textarea id=\"wpforms-1506-field_10\" class=\"wpforms-field-medium wpforms-field-required\" name=\"wpforms[fields][10]\" aria-errormessage=\"wpforms-1506-field_10-error\" required><\/textarea><\/div><div id=\"wpforms-1506-field_11-container\" class=\"wpforms-field wpforms-field-checkbox\" data-field-id=\"11\"><fieldset><legend class=\"wpforms-field-label\">DSG\/DSGVO-Einverst\u00e4ndnisserkl\u00e4rung \/ DSG\/GDPR declaration of consent \/ dichiarazione di consenso DSG\/GDP \/ D\u00e9claration de consentement DSG\/RGPD \/ Declaraci\u00f3n de consentimiento DSG\/GDPRR <span class=\"wpforms-required-label\" aria-hidden=\"true\">*<\/span><\/legend><ul id=\"wpforms-1506-field_11\" class=\"wpforms-field-required\"><li class=\"choice-1 depth-1 wpforms-selected\"><input type=\"checkbox\" id=\"wpforms-1506-field_11_1\" name=\"wpforms[fields][11][]\" value=\"Ja ich willige ein \/ Yes, I agree \/ Si, sono d&#039;accordo \/ Oui je suis d&#039;accord \/ S\u00ed estoy de acuerdo.\" aria-errormessage=\"wpforms-1506-field_11_1-error\" aria-describedby=\"wpforms-1506-field_11-description\" required  checked='checked'><label class=\"wpforms-field-label-inline\" for=\"wpforms-1506-field_11_1\">Ja ich willige ein \/ Yes, I agree \/ Si, sono d'accordo \/ Oui je suis d'accord \/ S\u00ed estoy de acuerdo.<\/label><\/li><\/ul><div id=\"wpforms-1506-field_11-description\" class=\"wpforms-field-description\">- Ich willige ein, das diese Website meine \u00fcbermittelten Informationen speichert, sodass meine Anfrage beantwortet werden kann.\r\n\r\n- I agree that this website stores the information I submit so that my request can be answered.\r\n\r\n- Accetto che questo sito Web memorizzi le informazioni che invio in modo che la mia richiesta possa ricevere risposta.\r\n- J'accepte que ce site Web stocke les informations que je soumets afin de pouvoir r\u00e9pondre \u00e0 ma demande.\r\n- Acepto que este sitio web almacene la informaci\u00f3n que env\u00edo para que mi solicitud pueda ser respondida.\r\n<\/div><\/fieldset><\/div><\/div><!-- .wpforms-field-container --><div class=\"wpforms-submit-container\" ><input type=\"hidden\" name=\"wpforms[id]\" value=\"1506\"><input type=\"hidden\" name=\"page_title\" value=\"\"><input type=\"hidden\" name=\"page_url\" value=\"https:\/\/vacation-morocco.com\/fr\/wp-json\/wp\/v2\/pages\/2617\"><input type=\"hidden\" name=\"url_referer\" value=\"\"><button type=\"submit\" name=\"wpforms[submit]\" id=\"wpforms-submit-1506\" class=\"wpforms-submit\" data-alt-text=\"Wird gesendet\u00a0\u2026\" data-submit-text=\"Absenden\" aria-live=\"assertive\" value=\"wpforms-submit\">Absenden<\/button><img loading=\"lazy\" decoding=\"async\" src=\"https:\/\/vacation-morocco.com\/wp-content\/plugins\/wpforms-lite\/assets\/images\/submit-spin.svg\" class=\"wpforms-submit-spinner\" style=\"display: none;\" width=\"26\" height=\"26\" alt=\"Chargement en cours\"><\/div><\/form><\/div>  <!-- .wpforms-container --><\/div>\n<\/div>\n<\/div>\n<\/div>\n<\/div>\n<\/section>\n<\/div>\n<p>    <!-- version:1737263084 --><\/p>\n","protected":false},"excerpt":{"rendered":"<p>Contact Nous nous r\u00e9jouissons d&rsquo;avoir de tes nouvelles. 01 Individuel Nous organisons ton voyage selon tes souhaits. 02 Authentique D\u00e9couvre le pays et ses habitants de mani\u00e8re authentique. 03 Personnel Nous sommes une petite entreprise familiale et nous te conseillons volontiers personnellement. Nous nous r\u00e9jouissons de ton message. Tu peux utiliser le formulaire ci-dessous ou [&hellip;]<\/p>\n","protected":false},"author":2,"featured_media":0,"parent":0,"menu_order":0,"comment_status":"closed","ping_status":"closed","template":"","meta":{"_seopress_robots_primary_cat":"","_seopress_titles_title":"Nous Contacter : Votre Passage Privil\u00e9gi\u00e9 vers des \u00c9changes Fluides et des Exp\u00e9riences Inoubliables au Maroc!","_seopress_titles_desc":"Connectez-vous avec nous en toute simplicit\u00e9 pour des \u00e9changes fluides lors de votre voyage au Maroc. D\u00e9couvrez nos options de contact pour une communication rapide et fiable, assurant le traitement attentionn\u00e9 de vos questions, r\u00e9servations et arrangements de voyage. Votre aventure au Maroc commence par un simple clic ou appel. Contactez-nous maintenant et faisons de vos r\u00eaves de voyage une r\u00e9alit\u00e9 en toute confiance!","_seopress_robots_index":"","footnotes":""},"class_list":["post-2617","page","type-page","status-publish","hentry"],"blocksy_meta":[],"brizy_media":[],"_links":{"self":[{"href":"https:\/\/vacation-morocco.com\/fr\/wp-json\/wp\/v2\/pages\/2617","targetHints":{"allow":["GET"]}}],"collection":[{"href":"https:\/\/vacation-morocco.com\/fr\/wp-json\/wp\/v2\/pages"}],"about":[{"href":"https:\/\/vacation-morocco.com\/fr\/wp-json\/wp\/v2\/types\/page"}],"author":[{"embeddable":true,"href":"https:\/\/vacation-morocco.com\/fr\/wp-json\/wp\/v2\/users\/2"}],"replies":[{"embeddable":true,"href":"https:\/\/vacation-morocco.com\/fr\/wp-json\/wp\/v2\/comments?post=2617"}],"version-history":[{"count":19,"href":"https:\/\/vacation-morocco.com\/fr\/wp-json\/wp\/v2\/pages\/2617\/revisions"}],"predecessor-version":[{"id":6807,"href":"https:\/\/vacation-morocco.com\/fr\/wp-json\/wp\/v2\/pages\/2617\/revisions\/6807"}],"wp:attachment":[{"href":"https:\/\/vacation-morocco.com\/fr\/wp-json\/wp\/v2\/media?parent=2617"}],"curies":[{"name":"wp","href":"https:\/\/api.w.org\/{rel}","templated":true}]}}