{"id":2613,"date":"2023-11-30T19:15:55","date_gmt":"2023-11-30T18:15:55","guid":{"rendered":"https:\/\/vacation-morocco.nextron.org\/brizy-1752\/"},"modified":"2026-03-25T15:46:54","modified_gmt":"2026-03-25T14:46:54","slug":"trekking-dans-le-desert","status":"publish","type":"page","link":"https:\/\/vacation-morocco.com\/fr\/trekking-dans-le-desert\/","title":{"rendered":"Trekking dans le d\u00e9sert"},"content":{"rendered":"<div class=\"brz-root__container brz-reset-all brz brz-root__container-page\">\n<section id=\"_uRyT893suiFp\" class=\"brz-section brz-css-1c2otes\">\n<div class=\"brz-section__content brz-section--boxed brz-css-glbusd brz-css-jgtfx5\" data-brz-custom-id=\"xdsKoURqIv9s\">\n<div class=\"brz-bg\">\n<div class=\"brz-bg-image\"><\/div>\n<\/div>\n<div class=\"brz-container brz-css-1dn9qs7\">\n<div class=\"brz-row__container brz-css-emrba6\" data-brz-custom-id=\"aq4Tbt5Xtoz3\">\n<div class=\"brz-bg\"><\/div>\n<div class=\"brz-row brz-css-axgem brz-css-1yc178o\">\n<div class=\"brz-columns brz-css-utjemr brz-css-ye4q3l\" data-brz-custom-id=\"zN376DLEOgE8\">\n<div class=\"brz-bg\"><\/div>\n<div class=\"brz-column__items brz-css-hyzahd brz-css-qyxb7x\">\n<div id=\"\" class=\"brz-css-17a4953 brz-css-1cbg8p brz-wrapper\">\n<div class=\"brz-rich-text brz-rich-text__custom brz-css-1pt0t8g\" data-brz-custom-id=\"lZxMSOUlHema\">\n<div data-brz-translate-text=\"1\">\n<h1 class=\"brz-tp-lg-heading1 brz-text-xs-center brz-ff-roboto brz-ft-google brz-fs-lg-66 brz-fss-lg-px brz-fw-lg-900 brz-ls-lg-0 brz-lh-lg-1_3 brz-text-lg-center brz-css-e4rpT\" data-uniq-id=\"c0kXN\" data-generated-css=\"brz-css-r0QGP\"><span style=\"opacity: 1\" class=\"brz-cp-color8\"> Maroc-<\/span><\/h1>\n<h1 class=\"brz-tp-lg-heading1 brz-text-xs-center brz-ff-roboto brz-ft-google brz-fs-lg-66 brz-fss-lg-px brz-fw-lg-900 brz-ls-lg-0 brz-lh-lg-1_3 brz-text-lg-center brz-css-mggfU\" data-uniq-id=\"fphRZ\" data-generated-css=\"brz-css-fdG5A\"><span style=\"opacity: 1\" class=\"brz-cp-color8\">Trekking du d\u00e9sert<\/span><\/h1>\n<\/div>\n<\/div>\n<\/div>\n<div id=\"\" class=\"brz-css-17a4953 brz-wrapper\">\n<div class=\"brz-rich-text brz-rich-text__custom brz-css-1pt0t8g\" data-brz-custom-id=\"c19vN59dHkVz\">\n<div data-brz-translate-text=\"1\">\n<h4 class=\"brz-lh-lg-1_6 brz-ls-lg-0 brz-fw-lg-400 brz-fss-lg-px brz-fs-lg-20 brz-ft-google brz-ff-roboto brz-text-lg-center brz-text-xs-center brz-tp-lg-heading4 brz-css-m_79N\" data-generated-css=\"brz-css-bHiBG\" data-uniq-id=\"nedP6\"><span style=\"opacity: 1\" class=\"brz-cp-color8\">Nous t&rsquo;invitons \u00e0 d\u00e9couvrir avec nous ce pays tr\u00e8s vari\u00e9. Des villes au d\u00e9sert, en passant par la plage et la mer, le Maroc a tout \u00e0 offrir. <\/span><\/h4>\n<\/div>\n<\/div>\n<\/div>\n<\/div>\n<\/div>\n<\/div>\n<\/div>\n<div id=\"\" class=\"brz-css-17a4953 brz-css-6sqd7 brz-css-1hwpr2x brz-wrapper\">\n<div class=\"brz-spacer brz-css-xfa019 brz-css-1q4x9by\"><\/div>\n<\/div>\n<div class=\"brz-row__container brz-css-emrba6\" data-brz-custom-id=\"a9qrgS7aN1Q9\">\n<div class=\"brz-bg\"><\/div>\n<div class=\"brz-row brz-css-axgem brz-css-1yc178o\">\n<div class=\"brz-columns brz-css-utjemr brz-css-1ww5yzl\" data-brz-custom-id=\"nhrcHDpOEqUL\">\n<div class=\"brz-bg\"><\/div>\n<div class=\"brz-column__items brz-css-hyzahd brz-css-eqs106\">\n<div id=\"\" class=\"brz-css-17a4953 brz-css-1xfhnyh brz-wrapper\">\n<div class=\"brz-rich-text brz-rich-text__custom brz-css-1pt0t8g\" data-brz-custom-id=\"ej1HA2ccF0PB\">\n<div data-brz-translate-text=\"1\">\n<p class=\"brz-tp-heading2 brz-css-bnMeP\"><span class=\"brz-cp-color8\">01<\/span><\/p>\n<\/div>\n<\/div>\n<\/div>\n<div id=\"\" class=\"brz-css-17a4953 brz-css-apx7ep brz-wrapper\">\n<div class=\"brz-rich-text brz-rich-text__custom brz-css-1pt0t8g\" data-brz-custom-id=\"b67ByexJSivb\">\n<div data-brz-translate-text=\"1\">\n<p class=\"brz-fs-sm-18 brz-tp-lg-heading4 brz-css-bDIhL\" data-uniq-id=\"nUqLw\" data-generated-css=\"brz-css-qTO7W\"><span style=\"opacity: 1\" class=\"brz-cp-color8\">Individuel<\/span><\/p>\n<\/div>\n<\/div>\n<\/div>\n<div id=\"\" class=\"brz-css-17a4953 brz-wrapper\">\n<div class=\"brz-rich-text brz-rich-text__custom brz-css-1pt0t8g\" data-brz-custom-id=\"mU3bd9hjQ1JQ\">\n<div data-brz-translate-text=\"1\">\n<p class=\"brz-tp-lg-paragraph brz-css-lOG8v\" data-uniq-id=\"fhiho\" data-generated-css=\"brz-css-zDJyB\"><span style=\"opacity: 1\" class=\"brz-cp-color8\">Nous organisons ton voyage selon tes souhaits.<\/span><\/p>\n<\/div>\n<\/div>\n<\/div>\n<\/div>\n<p><a class=\"brz-a brz-container-link\" href=\"\" target=\"_self\" rel=\"noopener\" data-brz-link-type=\"page\"><\/a><\/div>\n<div class=\"brz-columns brz-css-utjemr brz-css-19l9k0s\" data-brz-custom-id=\"ujaFcCPHlNom\">\n<div class=\"brz-bg\"><\/div>\n<div class=\"brz-column__items brz-css-hyzahd brz-css-cvhnui\">\n<div id=\"\" class=\"brz-css-17a4953 brz-css-1slwplx brz-wrapper\">\n<div class=\"brz-rich-text brz-rich-text__custom brz-css-1pt0t8g\" data-brz-custom-id=\"umrE1TjALl3V\">\n<div data-brz-translate-text=\"1\">\n<p class=\"brz-tp-heading2 brz-css-wVi6v\"><span class=\"brz-cp-color8\">02<\/span><\/p>\n<\/div>\n<\/div>\n<\/div>\n<div id=\"\" class=\"brz-css-17a4953 brz-css-wqfnh6 brz-wrapper\">\n<div class=\"brz-rich-text brz-rich-text__custom brz-css-1pt0t8g\" data-brz-custom-id=\"mqDhMgmKq0mt\">\n<div data-brz-translate-text=\"1\">\n<p class=\"brz-fs-sm-18 brz-tp-lg-heading4 brz-css-dCHfl\" data-uniq-id=\"uXfzn\" data-generated-css=\"brz-css-oci1f\"><span style=\"opacity: 1\" class=\"brz-cp-color8\">Authentique<\/span><\/p>\n<\/div>\n<\/div>\n<\/div>\n<div id=\"\" class=\"brz-css-17a4953 brz-wrapper\">\n<div class=\"brz-rich-text brz-rich-text__custom brz-css-1pt0t8g\" data-brz-custom-id=\"iUo6VtyJFpqA\">\n<div data-brz-translate-text=\"1\">\n<p class=\"brz-tp-lg-paragraph brz-css-ud5iR\" data-generated-css=\"brz-css-youjW\" data-uniq-id=\"o8EzN\"><span style=\"opacity: 1\" class=\"brz-cp-color8\">D\u00e9couvre le pays et ses habitants de mani\u00e8re authentique.<\/span><\/p>\n<\/div>\n<\/div>\n<\/div>\n<\/div>\n<p><a class=\"brz-a brz-container-link\" href=\"\" target=\"_self\" rel=\"noopener\" data-brz-link-type=\"page\"><\/a><\/div>\n<div class=\"brz-columns brz-css-utjemr brz-css-10hzyal\" data-brz-custom-id=\"kFCRdGGdHgHA\">\n<div class=\"brz-bg\"><\/div>\n<div class=\"brz-column__items brz-css-hyzahd brz-css-do7pu9\">\n<div id=\"\" class=\"brz-css-17a4953 brz-css-1ti1bfm brz-wrapper\">\n<div class=\"brz-rich-text brz-rich-text__custom brz-css-1pt0t8g\" data-brz-custom-id=\"shj27HiCbxsv\">\n<div data-brz-translate-text=\"1\">\n<p class=\"brz-tp-heading2 brz-css-mVG8b\"><span class=\"brz-cp-color8\">03<\/span><\/p>\n<\/div>\n<\/div>\n<\/div>\n<div id=\"\" class=\"brz-css-17a4953 brz-css-1rxypab brz-wrapper\">\n<div class=\"brz-rich-text brz-rich-text__custom brz-css-1pt0t8g\" data-brz-custom-id=\"vaw4UVtxNs4P\">\n<div data-brz-translate-text=\"1\">\n<p class=\"brz-fs-sm-18 brz-tp-lg-heading4 brz-css-zE0vN\" data-uniq-id=\"x5ofV\" data-generated-css=\"brz-css-fyqAL\"><span style=\"opacity: 1\" class=\"brz-cp-color8\">Personnel<\/span><\/p>\n<\/div>\n<\/div>\n<\/div>\n<div id=\"\" class=\"brz-css-17a4953 brz-wrapper\">\n<div class=\"brz-rich-text brz-rich-text__custom brz-css-1pt0t8g\" data-brz-custom-id=\"nAXG23REPsMo\">\n<div data-brz-translate-text=\"1\">\n<p class=\"brz-tp-lg-paragraph brz-css-wLdNA\" data-uniq-id=\"gxQXH\" data-generated-css=\"brz-css-iWQxx\"><span style=\"opacity: 1\" class=\"brz-cp-color8\">Nous sommes une petite entreprise familiale et nous te conseillons volontiers personnellement.<\/span><\/p>\n<\/div>\n<\/div>\n<\/div>\n<\/div>\n<p><a class=\"brz-a brz-container-link\" href=\"\" target=\"_self\" rel=\"noopener\" data-brz-link-type=\"page\"><\/a><\/div>\n<\/div>\n<\/div>\n<\/div>\n<\/div>\n<\/section>\n<section id=\"_ln_xB48mYV79\" class=\"brz-section brz-css-1c2otes\">\n<div class=\"brz-section__content brz-section--boxed brz-css-glbusd brz-css-1vtg98o\" data-brz-custom-id=\"e73T3G2QQJfe\">\n<div class=\"brz-container brz-css-1dn9qs7\">\n<div class=\"brz-row__container brz-css-emrba6\" data-brz-custom-id=\"kajSYdiVE5N1\">\n<div class=\"brz-bg\"><\/div>\n<div class=\"brz-row brz-css-axgem\">\n<div class=\"brz-columns brz-css-utjemr\" data-brz-custom-id=\"ssr9i0ZKudRs\">\n<div class=\"brz-bg\"><\/div>\n<div class=\"brz-column__items brz-css-hyzahd\">\n<div id=\"\" class=\"brz-css-17a4953 brz-wrapper\">\n<div class=\"brz-rich-text brz-rich-text__custom brz-css-1pt0t8g\" data-brz-custom-id=\"f3fDiJjaKp3m\">\n<div data-brz-translate-text=\"1\">\n<p class=\"brz-tp-lg-paragraph brz-text-lg-left brz-text-xs-center brz-fss-lg-px brz-fw-lg-700 brz-ls-lg-1 brz-lh-lg-1_3 brz-ff-roboto brz-ft-google brz-fs-lg-16 brz-css-njLEX\" data-generated-css=\"brz-css-mBf2X\" data-uniq-id=\"q2evS\"><strong>Passe la nuit dans le d\u00e9sert, sous le ciel \u00e9toil\u00e9, dans une tente b\u00e9douine originale. Laisse-toi guider par un dromadaire \u00e0 travers le d\u00e9sert et d\u00e9couvre les multiples formes des dunes.<\/strong><\/p>\n<\/div>\n<\/div>\n<\/div>\n<div id=\"\" class=\"brz-css-17a4953 brz-wrapper\">\n<div class=\"brz-image brz-css-mo46qn\" data-brz-custom-id=\"axIOlrx0zLgI\"><img decoding=\"async\" class=\"brz-img\" src=\"https:\/\/vacation-morocco.com\/fr?brizy_media=wp-40f0266b56cab50e89ee3c91b2e90b2f.jpg&amp;brizy_crop=iW%3D605%26iH%3D403%26oX%3D33%26oY%3D0%26cW%3D540%26cH%3D403\" alt=\"\" loading=\"lazy\"><\/div>\n<\/div>\n<div class=\"brz-wrapper-clone brz-css-2xgv3i\">\n<div class=\"brz-d-xs-flex brz-flex-xs-wrap brz-css-o1wr3k\" data-brz-custom-id=\"\">\n<div class=\"brz-wrapper-clone__item\" id=\"uejosmHbgPRK\"><a class=\"brz-a brz-btn brz-css-1litp64 brz-css-1tg5yss brz-css-sznk5y brz-css-1gew2j4\" href=\"\" target=\"_self\" rel=\"noopener\" data-brz-link-type=\"external\" data-brz-custom-id=\"uejosmHbgPRK\"><span data-brz-translate-text=\"1\" class=\"brz-span brz-text__editor\">Contact<\/span><\/a><\/div>\n<\/div>\n<\/div>\n<\/div>\n<p><a class=\"brz-a brz-container-link\" href=\"\" target=\"_self\" rel=\"noopener\" data-brz-link-type=\"page\"><\/a><\/div>\n<div class=\"brz-columns brz-css-utjemr\" data-brz-custom-id=\"wVwNa7lRChWN\">\n<div class=\"brz-bg\"><\/div>\n<div class=\"brz-column__items brz-css-hyzahd\">\n<div id=\"\" class=\"brz-css-17a4953 brz-wrapper\">\n<div class=\"brz-map brz-map_styles brz-css-vfgsr7 brz-css-1vrglj\" data-brz-custom-id=\"kqnsj8AWx8td\">\n<div class=\"brz-ui-ed-map-content\"><\/div>\n<\/div>\n<\/div>\n<\/div>\n<\/div>\n<\/div>\n<\/div>\n<\/div>\n<\/div>\n<\/section>\n<\/div>\n<p>    <!-- version:1737573509 --><\/p>\n","protected":false},"excerpt":{"rendered":"<p>Maroc- Trekking du d\u00e9sert Nous t&rsquo;invitons \u00e0 d\u00e9couvrir avec nous ce pays tr\u00e8s vari\u00e9. Des villes au d\u00e9sert, en passant par la plage et la mer, le Maroc a tout \u00e0 offrir. 01 Individuel Nous organisons ton voyage selon tes souhaits. 02 Authentique D\u00e9couvre le pays et ses habitants de mani\u00e8re authentique. 03 Personnel Nous [&hellip;]<\/p>\n","protected":false},"author":2,"featured_media":0,"parent":0,"menu_order":0,"comment_status":"closed","ping_status":"closed","template":"","meta":{"_seopress_robots_primary_cat":"","_seopress_titles_title":"Randonn\u00e9es dans le D\u00e9sert Marocain : Explorez les Dunes et Vivez une Aventure Inoubliable!","_seopress_titles_desc":"Partez \u00e0 l&#039;aventure avec nos randonn\u00e9es dans le d\u00e9sert marocain. Explorez les dunes majestueuses, d\u00e9couvrez l&#039;immensit\u00e9 du Sahara et vivez des moments inoubliables sous les \u00e9toiles. Nos exp\u00e9riences de W\u00fcsten-Trekking offrent une immersion totale dans la beaut\u00e9 naturelle et la culture nomade du Maroc. R\u00e9servez maintenant pour une aventure unique, entre exploration du d\u00e9sert et d\u00e9couverte de la vie traditionnelle. Une exp\u00e9rience authentique vous attend dans les vastes \u00e9tendues du d\u00e9sert marocain.","_seopress_robots_index":"","footnotes":""},"class_list":["post-2613","page","type-page","status-publish","hentry"],"blocksy_meta":[],"brizy_media":[],"_links":{"self":[{"href":"https:\/\/vacation-morocco.com\/fr\/wp-json\/wp\/v2\/pages\/2613","targetHints":{"allow":["GET"]}}],"collection":[{"href":"https:\/\/vacation-morocco.com\/fr\/wp-json\/wp\/v2\/pages"}],"about":[{"href":"https:\/\/vacation-morocco.com\/fr\/wp-json\/wp\/v2\/types\/page"}],"author":[{"embeddable":true,"href":"https:\/\/vacation-morocco.com\/fr\/wp-json\/wp\/v2\/users\/2"}],"replies":[{"embeddable":true,"href":"https:\/\/vacation-morocco.com\/fr\/wp-json\/wp\/v2\/comments?post=2613"}],"version-history":[{"count":26,"href":"https:\/\/vacation-morocco.com\/fr\/wp-json\/wp\/v2\/pages\/2613\/revisions"}],"predecessor-version":[{"id":6820,"href":"https:\/\/vacation-morocco.com\/fr\/wp-json\/wp\/v2\/pages\/2613\/revisions\/6820"}],"wp:attachment":[{"href":"https:\/\/vacation-morocco.com\/fr\/wp-json\/wp\/v2\/media?parent=2613"}],"curies":[{"name":"wp","href":"https:\/\/api.w.org\/{rel}","templated":true}]}}