{"id":2609,"date":"2023-11-30T19:29:01","date_gmt":"2023-11-30T18:29:01","guid":{"rendered":"https:\/\/vacation-morocco.nextron.org\/brizy-1779\/"},"modified":"2026-03-25T18:29:04","modified_gmt":"2026-03-25T17:29:04","slug":"vacances-a-la-plage-agadir","status":"publish","type":"page","link":"https:\/\/vacation-morocco.com\/fr\/vacances-a-la-plage-agadir\/","title":{"rendered":"Vacances \u00e0 la mer \u00e0 Agadir"},"content":{"rendered":"<div class=\"brz-root__container brz-reset-all brz brz-root__container-page\">\n<section id=\"_hC839hRvhd1_\" class=\"brz-section brz-css-1w2p6zn\">\n<div class=\"brz-section__content brz-section--boxed brz-css-v35c12 brz-css-1mrjds2\" data-brz-custom-id=\"qmksYXDxsAGG\">\n<div class=\"brz-bg\">\n<div class=\"brz-bg-image\"><\/div>\n<\/div>\n<div class=\"brz-container brz-css-1m20587\">\n<div class=\"brz-row__container brz-css-kbyf0d\" data-brz-custom-id=\"rM8ekAj59bhc\">\n<div class=\"brz-bg\"><\/div>\n<div class=\"brz-row brz-css-6or1lw brz-css-80jym5\">\n<div class=\"brz-columns brz-css-13c8022 brz-css-8woyro\" data-brz-custom-id=\"sD1HIIRbUF8K\">\n<div class=\"brz-bg\"><\/div>\n<div class=\"brz-column__items brz-css-owyu1e\">\n<div id=\"\" class=\"brz-css-1wb0ia3 brz-wrapper\">\n<div class=\"brz-rich-text brz-rich-text__custom brz-css-dtg8jo\" data-brz-custom-id=\"eCv6DR_PMhP4\">\n<div data-brz-translate-text=\"1\">\n<h1 class=\"brz-text-xs-center brz-ff-roboto brz-ft-google brz-fs-lg-66 brz-fss-lg-px brz-fw-lg-900 brz-ls-lg-0 brz-lh-lg-1_3 brz-text-lg-center brz-tp-lg-heading1 brz-css-hcKgT\" data-uniq-id=\"pGviP\" data-generated-css=\"brz-css-eF6q0\"><span style=\"opacity: 1\" class=\"brz-cp-color2\"> <\/span><\/h1>\n<h1 class=\"brz-text-xs-center brz-ff-roboto brz-ft-google brz-fs-lg-66 brz-fss-lg-px brz-fw-lg-900 brz-ls-lg-0 brz-lh-lg-1_3 brz-text-lg-center brz-tp-lg-heading1 brz-css-a8vBN\" data-uniq-id=\"nrAgn,fErYr\" data-generated-css=\"brz-css-rlRRH,brz-css-j3X2S\"><span style=\"opacity: 1\" class=\"brz-cp-color2\">Maroc-<\/span><\/h1>\n<h1 class=\"brz-text-xs-center brz-ff-roboto brz-ft-google brz-fs-lg-66 brz-fss-lg-px brz-fw-lg-900 brz-ls-lg-0 brz-lh-lg-1_3 brz-text-lg-center brz-tp-lg-heading1 brz-css-w4tPT\" data-uniq-id=\"fErYr\" data-generated-css=\"brz-css-j3X2S\"><span style=\"opacity: 1\" class=\"brz-cp-color2\">Vacances \u00e0 la mer \u00e0 Agadir <\/span><\/h1>\n<\/div>\n<\/div>\n<\/div>\n<div id=\"\" class=\"brz-css-1wb0ia3 brz-wrapper\">\n<div class=\"brz-rich-text brz-rich-text__custom brz-css-dtg8jo\" data-brz-custom-id=\"e9BDitXulyGn\">\n<div data-brz-translate-text=\"1\">\n<h4 class=\"brz-lh-lg-1_6 brz-ls-lg-0 brz-fw-lg-400 brz-fss-lg-px brz-fs-lg-20 brz-ft-google brz-ff-roboto brz-text-lg-center brz-text-xs-center brz-tp-lg-heading4 brz-css-rqpzX\" data-generated-css=\"brz-css-zpDKt\" data-uniq-id=\"iZiOu\"><span style=\"opacity: 1\" class=\"brz-cp-color2\">Nous t&rsquo;invitons \u00e0 d\u00e9couvrir avec nous ce pays tr\u00e8s vari\u00e9. Des villes au d\u00e9sert, en passant par la plage et la mer, le Maroc a tout \u00e0 offrir. <\/span><\/h4>\n<h4 class=\"brz-lh-lg-1_6 brz-ls-lg-0 brz-fw-lg-400 brz-fss-lg-px brz-fs-lg-20 brz-ft-google brz-ff-roboto brz-text-lg-center brz-text-xs-center brz-tp-lg-heading4 brz-css-wDW44\" data-generated-css=\"brz-css-zpDKt\" data-uniq-id=\"iZiOu\"><span style=\"opacity: 1\" class=\"brz-cp-color2\"> <\/span><\/h4>\n<\/div>\n<\/div>\n<\/div>\n<\/div>\n<p><a class=\"brz-a brz-container-link\" href=\"\" target=\"_self\" rel=\"noopener\" data-brz-link-type=\"page\"><\/a><\/div>\n<\/div>\n<\/div>\n<div id=\"\" class=\"brz-css-1wb0ia3 brz-css-sgq2p7 brz-css-unx5xu brz-wrapper\">\n<div class=\"brz-spacer brz-css-12acy39 brz-css-10hqk19\"><\/div>\n<\/div>\n<div class=\"brz-row__container brz-css-kbyf0d\" data-brz-custom-id=\"tFeQhLZF4kin\">\n<div class=\"brz-bg\"><\/div>\n<div class=\"brz-row brz-css-6or1lw brz-css-80jym5\">\n<div class=\"brz-columns brz-css-13c8022 brz-css-1ye62og\" data-brz-custom-id=\"q5vhvCPwVbPA\">\n<div class=\"brz-bg\"><\/div>\n<div class=\"brz-column__items brz-css-owyu1e brz-css-fxtvi6\">\n<div id=\"\" class=\"brz-css-1wb0ia3 brz-css-pdo51z brz-wrapper\">\n<div class=\"brz-rich-text brz-rich-text__custom brz-css-dtg8jo\" data-brz-custom-id=\"cAcC7ZKfEH6Q\">\n<div data-brz-translate-text=\"1\">\n<p class=\"brz-tp-heading2 brz-css-tmvRz\"><span class=\"brz-cp-color8\">01<\/span><\/p>\n<\/div>\n<\/div>\n<\/div>\n<div id=\"\" class=\"brz-css-1wb0ia3 brz-css-54yacm brz-wrapper\">\n<div class=\"brz-rich-text brz-rich-text__custom brz-css-dtg8jo\" data-brz-custom-id=\"yJdNJNi3efDV\">\n<div data-brz-translate-text=\"1\">\n<p class=\"brz-fs-sm-18 brz-tp-lg-heading4 brz-css-hYSiF\" data-uniq-id=\"npzbV\" data-generated-css=\"brz-css-hfLFR\"><span style=\"opacity: 1\" class=\"brz-cp-color8\">Individuel<\/span><\/p>\n<\/div>\n<\/div>\n<\/div>\n<div id=\"\" class=\"brz-css-1wb0ia3 brz-wrapper\">\n<div class=\"brz-rich-text brz-rich-text__custom brz-css-dtg8jo\" data-brz-custom-id=\"oTTBH2BuAgJG\">\n<div data-brz-translate-text=\"1\">\n<p class=\"brz-tp-lg-paragraph brz-css-zt5d2\" data-uniq-id=\"vRO6f\" data-generated-css=\"brz-css-zSw2N\"><span style=\"opacity: 1\" class=\"brz-cp-color8\">Nous organisons ton voyage selon tes souhaits.<\/span><\/p>\n<\/div>\n<\/div>\n<\/div>\n<\/div>\n<p><a class=\"brz-a brz-container-link\" href=\"\" target=\"_self\" rel=\"noopener\" data-brz-link-type=\"page\"><\/a><\/div>\n<div class=\"brz-columns brz-css-13c8022 brz-css-n2ndox\" data-brz-custom-id=\"dVP0RED1iwCl\">\n<div class=\"brz-bg\"><\/div>\n<div class=\"brz-column__items brz-css-owyu1e brz-css-yuajzu\">\n<div id=\"\" class=\"brz-css-1wb0ia3 brz-css-173la6h brz-wrapper\">\n<div class=\"brz-rich-text brz-rich-text__custom brz-css-dtg8jo\" data-brz-custom-id=\"eSL_uYqxL4FD\">\n<div data-brz-translate-text=\"1\">\n<p class=\"brz-tp-heading2 brz-css-jDPiK\"><span class=\"brz-cp-color8\">02<\/span><\/p>\n<\/div>\n<\/div>\n<\/div>\n<div id=\"\" class=\"brz-css-1wb0ia3 brz-css-1v7fgkd brz-wrapper\">\n<div class=\"brz-rich-text brz-rich-text__custom brz-css-dtg8jo\" data-brz-custom-id=\"su78aQ8kW9OX\">\n<div data-brz-translate-text=\"1\">\n<p class=\"brz-fs-sm-18 brz-tp-lg-heading4 brz-css-jPtHv\" data-uniq-id=\"tICN0\" data-generated-css=\"brz-css-hrgjP\"><span style=\"opacity: 1\" class=\"brz-cp-color8\">Authentique<\/span><\/p>\n<\/div>\n<\/div>\n<\/div>\n<div id=\"\" class=\"brz-css-1wb0ia3 brz-wrapper\">\n<div class=\"brz-rich-text brz-rich-text__custom brz-css-dtg8jo\" data-brz-custom-id=\"uky_w4BYMjZn\">\n<div data-brz-translate-text=\"1\">\n<p class=\"brz-tp-lg-paragraph brz-css-ivcGf\" data-generated-css=\"brz-css-nSHAV\" data-uniq-id=\"abWSG\"><span style=\"opacity: 1\" class=\"brz-cp-color8\">D\u00e9couvre le pays et ses habitants de mani\u00e8re authentique.<\/span><\/p>\n<\/div>\n<\/div>\n<\/div>\n<\/div>\n<p><a class=\"brz-a brz-container-link\" href=\"\" target=\"_self\" rel=\"noopener\" data-brz-link-type=\"page\"><\/a><\/div>\n<div class=\"brz-columns brz-css-13c8022 brz-css-7k3pno\" data-brz-custom-id=\"uM5zFXtuXwdt\">\n<div class=\"brz-bg\"><\/div>\n<div class=\"brz-column__items brz-css-owyu1e brz-css-1quuuqi\">\n<div id=\"\" class=\"brz-css-1wb0ia3 brz-css-x4qmh brz-wrapper\">\n<div class=\"brz-rich-text brz-rich-text__custom brz-css-dtg8jo\" data-brz-custom-id=\"qXtf3xmqD2HB\">\n<div data-brz-translate-text=\"1\">\n<p class=\"brz-tp-heading2 brz-css-hWgp5\"><span class=\"brz-cp-color8\">03<\/span><\/p>\n<\/div>\n<\/div>\n<\/div>\n<div id=\"\" class=\"brz-css-1wb0ia3 brz-css-1cgqrln brz-wrapper\">\n<div class=\"brz-rich-text brz-rich-text__custom brz-css-dtg8jo\" data-brz-custom-id=\"flzyMJrL6frz\">\n<div data-brz-translate-text=\"1\">\n<p class=\"brz-fs-sm-18 brz-tp-lg-heading4 brz-css-b2NYZ\" data-uniq-id=\"aDEXp\" data-generated-css=\"brz-css-m4ugm\"><span style=\"opacity: 1\" class=\"brz-cp-color8\">Personnel<\/span><\/p>\n<\/div>\n<\/div>\n<\/div>\n<div id=\"\" class=\"brz-css-1wb0ia3 brz-wrapper\">\n<div class=\"brz-rich-text brz-rich-text__custom brz-css-dtg8jo\" data-brz-custom-id=\"bvifqeAN9KTX\">\n<div data-brz-translate-text=\"1\">\n<p class=\"brz-tp-lg-paragraph brz-css-u31wj\" data-uniq-id=\"tiNGv\" data-generated-css=\"brz-css-nMFaE\"><span style=\"opacity: 1\" class=\"brz-cp-color8\">Nous sommes une petite entreprise familiale et nous te conseillons volontiers personnellement.<\/span><\/p>\n<\/div>\n<\/div>\n<\/div>\n<\/div>\n<p><a class=\"brz-a brz-container-link\" href=\"\" target=\"_self\" rel=\"noopener\" data-brz-link-type=\"page\"><\/a><\/div>\n<\/div>\n<\/div>\n<\/div>\n<\/div>\n<\/section>\n<section id=\"_k2czzOiDwze0\" class=\"brz-section brz-css-1w2p6zn brz-css-19wcp2t\">\n<div class=\"brz-slick-slider brz-slick-slider__section\" data-slides-to-show=\"1\" data-slides-to-scroll=\"1\" data-arrows=\"true\" data-dots=\"true\" data-dots-class=\"brz-slick-slider__dots brz-slick-slider__dots--square\" data-fade=\"false\" data-vertical=\"false\" data-auto-play=\"false\" data-auto-play-speed=\"3000\" data-animation-speed=\"500\" data-swipe=\"true\" data-responsive=\"%5B%7B%22breakpoint%22%3A767%2C%22settings%22%3A%7B%22slidesToShow%22%3A1%2C%22slidesToScroll%22%3A1%7D%7D%5D\">\n<div>\n<div class=\"brz-section__content brz-section--boxed brz-css-v35c12 brz-css-1bvrdx8\" data-brz-custom-id=\"g82jeTAR8_O7\">\n<div class=\"brz-bg\">\n<div class=\"brz-bg-color\"><\/div>\n<\/div>\n<div class=\"brz-container brz-css-1m20587\">\n<div class=\"brz-row__container brz-css-kbyf0d\" data-brz-custom-id=\"f9GKj1d2dRz7\">\n<div class=\"brz-bg\"><\/div>\n<div class=\"brz-row brz-css-6or1lw brz-css-80jym5\">\n<div class=\"brz-columns brz-css-13c8022 brz-css-4dzm9y\" data-brz-custom-id=\"ipLa7l5Hv4Hi\">\n<div class=\"brz-bg\">\n<div class=\"brz-bg-image\"><\/div>\n<\/div>\n<div class=\"brz-column__items brz-css-owyu1e brz-css-hf9pc9\">\n<div id=\"\" class=\"brz-css-1wb0ia3 brz-css-sgq2p7 brz-wrapper\">\n<div class=\"brz-spacer brz-css-12acy39 brz-css-1t09qk6\"><\/div>\n<\/div>\n<\/div>\n<p><a class=\"brz-a brz-container-link\" href=\"\" target=\"_self\" rel=\"noopener\" data-brz-link-type=\"page\"><\/a><\/div>\n<div class=\"brz-columns brz-css-13c8022 brz-css-6kxyew\" data-brz-custom-id=\"c5kjgYXH_fQi\">\n<div class=\"brz-bg\">\n<div class=\"brz-bg-color\"><\/div>\n<\/div>\n<div class=\"brz-column__items brz-css-owyu1e brz-css-1jd6m2k\">\n<div id=\"\" class=\"brz-css-1wb0ia3 brz-css-wqxtpl brz-wrapper\">\n<div class=\"brz-rich-text brz-rich-text__custom brz-css-dtg8jo\" data-brz-custom-id=\"sN34uipFTqlH\">\n<div data-brz-translate-text=\"1\">\n<h2 class=\"brz-text-xs-center brz-tp-lg-heading2 brz-text-lg-left brz-css-krLRs\" data-uniq-id=\"cKymJ\" data-generated-css=\"brz-css-tah7T\">Eau bleu profond<\/h2>\n<\/div>\n<\/div>\n<\/div>\n<div id=\"\" class=\"brz-css-1wb0ia3 brz-wrapper\">\n<div class=\"brz-rich-text brz-rich-text__custom brz-css-dtg8jo\" data-brz-custom-id=\"jj74lXfKkI9H\">\n<div data-brz-translate-text=\"1\">\n<p class=\"brz-mb-sm-0 brz-mb-xs-15 brz-tp-lg-paragraph brz-text-xs-center brz-mb-lg-20 brz-css-dfhNr\" data-generated-css=\"brz-css-piLBl\" data-uniq-id=\"vGlGP\"><strong>Agadir est un lieu id\u00e9al pour planifier des vacances baln\u00e9aires apr\u00e8s un circuit. Tu peux ainsi te d\u00e9tendre un peu et assimiler les merveilleuses impressions. Il y a toujours une brise fra\u00eeche sur l&rsquo;Atlantique, ce qui fait qu&rsquo;il ne fait jamais trop chaud au bord de la mer, m\u00eame en \u00e9t\u00e9.<\/strong><\/p>\n<\/div>\n<\/div>\n<\/div>\n<div class=\"brz-wrapper-clone brz-css-1sqtodh\">\n<div class=\"brz-d-xs-flex brz-flex-xs-wrap brz-css-1hk7z9w\" data-brz-custom-id=\"\">\n<div class=\"brz-wrapper-clone__item\" id=\"rN7YQC3_qPeS\"><a class=\"brz-a brz-btn brz-css-1an6is0 brz-css-1lxoxcp brz-css-tsfxcd brz-css-1l2fkf2\" href=\"\" target=\"_self\" rel=\"noopener\" data-brz-link-type=\"external\" data-brz-custom-id=\"rN7YQC3_qPeS\"><span data-brz-translate-text=\"1\" class=\"brz-span brz-text__editor\">Contact<\/span><\/a><\/div>\n<\/div>\n<\/div>\n<\/div>\n<p><a class=\"brz-a brz-container-link\" href=\"\" target=\"_self\" rel=\"noopener\" data-brz-link-type=\"page\"><\/a><\/div>\n<\/div>\n<\/div>\n<\/div>\n<\/div>\n<\/div>\n<\/div>\n<\/section>\n<\/div>\n<p>    <!-- version:1737391315 --><\/p>\n","protected":false},"excerpt":{"rendered":"<p>Maroc- Vacances \u00e0 la mer \u00e0 Agadir Nous t&rsquo;invitons \u00e0 d\u00e9couvrir avec nous ce pays tr\u00e8s vari\u00e9. Des villes au d\u00e9sert, en passant par la plage et la mer, le Maroc a tout \u00e0 offrir. 01 Individuel Nous organisons ton voyage selon tes souhaits. 02 Authentique D\u00e9couvre le pays et ses habitants de mani\u00e8re authentique. [&hellip;]<\/p>\n","protected":false},"author":2,"featured_media":0,"parent":0,"menu_order":0,"comment_status":"closed","ping_status":"closed","template":"","meta":{"_seopress_robots_primary_cat":"","_seopress_titles_title":"Vacances Baln\u00e9aires \u00e0 Agadir : D\u00e9tente et Plaisir sur les Plages Ensoleill\u00e9es du Maroc!","_seopress_titles_desc":"Plongez dans le luxe des vacances baln\u00e9aires \u00e0 Agadir, Maroc. Profitez du soleil, des plages dor\u00e9es et des eaux cristallines de l&#039;Atlantique. D\u00e9tendez-vous dans des h\u00e9bergements de qualit\u00e9, savourez une cuisine d\u00e9licieuse et explorez la beaut\u00e9 naturelle de la r\u00e9gion. Nos offres de badeferien \u00e0 Agadir promettent une escapade idyllique o\u00f9 le bien-\u00eatre et le plaisir sont au rendez-vous. R\u00e9servez maintenant pour des moments de d\u00e9tente et de bonheur sur la c\u00f4te ensoleill\u00e9e du Maroc.","_seopress_robots_index":"","footnotes":""},"class_list":["post-2609","page","type-page","status-publish","hentry"],"blocksy_meta":[],"brizy_media":[{"id":1784,"url":"https:\/\/vacation-morocco.com\/wp-content\/uploads\/2023\/11\/Agadir-Strand-2-Kopie-scaled.jpg","name":"Agadir-Strand-2-Kopie.jpg","meta":{"brizy_attachment_uid":"wp-8075668662710fd19c166509657949a3.jpg","brizy_post_uid":["c53acd46b7e7f7057b1dadf8fc771240"]}}],"_links":{"self":[{"href":"https:\/\/vacation-morocco.com\/fr\/wp-json\/wp\/v2\/pages\/2609","targetHints":{"allow":["GET"]}}],"collection":[{"href":"https:\/\/vacation-morocco.com\/fr\/wp-json\/wp\/v2\/pages"}],"about":[{"href":"https:\/\/vacation-morocco.com\/fr\/wp-json\/wp\/v2\/types\/page"}],"author":[{"embeddable":true,"href":"https:\/\/vacation-morocco.com\/fr\/wp-json\/wp\/v2\/users\/2"}],"replies":[{"embeddable":true,"href":"https:\/\/vacation-morocco.com\/fr\/wp-json\/wp\/v2\/comments?post=2609"}],"version-history":[{"count":24,"href":"https:\/\/vacation-morocco.com\/fr\/wp-json\/wp\/v2\/pages\/2609\/revisions"}],"predecessor-version":[{"id":6821,"href":"https:\/\/vacation-morocco.com\/fr\/wp-json\/wp\/v2\/pages\/2609\/revisions\/6821"}],"wp:attachment":[{"href":"https:\/\/vacation-morocco.com\/fr\/wp-json\/wp\/v2\/media?parent=2609"}],"curies":[{"name":"wp","href":"https:\/\/api.w.org\/{rel}","templated":true}]}}