{"id":2675,"date":"2023-11-27T11:19:38","date_gmt":"2023-11-27T10:19:38","guid":{"rendered":"https:\/\/vacation-morocco.nextron.org\/grosse-rundreise\/"},"modified":"2026-03-22T19:03:05","modified_gmt":"2026-03-22T18:03:05","slug":"gran-vuelta","status":"publish","type":"page","link":"https:\/\/vacation-morocco.com\/es\/gran-vuelta\/","title":{"rendered":"Gran vuelta"},"content":{"rendered":"<div class=\"brz-root__container brz-reset-all brz brz-root__container-page\">\n<section id=\"_woiebrPutVPU\" class=\"brz-section brz-css-1rm3iwl\">\n<div class=\"brz-section__content brz-section--boxed brz-css-mwel5q brz-css-1lzcmqq\" data-brz-custom-id=\"gmldLNbnPjBd\">\n<div class=\"brz-bg\">\n<div class=\"brz-bg-image\"><\/div>\n<\/div>\n<div class=\"brz-container brz-css-1rrpucd\">\n<div class=\"brz-row__container brz-css-19zx3jz\" data-brz-custom-id=\"lheuezeTGm_U\">\n<div class=\"brz-bg\"><\/div>\n<div class=\"brz-row brz-css-1dvytpb brz-css-1th0b9y\">\n<div class=\"brz-columns brz-css-eyl89b brz-css-1ncwrsl\" data-brz-custom-id=\"dA7niLyjo8LO\">\n<div class=\"brz-bg\"><\/div>\n<div class=\"brz-column__items brz-css-ku119r\">\n<div id=\"\" class=\"brz-css-1ec1uku brz-wrapper\">\n<div class=\"brz-rich-text brz-rich-text__custom brz-css-75nyfv\" data-brz-custom-id=\"qSLwkM5ZFIKy\">\n<div data-brz-translate-text=\"1\">\n<h1 class=\"brz-tp-lg-heading1 brz-text-lg-center brz-lh-lg-1_3 brz-ls-lg-0 brz-fw-lg-900 brz-fss-lg-px brz-fs-lg-66 brz-ft-google brz-ff-roboto brz-text-xs-center brz-css-rGBR3\" data-generated-css=\"brz-css-pvz7C\" data-uniq-id=\"fQD94\"><span style=\"opacity: 1\" class=\"brz-cp-color2\">Marruecos-<\/span><\/h1>\n<h1 class=\"brz-tp-lg-heading1 brz-text-lg-center brz-lh-lg-1_3 brz-ls-lg-0 brz-fw-lg-900 brz-fss-lg-px brz-fs-lg-66 brz-ft-google brz-ff-roboto brz-text-xs-center brz-css-zX0DW\" data-generated-css=\"brz-css-p2E4_\" data-uniq-id=\"rxkLi\"><span style=\"opacity: 1\" class=\"brz-cp-color2\">Gran vuelta<\/span><\/h1>\n<\/div>\n<\/div>\n<\/div>\n<div id=\"\" class=\"brz-css-1ec1uku brz-wrapper\">\n<div class=\"brz-rich-text brz-rich-text__custom brz-css-75nyfv\" data-brz-custom-id=\"mwI05JY3kQyC\">\n<div data-brz-translate-text=\"1\">\n<h4 class=\"brz-ff-roboto brz-lh-lg-1_3 brz-ls-lg-0 brz-fw-lg-900 brz-fss-lg-px brz-fs-lg-18 brz-ft-google brz-text-xs-center brz-text-lg-center brz-tp-lg-heading4 brz-css-cBdA5\" data-uniq-id=\"i8a2G\" data-generated-css=\"brz-css-s7VaR\"><span style=\"opacity: 1\" class=\"brz-cp-color2\">Te invitamos a descubrir este pa\u00eds diverso con nosotros. Desde ciudades hasta desierto, playa y mar, Marruecos lo tiene todo.<\/span><\/h4>\n<\/div>\n<\/div>\n<\/div>\n<\/div>\n<\/div>\n<\/div>\n<\/div>\n<div id=\"\" class=\"brz-css-1ec1uku brz-css-6lazpd brz-css-11wyyvh brz-wrapper\">\n<div class=\"brz-spacer brz-css-1t7qajh brz-css-12cu4j8\"><\/div>\n<\/div>\n<div class=\"brz-row__container brz-css-19zx3jz\" data-brz-custom-id=\"xbBmRpHv6Qtu\">\n<div class=\"brz-bg\"><\/div>\n<div class=\"brz-row brz-css-1dvytpb brz-css-1th0b9y\">\n<div class=\"brz-columns brz-css-eyl89b brz-css-bjtlp9\" data-brz-custom-id=\"zZCxIiflFwkR\">\n<div class=\"brz-bg\"><\/div>\n<div class=\"brz-column__items brz-css-ku119r brz-css-1twphtr\">\n<div id=\"\" class=\"brz-css-1ec1uku brz-css-1cekbf7 brz-wrapper\">\n<div class=\"brz-rich-text brz-rich-text__custom brz-css-75nyfv\" data-brz-custom-id=\"bfV8F5_rXFzC\">\n<div data-brz-translate-text=\"1\">\n<p class=\"brz-tp-heading2 brz-css-j5eyJ\"><span class=\"brz-cp-color8\">01<\/span><\/p>\n<\/div>\n<\/div>\n<\/div>\n<div id=\"\" class=\"brz-css-1ec1uku brz-css-dlqfm0 brz-wrapper\">\n<div class=\"brz-rich-text brz-rich-text__custom brz-css-75nyfv\" data-brz-custom-id=\"vuhoY2iHCX82\">\n<div data-brz-translate-text=\"1\">\n<p class=\"brz-fs-sm-18 brz-tp-lg-heading4 brz-css-bJ795\" data-uniq-id=\"p80pO\" data-generated-css=\"brz-css-hu25V\"><span style=\"opacity: 1\" class=\"brz-cp-color8\">Individualmente<\/span><\/p>\n<\/div>\n<\/div>\n<\/div>\n<div id=\"\" class=\"brz-css-1ec1uku brz-wrapper\">\n<div class=\"brz-rich-text brz-rich-text__custom brz-css-75nyfv\" data-brz-custom-id=\"nCebnJfcsJgB\">\n<div data-brz-translate-text=\"1\">\n<p class=\"brz-tp-lg-paragraph brz-css-baEEQ\" data-uniq-id=\"m077U\" data-generated-css=\"brz-css-vVzu3\"><span style=\"opacity: 1\" class=\"brz-cp-color8\">Armamos tu viaje seg\u00fan tus deseos.<\/span><\/p>\n<\/div>\n<\/div>\n<\/div>\n<\/div>\n<p><a class=\"brz-a brz-container-link\" href=\"\" target=\"_self\" rel=\"noopener\" data-brz-link-type=\"page\"><\/a><\/div>\n<div class=\"brz-columns brz-css-eyl89b brz-css-1odkkk1\" data-brz-custom-id=\"rI5DqMZXnSmx\">\n<div class=\"brz-bg\"><\/div>\n<div class=\"brz-column__items brz-css-ku119r brz-css-1hm3qcp\">\n<div id=\"\" class=\"brz-css-1ec1uku brz-css-1x4f26m brz-wrapper\">\n<div class=\"brz-rich-text brz-rich-text__custom brz-css-75nyfv\" data-brz-custom-id=\"s9kbKpch65K3\">\n<div data-brz-translate-text=\"1\">\n<p class=\"brz-tp-heading2 brz-css-oq5rK\"><span class=\"brz-cp-color8\">02<\/span><\/p>\n<\/div>\n<\/div>\n<\/div>\n<div id=\"\" class=\"brz-css-1ec1uku brz-css-11dtfl9 brz-wrapper\">\n<div class=\"brz-rich-text brz-rich-text__custom brz-css-75nyfv\" data-brz-custom-id=\"reHn87Ah19T6\">\n<div data-brz-translate-text=\"1\">\n<p class=\"brz-fs-sm-18 brz-tp-lg-heading4 brz-css-wzMJz\" data-uniq-id=\"e3e8C\" data-generated-css=\"brz-css-eVmtW\"><span style=\"opacity: 1\" class=\"brz-cp-color8\">Aut\u00e9ntico<\/span><\/p>\n<\/div>\n<\/div>\n<\/div>\n<div id=\"\" class=\"brz-css-1ec1uku brz-wrapper\">\n<div class=\"brz-rich-text brz-rich-text__custom brz-css-75nyfv\" data-brz-custom-id=\"sHv5uZDBoX8a\">\n<div data-brz-translate-text=\"1\">\n<p class=\"brz-tp-lg-paragraph brz-css-zzMD9\" data-generated-css=\"brz-css-ySBUk\" data-uniq-id=\"pjc30\"><span style=\"opacity: 1\" class=\"brz-cp-color8\">Conozca aut\u00e9nticamente el pa\u00eds y su gente.<\/span><\/p>\n<\/div>\n<\/div>\n<\/div>\n<\/div>\n<p><a class=\"brz-a brz-container-link\" href=\"\" target=\"_self\" rel=\"noopener\" data-brz-link-type=\"page\"><\/a><\/div>\n<div class=\"brz-columns brz-css-eyl89b brz-css-1hflbxv\" data-brz-custom-id=\"fo7OlICs6F0U\">\n<div class=\"brz-bg\"><\/div>\n<div class=\"brz-column__items brz-css-ku119r brz-css-yhcp3m\">\n<div id=\"\" class=\"brz-css-1ec1uku brz-css-5ln1pw brz-wrapper\">\n<div class=\"brz-rich-text brz-rich-text__custom brz-css-75nyfv\" data-brz-custom-id=\"bgFloBbSt3nF\">\n<div data-brz-translate-text=\"1\">\n<p class=\"brz-tp-heading2 brz-css-k2s9B\"><span class=\"brz-cp-color8\">03<\/span><\/p>\n<\/div>\n<\/div>\n<\/div>\n<div id=\"\" class=\"brz-css-1ec1uku brz-css-1kqb4h3 brz-wrapper\">\n<div class=\"brz-rich-text brz-rich-text__custom brz-css-75nyfv\" data-brz-custom-id=\"my3gCim0p5iB\">\n<div data-brz-translate-text=\"1\">\n<p class=\"brz-fs-sm-18 brz-tp-lg-heading4 brz-css-xf8OV\" data-uniq-id=\"rZYOn\" data-generated-css=\"brz-css-fuMry\"><span style=\"opacity: 1\" class=\"brz-cp-color8\">Personal<\/span><\/p>\n<\/div>\n<\/div>\n<\/div>\n<div id=\"\" class=\"brz-css-1ec1uku brz-wrapper\">\n<div class=\"brz-rich-text brz-rich-text__custom brz-css-75nyfv\" data-brz-custom-id=\"iGwniJLhZH6C\">\n<div data-brz-translate-text=\"1\">\n<p class=\"brz-tp-lg-paragraph brz-css-hSulE\" data-uniq-id=\"d8pb7\" data-generated-css=\"brz-css-zZCMC\"><span style=\"opacity: 1\" class=\"brz-cp-color8\">Somos una peque\u00f1a empresa familiar y estaremos encantados de asesorarle personalmente.<\/span><\/p>\n<\/div>\n<\/div>\n<\/div>\n<\/div>\n<p><a class=\"brz-a brz-container-link\" href=\"\" target=\"_self\" rel=\"noopener\" data-brz-link-type=\"page\"><\/a><\/div>\n<\/div>\n<\/div>\n<\/div>\n<\/div>\n<\/section>\n<section id=\"_mPh8e39YPGsK\" class=\"brz-section brz-css-1rm3iwl\">\n<div class=\"brz-section__content brz-section--boxed brz-css-mwel5q brz-css-wl7qdp\" data-brz-custom-id=\"nX2gDRerxFny\">\n<div class=\"brz-bg\">\n<div class=\"brz-bg-image\"><\/div>\n<\/div>\n<div class=\"brz-container brz-css-1rrpucd\">\n<div id=\"\" class=\"brz-css-1ec1uku brz-wrapper\">\n<div class=\"brz-rich-text brz-rich-text__custom brz-css-75nyfv\" data-brz-custom-id=\"d5VmXTV120zu\">\n<div data-brz-translate-text=\"1\">\n<h1 class=\"brz-text-xs-center brz-text-lg-center brz-ff-roboto brz-ft-google brz-fss-lg-px brz-fw-lg-900 brz-ls-lg-0 brz-lh-lg-1_3 brz-tp-lg-heading1 brz-fs-lg-66 brz-css-gN9vJ\" data-uniq-id=\"vE_Pw\" data-generated-css=\"brz-css-vMW1L\"><span style=\"opacity: 1\" class=\"brz-cp-color8\">Marruecos-<\/span><\/h1>\n<h1 class=\"brz-fs-lg-66 brz-text-xs-center brz-text-lg-center brz-ff-roboto brz-ft-google brz-fss-lg-px brz-fw-lg-900 brz-ls-lg-0 brz-lh-lg-1_3 brz-tp-lg-heading1 brz-css-yckka\" data-uniq-id=\"kUtMM\" data-generated-css=\"brz-css-iBSRu\"><span style=\"opacity: 1\" class=\"brz-cp-color8\">Gran vuelta<\/span><\/h1>\n<\/div>\n<\/div>\n<\/div>\n<div id=\"\" class=\"brz-css-1ec1uku brz-css-1dt0o3r brz-wrapper\">\n<div class=\"brz-rich-text brz-rich-text__custom brz-css-75nyfv\" data-brz-custom-id=\"m4wpg_vKr3jR\">\n<div data-brz-translate-text=\"1\">\n<p class=\"brz-text-lg-center brz-tp-lg-subtitle brz-css-eGsaT\" data-uniq-id=\"nqhvv\" data-generated-css=\"brz-css-wlpxr\"><\/p>\n<\/div>\n<\/div>\n<\/div>\n<div id=\"\" class=\"brz-css-1ec1uku brz-wrapper\">\n<div class=\"brz-rich-text brz-rich-text__custom brz-css-75nyfv\" data-brz-custom-id=\"hR9fZ8KxRkT1\">\n<div data-brz-translate-text=\"1\">\n<h3 class=\"brz-text-lg-center brz-lh-lg-1_3 brz-ls-lg-0 brz-fw-lg-900 brz-fss-lg-px brz-fs-lg-66 brz-ft-google brz-ff-roboto brz-tp-lg-heading3 brz-text-xs-center brz-css-ovZ7G\" data-generated-css=\"brz-css-qvPbj\" data-uniq-id=\"m_vca\"><span style=\"opacity: 1\" class=\"brz-cp-color8\">Viaja a todos los lugares importantes del pa\u00eds. De esta manera podr\u00e1s conocer el pa\u00eds desde todos los \u00e1ngulos. Dependiendo del lugar de recogida, el viaje comienza en un punto diferente.<\/span><\/h3>\n<\/div>\n<\/div>\n<\/div>\n<div id=\"\" class=\"brz-css-1ec1uku brz-css-6lazpd brz-wrapper\">\n<div class=\"brz-spacer brz-css-1t7qajh brz-css-19gmdef\"><\/div>\n<\/div>\n<div id=\"\" class=\"brz-css-1ec1uku brz-css-6lazpd brz-css-162f6ut brz-wrapper\">\n<div class=\"brz-spacer brz-css-1t7qajh brz-css-1k77sst\"><\/div>\n<\/div>\n<\/div>\n<\/div>\n<\/section>\n<section id=\"_gi3EiOINRhFs\" class=\"brz-section brz-css-1rm3iwl\">\n<div class=\"brz-section__content brz-section--boxed brz-css-mwel5q brz-css-1d1qoc8\" data-brz-custom-id=\"lwvA2n3Zb5ao\">\n<div class=\"brz-container brz-css-1rrpucd\">\n<div class=\"brz-row__container brz-css-19zx3jz\" data-brz-custom-id=\"qNaZrEoYnJbA\">\n<div class=\"brz-bg\"><\/div>\n<div class=\"brz-row brz-css-1dvytpb\">\n<div class=\"brz-columns brz-css-eyl89b\" data-brz-custom-id=\"nrQlpOwBKPKf\">\n<div class=\"brz-bg\"><\/div>\n<div class=\"brz-column__items brz-css-ku119r\">\n<div id=\"\" class=\"brz-css-1ec1uku brz-wrapper\">\n<div class=\"brz-rich-text brz-rich-text__custom brz-css-75nyfv\" data-brz-custom-id=\"bt3X3Pp2HZSE\">\n<div data-brz-translate-text=\"1\">\n<p class=\"brz-text-lg-left brz-text-xs-center brz-fss-lg-px brz-fw-lg-700 brz-ls-lg-1 brz-lh-lg-1_3 brz-ff-roboto brz-ft-google brz-fs-lg-16 brz-tp-lg-paragraph brz-css-uUx4g\" data-generated-css=\"brz-css-oy4zy\" data-uniq-id=\"jN7Bq\"><strong>D\u00eda 1 Llegada a Casablanca<\/strong><\/p>\n<p class=\"brz-text-lg-left brz-text-xs-center brz-fss-lg-px brz-fw-lg-700 brz-ls-lg-1 brz-lh-lg-1_3 brz-ff-roboto brz-ft-google brz-fs-lg-16 brz-tp-lg-paragraph brz-css-a5EjW\" data-generated-css=\"brz-css-m_bTs\" data-uniq-id=\"aqK40\"><strong>D\u00eda 2 Explorando Casablanca y Rabat (Pernocte en Rabat)<\/strong><\/p>\n<p class=\"brz-text-lg-left brz-text-xs-center brz-fss-lg-px brz-fw-lg-700 brz-ls-lg-1 brz-lh-lg-1_3 brz-ff-roboto brz-ft-google brz-fs-lg-16 brz-tp-lg-paragraph brz-css-k482I\" data-generated-css=\"brz-css-ypovW\" data-uniq-id=\"dWOdK\"><strong>D\u00eda 3 Continuamos desde Rabat hasta Chefchouen en la ciudad azul.<\/strong><\/p>\n<p class=\"brz-text-lg-left brz-text-xs-center brz-fss-lg-px brz-fw-lg-700 brz-ls-lg-1 brz-lh-lg-1_3 brz-ff-roboto brz-ft-google brz-fs-lg-16 brz-tp-lg-paragraph brz-css-kvwG6\" data-generated-css=\"brz-css-fNjy5\" data-uniq-id=\"h3Es_\"><strong>D\u00eda 4 De Chefchouen v\u00eda Volubilis a Fez<\/strong><\/p>\n<p class=\"brz-text-lg-left brz-text-xs-center brz-fss-lg-px brz-fw-lg-700 brz-ls-lg-1 brz-lh-lg-1_3 brz-ff-roboto brz-ft-google brz-fs-lg-16 brz-tp-lg-paragraph brz-css-kyvyL\" data-generated-css=\"brz-css-diLNr\" data-uniq-id=\"nIWNP\"><strong>D\u00eda 5 Explorando Fez<\/strong><\/p>\n<p class=\"brz-text-lg-left brz-text-xs-center brz-fss-lg-px brz-fw-lg-700 brz-ls-lg-1 brz-lh-lg-1_3 brz-ff-roboto brz-ft-google brz-fs-lg-16 brz-tp-lg-paragraph brz-css-qd9ae\" data-generated-css=\"brz-css-xrW_Q\" data-uniq-id=\"mWwUU\"><strong>D\u00eda 6 Continuaci\u00f3n de Fez a Merzouga<\/strong><\/p>\n<p class=\"brz-text-lg-left brz-text-xs-center brz-fss-lg-px brz-fw-lg-700 brz-ls-lg-1 brz-lh-lg-1_3 brz-ff-roboto brz-ft-google brz-fs-lg-16 brz-tp-lg-paragraph brz-css-e5_gI\" data-generated-css=\"brz-css-fQL2l\" data-uniq-id=\"c5vfs\"><strong>D\u00eda 7 Disfruta del maravilloso silencio del desierto.<\/strong><\/p>\n<p class=\"brz-text-lg-left brz-text-xs-center brz-fss-lg-px brz-fw-lg-700 brz-ls-lg-1 brz-lh-lg-1_3 brz-ff-roboto brz-ft-google brz-fs-lg-16 brz-tp-lg-paragraph brz-css-o0gct\" data-generated-css=\"brz-css-jQGbI\" data-uniq-id=\"tdoy9\"><strong>D\u00eda 8 Despu\u00e9s del d\u00eda en el desierto continuamos hacia el aut\u00e9ntico pueblo de Skoura cerca de Ouarzazate.<\/strong><\/p>\n<p class=\"brz-text-lg-left brz-text-xs-center brz-fss-lg-px brz-fw-lg-700 brz-ls-lg-1 brz-lh-lg-1_3 brz-ff-roboto brz-ft-google brz-fs-lg-16 brz-tp-lg-paragraph brz-css-qFp8v\" data-generated-css=\"brz-css-cDX1p\" data-uniq-id=\"ylCUy\"><strong>D\u00eda 9 Despu\u00e9s de Skoura viajamos a la ciudad roja, Marrakech.<\/strong><\/p>\n<p class=\"brz-text-lg-left brz-text-xs-center brz-fss-lg-px brz-fw-lg-700 brz-ls-lg-1 brz-lh-lg-1_3 brz-ff-roboto brz-ft-google brz-fs-lg-16 brz-tp-lg-paragraph brz-css-hAqPV\" data-generated-css=\"brz-css-gFdoY\" data-uniq-id=\"ePqbB\"><strong>D\u00eda 10 Hoy tienes tiempo para descubrir Marrakech.<\/strong><\/p>\n<p class=\"brz-text-lg-left brz-text-xs-center brz-fss-lg-px brz-fw-lg-700 brz-ls-lg-1 brz-lh-lg-1_3 brz-ff-roboto brz-ft-google brz-fs-lg-16 brz-tp-lg-paragraph brz-css-eDSZf\" data-generated-css=\"brz-css-kMutj\" data-uniq-id=\"eTboV\"><strong>D\u00eda 11 D\u00eda libre disponible. Estaremos encantados de ayudarle con un programa. (Curso de cocina\/reposter\u00eda, visita al mercado, Jardine Majorel, etc.)<\/strong><\/p>\n<p class=\"brz-text-lg-left brz-text-xs-center brz-fss-lg-px brz-fw-lg-700 brz-ls-lg-1 brz-lh-lg-1_3 brz-ff-roboto brz-ft-google brz-fs-lg-16 brz-tp-lg-paragraph brz-css-z7Xr7\" data-generated-css=\"brz-css-ufMRX\" data-uniq-id=\"kYRsp\"><strong>D\u00eda 12 Viajamos a la bonita ciudad costera de Essaouira.<\/strong><\/p>\n<p class=\"brz-text-lg-left brz-text-xs-center brz-fss-lg-px brz-fw-lg-700 brz-ls-lg-1 brz-lh-lg-1_3 brz-ff-roboto brz-ft-google brz-fs-lg-16 brz-tp-lg-paragraph brz-css-nEtqE\" data-generated-css=\"brz-css-bQQWo\" data-uniq-id=\"d4Lqt\"><strong>D\u00eda 13 Hoy puedes descubrir Essaouira por tu cuenta<\/strong><\/p>\n<p class=\"brz-text-lg-left brz-text-xs-center brz-fss-lg-px brz-fw-lg-700 brz-ls-lg-1 brz-lh-lg-1_3 brz-ff-roboto brz-ft-google brz-fs-lg-16 brz-tp-lg-paragraph brz-css-xnZcn\" data-generated-css=\"brz-css-y65WP\" data-uniq-id=\"x_axu\"><strong>D\u00eda 14 El viaje ya ha terminado. Hoy viajamos de Essaouira a Casablanca.<\/strong><\/p>\n<p class=\"brz-text-lg-left brz-text-xs-center brz-fss-lg-px brz-fw-lg-700 brz-ls-lg-1 brz-lh-lg-1_3 brz-ff-roboto brz-ft-google brz-fs-lg-16 brz-tp-lg-paragraph brz-css-wXolx\" data-generated-css=\"brz-css-hNf2m\" data-uniq-id=\"vgAnF\"><strong>D\u00eda 15 Salida Casablanca<\/strong><\/p>\n<\/div>\n<\/div>\n<\/div>\n<div class=\"brz-wrapper-clone brz-css-frzdp7\">\n<div class=\"brz-d-xs-flex brz-flex-xs-wrap brz-css-1rf5gk0\" data-brz-custom-id=\"\">\n<div class=\"brz-wrapper-clone__item\" id=\"x8jOyjG34XjT\"><a class=\"brz-a brz-btn brz-css-1ltg9ff brz-css-1oum59 brz-css-s80017 brz-css-7kcckt\" href=\"\" target=\"_self\" rel=\"noopener\" data-brz-link-type=\"page\" data-brz-custom-id=\"x8jOyjG34XjT\"><span data-brz-translate-text=\"1\" class=\"brz-span brz-text__editor\">Contacto<\/span><\/a><\/div>\n<\/div>\n<\/div>\n<\/div>\n<p><a class=\"brz-a brz-container-link\" href=\"\" target=\"_self\" rel=\"noopener\" data-brz-link-type=\"page\"><\/a><\/div>\n<div class=\"brz-columns brz-css-eyl89b\" data-brz-custom-id=\"cXWx0c8lBkag\">\n<div class=\"brz-bg\"><\/div>\n<div class=\"brz-column__items brz-css-ku119r\">\n<div id=\"\" class=\"brz-css-1ec1uku brz-wrapper\">\n<div class=\"brz-map brz-map_styles brz-css-wtdwmt brz-css-y4kol0\" data-brz-custom-id=\"vTy38Qq_AY17\">\n<div class=\"brz-ui-ed-map-content\"><\/div>\n<\/div>\n<\/div>\n<\/div>\n<\/div>\n<\/div>\n<\/div>\n<\/div>\n<\/div>\n<\/section>\n<\/div>\n<p>    <!-- version:1737565463 --><\/p>\n","protected":false},"excerpt":{"rendered":"<p>Marruecos- Gran vuelta Te invitamos a descubrir este pa\u00eds diverso con nosotros. Desde ciudades hasta desierto, playa y mar, Marruecos lo tiene todo. 01 Individualmente Armamos tu viaje seg\u00fan tus deseos. 02 Aut\u00e9ntico Conozca aut\u00e9nticamente el pa\u00eds y su gente. 03 Personal Somos una peque\u00f1a empresa familiar y estaremos encantados de asesorarle personalmente. Marruecos- Gran [&hellip;]<\/p>\n","protected":false},"author":2,"featured_media":0,"parent":0,"menu_order":0,"comment_status":"closed","ping_status":"closed","template":"","meta":{"_seopress_robots_primary_cat":"","_seopress_titles_title":"Descubre la magia de Marruecos con nuestra inolvidable Gran Ruta. Explora las maravillas del pa\u00eds, desde las antiguas medinas hasta el imponente desierto. Vive una experiencia \u00fanica con nuestra completa vuelta a Marruecos. \u00a1Sum\u00e9rgete en la cultura, la historia y la belleza esc\u00e9nica en un viaje que recordar\u00e1s para siempre!","_seopress_titles_desc":"Emb\u00e1rcate en una aventura inolvidable con nuestra completa Ruta por Marruecos. Descubre la riqueza cultural, la historia fascinante y los paisajes impresionantes de este pa\u00eds \u00fanico. Desde las bulliciosas medinas hasta las majestuosas monta\u00f1as y el m\u00e1gico desierto, nuestra gran Rundreise te llevar\u00e1 a lugares extraordinarios. \u00a1Sum\u00e9rgete en la autenticidad y la belleza de Marruecos con nosotros!","_seopress_robots_index":"","footnotes":""},"class_list":["post-2675","page","type-page","status-publish","hentry"],"blocksy_meta":[],"brizy_media":[],"_links":{"self":[{"href":"https:\/\/vacation-morocco.com\/es\/wp-json\/wp\/v2\/pages\/2675","targetHints":{"allow":["GET"]}}],"collection":[{"href":"https:\/\/vacation-morocco.com\/es\/wp-json\/wp\/v2\/pages"}],"about":[{"href":"https:\/\/vacation-morocco.com\/es\/wp-json\/wp\/v2\/types\/page"}],"author":[{"embeddable":true,"href":"https:\/\/vacation-morocco.com\/es\/wp-json\/wp\/v2\/users\/2"}],"replies":[{"embeddable":true,"href":"https:\/\/vacation-morocco.com\/es\/wp-json\/wp\/v2\/comments?post=2675"}],"version-history":[{"count":21,"href":"https:\/\/vacation-morocco.com\/es\/wp-json\/wp\/v2\/pages\/2675\/revisions"}],"predecessor-version":[{"id":6844,"href":"https:\/\/vacation-morocco.com\/es\/wp-json\/wp\/v2\/pages\/2675\/revisions\/6844"}],"wp:attachment":[{"href":"https:\/\/vacation-morocco.com\/es\/wp-json\/wp\/v2\/media?parent=2675"}],"curies":[{"name":"wp","href":"https:\/\/api.w.org\/{rel}","templated":true}]}}