{"id":2671,"date":"2023-11-27T11:21:17","date_gmt":"2023-11-27T10:21:17","guid":{"rendered":"https:\/\/vacation-morocco.nextron.org\/kleine-rundreise\/"},"modified":"2026-03-22T20:20:57","modified_gmt":"2026-03-22T19:20:57","slug":"pequeno-vuelta","status":"publish","type":"page","link":"https:\/\/vacation-morocco.com\/es\/pequeno-vuelta\/","title":{"rendered":"Peque\u00f1o vuelta"},"content":{"rendered":"<div class=\"brz-root__container brz-reset-all brz brz-root__container-page\">\n<section id=\"_zXedu5wvsjJ_\" class=\"brz-section brz-css-1f6r9nl\">\n<div class=\"brz-section__content brz-section--boxed brz-css-1wtvab4 brz-css-1krm20a\" data-brz-custom-id=\"bOG_szwDh_KY\">\n<div class=\"brz-bg\">\n<div class=\"brz-bg-image\"><\/div>\n<\/div>\n<div class=\"brz-container brz-css-tixhn7\">\n<div class=\"brz-row__container brz-css-7xrxkc\" data-brz-custom-id=\"r4s8_YBPvzlq\">\n<div class=\"brz-bg\"><\/div>\n<div class=\"brz-row brz-css-ahajsz brz-css-14btk8m\">\n<div class=\"brz-columns brz-css-16kcurj brz-css-ca2b6d\" data-brz-custom-id=\"g341pDJ4hLAx\">\n<div class=\"brz-bg\"><\/div>\n<div class=\"brz-column__items brz-css-1wfitrq\">\n<div id=\"\" class=\"brz-css-7c8sdt brz-wrapper\">\n<div class=\"brz-rich-text brz-rich-text__custom brz-css-1ib86hy\" data-brz-custom-id=\"ue7iTPxEfziK\">\n<div data-brz-translate-text=\"1\">\n<h1 class=\"brz-text-lg-center brz-lh-lg-1_3 brz-ls-lg-0 brz-fw-lg-900 brz-fss-lg-px brz-fs-lg-66 brz-ft-google brz-ff-roboto brz-text-xs-center brz-tp-lg-heading1 brz-css-bO_FK\" data-generated-css=\"brz-css-tPi6X\" data-uniq-id=\"cEACd\"><span style=\"opacity: 1\" class=\"brz-cp-color8\"> <\/span><\/h1>\n<h1 class=\"brz-text-lg-center brz-lh-lg-1_3 brz-ls-lg-0 brz-fw-lg-900 brz-fss-lg-px brz-fs-lg-66 brz-ft-google brz-ff-roboto brz-text-xs-center brz-tp-lg-heading1 brz-css-jaTy1\" data-generated-css=\"brz-css-tWHv6\" data-uniq-id=\"aHNGZ\"><span style=\"opacity: 1\" class=\"brz-cp-color2\">Marruecos- <\/span><\/h1>\n<h1 class=\"brz-text-lg-center brz-lh-lg-1_3 brz-ls-lg-0 brz-fw-lg-900 brz-fss-lg-px brz-fs-lg-66 brz-ft-google brz-ff-roboto brz-text-xs-center brz-tp-lg-heading1 brz-css-pMIxZ\" data-generated-css=\"brz-css-l6SD0\" data-uniq-id=\"fyZw6\"><span style=\"opacity: 1\" class=\"brz-cp-color2\">Peque\u00f1o vuelta<\/span><\/h1>\n<\/div>\n<\/div>\n<\/div>\n<div id=\"\" class=\"brz-css-7c8sdt brz-wrapper\">\n<div class=\"brz-rich-text brz-rich-text__custom brz-css-1ib86hy\" data-brz-custom-id=\"limOLcRL0Qg6\">\n<div data-brz-translate-text=\"1\">\n<h4 class=\"brz-tp-lg-heading4 brz-text-xs-center brz-text-lg-center brz-ff-roboto brz-ft-google brz-fs-lg-20 brz-fss-lg-px brz-fw-lg-400 brz-ls-lg-0 brz-lh-lg-1_6 brz-css-ox6y7\" data-uniq-id=\"q7Crw\" data-generated-css=\"brz-css-bucyp\"><span style=\"opacity: 1\" class=\"brz-cp-color2\">Te invitamos a descubrir este pa\u00eds diverso con nosotros. Desde ciudades hasta desierto, playa y mar, Marruecos lo tiene todo.<\/span><\/h4>\n<\/div>\n<\/div>\n<\/div>\n<\/div>\n<\/div>\n<\/div>\n<\/div>\n<div id=\"\" class=\"brz-css-7c8sdt brz-css-kh7m5e brz-css-qi3otv brz-wrapper\">\n<div class=\"brz-spacer brz-css-1lxd3hg brz-css-dnc9ac\"><\/div>\n<\/div>\n<div class=\"brz-row__container brz-css-7xrxkc\" data-brz-custom-id=\"rcQ26qMPCagy\">\n<div class=\"brz-bg\"><\/div>\n<div class=\"brz-row brz-css-ahajsz brz-css-14btk8m\">\n<div class=\"brz-columns brz-css-16kcurj brz-css-1awvfne\" data-brz-custom-id=\"kw14_l1xfZxN\">\n<div class=\"brz-bg\"><\/div>\n<div class=\"brz-column__items brz-css-1wfitrq brz-css-6ru1x3\">\n<div id=\"\" class=\"brz-css-7c8sdt brz-css-1xxj5ya brz-wrapper\">\n<div class=\"brz-rich-text brz-rich-text__custom brz-css-1ib86hy\" data-brz-custom-id=\"qF7rXQPToOPz\">\n<div data-brz-translate-text=\"1\">\n<p class=\"brz-tp-lg-heading2 brz-css-ddKxY\" data-uniq-id=\"aPzVw\" data-generated-css=\"brz-css-ufVyx\"><span style=\"opacity: 1\" class=\"brz-cp-color8\">01<\/span><\/p>\n<\/div>\n<\/div>\n<\/div>\n<div id=\"\" class=\"brz-css-7c8sdt brz-css-sg3dcm brz-wrapper\">\n<div class=\"brz-rich-text brz-rich-text__custom brz-css-1ib86hy\" data-brz-custom-id=\"tjbSWQatOr0Y\">\n<div data-brz-translate-text=\"1\">\n<p class=\"brz-fs-sm-18 brz-tp-lg-heading4 brz-css-vQTh_\" data-uniq-id=\"lvOBT\" data-generated-css=\"brz-css-yJSu7\"><span style=\"opacity: 1\" class=\"brz-cp-color8\">Individualmente<\/span><\/p>\n<\/div>\n<\/div>\n<\/div>\n<div id=\"\" class=\"brz-css-7c8sdt brz-wrapper\">\n<div class=\"brz-rich-text brz-rich-text__custom brz-css-1ib86hy\" data-brz-custom-id=\"uUnX_uWNlYZk\">\n<div data-brz-translate-text=\"1\">\n<h6 class=\"brz-tp-lg-heading6 brz-css-w1_pa\" data-uniq-id=\"cPZqg\" data-generated-css=\"brz-css-wrQ04\"><span style=\"opacity: 1\" class=\"brz-cp-color8\">Armamos tu viaje seg\u00fan tus deseos.<\/span><\/h6>\n<\/div>\n<\/div>\n<\/div>\n<\/div>\n<p><a class=\"brz-a brz-container-link\" href=\"\" target=\"_self\" rel=\"noopener\" data-brz-link-type=\"page\"><\/a><\/div>\n<div class=\"brz-columns brz-css-16kcurj brz-css-4qkh9\" data-brz-custom-id=\"u17irVKOZV1q\">\n<div class=\"brz-bg\"><\/div>\n<div class=\"brz-column__items brz-css-1wfitrq brz-css-155yjo5\">\n<div id=\"\" class=\"brz-css-7c8sdt brz-css-1izq2yw brz-wrapper\">\n<div class=\"brz-rich-text brz-rich-text__custom brz-css-1ib86hy\" data-brz-custom-id=\"mrpITa3kWgO6\">\n<div data-brz-translate-text=\"1\">\n<p class=\"brz-tp-heading2 brz-css-nvlxI\"><span class=\"brz-cp-color8\">02<\/span><\/p>\n<\/div>\n<\/div>\n<\/div>\n<div id=\"\" class=\"brz-css-7c8sdt brz-css-xfqs3x brz-wrapper\">\n<div class=\"brz-rich-text brz-rich-text__custom brz-css-1ib86hy\" data-brz-custom-id=\"d7qPOKbi2rv6\">\n<div data-brz-translate-text=\"1\">\n<p class=\"brz-fs-sm-18 brz-tp-lg-heading4 brz-css-qqQ9b\" data-uniq-id=\"wEgQz\" data-generated-css=\"brz-css-xyVCA\"><span style=\"opacity: 1\" class=\"brz-cp-color8\">Aut\u00e9ntico<\/span><\/p>\n<\/div>\n<\/div>\n<\/div>\n<div id=\"\" class=\"brz-css-7c8sdt brz-wrapper\">\n<div class=\"brz-rich-text brz-rich-text__custom brz-css-1ib86hy\" data-brz-custom-id=\"xISxhHFYAPnW\">\n<div data-brz-translate-text=\"1\">\n<h6 class=\"brz-tp-lg-heading6 brz-css-d7r8T\" data-uniq-id=\"j9IOq\" data-generated-css=\"brz-css-oj2Fa\"><span style=\"opacity: 1\" class=\"brz-cp-color8\">Conozca aut\u00e9nticamente el pa\u00eds y su gente.<\/span><\/h6>\n<\/div>\n<\/div>\n<\/div>\n<\/div>\n<p><a class=\"brz-a brz-container-link\" href=\"\" target=\"_self\" rel=\"noopener\" data-brz-link-type=\"page\"><\/a><\/div>\n<div class=\"brz-columns brz-css-16kcurj brz-css-1gd1evk\" data-brz-custom-id=\"bvUDni90XobT\">\n<div class=\"brz-bg\"><\/div>\n<div class=\"brz-column__items brz-css-1wfitrq brz-css-1sjq3ja\">\n<div id=\"\" class=\"brz-css-7c8sdt brz-css-vdzy0n brz-wrapper\">\n<div class=\"brz-rich-text brz-rich-text__custom brz-css-1ib86hy\" data-brz-custom-id=\"v8QCQFUpNDSA\">\n<div data-brz-translate-text=\"1\">\n<p class=\"brz-tp-heading2 brz-css-pcO_N\"><span class=\"brz-cp-color8\">03<\/span><\/p>\n<\/div>\n<\/div>\n<\/div>\n<div id=\"\" class=\"brz-css-7c8sdt brz-css-196aw8 brz-wrapper\">\n<div class=\"brz-rich-text brz-rich-text__custom brz-css-1ib86hy\" data-brz-custom-id=\"fhb3v5UEVX6y\">\n<div data-brz-translate-text=\"1\">\n<p class=\"brz-fs-sm-18 brz-tp-lg-heading4 brz-css-xXr4i\" data-uniq-id=\"v5k6A\" data-generated-css=\"brz-css-fxcXm\"><span style=\"opacity: 1\" class=\"brz-cp-color8\">Personal<\/span><\/p>\n<\/div>\n<\/div>\n<\/div>\n<div id=\"\" class=\"brz-css-7c8sdt brz-wrapper\">\n<div class=\"brz-rich-text brz-rich-text__custom brz-css-1ib86hy\" data-brz-custom-id=\"r5roaNOSaLcc\">\n<div data-brz-translate-text=\"1\">\n<h6 class=\"brz-tp-lg-heading6 brz-css-uHFqR\" data-generated-css=\"brz-css-sk9V9\" data-uniq-id=\"cp3tO\"><span style=\"opacity: 1\" class=\"brz-cp-color8\">Somos una peque\u00f1a empresa familiar y estaremos encantados de asesorarle personalmente.<\/span><\/h6>\n<\/div>\n<\/div>\n<\/div>\n<\/div>\n<p><a class=\"brz-a brz-container-link\" href=\"\" target=\"_self\" rel=\"noopener\" data-brz-link-type=\"page\"><\/a><\/div>\n<\/div>\n<\/div>\n<\/div>\n<\/div>\n<\/section>\n<section id=\"_dc6KBKsIDN3H\" class=\"brz-section brz-css-1f6r9nl\">\n<div class=\"brz-section__content brz-section--boxed brz-css-1wtvab4 brz-css-1f6u6s4\" data-brz-custom-id=\"xAARqqzzamIn\">\n<div class=\"brz-bg\">\n<div class=\"brz-bg-image\"><\/div>\n<\/div>\n<div class=\"brz-container brz-css-tixhn7\">\n<div id=\"\" class=\"brz-css-7c8sdt brz-wrapper\">\n<div class=\"brz-rich-text brz-rich-text__custom brz-css-1ib86hy\" data-brz-custom-id=\"i7B9vhCu1zrz\">\n<div data-brz-translate-text=\"1\">\n<h1 class=\"brz-tp-lg-heading1 brz-lh-lg-1_3 brz-ls-lg-0 brz-fw-lg-900 brz-fss-lg-px brz-fs-lg-62 brz-ft-google brz-ff-roboto brz-text-lg-center brz-text-xs-center brz-css-qNRhs\" data-generated-css=\"brz-css-taeAp\" data-uniq-id=\"eYad4\"><span style=\"opacity: 1\" class=\"brz-cp-color2\"> <\/span><\/h1>\n<h1 class=\"brz-tp-lg-heading1 brz-lh-lg-1_3 brz-ls-lg-0 brz-fw-lg-900 brz-fss-lg-px brz-fs-lg-62 brz-ft-google brz-ff-roboto brz-text-lg-center brz-text-xs-center brz-css-wb0qX\" data-generated-css=\"brz-css-hsPMA\" data-uniq-id=\"tW1jd\"><span style=\"opacity: 1\" class=\"brz-cp-color2\"> <\/span><\/h1>\n<h1 class=\"brz-tp-lg-heading1 brz-lh-lg-1_3 brz-ls-lg-0 brz-fw-lg-900 brz-fss-lg-px brz-fs-lg-62 brz-ft-google brz-ff-roboto brz-text-lg-center brz-text-xs-center brz-css-tqYXX\" data-generated-css=\"brz-css-yZa1G\" data-uniq-id=\"imkZp\"><span style=\"opacity: 1\" class=\"brz-cp-color2\"> <\/span><\/h1>\n<h1 class=\"brz-tp-lg-heading1 brz-lh-lg-1_3 brz-ls-lg-0 brz-fw-lg-900 brz-fss-lg-px brz-ft-google brz-ff-roboto brz-text-lg-center brz-text-xs-center brz-fs-lg-66 brz-css-yAhq_\" data-generated-css=\"brz-css-axaZN\" data-uniq-id=\"r9zUj\"><span style=\"opacity: 1\" class=\"brz-cp-color2\"> <\/span><\/h1>\n<h1 class=\"brz-tp-lg-heading1 brz-lh-lg-1_3 brz-ls-lg-0 brz-fw-lg-900 brz-fss-lg-px brz-ft-google brz-ff-roboto brz-text-lg-center brz-text-xs-center brz-fs-lg-66 brz-css-lzXub\" data-generated-css=\"brz-css-axaZN\" data-uniq-id=\"r9zUj\"><span style=\"opacity: 1\" class=\"brz-cp-color2\">Marruecos- <\/span><\/h1>\n<h1 class=\"brz-fs-lg-66 brz-tp-lg-heading1 brz-lh-lg-1_3 brz-ls-lg-0 brz-fw-lg-900 brz-fss-lg-px brz-ft-google brz-ff-roboto brz-text-lg-center brz-text-xs-center brz-css-a9yTq\" data-generated-css=\"brz-css-brATG\" data-uniq-id=\"aXy9i\"><span style=\"opacity: 1\" class=\"brz-cp-color2\">Peque\u00f1o vuelta<\/span><\/h1>\n<\/div>\n<\/div>\n<\/div>\n<div id=\"\" class=\"brz-css-7c8sdt brz-css-13k6k6c brz-wrapper\">\n<div class=\"brz-rich-text brz-rich-text__custom brz-css-1ib86hy\" data-brz-custom-id=\"k7QESNyMg_hB\">\n<div data-brz-translate-text=\"1\">\n<p class=\"brz-text-lg-center brz-tp-lg-subtitle brz-css-cNKIv\" data-uniq-id=\"nqhvv\" data-generated-css=\"brz-css-wlpxr\"><\/p>\n<\/div>\n<\/div>\n<\/div>\n<div id=\"\" class=\"brz-css-7c8sdt brz-wrapper\">\n<div class=\"brz-rich-text brz-rich-text__custom brz-css-1ib86hy\" data-brz-custom-id=\"gDNwnWEe7oAa\">\n<div data-brz-translate-text=\"1\">\n<h3 class=\"brz-text-lg-center brz-lh-lg-1_3 brz-ls-lg-0 brz-fw-lg-900 brz-fss-lg-px brz-fs-lg-66 brz-ft-google brz-ff-roboto brz-tp-lg-heading3 brz-text-xs-center brz-css-k3j97\" data-generated-css=\"brz-css-aAwuv\" data-uniq-id=\"j8GYK\">En tan solo unos d\u00edas podr\u00e1s conocer Marruecos desde su lado m\u00e1s bonito. Aqu\u00ed le mostramos c\u00f3mo podr\u00eda ser una posible ruta de viaje. Seg\u00fan tus deseos, desde un punto de partida diferente.<\/h3>\n<\/div>\n<\/div>\n<\/div>\n<div id=\"\" class=\"brz-css-7c8sdt brz-css-kh7m5e brz-css-zn07sf brz-wrapper\">\n<div class=\"brz-spacer brz-css-1lxd3hg brz-css-8vs8o\"><\/div>\n<\/div>\n<div class=\"brz-wrapper-clone brz-css-7nqbv brz-css-sz0k34\">\n<div class=\"brz-d-xs-flex brz-flex-xs-wrap brz-css-1bf3215\" data-brz-custom-id=\"\">\n<div class=\"brz-wrapper-clone__item\" id=\"kemLZFehRPIo\"><a class=\"brz-a brz-btn brz-css-1hjoo2n brz-css-w7iw4r brz-css-1y4dwx8 brz-css-1qmb3e\" href=\"\" target=\"_self\" rel=\"noopener\" data-brz-link-type=\"external\" data-brz-custom-id=\"kemLZFehRPIo\"><span data-brz-translate-text=\"1\" class=\"brz-span brz-text__editor\"><\/span><\/a><\/div>\n<\/div>\n<\/div>\n<\/div>\n<\/div>\n<\/section>\n<section id=\"_kSGashZEBfik\" class=\"brz-section brz-css-1f6r9nl\">\n<div class=\"brz-section__content brz-section--boxed brz-css-1wtvab4 brz-css-1s7xod2\" data-brz-custom-id=\"uQvS5AKfYm2u\">\n<div class=\"brz-container brz-css-tixhn7\">\n<div class=\"brz-row__container brz-css-7xrxkc\" data-brz-custom-id=\"bkoa3Co4NIWx\">\n<div class=\"brz-bg\"><\/div>\n<div class=\"brz-row brz-css-ahajsz\">\n<div class=\"brz-columns brz-css-16kcurj\" data-brz-custom-id=\"i_DVzEmpqzEt\">\n<div class=\"brz-bg\"><\/div>\n<div class=\"brz-column__items brz-css-1wfitrq\">\n<div id=\"\" class=\"brz-css-7c8sdt brz-wrapper\">\n<div class=\"brz-rich-text brz-rich-text__custom brz-css-1ib86hy\" data-brz-custom-id=\"xZXEN4jTJ4hf\">\n<div data-brz-translate-text=\"1\">\n<h6 class=\"brz-tp-lg-heading6 brz-lh-lg-1_3 brz-ls-lg-0 brz-fw-lg-400 brz-fss-lg-px brz-fs-lg-16 brz-ft-google brz-ff-roboto brz-text-lg-left brz-text-xs-center brz-css-eW3FV\" data-generated-css=\"brz-css-ye6yk\" data-uniq-id=\"p7BD0\"><\/h6>\n<h6 class=\"brz-tp-lg-heading6 brz-lh-lg-1_3 brz-ls-lg-0 brz-fw-lg-400 brz-fss-lg-px brz-fs-lg-16 brz-ft-google brz-ff-roboto brz-text-lg-left brz-text-xs-center brz-css-eXo7h\" data-generated-css=\"brz-css-ldSWB\" data-uniq-id=\"gIc5f\">D\u00eda 1 Viajamos desde Marrakech a las Gargantas del Dad\u00e8s<\/h6>\n<h6 class=\"brz-tp-lg-heading6 brz-lh-lg-1_3 brz-ls-lg-0 brz-fw-lg-400 brz-fss-lg-px brz-fs-lg-16 brz-ft-google brz-ff-roboto brz-text-lg-left brz-text-xs-center brz-css-eFc41\" data-generated-css=\"brz-css-uwKVH\" data-uniq-id=\"rybF9\">D\u00eda 2 Desde Oued Dad\u00e8s viajamos a Merzouga en el desierto del Sahara, donde pasaremos la noche en tiendas beduinas y disfrutaremos del hermoso cielo estrellado.<\/h6>\n<h6 class=\"brz-tp-lg-heading6 brz-lh-lg-1_3 brz-ls-lg-0 brz-fw-lg-400 brz-fss-lg-px brz-fs-lg-16 brz-ft-google brz-ff-roboto brz-text-lg-left brz-text-xs-center brz-css-pMM1T\" data-generated-css=\"brz-css-xXtq0\" data-uniq-id=\"bGun1\">D\u00eda 3 El viaje contin\u00faa hacia Ouarzazate en la ciudad del cine.<\/h6>\n<h6 data-uniq-id=\"jFHFN\" data-generated-css=\"brz-css-rT3s_\" class=\"brz-tp-lg-heading6 brz-lh-lg-1_3 brz-ls-lg-0 brz-fw-lg-400 brz-fss-lg-px brz-fs-lg-16 brz-ft-google brz-ff-roboto brz-text-lg-left brz-text-xs-center brz-css-xNGNA\">D\u00eda 4 Hoy viajamos de regreso a Marrakech.<\/h6>\n<p data-generated-css=\"brz-css-fK2Sl\" data-uniq-id=\"veSOx\" class=\"brz-css-qGEAW\"><\/p>\n<p class=\"brz-text-lg-left brz-text-xs-center brz-fss-lg-px brz-fw-lg-700 brz-ls-lg-1 brz-lh-lg-1_3 brz-tp-lg-empty brz-ff-roboto brz-ft-google brz-fs-lg-16 brz-css-sqPZ6\" data-generated-css=\"brz-css-kbSpk\" data-uniq-id=\"sVywA\"><\/p>\n<\/div>\n<\/div>\n<\/div>\n<div class=\"brz-row__container brz-css-7xrxkc\" data-brz-custom-id=\"dEwm_3oG60ej\">\n<div class=\"brz-bg\"><\/div>\n<div class=\"brz-row brz-row--inner brz-css-ahajsz brz-css-14btk8m\">\n<div class=\"brz-columns brz-css-16kcurj brz-css-6ce9pc\" data-brz-custom-id=\"nbIcn_2KRyyq\">\n<div class=\"brz-bg\"><\/div>\n<div class=\"brz-column__items brz-css-1wfitrq\">\n<div class=\"brz-wrapper-clone brz-css-7nqbv\">\n<div class=\"brz-d-xs-flex brz-flex-xs-wrap brz-css-1bf3215\" data-brz-custom-id=\"\">\n<div class=\"brz-wrapper-clone__item\" id=\"oHK0E9NkJm4z\"><a class=\"brz-a brz-btn brz-css-1hjoo2n brz-css-cpjgxt brz-css-1y4dwx8 brz-css-1xpe7hw\" href=\"\" target=\"_self\" rel=\"noopener\" data-brz-link-type=\"page\" data-brz-custom-id=\"oHK0E9NkJm4z\"><span data-brz-translate-text=\"1\" class=\"brz-span brz-text__editor\">Contacto<\/span><\/a><\/div>\n<\/div>\n<\/div>\n<\/div>\n<\/div>\n<\/div>\n<\/div>\n<\/div>\n<p><a class=\"brz-a brz-container-link\" href=\"\" target=\"_self\" rel=\"noopener\" data-brz-link-type=\"page\"><\/a><\/div>\n<div class=\"brz-columns brz-css-16kcurj\" data-brz-custom-id=\"rpijeaMrWsCN\">\n<div class=\"brz-bg\"><\/div>\n<div class=\"brz-column__items brz-css-1wfitrq\">\n<div id=\"\" class=\"brz-css-7c8sdt brz-wrapper\">\n<div class=\"brz-map brz-map_styles brz-css-18xojtv brz-css-qm544a\" data-brz-custom-id=\"zgknoqkKnu6x\">\n<div class=\"brz-ui-ed-map-content\"><\/div>\n<\/div>\n<\/div>\n<\/div>\n<\/div>\n<\/div>\n<\/div>\n<\/div>\n<\/div>\n<\/section>\n<\/div>\n<p>    <!-- version:1737573751 --><\/p>\n","protected":false},"excerpt":{"rendered":"<p>Marruecos- Peque\u00f1o vuelta Te invitamos a descubrir este pa\u00eds diverso con nosotros. Desde ciudades hasta desierto, playa y mar, Marruecos lo tiene todo. 01 Individualmente Armamos tu viaje seg\u00fan tus deseos. 02 Aut\u00e9ntico Conozca aut\u00e9nticamente el pa\u00eds y su gente. 03 Personal Somos una peque\u00f1a empresa familiar y estaremos encantados de asesorarle personalmente. Marruecos- Peque\u00f1o [&hellip;]<\/p>\n","protected":false},"author":2,"featured_media":0,"parent":0,"menu_order":0,"comment_status":"closed","ping_status":"closed","template":"","meta":{"_seopress_robots_primary_cat":"","_seopress_titles_title":"Descubre la Esencia de Marruecos: Peque\u00f1o Recorrido por una Gran Aventura.","_seopress_titles_desc":"Emb\u00e1rcate en una experiencia \u00fanica con nuestra peque\u00f1a Ruta por Marruecos. Descubre la riqueza cultural, los paisajes impresionantes y la hospitalidad del pueblo marroqu\u00ed en este viaje inolvidable. \u00a1Explora cada rinc\u00f3n m\u00e1gico y crea recuerdos para toda la vida!","_seopress_robots_index":"","footnotes":""},"class_list":["post-2671","page","type-page","status-publish","hentry"],"blocksy_meta":[],"brizy_media":[],"_links":{"self":[{"href":"https:\/\/vacation-morocco.com\/es\/wp-json\/wp\/v2\/pages\/2671","targetHints":{"allow":["GET"]}}],"collection":[{"href":"https:\/\/vacation-morocco.com\/es\/wp-json\/wp\/v2\/pages"}],"about":[{"href":"https:\/\/vacation-morocco.com\/es\/wp-json\/wp\/v2\/types\/page"}],"author":[{"embeddable":true,"href":"https:\/\/vacation-morocco.com\/es\/wp-json\/wp\/v2\/users\/2"}],"replies":[{"embeddable":true,"href":"https:\/\/vacation-morocco.com\/es\/wp-json\/wp\/v2\/comments?post=2671"}],"version-history":[{"count":18,"href":"https:\/\/vacation-morocco.com\/es\/wp-json\/wp\/v2\/pages\/2671\/revisions"}],"predecessor-version":[{"id":6848,"href":"https:\/\/vacation-morocco.com\/es\/wp-json\/wp\/v2\/pages\/2671\/revisions\/6848"}],"wp:attachment":[{"href":"https:\/\/vacation-morocco.com\/es\/wp-json\/wp\/v2\/media?parent=2671"}],"curies":[{"name":"wp","href":"https:\/\/api.w.org\/{rel}","templated":true}]}}