{"id":2667,"date":"2023-11-27T11:24:02","date_gmt":"2023-11-27T10:24:02","guid":{"rendered":"https:\/\/vacation-morocco.nextron.org\/vier-koenigsstaedte\/"},"modified":"2026-03-23T21:00:11","modified_gmt":"2026-03-23T20:00:11","slug":"cuatro-ciudades-reales","status":"publish","type":"page","link":"https:\/\/vacation-morocco.com\/es\/cuatro-ciudades-reales\/","title":{"rendered":"Cuatro ciudades reales"},"content":{"rendered":"<div class=\"brz-root__container brz-reset-all brz brz-root__container-page\">\n<section id=\"_oNws9ZacDMtH\" class=\"brz-section brz-css-kkgf33\">\n<div class=\"brz-section__content brz-section--boxed brz-css-oqk8ru brz-css-8nht0k\" data-brz-custom-id=\"eEJSZRCAmFYA\">\n<div class=\"brz-bg\">\n<div class=\"brz-bg-image\"><\/div>\n<\/div>\n<div class=\"brz-container brz-css-106ggaj\">\n<div class=\"brz-row__container brz-css-1wsld9t\" data-brz-custom-id=\"iWGyC62cbjf3\">\n<div class=\"brz-bg\"><\/div>\n<div class=\"brz-row brz-css-yoc9hf brz-css-1ndkzgu\">\n<div class=\"brz-columns brz-css-1c7tjoc brz-css-5dkoke\" data-brz-custom-id=\"uOyq6bQpQbPC\">\n<div class=\"brz-bg\"><\/div>\n<div class=\"brz-column__items brz-css-1wij8ju\">\n<div id=\"\" class=\"brz-css-19mzhtn brz-wrapper\">\n<div class=\"brz-rich-text brz-rich-text__custom brz-css-thzwpd\" data-brz-custom-id=\"fSv4kC7TvCCe\">\n<div data-brz-translate-text=\"1\">\n<h1 class=\"brz-text-xs-center brz-ff-roboto brz-ft-google brz-fs-lg-66 brz-fss-lg-px brz-fw-lg-900 brz-ls-lg-0 brz-lh-lg-1_3 brz-text-lg-center brz-tp-lg-heading1 brz-css-bWbng\" data-uniq-id=\"eZLGO\" data-generated-css=\"brz-css-jnvzD\"><span style=\"opacity: 1\" class=\"brz-cp-color8\"> <\/span><\/h1>\n<h1 class=\"brz-text-xs-center brz-ff-roboto brz-ft-google brz-fs-lg-66 brz-fss-lg-px brz-fw-lg-900 brz-ls-lg-0 brz-lh-lg-1_3 brz-text-lg-center brz-tp-lg-heading1 brz-css-sbYJw\" data-uniq-id=\"nE5tR,yj60t\" data-generated-css=\"brz-css-rDelb,brz-css-rRem9\"><span style=\"opacity: 1\" class=\"brz-cp-color8\">Marruecos-<\/span><\/h1>\n<h1 class=\"brz-text-xs-center brz-ff-roboto brz-ft-google brz-fs-lg-66 brz-fss-lg-px brz-fw-lg-900 brz-ls-lg-0 brz-lh-lg-1_3 brz-text-lg-center brz-tp-lg-heading1 brz-css-rV_rp\" data-uniq-id=\"yj60t\" data-generated-css=\"brz-css-rRem9\"><span style=\"opacity: 1\" class=\"brz-cp-color8\">Cuatro ciudades reales<\/span><\/h1>\n<\/div>\n<\/div>\n<\/div>\n<div id=\"\" class=\"brz-css-19mzhtn brz-wrapper\">\n<div class=\"brz-rich-text brz-rich-text__custom brz-css-thzwpd\" data-brz-custom-id=\"cRnIMJzCWUcN\">\n<div data-brz-translate-text=\"1\">\n<h4 class=\"brz-lh-lg-1_6 brz-ls-lg-0 brz-fw-lg-400 brz-fss-lg-px brz-fs-lg-20 brz-ft-google brz-ff-roboto brz-text-lg-center brz-text-xs-center brz-tp-lg-heading4 brz-css-dgsAh\" data-generated-css=\"brz-css-s88wf\" data-uniq-id=\"nbF3g\"><span style=\"opacity: 1\" class=\"brz-cp-color8\">Le invitamos a descubrir con nosotros este pa\u00eds tan diverso. De las ciudades al desierto, pasando por la playa y el mar, Marruecos lo tiene todo para ofrecer.<\/span><\/h4>\n<\/div>\n<\/div>\n<\/div>\n<\/div>\n<\/div>\n<\/div>\n<\/div>\n<div id=\"\" class=\"brz-css-19mzhtn brz-css-1z5nd3 brz-css-rymqt4 brz-wrapper\">\n<div class=\"brz-spacer brz-css-1ce4qwe brz-css-1ifa6mq\"><\/div>\n<\/div>\n<div class=\"brz-row__container brz-css-1wsld9t\" data-brz-custom-id=\"kgs2YaIDY_R8\">\n<div class=\"brz-bg\"><\/div>\n<div class=\"brz-row brz-css-yoc9hf brz-css-1ndkzgu\">\n<div class=\"brz-columns brz-css-1c7tjoc brz-css-r4ir0\" data-brz-custom-id=\"dHeWTcKDQHjd\">\n<div class=\"brz-bg\"><\/div>\n<div class=\"brz-column__items brz-css-1wij8ju brz-css-1v32q7n\">\n<div id=\"\" class=\"brz-css-19mzhtn brz-css-1a93aar brz-wrapper\">\n<div class=\"brz-rich-text brz-rich-text__custom brz-css-thzwpd\" data-brz-custom-id=\"x2ZvOxJFULDW\">\n<div data-brz-translate-text=\"1\">\n<p class=\"brz-tp-heading2 brz-css-yDqUn\"><span class=\"brz-cp-color8\">01<\/span><\/p>\n<\/div>\n<\/div>\n<\/div>\n<div id=\"\" class=\"brz-css-19mzhtn brz-css-1x8f4w7 brz-wrapper\">\n<div class=\"brz-rich-text brz-rich-text__custom brz-css-thzwpd\" data-brz-custom-id=\"noh_J3hkg8CX\">\n<div data-brz-translate-text=\"1\">\n<p class=\"brz-fs-sm-18 brz-tp-lg-heading4 brz-css-iETZC\" data-uniq-id=\"fGJJS\" data-generated-css=\"brz-css-dCr5c\"><span style=\"opacity: 1\" class=\"brz-cp-color8\">A medida<\/span><\/p>\n<\/div>\n<\/div>\n<\/div>\n<div id=\"\" class=\"brz-css-19mzhtn brz-wrapper\">\n<div class=\"brz-rich-text brz-rich-text__custom brz-css-thzwpd\" data-brz-custom-id=\"i3fpqgjUgK5H\">\n<div data-brz-translate-text=\"1\">\n<p class=\"brz-tp-lg-paragraph brz-css-gJIib\" data-uniq-id=\"lEqJH\" data-generated-css=\"brz-css-sQkZl\"><span style=\"opacity: 1\" class=\"brz-cp-color8\">Organizaremos su viaje seg\u00fan sus deseos.<\/span><\/p>\n<\/div>\n<\/div>\n<\/div>\n<\/div>\n<p><a class=\"brz-a brz-container-link\" href=\"\" target=\"_self\" rel=\"noopener\" data-brz-link-type=\"page\"><\/a><\/div>\n<div class=\"brz-columns brz-css-1c7tjoc brz-css-10ppagt\" data-brz-custom-id=\"pxHbMQsFm8kb\">\n<div class=\"brz-bg\"><\/div>\n<div class=\"brz-column__items brz-css-1wij8ju brz-css-sbmpm7\">\n<div id=\"\" class=\"brz-css-19mzhtn brz-css-1qtwgbg brz-wrapper\">\n<div class=\"brz-rich-text brz-rich-text__custom brz-css-thzwpd\" data-brz-custom-id=\"izJf9iCFmol6\">\n<div data-brz-translate-text=\"1\">\n<p class=\"brz-tp-heading2 brz-css-o_XmA\"><span class=\"brz-cp-color8\">02<\/span><\/p>\n<\/div>\n<\/div>\n<\/div>\n<div id=\"\" class=\"brz-css-19mzhtn brz-css-1k9slyy brz-wrapper\">\n<div class=\"brz-rich-text brz-rich-text__custom brz-css-thzwpd\" data-brz-custom-id=\"lisYLlv5rvtD\">\n<div data-brz-translate-text=\"1\">\n<p class=\"brz-fs-sm-18 brz-tp-lg-heading4 brz-css-fXpkL\" data-uniq-id=\"nA16I\" data-generated-css=\"brz-css-oBdQ3\"><span style=\"opacity: 1\" class=\"brz-cp-color8\">Aut\u00e9ntico<\/span><\/p>\n<\/div>\n<\/div>\n<\/div>\n<div id=\"\" class=\"brz-css-19mzhtn brz-wrapper\">\n<div class=\"brz-rich-text brz-rich-text__custom brz-css-thzwpd\" data-brz-custom-id=\"avNAz5yMdzU_\">\n<div data-brz-translate-text=\"1\">\n<p class=\"brz-tp-lg-paragraph brz-css-asJPE\" data-generated-css=\"brz-css-ruH_T\" data-uniq-id=\"gnX1T\"><span style=\"opacity: 1\" class=\"brz-cp-color8\">Conozca el pa\u00eds y sus gentes de forma aut\u00e9ntica.<\/span><\/p>\n<\/div>\n<\/div>\n<\/div>\n<\/div>\n<p><a class=\"brz-a brz-container-link\" href=\"\" target=\"_self\" rel=\"noopener\" data-brz-link-type=\"page\"><\/a><\/div>\n<div class=\"brz-columns brz-css-1c7tjoc brz-css-1yez3cy\" data-brz-custom-id=\"anLFPg0k0ywR\">\n<div class=\"brz-bg\"><\/div>\n<div class=\"brz-column__items brz-css-1wij8ju brz-css-1v152dt\">\n<div id=\"\" class=\"brz-css-19mzhtn brz-css-1e1ukks brz-wrapper\">\n<div class=\"brz-rich-text brz-rich-text__custom brz-css-thzwpd\" data-brz-custom-id=\"qZKxvO2qOc3h\">\n<div data-brz-translate-text=\"1\">\n<p class=\"brz-tp-heading2 brz-css-c92iH\"><span class=\"brz-cp-color8\">03<\/span><\/p>\n<\/div>\n<\/div>\n<\/div>\n<div id=\"\" class=\"brz-css-19mzhtn brz-css-lve3ez brz-wrapper\">\n<div class=\"brz-rich-text brz-rich-text__custom brz-css-thzwpd\" data-brz-custom-id=\"i_q5twZyxdR5\">\n<div data-brz-translate-text=\"1\">\n<p class=\"brz-fs-sm-18 brz-tp-lg-heading4 brz-css-l7unK\" data-uniq-id=\"hPzFN\" data-generated-css=\"brz-css-bmu_8\"><span style=\"opacity: 1\" class=\"brz-cp-color8\">Personal<\/span><\/p>\n<\/div>\n<\/div>\n<\/div>\n<div id=\"\" class=\"brz-css-19mzhtn brz-wrapper\">\n<div class=\"brz-rich-text brz-rich-text__custom brz-css-thzwpd\" data-brz-custom-id=\"yxBUNMqLfeQ1\">\n<div data-brz-translate-text=\"1\">\n<p class=\"brz-tp-lg-paragraph brz-css-jU7R_\" data-uniq-id=\"n2_Wp\" data-generated-css=\"brz-css-hD6YF\"><span style=\"opacity: 1\" class=\"brz-cp-color8\">Somos una peque\u00f1a empresa familiar y estaremos encantados de asesorarle personalmente.<\/span><\/p>\n<\/div>\n<\/div>\n<\/div>\n<\/div>\n<p><a class=\"brz-a brz-container-link\" href=\"\" target=\"_self\" rel=\"noopener\" data-brz-link-type=\"page\"><\/a><\/div>\n<\/div>\n<\/div>\n<\/div>\n<\/div>\n<\/section>\n<section id=\"_v43wUkeM_Dpr\" class=\"brz-section brz-css-kkgf33\">\n<div class=\"brz-section__content brz-section--boxed brz-css-oqk8ru brz-css-1anb60k\" data-brz-custom-id=\"nRom9FL9Upq3\">\n<div class=\"brz-container brz-css-106ggaj\">\n<div id=\"\" class=\"brz-css-19mzhtn brz-css-187hf21 brz-wrapper\">\n<div class=\"brz-rich-text brz-rich-text__custom brz-css-thzwpd\" data-brz-custom-id=\"k7h4IswH9714\">\n<div data-brz-translate-text=\"1\">\n<p class=\"brz-tp-lg-paragraph brz-css-rsI0j\" data-generated-css=\"brz-css-s8o7b\" data-uniq-id=\"vJ3Gu\"><strong>Tienes que visitarlos<\/strong><\/p>\n<\/div>\n<\/div>\n<\/div>\n<div id=\"\" class=\"brz-css-19mzhtn brz-css-1hrkh56 brz-wrapper\">\n<div class=\"brz-rich-text brz-rich-text__custom brz-css-thzwpd\" data-brz-custom-id=\"gC15NMp5s5BE\">\n<div data-brz-translate-text=\"1\">\n<p class=\"brz-tp-lg-heading2 brz-css-nBMsg\" data-uniq-id=\"jenbo\" data-generated-css=\"brz-css-pYEYS\"><a class=\"is-empty brz-cp-color2\" style=\"opacity: 1\" href=\"\" data-brz-link-type=\"page\">Cuatro ciudades reales<\/a><\/p>\n<\/div>\n<\/div>\n<\/div>\n<div id=\"\" class=\"brz-css-19mzhtn brz-css-1z5nd3 brz-wrapper\">\n<div class=\"brz-spacer brz-css-1ce4qwe brz-css-xumz00\"><\/div>\n<\/div>\n<div class=\"brz-row__container brz-css-1wsld9t\" data-brz-custom-id=\"zBobt359G880\">\n<div class=\"brz-bg\"><\/div>\n<div class=\"brz-row brz-css-yoc9hf brz-css-1ndkzgu\">\n<div class=\"brz-columns brz-css-1c7tjoc brz-css-18dyl4a\" data-brz-custom-id=\"ey3zTpCtuT9J\">\n<div class=\"brz-bg\">\n<div class=\"brz-bg-image\"><\/div>\n<\/div>\n<div class=\"brz-column__items brz-css-1wij8ju brz-css-52itwx\">\n<div id=\"\" class=\"brz-css-19mzhtn brz-css-1z5nd3 brz-wrapper\">\n<div class=\"brz-spacer brz-css-1ce4qwe brz-css-1x8fi71\"><\/div>\n<\/div>\n<div id=\"\" class=\"brz-css-19mzhtn brz-css-1l79loj brz-wrapper\">\n<div class=\"brz-rich-text brz-rich-text__custom brz-css-thzwpd\" data-brz-custom-id=\"mBjB0GhLxBJO\">\n<div data-brz-translate-text=\"1\">\n<p class=\"brz-text-xs-left brz-text-lg-center brz-tp-lg-heading3 brz-text-sm-left brz-css-pO3BU\" data-uniq-id=\"w3Tam\" data-generated-css=\"brz-css-ozXjG\"><span style=\"opacity: 1\" class=\"brz-cp-color8\">M\u00e8knes<\/span><\/p>\n<\/div>\n<\/div>\n<\/div>\n<div id=\"\" class=\"brz-css-19mzhtn brz-css-15jlmw0 brz-wrapper\">\n<div class=\"brz-icon-text brz-css-mtv7wm brz-css-1cgkoa9\" data-brz-custom-id=\"qd8qR9RAvhar\">\n<div class=\"brz-icon__container\" data-brz-custom-id=\"dmS9LR7Ncn5L\"><span class=\"brz-icon brz-span brz-css-1bs3cye brz-css-d65bc9\"><\/span><\/div>\n<div class=\"brz-text-btn\">\n<div class=\"brz-rich-text brz-rich-text__custom brz-css-thzwpd\" data-brz-custom-id=\"hqwQa_pBwiPk\">\n<div data-brz-translate-text=\"1\">\n<p class=\"brz-tp-lg-paragraph brz-css-eyFRx\" data-generated-css=\"brz-css-aZp2u\" data-uniq-id=\"eRpxf\"><span style=\"opacity: 1\" class=\"brz-cp-color8\">Oeste de  Marruecos<\/span><\/p>\n<\/div>\n<\/div>\n<\/div>\n<\/div>\n<\/div>\n<\/div>\n<p><a class=\"brz-a brz-container-link\" href=\"\" target=\"_self\" rel=\"noopener\" data-brz-link-type=\"page\"><\/a><\/div>\n<div class=\"brz-columns brz-css-1c7tjoc brz-css-7lihmf\" data-brz-custom-id=\"hLeQ7ok7FubN\">\n<div class=\"brz-bg\">\n<div class=\"brz-bg-image\"><\/div>\n<\/div>\n<div class=\"brz-column__items brz-css-1wij8ju brz-css-1dln1mb\">\n<div id=\"\" class=\"brz-css-19mzhtn brz-css-1z5nd3 brz-wrapper\">\n<div class=\"brz-spacer brz-css-1ce4qwe brz-css-aaoxr4\"><\/div>\n<\/div>\n<div id=\"\" class=\"brz-css-19mzhtn brz-css-1fq2xvg brz-wrapper\">\n<div class=\"brz-rich-text brz-rich-text__custom brz-css-thzwpd\" data-brz-custom-id=\"nWaTXhK8HyoA\">\n<div data-brz-translate-text=\"1\">\n<p class=\"brz-tp-lg-heading3 brz-text-lg-center brz-text-xs-left brz-text-sm-justify brz-css-sm57O\" data-generated-css=\"brz-css-ysvEe\" data-uniq-id=\"mEcj5\"><span style=\"opacity: 1\" class=\"brz-cp-color8\">Marrakech<\/span><\/p>\n<\/div>\n<\/div>\n<\/div>\n<div id=\"\" class=\"brz-css-19mzhtn brz-css-cdo4w1 brz-wrapper\">\n<div class=\"brz-icon-text brz-css-mtv7wm brz-css-1liysop\" data-brz-custom-id=\"fQlrzCaioyPs\">\n<div class=\"brz-icon__container\" data-brz-custom-id=\"ygOE40a9UR4M\"><span class=\"brz-icon brz-span brz-css-1bs3cye brz-css-ba222u\"><\/span><\/div>\n<div class=\"brz-text-btn\">\n<div class=\"brz-rich-text brz-rich-text__custom brz-css-thzwpd\" data-brz-custom-id=\"g5laM2QWf8Jd\">\n<div data-brz-translate-text=\"1\">\n<p class=\"brz-tp-lg-paragraph brz-text-sm-left brz-css-rDqz7\" data-generated-css=\"brz-css-uB7b8\" data-uniq-id=\"oiGqb\"><span class=\"brz-cp-color8\">Sur de Marruecos<\/span><\/p>\n<\/div>\n<\/div>\n<\/div>\n<\/div>\n<\/div>\n<\/div>\n<p><a class=\"brz-a brz-container-link\" href=\"\" target=\"_self\" rel=\"noopener\" data-brz-link-type=\"page\"><\/a><\/div>\n<div class=\"brz-columns brz-css-1c7tjoc brz-css-1fuwoxq\" data-brz-custom-id=\"x4TQIm6v_VTq\">\n<div class=\"brz-bg\">\n<div class=\"brz-bg-image\"><\/div>\n<\/div>\n<div class=\"brz-column__items brz-css-1wij8ju brz-css-pxojhr\">\n<div id=\"\" class=\"brz-css-19mzhtn brz-css-1z5nd3 brz-wrapper\">\n<div class=\"brz-spacer brz-css-1ce4qwe brz-css-1dz7vmn\"><\/div>\n<\/div>\n<div id=\"\" class=\"brz-css-19mzhtn brz-css-6niyfy brz-wrapper\">\n<div class=\"brz-rich-text brz-rich-text__custom brz-css-thzwpd\" data-brz-custom-id=\"ylU9YoeC332Q\">\n<div data-brz-translate-text=\"1\">\n<p class=\"brz-text-xs-left brz-text-lg-center brz-tp-lg-heading3 brz-text-sm-left brz-css-sDuwl\" data-uniq-id=\"bcb80\" data-generated-css=\"brz-css-kgde1\"><span style=\"opacity: 1\" class=\"brz-cp-color8\">Rabat<\/span><\/p>\n<\/div>\n<\/div>\n<\/div>\n<div id=\"\" class=\"brz-css-19mzhtn brz-css-1llthzs brz-wrapper\">\n<div class=\"brz-icon-text brz-css-mtv7wm brz-css-cd66to\" data-brz-custom-id=\"aTjpYkoZwekW\">\n<div class=\"brz-icon__container\" data-brz-custom-id=\"isBKKPAFh1Ur\"><span class=\"brz-icon brz-span brz-css-1bs3cye brz-css-cips2n\"><\/span><\/div>\n<div class=\"brz-text-btn\">\n<div class=\"brz-rich-text brz-rich-text__custom brz-css-thzwpd\" data-brz-custom-id=\"za3R2qcuxTIX\">\n<div data-brz-translate-text=\"1\">\n<p class=\"brz-tp-lg-paragraph brz-css-suaQW\" data-uniq-id=\"sjF7X\" data-generated-css=\"brz-css-xMgNP\"><span class=\"brz-cp-color8\">Norte de Marruecos<\/span><\/p>\n<\/div>\n<\/div>\n<\/div>\n<\/div>\n<\/div>\n<\/div>\n<p><a class=\"brz-a brz-container-link\" href=\"\" target=\"_self\" rel=\"noopener\" data-brz-link-type=\"page\"><\/a><\/div>\n<div class=\"brz-columns brz-css-1c7tjoc brz-css-1lnuegx\" data-brz-custom-id=\"bafE099k9hoD\">\n<div class=\"brz-bg\">\n<div class=\"brz-bg-image\"><\/div>\n<\/div>\n<div class=\"brz-column__items brz-css-1wij8ju brz-css-1u0btqr\">\n<div id=\"\" class=\"brz-css-19mzhtn brz-css-1z5nd3 brz-wrapper\">\n<div class=\"brz-spacer brz-css-1ce4qwe brz-css-y9qoe1\"><\/div>\n<\/div>\n<div id=\"\" class=\"brz-css-19mzhtn brz-css-19lb2d2 brz-wrapper\">\n<div class=\"brz-rich-text brz-rich-text__custom brz-css-thzwpd\" data-brz-custom-id=\"gOhy7CDPumcI\">\n<div data-brz-translate-text=\"1\">\n<p class=\"brz-text-xs-left brz-text-lg-center brz-tp-lg-heading3 brz-text-sm-left brz-css-qYx8y\" data-uniq-id=\"snP2C\" data-generated-css=\"brz-css-vUmvn\"><span class=\"brz-cp-color8\">F\u00e8s <\/span><\/p>\n<\/div>\n<\/div>\n<\/div>\n<div id=\"\" class=\"brz-css-19mzhtn brz-css-ic60sq brz-wrapper\">\n<div class=\"brz-icon-text brz-css-mtv7wm brz-css-1b27h7n\" data-brz-custom-id=\"lpxdlg6r96AJ\">\n<div class=\"brz-icon__container\" data-brz-custom-id=\"bqaflnCkcTqo\"><span class=\"brz-icon brz-span brz-css-1bs3cye brz-css-bo5m5z\"><\/span><\/div>\n<div class=\"brz-text-btn\">\n<div class=\"brz-rich-text brz-rich-text__custom brz-css-thzwpd\" data-brz-custom-id=\"nw02nbBEh_yT\">\n<div data-brz-translate-text=\"1\">\n<p class=\"brz-tp-lg-paragraph brz-css-t6v8h\" data-uniq-id=\"q8jnX\" data-generated-css=\"brz-css-z3fag\"><span class=\"brz-cp-color8\">Oeste de Marruecos<\/span><\/p>\n<\/div>\n<\/div>\n<\/div>\n<\/div>\n<\/div>\n<\/div>\n<p><a class=\"brz-a brz-container-link\" href=\"\" target=\"_self\" rel=\"noopener\" data-brz-link-type=\"page\"><\/a><\/div>\n<\/div>\n<\/div>\n<div class=\"brz-row__container brz-css-1wsld9t\" data-brz-custom-id=\"t2mp7RGzFhET\">\n<div class=\"brz-bg\"><\/div>\n<div class=\"brz-row brz-css-yoc9hf\">\n<div class=\"brz-columns brz-css-1c7tjoc brz-css-hrpzz3\" data-brz-custom-id=\"jq1R8r6oeq24\">\n<div class=\"brz-bg\"><\/div>\n<div class=\"brz-column__items brz-css-1wij8ju\">\n<div id=\"\" class=\"brz-css-19mzhtn brz-wrapper\">\n<div class=\"brz-rich-text brz-rich-text__custom brz-css-thzwpd\" data-brz-custom-id=\"iwRVx3AbaeFC\">\n<div data-brz-translate-text=\"1\">\n<p class=\"brz-tp-lg-paragraph brz-css-zyuMo\" data-generated-css=\"brz-css-y6qYq\" data-uniq-id=\"jCxRn\"><a class=\"is-empty brz-cp-color7\" style=\"opacity: 1\" href=\"\" data-brz-link-type=\"page\">Las famosas ciudades reales de Marrakech, F\u00e8z, M\u00e8knes y Rabat esperan su visita. Son uno de los mayores atractivos del pa\u00eds. Cada una de ellas fue capital de los sultanes a lo largo del tiempo y se ampli\u00f3 magn\u00edficamente durante sus dinast\u00edas. A\u00fan hoy impresionan por su encanto tradicional y real, sus mercados orientales y sus magn\u00edficos centros urbanos.<\/a><\/p>\n<\/div>\n<\/div>\n<\/div>\n<\/div>\n<\/div>\n<\/div>\n<\/div>\n<div class=\"brz-wrapper-clone brz-css-62bafg\">\n<div class=\"brz-d-xs-flex brz-flex-xs-wrap brz-css-12wqrh4\" data-brz-custom-id=\"\">\n<div class=\"brz-wrapper-clone__item\" id=\"rm74ahG8JTl_\"><a class=\"brz-a brz-btn brz-css-11gkutp brz-css-wo921a brz-css-tun8md brz-css-jvyqo0\" href=\"\" target=\"_self\" rel=\"noopener\" data-brz-link-type=\"page\" data-brz-custom-id=\"rm74ahG8JTl_\"><span data-brz-translate-text=\"1\" class=\"brz-span brz-text__editor\">Contacto<\/span><\/a><\/div>\n<\/div>\n<\/div>\n<\/div>\n<\/div>\n<\/section>\n<\/div>\n<p>    <!-- version:1737554686 --><\/p>\n","protected":false},"excerpt":{"rendered":"<p>Marruecos- Cuatro ciudades reales Le invitamos a descubrir con nosotros este pa\u00eds tan diverso. De las ciudades al desierto, pasando por la playa y el mar, Marruecos lo tiene todo para ofrecer. 01 A medida Organizaremos su viaje seg\u00fan sus deseos. 02 Aut\u00e9ntico Conozca el pa\u00eds y sus gentes de forma aut\u00e9ntica. 03 Personal Somos [&hellip;]<\/p>\n","protected":false},"author":2,"featured_media":0,"parent":0,"menu_order":0,"comment_status":"closed","ping_status":"closed","template":"","meta":{"_seopress_robots_primary_cat":"","_seopress_titles_title":"Descubre la Esencia Real de Marruecos: Nuestro Tour por las Cuatro Ciudades Imperiales.","_seopress_titles_desc":"Emb\u00e1rcate en un viaje \u00fanico explorando las cuatro joyas hist\u00f3ricas de Marruecos. Descubre la majestuosidad de las ciudades imperiales: Marrakech, Fez, Rabat y Meknes. Sum\u00e9rgete en la rica historia, arquitectura impresionante y vibrante cultura que estas ciudades ofrecen. \u00a1Planifica tu aventura a trav\u00e9s de las K\u00f6nigsst\u00e4dte y sum\u00e9rgete en la aut\u00e9ntica belleza de Marruecos!","_seopress_robots_index":"","footnotes":""},"class_list":["post-2667","page","type-page","status-publish","hentry"],"blocksy_meta":[],"brizy_media":[],"_links":{"self":[{"href":"https:\/\/vacation-morocco.com\/es\/wp-json\/wp\/v2\/pages\/2667","targetHints":{"allow":["GET"]}}],"collection":[{"href":"https:\/\/vacation-morocco.com\/es\/wp-json\/wp\/v2\/pages"}],"about":[{"href":"https:\/\/vacation-morocco.com\/es\/wp-json\/wp\/v2\/types\/page"}],"author":[{"embeddable":true,"href":"https:\/\/vacation-morocco.com\/es\/wp-json\/wp\/v2\/users\/2"}],"replies":[{"embeddable":true,"href":"https:\/\/vacation-morocco.com\/es\/wp-json\/wp\/v2\/comments?post=2667"}],"version-history":[{"count":18,"href":"https:\/\/vacation-morocco.com\/es\/wp-json\/wp\/v2\/pages\/2667\/revisions"}],"predecessor-version":[{"id":6842,"href":"https:\/\/vacation-morocco.com\/es\/wp-json\/wp\/v2\/pages\/2667\/revisions\/6842"}],"wp:attachment":[{"href":"https:\/\/vacation-morocco.com\/es\/wp-json\/wp\/v2\/media?parent=2667"}],"curies":[{"name":"wp","href":"https:\/\/api.w.org\/{rel}","templated":true}]}}