{"id":2663,"date":"2023-11-27T11:24:36","date_gmt":"2023-11-27T10:24:36","guid":{"rendered":"https:\/\/vacation-morocco.nextron.org\/staedtereise-agadir\/"},"modified":"2026-03-22T13:40:43","modified_gmt":"2026-03-22T12:40:43","slug":"viaje-a-agadir","status":"publish","type":"page","link":"https:\/\/vacation-morocco.com\/es\/viaje-a-agadir\/","title":{"rendered":"Viaje a Agadir"},"content":{"rendered":"<div class=\"brz-root__container brz-reset-all brz brz-root__container-page\">\n<section id=\"_cCv8TdmSLRY0\" class=\"brz-section brz-css-1fm0ka4\">\n<div class=\"brz-section__content brz-section--boxed brz-css-1x1qmbi brz-css-m8cwbi\" data-brz-custom-id=\"pPCPGyu3xcju\">\n<div class=\"brz-bg\">\n<div class=\"brz-bg-image\"><\/div>\n<\/div>\n<div class=\"brz-container brz-css-15yy0g5\">\n<div class=\"brz-row__container brz-css-1khbh1i\" data-brz-custom-id=\"kPkphsq7hqat\">\n<div class=\"brz-bg\"><\/div>\n<div class=\"brz-row brz-css-iucckx brz-css-1pd0k3o\">\n<div class=\"brz-columns brz-css-28bid0 brz-css-17n35rf\" data-brz-custom-id=\"ynG6pVKN4d8k\">\n<div class=\"brz-bg\"><\/div>\n<div class=\"brz-column__items brz-css-1vrm1jg\">\n<div id=\"\" class=\"brz-css-1izo9hw brz-wrapper\">\n<div class=\"brz-rich-text brz-rich-text__custom brz-css-10frw5b\" data-brz-custom-id=\"bMX2YlpgSSOu\">\n<div data-brz-translate-text=\"1\">\n<h1 class=\"brz-text-xs-center brz-ff-roboto brz-ft-google brz-fs-lg-66 brz-fss-lg-px brz-fw-lg-900 brz-ls-lg-0 brz-lh-lg-1_3 brz-text-lg-center brz-tp-lg-heading1 brz-css-tYBUP\" data-uniq-id=\"uuOhT\" data-generated-css=\"brz-css-nEgg5\"><a class=\"is-empty brz-cp-color2\" style=\"opacity: 1\" href=\"\" data-brz-link-type=\"page\"> <\/a><\/h1>\n<h1 class=\"brz-text-xs-center brz-ff-roboto brz-ft-google brz-fs-lg-66 brz-fss-lg-px brz-fw-lg-900 brz-ls-lg-0 brz-lh-lg-1_3 brz-text-lg-center brz-tp-lg-heading1 brz-css-owzzG\" data-uniq-id=\"uuOhT\" data-generated-css=\"brz-css-nEgg5\"><a class=\"is-empty brz-cp-color2\" style=\"opacity: 1\" href=\"\" data-brz-link-type=\"page\">Marruecos-<\/a><\/h1>\n<h1 class=\"brz-mt-lg-3 brz-text-xs-center brz-ff-roboto brz-ft-google brz-fs-lg-66 brz-fss-lg-px brz-fw-lg-900 brz-ls-lg-0 brz-lh-lg-1_3 brz-text-lg-center brz-tp-lg-heading1 brz-css-qSItI\" data-uniq-id=\"kqcbR\" data-generated-css=\"brz-css-cwTYf\"><span style=\"opacity: 1\" class=\"brz-cp-color2\">Viaje a Agadir<\/span><\/h1>\n<\/div>\n<\/div>\n<\/div>\n<div id=\"\" class=\"brz-css-1izo9hw brz-wrapper\">\n<div class=\"brz-rich-text brz-rich-text__custom brz-css-10frw5b\" data-brz-custom-id=\"l0q6NmzurGrD\">\n<div data-brz-translate-text=\"1\">\n<h4 class=\"brz-lh-lg-1_6 brz-ls-lg-0 brz-fw-lg-400 brz-fss-lg-px brz-fs-lg-20 brz-ft-google brz-ff-roboto brz-text-lg-center brz-text-xs-center brz-tp-lg-heading4 brz-mb-lg-0 brz-mt-lg-0 brz-css-e1OlL\" data-generated-css=\"brz-css-ka4Kh\" data-uniq-id=\"v3nvh\"><span style=\"opacity: 1\" class=\"brz-cp-color2\">Te invitamos a descubrir este pa\u00eds diverso con nosotros. Desde ciudades hasta desierto, playa y mar, Marruecos lo tiene todo.<\/span><\/h4>\n<h4 class=\"brz-lh-lg-1_6 brz-ls-lg-0 brz-fw-lg-400 brz-fss-lg-px brz-fs-lg-20 brz-ft-google brz-ff-roboto brz-text-lg-center brz-text-xs-center brz-tp-lg-heading4 brz-mb-lg-0 brz-mt-lg-0 brz-css-sTsdR\" data-generated-css=\"brz-css-ka4Kh\" data-uniq-id=\"v3nvh\"><span style=\"opacity: 1\" class=\"brz-cp-color2\"> <\/span><\/h4>\n<\/div>\n<\/div>\n<\/div>\n<\/div>\n<\/div>\n<\/div>\n<\/div>\n<div id=\"\" class=\"brz-css-1izo9hw brz-css-1f9ijmd brz-css-10pirga brz-wrapper\">\n<div class=\"brz-spacer brz-css-ukvx27 brz-css-adrhbn\"><\/div>\n<\/div>\n<div class=\"brz-row__container brz-css-1khbh1i\" data-brz-custom-id=\"xdpFidggMcoV\">\n<div class=\"brz-bg\"><\/div>\n<div class=\"brz-row brz-css-iucckx brz-css-1pd0k3o\">\n<div class=\"brz-columns brz-css-28bid0 brz-css-21yt5q\" data-brz-custom-id=\"xHPxaV3tdBUt\">\n<div class=\"brz-bg\"><\/div>\n<div class=\"brz-column__items brz-css-1vrm1jg brz-css-1i5g2vb\">\n<div id=\"\" class=\"brz-css-1izo9hw brz-css-1hjfass brz-wrapper\">\n<div class=\"brz-rich-text brz-rich-text__custom brz-css-10frw5b\" data-brz-custom-id=\"rpE_liHA6tGf\">\n<div data-brz-translate-text=\"1\">\n<p class=\"brz-tp-heading2 brz-css-gyYQF\"><span class=\"brz-cp-color8\">01<\/span><\/p>\n<\/div>\n<\/div>\n<\/div>\n<div id=\"\" class=\"brz-css-1izo9hw brz-css-f0j3ct brz-wrapper\">\n<div class=\"brz-rich-text brz-rich-text__custom brz-css-10frw5b\" data-brz-custom-id=\"g0HbCdlsk18R\">\n<div data-brz-translate-text=\"1\">\n<p class=\"brz-fs-sm-18 brz-tp-lg-heading4 brz-css-j6mC0\" data-uniq-id=\"atwe4\" data-generated-css=\"brz-css-vwZ4j\"><span style=\"opacity: 1\" class=\"brz-cp-color8\">Individualmente<\/span><\/p>\n<\/div>\n<\/div>\n<\/div>\n<div id=\"\" class=\"brz-css-1izo9hw brz-wrapper\">\n<div class=\"brz-rich-text brz-rich-text__custom brz-css-10frw5b\" data-brz-custom-id=\"fm8ngoYHMRRe\">\n<div data-brz-translate-text=\"1\">\n<p class=\"brz-tp-lg-paragraph brz-css-ihFc3\" data-uniq-id=\"qREq8\" data-generated-css=\"brz-css-zdIkX\"><span style=\"opacity: 1\" class=\"brz-cp-color8\">Armamos tu viaje seg\u00fan tus deseos.<\/span><\/p>\n<\/div>\n<\/div>\n<\/div>\n<\/div>\n<p><a class=\"brz-a brz-container-link\" href=\"\" target=\"_self\" rel=\"noopener\" data-brz-link-type=\"page\"><\/a><\/div>\n<div class=\"brz-columns brz-css-28bid0 brz-css-1arayx4\" data-brz-custom-id=\"iMjbphcsASsV\">\n<div class=\"brz-bg\"><\/div>\n<div class=\"brz-column__items brz-css-1vrm1jg brz-css-kl2d40\">\n<div id=\"\" class=\"brz-css-1izo9hw brz-css-n0bbmz brz-wrapper\">\n<div class=\"brz-rich-text brz-rich-text__custom brz-css-10frw5b\" data-brz-custom-id=\"pBWmXEn5Yyn2\">\n<div data-brz-translate-text=\"1\">\n<p class=\"brz-tp-heading2 brz-css-nN7Rk\"><span class=\"brz-cp-color8\">02<\/span><\/p>\n<\/div>\n<\/div>\n<\/div>\n<div id=\"\" class=\"brz-css-1izo9hw brz-css-a8629q brz-wrapper\">\n<div class=\"brz-rich-text brz-rich-text__custom brz-css-10frw5b\" data-brz-custom-id=\"aYiu1wsRpqRB\">\n<div data-brz-translate-text=\"1\">\n<p class=\"brz-fs-sm-18 brz-tp-lg-heading4 brz-css-f0cv0\" data-uniq-id=\"tLJWv\" data-generated-css=\"brz-css-mAEbk\"><span style=\"opacity: 1\" class=\"brz-cp-color8\">Aut\u00e9ntico<\/span><\/p>\n<\/div>\n<\/div>\n<\/div>\n<div id=\"\" class=\"brz-css-1izo9hw brz-wrapper\">\n<div class=\"brz-rich-text brz-rich-text__custom brz-css-10frw5b\" data-brz-custom-id=\"acZgOe5B3uvD\">\n<div data-brz-translate-text=\"1\">\n<p class=\"brz-tp-lg-paragraph brz-css-bz8Pa\" data-generated-css=\"brz-css-tTxbl\" data-uniq-id=\"jltBY\"><span style=\"opacity: 1\" class=\"brz-cp-color8\">Conozca aut\u00e9nticamente el pa\u00eds y su gente.<\/span><\/p>\n<\/div>\n<\/div>\n<\/div>\n<\/div>\n<p><a class=\"brz-a brz-container-link\" href=\"\" target=\"_self\" rel=\"noopener\" data-brz-link-type=\"page\"><\/a><\/div>\n<div class=\"brz-columns brz-css-28bid0 brz-css-hdi74g\" data-brz-custom-id=\"gPfVIZFxxIYK\">\n<div class=\"brz-bg\"><\/div>\n<div class=\"brz-column__items brz-css-1vrm1jg brz-css-il8bxb\">\n<div id=\"\" class=\"brz-css-1izo9hw brz-css-1turftu brz-wrapper\">\n<div class=\"brz-rich-text brz-rich-text__custom brz-css-10frw5b\" data-brz-custom-id=\"by4RrgFn9HY2\">\n<div data-brz-translate-text=\"1\">\n<p class=\"brz-tp-heading2 brz-css-wK_m5\"><span class=\"brz-cp-color8\">03<\/span><\/p>\n<\/div>\n<\/div>\n<\/div>\n<div id=\"\" class=\"brz-css-1izo9hw brz-css-1bfvxw1 brz-wrapper\">\n<div class=\"brz-rich-text brz-rich-text__custom brz-css-10frw5b\" data-brz-custom-id=\"lcATJfiKthAx\">\n<div data-brz-translate-text=\"1\">\n<p class=\"brz-fs-sm-18 brz-tp-lg-heading4 brz-css-zEyqY\" data-uniq-id=\"oZiYE\" data-generated-css=\"brz-css-v7gzS\"><span style=\"opacity: 1\" class=\"brz-cp-color8\">Personal<\/span><\/p>\n<\/div>\n<\/div>\n<\/div>\n<div id=\"\" class=\"brz-css-1izo9hw brz-wrapper\">\n<div class=\"brz-rich-text brz-rich-text__custom brz-css-10frw5b\" data-brz-custom-id=\"jJ7DshH9XD2p\">\n<div data-brz-translate-text=\"1\">\n<p class=\"brz-tp-lg-paragraph brz-css-keW1A\" data-uniq-id=\"j7Qk2\" data-generated-css=\"brz-css-mgd5e\"><span style=\"opacity: 1\" class=\"brz-cp-color8\">Somos una peque\u00f1a empresa familiar y estaremos encantados de asesorarle personalmente.<\/span><\/p>\n<\/div>\n<\/div>\n<\/div>\n<\/div>\n<p><a class=\"brz-a brz-container-link\" href=\"\" target=\"_self\" rel=\"noopener\" data-brz-link-type=\"page\"><\/a><\/div>\n<\/div>\n<\/div>\n<\/div>\n<\/div>\n<\/section>\n<section id=\"_bMEzddSQxZfV\" class=\"brz-section brz-css-1fm0ka4\">\n<div class=\"brz-section__content brz-section--boxed brz-css-1x1qmbi brz-css-144faje\" data-brz-custom-id=\"mGYWDjZOEzwI\">\n<div class=\"brz-container brz-css-15yy0g5\">\n<div class=\"brz-row__container brz-css-1khbh1i\" data-brz-custom-id=\"uHAwGabsPGbb\">\n<div class=\"brz-bg\"><\/div>\n<div class=\"brz-row brz-css-iucckx\">\n<div class=\"brz-columns brz-css-28bid0\" data-brz-custom-id=\"nkuprLk9fbuB\">\n<div class=\"brz-bg\"><\/div>\n<div class=\"brz-column__items brz-css-1vrm1jg\">\n<div id=\"\" class=\"brz-css-1izo9hw brz-wrapper\">\n<div class=\"brz-rich-text brz-rich-text__custom brz-css-10frw5b\" data-brz-custom-id=\"yHLnW5dP45nq\">\n<div data-brz-translate-text=\"1\">\n<p class=\"brz-text-lg-left brz-text-xs-center brz-fss-lg-px brz-fw-lg-700 brz-ls-lg-1 brz-lh-lg-1_3 brz-ff-roboto brz-ft-google brz-fs-lg-16 brz-tp-lg-paragraph brz-css-hNgdv\" data-generated-css=\"brz-css-lvQtU\" data-uniq-id=\"uVaes\"><strong>Agadir es conocida por su oro l\u00edquido. El \u00e1rbol de arg\u00e1n con sus largas espinas s\u00f3lo crece aqu\u00ed en esta regi\u00f3n. El valioso aceite de arg\u00e1n se utiliza en cosm\u00e9tica y tambi\u00e9n como fino aceite de nuez para cocinar y hornear.<\/strong><\/p>\n<p class=\"brz-text-lg-left brz-text-xs-center brz-fss-lg-px brz-fw-lg-700 brz-ls-lg-1 brz-lh-lg-1_3 brz-ff-roboto brz-ft-google brz-fs-lg-16 brz-tp-lg-paragraph brz-css-qITYh\" data-generated-css=\"brz-css-nVWeY\" data-uniq-id=\"keyR1\"><\/p>\n<p class=\"brz-text-lg-left brz-text-xs-center brz-fss-lg-px brz-fw-lg-700 brz-ls-lg-1 brz-lh-lg-1_3 brz-ff-roboto brz-ft-google brz-fs-lg-16 brz-tp-lg-paragraph brz-css-aupuV\" data-generated-css=\"brz-css-toYpd\" data-uniq-id=\"lGX7K\"><strong>El aceite de arg\u00e1n tambi\u00e9n se encuentra en la conocida Amlou, la Nutella bereber. No dejes de probar esta delicia cuando viajes a Agadir.<\/strong><\/p>\n<\/div>\n<\/div>\n<\/div>\n<div id=\"\" class=\"brz-css-1izo9hw brz-wrapper\">\n<div class=\"brz-image brz-css-pmnpd5\" data-brz-custom-id=\"s9ZSnckKpQZ5\"><img decoding=\"async\" class=\"brz-img\" src=\"https:\/\/vacation-morocco.com\/es?brizy_media=wp-4b26625d0e497330038000594976c4a8.jpg&amp;brizy_crop=iW%3D605%26iH%3D403%26oX%3D33%26oY%3D0%26cW%3D540%26cH%3D403\" alt=\"\" loading=\"lazy\"><\/div>\n<\/div>\n<\/div>\n<p><a class=\"brz-a brz-container-link\" href=\"\" target=\"_self\" rel=\"noopener\" data-brz-link-type=\"page\"><\/a><\/div>\n<div class=\"brz-columns brz-css-28bid0\" data-brz-custom-id=\"ifn4oK8gqUTr\">\n<div class=\"brz-bg\"><\/div>\n<div class=\"brz-column__items brz-css-1vrm1jg\">\n<div id=\"\" class=\"brz-css-1izo9hw brz-wrapper\">\n<div class=\"brz-map brz-map_styles brz-css-1d6rtix brz-css-1bzxzry\" data-brz-custom-id=\"yYmFE7Z3n9dw\">\n<div class=\"brz-ui-ed-map-content\"><\/div>\n<\/div>\n<\/div>\n<div class=\"brz-wrapper-clone brz-css-zfkl22\">\n<div class=\"brz-d-xs-flex brz-flex-xs-wrap brz-css-739rjd\" data-brz-custom-id=\"\">\n<div class=\"brz-wrapper-clone__item\" id=\"yF_Mtb9nKiO0\"><a class=\"brz-a brz-btn brz-css-10gccfq brz-css-7o5wlh brz-css-1c8v0hc brz-css-1ahlepn\" href=\"\" target=\"_self\" rel=\"noopener\" data-brz-link-type=\"external\" data-brz-custom-id=\"yF_Mtb9nKiO0\"><span data-brz-translate-text=\"1\" class=\"brz-span brz-text__editor\">Contacto<\/span><\/a><\/div>\n<\/div>\n<\/div>\n<\/div>\n<\/div>\n<\/div>\n<\/div>\n<\/div>\n<\/div>\n<\/section>\n<\/div>\n<p>    <!-- version:1737573016 --><\/p>\n","protected":false},"excerpt":{"rendered":"<p>Marruecos- Viaje a Agadir Te invitamos a descubrir este pa\u00eds diverso con nosotros. Desde ciudades hasta desierto, playa y mar, Marruecos lo tiene todo. 01 Individualmente Armamos tu viaje seg\u00fan tus deseos. 02 Aut\u00e9ntico Conozca aut\u00e9nticamente el pa\u00eds y su gente. 03 Personal Somos una peque\u00f1a empresa familiar y estaremos encantados de asesorarle personalmente. Agadir [&hellip;]<\/p>\n","protected":false},"author":2,"featured_media":0,"parent":0,"menu_order":0,"comment_status":"closed","ping_status":"closed","template":"","meta":{"_seopress_robots_primary_cat":"","_seopress_titles_title":"Descubra Agadir: su destino perfecto para una escapada urbana inolvidable en Marruecos","_seopress_titles_desc":"Descubra Agadir: su destino perfecto para una escapada urbana inolvidable en Marruecos.","_seopress_robots_index":"","footnotes":""},"class_list":["post-2663","page","type-page","status-publish","hentry"],"blocksy_meta":[],"brizy_media":[],"_links":{"self":[{"href":"https:\/\/vacation-morocco.com\/es\/wp-json\/wp\/v2\/pages\/2663","targetHints":{"allow":["GET"]}}],"collection":[{"href":"https:\/\/vacation-morocco.com\/es\/wp-json\/wp\/v2\/pages"}],"about":[{"href":"https:\/\/vacation-morocco.com\/es\/wp-json\/wp\/v2\/types\/page"}],"author":[{"embeddable":true,"href":"https:\/\/vacation-morocco.com\/es\/wp-json\/wp\/v2\/users\/2"}],"replies":[{"embeddable":true,"href":"https:\/\/vacation-morocco.com\/es\/wp-json\/wp\/v2\/comments?post=2663"}],"version-history":[{"count":18,"href":"https:\/\/vacation-morocco.com\/es\/wp-json\/wp\/v2\/pages\/2663\/revisions"}],"predecessor-version":[{"id":6856,"href":"https:\/\/vacation-morocco.com\/es\/wp-json\/wp\/v2\/pages\/2663\/revisions\/6856"}],"wp:attachment":[{"href":"https:\/\/vacation-morocco.com\/es\/wp-json\/wp\/v2\/media?parent=2663"}],"curies":[{"name":"wp","href":"https:\/\/api.w.org\/{rel}","templated":true}]}}