{"id":2659,"date":"2023-11-27T11:24:57","date_gmt":"2023-11-27T10:24:57","guid":{"rendered":"https:\/\/vacation-morocco.nextron.org\/staedtereise-essaouira\/"},"modified":"2026-03-20T05:54:24","modified_gmt":"2026-03-20T04:54:24","slug":"viaje-a-la-ciudad-de-essaouira","status":"publish","type":"page","link":"https:\/\/vacation-morocco.com\/es\/viaje-a-la-ciudad-de-essaouira\/","title":{"rendered":"Viaje a Essaouira"},"content":{"rendered":"<div class=\"brz-root__container brz-reset-all brz brz-root__container-page\">\n<section id=\"_agZJQu4iZTuf\" class=\"brz-section brz-css-xpgucs\">\n<div class=\"brz-section__content brz-section--boxed brz-css-czd9iv brz-css-ky6u1t\" data-brz-custom-id=\"qNBsMm6GFOej\">\n<div class=\"brz-bg\">\n<div class=\"brz-bg-image\"><\/div>\n<\/div>\n<div class=\"brz-container brz-css-1ra10ax\">\n<div class=\"brz-row__container brz-css-hd553s\" data-brz-custom-id=\"rYa94BHkPL4M\">\n<div class=\"brz-bg\"><\/div>\n<div class=\"brz-row brz-css-1yu5ifj brz-css-1nzjfs7\">\n<div class=\"brz-columns brz-css-1dxi7ds brz-css-11qqq1p\" data-brz-custom-id=\"ib1i26saAfGP\">\n<div class=\"brz-bg\"><\/div>\n<div class=\"brz-column__items brz-css-1qn5mel\">\n<div id=\"\" class=\"brz-css-djdrfa brz-wrapper\">\n<div class=\"brz-rich-text brz-rich-text__custom brz-css-ynrzuv\" data-brz-custom-id=\"kNKyR1eJWvbQ\">\n<div data-brz-translate-text=\"1\">\n<h1 class=\"brz-tp-lg-heading1 brz-text-lg-center brz-lh-lg-1_3 brz-ls-lg-0 brz-fw-lg-900 brz-fss-lg-px brz-fs-lg-66 brz-ft-google brz-ff-roboto brz-text-xs-center brz-mb-lg-5 brz-mt-lg-59 brz-css-jk_2L\" data-generated-css=\"brz-css-efgtj\" data-uniq-id=\"qSzrY\"><span style=\"opacity: 1\" class=\"brz-cp-color2\">Marruecos-<\/span><\/h1>\n<h1 class=\"brz-mt-lg-3 brz-tp-lg-heading1 brz-text-lg-center brz-lh-lg-1_3 brz-ls-lg-0 brz-fw-lg-900 brz-fss-lg-px brz-fs-lg-66 brz-ft-google brz-ff-roboto brz-text-xs-center brz-css-cq5Uh\" data-generated-css=\"brz-css-gC0u0\" data-uniq-id=\"zZtac\"><span style=\"opacity: 1\" class=\"brz-cp-color2\">Viaje a Essaouira<\/span><\/h1>\n<\/div>\n<\/div>\n<\/div>\n<div id=\"\" class=\"brz-css-djdrfa brz-wrapper\">\n<div class=\"brz-rich-text brz-rich-text__custom brz-css-ynrzuv\" data-brz-custom-id=\"iFT97X95To3_\">\n<div data-brz-translate-text=\"1\">\n<h4 class=\"brz-mb-lg-100 brz-lh-lg-1_6 brz-ls-lg-0 brz-fw-lg-400 brz-fss-lg-px brz-fs-lg-20 brz-ft-google brz-ff-roboto brz-text-lg-center brz-text-xs-center brz-tp-lg-heading4 brz-css-vYOYZ\" data-generated-css=\"brz-css-xG_DY\" data-uniq-id=\"s8cJk\"><span style=\"opacity: 1\" class=\"brz-cp-color2\">Te invitamos a descubrir este pa\u00eds diverso con nosotros. Desde ciudades hasta desierto, playa y mar, Marruecos lo tiene todo.<\/span><\/h4>\n<\/div>\n<\/div>\n<\/div>\n<\/div>\n<\/div>\n<\/div>\n<\/div>\n<div id=\"\" class=\"brz-css-djdrfa brz-css-zw02lb brz-css-yj6t94 brz-wrapper\">\n<div class=\"brz-spacer brz-css-99zf04 brz-css-17me61r\"><\/div>\n<\/div>\n<div class=\"brz-row__container brz-css-hd553s\" data-brz-custom-id=\"rReuAbxqvKqZ\">\n<div class=\"brz-bg\"><\/div>\n<div class=\"brz-row brz-css-1yu5ifj brz-css-1nzjfs7\">\n<div class=\"brz-columns brz-css-1dxi7ds brz-css-1sjd4oi\" data-brz-custom-id=\"bQiTYrkK5QxN\">\n<div class=\"brz-bg\"><\/div>\n<div class=\"brz-column__items brz-css-1qn5mel brz-css-1vo3kri\">\n<div id=\"\" class=\"brz-css-djdrfa brz-css-1kl9nr2 brz-wrapper\">\n<div class=\"brz-rich-text brz-rich-text__custom brz-css-ynrzuv\" data-brz-custom-id=\"ho8CGQ88rWQC\">\n<div data-brz-translate-text=\"1\">\n<p class=\"brz-tp-heading2 brz-css-ti774\"><span class=\"brz-cp-color8\">01<\/span><\/p>\n<\/div>\n<\/div>\n<\/div>\n<div id=\"\" class=\"brz-css-djdrfa brz-css-3n2zly brz-wrapper\">\n<div class=\"brz-rich-text brz-rich-text__custom brz-css-ynrzuv\" data-brz-custom-id=\"hYMqu785cjNc\">\n<div data-brz-translate-text=\"1\">\n<p class=\"brz-fs-sm-18 brz-tp-lg-heading4 brz-css-jrZuG\" data-uniq-id=\"ddmx6\" data-generated-css=\"brz-css-owg8V\"><span style=\"opacity: 1\" class=\"brz-cp-color8\">Individualmente<\/span><\/p>\n<\/div>\n<\/div>\n<\/div>\n<div id=\"\" class=\"brz-css-djdrfa brz-wrapper\">\n<div class=\"brz-rich-text brz-rich-text__custom brz-css-ynrzuv\" data-brz-custom-id=\"oALPgMrlGLzc\">\n<div data-brz-translate-text=\"1\">\n<p class=\"brz-tp-lg-paragraph brz-css-zz94V\" data-uniq-id=\"gOHQb\" data-generated-css=\"brz-css-o4I2o\"><span style=\"opacity: 1\" class=\"brz-cp-color8\">Armamos tu viaje seg\u00fan tus deseos.<\/span><\/p>\n<\/div>\n<\/div>\n<\/div>\n<\/div>\n<\/div>\n<div class=\"brz-columns brz-css-1dxi7ds brz-css-1eq7u0u\" data-brz-custom-id=\"bOvcgrOjdr8V\">\n<div class=\"brz-bg\"><\/div>\n<div class=\"brz-column__items brz-css-1qn5mel brz-css-1uq1xf4\">\n<div id=\"\" class=\"brz-css-djdrfa brz-css-19bgl2i brz-wrapper\">\n<div class=\"brz-rich-text brz-rich-text__custom brz-css-ynrzuv\" data-brz-custom-id=\"sGCeshEj620H\">\n<div data-brz-translate-text=\"1\">\n<p class=\"brz-tp-heading2 brz-css-q0FWb\"><span class=\"brz-cp-color8\">02<\/span><\/p>\n<\/div>\n<\/div>\n<\/div>\n<div id=\"\" class=\"brz-css-djdrfa brz-css-1gk1k3p brz-wrapper\">\n<div class=\"brz-rich-text brz-rich-text__custom brz-css-ynrzuv\" data-brz-custom-id=\"pY80i8DMTO2p\">\n<div data-brz-translate-text=\"1\">\n<p class=\"brz-fs-sm-18 brz-tp-lg-heading4 brz-css-mpa4Z\" data-uniq-id=\"p9o_0\" data-generated-css=\"brz-css-ijj00\"><span style=\"opacity: 1\" class=\"brz-cp-color8\">Aut\u00e9ntico<\/span><\/p>\n<\/div>\n<\/div>\n<\/div>\n<div id=\"\" class=\"brz-css-djdrfa brz-wrapper\">\n<div class=\"brz-rich-text brz-rich-text__custom brz-css-ynrzuv\" data-brz-custom-id=\"gyRtqI4_xpqn\">\n<div data-brz-translate-text=\"1\">\n<p class=\"brz-tp-lg-paragraph brz-css-rtL69\" data-generated-css=\"brz-css-vusxd\" data-uniq-id=\"ybTjr\"><span style=\"opacity: 1\" class=\"brz-cp-color8\">Conozca aut\u00e9nticamente el pa\u00eds y su gente.<\/span><\/p>\n<\/div>\n<\/div>\n<\/div>\n<\/div>\n<\/div>\n<div class=\"brz-columns brz-css-1dxi7ds brz-css-1le0adw\" data-brz-custom-id=\"ekcBZiFK_TXg\">\n<div class=\"brz-bg\"><\/div>\n<div class=\"brz-column__items brz-css-1qn5mel brz-css-1n4875g\">\n<div id=\"\" class=\"brz-css-djdrfa brz-css-1mjsmv brz-wrapper\">\n<div class=\"brz-rich-text brz-rich-text__custom brz-css-ynrzuv\" data-brz-custom-id=\"j9qILdhpK9Ph\">\n<div data-brz-translate-text=\"1\">\n<p class=\"brz-tp-heading2 brz-css-iy_NQ\"><span class=\"brz-cp-color8\">03<\/span><\/p>\n<\/div>\n<\/div>\n<\/div>\n<div id=\"\" class=\"brz-css-djdrfa brz-css-1g1z2te brz-wrapper\">\n<div class=\"brz-rich-text brz-rich-text__custom brz-css-ynrzuv\" data-brz-custom-id=\"arjI8lAN0E_R\">\n<div data-brz-translate-text=\"1\">\n<p class=\"brz-fs-sm-18 brz-tp-lg-heading4 brz-css-raBC3\" data-uniq-id=\"wlt6L\" data-generated-css=\"brz-css-e09H2\"><span style=\"opacity: 1\" class=\"brz-cp-color8\">Personal<\/span><\/p>\n<\/div>\n<\/div>\n<\/div>\n<div id=\"\" class=\"brz-css-djdrfa brz-wrapper\">\n<div class=\"brz-rich-text brz-rich-text__custom brz-css-ynrzuv\" data-brz-custom-id=\"sxhvos4D5kk6\">\n<div data-brz-translate-text=\"1\">\n<p class=\"brz-tp-lg-paragraph brz-css-aHZio\" data-uniq-id=\"s3KRq\" data-generated-css=\"brz-css-j2BoE\"><span style=\"opacity: 1\" class=\"brz-cp-color8\">Somos una peque\u00f1a empresa familiar y estaremos encantados de asesorarle personalmente.<\/span><\/p>\n<\/div>\n<\/div>\n<\/div>\n<\/div>\n<\/div>\n<\/div>\n<\/div>\n<\/div>\n<\/div>\n<\/section>\n<section id=\"_bymMvseQ4O6R\" class=\"brz-section brz-css-xpgucs\">\n<div class=\"brz-section__content brz-section--boxed brz-css-czd9iv brz-css-fhvydr\" data-brz-custom-id=\"hOHteL5MGPj3\">\n<div class=\"brz-container brz-css-1ra10ax\">\n<div class=\"brz-row__container brz-css-hd553s\" data-brz-custom-id=\"rWBOXnq0hz6w\">\n<div class=\"brz-bg\"><\/div>\n<div class=\"brz-row brz-css-1yu5ifj\">\n<div class=\"brz-columns brz-css-1dxi7ds\" data-brz-custom-id=\"qyGxD_lXbOjH\">\n<div class=\"brz-bg\"><\/div>\n<div class=\"brz-column__items brz-css-1qn5mel\">\n<div id=\"\" class=\"brz-css-djdrfa brz-wrapper\">\n<div class=\"brz-rich-text brz-rich-text__custom brz-css-ynrzuv\" data-brz-custom-id=\"xrnUJnPBAChv\">\n<div data-brz-translate-text=\"1\">\n<p class=\"brz-fs-lg-16 brz-ft-google brz-ff-roboto brz-lh-lg-1_3 brz-ls-lg-1 brz-fw-lg-700 brz-fss-lg-px brz-text-xs-center brz-text-lg-left brz-tp-lg-paragraph brz-css-owxWd\" data-uniq-id=\"yQ0Bt\" data-generated-css=\"brz-css-nbqDB\"><strong>Essaouira se encuentra al oeste de la costa atl\u00e1ntica de Marruecos. Esta peque\u00f1a y encantadora ciudad fue declarada Patrimonio de la Humanidad por la UNESCO en 2001. Cada mes de junio se celebra un festival de m\u00fasica con m\u00fasica t\u00edpica Gnawa. Essaouira es ideal para una excursi\u00f3n de un d\u00eda desde Marrakech.<\/strong><\/p>\n<\/div>\n<\/div>\n<\/div>\n<div id=\"\" class=\"brz-css-djdrfa brz-wrapper\">\n<div class=\"brz-image brz-css-r6vaup\" data-brz-custom-id=\"qIEOg9HAP1rT\"><img decoding=\"async\" class=\"brz-img\" src=\"https:\/\/vacation-morocco.com\/es?brizy_media=wp-89552b4ae881fc2e325721c1d9fff04a.jpg&amp;brizy_crop=iW%3D545%26iH%3D409%26oX%3D0%26oY%3D0%26cW%3D545%26cH%3D409\" alt=\"\" loading=\"lazy\"><\/div>\n<\/div>\n<div class=\"brz-wrapper-clone brz-css-do7atb\">\n<div class=\"brz-d-xs-flex brz-flex-xs-wrap brz-css-jmr4d2\" data-brz-custom-id=\"\">\n<div class=\"brz-wrapper-clone__item\" id=\"xwEZwH5Dg8en\"><a class=\"brz-a brz-btn brz-css-rkzpax brz-css-1ipote6 brz-css-1ym59i1 brz-css-1lxsgz5\" href=\"\" target=\"_self\" rel=\"noopener\" data-brz-link-type=\"external\" data-brz-custom-id=\"xwEZwH5Dg8en\"><span data-brz-translate-text=\"1\" class=\"brz-span brz-text__editor\">Contacto<\/span><\/a><\/div>\n<\/div>\n<\/div>\n<\/div>\n<p><a class=\"brz-a brz-container-link\" href=\"\" target=\"_self\" rel=\"noopener\" data-brz-link-type=\"page\"><\/a><\/div>\n<div class=\"brz-columns brz-css-1dxi7ds\" data-brz-custom-id=\"nC3MqX0lgRL5\">\n<div class=\"brz-bg\"><\/div>\n<div class=\"brz-column__items brz-css-1qn5mel\">\n<div id=\"\" class=\"brz-css-djdrfa brz-wrapper\">\n<div class=\"brz-map brz-map_styles brz-css-1xcwqc6 brz-css-24j470\" data-brz-custom-id=\"t2_XMi0hH4al\">\n<div class=\"brz-ui-ed-map-content\"><\/div>\n<\/div>\n<\/div>\n<\/div>\n<\/div>\n<\/div>\n<\/div>\n<\/div>\n<\/div>\n<\/section>\n<\/div>\n<p>    <!-- version:1737574124 --><\/p>\n","protected":false},"excerpt":{"rendered":"<p>Marruecos- Viaje a Essaouira Te invitamos a descubrir este pa\u00eds diverso con nosotros. Desde ciudades hasta desierto, playa y mar, Marruecos lo tiene todo. 01 Individualmente Armamos tu viaje seg\u00fan tus deseos. 02 Aut\u00e9ntico Conozca aut\u00e9nticamente el pa\u00eds y su gente. 03 Personal Somos una peque\u00f1a empresa familiar y estaremos encantados de asesorarle personalmente. Essaouira [&hellip;]<\/p>\n","protected":false},"author":2,"featured_media":0,"parent":0,"menu_order":0,"comment_status":"closed","ping_status":"closed","template":"","meta":{"_seopress_robots_primary_cat":"","_seopress_titles_title":"Descubra la encantadora Essaouira: la escapada urbana de sus sue\u00f1os en Marruecos.","_seopress_titles_desc":"Descubre la magia de Essaouira en tu St\u00e4dtereise por Marruecos. D\u00e9jate cautivar por la belleza de sus calles hist\u00f3ricas, la frescura del oc\u00e9ano Atl\u00e1ntico y la rica cultura marroqu\u00ed. \u00a1Reserva tu experiencia inolvidable ahora!","_seopress_robots_index":"","footnotes":""},"class_list":["post-2659","page","type-page","status-publish","hentry"],"blocksy_meta":[],"brizy_media":[],"_links":{"self":[{"href":"https:\/\/vacation-morocco.com\/es\/wp-json\/wp\/v2\/pages\/2659","targetHints":{"allow":["GET"]}}],"collection":[{"href":"https:\/\/vacation-morocco.com\/es\/wp-json\/wp\/v2\/pages"}],"about":[{"href":"https:\/\/vacation-morocco.com\/es\/wp-json\/wp\/v2\/types\/page"}],"author":[{"embeddable":true,"href":"https:\/\/vacation-morocco.com\/es\/wp-json\/wp\/v2\/users\/2"}],"replies":[{"embeddable":true,"href":"https:\/\/vacation-morocco.com\/es\/wp-json\/wp\/v2\/comments?post=2659"}],"version-history":[{"count":17,"href":"https:\/\/vacation-morocco.com\/es\/wp-json\/wp\/v2\/pages\/2659\/revisions"}],"predecessor-version":[{"id":6857,"href":"https:\/\/vacation-morocco.com\/es\/wp-json\/wp\/v2\/pages\/2659\/revisions\/6857"}],"wp:attachment":[{"href":"https:\/\/vacation-morocco.com\/es\/wp-json\/wp\/v2\/media?parent=2659"}],"curies":[{"name":"wp","href":"https:\/\/api.w.org\/{rel}","templated":true}]}}