{"id":2655,"date":"2023-11-27T11:25:14","date_gmt":"2023-11-27T10:25:14","guid":{"rendered":"https:\/\/vacation-morocco.nextron.org\/staedtereise-marrakesch\/"},"modified":"2026-03-25T03:59:15","modified_gmt":"2026-03-25T02:59:15","slug":"viaje-a-marrakech","status":"publish","type":"page","link":"https:\/\/vacation-morocco.com\/es\/viaje-a-marrakech\/","title":{"rendered":"Viaje a Marrakech"},"content":{"rendered":"<div class=\"brz-root__container brz-reset-all brz brz-root__container-page\">\n<section id=\"_ku97EIDU76mo\" class=\"brz-section brz-css-ee28vh\">\n<div class=\"brz-section__content brz-section--boxed brz-css-16xr1bl brz-css-4g9mo6\" data-brz-custom-id=\"bP1WtNOoW5XB\">\n<div class=\"brz-bg\">\n<div class=\"brz-bg-image\"><\/div>\n<\/div>\n<div class=\"brz-container brz-css-7ga7kv\">\n<div class=\"brz-row__container brz-css-1xwtc59\" data-brz-custom-id=\"xa3RRb4pVYss\">\n<div class=\"brz-bg\"><\/div>\n<div class=\"brz-row brz-css-179hvdf brz-css-o9zeuw\">\n<div class=\"brz-columns brz-css-1wvqjf2 brz-css-1afufve\" data-brz-custom-id=\"qLqZ9uh5e86X\">\n<div class=\"brz-bg\"><\/div>\n<div class=\"brz-column__items brz-css-1pswa16\">\n<div id=\"\" class=\"brz-css-118u9n brz-wrapper\">\n<div class=\"brz-rich-text brz-rich-text__custom brz-css-olw6ys\" data-brz-custom-id=\"e50GA3nvSsbR\">\n<div data-brz-translate-text=\"1\">\n<h1 class=\"brz-tp-lg-heading1 brz-text-lg-center brz-lh-lg-1_3 brz-ls-lg-0 brz-fw-lg-900 brz-fss-lg-px brz-fs-lg-66 brz-ft-google brz-ff-roboto brz-text-xs-center brz-css-g1TD2\" data-generated-css=\"brz-css-bfyRP\" data-uniq-id=\"q2bB4\"><span style=\"opacity: 1\" class=\"brz-cp-color2\"> <\/span><\/h1>\n<h1 class=\"brz-tp-lg-heading1 brz-text-lg-center brz-lh-lg-1_3 brz-ls-lg-0 brz-fw-lg-900 brz-fss-lg-px brz-fs-lg-66 brz-ft-google brz-ff-roboto brz-text-xs-center brz-css-ju7u3\" data-generated-css=\"brz-css-bfyRP\" data-uniq-id=\"q2bB4\"><span style=\"opacity: 1\" class=\"brz-cp-color2\">Marruecos-<\/span><\/h1>\n<h1 class=\"brz-tp-lg-heading1 brz-text-lg-center brz-lh-lg-1_3 brz-ls-lg-0 brz-fw-lg-900 brz-fss-lg-px brz-fs-lg-66 brz-ft-google brz-ff-roboto brz-text-xs-center brz-mt-lg-3 brz-css-gmy4l\" data-generated-css=\"brz-css-oKPnM\" data-uniq-id=\"fGpii\"><span style=\"opacity: 1\" class=\"brz-cp-color2\">Viaje a Marrakech<\/span><\/h1>\n<\/div>\n<\/div>\n<\/div>\n<div id=\"\" class=\"brz-css-118u9n brz-wrapper\">\n<div class=\"brz-rich-text brz-rich-text__custom brz-css-olw6ys\" data-brz-custom-id=\"zzOCfmhioPe8\">\n<div data-brz-translate-text=\"1\">\n<h4 class=\"brz-tp-lg-heading4 brz-text-xs-center brz-text-lg-center brz-ff-roboto brz-ft-google brz-fs-lg-20 brz-fss-lg-px brz-fw-lg-400 brz-ls-lg-0 brz-lh-lg-1_6 brz-css-pYZUI\" data-uniq-id=\"cSSSK\" data-generated-css=\"brz-css-aG9pn\"><span style=\"opacity: 1\" class=\"brz-cp-color2\">Te invitamos a descubrir este pa\u00eds diverso con nosotros. Desde ciudades hasta desierto, playa y mar, Marruecos lo tiene todo.<\/span><\/h4>\n<\/div>\n<\/div>\n<\/div>\n<\/div>\n<\/div>\n<\/div>\n<\/div>\n<div id=\"\" class=\"brz-css-118u9n brz-css-qgoblh brz-css-18st29e brz-wrapper\">\n<div class=\"brz-spacer brz-css-13hwxwj brz-css-fid5z\"><\/div>\n<\/div>\n<div class=\"brz-row__container brz-css-1xwtc59\" data-brz-custom-id=\"cNXKv6kkrv7X\">\n<div class=\"brz-bg\"><\/div>\n<div class=\"brz-row brz-css-179hvdf brz-css-o9zeuw\">\n<div class=\"brz-columns brz-css-1wvqjf2 brz-css-hn1y7h\" data-brz-custom-id=\"fZjbwz3jgBAZ\">\n<div class=\"brz-bg\"><\/div>\n<div class=\"brz-column__items brz-css-1pswa16 brz-css-6hdd7\">\n<div id=\"\" class=\"brz-css-118u9n brz-css-1dd5jxg brz-wrapper\">\n<div class=\"brz-rich-text brz-rich-text__custom brz-css-olw6ys\" data-brz-custom-id=\"deOq8UOFeeuQ\">\n<div data-brz-translate-text=\"1\">\n<p class=\"brz-tp-heading2 brz-css-hUQ1D\"><span class=\"brz-cp-color8\">01<\/span><\/p>\n<\/div>\n<\/div>\n<\/div>\n<div id=\"\" class=\"brz-css-118u9n brz-css-141sk3m brz-wrapper\">\n<div class=\"brz-rich-text brz-rich-text__custom brz-css-olw6ys\" data-brz-custom-id=\"nE1ZTM4pMs_y\">\n<div data-brz-translate-text=\"1\">\n<p class=\"brz-fs-sm-18 brz-tp-lg-heading4 brz-css-pvXZK\" data-uniq-id=\"avg5X\" data-generated-css=\"brz-css-yJMjP\"><span style=\"opacity: 1\" class=\"brz-cp-color8\">Individualmente<\/span><\/p>\n<\/div>\n<\/div>\n<\/div>\n<div id=\"\" class=\"brz-css-118u9n brz-wrapper\">\n<div class=\"brz-rich-text brz-rich-text__custom brz-css-olw6ys\" data-brz-custom-id=\"yrb4Ol6ivfWt\">\n<div data-brz-translate-text=\"1\">\n<p class=\"brz-tp-lg-paragraph brz-css-vPByU\" data-uniq-id=\"sQzrr\" data-generated-css=\"brz-css-g5h3n\"><span style=\"opacity: 1\" class=\"brz-cp-color8\">Armamos tu viaje seg\u00fan tus deseos.<\/span><\/p>\n<\/div>\n<\/div>\n<\/div>\n<\/div>\n<p><a class=\"brz-a brz-container-link\" href=\"\" target=\"_self\" rel=\"noopener\" data-brz-link-type=\"page\"><\/a><\/div>\n<div class=\"brz-columns brz-css-1wvqjf2 brz-css-15khvky\" data-brz-custom-id=\"ztHkPcuz_i8o\">\n<div class=\"brz-bg\"><\/div>\n<div class=\"brz-column__items brz-css-1pswa16 brz-css-1c3nmgx\">\n<div id=\"\" class=\"brz-css-118u9n brz-css-1x7ncv4 brz-wrapper\">\n<div class=\"brz-rich-text brz-rich-text__custom brz-css-olw6ys\" data-brz-custom-id=\"d95ArbGzQOvC\">\n<div data-brz-translate-text=\"1\">\n<p class=\"brz-tp-heading2 brz-css-oOK9e\"><span class=\"brz-cp-color8\">02<\/span><\/p>\n<\/div>\n<\/div>\n<\/div>\n<div id=\"\" class=\"brz-css-118u9n brz-css-kld6nh brz-wrapper\">\n<div class=\"brz-rich-text brz-rich-text__custom brz-css-olw6ys\" data-brz-custom-id=\"uCYZfWITTBA6\">\n<div data-brz-translate-text=\"1\">\n<p class=\"brz-fs-sm-18 brz-tp-lg-heading4 brz-css-axfBT\" data-uniq-id=\"lDqt3\" data-generated-css=\"brz-css-lUjrB\"><span style=\"opacity: 1\" class=\"brz-cp-color8\">Aut\u00e9ntico<\/span><\/p>\n<\/div>\n<\/div>\n<\/div>\n<div id=\"\" class=\"brz-css-118u9n brz-wrapper\">\n<div class=\"brz-rich-text brz-rich-text__custom brz-css-olw6ys\" data-brz-custom-id=\"oqQPkkoTAKWv\">\n<div data-brz-translate-text=\"1\">\n<p class=\"brz-tp-lg-paragraph brz-css-o0QQR\" data-generated-css=\"brz-css-jz6hV\" data-uniq-id=\"erLCR\"><span style=\"opacity: 1\" class=\"brz-cp-color8\">Conozca aut\u00e9nticamente el pa\u00eds y su gente.<\/span><\/p>\n<\/div>\n<\/div>\n<\/div>\n<\/div>\n<p><a class=\"brz-a brz-container-link\" href=\"\" target=\"_self\" rel=\"noopener\" data-brz-link-type=\"page\"><\/a><\/div>\n<div class=\"brz-columns brz-css-1wvqjf2 brz-css-1bpipyp\" data-brz-custom-id=\"diUUKxWjSpOp\">\n<div class=\"brz-bg\"><\/div>\n<div class=\"brz-column__items brz-css-1pswa16 brz-css-1ge5i4e\">\n<div id=\"\" class=\"brz-css-118u9n brz-css-12n3gov brz-wrapper\">\n<div class=\"brz-rich-text brz-rich-text__custom brz-css-olw6ys\" data-brz-custom-id=\"uCenZOTTGoRo\">\n<div data-brz-translate-text=\"1\">\n<p class=\"brz-tp-heading2 brz-css-qEFrx\"><span class=\"brz-cp-color8\">03<\/span><\/p>\n<\/div>\n<\/div>\n<\/div>\n<div id=\"\" class=\"brz-css-118u9n brz-css-fu8ijj brz-wrapper\">\n<div class=\"brz-rich-text brz-rich-text__custom brz-css-olw6ys\" data-brz-custom-id=\"a3GxSbTV6sZ7\">\n<div data-brz-translate-text=\"1\">\n<p class=\"brz-fs-sm-18 brz-tp-lg-heading4 brz-css-d2iuc\" data-uniq-id=\"kIMJl\" data-generated-css=\"brz-css-hjJbk\"><span style=\"opacity: 1\" class=\"brz-cp-color8\">Personal<\/span><\/p>\n<\/div>\n<\/div>\n<\/div>\n<div id=\"\" class=\"brz-css-118u9n brz-wrapper\">\n<div class=\"brz-rich-text brz-rich-text__custom brz-css-olw6ys\" data-brz-custom-id=\"nlqukbrnCbJE\">\n<div data-brz-translate-text=\"1\">\n<p class=\"brz-tp-lg-paragraph brz-css-lD2Tj\" data-uniq-id=\"uDL8Q\" data-generated-css=\"brz-css-fflFb\"><span style=\"opacity: 1\" class=\"brz-cp-color8\">Somos una peque\u00f1a empresa familiar y estaremos encantados de asesorarle personalmente.<\/span><\/p>\n<\/div>\n<\/div>\n<\/div>\n<\/div>\n<p><a class=\"brz-a brz-container-link\" href=\"\" target=\"_self\" rel=\"noopener\" data-brz-link-type=\"page\"><\/a><\/div>\n<\/div>\n<\/div>\n<\/div>\n<\/div>\n<\/section>\n<section id=\"_oma5UEME1W66\" class=\"brz-section brz-css-ee28vh\">\n<div class=\"brz-section__content brz-section--boxed brz-css-16xr1bl brz-css-1x9nseu\" data-brz-custom-id=\"plJ7VvbsyuQp\">\n<div class=\"brz-container brz-css-7ga7kv\">\n<div class=\"brz-row__container brz-css-1xwtc59\" data-brz-custom-id=\"k0ObvGM1I1Yu\">\n<div class=\"brz-bg\"><\/div>\n<div class=\"brz-row brz-css-179hvdf\">\n<div class=\"brz-columns brz-css-1wvqjf2\" data-brz-custom-id=\"qxcD1O4_bXce\">\n<div class=\"brz-bg\"><\/div>\n<div class=\"brz-column__items brz-css-1pswa16\">\n<div id=\"\" class=\"brz-css-118u9n brz-wrapper\">\n<div class=\"brz-rich-text brz-rich-text__custom brz-css-olw6ys\" data-brz-custom-id=\"pW0FcVY0jLw4\">\n<div data-brz-translate-text=\"1\">\n<p class=\"brz-tp-lg-paragraph brz-text-lg-left brz-text-xs-center brz-fss-lg-px brz-fw-lg-700 brz-ls-lg-1 brz-lh-lg-1_3 brz-ff-roboto brz-ft-google brz-fs-lg-16 brz-css-pQiMr\" data-generated-css=\"brz-css-ln79J\" data-uniq-id=\"xRh7f\"><strong>Marrakech es llamada la ciudad roja. D\u00e9jate encantar por ella. Tome un desv\u00edo hacia el Museo Yves Saint Laurent o el Jard\u00edn Majorel. En Palais Bahia puedes admirar una hermosa arquitectura y si te apetece un poco de agua, te recomendamos los Jardines de Menara.<\/strong><\/p>\n<\/div>\n<\/div>\n<\/div>\n<div id=\"\" class=\"brz-css-118u9n brz-wrapper\">\n<div class=\"brz-image brz-css-5ejnwv\" data-brz-custom-id=\"hBZD7d9xpzyb\"><img decoding=\"async\" class=\"brz-img\" src=\"https:\/\/vacation-morocco.com\/es?brizy_media=wp-e8049e7dd2773002803cb4fe49bcc34f.jpg&amp;brizy_crop=iW%3D942%26iH%3D403%26oX%3D201%26oY%3D0%26cW%3D540%26cH%3D403\" alt=\"\" loading=\"lazy\"><\/div>\n<\/div>\n<\/div>\n<p><a class=\"brz-a brz-container-link\" href=\"\" target=\"_self\" rel=\"noopener\" data-brz-link-type=\"page\"><\/a><\/div>\n<div class=\"brz-columns brz-css-1wvqjf2\" data-brz-custom-id=\"wh4UJOcM2X_s\">\n<div class=\"brz-bg\"><\/div>\n<div class=\"brz-column__items brz-css-1pswa16\">\n<div id=\"\" class=\"brz-css-118u9n brz-wrapper\">\n<div class=\"brz-map brz-map_styles brz-css-4322vt brz-css-1wf120r\" data-brz-custom-id=\"whvuFf0uuDG1\">\n<div class=\"brz-ui-ed-map-content\"><\/div>\n<\/div>\n<\/div>\n<div class=\"brz-wrapper-clone brz-css-b3hf94\">\n<div class=\"brz-d-xs-flex brz-flex-xs-wrap brz-css-1reyu46\" data-brz-custom-id=\"\">\n<div class=\"brz-wrapper-clone__item\" id=\"ahLlhYdfK3Wb\"><a class=\"brz-a brz-btn brz-css-1cr0kv5 brz-css-1chotkt brz-css-i75tux brz-css-gibkew\" href=\"\" target=\"_self\" rel=\"noopener\" data-brz-link-type=\"external\" data-brz-custom-id=\"ahLlhYdfK3Wb\"><span data-brz-translate-text=\"1\" class=\"brz-span brz-text__editor\">Contacto<\/span><\/a><\/div>\n<\/div>\n<\/div>\n<\/div>\n<p><a class=\"brz-a brz-container-link\" href=\"\" target=\"_self\" rel=\"noopener\" data-brz-link-type=\"page\"><\/a><\/div>\n<\/div>\n<\/div>\n<\/div>\n<\/div>\n<\/section>\n<\/div>\n<p>    <!-- version:1737465493 --><\/p>\n","protected":false},"excerpt":{"rendered":"<p>Marruecos- Viaje a Marrakech Te invitamos a descubrir este pa\u00eds diverso con nosotros. Desde ciudades hasta desierto, playa y mar, Marruecos lo tiene todo. 01 Individualmente Armamos tu viaje seg\u00fan tus deseos. 02 Aut\u00e9ntico Conozca aut\u00e9nticamente el pa\u00eds y su gente. 03 Personal Somos una peque\u00f1a empresa familiar y estaremos encantados de asesorarle personalmente. Marrakech [&hellip;]<\/p>\n","protected":false},"author":2,"featured_media":0,"parent":0,"menu_order":0,"comment_status":"closed","ping_status":"closed","template":"","meta":{"_seopress_robots_primary_cat":"","_seopress_titles_title":"Descubra la esencia de Marrakech en su viaje urbano a Marruecos. Sum\u00e9rjase en el encanto de los zocos, el esplendor de los palacios y la hospitalidad marroqu\u00ed. Reserve ya su experiencia \u00fanica en Marrakech.","_seopress_titles_desc":"Descubra la magia de Marrakech con nuestro viaje urbano a esta fascinante ciudad marroqu\u00ed. Explore los vibrantes zocos, sum\u00e9rjase en la historia de los palacios y d\u00e9jese envolver por la esencia \u00fanica de Marrakech. Reserve ya su inolvidable experiencia y sum\u00e9rjase en la aut\u00e9ntica cultura marroqu\u00ed.","_seopress_robots_index":"","footnotes":""},"class_list":["post-2655","page","type-page","status-publish","hentry"],"blocksy_meta":[],"brizy_media":[],"_links":{"self":[{"href":"https:\/\/vacation-morocco.com\/es\/wp-json\/wp\/v2\/pages\/2655","targetHints":{"allow":["GET"]}}],"collection":[{"href":"https:\/\/vacation-morocco.com\/es\/wp-json\/wp\/v2\/pages"}],"about":[{"href":"https:\/\/vacation-morocco.com\/es\/wp-json\/wp\/v2\/types\/page"}],"author":[{"embeddable":true,"href":"https:\/\/vacation-morocco.com\/es\/wp-json\/wp\/v2\/users\/2"}],"replies":[{"embeddable":true,"href":"https:\/\/vacation-morocco.com\/es\/wp-json\/wp\/v2\/comments?post=2655"}],"version-history":[{"count":18,"href":"https:\/\/vacation-morocco.com\/es\/wp-json\/wp\/v2\/pages\/2655\/revisions"}],"predecessor-version":[{"id":6858,"href":"https:\/\/vacation-morocco.com\/es\/wp-json\/wp\/v2\/pages\/2655\/revisions\/6858"}],"wp:attachment":[{"href":"https:\/\/vacation-morocco.com\/es\/wp-json\/wp\/v2\/media?parent=2655"}],"curies":[{"name":"wp","href":"https:\/\/api.w.org\/{rel}","templated":true}]}}