{"id":2651,"date":"2023-11-27T11:25:34","date_gmt":"2023-11-27T10:25:34","guid":{"rendered":"https:\/\/vacation-morocco.nextron.org\/staedtereise-nach-wunsch\/"},"modified":"2026-03-21T07:54:46","modified_gmt":"2026-03-21T06:54:46","slug":"ida-y-vuelta-viaje-a-la-ciudad-segun-se-desee","status":"publish","type":"page","link":"https:\/\/vacation-morocco.com\/es\/ida-y-vuelta-viaje-a-la-ciudad-segun-se-desee\/","title":{"rendered":"Ida y vuelta\/viaje a la ciudad seg\u00fan se desee"},"content":{"rendered":"<div class=\"brz-root__container brz-reset-all brz brz-root__container-page\">\n<section id=\"_w4dxTykyDb4e\" class=\"brz-section brz-css-1exw6lw\">\n<div class=\"brz-section__content brz-section--boxed brz-css-16ifhlw brz-css-vybs0k\" data-brz-custom-id=\"b_bxmxUZFNEm\">\n<div class=\"brz-bg\">\n<div class=\"brz-bg-image\"><\/div>\n<\/div>\n<div class=\"brz-container brz-css-xjvp3w\">\n<div class=\"brz-row__container brz-css-cvlk0q\" data-brz-custom-id=\"gPgE50Jxhe9H\">\n<div class=\"brz-bg\"><\/div>\n<div class=\"brz-row brz-css-1vlqu3p brz-css-1ik7f84\">\n<div class=\"brz-columns brz-css-1tm94se brz-css-obkt0j\" data-brz-custom-id=\"z2kAD4SxgEKq\">\n<div class=\"brz-bg\"><\/div>\n<div class=\"brz-column__items brz-css-38nou5\">\n<div id=\"\" class=\"brz-css-lfgecn brz-wrapper\">\n<div class=\"brz-rich-text brz-rich-text__custom brz-css-5xec9u\" data-brz-custom-id=\"kvcd9iYjr7kq\">\n<div data-brz-translate-text=\"1\">\n<h1 class=\"brz-text-lg-center brz-lh-lg-1_3 brz-ls-lg-0 brz-fw-lg-900 brz-fss-lg-px brz-fs-lg-66 brz-ft-google brz-ff-roboto brz-text-xs-center brz-tp-lg-heading1 brz-css-rZd_t\" data-generated-css=\"brz-css-lSzWJ\" data-uniq-id=\"tpsdp\"><span style=\"opacity: 1\" class=\"brz-cp-color8\"> <\/span><\/h1>\n<h1 class=\"brz-text-lg-center brz-lh-lg-1_3 brz-ls-lg-0 brz-fw-lg-900 brz-fss-lg-px brz-fs-lg-66 brz-ft-google brz-ff-roboto brz-text-xs-center brz-tp-lg-heading1 brz-css-cJRKK\" data-generated-css=\"brz-css-lSzWJ\" data-uniq-id=\"tpsdp\"><span style=\"opacity: 1\" class=\"brz-cp-color8\">Marruecos-<\/span><\/h1>\n<h1 class=\"brz-text-lg-center brz-lh-lg-1_3 brz-ls-lg-0 brz-fw-lg-900 brz-fss-lg-px brz-fs-lg-66 brz-ft-google brz-ff-roboto brz-text-xs-center brz-tp-lg-heading1 brz-css-vyzm8\" data-generated-css=\"brz-css-zi62T\" data-uniq-id=\"qDOwG\"><span style=\"opacity: 1\" class=\"brz-cp-color8\">Ida y vuelta\/viaje a la ciudad seg\u00fan se desee<\/span><\/h1>\n<\/div>\n<\/div>\n<\/div>\n<div id=\"\" class=\"brz-css-lfgecn brz-wrapper\">\n<div class=\"brz-rich-text brz-rich-text__custom brz-css-5xec9u\" data-brz-custom-id=\"sgVtWUjjVq4X\">\n<div data-brz-translate-text=\"1\">\n<h4 class=\"brz-lh-lg-1_6 brz-ls-lg-0 brz-fw-lg-400 brz-fss-lg-px brz-fs-lg-20 brz-ft-google brz-ff-roboto brz-text-lg-center brz-text-xs-center brz-tp-lg-heading4 brz-css-tsnBi\" data-generated-css=\"brz-css-w7Uii\" data-uniq-id=\"paBrR\"><span style=\"opacity: 1\" class=\"brz-cp-color8\">Te invitamos a descubrir este pa\u00eds diverso con nosotros. Desde ciudades hasta desierto, playa y mar, Marruecos lo tiene todo.<\/span><\/h4>\n<\/div>\n<\/div>\n<\/div>\n<\/div>\n<\/div>\n<\/div>\n<\/div>\n<div id=\"\" class=\"brz-css-lfgecn brz-css-1efmg6o brz-css-hyxy98 brz-wrapper\">\n<div class=\"brz-spacer brz-css-1ahi0dk brz-css-ya33fa\"><\/div>\n<\/div>\n<div class=\"brz-row__container brz-css-cvlk0q\" data-brz-custom-id=\"fmCMlRqqBr6Z\">\n<div class=\"brz-bg\"><\/div>\n<div class=\"brz-row brz-css-1vlqu3p brz-css-1ik7f84\">\n<div class=\"brz-columns brz-css-1tm94se brz-css-1uydsqh\" data-brz-custom-id=\"lIIqISxBaWlM\">\n<div class=\"brz-bg\"><\/div>\n<div class=\"brz-column__items brz-css-38nou5 brz-css-kj4i8p\">\n<div id=\"\" class=\"brz-css-lfgecn brz-css-1w94u1h brz-wrapper\">\n<div class=\"brz-rich-text brz-rich-text__custom brz-css-5xec9u\" data-brz-custom-id=\"crR7ZbcXEFDO\">\n<div data-brz-translate-text=\"1\">\n<p class=\"brz-tp-heading2 brz-css-w9yw_\"><span class=\"brz-cp-color8\">01<\/span><\/p>\n<\/div>\n<\/div>\n<\/div>\n<div id=\"\" class=\"brz-css-lfgecn brz-css-1okkntn brz-wrapper\">\n<div class=\"brz-rich-text brz-rich-text__custom brz-css-5xec9u\" data-brz-custom-id=\"mCWYpSZfZEqG\">\n<div data-brz-translate-text=\"1\">\n<p class=\"brz-fs-sm-18 brz-tp-lg-heading4 brz-css-q656E\" data-uniq-id=\"niWmy\" data-generated-css=\"brz-css-vuHOM\"><span style=\"opacity: 1\" class=\"brz-cp-color8\">Individualmente<\/span><\/p>\n<\/div>\n<\/div>\n<\/div>\n<div id=\"\" class=\"brz-css-lfgecn brz-wrapper\">\n<div class=\"brz-rich-text brz-rich-text__custom brz-css-5xec9u\" data-brz-custom-id=\"uM5UDgOuPflL\">\n<div data-brz-translate-text=\"1\">\n<p class=\"brz-tp-lg-paragraph brz-css-aHHiw\" data-uniq-id=\"eArlH\" data-generated-css=\"brz-css-zC9Xv\"><span style=\"opacity: 1\" class=\"brz-cp-color8\">Armamos tu viaje seg\u00fan tus deseos.<\/span><\/p>\n<\/div>\n<\/div>\n<\/div>\n<\/div>\n<p><a class=\"brz-a brz-container-link\" href=\"\" target=\"_self\" rel=\"noopener\" data-brz-link-type=\"page\"><\/a><\/div>\n<div class=\"brz-columns brz-css-1tm94se brz-css-yjb50o\" data-brz-custom-id=\"hWfogktqlVdH\">\n<div class=\"brz-bg\"><\/div>\n<div class=\"brz-column__items brz-css-38nou5 brz-css-1y8uvtf\">\n<div id=\"\" class=\"brz-css-lfgecn brz-css-g7bzp2 brz-wrapper\">\n<div class=\"brz-rich-text brz-rich-text__custom brz-css-5xec9u\" data-brz-custom-id=\"jOVlkazns3J4\">\n<div data-brz-translate-text=\"1\">\n<p class=\"brz-tp-heading2 brz-css-mFeHP\"><span class=\"brz-cp-color8\">02<\/span><\/p>\n<\/div>\n<\/div>\n<\/div>\n<div id=\"\" class=\"brz-css-lfgecn brz-css-ei4cs brz-wrapper\">\n<div class=\"brz-rich-text brz-rich-text__custom brz-css-5xec9u\" data-brz-custom-id=\"mAtYBxImtxj1\">\n<div data-brz-translate-text=\"1\">\n<p class=\"brz-fs-sm-18 brz-tp-lg-heading4 brz-css-flzMa\" data-uniq-id=\"cC3fv\" data-generated-css=\"brz-css-qHwhI\"><span style=\"opacity: 1\" class=\"brz-cp-color8\">Aut\u00e9ntico<\/span><\/p>\n<\/div>\n<\/div>\n<\/div>\n<div id=\"\" class=\"brz-css-lfgecn brz-wrapper\">\n<div class=\"brz-rich-text brz-rich-text__custom brz-css-5xec9u\" data-brz-custom-id=\"gEAImobyFKh0\">\n<div data-brz-translate-text=\"1\">\n<p class=\"brz-tp-lg-paragraph brz-css-kZ9TY\" data-generated-css=\"brz-css-suMp4\" data-uniq-id=\"vHSpT\"><span style=\"opacity: 1\" class=\"brz-cp-color8\">Conozca aut\u00e9nticamente el pa\u00eds y su gente.<\/span><\/p>\n<\/div>\n<\/div>\n<\/div>\n<\/div>\n<p><a class=\"brz-a brz-container-link\" href=\"\" target=\"_self\" rel=\"noopener\" data-brz-link-type=\"page\"><\/a><\/div>\n<div class=\"brz-columns brz-css-1tm94se brz-css-xl1xsy\" data-brz-custom-id=\"zPwwJjGLlr9F\">\n<div class=\"brz-bg\"><\/div>\n<div class=\"brz-column__items brz-css-38nou5 brz-css-ua7bnd\">\n<div id=\"\" class=\"brz-css-lfgecn brz-css-1c60hnu brz-wrapper\">\n<div class=\"brz-rich-text brz-rich-text__custom brz-css-5xec9u\" data-brz-custom-id=\"k2QvpFIF2pU6\">\n<div data-brz-translate-text=\"1\">\n<p class=\"brz-tp-heading2 brz-css-x2jrx\"><span class=\"brz-cp-color8\">03<\/span><\/p>\n<\/div>\n<\/div>\n<\/div>\n<div id=\"\" class=\"brz-css-lfgecn brz-css-1cktj3p brz-wrapper\">\n<div class=\"brz-rich-text brz-rich-text__custom brz-css-5xec9u\" data-brz-custom-id=\"pozbo_njWyxb\">\n<div data-brz-translate-text=\"1\">\n<p class=\"brz-fs-sm-18 brz-tp-lg-heading4 brz-css-yWQg9\" data-uniq-id=\"pv_vv\" data-generated-css=\"brz-css-vExcZ\"><span style=\"opacity: 1\" class=\"brz-cp-color8\">Personal<\/span><\/p>\n<\/div>\n<\/div>\n<\/div>\n<div id=\"\" class=\"brz-css-lfgecn brz-wrapper\">\n<div class=\"brz-rich-text brz-rich-text__custom brz-css-5xec9u\" data-brz-custom-id=\"bKEAq1uQuWQW\">\n<div data-brz-translate-text=\"1\">\n<p class=\"brz-tp-lg-paragraph brz-css-z7VHr\" data-uniq-id=\"kmsRr\" data-generated-css=\"brz-css-wW6sr\"><span style=\"opacity: 1\" class=\"brz-cp-color8\">Somos una peque\u00f1a empresa familiar y estaremos encantados de asesorarle personalmente.<\/span><\/p>\n<\/div>\n<\/div>\n<\/div>\n<\/div>\n<p><a class=\"brz-a brz-container-link\" href=\"\" target=\"_self\" rel=\"noopener\" data-brz-link-type=\"page\"><\/a><\/div>\n<\/div>\n<\/div>\n<\/div>\n<\/div>\n<\/section>\n<section id=\"_eM4gcaApXOJK\" class=\"brz-section brz-css-1exw6lw brz-css-6kvbcg\">\n<div class=\"brz-slick-slider brz-slick-slider__section\" data-slides-to-show=\"1\" data-slides-to-scroll=\"1\" data-arrows=\"true\" data-dots=\"true\" data-dots-class=\"brz-slick-slider__dots brz-slick-slider__dots--square\" data-fade=\"false\" data-vertical=\"false\" data-auto-play=\"false\" data-auto-play-speed=\"3000\" data-animation-speed=\"500\" data-swipe=\"true\" data-responsive=\"%5B%7B%22breakpoint%22%3A767%2C%22settings%22%3A%7B%22slidesToShow%22%3A1%2C%22slidesToScroll%22%3A1%7D%7D%5D\">\n<div>\n<div class=\"brz-section__content brz-section--boxed brz-css-16ifhlw brz-css-au5s63\" data-brz-custom-id=\"gFWrcwrGeagA\">\n<div class=\"brz-bg\">\n<div class=\"brz-bg-color\"><\/div>\n<\/div>\n<div class=\"brz-container brz-css-xjvp3w\">\n<div class=\"brz-row__container brz-css-cvlk0q\" data-brz-custom-id=\"vJCOpKubSVNP\">\n<div class=\"brz-bg\"><\/div>\n<div class=\"brz-row brz-css-1vlqu3p brz-css-1ik7f84\">\n<div class=\"brz-columns brz-css-1tm94se brz-css-1oz7u25\" data-brz-custom-id=\"epVZIUSlJqwi\">\n<div class=\"brz-bg\">\n<div class=\"brz-bg-image\"><\/div>\n<\/div>\n<div class=\"brz-column__items brz-css-38nou5 brz-css-1zqgjv\">\n<div id=\"\" class=\"brz-css-lfgecn brz-css-1efmg6o brz-wrapper\">\n<div class=\"brz-spacer brz-css-1ahi0dk brz-css-1qs6eml\"><\/div>\n<\/div>\n<\/div>\n<p><a class=\"brz-a brz-container-link\" href=\"\" target=\"_self\" rel=\"noopener\" data-brz-link-type=\"page\"><\/a><\/div>\n<div class=\"brz-columns brz-css-1tm94se brz-css-1sqd7nt\" data-brz-custom-id=\"hF7ALW7gKXmA\">\n<div class=\"brz-bg\">\n<div class=\"brz-bg-color\"><\/div>\n<\/div>\n<div class=\"brz-column__items brz-css-38nou5 brz-css-19jwyc8\">\n<div id=\"\" class=\"brz-css-lfgecn brz-css-koc1k4 brz-wrapper\">\n<div class=\"brz-rich-text brz-rich-text__custom brz-css-5xec9u\" data-brz-custom-id=\"xZoZ84xhEfhh\">\n<div data-brz-translate-text=\"1\">\n<h2 class=\"brz-text-xs-center brz-tp-lg-heading2 brz-text-lg-left brz-css-ucC_V\" data-uniq-id=\"jJ1Vg\" data-generated-css=\"brz-css-jIOUT\">Donde quieras ir&#8230;<\/h2>\n<\/div>\n<\/div>\n<\/div>\n<div id=\"\" class=\"brz-css-lfgecn brz-wrapper\">\n<div class=\"brz-rich-text brz-rich-text__custom brz-css-5xec9u\" data-brz-custom-id=\"rI6nmkRVloIU\">\n<div data-brz-translate-text=\"1\">\n<p class=\"brz-mb-lg-20 brz-text-xs-center brz-tp-lg-paragraph brz-mb-xs-15 brz-mb-sm-0 brz-css-kNWUL\" data-uniq-id=\"aqgpu\" data-generated-css=\"brz-css-edTco\">Estaremos encantados de ayudarle a organizar su viaje individual. Tanto si quieres ir a la monta\u00f1a, conocer las cuatro ciudades imperiales o hacer un viaje a la playa, atenderemos personalmente tus deseos y presupuesto. Por favor cont\u00e1ctenos mediante el formulario de contacto o por correo electr\u00f3nico.<\/p>\n<\/div>\n<\/div>\n<\/div>\n<div class=\"brz-wrapper-clone brz-css-146vk2v\">\n<div class=\"brz-d-xs-flex brz-flex-xs-wrap brz-css-1377rc6\" data-brz-custom-id=\"\">\n<div class=\"brz-wrapper-clone__item\" id=\"ng8Ah3uwclw8\"><a class=\"brz-a brz-btn brz-css-1tq3ias brz-css-ndl8lt brz-css-1ky8yq4 brz-css-3ciedz\" href=\"\" target=\"_self\" rel=\"noopener\" data-brz-link-type=\"external\" data-brz-custom-id=\"ng8Ah3uwclw8\"><span data-brz-translate-text=\"1\" class=\"brz-span brz-text__editor\">Contacto<\/span><\/a><\/div>\n<\/div>\n<\/div>\n<\/div>\n<p><a class=\"brz-a brz-container-link\" href=\"\" target=\"_self\" rel=\"noopener\" data-brz-link-type=\"page\"><\/a><\/div>\n<\/div>\n<\/div>\n<\/div>\n<\/div>\n<\/div>\n<\/div>\n<\/section>\n<\/div>\n<p>    <!-- version:1737572728 --><\/p>\n","protected":false},"excerpt":{"rendered":"<p>Marruecos- Ida y vuelta\/viaje a la ciudad seg\u00fan se desee Te invitamos a descubrir este pa\u00eds diverso con nosotros. Desde ciudades hasta desierto, playa y mar, Marruecos lo tiene todo. 01 Individualmente Armamos tu viaje seg\u00fan tus deseos. 02 Aut\u00e9ntico Conozca aut\u00e9nticamente el pa\u00eds y su gente. 03 Personal Somos una peque\u00f1a empresa familiar y [&hellip;]<\/p>\n","protected":false},"author":2,"featured_media":0,"parent":0,"menu_order":0,"comment_status":"closed","ping_status":"closed","template":"","meta":{"_seopress_robots_primary_cat":"","_seopress_titles_title":"Descubra Marruecos seg\u00fan sus propias ideas: Escapada urbana o viaje de ida y vuelta, como usted desee. Experimente la magia de las ciudades hist\u00f3ricas, explore los impresionantes paisajes y sum\u00e9rjase en la cultura \u00fanica de este fascinante pa\u00eds: \u00a1crea tu propia aventura inolvidable en Marruecos con nosotros!","_seopress_titles_desc":"Viva la experiencia \u00fanica de una escapada urbana o un viaje redondo a medida por Marruecos. Personalizamos su viaje para que descubra el encanto de las ciudades hist\u00f3ricas, los impresionantes paisajes y la fascinante cultura del pa\u00eds. Cree su propia aventura inolvidable con nosotros y sum\u00e9rjase en la magia de Marruecos.","_seopress_robots_index":"","footnotes":""},"class_list":["post-2651","page","type-page","status-publish","hentry"],"blocksy_meta":[],"brizy_media":[{"id":4936,"url":"https:\/\/vacation-morocco.com\/wp-content\/uploads\/2023\/12\/Architektur--scaled.jpg","name":"Architektur-.jpg","meta":{"brizy_attachment_uid":"wp-ec5f540e3a8905fca00a034bfb9e97ed.jpg","brizy_post_uid":["1ee8a6664fe2edec8da0752a585d5157"]}}],"_links":{"self":[{"href":"https:\/\/vacation-morocco.com\/es\/wp-json\/wp\/v2\/pages\/2651","targetHints":{"allow":["GET"]}}],"collection":[{"href":"https:\/\/vacation-morocco.com\/es\/wp-json\/wp\/v2\/pages"}],"about":[{"href":"https:\/\/vacation-morocco.com\/es\/wp-json\/wp\/v2\/types\/page"}],"author":[{"embeddable":true,"href":"https:\/\/vacation-morocco.com\/es\/wp-json\/wp\/v2\/users\/2"}],"replies":[{"embeddable":true,"href":"https:\/\/vacation-morocco.com\/es\/wp-json\/wp\/v2\/comments?post=2651"}],"version-history":[{"count":18,"href":"https:\/\/vacation-morocco.com\/es\/wp-json\/wp\/v2\/pages\/2651\/revisions"}],"predecessor-version":[{"id":6845,"href":"https:\/\/vacation-morocco.com\/es\/wp-json\/wp\/v2\/pages\/2651\/revisions\/6845"}],"wp:attachment":[{"href":"https:\/\/vacation-morocco.com\/es\/wp-json\/wp\/v2\/media?parent=2651"}],"curies":[{"name":"wp","href":"https:\/\/api.w.org\/{rel}","templated":true}]}}