{"id":2647,"date":"2023-11-27T11:25:54","date_gmt":"2023-11-27T10:25:54","guid":{"rendered":"https:\/\/vacation-morocco.nextron.org\/kochkurs\/"},"modified":"2026-03-25T21:47:40","modified_gmt":"2026-03-25T20:47:40","slug":"curso-de-cocina-en-marrakech","status":"publish","type":"page","link":"https:\/\/vacation-morocco.com\/es\/curso-de-cocina-en-marrakech\/","title":{"rendered":"Curso de cocina en Marrakech"},"content":{"rendered":"<div class=\"brz-root__container brz-reset-all brz brz-root__container-page\">\n<section id=\"_o_F3CSh1kflo\" class=\"brz-section brz-css-1u789z1\">\n<div class=\"brz-section__content brz-section--boxed brz-css-1q0qwbf brz-css-jwgn5p\" data-brz-custom-id=\"i1_C67qFZc0h\">\n<div class=\"brz-bg\">\n<div class=\"brz-bg-image\"><\/div>\n<\/div>\n<div class=\"brz-container brz-css-10hi00b\">\n<div class=\"brz-row__container brz-css-1x1rv8b\" data-brz-custom-id=\"nNdehUXMAo3b\">\n<div class=\"brz-bg\"><\/div>\n<div class=\"brz-row brz-css-i2hq3f brz-css-9wufgu\">\n<div class=\"brz-columns brz-css-x1mjqo brz-css-174d34m\" data-brz-custom-id=\"vKNTTF1Flpa9\">\n<div class=\"brz-bg\"><\/div>\n<div class=\"brz-column__items brz-css-12qg6ji\">\n<div id=\"\" class=\"brz-css-zsn1w3 brz-wrapper\">\n<div class=\"brz-rich-text brz-rich-text__custom brz-css-z1tkz2\" data-brz-custom-id=\"uBW6jzrL4lh6\">\n<div data-brz-translate-text=\"1\">\n<h1 class=\"brz-tp-lg-heading1 brz-text-xs-center brz-ff-roboto brz-ft-google brz-fs-lg-66 brz-fss-lg-px brz-fw-lg-900 brz-ls-lg-0 brz-lh-lg-1_3 brz-text-lg-center brz-css-aZ3Ij\" data-uniq-id=\"doyPL\" data-generated-css=\"brz-css-yKSz6\"><span style=\"opacity: 1\" class=\"brz-cp-color2\"> <\/span><\/h1>\n<h1 class=\"brz-text-lg-center brz-tp-lg-heading1 brz-text-xs-center brz-ff-roboto brz-ft-google brz-fs-lg-66 brz-fss-lg-px brz-fw-lg-900 brz-ls-lg-0 brz-lh-lg-1_3 brz-css-zBwK3\" data-uniq-id=\"d1bLA\" data-generated-css=\"brz-css-iE8of\"><span style=\"opacity: 1\" class=\"brz-cp-color2\">Curso de cocina en Marrakech<\/span><\/h1>\n<\/div>\n<\/div>\n<\/div>\n<div id=\"\" class=\"brz-css-zsn1w3 brz-wrapper\">\n<div class=\"brz-rich-text brz-rich-text__custom brz-css-z1tkz2\" data-brz-custom-id=\"ciRSARvo2A9u\">\n<div data-brz-translate-text=\"1\">\n<h4 class=\"brz-tp-lg-heading4 brz-text-xs-center brz-text-lg-center brz-ff-roboto brz-ft-google brz-fs-lg-20 brz-fss-lg-px brz-fw-lg-400 brz-ls-lg-0 brz-lh-lg-1_6 brz-css-clQXY\" data-uniq-id=\"fXwru\" data-generated-css=\"brz-css-n7A_G\">Aprenda a preparar el tradicional tajine.<\/h4>\n<\/div>\n<\/div>\n<\/div>\n<\/div>\n<\/div>\n<\/div>\n<\/div>\n<div id=\"\" class=\"brz-css-zsn1w3 brz-css-1i3al9a brz-css-10m0z8w brz-wrapper\">\n<div class=\"brz-spacer brz-css-1iplo0o brz-css-11zn06j\"><\/div>\n<\/div>\n<div class=\"brz-row__container brz-css-1x1rv8b\" data-brz-custom-id=\"wJ9OFjIUluqN\">\n<div class=\"brz-bg\"><\/div>\n<div class=\"brz-row brz-css-i2hq3f brz-css-9wufgu\">\n<div class=\"brz-columns brz-css-x1mjqo brz-css-8b17cf\" data-brz-custom-id=\"uBqjNuZ3Ol9R\">\n<div class=\"brz-bg\"><\/div>\n<div class=\"brz-column__items brz-css-12qg6ji brz-css-1aorx5\"><\/div>\n<\/div>\n<div class=\"brz-columns brz-css-x1mjqo brz-css-13h0qhd\" data-brz-custom-id=\"s0aT4MD62Sln\">\n<div class=\"brz-bg\"><\/div>\n<div class=\"brz-column__items brz-css-12qg6ji brz-css-1y8owrk\"><\/div>\n<\/div>\n<div class=\"brz-columns brz-css-x1mjqo brz-css-zkjkc6\" data-brz-custom-id=\"kJYInJHLRHPs\">\n<div class=\"brz-bg\"><\/div>\n<div class=\"brz-column__items brz-css-12qg6ji brz-css-1957q4k\"><\/div>\n<\/div>\n<\/div>\n<\/div>\n<\/div>\n<\/div>\n<\/section>\n<section id=\"_mloM9vhBWQDP\" class=\"brz-section brz-css-1u789z1\">\n<div class=\"brz-section__content brz-section--boxed brz-css-1q0qwbf brz-css-8yvvxk\" data-brz-custom-id=\"yfqajzNPpsZq\">\n<div class=\"brz-container brz-css-10hi00b\">\n<div class=\"brz-row__container brz-css-1x1rv8b\" data-brz-custom-id=\"cfDTHkrHNXTu\">\n<div class=\"brz-bg\"><\/div>\n<div class=\"brz-row brz-css-i2hq3f\">\n<div class=\"brz-columns brz-css-x1mjqo\" data-brz-custom-id=\"mlrxZ2evoWmd\">\n<div class=\"brz-bg\"><\/div>\n<div class=\"brz-column__items brz-css-12qg6ji\">\n<div id=\"\" class=\"brz-css-zsn1w3 brz-wrapper\">\n<div class=\"brz-rich-text brz-rich-text__custom brz-css-z1tkz2\" data-brz-custom-id=\"bmjcz4r3CS3U\">\n<div data-brz-translate-text=\"1\">\n<p class=\"brz-text-xs-center brz-text-lg-left brz-ff-roboto brz-ft-google brz-fs-lg-16 brz-fss-lg-px brz-fw-lg-700 brz-ls-lg-1 brz-lh-lg-1_3 brz-tp-lg-paragraph brz-css-gu1eJ\" data-uniq-id=\"t1zUN\" data-generated-css=\"brz-css-udobN\"><strong>Disfrute de un tajine casero en Marrakech o aprenda a preparar aut\u00e9ntico cusc\u00fas sin productos precocinados. Khadija perfeccion\u00f3 su oficio en la escuela internacional de gesti\u00f3n de restaurantes y hoteles. Tiene muchos a\u00f1os de experiencia y aprendi\u00f3 muchos aspectos b\u00e1sicos de Mama Touda. \u00danase a nosotros y sum\u00e9rjase en la deliciosa cocina oriental de Marruecos.<\/strong><\/p>\n<\/div>\n<\/div>\n<\/div>\n<div class=\"brz-wrapper-clone brz-css-pi8q77\">\n<div class=\"brz-d-xs-flex brz-flex-xs-wrap brz-css-3izbyg\" data-brz-custom-id=\"\">\n<div class=\"brz-wrapper-clone__item\" id=\"k2M4Z1JMWFNg\"><a class=\"brz-a brz-btn brz-css-218hhs brz-css-1ukkvi0 brz-css-2o8uy brz-css-h5xnp5\" href=\"\" target=\"_self\" rel=\"noopener\" data-brz-link-type=\"page\" data-brz-custom-id=\"k2M4Z1JMWFNg\"><span data-brz-translate-text=\"1\" class=\"brz-span brz-text__editor\">Contacto<\/span><\/a><\/div>\n<\/div>\n<\/div>\n<\/div>\n<p><a class=\"brz-a brz-container-link\" href=\"\" target=\"_self\" rel=\"noopener\" data-brz-link-type=\"page\"><\/a><\/div>\n<div class=\"brz-columns brz-css-x1mjqo\" data-brz-custom-id=\"dZLJFTesvWya\">\n<div class=\"brz-bg\"><\/div>\n<div class=\"brz-column__items brz-css-12qg6ji\">\n<div id=\"\" class=\"brz-css-zsn1w3 brz-wrapper\">\n<div class=\"brz-map brz-map_styles brz-css-1qqipyo brz-css-ob1iwc\" data-brz-custom-id=\"lbl0WnF422vD\">\n<div class=\"brz-ui-ed-map-content\"><\/div>\n<\/div>\n<\/div>\n<\/div>\n<\/div>\n<\/div>\n<\/div>\n<\/div>\n<\/div>\n<\/section>\n<\/div>\n<p>    <!-- version:1737560429 --><\/p>\n","protected":false},"excerpt":{"rendered":"<p>Curso de cocina en Marrakech Aprenda a preparar el tradicional tajine. Disfrute de un tajine casero en Marrakech o aprenda a preparar aut\u00e9ntico cusc\u00fas sin productos precocinados. Khadija perfeccion\u00f3 su oficio en la escuela internacional de gesti\u00f3n de restaurantes y hoteles. Tiene muchos a\u00f1os de experiencia y aprendi\u00f3 muchos aspectos b\u00e1sicos de Mama Touda. \u00danase [&hellip;]<\/p>\n","protected":false},"author":2,"featured_media":0,"parent":0,"menu_order":0,"comment_status":"closed","ping_status":"closed","template":"","meta":{"_seopress_robots_primary_cat":"","_seopress_titles_title":"Descubre los Secretos Culinarios de Marrakech: Participa en Nuestro Exclusivo Curso de Cocina en Marruecos.","_seopress_titles_desc":"Sum\u00e9rgete en la exquisita cultura culinaria de Marrakech con nuestro apasionante curso de cocina. Aprende a preparar aut\u00e9nticos platillos marroqu\u00edes, descubre las especias ex\u00f3ticas y disfruta de una experiencia gastron\u00f3mica inolvidable. \u00danete a nosotros para explorar los sabores \u00fanicos de Marruecos y lleva contigo el arte de la cocina marroqu\u00ed a tu hogar.","_seopress_robots_index":"","footnotes":""},"class_list":["post-2647","page","type-page","status-publish","hentry"],"blocksy_meta":[],"brizy_media":[],"_links":{"self":[{"href":"https:\/\/vacation-morocco.com\/es\/wp-json\/wp\/v2\/pages\/2647","targetHints":{"allow":["GET"]}}],"collection":[{"href":"https:\/\/vacation-morocco.com\/es\/wp-json\/wp\/v2\/pages"}],"about":[{"href":"https:\/\/vacation-morocco.com\/es\/wp-json\/wp\/v2\/types\/page"}],"author":[{"embeddable":true,"href":"https:\/\/vacation-morocco.com\/es\/wp-json\/wp\/v2\/users\/2"}],"replies":[{"embeddable":true,"href":"https:\/\/vacation-morocco.com\/es\/wp-json\/wp\/v2\/comments?post=2647"}],"version-history":[{"count":15,"href":"https:\/\/vacation-morocco.com\/es\/wp-json\/wp\/v2\/pages\/2647\/revisions"}],"predecessor-version":[{"id":6843,"href":"https:\/\/vacation-morocco.com\/es\/wp-json\/wp\/v2\/pages\/2647\/revisions\/6843"}],"wp:attachment":[{"href":"https:\/\/vacation-morocco.com\/es\/wp-json\/wp\/v2\/media?parent=2647"}],"curies":[{"name":"wp","href":"https:\/\/api.w.org\/{rel}","templated":true}]}}