{"id":2643,"date":"2023-11-27T11:26:19","date_gmt":"2023-11-27T10:26:19","guid":{"rendered":"https:\/\/vacation-morocco.nextron.org\/wandern-bergsteigen\/"},"modified":"2026-03-25T10:34:51","modified_gmt":"2026-03-25T09:34:51","slug":"senderismo-alpinismo","status":"publish","type":"page","link":"https:\/\/vacation-morocco.com\/es\/senderismo-alpinismo\/","title":{"rendered":"Senderismo\/alpinismo"},"content":{"rendered":"<div class=\"brz-root__container brz-reset-all brz brz-root__container-page\">\n<section id=\"_hS9yp8nBUITu\" class=\"brz-section brz-css-1edk78z\">\n<div class=\"brz-section__content brz-section--boxed brz-css-rd3a1z brz-css-sxmtoz\" data-brz-custom-id=\"xGQFKr6NxfpA\">\n<div class=\"brz-bg\">\n<div class=\"brz-bg-image\"><\/div>\n<\/div>\n<div class=\"brz-container brz-css-1libbd1\">\n<div class=\"brz-row__container brz-css-zk3rbj\" data-brz-custom-id=\"nJvdOKxCE1cA\">\n<div class=\"brz-bg\"><\/div>\n<div class=\"brz-row brz-css-xl9m1l brz-css-1khrjbh\">\n<div class=\"brz-columns brz-css-1a43uy2 brz-css-1razzbh\" data-brz-custom-id=\"rhmZAJaOJoZK\">\n<div class=\"brz-bg\"><\/div>\n<div class=\"brz-column__items brz-css-1w4z5v7\">\n<div id=\"\" class=\"brz-css-hoqmfp brz-wrapper\">\n<div class=\"brz-rich-text brz-rich-text__custom brz-css-1ex29d1\" data-brz-custom-id=\"jai8uhf_R7Ev\">\n<div data-brz-translate-text=\"1\">\n<h1 class=\"brz-tp-lg-heading1 brz-text-lg-center brz-lh-lg-1_3 brz-ls-lg-0 brz-fw-lg-900 brz-fss-lg-px brz-fs-lg-66 brz-ft-google brz-ff-roboto brz-text-xs-center brz-css-r6sBr\" data-generated-css=\"brz-css-wLTNn,brz-css-iGaHt\" data-uniq-id=\"uo1Ws,pjzGj\">Marruecos-<\/h1>\n<h1 class=\"brz-tp-lg-heading1 brz-text-lg-center brz-lh-lg-1_3 brz-ls-lg-0 brz-fw-lg-900 brz-fss-lg-px brz-fs-lg-66 brz-ft-google brz-ff-roboto brz-text-xs-center brz-css-lwJC4\" data-generated-css=\"brz-css-iGaHt\" data-uniq-id=\"pjzGj\">Atlas<\/h1>\n<\/div>\n<\/div>\n<\/div>\n<div id=\"\" class=\"brz-css-hoqmfp brz-wrapper\">\n<div class=\"brz-rich-text brz-rich-text__custom brz-css-1ex29d1\" data-brz-custom-id=\"gSpirmjlQRZt\">\n<div data-brz-translate-text=\"1\">\n<h4 class=\"brz-tp-lg-heading4 brz-lh-lg-1_6 brz-ls-lg-0 brz-fw-lg-400 brz-fss-lg-px brz-fs-lg-20 brz-ft-google brz-ff-roboto brz-text-lg-center brz-text-xs-center brz-css-qw2uO\" data-generated-css=\"brz-css-e3IAv\" data-uniq-id=\"rcnW5\">Descubre las monta\u00f1as del Atlas con nosotros.<\/h4>\n<\/div>\n<\/div>\n<\/div>\n<\/div>\n<p><a class=\"brz-a brz-container-link\" href=\"\" target=\"_self\" rel=\"noopener\" data-brz-link-type=\"page\"><\/a><\/div>\n<\/div>\n<\/div>\n<div id=\"\" class=\"brz-css-hoqmfp brz-css-ox9i9q brz-css-9w0og2 brz-wrapper\">\n<div class=\"brz-spacer brz-css-1lzr80t brz-css-1pgj8v\"><\/div>\n<\/div>\n<\/div>\n<\/div>\n<\/section>\n<section id=\"_nWrwGZbnkG15\" class=\"brz-section brz-css-1edk78z brz-css-15qgkz5\">\n<div class=\"brz-slick-slider brz-slick-slider__section\" data-slides-to-show=\"1\" data-slides-to-scroll=\"1\" data-arrows=\"true\" data-dots=\"true\" data-dots-class=\"brz-slick-slider__dots brz-slick-slider__dots--square\" data-fade=\"false\" data-vertical=\"false\" data-auto-play=\"false\" data-auto-play-speed=\"3000\" data-animation-speed=\"500\" data-swipe=\"true\" data-responsive=\"%5B%7B%22breakpoint%22%3A767%2C%22settings%22%3A%7B%22slidesToShow%22%3A1%2C%22slidesToScroll%22%3A1%7D%7D%5D\">\n<div>\n<div class=\"brz-section__content brz-section--boxed brz-css-rd3a1z brz-css-mi4tm8\" data-brz-custom-id=\"xGce4tBkmhLg\">\n<div class=\"brz-bg\">\n<div class=\"brz-bg-color\"><\/div>\n<\/div>\n<div class=\"brz-container brz-css-1libbd1\">\n<div class=\"brz-row__container brz-css-zk3rbj\" data-brz-custom-id=\"rmphudfl5M1Y\">\n<div class=\"brz-bg\"><\/div>\n<div class=\"brz-row brz-css-xl9m1l brz-css-1khrjbh\">\n<div class=\"brz-columns brz-css-1a43uy2 brz-css-1tx9qnb\" data-brz-custom-id=\"kNoQexmO6XVe\">\n<div class=\"brz-bg\">\n<div class=\"brz-bg-image\"><\/div>\n<\/div>\n<div class=\"brz-column__items brz-css-1w4z5v7 brz-css-66otjw\">\n<div id=\"\" class=\"brz-css-hoqmfp brz-css-ox9i9q brz-wrapper\">\n<div class=\"brz-spacer brz-css-1lzr80t brz-css-5ct72v\"><\/div>\n<\/div>\n<\/div>\n<p><a class=\"brz-a brz-container-link\" href=\"\" target=\"_self\" rel=\"noopener\" data-brz-link-type=\"page\"><\/a><\/div>\n<div class=\"brz-columns brz-css-1a43uy2 brz-css-jof9dv\" data-brz-custom-id=\"vklExxMOlC7p\">\n<div class=\"brz-bg\">\n<div class=\"brz-bg-color\"><\/div>\n<\/div>\n<div class=\"brz-column__items brz-css-1w4z5v7 brz-css-tsivem\">\n<div id=\"\" class=\"brz-css-hoqmfp brz-css-vjjkbz brz-wrapper\">\n<div class=\"brz-rich-text brz-rich-text__custom brz-css-1ex29d1\" data-brz-custom-id=\"v7Ujfnf8oAWl\">\n<div data-brz-translate-text=\"1\">\n<h2 class=\"brz-text-lg-left brz-tp-lg-heading2 brz-text-xs-center brz-css-t_TpH\" data-generated-css=\"brz-css-c_E3C\" data-uniq-id=\"kMAQD\">Muy por encima de Marruecos<\/h2>\n<\/div>\n<\/div>\n<\/div>\n<div id=\"\" class=\"brz-css-hoqmfp brz-wrapper\">\n<div class=\"brz-rich-text brz-rich-text__custom brz-css-1ex29d1\" data-brz-custom-id=\"eMqTxdmx1fyV\">\n<div data-brz-translate-text=\"1\">\n<p class=\"brz-mb-sm-0 brz-mb-xs-15 brz-tp-lg-paragraph brz-text-xs-center brz-mb-lg-20 brz-css-b1arj\" data-generated-css=\"brz-css-aEqlR\" data-uniq-id=\"o7RIc\"><strong>Toubkal es el punto m\u00e1s alto de las monta\u00f1as del Atlas. Est\u00e1 a m\u00e1s de 4000 metros sobre el nivel del mar y en el centro del pa\u00eds. Marruecos no s\u00f3lo es ideal para hacer excursiones por la ciudad y darse un ba\u00f1o en el salvaje Atl\u00e1ntico, sino tambi\u00e9n para practicar senderismo. Suba pico tras pico y d\u00e9jese impresionar por la maravillosa vista. El Atlas marca una marcada l\u00ednea divisoria entre el clima relativamente h\u00famedo del extremo norte del Magreb y el extremadamente seco Sahara. Es parte del sistema monta\u00f1oso alpino.<\/strong><\/p>\n<\/div>\n<\/div>\n<\/div>\n<div class=\"brz-wrapper-clone brz-css-1695iox\">\n<div class=\"brz-d-xs-flex brz-flex-xs-wrap brz-css-1cip4j0\" data-brz-custom-id=\"\">\n<div class=\"brz-wrapper-clone__item\" id=\"hKvlUOrrXaez\"><a class=\"brz-a brz-btn brz-css-imv20q brz-css-134o08u brz-css-1j3pmxr brz-css-1693hqp\" href=\"\" target=\"_self\" rel=\"noopener\" data-brz-link-type=\"external\" data-brz-custom-id=\"hKvlUOrrXaez\"><span data-brz-translate-text=\"1\" class=\"brz-span brz-text__editor\">Contacto<\/span><\/a><\/div>\n<\/div>\n<\/div>\n<\/div>\n<p><a class=\"brz-a brz-container-link\" href=\"\" target=\"_self\" rel=\"noopener\" data-brz-link-type=\"page\"><\/a><\/div>\n<\/div>\n<\/div>\n<\/div>\n<\/div>\n<\/div>\n<\/div>\n<\/section>\n<\/div>\n<p>    <!-- version:1737572810 --><\/p>\n","protected":false},"excerpt":{"rendered":"<p>Marruecos- Atlas Descubre las monta\u00f1as del Atlas con nosotros. Muy por encima de Marruecos Toubkal es el punto m\u00e1s alto de las monta\u00f1as del Atlas. Est\u00e1 a m\u00e1s de 4000 metros sobre el nivel del mar y en el centro del pa\u00eds. Marruecos no s\u00f3lo es ideal para hacer excursiones por la ciudad y darse [&hellip;]<\/p>\n","protected":false},"author":2,"featured_media":0,"parent":0,"menu_order":0,"comment_status":"closed","ping_status":"closed","template":"","meta":{"_seopress_robots_primary_cat":"","_seopress_titles_title":"Descubre la Belleza Natural del Atlas: Senderismo en Marruecos","_seopress_titles_desc":"Explora la majestuosidad del Atlas marroqu\u00ed con nuestras emocionantes rutas de senderismo. Sum\u00e9rgete en la belleza natural, descubre paisajes inolvidables y experimenta la aut\u00e9ntica aventura en Marruecos. \u00a1Reserva tu experiencia \u00fanica en el Atlas ahora!","_seopress_robots_index":"","footnotes":""},"class_list":["post-2643","page","type-page","status-publish","hentry"],"blocksy_meta":[],"brizy_media":[{"id":4981,"url":"https:\/\/vacation-morocco.com\/wp-content\/uploads\/2023\/12\/Atlas-3-Kopie-scaled.jpg","name":"Atlas-3-Kopie.jpg","meta":{"brizy_attachment_uid":"wp-861fc7ab05e4d3443572824cbb663ef1.jpg","brizy_post_uid":["2e0d95929ef8f2a2e77c6e0a2c278372"]}}],"_links":{"self":[{"href":"https:\/\/vacation-morocco.com\/es\/wp-json\/wp\/v2\/pages\/2643","targetHints":{"allow":["GET"]}}],"collection":[{"href":"https:\/\/vacation-morocco.com\/es\/wp-json\/wp\/v2\/pages"}],"about":[{"href":"https:\/\/vacation-morocco.com\/es\/wp-json\/wp\/v2\/types\/page"}],"author":[{"embeddable":true,"href":"https:\/\/vacation-morocco.com\/es\/wp-json\/wp\/v2\/users\/2"}],"replies":[{"embeddable":true,"href":"https:\/\/vacation-morocco.com\/es\/wp-json\/wp\/v2\/comments?post=2643"}],"version-history":[{"count":16,"href":"https:\/\/vacation-morocco.com\/es\/wp-json\/wp\/v2\/pages\/2643\/revisions"}],"predecessor-version":[{"id":6852,"href":"https:\/\/vacation-morocco.com\/es\/wp-json\/wp\/v2\/pages\/2643\/revisions\/6852"}],"wp:attachment":[{"href":"https:\/\/vacation-morocco.com\/es\/wp-json\/wp\/v2\/media?parent=2643"}],"curies":[{"name":"wp","href":"https:\/\/api.w.org\/{rel}","templated":true}]}}