{"id":2639,"date":"2023-11-27T11:26:55","date_gmt":"2023-11-27T10:26:55","guid":{"rendered":"https:\/\/vacation-morocco.nextron.org\/marktbesuch\/"},"modified":"2026-03-21T05:37:35","modified_gmt":"2026-03-21T04:37:35","slug":"visita-al-mercado","status":"publish","type":"page","link":"https:\/\/vacation-morocco.com\/es\/visita-al-mercado\/","title":{"rendered":"Visita de mercado"},"content":{"rendered":"<div class=\"brz-root__container brz-reset-all brz brz-root__container-page\">\n<section id=\"_rg6Fzuvmvo4s\" class=\"brz-section brz-css-yhr3mo\">\n<div class=\"brz-section__content brz-section--boxed brz-css-1331jta brz-css-ozz14j\" data-brz-custom-id=\"xCtDBE5C7QI9\">\n<div class=\"brz-bg\">\n<div class=\"brz-bg-image\"><\/div>\n<\/div>\n<div class=\"brz-container brz-css-mz5ari\">\n<div class=\"brz-row__container brz-css-ue5yyo\" data-brz-custom-id=\"wjGaNov7gMr0\">\n<div class=\"brz-bg\"><\/div>\n<div class=\"brz-row brz-css-1huagez brz-css-18ipu8c\">\n<div class=\"brz-columns brz-css-1q985nx brz-css-1aq1bif\" data-brz-custom-id=\"wwzBlj0ejhWB\">\n<div class=\"brz-bg\"><\/div>\n<div class=\"brz-column__items brz-css-9177nz\">\n<div id=\"\" class=\"brz-css-ul1176 brz-wrapper\">\n<div class=\"brz-rich-text brz-rich-text__custom brz-css-fr9cy5\" data-brz-custom-id=\"uO5AW_PN2grV\">\n<div data-brz-translate-text=\"1\">\n<h1 class=\"brz-text-lg-center brz-lh-lg-1_3 brz-ls-lg-0 brz-fw-lg-900 brz-fss-lg-px brz-fs-lg-66 brz-ft-google brz-ff-roboto brz-text-xs-center brz-tp-lg-heading1 brz-css-s1t7K\" data-generated-css=\"brz-css-sowaF\" data-uniq-id=\"xHWIQ\"><span style=\"opacity: 1\" class=\"brz-cp-color8\">Visita de mercado<\/span><\/h1>\n<\/div>\n<\/div>\n<\/div>\n<div id=\"\" class=\"brz-css-ul1176 brz-wrapper\">\n<div class=\"brz-rich-text brz-rich-text__custom brz-css-fr9cy5\" data-brz-custom-id=\"wfBD76vD6ngZ\">\n<div data-brz-translate-text=\"1\">\n<h4 class=\"brz-tp-lg-heading4 brz-lh-lg-1_6 brz-ls-lg-0 brz-fw-lg-400 brz-fss-lg-px brz-fs-lg-20 brz-ft-google brz-ff-roboto brz-text-lg-center brz-text-xs-center brz-css-xgZcu\" data-generated-css=\"brz-css-myJcg\" data-uniq-id=\"cIhGx\"><span style=\"opacity: 1\" class=\"brz-cp-color8\">Visita los zocos de Marrakech.<\/span><\/h4>\n<\/div>\n<\/div>\n<\/div>\n<\/div>\n<\/div>\n<\/div>\n<\/div>\n<div id=\"\" class=\"brz-css-ul1176 brz-css-l82uad brz-css-1ogrmyw brz-wrapper\">\n<div class=\"brz-spacer brz-css-1yyaaks brz-css-m5o586\"><\/div>\n<\/div>\n<div class=\"brz-row__container brz-css-ue5yyo\" data-brz-custom-id=\"vkkvas_T8BHY\">\n<div class=\"brz-bg\"><\/div>\n<div class=\"brz-row brz-css-1huagez brz-css-18ipu8c\">\n<div class=\"brz-columns brz-css-1q985nx brz-css-zq5mgw\" data-brz-custom-id=\"erj6ERMPxPnu\">\n<div class=\"brz-bg\"><\/div>\n<div class=\"brz-column__items brz-css-9177nz brz-css-i433ui\"><\/div>\n<\/div>\n<div class=\"brz-columns brz-css-1q985nx brz-css-vfp0eh\" data-brz-custom-id=\"fh2dDnn6B4x_\">\n<div class=\"brz-bg\"><\/div>\n<div class=\"brz-column__items brz-css-9177nz brz-css-1wn644l\"><\/div>\n<\/div>\n<div class=\"brz-columns brz-css-1q985nx brz-css-1waomyg\" data-brz-custom-id=\"x2CipHQpbcrm\">\n<div class=\"brz-bg\"><\/div>\n<div class=\"brz-column__items brz-css-9177nz brz-css-cj8t48\"><\/div>\n<\/div>\n<\/div>\n<\/div>\n<\/div>\n<\/div>\n<\/section>\n<section id=\"_w3g4D5345YW5\" class=\"brz-section brz-css-yhr3mo brz-css-cb12ms\">\n<div class=\"brz-slick-slider brz-slick-slider__section\" data-slides-to-show=\"1\" data-slides-to-scroll=\"1\" data-arrows=\"true\" data-dots=\"true\" data-dots-class=\"brz-slick-slider__dots brz-slick-slider__dots--square\" data-fade=\"false\" data-vertical=\"false\" data-auto-play=\"false\" data-auto-play-speed=\"3000\" data-animation-speed=\"500\" data-swipe=\"true\" data-responsive=\"%5B%7B%22breakpoint%22%3A767%2C%22settings%22%3A%7B%22slidesToShow%22%3A1%2C%22slidesToScroll%22%3A1%7D%7D%5D\">\n<div>\n<div class=\"brz-section__content brz-section--boxed brz-css-1331jta brz-css-1genoy3\" data-brz-custom-id=\"bCek23f8STaN\">\n<div class=\"brz-bg\">\n<div class=\"brz-bg-color\"><\/div>\n<\/div>\n<div class=\"brz-container brz-css-mz5ari\">\n<div class=\"brz-row__container brz-css-ue5yyo\" data-brz-custom-id=\"imt28975qm5C\">\n<div class=\"brz-bg\"><\/div>\n<div class=\"brz-row brz-css-1huagez brz-css-18ipu8c\">\n<div class=\"brz-columns brz-css-1q985nx brz-css-19e9jb\" data-brz-custom-id=\"u67ZGZoQuO2S\">\n<div class=\"brz-bg\">\n<div class=\"brz-bg-image\"><\/div>\n<\/div>\n<div class=\"brz-column__items brz-css-9177nz brz-css-irkjl8\">\n<div id=\"\" class=\"brz-css-ul1176 brz-css-l82uad brz-wrapper\">\n<div class=\"brz-spacer brz-css-1yyaaks brz-css-1ccjww1\"><\/div>\n<\/div>\n<\/div>\n<p><a class=\"brz-a brz-container-link\" href=\"\" target=\"_self\" rel=\"noopener\" data-brz-link-type=\"page\"><\/a><\/div>\n<div class=\"brz-columns brz-css-1q985nx brz-css-1q6o58z\" data-brz-custom-id=\"pjMHRuqfWfug\">\n<div class=\"brz-bg\">\n<div class=\"brz-bg-color\"><\/div>\n<\/div>\n<div class=\"brz-column__items brz-css-9177nz brz-css-19z6izq\">\n<div id=\"\" class=\"brz-css-ul1176 brz-css-1lyrcbo brz-wrapper\">\n<div class=\"brz-rich-text brz-rich-text__custom brz-css-fr9cy5\" data-brz-custom-id=\"pqchW8Cj5uYB\">\n<div data-brz-translate-text=\"1\">\n<h2 class=\"brz-text-xs-center brz-tp-lg-heading2 brz-text-lg-left brz-css-p8ULp\" data-uniq-id=\"xjcYV\" data-generated-css=\"brz-css-qqXiZ\">Visita al mercado de Marrakech.<\/h2>\n<\/div>\n<\/div>\n<\/div>\n<div id=\"\" class=\"brz-css-ul1176 brz-wrapper\">\n<div class=\"brz-rich-text brz-rich-text__custom brz-css-fr9cy5\" data-brz-custom-id=\"hKyzQAjsfSVX\">\n<div data-brz-translate-text=\"1\">\n<p class=\"brz-mb-sm-0 brz-mb-xs-15 brz-tp-lg-paragraph brz-text-xs-center brz-mb-lg-20 brz-css-qHIS_\" data-generated-css=\"brz-css-zDNia\" data-uniq-id=\"pJT1k\"><strong>Estaremos encantados de mostrarle la impresionante Djemaa el Fna. Hay algo que ver en todas partes. Desde las cocinas de la calle llegan hasta la nariz olores sutiles. El espect\u00e1culo de los distintos marchantes te sorprender\u00e1. Si quieres adentrarte m\u00e1s en los zocos, te recomendamos encarecidamente que camines con nosotros por las sinuosas calles. Dif\u00edcilmente podr\u00e1s encontrar la salida por tu cuenta.<\/strong><\/p>\n<\/div>\n<\/div>\n<\/div>\n<div class=\"brz-wrapper-clone brz-css-xyz8vy\">\n<div class=\"brz-d-xs-flex brz-flex-xs-wrap brz-css-1ehvg68\" data-brz-custom-id=\"\">\n<div class=\"brz-wrapper-clone__item\" id=\"rVH6sHpPoxGr\"><a class=\"brz-a brz-btn brz-css-biwl3k brz-css-1dar88a brz-css-1lp7byd brz-css-8xrreg\" href=\"\" target=\"_self\" rel=\"noopener\" data-brz-link-type=\"page\" data-brz-custom-id=\"rVH6sHpPoxGr\"><span data-brz-translate-text=\"1\" class=\"brz-span brz-text__editor\">Contacto<\/span><\/a><\/div>\n<\/div>\n<\/div>\n<\/div>\n<p><a class=\"brz-a brz-container-link\" href=\"\" target=\"_self\" rel=\"noopener\" data-brz-link-type=\"page\"><\/a><\/div>\n<\/div>\n<\/div>\n<\/div>\n<\/div>\n<\/div>\n<\/div>\n<\/section>\n<\/div>\n<p>    <!-- version:1737565166 --><\/p>\n","protected":false},"excerpt":{"rendered":"<p>Visita de mercado Visita los zocos de Marrakech. Visita al mercado de Marrakech. Estaremos encantados de mostrarle la impresionante Djemaa el Fna. Hay algo que ver en todas partes. Desde las cocinas de la calle llegan hasta la nariz olores sutiles. El espect\u00e1culo de los distintos marchantes te sorprender\u00e1. Si quieres adentrarte m\u00e1s en los [&hellip;]<\/p>\n","protected":false},"author":2,"featured_media":0,"parent":0,"menu_order":0,"comment_status":"closed","ping_status":"closed","template":"","meta":{"_seopress_robots_primary_cat":"","_seopress_titles_title":"Sum\u00e9rgete en la autenticidad de Marruecos con nuestro tour de mercado. Descubre colores, sabores y artesan\u00edas en un mercado tradicional marroqu\u00ed. \u00a1Vive una experiencia \u00fanica llena de cultura y autenticidad! Reserva tu visita al mercado en Marruecos ahora.","_seopress_titles_desc":"Explora la esencia de Marruecos en nuestro apasionante recorrido por los mercados locales. Descubre la riqueza de colores, sabores y artesan\u00edas en un ambiente aut\u00e9ntico. Sum\u00e9rgete en la cultura marroqu\u00ed mientras paseas por los bulliciosos mercados. \u00a1Reserva tu experiencia \u00fanica de mercado en Marruecos ahora y d\u00e9jate llevar por la magia de este fascinante destino!","_seopress_robots_index":"","footnotes":""},"class_list":["post-2639","page","type-page","status-publish","hentry"],"blocksy_meta":[],"brizy_media":[{"id":5090,"url":"https:\/\/vacation-morocco.com\/wp-content\/uploads\/2023\/12\/Marktstand-1-1-scaled.jpg","name":"Marktstand-1-1.jpg","meta":{"brizy_attachment_uid":"wp-53f43902b63c24a9e00b42a733078066.jpg","brizy_post_uid":["c33534e550e58ed4934d2ff0d0f9719a"]}}],"_links":{"self":[{"href":"https:\/\/vacation-morocco.com\/es\/wp-json\/wp\/v2\/pages\/2639","targetHints":{"allow":["GET"]}}],"collection":[{"href":"https:\/\/vacation-morocco.com\/es\/wp-json\/wp\/v2\/pages"}],"about":[{"href":"https:\/\/vacation-morocco.com\/es\/wp-json\/wp\/v2\/types\/page"}],"author":[{"embeddable":true,"href":"https:\/\/vacation-morocco.com\/es\/wp-json\/wp\/v2\/users\/2"}],"replies":[{"embeddable":true,"href":"https:\/\/vacation-morocco.com\/es\/wp-json\/wp\/v2\/comments?post=2639"}],"version-history":[{"count":16,"href":"https:\/\/vacation-morocco.com\/es\/wp-json\/wp\/v2\/pages\/2639\/revisions"}],"predecessor-version":[{"id":6859,"href":"https:\/\/vacation-morocco.com\/es\/wp-json\/wp\/v2\/pages\/2639\/revisions\/6859"}],"wp:attachment":[{"href":"https:\/\/vacation-morocco.com\/es\/wp-json\/wp\/v2\/media?parent=2639"}],"curies":[{"name":"wp","href":"https:\/\/api.w.org\/{rel}","templated":true}]}}