{"id":2635,"date":"2023-11-27T11:27:09","date_gmt":"2023-11-27T10:27:09","guid":{"rendered":"https:\/\/vacation-morocco.nextron.org\/riad-hotel\/"},"modified":"2026-03-23T17:25:45","modified_gmt":"2026-03-23T16:25:45","slug":"riad-y-hotel","status":"publish","type":"page","link":"https:\/\/vacation-morocco.com\/es\/riad-y-hotel\/","title":{"rendered":"Riad y hotel"},"content":{"rendered":"<div class=\"brz-root__container brz-reset-all brz brz-root__container-page\">\n<section id=\"_kpjQswRpdy3K\" class=\"brz-section brz-css-lp5ihz\">\n<div class=\"brz-section__content brz-section--boxed brz-css-7dbf3d brz-css-1p4slb6\" data-brz-custom-id=\"tJPzhp9Ucdyq\">\n<div class=\"brz-bg\">\n<div class=\"brz-bg-image\"><\/div>\n<\/div>\n<div class=\"brz-container brz-css-13tfjwn\">\n<div class=\"brz-row__container brz-css-cn62ra\" data-brz-custom-id=\"wV9zhB5USGoL\">\n<div class=\"brz-bg\"><\/div>\n<div class=\"brz-row brz-css-q7h44x brz-css-n6t1rz\">\n<div class=\"brz-columns brz-css-kv3t2j brz-css-16boxvk\" data-brz-custom-id=\"m4p3UGZ4m89o\">\n<div class=\"brz-bg\"><\/div>\n<div class=\"brz-column__items brz-css-i0fg4s\">\n<div id=\"\" class=\"brz-css-bsz3ts brz-wrapper\">\n<div class=\"brz-rich-text brz-rich-text__custom brz-css-1twokfu\" data-brz-custom-id=\"jR2KQNy3RfGJ\">\n<div data-brz-translate-text=\"1\">\n<h1 class=\"brz-tp-lg-heading1 brz-text-xs-center brz-ff-roboto brz-ft-google brz-fs-lg-66 brz-fss-lg-px brz-fw-lg-900 brz-ls-lg-0 brz-lh-lg-1_3 brz-text-lg-center brz-css-aErQZ\" data-uniq-id=\"wnrG0\" data-generated-css=\"brz-css-by7Rf\"><span style=\"opacity: 1\" class=\"brz-cp-color8\">Riad y hotel<\/span><\/h1>\n<\/div>\n<\/div>\n<\/div>\n<div id=\"\" class=\"brz-css-bsz3ts brz-wrapper\">\n<div class=\"brz-rich-text brz-rich-text__custom brz-css-1twokfu\" data-brz-custom-id=\"l3DV4c4VXbvK\">\n<div data-brz-translate-text=\"1\">\n<h4 class=\"brz-tp-lg-heading4 brz-text-xs-center brz-text-lg-center brz-ff-roboto brz-ft-google brz-fs-lg-20 brz-fss-lg-px brz-fw-lg-400 brz-ls-lg-0 brz-lh-lg-1_6 brz-css-mOk1F\" data-uniq-id=\"jRxpz\" data-generated-css=\"brz-css-gNspV\"><span style=\"opacity: 1\" class=\"brz-cp-color8\">Ofrecemos alojamiento cuidadosamente seleccionado.<\/span><\/h4>\n<\/div>\n<\/div>\n<\/div>\n<\/div>\n<\/div>\n<\/div>\n<\/div>\n<div id=\"\" class=\"brz-css-bsz3ts brz-css-1bbwhxc brz-css-hzq0xi brz-wrapper\">\n<div class=\"brz-spacer brz-css-a7r8pb brz-css-u0qma6\"><\/div>\n<\/div>\n<div class=\"brz-row__container brz-css-cn62ra\" data-brz-custom-id=\"uPKygV69HNcg\">\n<div class=\"brz-bg\"><\/div>\n<div class=\"brz-row brz-css-q7h44x brz-css-n6t1rz\">\n<div class=\"brz-columns brz-css-kv3t2j brz-css-1owswvj\" data-brz-custom-id=\"aSCZ2NV1Vh_n\">\n<div class=\"brz-bg\"><\/div>\n<div class=\"brz-column__items brz-css-i0fg4s brz-css-1ree8ln\"><\/div>\n<\/div>\n<div class=\"brz-columns brz-css-kv3t2j brz-css-1biqraq\" data-brz-custom-id=\"aJCtitgb6c7d\">\n<div class=\"brz-bg\"><\/div>\n<div class=\"brz-column__items brz-css-i0fg4s brz-css-16pbcu7\"><\/div>\n<\/div>\n<div class=\"brz-columns brz-css-kv3t2j brz-css-x5pskj\" data-brz-custom-id=\"yPh0zF5Ws16j\">\n<div class=\"brz-bg\"><\/div>\n<div class=\"brz-column__items brz-css-i0fg4s brz-css-mryv25\"><\/div>\n<\/div>\n<\/div>\n<\/div>\n<\/div>\n<\/div>\n<\/section>\n<section id=\"_bD5rZPvVM5NM\" class=\"brz-section brz-css-lp5ihz brz-css-1j2pamz\">\n<div class=\"brz-slick-slider brz-slick-slider__section\" data-slides-to-show=\"1\" data-slides-to-scroll=\"1\" data-arrows=\"true\" data-dots=\"true\" data-dots-class=\"brz-slick-slider__dots brz-slick-slider__dots--square\" data-fade=\"false\" data-vertical=\"false\" data-auto-play=\"false\" data-auto-play-speed=\"3000\" data-animation-speed=\"500\" data-swipe=\"true\" data-responsive=\"%5B%7B%22breakpoint%22%3A767%2C%22settings%22%3A%7B%22slidesToShow%22%3A1%2C%22slidesToScroll%22%3A1%7D%7D%5D\">\n<div>\n<div class=\"brz-section__content brz-section--boxed brz-css-7dbf3d brz-css-usvj5x\" data-brz-custom-id=\"qIPDa8b54uqu\">\n<div class=\"brz-bg\">\n<div class=\"brz-bg-color\"><\/div>\n<\/div>\n<div class=\"brz-container brz-css-13tfjwn\">\n<div class=\"brz-row__container brz-css-cn62ra\" data-brz-custom-id=\"jYd1g4w6_gXG\">\n<div class=\"brz-bg\"><\/div>\n<div class=\"brz-row brz-css-q7h44x brz-css-n6t1rz\">\n<div class=\"brz-columns brz-css-kv3t2j brz-css-1yj3d9e\" data-brz-custom-id=\"l68yIe2fpHct\">\n<div class=\"brz-bg\">\n<div class=\"brz-bg-image\"><\/div>\n<\/div>\n<div class=\"brz-column__items brz-css-i0fg4s brz-css-11olnze\">\n<div id=\"\" class=\"brz-css-bsz3ts brz-css-1bbwhxc brz-wrapper\">\n<div class=\"brz-spacer brz-css-a7r8pb brz-css-1tmbpt8\"><\/div>\n<\/div>\n<\/div>\n<p><a class=\"brz-a brz-container-link\" href=\"\" target=\"_self\" rel=\"noopener\" data-brz-link-type=\"page\"><\/a><\/div>\n<div class=\"brz-columns brz-css-kv3t2j brz-css-2o7yxa\" data-brz-custom-id=\"ccwbtz3bzY_0\">\n<div class=\"brz-bg\">\n<div class=\"brz-bg-color\"><\/div>\n<\/div>\n<div class=\"brz-column__items brz-css-i0fg4s brz-css-1lw1m7p\">\n<div id=\"\" class=\"brz-css-bsz3ts brz-css-1cwm915 brz-wrapper\">\n<div class=\"brz-rich-text brz-rich-text__custom brz-css-1twokfu\" data-brz-custom-id=\"g3qi_m7B7bJ8\">\n<div data-brz-translate-text=\"1\">\n<h2 class=\"brz-text-xs-center brz-tp-lg-heading2 brz-text-lg-left brz-css-qHBNB\" data-uniq-id=\"bTlde\" data-generated-css=\"brz-css-yWbx0\">Pasar la noche&#8230;<\/h2>\n<\/div>\n<\/div>\n<\/div>\n<div id=\"\" class=\"brz-css-bsz3ts brz-wrapper\">\n<div class=\"brz-rich-text brz-rich-text__custom brz-css-1twokfu\" data-brz-custom-id=\"hJ_u78R7vPPy\">\n<div data-brz-translate-text=\"1\">\n<p class=\"brz-mb-lg-20 brz-text-xs-center brz-tp-lg-paragraph brz-mb-xs-15 brz-mb-sm-0 brz-css-uS92r\" data-uniq-id=\"jEZ0k\" data-generated-css=\"brz-css-oKCxd\"><strong>Los riads son t\u00edpicamente casas adosadas amuebladas en estilo oriental. Ya sea que elija un riad con un patio verde y un ambiente tranquilo o un hotel de 5*, disfrutar\u00e1 de la hospitalidad marroqu\u00ed en todos los alojamientos. Disfrute del delicioso Amlou (Nutella bereber) para el desayuno o del delicioso tagine para la cena.<\/strong><\/p>\n<\/div>\n<\/div>\n<\/div>\n<div class=\"brz-wrapper-clone brz-css-19gp8ks\">\n<div class=\"brz-d-xs-flex brz-flex-xs-wrap brz-css-14xb41n\" data-brz-custom-id=\"\">\n<div class=\"brz-wrapper-clone__item\" id=\"yQz9j2HCJDPs\"><a class=\"brz-a brz-btn brz-css-1ss1m46 brz-css-vv3ql7 brz-css-tyzhzk brz-css-10t7v4o\" href=\"\" target=\"_self\" rel=\"noopener\" data-brz-link-type=\"external\" data-brz-custom-id=\"yQz9j2HCJDPs\"><span data-brz-translate-text=\"1\" class=\"brz-span brz-text__editor\">Contacto<\/span><\/a><\/div>\n<\/div>\n<\/div>\n<\/div>\n<p><a class=\"brz-a brz-container-link\" href=\"\" target=\"_self\" rel=\"noopener\" data-brz-link-type=\"page\"><\/a><\/div>\n<\/div>\n<\/div>\n<\/div>\n<\/div>\n<\/div>\n<\/div>\n<\/section>\n<\/div>\n<p>    <!-- version:1737385902 --><\/p>\n","protected":false},"excerpt":{"rendered":"<p>Riad y hotel Ofrecemos alojamiento cuidadosamente seleccionado. Pasar la noche&#8230; Los riads son t\u00edpicamente casas adosadas amuebladas en estilo oriental. Ya sea que elija un riad con un patio verde y un ambiente tranquilo o un hotel de 5*, disfrutar\u00e1 de la hospitalidad marroqu\u00ed en todos los alojamientos. Disfrute del delicioso Amlou (Nutella bereber) para [&hellip;]<\/p>\n","protected":false},"author":2,"featured_media":0,"parent":0,"menu_order":0,"comment_status":"closed","ping_status":"closed","template":"","meta":{"_seopress_robots_primary_cat":"","_seopress_titles_title":"Vive la aut\u00e9ntica hospitalidad marroqu\u00ed: Riads y Hoteles exclusivos para una estancia inolvidable en Marruecos.","_seopress_titles_desc":"Descubre la elegancia y encanto de nuestros Riads y Hoteles en Marruecos. Alojamientos exclusivos que te sumergir\u00e1n en la aut\u00e9ntica experiencia marroqu\u00ed. \u00a1Reserva ahora para vivir una estancia inolvidable!","_seopress_robots_index":"","footnotes":""},"class_list":["post-2635","page","type-page","status-publish","hentry"],"blocksy_meta":[],"brizy_media":[{"id":5106,"url":"https:\/\/vacation-morocco.com\/wp-content\/uploads\/2023\/12\/Riad-Innenhof-1-scaled.jpg","name":"Riad-Innenhof-1.jpg","meta":{"brizy_attachment_uid":"wp-36cb2a2f972ef37ab04b489b6e032bf6.jpg","brizy_post_uid":["7e3b3edc1d1c80dcf75134815f95c7ef"]}}],"_links":{"self":[{"href":"https:\/\/vacation-morocco.com\/es\/wp-json\/wp\/v2\/pages\/2635","targetHints":{"allow":["GET"]}}],"collection":[{"href":"https:\/\/vacation-morocco.com\/es\/wp-json\/wp\/v2\/pages"}],"about":[{"href":"https:\/\/vacation-morocco.com\/es\/wp-json\/wp\/v2\/types\/page"}],"author":[{"embeddable":true,"href":"https:\/\/vacation-morocco.com\/es\/wp-json\/wp\/v2\/users\/2"}],"replies":[{"embeddable":true,"href":"https:\/\/vacation-morocco.com\/es\/wp-json\/wp\/v2\/comments?post=2635"}],"version-history":[{"count":19,"href":"https:\/\/vacation-morocco.com\/es\/wp-json\/wp\/v2\/pages\/2635\/revisions"}],"predecessor-version":[{"id":6850,"href":"https:\/\/vacation-morocco.com\/es\/wp-json\/wp\/v2\/pages\/2635\/revisions\/6850"}],"wp:attachment":[{"href":"https:\/\/vacation-morocco.com\/es\/wp-json\/wp\/v2\/media?parent=2635"}],"curies":[{"name":"wp","href":"https:\/\/api.w.org\/{rel}","templated":true}]}}