{"id":2631,"date":"2023-11-27T11:27:27","date_gmt":"2023-11-27T10:27:27","guid":{"rendered":"https:\/\/vacation-morocco.nextron.org\/transfer\/"},"modified":"2026-03-22T09:45:19","modified_gmt":"2026-03-22T08:45:19","slug":"transferir","status":"publish","type":"page","link":"https:\/\/vacation-morocco.com\/es\/transferir\/","title":{"rendered":"Transferir"},"content":{"rendered":"<div class=\"brz-root__container brz-reset-all brz brz-root__container-page\">\n<section id=\"_eNPZtK0Yaf7O\" class=\"brz-section brz-css-10jz9rv\">\n<div class=\"brz-section__content brz-section--boxed brz-css-uh44y9 brz-css-z30fr5\" data-brz-custom-id=\"e9UvRLjPF99U\">\n<div class=\"brz-bg\">\n<div class=\"brz-bg-image\"><\/div>\n<\/div>\n<div class=\"brz-container brz-css-i79gok\">\n<div class=\"brz-row__container brz-css-rafudp\" data-brz-custom-id=\"pVLEjnhYHImm\">\n<div class=\"brz-bg\"><\/div>\n<div class=\"brz-row brz-css-ywtge2 brz-css-65wklj\">\n<div class=\"brz-columns brz-css-68v1v2 brz-css-1yhi7dk\" data-brz-custom-id=\"y7DdvvtCTZkr\">\n<div class=\"brz-bg\"><\/div>\n<div class=\"brz-column__items brz-css-1y6sam8\">\n<div id=\"\" class=\"brz-css-1amxm9q brz-wrapper\">\n<div class=\"brz-rich-text brz-rich-text__custom brz-css-uib7tw\" data-brz-custom-id=\"k9nGdxUaF1zG\">\n<div data-brz-translate-text=\"1\">\n<h1 class=\"brz-tp-lg-heading1 brz-text-xs-center brz-ff-roboto brz-ft-google brz-fs-lg-66 brz-fss-lg-px brz-fw-lg-900 brz-ls-lg-0 brz-lh-lg-1_3 brz-text-lg-center brz-css-sI24z\" data-uniq-id=\"x0G1b\" data-generated-css=\"brz-css-wA9nK\"><span style=\"opacity: 1\" class=\"brz-cp-color8\"> Marruecos-<\/span><\/h1>\n<h1 class=\"brz-tp-lg-heading1 brz-text-xs-center brz-ff-roboto brz-ft-google brz-fs-lg-66 brz-fss-lg-px brz-fw-lg-900 brz-ls-lg-0 brz-lh-lg-1_3 brz-text-lg-center brz-css-d1O09\" data-uniq-id=\"xU2m7\" data-generated-css=\"brz-css-mRMME\"><span style=\"opacity: 1\" class=\"brz-cp-color8\">transferir<\/span><\/h1>\n<\/div>\n<\/div>\n<\/div>\n<div id=\"\" class=\"brz-css-1amxm9q brz-wrapper\">\n<div class=\"brz-rich-text brz-rich-text__custom brz-css-uib7tw\" data-brz-custom-id=\"mRPrm5IhAwdy\">\n<div data-brz-translate-text=\"1\">\n<h4 class=\"brz-lh-lg-1_6 brz-ls-lg-0 brz-fw-lg-400 brz-fss-lg-px brz-fs-lg-20 brz-ft-google brz-ff-roboto brz-text-lg-center brz-text-xs-center brz-tp-lg-heading4 brz-css-mHSvd\" data-generated-css=\"brz-css-vhY8b\" data-uniq-id=\"gquDe\"><span style=\"opacity: 1\" class=\"brz-cp-color8\">Te invitamos a descubrir este pa\u00eds diverso con nosotros. Desde ciudades hasta desierto, playa y mar, Marruecos lo tiene todo.<\/span><\/h4>\n<\/div>\n<\/div>\n<\/div>\n<\/div>\n<\/div>\n<\/div>\n<\/div>\n<div id=\"\" class=\"brz-css-1amxm9q brz-css-fbwefw brz-css-znyg6f brz-wrapper\">\n<div class=\"brz-spacer brz-css-1x2un6o brz-css-1m6r33z\"><\/div>\n<\/div>\n<div class=\"brz-row__container brz-css-rafudp\" data-brz-custom-id=\"xpn2i0rEVk3U\">\n<div class=\"brz-bg\"><\/div>\n<div class=\"brz-row brz-css-ywtge2 brz-css-65wklj\">\n<div class=\"brz-columns brz-css-68v1v2 brz-css-5hjufy\" data-brz-custom-id=\"sHu6LC0FUTUg\">\n<div class=\"brz-bg\"><\/div>\n<div class=\"brz-column__items brz-css-1y6sam8 brz-css-3qe8ox\">\n<div id=\"\" class=\"brz-css-1amxm9q brz-css-5sym7i brz-wrapper\">\n<div class=\"brz-rich-text brz-rich-text__custom brz-css-uib7tw\" data-brz-custom-id=\"a32t4oFdDFAc\">\n<div data-brz-translate-text=\"1\">\n<p class=\"brz-tp-heading2 brz-css-uBez8\"><span class=\"brz-cp-color8\">01<\/span><\/p>\n<\/div>\n<\/div>\n<\/div>\n<div id=\"\" class=\"brz-css-1amxm9q brz-css-1tz4bee brz-wrapper\">\n<div class=\"brz-rich-text brz-rich-text__custom brz-css-uib7tw\" data-brz-custom-id=\"bl9ag9Va9dv4\">\n<div data-brz-translate-text=\"1\">\n<p class=\"brz-fs-sm-18 brz-tp-lg-heading4 brz-css-nqdaF\" data-uniq-id=\"hM_jH\" data-generated-css=\"brz-css-o8wKH\"><span style=\"opacity: 1\" class=\"brz-cp-color8\">Individualmente<\/span><\/p>\n<\/div>\n<\/div>\n<\/div>\n<div id=\"\" class=\"brz-css-1amxm9q brz-wrapper\">\n<div class=\"brz-rich-text brz-rich-text__custom brz-css-uib7tw\" data-brz-custom-id=\"iBGIXjo_Ad55\">\n<div data-brz-translate-text=\"1\">\n<p class=\"brz-tp-lg-paragraph brz-css-dtsrb\" data-uniq-id=\"n1N24\" data-generated-css=\"brz-css-qzIxp\"><span style=\"opacity: 1\" class=\"brz-cp-color8\">Armamos tu viaje seg\u00fan tus deseos.<\/span><\/p>\n<\/div>\n<\/div>\n<\/div>\n<\/div>\n<p><a class=\"brz-a brz-container-link\" href=\"\" target=\"_self\" rel=\"noopener\" data-brz-link-type=\"page\"><\/a><\/div>\n<div class=\"brz-columns brz-css-68v1v2 brz-css-phxovr\" data-brz-custom-id=\"uF2K8Y2J7wc3\">\n<div class=\"brz-bg\"><\/div>\n<div class=\"brz-column__items brz-css-1y6sam8 brz-css-z1qo5q\">\n<div id=\"\" class=\"brz-css-1amxm9q brz-css-15snxjb brz-wrapper\">\n<div class=\"brz-rich-text brz-rich-text__custom brz-css-uib7tw\" data-brz-custom-id=\"aOqlwhqEcmoT\">\n<div data-brz-translate-text=\"1\">\n<p class=\"brz-tp-heading2 brz-css-jOxen\"><span class=\"brz-cp-color8\">02<\/span><\/p>\n<\/div>\n<\/div>\n<\/div>\n<div id=\"\" class=\"brz-css-1amxm9q brz-css-1jn050l brz-wrapper\">\n<div class=\"brz-rich-text brz-rich-text__custom brz-css-uib7tw\" data-brz-custom-id=\"piSB3h1XKJNo\">\n<div data-brz-translate-text=\"1\">\n<p class=\"brz-fs-sm-18 brz-tp-lg-heading4 brz-css-yCpG5\" data-uniq-id=\"l9E7_\" data-generated-css=\"brz-css-u4rSH\"><span style=\"opacity: 1\" class=\"brz-cp-color8\">Aut\u00e9ntico<\/span><\/p>\n<\/div>\n<\/div>\n<\/div>\n<div id=\"\" class=\"brz-css-1amxm9q brz-wrapper\">\n<div class=\"brz-rich-text brz-rich-text__custom brz-css-uib7tw\" data-brz-custom-id=\"yYqYa8wGFOfy\">\n<div data-brz-translate-text=\"1\">\n<p class=\"brz-tp-lg-paragraph brz-css-sjhrW\" data-generated-css=\"brz-css-pfjf7\" data-uniq-id=\"lV5Dh\"><span style=\"opacity: 1\" class=\"brz-cp-color8\">Conozca aut\u00e9nticamente el pa\u00eds y su gente.<\/span><\/p>\n<\/div>\n<\/div>\n<\/div>\n<\/div>\n<p><a class=\"brz-a brz-container-link\" href=\"\" target=\"_self\" rel=\"noopener\" data-brz-link-type=\"page\"><\/a><\/div>\n<div class=\"brz-columns brz-css-68v1v2 brz-css-1w5qt12\" data-brz-custom-id=\"i8cNUrAQRYNw\">\n<div class=\"brz-bg\"><\/div>\n<div class=\"brz-column__items brz-css-1y6sam8 brz-css-pwyhqd\">\n<div id=\"\" class=\"brz-css-1amxm9q brz-css-6y8yo5 brz-wrapper\">\n<div class=\"brz-rich-text brz-rich-text__custom brz-css-uib7tw\" data-brz-custom-id=\"pfO8GImlX6VL\">\n<div data-brz-translate-text=\"1\">\n<p class=\"brz-tp-heading2 brz-css-vnGjo\"><span class=\"brz-cp-color8\">03<\/span><\/p>\n<\/div>\n<\/div>\n<\/div>\n<div id=\"\" class=\"brz-css-1amxm9q brz-css-epv4yi brz-wrapper\">\n<div class=\"brz-rich-text brz-rich-text__custom brz-css-uib7tw\" data-brz-custom-id=\"gAMxIjl3yy62\">\n<div data-brz-translate-text=\"1\">\n<p class=\"brz-fs-sm-18 brz-tp-lg-heading4 brz-css-dkYmY\" data-uniq-id=\"tvHks\" data-generated-css=\"brz-css-iXrlV\"><span style=\"opacity: 1\" class=\"brz-cp-color8\">Personal<\/span><\/p>\n<\/div>\n<\/div>\n<\/div>\n<div id=\"\" class=\"brz-css-1amxm9q brz-wrapper\">\n<div class=\"brz-rich-text brz-rich-text__custom brz-css-uib7tw\" data-brz-custom-id=\"xklNB0W3aVLH\">\n<div data-brz-translate-text=\"1\">\n<p class=\"brz-tp-lg-paragraph brz-css-hWp_N\" data-uniq-id=\"c84Ra\" data-generated-css=\"brz-css-nEnYs\"><span style=\"opacity: 1\" class=\"brz-cp-color8\">Somos una peque\u00f1a empresa familiar y estaremos encantados de asesorarle personalmente.<\/span><\/p>\n<\/div>\n<\/div>\n<\/div>\n<\/div>\n<p><a class=\"brz-a brz-container-link\" href=\"\" target=\"_self\" rel=\"noopener\" data-brz-link-type=\"page\"><\/a><\/div>\n<\/div>\n<\/div>\n<\/div>\n<\/div>\n<\/section>\n<section id=\"_qD_L9EgCmrPV\" class=\"brz-section brz-css-10jz9rv brz-css-octqap\">\n<div class=\"brz-slick-slider brz-slick-slider__section\" data-slides-to-show=\"1\" data-slides-to-scroll=\"1\" data-arrows=\"true\" data-dots=\"true\" data-dots-class=\"brz-slick-slider__dots brz-slick-slider__dots--square\" data-fade=\"false\" data-vertical=\"false\" data-auto-play=\"false\" data-auto-play-speed=\"3000\" data-animation-speed=\"500\" data-swipe=\"true\" data-responsive=\"%5B%7B%22breakpoint%22%3A767%2C%22settings%22%3A%7B%22slidesToShow%22%3A1%2C%22slidesToScroll%22%3A1%7D%7D%5D\">\n<div>\n<div class=\"brz-section__content brz-section--boxed brz-css-uh44y9 brz-css-1ccsd9p\" data-brz-custom-id=\"jnRVtzRvQ2aL\">\n<div class=\"brz-bg\">\n<div class=\"brz-bg-color\"><\/div>\n<\/div>\n<div class=\"brz-container brz-css-i79gok\">\n<div class=\"brz-row__container brz-css-rafudp\" data-brz-custom-id=\"qdNchpZ7em7E\">\n<div class=\"brz-bg\"><\/div>\n<div class=\"brz-row brz-css-ywtge2 brz-css-65wklj\">\n<div class=\"brz-columns brz-css-68v1v2 brz-css-1nioc6g\" data-brz-custom-id=\"ex3U53VyCAVj\">\n<div class=\"brz-bg\">\n<div class=\"brz-bg-image\"><\/div>\n<\/div>\n<div class=\"brz-column__items brz-css-1y6sam8 brz-css-13rzhtf\">\n<div id=\"\" class=\"brz-css-1amxm9q brz-css-fbwefw brz-wrapper\">\n<div class=\"brz-spacer brz-css-1x2un6o brz-css-1w563pu\"><\/div>\n<\/div>\n<\/div>\n<p><a class=\"brz-a brz-container-link\" href=\"\" target=\"_self\" rel=\"noopener\" data-brz-link-type=\"page\"><\/a><\/div>\n<div class=\"brz-columns brz-css-68v1v2 brz-css-1kb6dn0\" data-brz-custom-id=\"xyZD9YppJZEK\">\n<div class=\"brz-bg\">\n<div class=\"brz-bg-color\"><\/div>\n<\/div>\n<div class=\"brz-column__items brz-css-1y6sam8 brz-css-r0wsmn\">\n<div id=\"\" class=\"brz-css-1amxm9q brz-css-1puo920 brz-wrapper\">\n<div class=\"brz-rich-text brz-rich-text__custom brz-css-uib7tw\" data-brz-custom-id=\"gKHQjIRuGoVc\">\n<div data-brz-translate-text=\"1\">\n<h2 class=\"brz-text-lg-left brz-tp-lg-heading2 brz-text-xs-center brz-css-i6o4J\" data-generated-css=\"brz-css-vf5eT\" data-uniq-id=\"r3vuz\">Transferencias (casi) a todas partes&#8230;<\/h2>\n<\/div>\n<\/div>\n<\/div>\n<div id=\"\" class=\"brz-css-1amxm9q brz-wrapper\">\n<div class=\"brz-rich-text brz-rich-text__custom brz-css-uib7tw\" data-brz-custom-id=\"tM5jBUZZep3v\">\n<div data-brz-translate-text=\"1\">\n<p class=\"brz-mb-sm-0 brz-mb-xs-15 brz-tp-lg-paragraph brz-text-xs-center brz-mb-lg-20 brz-css-eeq7N\" data-generated-css=\"brz-css-zSREv\" data-uniq-id=\"yIvU1\"><strong>\u00bfNecesitas un traslado? \u00bfLlegas a T\u00e1nger u otra ciudad y quieres comenzar tu viaje a Marruecos desde all\u00ed? Estaremos encantados de encargarnos del traslado al aeropuerto, a otra ciudad o a recogerle en el lugar de recogida deseado. Al viajar a trav\u00e9s de nosotros, el traslado siempre est\u00e1 incluido en los gastos de viaje.<\/strong><\/p>\n<\/div>\n<\/div>\n<\/div>\n<div class=\"brz-wrapper-clone brz-css-1c2qgfe\">\n<div class=\"brz-d-xs-flex brz-flex-xs-wrap brz-css-14xqhgi\" data-brz-custom-id=\"\">\n<div class=\"brz-wrapper-clone__item\" id=\"iAFYxan7VeS0\"><a class=\"brz-a brz-btn brz-css-1l4aki brz-css-wzyi2n brz-css-1ja3kpi brz-css-15tx8vv\" href=\"\" target=\"_self\" rel=\"noopener\" data-brz-link-type=\"external\" data-brz-custom-id=\"iAFYxan7VeS0\"><span data-brz-translate-text=\"1\" class=\"brz-span brz-text__editor\">Contacto<\/span><\/a><\/div>\n<\/div>\n<\/div>\n<\/div>\n<p><a class=\"brz-a brz-container-link\" href=\"\" target=\"_self\" rel=\"noopener\" data-brz-link-type=\"page\"><\/a><\/div>\n<\/div>\n<\/div>\n<\/div>\n<\/div>\n<\/div>\n<\/div>\n<\/section>\n<\/div>\n<p>    <!-- version:1737573518 --><\/p>\n","protected":false},"excerpt":{"rendered":"<p>Marruecos- transferir Te invitamos a descubrir este pa\u00eds diverso con nosotros. Desde ciudades hasta desierto, playa y mar, Marruecos lo tiene todo. 01 Individualmente Armamos tu viaje seg\u00fan tus deseos. 02 Aut\u00e9ntico Conozca aut\u00e9nticamente el pa\u00eds y su gente. 03 Personal Somos una peque\u00f1a empresa familiar y estaremos encantados de asesorarle personalmente. Transferencias (casi) a [&hellip;]<\/p>\n","protected":false},"author":2,"featured_media":0,"parent":0,"menu_order":0,"comment_status":"closed","ping_status":"closed","template":"","meta":{"_seopress_robots_primary_cat":"","_seopress_titles_title":"Traslados en Marruecos: Comodidad y Seguridad en tus Desplazamientos. Descubre Nuestro Servicio de Transfers Personalizados.","_seopress_titles_desc":"Explora Marruecos con Comodidad: Descubre Nuestro Servicio de Transfers para Desplazamientos Eficientes y Seguros por Todo el Pa\u00eds. Reserva Ahora y Disfruta de una Experiencia de Viaje Inolvidable.","_seopress_robots_index":"","footnotes":""},"class_list":["post-2631","page","type-page","status-publish","hentry"],"blocksy_meta":[],"brizy_media":[{"id":4952,"url":"https:\/\/vacation-morocco.com\/wp-content\/uploads\/2023\/12\/Taxi-2-scaled.jpg","name":"Taxi-2.jpg","meta":{"brizy_attachment_uid":"wp-1bd736010b49d55d2d0ad937205ec7d0.jpg","brizy_post_uid":["eb07e2475d22086149823b05c638ad70"]}}],"_links":{"self":[{"href":"https:\/\/vacation-morocco.com\/es\/wp-json\/wp\/v2\/pages\/2631","targetHints":{"allow":["GET"]}}],"collection":[{"href":"https:\/\/vacation-morocco.com\/es\/wp-json\/wp\/v2\/pages"}],"about":[{"href":"https:\/\/vacation-morocco.com\/es\/wp-json\/wp\/v2\/types\/page"}],"author":[{"embeddable":true,"href":"https:\/\/vacation-morocco.com\/es\/wp-json\/wp\/v2\/users\/2"}],"replies":[{"embeddable":true,"href":"https:\/\/vacation-morocco.com\/es\/wp-json\/wp\/v2\/comments?post=2631"}],"version-history":[{"count":20,"href":"https:\/\/vacation-morocco.com\/es\/wp-json\/wp\/v2\/pages\/2631\/revisions"}],"predecessor-version":[{"id":6854,"href":"https:\/\/vacation-morocco.com\/es\/wp-json\/wp\/v2\/pages\/2631\/revisions\/6854"}],"wp:attachment":[{"href":"https:\/\/vacation-morocco.com\/es\/wp-json\/wp\/v2\/media?parent=2631"}],"curies":[{"name":"wp","href":"https:\/\/api.w.org\/{rel}","templated":true}]}}