{"id":2623,"date":"2023-11-27T11:28:50","date_gmt":"2023-11-27T10:28:50","guid":{"rendered":"https:\/\/vacation-morocco.nextron.org\/impressum\/"},"modified":"2026-03-24T12:43:08","modified_gmt":"2026-03-24T11:43:08","slug":"imprimir","status":"publish","type":"page","link":"https:\/\/vacation-morocco.com\/es\/imprimir\/","title":{"rendered":"Imprimir"},"content":{"rendered":"<div class=\"brz-root__container brz-reset-all brz brz-root__container-page\">\n<section id=\"_bsVgokbdArmo\" class=\"brz-section brz-css-38tv8j\">\n<div class=\"brz-section__content brz-section--boxed brz-css-zk440q brz-css-awz6pn\" data-brz-custom-id=\"liTkQ0BoEa5X\">\n<div class=\"brz-bg\">\n<div class=\"brz-bg-image\"><\/div>\n<\/div>\n<div class=\"brz-container brz-css-1yymt48\">\n<div class=\"brz-row__container brz-css-tvhgse\" data-brz-custom-id=\"dBmqFYlYePXT\">\n<div class=\"brz-bg\"><\/div>\n<div class=\"brz-row brz-css-1lgpg5t brz-css-12uagdi\">\n<div class=\"brz-columns brz-css-10xb39o brz-css-b4v4al\" data-brz-custom-id=\"zhUnljQiLebr\">\n<div class=\"brz-bg\"><\/div>\n<div class=\"brz-column__items brz-css-dsdgqo\">\n<div id=\"\" class=\"brz-css-bise1f brz-wrapper\">\n<div class=\"brz-rich-text brz-rich-text__custom brz-css-1rnnh8e\" data-brz-custom-id=\"vKPdkxVFy5I1\">\n<div data-brz-translate-text=\"1\">\n<h1 class=\"brz-text-lg-center brz-lh-lg-1_3 brz-ls-lg-0 brz-fw-lg-900 brz-fss-lg-px brz-fs-lg-66 brz-ft-google brz-ff-roboto brz-text-xs-center brz-tp-lg-heading1 brz-css-xJWvr\" data-generated-css=\"brz-css-dFloL\" data-uniq-id=\"m_sBg\"><span style=\"opacity: 1\" class=\"brz-cp-color8\"> pie de imprimir <\/span><\/h1>\n<\/div>\n<\/div>\n<\/div>\n<div id=\"\" class=\"brz-css-bise1f brz-wrapper\">\n<div class=\"brz-rich-text brz-rich-text__custom brz-css-1rnnh8e\" data-brz-custom-id=\"nWgnca5RAIuD\">\n<div data-brz-translate-text=\"1\">\n<h4 class=\"brz-tp-lg-heading4 brz-text-xs-center brz-text-lg-center brz-ff-roboto brz-ft-google brz-fs-lg-20 brz-fss-lg-px brz-fw-lg-400 brz-ls-lg-0 brz-lh-lg-1_6 brz-css-itPzh\" data-uniq-id=\"mwFMH\" data-generated-css=\"brz-css-qnJ8z\"><span style=\"opacity: 1\" class=\"brz-cp-color8\">Puedes encontrar todo lo importante aqu\u00ed.<\/span><\/h4>\n<\/div>\n<\/div>\n<\/div>\n<\/div>\n<\/div>\n<\/div>\n<\/div>\n<div id=\"\" class=\"brz-css-bise1f brz-css-kq8d5w brz-css-sb937r brz-wrapper\">\n<div class=\"brz-spacer brz-css-7ojllv brz-css-mp3wqw\"><\/div>\n<\/div>\n<div class=\"brz-row__container brz-css-tvhgse\" data-brz-custom-id=\"lIiDOLwmonMN\">\n<div class=\"brz-bg\"><\/div>\n<div class=\"brz-row brz-css-1lgpg5t brz-css-12uagdi\">\n<div class=\"brz-columns brz-css-10xb39o brz-css-1838b1v\" data-brz-custom-id=\"fj3zzJtW7Rnp\">\n<div class=\"brz-bg\"><\/div>\n<div class=\"brz-column__items brz-css-dsdgqo brz-css-734l3s\"><\/div>\n<\/div>\n<div class=\"brz-columns brz-css-10xb39o brz-css-1p19a13\" data-brz-custom-id=\"kGa5oS5X6Ez_\">\n<div class=\"brz-bg\"><\/div>\n<div class=\"brz-column__items brz-css-dsdgqo brz-css-qsb4i4\"><\/div>\n<\/div>\n<div class=\"brz-columns brz-css-10xb39o brz-css-1ncpie4\" data-brz-custom-id=\"evFckRiLB9LG\">\n<div class=\"brz-bg\"><\/div>\n<div class=\"brz-column__items brz-css-dsdgqo brz-css-xsii9t\"><\/div>\n<\/div>\n<\/div>\n<\/div>\n<\/div>\n<\/div>\n<\/section>\n<section id=\"_iwAPexP37Lf1\" class=\"brz-section brz-css-38tv8j\">\n<div class=\"brz-section__content brz-section--boxed brz-css-zk440q brz-css-1e47atu\" data-brz-custom-id=\"eewza4sfr9M5\">\n<div class=\"brz-container brz-css-1yymt48\">\n<div id=\"\" class=\"brz-css-bise1f brz-wrapper\">\n<div class=\"brz-rich-text brz-rich-text__custom brz-css-1rnnh8e\" data-brz-custom-id=\"ayOxad0d5cum\">\n<div data-brz-translate-text=\"1\">\n<p class=\"brz-tp-lg-paragraph brz-css-a6IdJ\" data-uniq-id=\"vVBG_\" data-generated-css=\"brz-css-phecI\"><strong>Entidad responsable:<\/strong><\/p>\n<p class=\"brz-tp-lg-paragraph brz-css-a6iLT\" data-uniq-id=\"am1cK\" data-generated-css=\"brz-css-aSkhn\">Atar Travel&amp;Transport<\/p>\n<p class=\"brz-tp-lg-paragraph brz-css-dUBYE\" data-uniq-id=\"mGKbc\" data-generated-css=\"brz-css-dnlYs\">Heuwinkelstrasse 15<\/p>\n<p class=\"brz-tp-lg-paragraph brz-css-qZvzZ\" data-uniq-id=\"b5Vkj\" data-generated-css=\"brz-css-gsz7F\">4123 Allschwil<\/p>\n<p class=\"brz-tp-lg-paragraph brz-css-kHABx\" data-uniq-id=\"gmGMv\" data-generated-css=\"brz-css-wUaH4\">Suiza<\/p>\n<p class=\"brz-tp-lg-paragraph brz-css-agBVW\" data-uniq-id=\"mkwlS\" data-generated-css=\"brz-css-eOum3\"><strong>E-Mail<\/strong>: info@vacation-morocco.com<\/p>\n<p class=\"brz-tp-lg-paragraph brz-css-wZbvc\" data-uniq-id=\"jz28k\" data-generated-css=\"brz-css-etc2O\"><strong> <\/strong><\/p>\n<p class=\"brz-tp-lg-paragraph brz-css-p8i7p\" data-uniq-id=\"vCUBl\" data-generated-css=\"brz-css-yFIer\"><strong>Descargo de responsabilidad<\/strong><\/p>\n<p class=\"brz-tp-lg-paragraph brz-css-uqkj5\" data-uniq-id=\"lp0Ox\" data-generated-css=\"brz-css-p9PmV\">El autor no asume ninguna responsabilidad por la exactitud, exactitud, actualidad, fiabilidad e integridad de la informaci\u00f3n.<\/p>\n<p class=\"brz-tp-lg-paragraph brz-css-kUehg\" data-uniq-id=\"hKk5F\" data-generated-css=\"brz-css-sjTBp\">Quedan excluidas las reclamaciones de responsabilidad contra el autor por da\u00f1os materiales o inmateriales derivados del acceso o uso o no uso de la informaci\u00f3n publicada, mal uso de la conexi\u00f3n o fallos t\u00e9cnicos.<\/p>\n<p class=\"brz-tp-lg-paragraph brz-css-iJBIY\" data-uniq-id=\"jO3_V\" data-generated-css=\"brz-css-qUa4q\">Todas las ofertas est\u00e1n sujetas a cambios. El autor se reserva expresamente el derecho de modificar, complementar o eliminar partes de las p\u00e1ginas o la oferta completa sin previo aviso o de suspender la publicaci\u00f3n temporal o permanentemente.<\/p>\n<p class=\"brz-tp-lg-paragraph brz-css-typ9_\" data-uniq-id=\"oZhGf\" data-generated-css=\"brz-css-qlzd2\"><strong> <\/strong><\/p>\n<p class=\"brz-tp-lg-paragraph brz-css-wv5cy\" data-uniq-id=\"fr6cF\" data-generated-css=\"brz-css-pH6W_\"><strong>Descargo de responsabilidad sobre contenidos y enlaces<\/strong><\/p>\n<p class=\"brz-tp-lg-paragraph brz-css-m7zIC\" data-uniq-id=\"i62Vn\" data-generated-css=\"brz-css-iUqup\">Las referencias y enlaces a sitios web de terceros est\u00e1n fuera de nuestra \u00e1rea de responsabilidad. Rechaz\u00f3 cualquier responsabilidad sobre dichos sitios web. El acceso y uso de dichos sitios web es bajo el propio riesgo del usuario respectivo.<\/p>\n<p class=\"brz-tp-lg-paragraph brz-css-h2oyE\" data-uniq-id=\"uO2Il\" data-generated-css=\"brz-css-sbZpJ\"><strong> <\/strong><\/p>\n<p class=\"brz-tp-lg-paragraph brz-css-uUnmV\" data-uniq-id=\"duGXa\" data-generated-css=\"brz-css-wl2Uy\"><strong>Declaraci\u00f3n de derechos de autor<\/strong><\/p>\n<p class=\"brz-tp-lg-paragraph brz-css-vRgRm\" data-uniq-id=\"eVB_r\" data-generated-css=\"brz-css-zjyjN\">Los derechos de autor y todos los dem\u00e1s derechos sobre el contenido, im\u00e1genes, fotograf\u00edas (proporcionadas por unsplash.com) u otros archivos de este sitio web pertenecen exclusivamente a El Hassane Atar o a los titulares de derechos espec\u00edficamente nombrados. Se debe obtener previamente el consentimiento por escrito del titular de los derechos de autor para la reproducci\u00f3n de cualquier elemento.<\/p>\n<\/div>\n<\/div>\n<\/div>\n<\/div>\n<\/div>\n<\/section>\n<\/div>\n<p>    <!-- version:1737211193 --><\/p>\n","protected":false},"excerpt":{"rendered":"<p>pie de imprimir Puedes encontrar todo lo importante aqu\u00ed. Entidad responsable: Atar Travel&amp;Transport Heuwinkelstrasse 15 4123 Allschwil Suiza E-Mail: info@vacation-morocco.com Descargo de responsabilidad El autor no asume ninguna responsabilidad por la exactitud, exactitud, actualidad, fiabilidad e integridad de la informaci\u00f3n. Quedan excluidas las reclamaciones de responsabilidad contra el autor por da\u00f1os materiales o inmateriales derivados [&hellip;]<\/p>\n","protected":false},"author":2,"featured_media":0,"parent":0,"menu_order":0,"comment_status":"closed","ping_status":"closed","template":"","meta":{"_seopress_robots_primary_cat":"","_seopress_titles_title":"Contacto y legal: Informaci\u00f3n sobre nuestros servicios.","_seopress_titles_desc":"Contacto y aspectos legales: Descubra nuestra agencia de viajes y encuentre informaci\u00f3n legal detallada sobre nuestros servicios y obligaciones.","_seopress_robots_index":"","footnotes":""},"class_list":["post-2623","page","type-page","status-publish","hentry"],"blocksy_meta":[],"brizy_media":[],"_links":{"self":[{"href":"https:\/\/vacation-morocco.com\/es\/wp-json\/wp\/v2\/pages\/2623","targetHints":{"allow":["GET"]}}],"collection":[{"href":"https:\/\/vacation-morocco.com\/es\/wp-json\/wp\/v2\/pages"}],"about":[{"href":"https:\/\/vacation-morocco.com\/es\/wp-json\/wp\/v2\/types\/page"}],"author":[{"embeddable":true,"href":"https:\/\/vacation-morocco.com\/es\/wp-json\/wp\/v2\/users\/2"}],"replies":[{"embeddable":true,"href":"https:\/\/vacation-morocco.com\/es\/wp-json\/wp\/v2\/comments?post=2623"}],"version-history":[{"count":14,"href":"https:\/\/vacation-morocco.com\/es\/wp-json\/wp\/v2\/pages\/2623\/revisions"}],"predecessor-version":[{"id":6983,"href":"https:\/\/vacation-morocco.com\/es\/wp-json\/wp\/v2\/pages\/2623\/revisions\/6983"}],"wp:attachment":[{"href":"https:\/\/vacation-morocco.com\/es\/wp-json\/wp\/v2\/media?parent=2623"}],"curies":[{"name":"wp","href":"https:\/\/api.w.org\/{rel}","templated":true}]}}