{"id":2619,"date":"2023-11-27T11:38:18","date_gmt":"2023-11-27T10:38:18","guid":{"rendered":"https:\/\/vacation-morocco.nextron.org\/kontakt\/"},"modified":"2026-03-22T12:44:33","modified_gmt":"2026-03-22T11:44:33","slug":"contacto","status":"publish","type":"page","link":"https:\/\/vacation-morocco.com\/es\/contacto\/","title":{"rendered":"Contacto"},"content":{"rendered":"<div class=\"brz-root__container brz-reset-all brz brz-root__container-page\">\n<section id=\"_fJOkEc9y1aaf\" class=\"brz-section brz-css-1owkmun\">\n<div class=\"brz-section__content brz-section--boxed brz-css-wu1bzl brz-css-1pgckst\" data-brz-custom-id=\"z5wnnafUc0ua\">\n<div class=\"brz-bg\">\n<div class=\"brz-bg-image\"><\/div>\n<\/div>\n<div class=\"brz-container brz-css-3x5488\">\n<div class=\"brz-row__container brz-css-ix7qa6\" data-brz-custom-id=\"ylNyQnjEiJJk\">\n<div class=\"brz-bg\"><\/div>\n<div class=\"brz-row brz-css-1v6bofh brz-css-h7jv9i\">\n<div class=\"brz-columns brz-css-mzqehr brz-css-pm31u7\" data-brz-custom-id=\"sa3xD5G9kr7q\">\n<div class=\"brz-bg\"><\/div>\n<div class=\"brz-column__items brz-css-1kqugsz\">\n<div id=\"\" class=\"brz-css-1cu4fmo brz-wrapper\">\n<div class=\"brz-rich-text brz-rich-text__custom brz-css-93zb82\" data-brz-custom-id=\"vlbBVsMgF330\">\n<div data-brz-translate-text=\"1\">\n<h1 class=\"brz-text-lg-center brz-lh-lg-1_3 brz-ls-lg-0 brz-fw-lg-900 brz-fss-lg-px brz-fs-lg-66 brz-ft-google brz-ff-roboto brz-text-xs-center brz-tp-lg-heading1 brz-css-lX2sf\" data-generated-css=\"brz-css-vSJok\" data-uniq-id=\"pOjuk\"><strong>Contacto<\/strong><\/h1>\n<\/div>\n<\/div>\n<\/div>\n<div id=\"\" class=\"brz-css-1cu4fmo brz-wrapper\">\n<div class=\"brz-rich-text brz-rich-text__custom brz-css-93zb82\" data-brz-custom-id=\"yk0kbc8X5Y3a\">\n<div data-brz-translate-text=\"1\">\n<h4 class=\"brz-tp-lg-heading4 brz-lh-lg-1_6 brz-ls-lg-0 brz-fw-lg-400 brz-fss-lg-px brz-fs-lg-20 brz-ft-google brz-ff-roboto brz-text-lg-center brz-text-xs-center brz-css-qXrwJ\" data-generated-css=\"brz-css-lcl1f\" data-uniq-id=\"qjOgV\">Esperamos su respuesta.<\/h4>\n<\/div>\n<\/div>\n<\/div>\n<\/div>\n<\/div>\n<\/div>\n<\/div>\n<div id=\"\" class=\"brz-css-1cu4fmo brz-css-k3ukjj brz-css-fv6dsp brz-wrapper\">\n<div class=\"brz-spacer brz-css-6e1wbp brz-css-1qzcv6s\"><\/div>\n<\/div>\n<div class=\"brz-row__container brz-css-ix7qa6\" data-brz-custom-id=\"rqlxEYWjD_8_\">\n<div class=\"brz-bg\"><\/div>\n<div class=\"brz-row brz-css-1v6bofh brz-css-h7jv9i\">\n<div class=\"brz-columns brz-css-mzqehr brz-css-a0bmd1\" data-brz-custom-id=\"opA1JRrdHXQ9\">\n<div class=\"brz-bg\"><\/div>\n<div class=\"brz-column__items brz-css-1kqugsz brz-css-mxm4wp\">\n<div id=\"\" class=\"brz-css-1cu4fmo brz-css-1540czq brz-wrapper\">\n<div class=\"brz-rich-text brz-rich-text__custom brz-css-93zb82\" data-brz-custom-id=\"ztsCkVTJ7Yfg\">\n<div data-brz-translate-text=\"1\">\n<p class=\"brz-tp-heading2 brz-css-e0luy\"><span class=\"brz-cp-color8\">01<\/span><\/p>\n<\/div>\n<\/div>\n<\/div>\n<div id=\"\" class=\"brz-css-1cu4fmo brz-css-r4119l brz-wrapper\">\n<div class=\"brz-rich-text brz-rich-text__custom brz-css-93zb82\" data-brz-custom-id=\"qT_ZEtdj8LjC\">\n<div data-brz-translate-text=\"1\">\n<p class=\"brz-tp-lg-heading4 brz-fs-sm-18 brz-css-vS4J7\" data-generated-css=\"brz-css-nDaBs\" data-uniq-id=\"sXHn1\">A medida<\/p>\n<\/div>\n<\/div>\n<\/div>\n<div id=\"\" class=\"brz-css-1cu4fmo brz-wrapper\">\n<div class=\"brz-rich-text brz-rich-text__custom brz-css-93zb82\" data-brz-custom-id=\"jgT09TB18ey4\">\n<div data-brz-translate-text=\"1\">\n<p class=\"brz-tp-lg-paragraph brz-css-wETDv\" data-generated-css=\"brz-css-lOadE\" data-uniq-id=\"st8rq\">Organizaremos su viaje seg\u00fan sus deseos.<\/p>\n<\/div>\n<\/div>\n<\/div>\n<\/div>\n<p><a class=\"brz-a brz-container-link\" href=\"\" target=\"_self\" rel=\"noopener\" data-brz-link-type=\"page\"><\/a><\/div>\n<div class=\"brz-columns brz-css-mzqehr brz-css-1kzklaa\" data-brz-custom-id=\"ioSavrE8D824\">\n<div class=\"brz-bg\"><\/div>\n<div class=\"brz-column__items brz-css-1kqugsz brz-css-jxferu\">\n<div id=\"\" class=\"brz-css-1cu4fmo brz-css-kkgi1z brz-wrapper\">\n<div class=\"brz-rich-text brz-rich-text__custom brz-css-93zb82\" data-brz-custom-id=\"qgkl8R5DHZJ1\">\n<div data-brz-translate-text=\"1\">\n<p class=\"brz-tp-heading2 brz-css-wUMWh\"><span class=\"brz-cp-color8\">02<\/span><\/p>\n<\/div>\n<\/div>\n<\/div>\n<div id=\"\" class=\"brz-css-1cu4fmo brz-css-875v40 brz-wrapper\">\n<div class=\"brz-rich-text brz-rich-text__custom brz-css-93zb82\" data-brz-custom-id=\"yAF9Ld1xLX3L\">\n<div data-brz-translate-text=\"1\">\n<p class=\"brz-tp-lg-heading4 brz-fs-sm-18 brz-css-arA5A\" data-generated-css=\"brz-css-hBW_w\" data-uniq-id=\"ryXNx\">Aut\u00e9ntico<\/p>\n<\/div>\n<\/div>\n<\/div>\n<div id=\"\" class=\"brz-css-1cu4fmo brz-wrapper\">\n<div class=\"brz-rich-text brz-rich-text__custom brz-css-93zb82\" data-brz-custom-id=\"xVto4Sa7rux7\">\n<div data-brz-translate-text=\"1\">\n<p class=\"brz-tp-lg-paragraph brz-css-zgzmZ\" data-uniq-id=\"aXEv1\" data-generated-css=\"brz-css-xakgA\">Conozca el pa\u00eds y sus gentes de forma aut\u00e9ntica.<\/p>\n<\/div>\n<\/div>\n<\/div>\n<\/div>\n<p><a class=\"brz-a brz-container-link\" href=\"\" target=\"_self\" rel=\"noopener\" data-brz-link-type=\"page\"><\/a><\/div>\n<div class=\"brz-columns brz-css-mzqehr brz-css-16boiji\" data-brz-custom-id=\"bXMt3PQUSLBO\">\n<div class=\"brz-bg\"><\/div>\n<div class=\"brz-column__items brz-css-1kqugsz brz-css-1limstd\">\n<div id=\"\" class=\"brz-css-1cu4fmo brz-css-qyhzoh brz-wrapper\">\n<div class=\"brz-rich-text brz-rich-text__custom brz-css-93zb82\" data-brz-custom-id=\"oo8uMljNlT6h\">\n<div data-brz-translate-text=\"1\">\n<p class=\"brz-tp-heading2 brz-css-dKX7P\"><span class=\"brz-cp-color8\">03<\/span><\/p>\n<\/div>\n<\/div>\n<\/div>\n<div id=\"\" class=\"brz-css-1cu4fmo brz-css-1cdfx8y brz-wrapper\">\n<div class=\"brz-rich-text brz-rich-text__custom brz-css-93zb82\" data-brz-custom-id=\"buxjXQm0zIgI\">\n<div data-brz-translate-text=\"1\">\n<p class=\"brz-tp-lg-heading4 brz-fs-sm-18 brz-css-gRurJ\" data-generated-css=\"brz-css-kwPqF\" data-uniq-id=\"mSnCu\">Personal<\/p>\n<\/div>\n<\/div>\n<\/div>\n<div id=\"\" class=\"brz-css-1cu4fmo brz-wrapper\">\n<div class=\"brz-rich-text brz-rich-text__custom brz-css-93zb82\" data-brz-custom-id=\"wSfXW4IkLoqQ\">\n<div data-brz-translate-text=\"1\">\n<p class=\"brz-tp-lg-paragraph brz-css-zIpoJ\" data-generated-css=\"brz-css-umt19\" data-uniq-id=\"oT41s\">Somos una peque\u00f1a empresa familiar y estaremos encantados de asesorarle personalmente.<\/p>\n<\/div>\n<\/div>\n<\/div>\n<\/div>\n<p><a class=\"brz-a brz-container-link\" href=\"\" target=\"_self\" rel=\"noopener\" data-brz-link-type=\"page\"><\/a><\/div>\n<\/div>\n<\/div>\n<\/div>\n<\/div>\n<\/section>\n<section id=\"_wn3HpXG2PzX8\" class=\"brz-section brz-css-1owkmun\">\n<div class=\"brz-section__content brz-section--boxed brz-css-wu1bzl brz-css-107cktu\" data-brz-custom-id=\"k5zmhAFQKvai\">\n<div class=\"brz-container brz-css-3x5488\">\n<div id=\"\" class=\"brz-css-1cu4fmo brz-wrapper\">\n<div class=\"brz-rich-text brz-rich-text__custom brz-css-93zb82\" data-brz-custom-id=\"lM6ahGVAd6fu\">\n<div data-brz-translate-text=\"1\">\n<h3 class=\"brz-text-lg-center brz-tp-lg-heading3 brz-css-zcPpR\" data-generated-css=\"brz-css-d2mpu,brz-css-iSwQI,brz-css-woqHi\" data-uniq-id=\"cuKxj,gWdsq,rhXlp\">Estaremos encantados de recibir noticias suyas.<\/h3>\n<h3 class=\"brz-text-lg-center brz-tp-lg-heading3 brz-css-birfl\" data-generated-css=\"brz-css-d2mpu,brz-css-iSwQI,brz-css-woqHi\" data-uniq-id=\"cuKxj,gWdsq,rhXlp\">Puede utilizar el siguiente formulario o dejarnos un mensaje en<\/h3>\n<h3 class=\"brz-text-lg-center brz-tp-lg-heading3 brz-css-jyDVE\" data-generated-css=\"brz-css-woqHi\" data-uniq-id=\"rhXlp\">info@vacation-morocco.com para dejarnos un mensaje.<\/h3>\n<\/div>\n<\/div>\n<\/div>\n<\/div>\n<\/div>\n<\/section>\n<section id=\"_sj7b5KgHtGS0\" class=\"brz-section brz-css-1owkmun\">\n<div class=\"brz-section__content brz-section--boxed brz-css-wu1bzl brz-css-1v5q5fi\" data-brz-custom-id=\"ghKyIybhdzEv\">\n<div class=\"brz-bg\">\n<div class=\"brz-bg-image\"><\/div>\n<\/div>\n<div class=\"brz-container brz-css-3x5488\">\n<div id=\"\" class=\"brz-css-1cu4fmo brz-wrapper\">\n<div class=\"brz-wp-shortcode brz-css-1p8akuh\" data-brz-custom-id=\"jYajjUTWMCDX\">\n<div><div class=\"wpforms-container wpforms-render-modern\" id=\"wpforms-1506\"><form id=\"wpforms-form-1506\" class=\"wpforms-validate wpforms-form wpforms-ajax-form\" data-formid=\"1506\" method=\"post\" enctype=\"multipart\/form-data\" action=\"\/es\/wp-json\/wp\/v2\/pages\/2619\" data-token=\"18a2bdaa3dec65c4f87c2febb11d6cbe\" data-token-time=\"1776607249\"><noscript class=\"wpforms-error-noscript\">Por favor, activa JavaScript en tu navegador para completar este formulario.<\/noscript><div id=\"wpforms-error-noscript\" style=\"display: none;\">Por favor, activa JavaScript en tu navegador para completar este formulario.<\/div><div class=\"wpforms-field-container\"><div id=\"wpforms-1506-field_4-container\" class=\"wpforms-field wpforms-field-name\" data-field-id=\"4\"><label class=\"wpforms-field-label\" for=\"wpforms-1506-field_4\">Name \/ Nome \/ Nom \/ Nombre <span class=\"wpforms-required-label\" aria-hidden=\"true\">*<\/span><\/label><input type=\"text\" id=\"wpforms-1506-field_4\" class=\"wpforms-field-medium wpforms-field-required\" name=\"wpforms[fields][4]\" aria-errormessage=\"wpforms-1506-field_4-error\" required><\/div><div id=\"wpforms-1506-field_13-container\" class=\"wpforms-field wpforms-field-name\" data-field-id=\"13\"><label class=\"wpforms-field-label\" for=\"wpforms-1506-field_13\">Vorname \/ First name \/ Nome di battesimo \/ Pr\u00e9nom \/ Nombre de pila <span class=\"wpforms-required-label\" aria-hidden=\"true\">*<\/span><\/label><input type=\"text\" id=\"wpforms-1506-field_13\" class=\"wpforms-field-medium wpforms-field-required\" name=\"wpforms[fields][13]\" aria-errormessage=\"wpforms-1506-field_13-error\" required><\/div><div id=\"wpforms-1506-field_5-container\" class=\"wpforms-field wpforms-field-email\" data-field-id=\"5\"><label class=\"wpforms-field-label\" for=\"wpforms-1506-field_5\">E-Mail <span class=\"wpforms-required-label\" aria-hidden=\"true\">*<\/span><\/label><input type=\"email\" id=\"wpforms-1506-field_5\" class=\"wpforms-field-medium wpforms-field-required\" name=\"wpforms[fields][5]\" spellcheck=\"false\" aria-errormessage=\"wpforms-1506-field_5-error\" required><\/div><div id=\"wpforms-1506-field_6-container\" class=\"wpforms-field wpforms-field-number\" data-field-id=\"6\"><label class=\"wpforms-field-label\" for=\"wpforms-1506-field_6\">Personenanzahl \/ Number of people \/ Numero di persone \/ Nombre de personnes \/ N\u00famero de personas <span class=\"wpforms-required-label\" aria-hidden=\"true\">*<\/span><\/label><input type=\"number\" id=\"wpforms-1506-field_6\" class=\"wpforms-field-medium wpforms-field-required\" name=\"wpforms[fields][6]\" step=\"any\" aria-errormessage=\"wpforms-1506-field_6-error\" required><\/div><div id=\"wpforms-1506-field_8-container\" class=\"wpforms-field wpforms-field-checkbox\" data-field-id=\"8\"><fieldset><legend class=\"wpforms-field-label\">Auswahlm\u00f6glichkeiten \/ choices \/ scelte \/ choix \/ opciones -&gt; Pickup location <span class=\"wpforms-required-label\" aria-hidden=\"true\">*<\/span><\/legend><ul id=\"wpforms-1506-field_8\" class=\"wpforms-field-required\"><li class=\"choice-1 depth-1\"><input type=\"checkbox\" id=\"wpforms-1506-field_8_1\" name=\"wpforms[fields][8][]\" value=\"Abholort Agadir\" aria-errormessage=\"wpforms-1506-field_8_1-error\" required ><label class=\"wpforms-field-label-inline\" for=\"wpforms-1506-field_8_1\">Abholort Agadir<\/label><\/li><li class=\"choice-3 depth-1\"><input type=\"checkbox\" id=\"wpforms-1506-field_8_3\" name=\"wpforms[fields][8][]\" value=\"Abholort Casablanca\" aria-errormessage=\"wpforms-1506-field_8_3-error\" required ><label class=\"wpforms-field-label-inline\" for=\"wpforms-1506-field_8_3\">Abholort Casablanca<\/label><\/li><li class=\"choice-2 depth-1\"><input type=\"checkbox\" id=\"wpforms-1506-field_8_2\" name=\"wpforms[fields][8][]\" value=\"Abholort Essaouira\" aria-errormessage=\"wpforms-1506-field_8_2-error\" required ><label class=\"wpforms-field-label-inline\" for=\"wpforms-1506-field_8_2\">Abholort Essaouira<\/label><\/li><li class=\"choice-4 depth-1\"><input type=\"checkbox\" id=\"wpforms-1506-field_8_4\" name=\"wpforms[fields][8][]\" value=\"Abholort F\u00e8s\" aria-errormessage=\"wpforms-1506-field_8_4-error\" required ><label class=\"wpforms-field-label-inline\" for=\"wpforms-1506-field_8_4\">Abholort F\u00e8s<\/label><\/li><li class=\"choice-5 depth-1\"><input type=\"checkbox\" id=\"wpforms-1506-field_8_5\" name=\"wpforms[fields][8][]\" value=\"Abholort Meknes\" aria-errormessage=\"wpforms-1506-field_8_5-error\" required ><label class=\"wpforms-field-label-inline\" for=\"wpforms-1506-field_8_5\">Abholort Meknes<\/label><\/li><li class=\"choice-6 depth-1\"><input type=\"checkbox\" id=\"wpforms-1506-field_8_6\" name=\"wpforms[fields][8][]\" value=\"Abholort Rabat\" aria-errormessage=\"wpforms-1506-field_8_6-error\" required ><label class=\"wpforms-field-label-inline\" for=\"wpforms-1506-field_8_6\">Abholort Rabat<\/label><\/li><li class=\"choice-7 depth-1\"><input type=\"checkbox\" id=\"wpforms-1506-field_8_7\" name=\"wpforms[fields][8][]\" value=\"Abholort Tanger\" aria-errormessage=\"wpforms-1506-field_8_7-error\" required ><label class=\"wpforms-field-label-inline\" for=\"wpforms-1506-field_8_7\">Abholort Tanger<\/label><\/li><li class=\"choice-8 depth-1\"><input type=\"checkbox\" id=\"wpforms-1506-field_8_8\" name=\"wpforms[fields][8][]\" value=\"Abholort Marrakesch\" aria-errormessage=\"wpforms-1506-field_8_8-error\" required ><label class=\"wpforms-field-label-inline\" for=\"wpforms-1506-field_8_8\">Abholort Marrakesch<\/label><\/li><li class=\"choice-9 depth-1\"><input type=\"checkbox\" id=\"wpforms-1506-field_8_9\" name=\"wpforms[fields][8][]\" value=\"Wir wissen es noch nicht \/ We do not know yet\" aria-errormessage=\"wpforms-1506-field_8_9-error\" required ><label class=\"wpforms-field-label-inline\" for=\"wpforms-1506-field_8_9\">Wir wissen es noch nicht \/ We do not know yet<\/label><\/li><li class=\"choice-10 depth-1\"><input type=\"checkbox\" id=\"wpforms-1506-field_8_10\" name=\"wpforms[fields][8][]\" value=\"Wir ben\u00f6tigen nur einen Transfer \/ We only need one transfer\" aria-errormessage=\"wpforms-1506-field_8_10-error\" required ><label class=\"wpforms-field-label-inline\" for=\"wpforms-1506-field_8_10\">Wir ben\u00f6tigen nur einen Transfer \/ We only need one transfer<\/label><\/li><\/ul><\/fieldset><\/div><div id=\"wpforms-1506-field_10-container\" class=\"wpforms-field wpforms-field-textarea\" data-field-id=\"10\"><label class=\"wpforms-field-label\" for=\"wpforms-1506-field_10\">Deine Nachricht \/ your message \/ tuo messaggio \/ ton message \/ tu mensaje <span class=\"wpforms-required-label\" aria-hidden=\"true\">*<\/span><\/label><textarea id=\"wpforms-1506-field_10\" class=\"wpforms-field-medium wpforms-field-required\" name=\"wpforms[fields][10]\" aria-errormessage=\"wpforms-1506-field_10-error\" required><\/textarea><\/div><div id=\"wpforms-1506-field_11-container\" class=\"wpforms-field wpforms-field-checkbox\" data-field-id=\"11\"><fieldset><legend class=\"wpforms-field-label\">DSG\/DSGVO-Einverst\u00e4ndnisserkl\u00e4rung \/ DSG\/GDPR declaration of consent \/ dichiarazione di consenso DSG\/GDP \/ D\u00e9claration de consentement DSG\/RGPD \/ Declaraci\u00f3n de consentimiento DSG\/GDPRR <span class=\"wpforms-required-label\" aria-hidden=\"true\">*<\/span><\/legend><ul id=\"wpforms-1506-field_11\" class=\"wpforms-field-required\"><li class=\"choice-1 depth-1 wpforms-selected\"><input type=\"checkbox\" id=\"wpforms-1506-field_11_1\" name=\"wpforms[fields][11][]\" value=\"Ja ich willige ein \/ Yes, I agree \/ Si, sono d&#039;accordo \/ Oui je suis d&#039;accord \/ S\u00ed estoy de acuerdo.\" aria-errormessage=\"wpforms-1506-field_11_1-error\" aria-describedby=\"wpforms-1506-field_11-description\" required  checked='checked'><label class=\"wpforms-field-label-inline\" for=\"wpforms-1506-field_11_1\">Ja ich willige ein \/ Yes, I agree \/ Si, sono d'accordo \/ Oui je suis d'accord \/ S\u00ed estoy de acuerdo.<\/label><\/li><\/ul><div id=\"wpforms-1506-field_11-description\" class=\"wpforms-field-description\">- Ich willige ein, das diese Website meine \u00fcbermittelten Informationen speichert, sodass meine Anfrage beantwortet werden kann.\r\n\r\n- I agree that this website stores the information I submit so that my request can be answered.\r\n\r\n- Accetto che questo sito Web memorizzi le informazioni che invio in modo che la mia richiesta possa ricevere risposta.\r\n- J'accepte que ce site Web stocke les informations que je soumets afin de pouvoir r\u00e9pondre \u00e0 ma demande.\r\n- Acepto que este sitio web almacene la informaci\u00f3n que env\u00edo para que mi solicitud pueda ser respondida.\r\n<\/div><\/fieldset><\/div><\/div><!-- .wpforms-field-container --><div class=\"wpforms-submit-container\" ><input type=\"hidden\" name=\"wpforms[id]\" value=\"1506\"><input type=\"hidden\" name=\"page_title\" value=\"\"><input type=\"hidden\" name=\"page_url\" value=\"https:\/\/vacation-morocco.com\/es\/wp-json\/wp\/v2\/pages\/2619\"><input type=\"hidden\" name=\"url_referer\" value=\"\"><button type=\"submit\" name=\"wpforms[submit]\" id=\"wpforms-submit-1506\" class=\"wpforms-submit\" data-alt-text=\"Wird gesendet\u00a0\u2026\" data-submit-text=\"Absenden\" aria-live=\"assertive\" value=\"wpforms-submit\">Absenden<\/button><img loading=\"lazy\" decoding=\"async\" src=\"https:\/\/vacation-morocco.com\/wp-content\/plugins\/wpforms-lite\/assets\/images\/submit-spin.svg\" class=\"wpforms-submit-spinner\" style=\"display: none;\" width=\"26\" height=\"26\" alt=\"Cargando\"><\/div><\/form><\/div>  <!-- .wpforms-container --><\/div>\n<\/div>\n<\/div>\n<\/div>\n<\/div>\n<\/section>\n<\/div>\n<p>    <!-- version:1737263109 --><\/p>\n","protected":false},"excerpt":{"rendered":"<p>Contacto Esperamos su respuesta. 01 A medida Organizaremos su viaje seg\u00fan sus deseos. 02 Aut\u00e9ntico Conozca el pa\u00eds y sus gentes de forma aut\u00e9ntica. 03 Personal Somos una peque\u00f1a empresa familiar y estaremos encantados de asesorarle personalmente. Estaremos encantados de recibir noticias suyas. Puede utilizar el siguiente formulario o dejarnos un mensaje en info@vacation-morocco.com para [&hellip;]<\/p>\n","protected":false},"author":2,"featured_media":0,"parent":0,"menu_order":0,"comment_status":"closed","ping_status":"closed","template":"","meta":{"_seopress_robots_primary_cat":"","_seopress_titles_title":"Contacto Directo con el Encanto de Marruecos: Descubre Nuestras Formas de Conectar.","_seopress_titles_desc":"Con\u00e9ctate con la magia de Marruecos a trav\u00e9s de nuestras diversas opciones de contacto. Ya sea que desees planificar tus vacaciones, resolver preguntas o recibir asistencia personalizada, nuestro equipo est\u00e1 aqu\u00ed para ayudarte. Descubre c\u00f3mo comunicarte con nosotros y haz que tu experiencia en Marruecos sea inolvidable. \u00a1Contacta con nosotros ahora y empieza a explorar este fascinante destino!","_seopress_robots_index":"","footnotes":""},"class_list":["post-2619","page","type-page","status-publish","hentry"],"blocksy_meta":[],"brizy_media":[],"_links":{"self":[{"href":"https:\/\/vacation-morocco.com\/es\/wp-json\/wp\/v2\/pages\/2619","targetHints":{"allow":["GET"]}}],"collection":[{"href":"https:\/\/vacation-morocco.com\/es\/wp-json\/wp\/v2\/pages"}],"about":[{"href":"https:\/\/vacation-morocco.com\/es\/wp-json\/wp\/v2\/types\/page"}],"author":[{"embeddable":true,"href":"https:\/\/vacation-morocco.com\/es\/wp-json\/wp\/v2\/users\/2"}],"replies":[{"embeddable":true,"href":"https:\/\/vacation-morocco.com\/es\/wp-json\/wp\/v2\/comments?post=2619"}],"version-history":[{"count":16,"href":"https:\/\/vacation-morocco.com\/es\/wp-json\/wp\/v2\/pages\/2619\/revisions"}],"predecessor-version":[{"id":6841,"href":"https:\/\/vacation-morocco.com\/es\/wp-json\/wp\/v2\/pages\/2619\/revisions\/6841"}],"wp:attachment":[{"href":"https:\/\/vacation-morocco.com\/es\/wp-json\/wp\/v2\/media?parent=2619"}],"curies":[{"name":"wp","href":"https:\/\/api.w.org\/{rel}","templated":true}]}}