{"id":2615,"date":"2023-11-30T19:15:55","date_gmt":"2023-11-30T18:15:55","guid":{"rendered":"https:\/\/vacation-morocco.nextron.org\/brizy-1752\/"},"modified":"2026-03-24T11:00:22","modified_gmt":"2026-03-24T10:00:22","slug":"senderismo-por-el-desierto","status":"publish","type":"page","link":"https:\/\/vacation-morocco.com\/es\/senderismo-por-el-desierto\/","title":{"rendered":"Senderismo por el desierto"},"content":{"rendered":"<div class=\"brz-root__container brz-reset-all brz brz-root__container-page\">\n<section id=\"_e7XmP3HyfWI_\" class=\"brz-section brz-css-1bx4c7f\">\n<div class=\"brz-section__content brz-section--boxed brz-css-1fx9679 brz-css-18cvwb1\" data-brz-custom-id=\"yt0tnHNDq4Hc\">\n<div class=\"brz-bg\">\n<div class=\"brz-bg-image\"><\/div>\n<\/div>\n<div class=\"brz-container brz-css-k1le5t\">\n<div class=\"brz-row__container brz-css-161w15t\" data-brz-custom-id=\"umR5XJQ_Q4gw\">\n<div class=\"brz-bg\"><\/div>\n<div class=\"brz-row brz-css-8o5unv brz-css-126gzu0\">\n<div class=\"brz-columns brz-css-xp738e brz-css-t4ofn1\" data-brz-custom-id=\"qjGF57QjDyMi\">\n<div class=\"brz-bg\"><\/div>\n<div class=\"brz-column__items brz-css-1b9z3ag\">\n<div id=\"\" class=\"brz-css-15t4i77 brz-wrapper\">\n<div class=\"brz-rich-text brz-rich-text__custom brz-css-1nu1myl\" data-brz-custom-id=\"tdij5Lh40vaG\">\n<div data-brz-translate-text=\"1\">\n<h1 class=\"brz-text-lg-center brz-lh-lg-1_3 brz-ls-lg-0 brz-fw-lg-900 brz-fss-lg-px brz-fs-lg-66 brz-ft-google brz-ff-roboto brz-text-xs-center brz-tp-lg-heading1 brz-css-f02BA\" data-generated-css=\"brz-css-aQMGf\" data-uniq-id=\"g76hs\"><span style=\"opacity: 1\" class=\"brz-cp-color8\"> <\/span><\/h1>\n<h1 class=\"brz-text-lg-center brz-lh-lg-1_3 brz-ls-lg-0 brz-fw-lg-900 brz-fss-lg-px brz-fs-lg-66 brz-ft-google brz-ff-roboto brz-text-xs-center brz-tp-lg-heading1 brz-css-viy1U\" data-generated-css=\"brz-css-b4JeA,brz-css-y7_T6\" data-uniq-id=\"bNmCx,qlH8e\"><span style=\"opacity: 1\" class=\"brz-cp-color8\">Marruecos-<\/span><\/h1>\n<h1 class=\"brz-text-lg-center brz-lh-lg-1_3 brz-ls-lg-0 brz-fw-lg-900 brz-fss-lg-px brz-fs-lg-66 brz-ft-google brz-ff-roboto brz-text-xs-center brz-tp-lg-heading1 brz-css-nKuDh\" data-generated-css=\"brz-css-y7_T6\" data-uniq-id=\"qlH8e\"><span style=\"opacity: 1\" class=\"brz-cp-color8\">Senderismo por el desierto<\/span><\/h1>\n<\/div>\n<\/div>\n<\/div>\n<div id=\"\" class=\"brz-css-15t4i77 brz-wrapper\">\n<div class=\"brz-rich-text brz-rich-text__custom brz-css-1nu1myl\" data-brz-custom-id=\"cyaqZYL3gr4r\">\n<div data-brz-translate-text=\"1\">\n<h4 class=\"brz-tp-lg-heading4 brz-text-xs-center brz-text-lg-center brz-ff-roboto brz-ft-google brz-fs-lg-20 brz-fss-lg-px brz-fw-lg-400 brz-ls-lg-0 brz-lh-lg-1_6 brz-css-nlMb7\" data-uniq-id=\"rUiyo\" data-generated-css=\"brz-css-hw0d8\"><span style=\"opacity: 1\" class=\"brz-cp-color8\">Te invitamos a descubrir este pa\u00eds diverso con nosotros. Desde ciudades hasta desierto, playa y mar, Marruecos lo tiene todo.<\/span><\/h4>\n<h4 class=\"brz-tp-lg-heading4 brz-text-xs-center brz-text-lg-center brz-ff-roboto brz-ft-google brz-fs-lg-20 brz-fss-lg-px brz-fw-lg-400 brz-ls-lg-0 brz-lh-lg-1_6 brz-css-iAtw_\" data-uniq-id=\"rUiyo\" data-generated-css=\"brz-css-hw0d8\"><span style=\"opacity: 1\" class=\"brz-cp-color8\"> <\/span><\/h4>\n<\/div>\n<\/div>\n<\/div>\n<\/div>\n<\/div>\n<\/div>\n<\/div>\n<div id=\"\" class=\"brz-css-15t4i77 brz-css-6wivvj brz-css-1lgz759 brz-wrapper\">\n<div class=\"brz-spacer brz-css-ib6tkb brz-css-lptfsz\"><\/div>\n<\/div>\n<div class=\"brz-row__container brz-css-161w15t\" data-brz-custom-id=\"ceoD7qwvCHiV\">\n<div class=\"brz-bg\"><\/div>\n<div class=\"brz-row brz-css-8o5unv brz-css-126gzu0\">\n<div class=\"brz-columns brz-css-xp738e brz-css-or1s7m\" data-brz-custom-id=\"xKjkz7Tt223m\">\n<div class=\"brz-bg\"><\/div>\n<div class=\"brz-column__items brz-css-1b9z3ag brz-css-n4dbmm\">\n<div id=\"\" class=\"brz-css-15t4i77 brz-css-z5344e brz-wrapper\">\n<div class=\"brz-rich-text brz-rich-text__custom brz-css-1nu1myl\" data-brz-custom-id=\"yrm7fOUZyXF1\">\n<div data-brz-translate-text=\"1\">\n<p class=\"brz-tp-heading2 brz-css-sRd5K\"><span class=\"brz-cp-color8\">01<\/span><\/p>\n<\/div>\n<\/div>\n<\/div>\n<div id=\"\" class=\"brz-css-15t4i77 brz-css-19opnnm brz-wrapper\">\n<div class=\"brz-rich-text brz-rich-text__custom brz-css-1nu1myl\" data-brz-custom-id=\"egkQSMWoxqxy\">\n<div data-brz-translate-text=\"1\">\n<p class=\"brz-fs-sm-18 brz-tp-lg-heading4 brz-css-h2yNM\" data-uniq-id=\"li9TP\" data-generated-css=\"brz-css-ap0HI\"><span style=\"opacity: 1\" class=\"brz-cp-color8\">Individualmente<\/span><\/p>\n<\/div>\n<\/div>\n<\/div>\n<div id=\"\" class=\"brz-css-15t4i77 brz-wrapper\">\n<div class=\"brz-rich-text brz-rich-text__custom brz-css-1nu1myl\" data-brz-custom-id=\"y972TTkUwqRk\">\n<div data-brz-translate-text=\"1\">\n<p class=\"brz-tp-lg-paragraph brz-css-qbtFj\" data-uniq-id=\"jBPTU\" data-generated-css=\"brz-css-qZzbH\"><span style=\"opacity: 1\" class=\"brz-cp-color8\">Armamos tu viaje seg\u00fan tus deseos.<\/span><\/p>\n<\/div>\n<\/div>\n<\/div>\n<\/div>\n<p><a class=\"brz-a brz-container-link\" href=\"\" target=\"_self\" rel=\"noopener\" data-brz-link-type=\"page\"><\/a><\/div>\n<div class=\"brz-columns brz-css-xp738e brz-css-1igsuqe\" data-brz-custom-id=\"kqZDwisoCV7G\">\n<div class=\"brz-bg\"><\/div>\n<div class=\"brz-column__items brz-css-1b9z3ag brz-css-1fh229n\">\n<div id=\"\" class=\"brz-css-15t4i77 brz-css-1seqn63 brz-wrapper\">\n<div class=\"brz-rich-text brz-rich-text__custom brz-css-1nu1myl\" data-brz-custom-id=\"eWcM7YvCEuhN\">\n<div data-brz-translate-text=\"1\">\n<p class=\"brz-tp-heading2 brz-css-fuxrv\"><span class=\"brz-cp-color8\">02<\/span><\/p>\n<\/div>\n<\/div>\n<\/div>\n<div id=\"\" class=\"brz-css-15t4i77 brz-css-14iuh0f brz-wrapper\">\n<div class=\"brz-rich-text brz-rich-text__custom brz-css-1nu1myl\" data-brz-custom-id=\"cLplttF2ukOO\">\n<div data-brz-translate-text=\"1\">\n<p class=\"brz-fs-sm-18 brz-tp-lg-heading4 brz-css-m010L\" data-uniq-id=\"jQ0i_\" data-generated-css=\"brz-css-igaic\"><span style=\"opacity: 1\" class=\"brz-cp-color8\">Aut\u00e9ntico<\/span><\/p>\n<\/div>\n<\/div>\n<\/div>\n<div id=\"\" class=\"brz-css-15t4i77 brz-wrapper\">\n<div class=\"brz-rich-text brz-rich-text__custom brz-css-1nu1myl\" data-brz-custom-id=\"jbCdApxUOfe0\">\n<div data-brz-translate-text=\"1\">\n<p class=\"brz-tp-lg-paragraph brz-css-keMwd\" data-generated-css=\"brz-css-qhRuw\" data-uniq-id=\"sRshA\"><span style=\"opacity: 1\" class=\"brz-cp-color8\">Conozca aut\u00e9nticamente el pa\u00eds y su gente.<\/span><\/p>\n<\/div>\n<\/div>\n<\/div>\n<\/div>\n<p><a class=\"brz-a brz-container-link\" href=\"\" target=\"_self\" rel=\"noopener\" data-brz-link-type=\"page\"><\/a><\/div>\n<div class=\"brz-columns brz-css-xp738e brz-css-1188tg5\" data-brz-custom-id=\"gwH9NHCjAIyT\">\n<div class=\"brz-bg\"><\/div>\n<div class=\"brz-column__items brz-css-1b9z3ag brz-css-1kkqsdq\">\n<div id=\"\" class=\"brz-css-15t4i77 brz-css-g44wy0 brz-wrapper\">\n<div class=\"brz-rich-text brz-rich-text__custom brz-css-1nu1myl\" data-brz-custom-id=\"iLK3wuSCSdZC\">\n<div data-brz-translate-text=\"1\">\n<p class=\"brz-tp-heading2 brz-css-rX2PA\"><span class=\"brz-cp-color8\">03<\/span><\/p>\n<\/div>\n<\/div>\n<\/div>\n<div id=\"\" class=\"brz-css-15t4i77 brz-css-1brptkp brz-wrapper\">\n<div class=\"brz-rich-text brz-rich-text__custom brz-css-1nu1myl\" data-brz-custom-id=\"nSdf3kWIwIhR\">\n<div data-brz-translate-text=\"1\">\n<p class=\"brz-fs-sm-18 brz-tp-lg-heading4 brz-css-c8eQL\" data-uniq-id=\"aXtpu\" data-generated-css=\"brz-css-znz4C\"><span style=\"opacity: 1\" class=\"brz-cp-color8\">Personal<\/span><\/p>\n<\/div>\n<\/div>\n<\/div>\n<div id=\"\" class=\"brz-css-15t4i77 brz-wrapper\">\n<div class=\"brz-rich-text brz-rich-text__custom brz-css-1nu1myl\" data-brz-custom-id=\"g7mAY4IoKLTJ\">\n<div data-brz-translate-text=\"1\">\n<p class=\"brz-tp-lg-paragraph brz-css-jw_cW\" data-uniq-id=\"vsj8u\" data-generated-css=\"brz-css-ztbP3\"><span style=\"opacity: 1\" class=\"brz-cp-color8\">Somos una peque\u00f1a empresa familiar y estaremos encantados de asesorarle personalmente.<\/span><\/p>\n<\/div>\n<\/div>\n<\/div>\n<\/div>\n<p><a class=\"brz-a brz-container-link\" href=\"\" target=\"_self\" rel=\"noopener\" data-brz-link-type=\"page\"><\/a><\/div>\n<\/div>\n<\/div>\n<\/div>\n<\/div>\n<\/section>\n<section id=\"_zAJZXb3QsYJr\" class=\"brz-section brz-css-1bx4c7f\">\n<div class=\"brz-section__content brz-section--boxed brz-css-1fx9679 brz-css-1e8eobm\" data-brz-custom-id=\"gMbzU3FR2i23\">\n<div class=\"brz-container brz-css-k1le5t\">\n<div class=\"brz-row__container brz-css-161w15t\" data-brz-custom-id=\"o9N0yt4bO3uJ\">\n<div class=\"brz-bg\"><\/div>\n<div class=\"brz-row brz-css-8o5unv\">\n<div class=\"brz-columns brz-css-xp738e\" data-brz-custom-id=\"owJvFUxYzN2b\">\n<div class=\"brz-bg\"><\/div>\n<div class=\"brz-column__items brz-css-1b9z3ag\">\n<div id=\"\" class=\"brz-css-15t4i77 brz-wrapper\">\n<div class=\"brz-rich-text brz-rich-text__custom brz-css-1nu1myl\" data-brz-custom-id=\"m7IMBhjEHEC1\">\n<div data-brz-translate-text=\"1\">\n<p class=\"brz-tp-lg-paragraph brz-text-lg-left brz-text-xs-center brz-fss-lg-px brz-fw-lg-700 brz-ls-lg-1 brz-lh-lg-1_3 brz-ff-roboto brz-ft-google brz-fs-lg-16 brz-css-z1lte\" data-generated-css=\"brz-css-yjI1s\" data-uniq-id=\"uyMFj\"><strong>Pasa la noche en el desierto, bajo las estrellas, en una original tienda beduina. D\u00e9jate acompa\u00f1ar por un dromedario por el desierto y descubre las diversas dunas en sus diferentes formas.<\/strong><\/p>\n<\/div>\n<\/div>\n<\/div>\n<div id=\"\" class=\"brz-css-15t4i77 brz-wrapper\">\n<div class=\"brz-image brz-css-i6nk36\" data-brz-custom-id=\"qKzpMNoJs8Zg\"><img decoding=\"async\" class=\"brz-img\" src=\"https:\/\/vacation-morocco.com\/es?brizy_media=wp-40f0266b56cab50e89ee3c91b2e90b2f.jpg&amp;brizy_crop=iW%3D605%26iH%3D403%26oX%3D33%26oY%3D0%26cW%3D540%26cH%3D403\" alt=\"\" loading=\"lazy\"><\/div>\n<\/div>\n<div class=\"brz-wrapper-clone brz-css-1pfkltt\">\n<div class=\"brz-d-xs-flex brz-flex-xs-wrap brz-css-1dh6k65\" data-brz-custom-id=\"\">\n<div class=\"brz-wrapper-clone__item\" id=\"n7aviP34pYkO\"><a class=\"brz-a brz-btn brz-css-1hl6it1 brz-css-1wf2cc1 brz-css-e1inzp brz-css-k7mppz\" href=\"\" target=\"_self\" rel=\"noopener\" data-brz-link-type=\"external\" data-brz-custom-id=\"n7aviP34pYkO\"><span data-brz-translate-text=\"1\" class=\"brz-span brz-text__editor\">Contacto<\/span><\/a><\/div>\n<\/div>\n<\/div>\n<\/div>\n<p><a class=\"brz-a brz-container-link\" href=\"\" target=\"_self\" rel=\"noopener\" data-brz-link-type=\"page\"><\/a><\/div>\n<div class=\"brz-columns brz-css-xp738e\" data-brz-custom-id=\"jmFvkIEaBPCu\">\n<div class=\"brz-bg\"><\/div>\n<div class=\"brz-column__items brz-css-1b9z3ag\">\n<div id=\"\" class=\"brz-css-15t4i77 brz-wrapper\">\n<div class=\"brz-map brz-map_styles brz-css-1xu31n9 brz-css-npbhs3\" data-brz-custom-id=\"jsLZrye1qdif\">\n<div class=\"brz-ui-ed-map-content\"><\/div>\n<\/div>\n<\/div>\n<\/div>\n<\/div>\n<\/div>\n<\/div>\n<\/div>\n<\/div>\n<\/section>\n<\/div>\n<p>    <!-- version:1737629323 --><\/p>\n","protected":false},"excerpt":{"rendered":"<p>Marruecos- Senderismo por el desierto Te invitamos a descubrir este pa\u00eds diverso con nosotros. Desde ciudades hasta desierto, playa y mar, Marruecos lo tiene todo. 01 Individualmente Armamos tu viaje seg\u00fan tus deseos. 02 Aut\u00e9ntico Conozca aut\u00e9nticamente el pa\u00eds y su gente. 03 Personal Somos una peque\u00f1a empresa familiar y estaremos encantados de asesorarle personalmente. [&hellip;]<\/p>\n","protected":false},"author":2,"featured_media":0,"parent":0,"menu_order":0,"comment_status":"closed","ping_status":"closed","template":"","meta":{"_seopress_robots_primary_cat":"","_seopress_titles_title":"Vive la aventura del Trekking en el Desierto de Marruecos: Explora paisajes impresionantes y experimenta la cultura bereber. \u00a1Descubre la magia del desierto en nuestra inolvidable excursi\u00f3n de Trekking en Marruecos!","_seopress_titles_desc":"Emb\u00e1rquese en una emocionante experiencia de senderismo por el desierto marroqu\u00ed. Descubra la majestuosidad de las dunas, sum\u00e9rjase en la cultura bereber y experimente la autenticidad de la vida en el desierto: \u00a1descubra la belleza y la aventura en nuestra inolvidable excursi\u00f3n de senderismo por el desierto de Marruecos!","_seopress_robots_index":"","footnotes":""},"class_list":["post-2615","page","type-page","status-publish","hentry"],"blocksy_meta":[],"brizy_media":[],"_links":{"self":[{"href":"https:\/\/vacation-morocco.com\/es\/wp-json\/wp\/v2\/pages\/2615","targetHints":{"allow":["GET"]}}],"collection":[{"href":"https:\/\/vacation-morocco.com\/es\/wp-json\/wp\/v2\/pages"}],"about":[{"href":"https:\/\/vacation-morocco.com\/es\/wp-json\/wp\/v2\/types\/page"}],"author":[{"embeddable":true,"href":"https:\/\/vacation-morocco.com\/es\/wp-json\/wp\/v2\/users\/2"}],"replies":[{"embeddable":true,"href":"https:\/\/vacation-morocco.com\/es\/wp-json\/wp\/v2\/comments?post=2615"}],"version-history":[{"count":20,"href":"https:\/\/vacation-morocco.com\/es\/wp-json\/wp\/v2\/pages\/2615\/revisions"}],"predecessor-version":[{"id":6851,"href":"https:\/\/vacation-morocco.com\/es\/wp-json\/wp\/v2\/pages\/2615\/revisions\/6851"}],"wp:attachment":[{"href":"https:\/\/vacation-morocco.com\/es\/wp-json\/wp\/v2\/media?parent=2615"}],"curies":[{"name":"wp","href":"https:\/\/api.w.org\/{rel}","templated":true}]}}