{"id":2611,"date":"2023-11-30T19:29:01","date_gmt":"2023-11-30T18:29:01","guid":{"rendered":"https:\/\/vacation-morocco.nextron.org\/brizy-1779\/"},"modified":"2026-03-24T10:57:13","modified_gmt":"2026-03-24T09:57:13","slug":"vacaciones-en-la-playa-agadir","status":"publish","type":"page","link":"https:\/\/vacation-morocco.com\/es\/vacaciones-en-la-playa-agadir\/","title":{"rendered":"Vacaciones de playa Agadir"},"content":{"rendered":"<div class=\"brz-root__container brz-reset-all brz brz-root__container-page\">\n<section id=\"_yXVvum3XAdrd\" class=\"brz-section brz-css-1pm21dw\">\n<div class=\"brz-section__content brz-section--boxed brz-css-8zoe1g brz-css-16r7g8e\" data-brz-custom-id=\"cxrmITtypkRy\">\n<div class=\"brz-bg\">\n<div class=\"brz-bg-image\"><\/div>\n<\/div>\n<div class=\"brz-container brz-css-xsh4ug\">\n<div class=\"brz-row__container brz-css-kyqtgg\" data-brz-custom-id=\"s9zy81OXEKMY\">\n<div class=\"brz-bg\"><\/div>\n<div class=\"brz-row brz-css-1y8zclg brz-css-16tgmf2\">\n<div class=\"brz-columns brz-css-1wjvtqw brz-css-11v5elu\" data-brz-custom-id=\"gbloutPMPuar\">\n<div class=\"brz-bg\"><\/div>\n<div class=\"brz-column__items brz-css-10nocsi\">\n<div id=\"\" class=\"brz-css-34w45n brz-wrapper\">\n<div class=\"brz-rich-text brz-rich-text__custom brz-css-rwhlwj\" data-brz-custom-id=\"zL82iax_vXCS\">\n<div data-brz-translate-text=\"1\">\n<h1 class=\"brz-text-xs-center brz-ff-roboto brz-ft-google brz-fs-lg-66 brz-fss-lg-px brz-fw-lg-900 brz-ls-lg-0 brz-lh-lg-1_3 brz-text-lg-center brz-tp-lg-heading1 brz-css-djjgO\" data-uniq-id=\"lfWKN\" data-generated-css=\"brz-css-iWbz8\"><span style=\"opacity: 1\" class=\"brz-cp-color2\"> <\/span><\/h1>\n<h1 class=\"brz-text-xs-center brz-ff-roboto brz-ft-google brz-fs-lg-66 brz-fss-lg-px brz-fw-lg-900 brz-ls-lg-0 brz-lh-lg-1_3 brz-text-lg-center brz-tp-lg-heading1 brz-css-kV26k\" data-uniq-id=\"hugfu,uWQeX\" data-generated-css=\"brz-css-yaDuO,brz-css-uDSX0\"><span style=\"opacity: 1\" class=\"brz-cp-color2\">Marruecos-<\/span><\/h1>\n<h1 class=\"brz-text-xs-center brz-ff-roboto brz-ft-google brz-fs-lg-66 brz-fss-lg-px brz-fw-lg-900 brz-ls-lg-0 brz-lh-lg-1_3 brz-text-lg-center brz-tp-lg-heading1 brz-css-v8flA\" data-uniq-id=\"uWQeX\" data-generated-css=\"brz-css-uDSX0\"><span style=\"opacity: 1\" class=\"brz-cp-color2\">Vacaciones de playa en Agadir. <\/span><\/h1>\n<\/div>\n<\/div>\n<\/div>\n<div id=\"\" class=\"brz-css-34w45n brz-wrapper\">\n<div class=\"brz-rich-text brz-rich-text__custom brz-css-rwhlwj\" data-brz-custom-id=\"pRhAd_LfMEa4\">\n<div data-brz-translate-text=\"1\">\n<h4 class=\"brz-tp-lg-heading4 brz-text-xs-center brz-text-lg-center brz-ff-roboto brz-ft-google brz-fs-lg-20 brz-fss-lg-px brz-fw-lg-400 brz-ls-lg-0 brz-lh-lg-1_6 brz-css-sW86q\" data-uniq-id=\"swjyZ\" data-generated-css=\"brz-css-wneep\"><span style=\"opacity: 1\" class=\"brz-cp-color2\">Te invitamos a descubrir este pa\u00eds diverso con nosotros. Desde ciudades hasta desierto, playa y mar, Marruecos lo tiene todo.<\/span><\/h4>\n<\/div>\n<\/div>\n<\/div>\n<\/div>\n<p><a class=\"brz-a brz-container-link\" href=\"\" target=\"_self\" rel=\"noopener\" data-brz-link-type=\"page\"><\/a><\/div>\n<\/div>\n<\/div>\n<div id=\"\" class=\"brz-css-34w45n brz-css-plmwkv brz-css-14z9hcm brz-wrapper\">\n<div class=\"brz-spacer brz-css-1to4sin brz-css-1csipft\"><\/div>\n<\/div>\n<div class=\"brz-row__container brz-css-kyqtgg\" data-brz-custom-id=\"xsRnAJtl04wI\">\n<div class=\"brz-bg\"><\/div>\n<div class=\"brz-row brz-css-1y8zclg brz-css-16tgmf2\">\n<div class=\"brz-columns brz-css-1wjvtqw brz-css-bisxt3\" data-brz-custom-id=\"a88zKuW3rPS8\">\n<div class=\"brz-bg\"><\/div>\n<div class=\"brz-column__items brz-css-10nocsi brz-css-1rrmlya\">\n<div id=\"\" class=\"brz-css-34w45n brz-css-a2qj3p brz-wrapper\">\n<div class=\"brz-rich-text brz-rich-text__custom brz-css-rwhlwj\" data-brz-custom-id=\"bNHrOJfh54tZ\">\n<div data-brz-translate-text=\"1\">\n<p class=\"brz-tp-heading2 brz-css-stGL6\"><span class=\"brz-cp-color8\">01<\/span><\/p>\n<\/div>\n<\/div>\n<\/div>\n<div id=\"\" class=\"brz-css-34w45n brz-css-7eknp4 brz-wrapper\">\n<div class=\"brz-rich-text brz-rich-text__custom brz-css-rwhlwj\" data-brz-custom-id=\"fr7c09fcngC9\">\n<div data-brz-translate-text=\"1\">\n<p class=\"brz-fs-sm-18 brz-tp-lg-heading4 brz-css-j8YuF\" data-uniq-id=\"whz6G\" data-generated-css=\"brz-css-c4pta\"><span style=\"opacity: 1\" class=\"brz-cp-color8\">Individualmente<\/span><\/p>\n<\/div>\n<\/div>\n<\/div>\n<div id=\"\" class=\"brz-css-34w45n brz-wrapper\">\n<div class=\"brz-rich-text brz-rich-text__custom brz-css-rwhlwj\" data-brz-custom-id=\"jfnIia9gDhOp\">\n<div data-brz-translate-text=\"1\">\n<p class=\"brz-tp-lg-paragraph brz-css-dtNos\" data-uniq-id=\"lze3r\" data-generated-css=\"brz-css-dNQ5L\"><span style=\"opacity: 1\" class=\"brz-cp-color8\">Armamos tu viaje seg\u00fan tus deseos.<\/span><\/p>\n<\/div>\n<\/div>\n<\/div>\n<\/div>\n<p><a class=\"brz-a brz-container-link\" href=\"\" target=\"_self\" rel=\"noopener\" data-brz-link-type=\"page\"><\/a><\/div>\n<div class=\"brz-columns brz-css-1wjvtqw brz-css-sko62v\" data-brz-custom-id=\"qlK4XKADBxBG\">\n<div class=\"brz-bg\"><\/div>\n<div class=\"brz-column__items brz-css-10nocsi brz-css-1hsnr24\">\n<div id=\"\" class=\"brz-css-34w45n brz-css-1s7cjgc brz-wrapper\">\n<div class=\"brz-rich-text brz-rich-text__custom brz-css-rwhlwj\" data-brz-custom-id=\"h2jcoHY98wvr\">\n<div data-brz-translate-text=\"1\">\n<p class=\"brz-tp-heading2 brz-css-z1ijM\"><span class=\"brz-cp-color8\">02<\/span><\/p>\n<\/div>\n<\/div>\n<\/div>\n<div id=\"\" class=\"brz-css-34w45n brz-css-m0amjb brz-wrapper\">\n<div class=\"brz-rich-text brz-rich-text__custom brz-css-rwhlwj\" data-brz-custom-id=\"v4HBOjhriI_M\">\n<div data-brz-translate-text=\"1\">\n<p class=\"brz-fs-sm-18 brz-tp-lg-heading4 brz-css-hQ4oL\" data-uniq-id=\"gJ6if\" data-generated-css=\"brz-css-i5GlX\"><span style=\"opacity: 1\" class=\"brz-cp-color8\">Aut\u00e9ntico<\/span><\/p>\n<\/div>\n<\/div>\n<\/div>\n<div id=\"\" class=\"brz-css-34w45n brz-wrapper\">\n<div class=\"brz-rich-text brz-rich-text__custom brz-css-rwhlwj\" data-brz-custom-id=\"kTNLbFitkrxN\">\n<div data-brz-translate-text=\"1\">\n<p class=\"brz-tp-lg-paragraph brz-css-dnR2D\" data-generated-css=\"brz-css-s0oEf\" data-uniq-id=\"ksYYD\"><span style=\"opacity: 1\" class=\"brz-cp-color8\">Conozca aut\u00e9nticamente el pa\u00eds y su gente.<\/span><\/p>\n<\/div>\n<\/div>\n<\/div>\n<\/div>\n<p><a class=\"brz-a brz-container-link\" href=\"\" target=\"_self\" rel=\"noopener\" data-brz-link-type=\"page\"><\/a><\/div>\n<div class=\"brz-columns brz-css-1wjvtqw brz-css-1himc5j\" data-brz-custom-id=\"kPDIGFBj0R8t\">\n<div class=\"brz-bg\"><\/div>\n<div class=\"brz-column__items brz-css-10nocsi brz-css-hgmdex\">\n<div id=\"\" class=\"brz-css-34w45n brz-css-yy4ur1 brz-wrapper\">\n<div class=\"brz-rich-text brz-rich-text__custom brz-css-rwhlwj\" data-brz-custom-id=\"v72L5SeJrYEZ\">\n<div data-brz-translate-text=\"1\">\n<p class=\"brz-tp-heading2 brz-css-uijOd\"><span class=\"brz-cp-color8\">03<\/span><\/p>\n<\/div>\n<\/div>\n<\/div>\n<div id=\"\" class=\"brz-css-34w45n brz-css-1re2cic brz-wrapper\">\n<div class=\"brz-rich-text brz-rich-text__custom brz-css-rwhlwj\" data-brz-custom-id=\"gbA_XWI0cSRo\">\n<div data-brz-translate-text=\"1\">\n<p class=\"brz-fs-sm-18 brz-tp-lg-heading4 brz-css-xV0c0\" data-uniq-id=\"yXnsa\" data-generated-css=\"brz-css-uqlIg\"><span style=\"opacity: 1\" class=\"brz-cp-color8\">Personal<\/span><\/p>\n<\/div>\n<\/div>\n<\/div>\n<div id=\"\" class=\"brz-css-34w45n brz-wrapper\">\n<div class=\"brz-rich-text brz-rich-text__custom brz-css-rwhlwj\" data-brz-custom-id=\"byNCNWpbFLs3\">\n<div data-brz-translate-text=\"1\">\n<p class=\"brz-tp-lg-paragraph brz-css-r3ZXf\" data-uniq-id=\"nolBd\" data-generated-css=\"brz-css-u4nxm\"><span style=\"opacity: 1\" class=\"brz-cp-color8\">Somos una peque\u00f1a empresa familiar y estaremos encantados de asesorarle personalmente.<\/span><\/p>\n<\/div>\n<\/div>\n<\/div>\n<\/div>\n<p><a class=\"brz-a brz-container-link\" href=\"\" target=\"_self\" rel=\"noopener\" data-brz-link-type=\"page\"><\/a><\/div>\n<\/div>\n<\/div>\n<\/div>\n<\/div>\n<\/section>\n<section id=\"_p1_qJQW671Iv\" class=\"brz-section brz-css-1pm21dw brz-css-ec9849\">\n<div class=\"brz-slick-slider brz-slick-slider__section\" data-slides-to-show=\"1\" data-slides-to-scroll=\"1\" data-arrows=\"true\" data-dots=\"true\" data-dots-class=\"brz-slick-slider__dots brz-slick-slider__dots--square\" data-fade=\"false\" data-vertical=\"false\" data-auto-play=\"false\" data-auto-play-speed=\"3000\" data-animation-speed=\"500\" data-swipe=\"true\" data-responsive=\"%5B%7B%22breakpoint%22%3A767%2C%22settings%22%3A%7B%22slidesToShow%22%3A1%2C%22slidesToScroll%22%3A1%7D%7D%5D\">\n<div>\n<div class=\"brz-section__content brz-section--boxed brz-css-8zoe1g brz-css-1um232c\" data-brz-custom-id=\"lAIgJBP2xMnL\">\n<div class=\"brz-bg\">\n<div class=\"brz-bg-color\"><\/div>\n<\/div>\n<div class=\"brz-container brz-css-xsh4ug\">\n<div class=\"brz-row__container brz-css-kyqtgg\" data-brz-custom-id=\"fHKKfze1WIrU\">\n<div class=\"brz-bg\"><\/div>\n<div class=\"brz-row brz-css-1y8zclg brz-css-16tgmf2\">\n<div class=\"brz-columns brz-css-1wjvtqw brz-css-1imkrfj\" data-brz-custom-id=\"ppEnBaFR48PZ\">\n<div class=\"brz-bg\">\n<div class=\"brz-bg-image\"><\/div>\n<\/div>\n<div class=\"brz-column__items brz-css-10nocsi brz-css-1xsdke0\">\n<div id=\"\" class=\"brz-css-34w45n brz-css-plmwkv brz-wrapper\">\n<div class=\"brz-spacer brz-css-1to4sin brz-css-47qbli\"><\/div>\n<\/div>\n<\/div>\n<p><a class=\"brz-a brz-container-link\" href=\"\" target=\"_self\" rel=\"noopener\" data-brz-link-type=\"page\"><\/a><\/div>\n<div class=\"brz-columns brz-css-1wjvtqw brz-css-pgky0q\" data-brz-custom-id=\"odYdrNDczw9L\">\n<div class=\"brz-bg\">\n<div class=\"brz-bg-color\"><\/div>\n<\/div>\n<div class=\"brz-column__items brz-css-10nocsi brz-css-sp8f33\">\n<div id=\"\" class=\"brz-css-34w45n brz-css-1blno58 brz-wrapper\">\n<div class=\"brz-rich-text brz-rich-text__custom brz-css-rwhlwj\" data-brz-custom-id=\"eeGXCNGQyLf_\">\n<div data-brz-translate-text=\"1\">\n<h2 class=\"brz-text-xs-center brz-tp-lg-heading2 brz-text-lg-left brz-css-e0vpT\" data-uniq-id=\"uBmcU\" data-generated-css=\"brz-css-wCaeZ\">Agua azul profunda<\/h2>\n<\/div>\n<\/div>\n<\/div>\n<div id=\"\" class=\"brz-css-34w45n brz-wrapper\">\n<div class=\"brz-rich-text brz-rich-text__custom brz-css-rwhlwj\" data-brz-custom-id=\"vZQLBhwxaOpM\">\n<div data-brz-translate-text=\"1\">\n<p class=\"brz-mb-sm-0 brz-mb-xs-15 brz-tp-lg-paragraph brz-text-xs-center brz-mb-lg-20 brz-css-lwz8J\" data-generated-css=\"brz-css-os0xs\" data-uniq-id=\"n8JEB\"><strong>Agadir es un buen lugar para planificar unas vacaciones en la playa despu\u00e9s de una gira. De esta manera podr\u00e1s relajarte un poco y procesar las maravillosas impresiones. Siempre hay una brisa fresca en el Atl\u00e1ntico, por lo que nunca hace demasiado calor junto al mar, ni siquiera en verano.<\/strong><\/p>\n<\/div>\n<\/div>\n<\/div>\n<div class=\"brz-wrapper-clone brz-css-9s4s3a\">\n<div class=\"brz-d-xs-flex brz-flex-xs-wrap brz-css-t2gfp4\" data-brz-custom-id=\"\">\n<div class=\"brz-wrapper-clone__item\" id=\"qjvbiWqjajVz\"><a class=\"brz-a brz-btn brz-css-6ce04i brz-css-dx8ppb brz-css-purq9h brz-css-104t8z3\" href=\"\" target=\"_self\" rel=\"noopener\" data-brz-link-type=\"external\" data-brz-custom-id=\"qjvbiWqjajVz\"><span data-brz-translate-text=\"1\" class=\"brz-span brz-text__editor\">Contacto<\/span><\/a><\/div>\n<\/div>\n<\/div>\n<\/div>\n<p><a class=\"brz-a brz-container-link\" href=\"\" target=\"_self\" rel=\"noopener\" data-brz-link-type=\"page\"><\/a><\/div>\n<\/div>\n<\/div>\n<\/div>\n<\/div>\n<\/div>\n<\/div>\n<\/section>\n<\/div>\n<p>    <!-- version:1737569905 --><\/p>\n","protected":false},"excerpt":{"rendered":"<p>Marruecos- Vacaciones de playa en Agadir. Te invitamos a descubrir este pa\u00eds diverso con nosotros. Desde ciudades hasta desierto, playa y mar, Marruecos lo tiene todo. 01 Individualmente Armamos tu viaje seg\u00fan tus deseos. 02 Aut\u00e9ntico Conozca aut\u00e9nticamente el pa\u00eds y su gente. 03 Personal Somos una peque\u00f1a empresa familiar y estaremos encantados de asesorarle [&hellip;]<\/p>\n","protected":false},"author":2,"featured_media":0,"parent":0,"menu_order":0,"comment_status":"closed","ping_status":"closed","template":"","meta":{"_seopress_robots_primary_cat":"","_seopress_titles_title":"Sum\u00e9rjase en el para\u00edso: Ofertas exclusivas de vacaciones en Agadir, Marruecos. Descubre nuestras playas de ensue\u00f1o y reserva ya tus vacaciones de playa para vivir una experiencia \u00fanica.","_seopress_titles_desc":"Viva unas vacaciones inolvidables en Agadir, Marruecos. Descubra nuestras exclusivas ofertas de vacaciones de playa en este para\u00edso costero. Disfrute del sol, la arena y el mar en nuestras playas de ensue\u00f1o. Reserve ahora y viva lo \u00faltimo en relax y diversi\u00f3n en Agadir.","_seopress_robots_index":"","footnotes":""},"class_list":["post-2611","page","type-page","status-publish","hentry"],"blocksy_meta":[],"brizy_media":[{"id":4778,"url":"https:\/\/vacation-morocco.com\/wp-content\/uploads\/2023\/12\/Agadir-Strand-2-Kopie-scaled.jpg","name":"Agadir-Strand-2-Kopie.jpg","meta":{"brizy_attachment_uid":"wp-1b97f6de099fcf5e86a5e938a191c0f9.jpg","brizy_post_uid":["54164804e570086c23f849edc4bbd541"]}}],"_links":{"self":[{"href":"https:\/\/vacation-morocco.com\/es\/wp-json\/wp\/v2\/pages\/2611","targetHints":{"allow":["GET"]}}],"collection":[{"href":"https:\/\/vacation-morocco.com\/es\/wp-json\/wp\/v2\/pages"}],"about":[{"href":"https:\/\/vacation-morocco.com\/es\/wp-json\/wp\/v2\/types\/page"}],"author":[{"embeddable":true,"href":"https:\/\/vacation-morocco.com\/es\/wp-json\/wp\/v2\/users\/2"}],"replies":[{"embeddable":true,"href":"https:\/\/vacation-morocco.com\/es\/wp-json\/wp\/v2\/comments?post=2611"}],"version-history":[{"count":22,"href":"https:\/\/vacation-morocco.com\/es\/wp-json\/wp\/v2\/pages\/2611\/revisions"}],"predecessor-version":[{"id":6855,"href":"https:\/\/vacation-morocco.com\/es\/wp-json\/wp\/v2\/pages\/2611\/revisions\/6855"}],"wp:attachment":[{"href":"https:\/\/vacation-morocco.com\/es\/wp-json\/wp\/v2\/media?parent=2611"}],"curies":[{"name":"wp","href":"https:\/\/api.w.org\/{rel}","templated":true}]}}